{"id":66,"date":"2023-08-10T10:15:55","date_gmt":"2023-08-10T08:15:55","guid":{"rendered":"https:\/\/hoyre.no\/time\/?page_id=66"},"modified":"2023-08-10T10:41:33","modified_gmt":"2023-08-10T08:41:33","slug":"time-hoyres-valgmagasin","status":"publish","type":"page","link":"https:\/\/hoyre.no\/time\/time-hoyres-valgmagasin\/","title":{"rendered":"Time H\u00f8yres valgmagasin"},"content":{"rendered":"\n<div class=\"wp-block-hoyre-hero with-image-gradient text-color-light  has-media alignfull has-background\"><div class=\"hoyre-hero has-image\"><h1 class=\"title\">Time H\u00f8yres valgmagasin<\/h1><p class=\"preamble\">Kj\u00e6re Timebu! Det n\u00e6rmer seg valg og vi h\u00e5per du har tenkt \u00e5 bruke stemmeretten din ved kommune- og fylkestingsvalget. Her kan du laste ned Time H\u00f8yre sitt valgmagasin, og bli bedre kjent med v\u00e5re kandidater og politikken vi vil kjempe for.<\/p>\t\t\t<div class=\"post-meta wp-block teft-byline-wrapper\">\n\t\t\t\t<div class=\"top\">\n\t\t\t\t\t<div class=\"signature\">\n\t\t\t\t\t\t<div class=\"teft-byline\">\n\t\t\t\t\t\t\t\t\t\t\t\t\t\t<div>\n\t\t\t\t\t\t\t\t<h3>H\u00f8yres redaksjon<\/h3>\t\t\t\t\t\t\t\t\n\t\t\t\t\t\t\t\t\t\t\t\t\t\t\t\t\t<span class=\"date\">Sist oppdatert: 10. august 2023<\/span>\n\t\t\t\t\t\t\t\t\t\t\t\t\t\t\t\t\t\t\t\t\t\t\t\t\t<span class=\"reading-time\" itemprop=\"timeRequired\" content=\"PT1M\"><em>Ca. 1 minutter lesetid<\/em><\/span>\n\t\t\t\t\t\t\t\t\t\t\t\t\t\t\t<\/div>\n\t\t\t\t\t\t<\/div>\n\t\t\t\t\t<\/div>\n\t\t\t\t\t\t<div class=\"sharing\">\n\t\t<a class=\"share-button share-link copy-link\" data-copy=\"https:\/\/hoyre.no\/time\/time-hoyres-valgmagasin\/\" target=\"_blank\"><span class=\"screen-reader-text\">Del link<\/span><\/a>\n\t\t<a class=\"share-button share-twitter\" href=\"http:\/\/twitter.com\/share?text=Time H\u00f8yres valgmagasin&#038;url=https:\/\/hoyre.no\/time\/time-hoyres-valgmagasin\/&#038;hashtags=Hoyre\" target=\"_blank\"><span class=\"screen-reader-text\">Del p\u00e5 twitter<\/span><\/a>\n\t\t<a class=\"share-button share-facebook\" href=\"https:\/\/www.facebook.com\/sharer\/sharer.php?u=https:\/\/hoyre.no\/time\/time-hoyres-valgmagasin\/\" target=\"_blank\"><span class=\"screen-reader-text\">Del p\u00e5 facebook<\/span><\/a>\n\t<\/div>\n\t\t\t\t\t<\/div>\n\t\t\t<\/div>\n\n\t\t\t<figure class=\"hoyre-image-wrapper\"><div class=\"hoyre-image\"><img loading=\"lazy\" decoding=\"async\" width=\"2500\" height=\"951\" src=\"https:\/\/hoyre.no\/content\/uploads\/sites\/208\/2023\/08\/2af5b8b1-4bed-4984-91f7-84f6f406d1d0-scaled.jpg\" class=\"attachment-scaled size-scaled\" alt=\"\" style=\"object-position: 24% 86%\" srcset=\"https:\/\/hoyre.no\/content\/uploads\/sites\/208\/2023\/08\/2af5b8b1-4bed-4984-91f7-84f6f406d1d0-scaled.jpg 2500w, https:\/\/hoyre.no\/content\/uploads\/sites\/208\/2023\/08\/2af5b8b1-4bed-4984-91f7-84f6f406d1d0-300x114.jpg 300w, https:\/\/hoyre.no\/content\/uploads\/sites\/208\/2023\/08\/2af5b8b1-4bed-4984-91f7-84f6f406d1d0-1024x390.jpg 1024w, https:\/\/hoyre.no\/content\/uploads\/sites\/208\/2023\/08\/2af5b8b1-4bed-4984-91f7-84f6f406d1d0-768x292.jpg 768w, https:\/\/hoyre.no\/content\/uploads\/sites\/208\/2023\/08\/2af5b8b1-4bed-4984-91f7-84f6f406d1d0-1536x585.jpg 1536w, https:\/\/hoyre.no\/content\/uploads\/sites\/208\/2023\/08\/2af5b8b1-4bed-4984-91f7-84f6f406d1d0-2048x779.jpg 2048w\" sizes=\"auto, (max-width: 2500px) 100vw, 2500px\" \/><\/div><\/figure><\/div><\/div>\n\n\n\n\n<figure class=\"wp-block-embed is-type-rich is-provider-issuu wp-block-embed-issuu\"><div class=\"wp-block-embed__wrapper\">\n<iframe title=\"Time H\u00f8yre - Valgmagasin 2023\" src=\"https:\/\/e.issuu.com\/embed.html?u=daniel.aamodt&#038;d=time_h_yre_magasin_l_1_\" style=\"border:none; width: 500px; height: 383px;\" allow=\"clipboard-write,allow-top-navigation,allow-top-navigation-by-user-activation,allow-downloads,allow-scripts,allow-same-origin,allow-popups,allow-modals,allow-popups-to-escape-sandbox,allow-forms\"  allowfullscreen=\"true\"><\/iframe>\n<\/div><figcaption>Les hele valgmagasinet her \ud83d\ude42 <\/figcaption><\/figure>\n\n\n\n\n<div class=\"wp-block-teft-file icon-link-block\"><a href=\"https:\/\/hoyre.no\/content\/uploads\/sites\/208\/2023\/08\/Time-Hoyre-Magasin-L-1.pdf\" download><span class=\"file-title\">Time H\u00f8yres valgmagasin 2023<\/span><span class=\"file-name\"><\/span><\/a><\/div>\n","protected":false},"excerpt":{"rendered":"","protected":false},"author":166,"featured_media":0,"parent":0,"menu_order":0,"comment_status":"closed","ping_status":"closed","template":"","meta":{"teft_cards_image_url":"","teft_cards_custom_pretitle":"","teft_cards_image_id":84,"teft_cards_image_focal_point_x":0.7,"teft_cards_image_focal_point_y":0.45,"teft_cards_title":"","teft_cards_excerpt":"","teft_show_chapters":false,"footnotes":""},"class_list":["post-66","page","type-page","status-publish","hentry"],"yoast_head":"<!-- This site is optimized with the Yoast SEO plugin v26.6 - https:\/\/yoast.com\/wordpress\/plugins\/seo\/ -->\n<title>Time H\u00f8yres valgmagasin - Time H\u00f8yre<\/title>\n<meta name=\"robots\" content=\"index, follow, max-snippet:-1, max-image-preview:large, max-video-preview:-1\" \/>\n<link rel=\"canonical\" href=\"https:\/\/hoyre.no\/time\/time-hoyres-valgmagasin\/\" \/>\n<meta property=\"og:locale\" content=\"nn_NO\" \/>\n<meta property=\"og:type\" content=\"article\" \/>\n<meta property=\"og:title\" content=\"Time H\u00f8yres valgmagasin - Time H\u00f8yre\" \/>\n<meta property=\"og:url\" content=\"https:\/\/hoyre.no\/time\/time-hoyres-valgmagasin\/\" \/>\n<meta property=\"og:site_name\" content=\"Time H\u00f8yre\" \/>\n<meta property=\"article:modified_time\" content=\"2023-08-10T08:41:33+00:00\" \/>\n<meta property=\"og:image\" content=\"https:\/\/hoyre.no\/content\/uploads\/sites\/208\/2023\/08\/2af5b8b1-4bed-4984-91f7-84f6f406d1d0-1024x390.jpg\" \/>\n<meta name=\"twitter:card\" content=\"summary_large_image\" \/>\n<meta name=\"twitter:label1\" content=\"Est. reading time\" \/>\n\t<meta name=\"twitter:data1\" content=\"1 minutt\" \/>\n<script type=\"application\/ld+json\" class=\"yoast-schema-graph\">{\"@context\":\"https:\/\/schema.org\",\"@graph\":[{\"@type\":\"WebPage\",\"@id\":\"https:\/\/hoyre.no\/time\/time-hoyres-valgmagasin\/\",\"url\":\"https:\/\/hoyre.no\/time\/time-hoyres-valgmagasin\/\",\"name\":\"Time H\u00f8yres valgmagasin - Time H\u00f8yre\",\"isPartOf\":{\"@id\":\"https:\/\/hoyre.no\/time\/#website\"},\"datePublished\":\"2023-08-10T08:15:55+00:00\",\"dateModified\":\"2023-08-10T08:41:33+00:00\",\"breadcrumb\":{\"@id\":\"https:\/\/hoyre.no\/time\/time-hoyres-valgmagasin\/#breadcrumb\"},\"inLanguage\":\"nn-NO\",\"potentialAction\":[{\"@type\":\"ReadAction\",\"target\":[\"https:\/\/hoyre.no\/time\/time-hoyres-valgmagasin\/\"]}]},{\"@type\":\"BreadcrumbList\",\"@id\":\"https:\/\/hoyre.no\/time\/time-hoyres-valgmagasin\/#breadcrumb\",\"itemListElement\":[{\"@type\":\"ListItem\",\"position\":1,\"name\":\"Til hoyre.no\",\"item\":\"https:\/\/hoyre.no\"},{\"@type\":\"ListItem\",\"position\":2,\"name\":\"Hjem\",\"item\":\"https:\/\/hoyre.no\/time\/\"},{\"@type\":\"ListItem\",\"position\":3,\"name\":\"Time H\u00f8yres valgmagasin\"}]},{\"@type\":\"WebSite\",\"@id\":\"https:\/\/hoyre.no\/time\/#website\",\"url\":\"https:\/\/hoyre.no\/time\/\",\"name\":\"Time H\u00f8yre\",\"description\":\"Bare enda et H\u00f8yres nettsteder-nettsted\",\"inLanguage\":\"nn-NO\"}]}<\/script>\n<!-- \/ Yoast SEO plugin. -->","yoast_head_json":{"title":"Time H\u00f8yres valgmagasin - Time H\u00f8yre","robots":{"index":"index","follow":"follow","max-snippet":"max-snippet:-1","max-image-preview":"max-image-preview:large","max-video-preview":"max-video-preview:-1"},"canonical":"https:\/\/hoyre.no\/time\/time-hoyres-valgmagasin\/","og_locale":"nn_NO","og_type":"article","og_title":"Time H\u00f8yres valgmagasin - Time H\u00f8yre","og_url":"https:\/\/hoyre.no\/time\/time-hoyres-valgmagasin\/","og_site_name":"Time H\u00f8yre","article_modified_time":"2023-08-10T08:41:33+00:00","og_image":[{"url":"https:\/\/hoyre.no\/content\/uploads\/sites\/208\/2023\/08\/2af5b8b1-4bed-4984-91f7-84f6f406d1d0-1024x390.jpg","width":"","height":"","type":""}],"twitter_card":"summary_large_image","twitter_misc":{"Est. reading time":"1 minutt"},"schema":{"@context":"https:\/\/schema.org","@graph":[{"@type":"WebPage","@id":"https:\/\/hoyre.no\/time\/time-hoyres-valgmagasin\/","url":"https:\/\/hoyre.no\/time\/time-hoyres-valgmagasin\/","name":"Time H\u00f8yres valgmagasin - Time H\u00f8yre","isPartOf":{"@id":"https:\/\/hoyre.no\/time\/#website"},"datePublished":"2023-08-10T08:15:55+00:00","dateModified":"2023-08-10T08:41:33+00:00","breadcrumb":{"@id":"https:\/\/hoyre.no\/time\/time-hoyres-valgmagasin\/#breadcrumb"},"inLanguage":"nn-NO","potentialAction":[{"@type":"ReadAction","target":["https:\/\/hoyre.no\/time\/time-hoyres-valgmagasin\/"]}]},{"@type":"BreadcrumbList","@id":"https:\/\/hoyre.no\/time\/time-hoyres-valgmagasin\/#breadcrumb","itemListElement":[{"@type":"ListItem","position":1,"name":"Til hoyre.no","item":"https:\/\/hoyre.no"},{"@type":"ListItem","position":2,"name":"Hjem","item":"https:\/\/hoyre.no\/time\/"},{"@type":"ListItem","position":3,"name":"Time H\u00f8yres valgmagasin"}]},{"@type":"WebSite","@id":"https:\/\/hoyre.no\/time\/#website","url":"https:\/\/hoyre.no\/time\/","name":"Time H\u00f8yre","description":"Bare enda et H\u00f8yres nettsteder-nettsted","inLanguage":"nn-NO"}]}},"distributor_meta":false,"distributor_terms":false,"distributor_media":false,"distributor_original_site_name":"Time H\u00f8yre","distributor_original_site_url":"https:\/\/hoyre.no\/time","push-errors":false,"_links":{"self":[{"href":"https:\/\/hoyre.no\/time\/wp-json\/wp\/v2\/pages\/66","targetHints":{"allow":["GET"]}}],"collection":[{"href":"https:\/\/hoyre.no\/time\/wp-json\/wp\/v2\/pages"}],"about":[{"href":"https:\/\/hoyre.no\/time\/wp-json\/wp\/v2\/types\/page"}],"author":[{"embeddable":true,"href":"https:\/\/hoyre.no\/time\/wp-json\/wp\/v2\/users\/166"}],"replies":[{"embeddable":true,"href":"https:\/\/hoyre.no\/time\/wp-json\/wp\/v2\/comments?post=66"}],"version-history":[{"count":17,"href":"https:\/\/hoyre.no\/time\/wp-json\/wp\/v2\/pages\/66\/revisions"}],"predecessor-version":[{"id":90,"href":"https:\/\/hoyre.no\/time\/wp-json\/wp\/v2\/pages\/66\/revisions\/90"}],"wp:attachment":[{"href":"https:\/\/hoyre.no\/time\/wp-json\/wp\/v2\/media?parent=66"}],"curies":[{"name":"wp","href":"https:\/\/api.w.org\/{rel}","templated":true}]}}