{"id":48,"date":"2023-06-12T12:30:33","date_gmt":"2023-06-12T10:30:33","guid":{"rendered":"https:\/\/hoyre.no\/tinn\/?page_id=48"},"modified":"2025-02-04T15:24:19","modified_gmt":"2025-02-04T14:24:19","slug":"ordforerkandidat","status":"publish","type":"page","link":"https:\/\/hoyre.no\/tinn\/ordforerkandidat\/","title":{"rendered":"Ordf\u00f8rerkandidat"},"content":{"rendered":"\n<div class=\"wp-block-hoyre-hero with-image-gradient text-color-light  alignfull has-background\"><div class=\"hoyre-hero \"><h1 class=\"title\">Bent Frode Bystr\u00f8m &#8211; varaordf\u00f8rer<\/h1><p class=\"preamble\">Hvorfor du skal gi H\u00f8yre og meg din stemme i Tinn kommune?<\/p><\/div><\/div>\n\n\n\n\n<div class=\"wp-block-hoyre-banner undefined has-icon-title icon-heart is-style-blue\"><div class=\"banner-inner\"><figure class=\"hoyre-image-wrapper\"><div class=\"hoyre-image\"><img loading=\"lazy\" decoding=\"async\" width=\"2048\" height=\"1319\" src=\"https:\/\/hoyre.no\/content\/uploads\/sites\/354\/2023\/02\/Bent-Frode-Bystrom.jpg\" class=\"attachment-scaled size-scaled\" alt=\"\" style=\"object-position: 49% 17%\" srcset=\"https:\/\/hoyre.no\/content\/uploads\/sites\/354\/2023\/02\/Bent-Frode-Bystrom.jpg 2048w, https:\/\/hoyre.no\/content\/uploads\/sites\/354\/2023\/02\/Bent-Frode-Bystrom-300x193.jpg 300w, https:\/\/hoyre.no\/content\/uploads\/sites\/354\/2023\/02\/Bent-Frode-Bystrom-1024x660.jpg 1024w, https:\/\/hoyre.no\/content\/uploads\/sites\/354\/2023\/02\/Bent-Frode-Bystrom-768x495.jpg 768w, https:\/\/hoyre.no\/content\/uploads\/sites\/354\/2023\/02\/Bent-Frode-Bystrom-1536x989.jpg 1536w\" sizes=\"auto, (max-width: 2048px) 100vw, 2048px\" \/><\/div><\/figure><div class=\"banner-content\"><div class=\"entry-content\">\n<h2 class=\"wp-block-heading has-text-align-center\" id=\"h-bli-bedre-kjent-med-navn\">Bli bedre kjent med Bent Frode!<\/h2>\n\n\n\n<p class=\"has-text-align-left\"><strong>Bosted:<\/strong> Rjukan<\/p>\n\n\n\n<p class=\"has-text-align-left\"><strong>Jobb:<\/strong> Regnskapsf\u00f8rer i Vekstra Tinn<\/p>\n\n\n\n<p class=\"has-text-align-left\"><strong>Utdanning: <\/strong>Bedrifts\u00f8konom<\/p>\n\n\n\n<p class=\"has-text-align-left\"><strong>Arbeidserfaring:<\/strong> Regnskap og \u00f8konomi i ca. 30 \u00e5r<\/p>\n\n\n\n<p class=\"has-text-align-left\"><strong>Politisk erfaring:<\/strong> To perioder i kommunestyret, lokallagsleder fra 2016, leder av utvalg for oppvekst, inkludering og kultur 2019-2023 og medlem av fylkesstyret i H\u00f8yre siden 2016<\/p>\n\n\n\n<p class=\"has-text-align-left\"><strong>Politiske hjertesaker:<\/strong> <\/p>\n\n\n\n<p class=\"has-text-align-left\">N\u00e6ring &#8211; oppvekst &#8211; kultur &#8211; psykisk og fysisk helse &#8211; bolyst &#8211; muligheter for alle<\/p>\n\n\n\n<p class=\"has-text-align-left\">\ud83d\udc99 Jeg \u00f8nsker \u00e5 v\u00e6re din ordf\u00f8rer. Jeg vil v\u00e6re en synlig, og en varaordf\u00f8rer for alle. Min d\u00f8r vil alltid v\u00e6re \u00e5pen.<\/p>\n\n\n\n<p class=\"has-text-align-left\">\ud83d\udc99 Jeg vil ta pulsen p\u00e5 alt det fantastiske som skjer rundt i hele v\u00e5r kommune. Jeg skal jobbe hver dag for \u00e5 skape en mer attraktiv, inkluderende og fremtidsrettet kommune for alle. Verdens beste kommune skal bli enda bedre. \u00a0<\/p>\n\n\n\n<p class=\"has-text-align-left\">\ud83d\udc99 Jeg er opptatt av den enkelte innbygger. Du skal f\u00f8le at du blir sett og h\u00f8rt, for det er viktig at du trives og f\u00f8ler en ekte tilh\u00f8righet til v\u00e5r fantastiske kommune.<\/p>\n\n\n\n<p class=\"has-text-align-left\">\ud83d\udc99 Jeg tror p\u00e5 enkeltmennesket \u2013 jeg tror p\u00e5 deg.<\/p>\n\n\n\n<p class=\"has-text-align-left\">\ud83d\udc99 Verdensarvkommunen Tinn skal v\u00e6re en kommune hvor man har lyst til \u00e5 vokse opp, arbeide og bli gammel.<\/p>\n\n\n\n<p class=\"has-text-align-left\">\ud83d\udc99 Tinn H\u00f8yre og jeg \u00f8nsker en fremoverlent kommune som gir muligheter for alle. \u00a0<\/p>\n\n\n\n<div class=\"wp-block-buttons is-layout-flex wp-block-buttons-is-layout-flex\"><\/div>\n<\/div><\/div><\/div><\/div>\n\n\n\n<div class=\"wp-block-teft-accentuated-link undefined has-image\"><div class=\"kf-link__wrapper\"><div class=\"kf-link__tagline\">LES MER<\/div><a class=\"kf-link__link\" href=\"https:\/\/hoyre.no\/personprofiler\/bent-frode-bystrom\/\" rel=\"noreferrer noopener\" target=\"_blank\">Kom i kontakt med Bent Frode Bystr\u00f8m<span class=\"kf-link__link-source\">hoyre.no<svg xmlns=\"http:\/\/www.w3.org\/2000\/svg\" viewBox=\"0 0 24 24\" width=\"10\" height=\"10\" aria-hidden=\"true\"><path d=\"M8.251 16.498a.752.752 0 0 1-.53-1.281l13.72-13.72h-4.939a.75.75 0 0 1 0-1.5h6.75a.735.735 0 0 1 .293.06.75.75 0 0 1 .4.404l.01.026a.73.73 0 0 1 .047.26v6.75a.75.75 0 0 1-1.5 0V2.559l-13.72 13.72a.75.75 0 0 1-.531.219z\"><\/path><path d=\"M2.251 23.998a2.252 2.252 0 0 1-2.25-2.25v-15a2.252 2.252 0 0 1 2.25-2.25h9a.75.75 0 0 1 0 1.5h-9a.75.75 0 0 0-.75.75v15c0 .414.336.75.75.75h15a.75.75 0 0 0 .75-.75v-9a.75.75 0 0 1 1.5 0v9a2.252 2.252 0 0 1-2.25 2.25h-15z\"><\/path><\/svg><\/span><\/a><\/div><figure class=\"hoyre-image-wrapper\"><div class=\"hoyre-image\"><\/div><\/figure><\/div>\n\n","protected":false},"excerpt":{"rendered":"","protected":false},"author":51320,"featured_media":0,"parent":0,"menu_order":0,"comment_status":"closed","ping_status":"closed","template":"","meta":{"teft_cards_image_url":"","teft_cards_custom_pretitle":"","teft_cards_image_id":0,"teft_cards_image_focal_point_x":0,"teft_cards_image_focal_point_y":0,"teft_cards_title":"","teft_cards_excerpt":"","teft_show_chapters":false,"footnotes":""},"class_list":["post-48","page","type-page","status-publish","hentry"],"yoast_head":"<!-- This site is optimized with the Yoast SEO plugin v26.6 - https:\/\/yoast.com\/wordpress\/plugins\/seo\/ -->\n<title>Ordf\u00f8rerkandidat - Tinn H\u00f8yre<\/title>\n<meta name=\"robots\" content=\"index, follow, max-snippet:-1, max-image-preview:large, max-video-preview:-1\" \/>\n<link rel=\"canonical\" href=\"https:\/\/hoyre.no\/tinn\/ordforerkandidat\/\" \/>\n<meta property=\"og:locale\" content=\"nb_NO\" \/>\n<meta property=\"og:type\" content=\"article\" \/>\n<meta property=\"og:title\" content=\"Ordf\u00f8rerkandidat - Tinn H\u00f8yre\" \/>\n<meta property=\"og:url\" content=\"https:\/\/hoyre.no\/tinn\/ordforerkandidat\/\" \/>\n<meta property=\"og:site_name\" content=\"Tinn H\u00f8yre\" \/>\n<meta property=\"article:modified_time\" content=\"2025-02-04T14:24:19+00:00\" \/>\n<meta property=\"og:image\" content=\"https:\/\/hoyre.no\/content\/uploads\/sites\/354\/2022\/11\/Hoyres-logo.png\" \/>\n\t<meta property=\"og:image:width\" content=\"1000\" \/>\n\t<meta property=\"og:image:height\" content=\"1000\" \/>\n\t<meta property=\"og:image:type\" content=\"image\/png\" \/>\n<meta name=\"twitter:card\" content=\"summary_large_image\" \/>\n<meta name=\"twitter:label1\" content=\"Ansl. lesetid\" \/>\n\t<meta name=\"twitter:data1\" content=\"2 minutter\" \/>\n<script type=\"application\/ld+json\" class=\"yoast-schema-graph\">{\"@context\":\"https:\/\/schema.org\",\"@graph\":[{\"@type\":\"WebPage\",\"@id\":\"https:\/\/hoyre.no\/tinn\/ordforerkandidat\/\",\"url\":\"https:\/\/hoyre.no\/tinn\/ordforerkandidat\/\",\"name\":\"Ordf\u00f8rerkandidat - Tinn H\u00f8yre\",\"isPartOf\":{\"@id\":\"https:\/\/hoyre.no\/tinn\/#website\"},\"datePublished\":\"2023-06-12T10:30:33+00:00\",\"dateModified\":\"2025-02-04T14:24:19+00:00\",\"breadcrumb\":{\"@id\":\"https:\/\/hoyre.no\/tinn\/ordforerkandidat\/#breadcrumb\"},\"inLanguage\":\"nb-NO\",\"potentialAction\":[{\"@type\":\"ReadAction\",\"target\":[\"https:\/\/hoyre.no\/tinn\/ordforerkandidat\/\"]}]},{\"@type\":\"BreadcrumbList\",\"@id\":\"https:\/\/hoyre.no\/tinn\/ordforerkandidat\/#breadcrumb\",\"itemListElement\":[{\"@type\":\"ListItem\",\"position\":1,\"name\":\"Til hoyre.no\",\"item\":\"https:\/\/hoyre.no\"},{\"@type\":\"ListItem\",\"position\":2,\"name\":\"Hjem\",\"item\":\"https:\/\/hoyre.no\/tinn\/\"},{\"@type\":\"ListItem\",\"position\":3,\"name\":\"Ordf\u00f8rerkandidat\"}]},{\"@type\":\"WebSite\",\"@id\":\"https:\/\/hoyre.no\/tinn\/#website\",\"url\":\"https:\/\/hoyre.no\/tinn\/\",\"name\":\"Tinn H\u00f8yre\",\"description\":\"Bare enda et H\u00f8yres nettsteder-nettsted\",\"inLanguage\":\"nb-NO\"}]}<\/script>\n<!-- \/ Yoast SEO plugin. -->","yoast_head_json":{"title":"Ordf\u00f8rerkandidat - Tinn H\u00f8yre","robots":{"index":"index","follow":"follow","max-snippet":"max-snippet:-1","max-image-preview":"max-image-preview:large","max-video-preview":"max-video-preview:-1"},"canonical":"https:\/\/hoyre.no\/tinn\/ordforerkandidat\/","og_locale":"nb_NO","og_type":"article","og_title":"Ordf\u00f8rerkandidat - Tinn H\u00f8yre","og_url":"https:\/\/hoyre.no\/tinn\/ordforerkandidat\/","og_site_name":"Tinn H\u00f8yre","article_modified_time":"2025-02-04T14:24:19+00:00","og_image":[{"width":1000,"height":1000,"url":"https:\/\/hoyre.no\/content\/uploads\/sites\/354\/2022\/11\/Hoyres-logo.png","type":"image\/png"}],"twitter_card":"summary_large_image","twitter_misc":{"Ansl. lesetid":"2 minutter"},"schema":{"@context":"https:\/\/schema.org","@graph":[{"@type":"WebPage","@id":"https:\/\/hoyre.no\/tinn\/ordforerkandidat\/","url":"https:\/\/hoyre.no\/tinn\/ordforerkandidat\/","name":"Ordf\u00f8rerkandidat - Tinn H\u00f8yre","isPartOf":{"@id":"https:\/\/hoyre.no\/tinn\/#website"},"datePublished":"2023-06-12T10:30:33+00:00","dateModified":"2025-02-04T14:24:19+00:00","breadcrumb":{"@id":"https:\/\/hoyre.no\/tinn\/ordforerkandidat\/#breadcrumb"},"inLanguage":"nb-NO","potentialAction":[{"@type":"ReadAction","target":["https:\/\/hoyre.no\/tinn\/ordforerkandidat\/"]}]},{"@type":"BreadcrumbList","@id":"https:\/\/hoyre.no\/tinn\/ordforerkandidat\/#breadcrumb","itemListElement":[{"@type":"ListItem","position":1,"name":"Til hoyre.no","item":"https:\/\/hoyre.no"},{"@type":"ListItem","position":2,"name":"Hjem","item":"https:\/\/hoyre.no\/tinn\/"},{"@type":"ListItem","position":3,"name":"Ordf\u00f8rerkandidat"}]},{"@type":"WebSite","@id":"https:\/\/hoyre.no\/tinn\/#website","url":"https:\/\/hoyre.no\/tinn\/","name":"Tinn H\u00f8yre","description":"Bare enda et H\u00f8yres nettsteder-nettsted","inLanguage":"nb-NO"}]}},"distributor_meta":false,"distributor_terms":false,"distributor_media":false,"distributor_original_site_name":"Tinn H\u00f8yre","distributor_original_site_url":"https:\/\/hoyre.no\/tinn","push-errors":false,"_links":{"self":[{"href":"https:\/\/hoyre.no\/tinn\/wp-json\/wp\/v2\/pages\/48","targetHints":{"allow":["GET"]}}],"collection":[{"href":"https:\/\/hoyre.no\/tinn\/wp-json\/wp\/v2\/pages"}],"about":[{"href":"https:\/\/hoyre.no\/tinn\/wp-json\/wp\/v2\/types\/page"}],"author":[{"embeddable":true,"href":"https:\/\/hoyre.no\/tinn\/wp-json\/wp\/v2\/users\/51320"}],"replies":[{"embeddable":true,"href":"https:\/\/hoyre.no\/tinn\/wp-json\/wp\/v2\/comments?post=48"}],"version-history":[{"count":11,"href":"https:\/\/hoyre.no\/tinn\/wp-json\/wp\/v2\/pages\/48\/revisions"}],"predecessor-version":[{"id":164,"href":"https:\/\/hoyre.no\/tinn\/wp-json\/wp\/v2\/pages\/48\/revisions\/164"}],"wp:attachment":[{"href":"https:\/\/hoyre.no\/tinn\/wp-json\/wp\/v2\/media?parent=48"}],"curies":[{"name":"wp","href":"https:\/\/api.w.org\/{rel}","templated":true}]}}