{"id":49,"date":"2023-05-02T12:49:44","date_gmt":"2023-05-02T10:49:44","guid":{"rendered":"https:\/\/hoyre.no\/tinn\/?page_id=49"},"modified":"2023-08-17T09:17:04","modified_gmt":"2023-08-17T07:17:04","slug":"politikk","status":"publish","type":"page","link":"https:\/\/hoyre.no\/tinn\/politikk\/","title":{"rendered":"Politikk"},"content":{"rendered":"\n<div class=\"wp-block-hoyre-hero with-image-gradient text-color-light  has-media alignfull has-background\"><div class=\"hoyre-hero has-image\"><h1 class=\"title\">Politikk<\/h1><p class=\"preamble\">N\u00e5r frivilligheten, n\u00e6ringslivet og offentlig sektor spiller p\u00e5 lag, skapes det gode lokalsamfunn. H\u00f8yre tror p\u00e5 enkeltmenneskets evne og lyst til \u00e5 st\u00e5 p\u00e5 egne ben.<br><br>Det er v\u00e5r oppgave \u00e5 s\u00f8rge for at mennesker kan leve gode liv, uansett utgangspunkt. Vi skaper ikke politikk for kommunen, men for alle som bor der. H\u00f8yre tror p\u00e5 et samfunn som gir muligheter for alle.<\/p>\t\t\t<div class=\"post-meta wp-block teft-byline-wrapper\">\n\t\t\t\t<div class=\"top\">\n\t\t\t\t\t<div class=\"signature\">\n\t\t\t\t\t\t<div class=\"teft-byline\">\n\t\t\t\t\t\t\t\t\t\t\t\t\t\t<div>\n\t\t\t\t\t\t\t\t<h3>H\u00f8yres redaksjon<\/h3>\t\t\t\t\t\t\t\t\n\t\t\t\t\t\t\t\t\t\t\t\t\t\t\t\t\t<span class=\"date\">Sist oppdatert: 17. august 2023<\/span>\n\t\t\t\t\t\t\t\t\t\t\t\t\t\t\t\t\t\t\t\t\t\t\t\t\t<span class=\"reading-time\" itemprop=\"timeRequired\" content=\"PT2M\"><em>Ca. 2 minutter lesetid<\/em><\/span>\n\t\t\t\t\t\t\t\t\t\t\t\t\t\t\t<\/div>\n\t\t\t\t\t\t<\/div>\n\t\t\t\t\t<\/div>\n\t\t\t\t\t\t<div class=\"sharing\">\n\t\t<a class=\"share-button share-link copy-link\" data-copy=\"https:\/\/hoyre.no\/tinn\/politikk\/\" target=\"_blank\"><span class=\"screen-reader-text\">Del link<\/span><\/a>\n\t\t<a class=\"share-button share-twitter\" href=\"http:\/\/twitter.com\/share?text=Politikk&#038;url=https:\/\/hoyre.no\/tinn\/politikk\/&#038;hashtags=Hoyre\" target=\"_blank\"><span class=\"screen-reader-text\">Del p\u00e5 twitter<\/span><\/a>\n\t\t<a class=\"share-button share-facebook\" href=\"https:\/\/www.facebook.com\/sharer\/sharer.php?u=https:\/\/hoyre.no\/tinn\/politikk\/\" target=\"_blank\"><span class=\"screen-reader-text\">Del p\u00e5 facebook<\/span><\/a>\n\t<\/div>\n\t\t\t\t\t<\/div>\n\t\t\t<\/div>\n\n\t\t\t<figure class=\"hoyre-image-wrapper\"><div class=\"hoyre-image\"><img loading=\"lazy\" decoding=\"async\" width=\"949\" height=\"603\" src=\"https:\/\/hoyre.no\/content\/uploads\/sites\/354\/2023\/06\/tinn.jpg\" class=\"attachment-scaled size-scaled\" alt=\"\" style=\"object-position: 50% 50%\" srcset=\"https:\/\/hoyre.no\/content\/uploads\/sites\/354\/2023\/06\/tinn.jpg 949w, https:\/\/hoyre.no\/content\/uploads\/sites\/354\/2023\/06\/tinn-300x191.jpg 300w, https:\/\/hoyre.no\/content\/uploads\/sites\/354\/2023\/06\/tinn-768x488.jpg 768w\" sizes=\"auto, (max-width: 949px) 100vw, 949px\" \/><\/div><\/figure><\/div><\/div>\n\n\n\n<h3 class=\"wp-block-heading\">Tinn H\u00f8yres valgprogram<\/h3>\n\n\n\n<p><strong>Tinn H\u00f8yre skal jobbe for \u00e5 skape en mer attraktiv, inkluderende og fremtidsrettet kommune for alle. Tinn H\u00f8yre er opptatt av den enkelte innbygger. <\/strong><\/p>\n\n\n\n<p>Vi tror p\u00e5 enkeltmennesket &#8211; vi tror p\u00e5 deg. I Tinn skal det v\u00e6re trygt og godt \u00e5 vokse opp. Det enkelte barn og elev skal oppleve \u00e5 bli sett, og de skal oppleve mestring ut ifra sine forutsetninger.<\/p>\n\n\n\n\n<div class=\"wp-block-teft-file icon-link-block\"><a href=\"https:\/\/hoyre.no\/content\/uploads\/sites\/354\/2023\/06\/Tinn-Hoyre-program-2023-2027-utkast-2-1.pdf\" download><span class=\"file-title\">Her kan du lese valgprogrammet v\u00e5rt for 2023-2027<\/span><span class=\"file-name\">Tinn-Hoyre-program-2023-2027-utkast-2-1.pdf [253.2kb]<\/span><\/a><\/div>\n\n\n\n\n<p><\/p>\n\n\n\n<div class=\"wp-block-teft-file icon-link-block\"><a href=\"https:\/\/hoyre.no\/content\/uploads\/sites\/354\/2023\/08\/8-gode-grunner-til-a-stemme-Tinn-Hoyre-kortbudskap.pdf\" download><span class=\"file-title\">Se v\u00e5r korte versjon av programmet her<\/span><span class=\"file-name\"><\/span><\/a><\/div>\n\n\n\n<p><\/p>\n\n\n\n<div class=\"wp-block-teft-file icon-link-block\"><a href=\"https:\/\/hoyre.no\/content\/uploads\/sites\/354\/2023\/08\/Tinn_flyer.pdf\" download><span class=\"file-title\">Kortbudskap pr tema og v\u00e5re kandidater<\/span><span class=\"file-name\"><\/span><\/a><\/div>\n","protected":false},"excerpt":{"rendered":"<p>Tinn H\u00f8yres valgprogram Tinn H\u00f8yre skal jobbe for \u00e5 skape en mer attraktiv, inkluderende og fremtidsrettet kommune for alle. Tinn H\u00f8yre er opptatt av den enkelte innbygger. Vi tror p\u00e5 enkeltmennesket &#8211; vi tror p\u00e5 deg. I Tinn skal det v\u00e6re trygt og godt \u00e5 vokse opp. Det enkelte barn og elev skal oppleve \u00e5 [&hellip;]<\/p>\n","protected":false},"author":51320,"featured_media":0,"parent":0,"menu_order":0,"comment_status":"closed","ping_status":"closed","template":"","meta":{"teft_cards_image_url":"","teft_cards_custom_pretitle":"","teft_cards_image_id":70,"teft_cards_image_focal_point_x":0.5,"teft_cards_image_focal_point_y":0.5,"teft_cards_title":"","teft_cards_excerpt":"","teft_show_chapters":false,"footnotes":""},"class_list":["post-49","page","type-page","status-publish","hentry"],"yoast_head":"<!-- This site is optimized with the Yoast SEO plugin v26.6 - https:\/\/yoast.com\/wordpress\/plugins\/seo\/ -->\n<title>Politikk - Tinn H\u00f8yre<\/title>\n<meta name=\"robots\" content=\"index, follow, max-snippet:-1, max-image-preview:large, max-video-preview:-1\" \/>\n<link rel=\"canonical\" href=\"https:\/\/hoyre.no\/tinn\/politikk\/\" \/>\n<meta property=\"og:locale\" content=\"nb_NO\" \/>\n<meta property=\"og:type\" content=\"article\" \/>\n<meta property=\"og:title\" content=\"Politikk - Tinn H\u00f8yre\" \/>\n<meta property=\"og:description\" content=\"Tinn H\u00f8yres valgprogram Tinn H\u00f8yre skal jobbe for \u00e5 skape en mer attraktiv, inkluderende og fremtidsrettet kommune for alle. Tinn H\u00f8yre er opptatt av den enkelte innbygger. Vi tror p\u00e5 enkeltmennesket &#8211; vi tror p\u00e5 deg. I Tinn skal det v\u00e6re trygt og godt \u00e5 vokse opp. Det enkelte barn og elev skal oppleve \u00e5 [&hellip;]\" \/>\n<meta property=\"og:url\" content=\"https:\/\/hoyre.no\/tinn\/politikk\/\" \/>\n<meta property=\"og:site_name\" content=\"Tinn H\u00f8yre\" \/>\n<meta property=\"article:modified_time\" content=\"2023-08-17T07:17:04+00:00\" \/>\n<meta property=\"og:image\" content=\"https:\/\/hoyre.no\/content\/uploads\/sites\/354\/2023\/06\/tinn.jpg\" \/>\n<meta name=\"twitter:card\" content=\"summary_large_image\" \/>\n<meta name=\"twitter:label1\" content=\"Ansl. lesetid\" \/>\n\t<meta name=\"twitter:data1\" content=\"1 minutt\" \/>\n<script type=\"application\/ld+json\" class=\"yoast-schema-graph\">{\"@context\":\"https:\/\/schema.org\",\"@graph\":[{\"@type\":\"WebPage\",\"@id\":\"https:\/\/hoyre.no\/tinn\/politikk\/\",\"url\":\"https:\/\/hoyre.no\/tinn\/politikk\/\",\"name\":\"Politikk - Tinn H\u00f8yre\",\"isPartOf\":{\"@id\":\"https:\/\/hoyre.no\/tinn\/#website\"},\"datePublished\":\"2023-05-02T10:49:44+00:00\",\"dateModified\":\"2023-08-17T07:17:04+00:00\",\"breadcrumb\":{\"@id\":\"https:\/\/hoyre.no\/tinn\/politikk\/#breadcrumb\"},\"inLanguage\":\"nb-NO\",\"potentialAction\":[{\"@type\":\"ReadAction\",\"target\":[\"https:\/\/hoyre.no\/tinn\/politikk\/\"]}]},{\"@type\":\"BreadcrumbList\",\"@id\":\"https:\/\/hoyre.no\/tinn\/politikk\/#breadcrumb\",\"itemListElement\":[{\"@type\":\"ListItem\",\"position\":1,\"name\":\"Til hoyre.no\",\"item\":\"https:\/\/hoyre.no\"},{\"@type\":\"ListItem\",\"position\":2,\"name\":\"Hjem\",\"item\":\"https:\/\/hoyre.no\/tinn\/\"},{\"@type\":\"ListItem\",\"position\":3,\"name\":\"Politikk\"}]},{\"@type\":\"WebSite\",\"@id\":\"https:\/\/hoyre.no\/tinn\/#website\",\"url\":\"https:\/\/hoyre.no\/tinn\/\",\"name\":\"Tinn H\u00f8yre\",\"description\":\"Bare enda et H\u00f8yres nettsteder-nettsted\",\"inLanguage\":\"nb-NO\"}]}<\/script>\n<!-- \/ Yoast SEO plugin. -->","yoast_head_json":{"title":"Politikk - Tinn H\u00f8yre","robots":{"index":"index","follow":"follow","max-snippet":"max-snippet:-1","max-image-preview":"max-image-preview:large","max-video-preview":"max-video-preview:-1"},"canonical":"https:\/\/hoyre.no\/tinn\/politikk\/","og_locale":"nb_NO","og_type":"article","og_title":"Politikk - Tinn H\u00f8yre","og_description":"Tinn H\u00f8yres valgprogram Tinn H\u00f8yre skal jobbe for \u00e5 skape en mer attraktiv, inkluderende og fremtidsrettet kommune for alle. Tinn H\u00f8yre er opptatt av den enkelte innbygger. Vi tror p\u00e5 enkeltmennesket &#8211; vi tror p\u00e5 deg. I Tinn skal det v\u00e6re trygt og godt \u00e5 vokse opp. Det enkelte barn og elev skal oppleve \u00e5 [&hellip;]","og_url":"https:\/\/hoyre.no\/tinn\/politikk\/","og_site_name":"Tinn H\u00f8yre","article_modified_time":"2023-08-17T07:17:04+00:00","og_image":[{"url":"https:\/\/hoyre.no\/content\/uploads\/sites\/354\/2023\/06\/tinn.jpg","width":"","height":"","type":""}],"twitter_card":"summary_large_image","twitter_misc":{"Ansl. lesetid":"1 minutt"},"schema":{"@context":"https:\/\/schema.org","@graph":[{"@type":"WebPage","@id":"https:\/\/hoyre.no\/tinn\/politikk\/","url":"https:\/\/hoyre.no\/tinn\/politikk\/","name":"Politikk - Tinn H\u00f8yre","isPartOf":{"@id":"https:\/\/hoyre.no\/tinn\/#website"},"datePublished":"2023-05-02T10:49:44+00:00","dateModified":"2023-08-17T07:17:04+00:00","breadcrumb":{"@id":"https:\/\/hoyre.no\/tinn\/politikk\/#breadcrumb"},"inLanguage":"nb-NO","potentialAction":[{"@type":"ReadAction","target":["https:\/\/hoyre.no\/tinn\/politikk\/"]}]},{"@type":"BreadcrumbList","@id":"https:\/\/hoyre.no\/tinn\/politikk\/#breadcrumb","itemListElement":[{"@type":"ListItem","position":1,"name":"Til hoyre.no","item":"https:\/\/hoyre.no"},{"@type":"ListItem","position":2,"name":"Hjem","item":"https:\/\/hoyre.no\/tinn\/"},{"@type":"ListItem","position":3,"name":"Politikk"}]},{"@type":"WebSite","@id":"https:\/\/hoyre.no\/tinn\/#website","url":"https:\/\/hoyre.no\/tinn\/","name":"Tinn H\u00f8yre","description":"Bare enda et H\u00f8yres nettsteder-nettsted","inLanguage":"nb-NO"}]}},"distributor_meta":false,"distributor_terms":false,"distributor_media":false,"distributor_original_site_name":"Tinn H\u00f8yre","distributor_original_site_url":"https:\/\/hoyre.no\/tinn","push-errors":false,"_links":{"self":[{"href":"https:\/\/hoyre.no\/tinn\/wp-json\/wp\/v2\/pages\/49","targetHints":{"allow":["GET"]}}],"collection":[{"href":"https:\/\/hoyre.no\/tinn\/wp-json\/wp\/v2\/pages"}],"about":[{"href":"https:\/\/hoyre.no\/tinn\/wp-json\/wp\/v2\/types\/page"}],"author":[{"embeddable":true,"href":"https:\/\/hoyre.no\/tinn\/wp-json\/wp\/v2\/users\/51320"}],"replies":[{"embeddable":true,"href":"https:\/\/hoyre.no\/tinn\/wp-json\/wp\/v2\/comments?post=49"}],"version-history":[{"count":13,"href":"https:\/\/hoyre.no\/tinn\/wp-json\/wp\/v2\/pages\/49\/revisions"}],"predecessor-version":[{"id":158,"href":"https:\/\/hoyre.no\/tinn\/wp-json\/wp\/v2\/pages\/49\/revisions\/158"}],"wp:attachment":[{"href":"https:\/\/hoyre.no\/tinn\/wp-json\/wp\/v2\/media?parent=49"}],"curies":[{"name":"wp","href":"https:\/\/api.w.org\/{rel}","templated":true}]}}