{"id":1336,"date":"2023-04-14T13:33:49","date_gmt":"2023-04-14T11:33:49","guid":{"rendered":"https:\/\/hoyre.no\/tonsberg\/?page_id=1336"},"modified":"2023-05-02T12:49:43","modified_gmt":"2023-05-02T10:49:43","slug":"tidlig-innsats-og-inkluderende-fellesskap","status":"publish","type":"page","link":"https:\/\/hoyre.no\/tonsberg\/politikk\/tidlig-innsats-og-inkluderende-fellesskap\/","title":{"rendered":"Tidlig innsats og inkluderende fellesskap"},"content":{"rendered":"\n\t\t<div class=\" has-simple-highlight style-white has-mobile-text-aligned-center slogan-type-custom wp-block-hoyre-slogan\">\n\t\t\t<div class=\"slogan-container\">\n\t\t\t\t<div class=\"slogan__image\">\n\t\t\t\t\t<img loading=\"lazy\" decoding=\"async\" width=\"2500\" height=\"1667\" src=\"https:\/\/hoyre.no\/content\/uploads\/sites\/353\/2023\/04\/GettyImages-532192554-scaled.jpg\" class=\"slogan__background-media\" alt=\"\" style=\"--focal-point: 50% 65%;\" srcset=\"https:\/\/hoyre.no\/content\/uploads\/sites\/353\/2023\/04\/GettyImages-532192554-scaled.jpg 2500w, https:\/\/hoyre.no\/content\/uploads\/sites\/353\/2023\/04\/GettyImages-532192554-300x200.jpg 300w, https:\/\/hoyre.no\/content\/uploads\/sites\/353\/2023\/04\/GettyImages-532192554-1024x683.jpg 1024w, https:\/\/hoyre.no\/content\/uploads\/sites\/353\/2023\/04\/GettyImages-532192554-768x512.jpg 768w, https:\/\/hoyre.no\/content\/uploads\/sites\/353\/2023\/04\/GettyImages-532192554-1536x1024.jpg 1536w, https:\/\/hoyre.no\/content\/uploads\/sites\/353\/2023\/04\/GettyImages-532192554-2048x1365.jpg 2048w\" sizes=\"auto, (max-width: 2500px) 100vw, 2500px\" \/>\n\t\t\t\t<\/div>\n\t\t\t\t<div class=\"slogan__content\">\n\t\t\t\t\t<img loading=\"lazy\" decoding=\"async\" width=\"1024\" height=\"588\" src=\"https:\/\/hoyre.no\/content\/uploads\/sites\/353\/2023\/03\/Pa-lag-med-Tonsberg-1024x588.png\" class=\"slogan__slogan-image\" alt=\"\" srcset=\"https:\/\/hoyre.no\/content\/uploads\/sites\/353\/2023\/03\/Pa-lag-med-Tonsberg-1024x588.png 1024w, https:\/\/hoyre.no\/content\/uploads\/sites\/353\/2023\/03\/Pa-lag-med-Tonsberg-300x172.png 300w, https:\/\/hoyre.no\/content\/uploads\/sites\/353\/2023\/03\/Pa-lag-med-Tonsberg-768x441.png 768w, https:\/\/hoyre.no\/content\/uploads\/sites\/353\/2023\/03\/Pa-lag-med-Tonsberg.png 1033w\" sizes=\"auto, (max-width: 1024px) 100vw, 1024px\" \/>\n\t\t\t\t\t<h2 class=\"screen-reader-text\">P\u00e5 lag med T\u00f8nsberg<\/h2>\n\t\t\t\t\t<p>T\u00f8nsberg H\u00f8yre vil styrke laget rundt v\u00e5re barn og unge gjennom \u00e5 f\u00e5 flere yrkesgrupper inn i skolen, samtidig som vi vil sikre at alle tjenester som arbeider med barn og unge, snakker sammen for \u00e5 bygge et sterkt lag rundt v\u00e5re barn og unge.\u00a0<\/p>\n\t\t\t\t\t\n\t\t\t\t<\/div>\n\t\t\t<\/div>\n\t\t\t\n\t\t<\/div>\n\t\t\n\n\n\n<h1 class=\"wp-block-heading\">Tidlig innsats og inkluderende fellesskap<\/h1>\n\n\n\n<p>Barnehagene og skolene i T\u00f8nsberg skal v\u00e6re en arena for glede og mestring og bidra til at alle barn f\u00e5r en god start p\u00e5 livet. Tidlig innsats skal gi flere barn hjelp med en gang utfordringene oppst\u00e5r. T\u00f8nsberg H\u00f8yre vil arbeide for at vi fanger opp barn som sliter og gi dem hjelp tidlig slik at de ikke blir hengende etter, og fange opp barn som opplever mobbing, vanskelige familiesituasjoner eller har psykiske plager. Vi skal gi alle barn og unge den hjelpen de trenger, n\u00e5r de trenger den.<\/p>\n\n\n\n<p>De siste \u00e5rene har andelen elever som trenger ekstra tilrettelegging i skolen, \u00f8kt, men fremdeles f\u00e5r ikke alle den hjelpen de trenger. Flere l\u00e6rere opplever at de f\u00e5r stadig nye roller som tar fokuset bort fra l\u00e6ring og undervisning. T\u00f8nsberg H\u00f8yre vil styrke laget rundt v\u00e5re barn og unge gjennom \u00e5 f\u00e5 flere yrkesgrupper inn i skolen, samtidig som vi vil sikre at alle tjenester som arbeider med barn og unge, snakker sammen for \u00e5 bygge et sterkt lag rundt v\u00e5re barn og unge.\u00a0<\/p>\n\n\n\n<h2 class=\"wp-block-heading\">Bedre tverrfaglig samarbeid<\/h2>\n\n\n\n<div class=\"wp-block-teft-factbox is-style-blue\"><div class=\"factbox-inner\"><div class=\"entry-content\"><h4 class=\"toggle\">T\u00f8nsberg H\u00f8yre vil:<\/h4>\n<ul class=\"wp-block-list\"><li>sikre tverrfaglig samarbeid mellom alle tjenester som arbeider med barn og unge<\/li><li>utarbeide en plan for en mer helhetlig oppvekst i T\u00f8nsberg<\/li><li>sikre at alle ansatte som arbeider med barn og unge, har kunnskap om beskyttelses- og risikofaktorer, samt tegn og signaler som kan gi grunnlag for \u00e5 oppdage utsatte barn og unge&nbsp;<\/li><li>arbeide for at alle skolene i T\u00f8nsberg blir autorisert som \u00abdysleksivennlige\u00bb<\/li><li>s\u00f8rge for at elever som st\u00e5r i fare for \u00e5 bli hengende etter i lesing, skriving eller regning, f\u00e5r tilbud om intensivoppl\u00e6ring eller andre tilpassede oppl\u00e6ringsl\u00f8p<\/li><\/ul>\n<\/div><\/div><\/div>\n\n\n\n<h2 class=\"wp-block-heading\">Styrke laget rundt v\u00e5re barn og unge<\/h2>\n\n\n\n<div class=\"wp-block-teft-factbox is-style-blue\"><div class=\"factbox-inner\"><div class=\"entry-content\"><h4 class=\"toggle\">T\u00f8nsberg H\u00f8yre vil:<\/h4>\n<ul class=\"wp-block-list\"><li>styrke laget rundt eleven ved \u00e5 satse p\u00e5 skolehelsetjenesten og \u00e5 f\u00e5 flere yrkesgrupper inn i skolen&nbsp;<\/li><li>styrke pedagogisk-psykologisk tjeneste (PPT) med flere ressurser og \u00f8ke kompetansen<\/li><li>at ansatte som gir spesialpedagogisk hjelp, skal ha formell pedagogisk eller spesialpedagogisk kompetanse<\/li><li>sikre ekstra ressurser til skoler og barnehager i omr\u00e5der med levek\u00e5rsutfordringer<\/li><\/ul>\n<\/div><\/div><\/div>\n\n","protected":false},"excerpt":{"rendered":"","protected":false},"author":14966,"featured_media":0,"parent":1438,"menu_order":0,"comment_status":"closed","ping_status":"closed","template":"","meta":{"teft_cards_image_url":"","teft_cards_custom_pretitle":"","teft_cards_image_id":1337,"teft_cards_image_focal_point_x":0.5,"teft_cards_image_focal_point_y":0.5,"teft_cards_title":"","teft_cards_excerpt":"","teft_show_chapters":false,"footnotes":""},"class_list":["post-1336","page","type-page","status-publish","hentry"],"yoast_head":"<!-- This site is optimized with the Yoast SEO plugin v26.6 - https:\/\/yoast.com\/wordpress\/plugins\/seo\/ -->\n<title>Tidlig innsats og inkluderende fellesskap - T\u00f8nsberg H\u00f8yre<\/title>\n<meta name=\"robots\" content=\"index, follow, max-snippet:-1, max-image-preview:large, max-video-preview:-1\" \/>\n<link rel=\"canonical\" href=\"https:\/\/hoyre.no\/tonsberg\/politikk\/tidlig-innsats-og-inkluderende-fellesskap\/\" \/>\n<meta property=\"og:locale\" content=\"nb_NO\" \/>\n<meta property=\"og:type\" content=\"article\" \/>\n<meta property=\"og:title\" content=\"Tidlig innsats og inkluderende fellesskap - T\u00f8nsberg H\u00f8yre\" \/>\n<meta property=\"og:url\" content=\"https:\/\/hoyre.no\/tonsberg\/politikk\/tidlig-innsats-og-inkluderende-fellesskap\/\" \/>\n<meta property=\"og:site_name\" content=\"T\u00f8nsberg H\u00f8yre\" \/>\n<meta property=\"article:modified_time\" content=\"2023-05-02T10:49:43+00:00\" \/>\n<meta property=\"og:image\" content=\"https:\/\/hoyre.no\/content\/uploads\/sites\/353\/2023\/04\/GettyImages-532192554-1024x683.jpg\" \/>\n<meta name=\"twitter:card\" content=\"summary_large_image\" \/>\n<meta name=\"twitter:label1\" content=\"Ansl. lesetid\" \/>\n\t<meta name=\"twitter:data1\" content=\"2 minutter\" \/>\n<script type=\"application\/ld+json\" class=\"yoast-schema-graph\">{\"@context\":\"https:\/\/schema.org\",\"@graph\":[{\"@type\":\"WebPage\",\"@id\":\"https:\/\/hoyre.no\/tonsberg\/politikk\/tidlig-innsats-og-inkluderende-fellesskap\/\",\"url\":\"https:\/\/hoyre.no\/tonsberg\/politikk\/tidlig-innsats-og-inkluderende-fellesskap\/\",\"name\":\"Tidlig innsats og inkluderende fellesskap - T\u00f8nsberg H\u00f8yre\",\"isPartOf\":{\"@id\":\"https:\/\/hoyre.no\/tonsberg\/#website\"},\"datePublished\":\"2023-04-14T11:33:49+00:00\",\"dateModified\":\"2023-05-02T10:49:43+00:00\",\"breadcrumb\":{\"@id\":\"https:\/\/hoyre.no\/tonsberg\/politikk\/tidlig-innsats-og-inkluderende-fellesskap\/#breadcrumb\"},\"inLanguage\":\"nb-NO\",\"potentialAction\":[{\"@type\":\"ReadAction\",\"target\":[\"https:\/\/hoyre.no\/tonsberg\/politikk\/tidlig-innsats-og-inkluderende-fellesskap\/\"]}]},{\"@type\":\"BreadcrumbList\",\"@id\":\"https:\/\/hoyre.no\/tonsberg\/politikk\/tidlig-innsats-og-inkluderende-fellesskap\/#breadcrumb\",\"itemListElement\":[{\"@type\":\"ListItem\",\"position\":1,\"name\":\"Til hoyre.no\",\"item\":\"https:\/\/hoyre.no\"},{\"@type\":\"ListItem\",\"position\":2,\"name\":\"Hjem\",\"item\":\"https:\/\/hoyre.no\/tonsberg\/\"},{\"@type\":\"ListItem\",\"position\":3,\"name\":\"Politikk\",\"item\":\"https:\/\/hoyre.no\/tonsberg\/politikk\/\"},{\"@type\":\"ListItem\",\"position\":4,\"name\":\"Tidlig innsats og inkluderende fellesskap\"}]},{\"@type\":\"WebSite\",\"@id\":\"https:\/\/hoyre.no\/tonsberg\/#website\",\"url\":\"https:\/\/hoyre.no\/tonsberg\/\",\"name\":\"T\u00f8nsberg H\u00f8yre\",\"description\":\"Bare enda et H\u00f8yres nettsteder-nettsted\",\"inLanguage\":\"nb-NO\"}]}<\/script>\n<!-- \/ Yoast SEO plugin. -->","yoast_head_json":{"title":"Tidlig innsats og inkluderende fellesskap - T\u00f8nsberg H\u00f8yre","robots":{"index":"index","follow":"follow","max-snippet":"max-snippet:-1","max-image-preview":"max-image-preview:large","max-video-preview":"max-video-preview:-1"},"canonical":"https:\/\/hoyre.no\/tonsberg\/politikk\/tidlig-innsats-og-inkluderende-fellesskap\/","og_locale":"nb_NO","og_type":"article","og_title":"Tidlig innsats og inkluderende fellesskap - T\u00f8nsberg H\u00f8yre","og_url":"https:\/\/hoyre.no\/tonsberg\/politikk\/tidlig-innsats-og-inkluderende-fellesskap\/","og_site_name":"T\u00f8nsberg H\u00f8yre","article_modified_time":"2023-05-02T10:49:43+00:00","og_image":[{"url":"https:\/\/hoyre.no\/content\/uploads\/sites\/353\/2023\/04\/GettyImages-532192554-1024x683.jpg","width":"","height":"","type":""}],"twitter_card":"summary_large_image","twitter_misc":{"Ansl. lesetid":"2 minutter"},"schema":{"@context":"https:\/\/schema.org","@graph":[{"@type":"WebPage","@id":"https:\/\/hoyre.no\/tonsberg\/politikk\/tidlig-innsats-og-inkluderende-fellesskap\/","url":"https:\/\/hoyre.no\/tonsberg\/politikk\/tidlig-innsats-og-inkluderende-fellesskap\/","name":"Tidlig innsats og inkluderende fellesskap - T\u00f8nsberg H\u00f8yre","isPartOf":{"@id":"https:\/\/hoyre.no\/tonsberg\/#website"},"datePublished":"2023-04-14T11:33:49+00:00","dateModified":"2023-05-02T10:49:43+00:00","breadcrumb":{"@id":"https:\/\/hoyre.no\/tonsberg\/politikk\/tidlig-innsats-og-inkluderende-fellesskap\/#breadcrumb"},"inLanguage":"nb-NO","potentialAction":[{"@type":"ReadAction","target":["https:\/\/hoyre.no\/tonsberg\/politikk\/tidlig-innsats-og-inkluderende-fellesskap\/"]}]},{"@type":"BreadcrumbList","@id":"https:\/\/hoyre.no\/tonsberg\/politikk\/tidlig-innsats-og-inkluderende-fellesskap\/#breadcrumb","itemListElement":[{"@type":"ListItem","position":1,"name":"Til hoyre.no","item":"https:\/\/hoyre.no"},{"@type":"ListItem","position":2,"name":"Hjem","item":"https:\/\/hoyre.no\/tonsberg\/"},{"@type":"ListItem","position":3,"name":"Politikk","item":"https:\/\/hoyre.no\/tonsberg\/politikk\/"},{"@type":"ListItem","position":4,"name":"Tidlig innsats og inkluderende fellesskap"}]},{"@type":"WebSite","@id":"https:\/\/hoyre.no\/tonsberg\/#website","url":"https:\/\/hoyre.no\/tonsberg\/","name":"T\u00f8nsberg H\u00f8yre","description":"Bare enda et H\u00f8yres nettsteder-nettsted","inLanguage":"nb-NO"}]}},"distributor_meta":false,"distributor_terms":false,"distributor_media":false,"distributor_original_site_name":"T\u00f8nsberg H\u00f8yre","distributor_original_site_url":"https:\/\/hoyre.no\/tonsberg","push-errors":false,"_links":{"self":[{"href":"https:\/\/hoyre.no\/tonsberg\/wp-json\/wp\/v2\/pages\/1336","targetHints":{"allow":["GET"]}}],"collection":[{"href":"https:\/\/hoyre.no\/tonsberg\/wp-json\/wp\/v2\/pages"}],"about":[{"href":"https:\/\/hoyre.no\/tonsberg\/wp-json\/wp\/v2\/types\/page"}],"author":[{"embeddable":true,"href":"https:\/\/hoyre.no\/tonsberg\/wp-json\/wp\/v2\/users\/14966"}],"replies":[{"embeddable":true,"href":"https:\/\/hoyre.no\/tonsberg\/wp-json\/wp\/v2\/comments?post=1336"}],"version-history":[{"count":1,"href":"https:\/\/hoyre.no\/tonsberg\/wp-json\/wp\/v2\/pages\/1336\/revisions"}],"predecessor-version":[{"id":1338,"href":"https:\/\/hoyre.no\/tonsberg\/wp-json\/wp\/v2\/pages\/1336\/revisions\/1338"}],"up":[{"embeddable":true,"href":"https:\/\/hoyre.no\/tonsberg\/wp-json\/wp\/v2\/pages\/1438"}],"wp:attachment":[{"href":"https:\/\/hoyre.no\/tonsberg\/wp-json\/wp\/v2\/media?parent=1336"}],"curies":[{"name":"wp","href":"https:\/\/api.w.org\/{rel}","templated":true}]}}