{"id":1340,"date":"2023-04-14T13:41:18","date_gmt":"2023-04-14T11:41:18","guid":{"rendered":"https:\/\/hoyre.no\/tonsberg\/?page_id=1340"},"modified":"2023-05-02T12:49:42","modified_gmt":"2023-05-02T10:49:42","slug":"en-kunnskapsskole-med-muligheter-for-alle%ef%bf%bc","status":"publish","type":"page","link":"https:\/\/hoyre.no\/tonsberg\/politikk\/en-kunnskapsskole-med-muligheter-for-alle%ef%bf%bc\/","title":{"rendered":"En kunnskapsskole med muligheter for alle\ufffc"},"content":{"rendered":"\n\t\t<div class=\" has-simple-highlight style-white has-mobile-text-aligned-center slogan-type-custom wp-block-hoyre-slogan\">\n\t\t\t<div class=\"slogan-container\">\n\t\t\t\t<div class=\"slogan__image\">\n\t\t\t\t\t<img loading=\"lazy\" decoding=\"async\" width=\"2500\" height=\"1667\" src=\"https:\/\/hoyre.no\/content\/uploads\/sites\/353\/2022\/08\/GettyImages-687776655-scaled.jpg\" class=\"slogan__background-media\" alt=\"\" style=\"--focal-point: 50% 65%;\" srcset=\"https:\/\/hoyre.no\/content\/uploads\/sites\/353\/2022\/08\/GettyImages-687776655-scaled.jpg 2500w, https:\/\/hoyre.no\/content\/uploads\/sites\/353\/2022\/08\/GettyImages-687776655-300x200.jpg 300w, https:\/\/hoyre.no\/content\/uploads\/sites\/353\/2022\/08\/GettyImages-687776655-1024x683.jpg 1024w, https:\/\/hoyre.no\/content\/uploads\/sites\/353\/2022\/08\/GettyImages-687776655-768x512.jpg 768w, https:\/\/hoyre.no\/content\/uploads\/sites\/353\/2022\/08\/GettyImages-687776655-1536x1024.jpg 1536w, https:\/\/hoyre.no\/content\/uploads\/sites\/353\/2022\/08\/GettyImages-687776655-2048x1365.jpg 2048w\" sizes=\"auto, (max-width: 2500px) 100vw, 2500px\" \/>\n\t\t\t\t<\/div>\n\t\t\t\t<div class=\"slogan__content\">\n\t\t\t\t\t<img loading=\"lazy\" decoding=\"async\" width=\"1024\" height=\"588\" src=\"https:\/\/hoyre.no\/content\/uploads\/sites\/353\/2023\/03\/Pa-lag-med-Tonsberg-1024x588.png\" class=\"slogan__slogan-image\" alt=\"\" srcset=\"https:\/\/hoyre.no\/content\/uploads\/sites\/353\/2023\/03\/Pa-lag-med-Tonsberg-1024x588.png 1024w, https:\/\/hoyre.no\/content\/uploads\/sites\/353\/2023\/03\/Pa-lag-med-Tonsberg-300x172.png 300w, https:\/\/hoyre.no\/content\/uploads\/sites\/353\/2023\/03\/Pa-lag-med-Tonsberg-768x441.png 768w, https:\/\/hoyre.no\/content\/uploads\/sites\/353\/2023\/03\/Pa-lag-med-Tonsberg.png 1033w\" sizes=\"auto, (max-width: 1024px) 100vw, 1024px\" \/>\n\t\t\t\t\t<h2 class=\"screen-reader-text\">P\u00e5 lag med T\u00f8nsberg<\/h2>\n\t\t\t\t\t<p>H\u00f8yre vil s\u00f8rge for at T\u00f8nsberg-skolen skaper muligheter for alle, uavhengig av hvor man bor i kommunen eller hvilken familie man kommer fra. Et l\u00f8ft for tidlig innsats i skolen vil gi mindre frafall og mindre utenforskap.<\/p>\n\t\t\t\t\t\n\t\t\t\t<\/div>\n\t\t\t<\/div>\n\t\t\t\n\t\t<\/div>\n\t\t\n\n\n\n<h1 class=\"wp-block-heading\">En kunnskapsskole med muligheter for alle<\/h1>\n\n\n\n<p>T\u00f8nsberg H\u00f8yre har store ambisjoner for T\u00f8nsberg-skolen. Vi \u00f8nsker \u00e5 gj\u00f8re skolen til Norges beste skole med h\u00f8ye faglige resultater, \u00f8kt gjennomf\u00f8ringsgrad til videreg\u00e5ende oppl\u00e6ring og bidra til sosial utjevning. V\u00e5rt m\u00e5l er at alle elever som g\u00e5r ut av grunnskolen i T\u00f8nsberg skal fullf\u00f8re videreg\u00e5ende oppl\u00e6ring innen 2030. <\/p>\n\n\n\n<p>En god skole er det viktigste tiltaket for \u00e5 bekjempe sosiale forskjeller og gi muligheter for alle. H\u00f8yre vil s\u00f8rge for at T\u00f8nsberg-skolen skaper muligheter for alle, uavhengig av hvor man bor i kommunen eller hvilken familie man kommer fra. Et l\u00f8ft for tidlig innsats i skolen vil gi mindre frafall og mindre utenforskap. Ingen skal g\u00e5 ut av skolen uten \u00e5 kunne lese, skrive og regne skikkelig.<\/p>\n\n\n\n<p>T\u00f8nsberg H\u00f8yre vil styrke skolenes \u00f8konomi og fokusere p\u00e5 elevenes l\u00e6ring, st\u00f8tte l\u00e6rernes profesjonsutvikling og s\u00f8rge for \u00e5 f\u00e5 p\u00e5 plass en felles retning for T\u00f8nsberg-skolen i samarbeid med elevene, l\u00e6rerne, rektorene og kommunen som skoleeier.\u00a0<\/p>\n\n\n\n<div class=\"wp-block-teft-factbox is-style-blue\"><div class=\"factbox-inner\"><div class=\"entry-content\"><h4 class=\"toggle\">T\u00f8nsberg H\u00f8yre vil:<\/h4>\n<ul class=\"wp-block-list\"><li>styrke l\u00e6rertettheten p\u00e5 skolene<\/li><li>skape trygge og inkluderende skolemilj\u00f8er gjennom \u00e5 forsterke innsatsen mot mobbing, vold, trakassering og diskriminering<\/li><li>styrke de alternative oppl\u00e6ringsarenaene innenfor skolenes egne rammer og gj\u00f8re det lettere for barne- og ungdomsskoler som \u00f8nsker \u00e5 opprette nye eller kj\u00f8pe plasser ved alternative oppl\u00e6ringsarenaer, dersom de har en h\u00f8y faglig- og pedagogisk kvalitet&nbsp;<\/li><li>se p\u00e5 muligheten til \u00e5 etablere tverrfaglige \u2018tidlig innsats\u2019-team p\u00e5 alle skolene<\/li><li>styrke finansieringen for \u00e5 l\u00f8fte de praktiske og estetiske fagene i skolen<\/li><li>skape arenaer for samarbeid mellom kommunale og private skoler om kompetanseutvikling og erfaringsutveksling<\/li><li>prioritere rehabilitering av skolebygg og gode utearealer for alle elever<\/li><li>at kommunen skal ha gode rutiner for oppf\u00f8lging av barn med hjemmeundervisning<\/li><li>styrke seksualundervisningen i skolen og vektlegge grensesetting, ogs\u00e5 p\u00e5 sosiale medier<\/li><li>styrke sv\u00f8mmeundervisningen i skolen&nbsp;<\/li><li>\u00f8ke andelen fysiske l\u00e6reb\u00f8ker i skolene slik at det blir en god kombinasjon mellom analoge og digitale l\u00e6remidler<\/li><li>ha et tettere samarbeid med fylkeskommunen om overgangen mellom ungdomsskole og videreg\u00e5ende oppl\u00e6ring<\/li><li>oppfordre skolene til i st\u00f8rre grad \u00e5 ta i bruk tidsbegrenset niv\u00e5deling i fellesfagene p\u00e5 ungdomsskolen&nbsp;<\/li><li>legge til rette for at elever med stort l\u00e6ringspotensial kan forsere fag eller niv\u00e5er i skolen<\/li><li>pr\u00f8ve ut nye tilpassede l\u00f8p for ungdom som ikke er forberedt til videreg\u00e5ende oppl\u00e6ring, for eksempel tilbud om et frivillig 11. skole\u00e5r<\/li><li>i samarbeid med skolene, n\u00e6ringslivet og oppl\u00e6ringskontorene,&nbsp;bruke handlingsrommet i faget utdanningsvalg slik at elevene f\u00e5r oppdatert informasjon om skole- og yrkesvalg, samt hva n\u00e6ringslivet har behov for av kompetanse i fremtiden<\/li><\/ul>\n<\/div><\/div><\/div>\n\n\n\n<h2 class=\"wp-block-heading\">P\u00e5 lag med l\u00e6rerne<\/h2>\n\n\n\n<div class=\"wp-block-teft-factbox is-style-blue\"><div class=\"factbox-inner\"><div class=\"entry-content\"><h4 class=\"toggle\">T\u00f8nsberg H\u00f8yre vil:<\/h4>\n<ul class=\"wp-block-list\"><li>s\u00f8rge for at flere l\u00e6rere i T\u00f8nsberg-skolen har godkjent l\u00e6rerutdanning<\/li><li>legge til rette for at l\u00e6rerne som \u00f8nsker det, skal kunne f\u00e5 faglig p\u00e5fyll<\/li><li>sikre at alle l\u00e6rere som skal undervise i fagene oppfyller de ordin\u00e6re kravene til fordypning i norsk, matte og engelsk og prioritere etter- og videreutdanning innen disse fagene&nbsp;<\/li><li>s\u00f8rge for at kontaktl\u00e6rere har bedre tid til kontaktl\u00e6rerrollen<\/li><li>lette p\u00e5 arbeidsmengden og fjerne un\u00f8dvendig byr\u00e5krati og rapportering<\/li><li>styrke mentorordningen for nyutdannede l\u00e6rere<\/li><\/ul>\n<\/div><\/div><\/div>\n\n\n\n<h2 class=\"wp-block-heading\"><strong>En aktiv, forutsigbar og st\u00f8ttende skoleeier<\/strong><\/h2>\n\n\n\n<div class=\"wp-block-teft-factbox is-style-blue\"><div class=\"factbox-inner\"><div class=\"entry-content\"><h4 class=\"toggle\">T\u00f8nsberg H\u00f8yre vil:<\/h4>\n<ul class=\"wp-block-list\"><li>gjennomf\u00f8re et utviklingsprosjekt i T\u00f8nsberg-skolen, basert p\u00e5 forskningsprinsipper, med m\u00e5l om \u00e5 styrke kvaliteten i skolene p\u00e5 alle niv\u00e5er. Dette gjennomf\u00f8res i samarbeid med l\u00e6rerne, skoleledere og kommunen som skoleeier&nbsp;<\/li><li>satse p\u00e5 kompetanseheving i kommunen innen skoledrift og \u2013utvikling ved blant annet \u00e5 bygge et lag rundt skolelederne og redusere administrative oppgaver for \u00e5 frigj\u00f8re tid til \u00e5 drive pedagogisk ledelse og utvikling&nbsp;<\/li><li>at rektorer skal ha b\u00e5de pedagogisk kompetanse og pedagogisk erfaring, og tilrettelegge for at de som ikke har det, kan f\u00e5 det<\/li><li>legge bedre til rette for samarbeid p\u00e5 tvers av profesjonsfellesskapene p\u00e5 de ulike skolene&nbsp;<\/li><\/ul>\n<\/div><\/div><\/div>\n\n\n\n<h2 class=\"wp-block-heading\"><strong>Studentbyen T\u00f8nsberg<\/strong><\/h2>\n\n\n\n<div class=\"wp-block-teft-factbox is-style-blue\"><div class=\"factbox-inner\"><div class=\"entry-content\"><h4 class=\"toggle\">T\u00f8nsberg H\u00f8yre vil:<\/h4>\n<ul class=\"wp-block-list\"><li>at T\u00f8nsberg kommune sammen med n\u00e6ringslivet skal samarbeide tett med Universitetet i S\u00f8r\u00f8st-Norge (USN) om \u00e5 utvikle n\u00f8dvendig kompetanse i regionen gjennom studentprosjekter, praksisplasser, trainee-ordninger og utvikling av nye studier og forskning<\/li><li>arbeide for \u00e5 f\u00e5 flere studenter til \u00e5 folkeregistrere seg i kommunen&nbsp;<\/li><li>inkludere studentorganisasjonene ved Universitetet i S\u00f8r\u00f8st-Norge i kommunens arbeid, som h\u00f8ringsinstans og samarbeidspartnere<\/li><\/ul>\n<\/div><\/div><\/div>\n\n","protected":false},"excerpt":{"rendered":"","protected":false},"author":14966,"featured_media":0,"parent":1438,"menu_order":0,"comment_status":"closed","ping_status":"closed","template":"","meta":{"teft_cards_image_url":"","teft_cards_custom_pretitle":"","teft_cards_image_id":1057,"teft_cards_image_focal_point_x":0.5,"teft_cards_image_focal_point_y":0.5,"teft_cards_title":"","teft_cards_excerpt":"","teft_show_chapters":false,"footnotes":""},"class_list":["post-1340","page","type-page","status-publish","hentry"],"yoast_head":"<!-- This site is optimized with the Yoast SEO plugin v26.6 - https:\/\/yoast.com\/wordpress\/plugins\/seo\/ -->\n<title>En kunnskapsskole med muligheter for alle\ufffc - T\u00f8nsberg H\u00f8yre<\/title>\n<meta name=\"robots\" content=\"index, follow, max-snippet:-1, max-image-preview:large, max-video-preview:-1\" \/>\n<link rel=\"canonical\" href=\"https:\/\/hoyre.no\/tonsberg\/politikk\/en-kunnskapsskole-med-muligheter-for-alle\ufffc\/\" \/>\n<meta property=\"og:locale\" content=\"nb_NO\" \/>\n<meta property=\"og:type\" content=\"article\" \/>\n<meta property=\"og:title\" content=\"En kunnskapsskole med muligheter for alle\ufffc - T\u00f8nsberg H\u00f8yre\" \/>\n<meta property=\"og:url\" content=\"https:\/\/hoyre.no\/tonsberg\/politikk\/en-kunnskapsskole-med-muligheter-for-alle\ufffc\/\" \/>\n<meta property=\"og:site_name\" content=\"T\u00f8nsberg H\u00f8yre\" \/>\n<meta property=\"article:modified_time\" content=\"2023-05-02T10:49:42+00:00\" \/>\n<meta property=\"og:image\" content=\"https:\/\/hoyre.no\/content\/uploads\/sites\/353\/2022\/08\/GettyImages-687776655-1024x683.jpg\" \/>\n<meta name=\"twitter:card\" content=\"summary_large_image\" \/>\n<meta name=\"twitter:label1\" content=\"Ansl. lesetid\" \/>\n\t<meta name=\"twitter:data1\" content=\"4 minutter\" \/>\n<script type=\"application\/ld+json\" class=\"yoast-schema-graph\">{\"@context\":\"https:\/\/schema.org\",\"@graph\":[{\"@type\":\"WebPage\",\"@id\":\"https:\/\/hoyre.no\/tonsberg\/politikk\/en-kunnskapsskole-med-muligheter-for-alle%ef%bf%bc\/\",\"url\":\"https:\/\/hoyre.no\/tonsberg\/politikk\/en-kunnskapsskole-med-muligheter-for-alle%ef%bf%bc\/\",\"name\":\"En kunnskapsskole med muligheter for alle\ufffc - T\u00f8nsberg H\u00f8yre\",\"isPartOf\":{\"@id\":\"https:\/\/hoyre.no\/tonsberg\/#website\"},\"datePublished\":\"2023-04-14T11:41:18+00:00\",\"dateModified\":\"2023-05-02T10:49:42+00:00\",\"breadcrumb\":{\"@id\":\"https:\/\/hoyre.no\/tonsberg\/politikk\/en-kunnskapsskole-med-muligheter-for-alle%ef%bf%bc\/#breadcrumb\"},\"inLanguage\":\"nb-NO\",\"potentialAction\":[{\"@type\":\"ReadAction\",\"target\":[\"https:\/\/hoyre.no\/tonsberg\/politikk\/en-kunnskapsskole-med-muligheter-for-alle%ef%bf%bc\/\"]}]},{\"@type\":\"BreadcrumbList\",\"@id\":\"https:\/\/hoyre.no\/tonsberg\/politikk\/en-kunnskapsskole-med-muligheter-for-alle%ef%bf%bc\/#breadcrumb\",\"itemListElement\":[{\"@type\":\"ListItem\",\"position\":1,\"name\":\"Til hoyre.no\",\"item\":\"https:\/\/hoyre.no\"},{\"@type\":\"ListItem\",\"position\":2,\"name\":\"Hjem\",\"item\":\"https:\/\/hoyre.no\/tonsberg\/\"},{\"@type\":\"ListItem\",\"position\":3,\"name\":\"Politikk\",\"item\":\"https:\/\/hoyre.no\/tonsberg\/politikk\/\"},{\"@type\":\"ListItem\",\"position\":4,\"name\":\"En kunnskapsskole med muligheter for alle\ufffc\"}]},{\"@type\":\"WebSite\",\"@id\":\"https:\/\/hoyre.no\/tonsberg\/#website\",\"url\":\"https:\/\/hoyre.no\/tonsberg\/\",\"name\":\"T\u00f8nsberg H\u00f8yre\",\"description\":\"Bare enda et H\u00f8yres nettsteder-nettsted\",\"inLanguage\":\"nb-NO\"}]}<\/script>\n<!-- \/ Yoast SEO plugin. -->","yoast_head_json":{"title":"En kunnskapsskole med muligheter for alle\ufffc - T\u00f8nsberg H\u00f8yre","robots":{"index":"index","follow":"follow","max-snippet":"max-snippet:-1","max-image-preview":"max-image-preview:large","max-video-preview":"max-video-preview:-1"},"canonical":"https:\/\/hoyre.no\/tonsberg\/politikk\/en-kunnskapsskole-med-muligheter-for-alle\ufffc\/","og_locale":"nb_NO","og_type":"article","og_title":"En kunnskapsskole med muligheter for alle\ufffc - T\u00f8nsberg H\u00f8yre","og_url":"https:\/\/hoyre.no\/tonsberg\/politikk\/en-kunnskapsskole-med-muligheter-for-alle\ufffc\/","og_site_name":"T\u00f8nsberg H\u00f8yre","article_modified_time":"2023-05-02T10:49:42+00:00","og_image":[{"url":"https:\/\/hoyre.no\/content\/uploads\/sites\/353\/2022\/08\/GettyImages-687776655-1024x683.jpg","width":"","height":"","type":""}],"twitter_card":"summary_large_image","twitter_misc":{"Ansl. lesetid":"4 minutter"},"schema":{"@context":"https:\/\/schema.org","@graph":[{"@type":"WebPage","@id":"https:\/\/hoyre.no\/tonsberg\/politikk\/en-kunnskapsskole-med-muligheter-for-alle%ef%bf%bc\/","url":"https:\/\/hoyre.no\/tonsberg\/politikk\/en-kunnskapsskole-med-muligheter-for-alle%ef%bf%bc\/","name":"En kunnskapsskole med muligheter for alle\ufffc - T\u00f8nsberg H\u00f8yre","isPartOf":{"@id":"https:\/\/hoyre.no\/tonsberg\/#website"},"datePublished":"2023-04-14T11:41:18+00:00","dateModified":"2023-05-02T10:49:42+00:00","breadcrumb":{"@id":"https:\/\/hoyre.no\/tonsberg\/politikk\/en-kunnskapsskole-med-muligheter-for-alle%ef%bf%bc\/#breadcrumb"},"inLanguage":"nb-NO","potentialAction":[{"@type":"ReadAction","target":["https:\/\/hoyre.no\/tonsberg\/politikk\/en-kunnskapsskole-med-muligheter-for-alle%ef%bf%bc\/"]}]},{"@type":"BreadcrumbList","@id":"https:\/\/hoyre.no\/tonsberg\/politikk\/en-kunnskapsskole-med-muligheter-for-alle%ef%bf%bc\/#breadcrumb","itemListElement":[{"@type":"ListItem","position":1,"name":"Til hoyre.no","item":"https:\/\/hoyre.no"},{"@type":"ListItem","position":2,"name":"Hjem","item":"https:\/\/hoyre.no\/tonsberg\/"},{"@type":"ListItem","position":3,"name":"Politikk","item":"https:\/\/hoyre.no\/tonsberg\/politikk\/"},{"@type":"ListItem","position":4,"name":"En kunnskapsskole med muligheter for alle\ufffc"}]},{"@type":"WebSite","@id":"https:\/\/hoyre.no\/tonsberg\/#website","url":"https:\/\/hoyre.no\/tonsberg\/","name":"T\u00f8nsberg H\u00f8yre","description":"Bare enda et H\u00f8yres nettsteder-nettsted","inLanguage":"nb-NO"}]}},"distributor_meta":false,"distributor_terms":false,"distributor_media":false,"distributor_original_site_name":"T\u00f8nsberg H\u00f8yre","distributor_original_site_url":"https:\/\/hoyre.no\/tonsberg","push-errors":false,"_links":{"self":[{"href":"https:\/\/hoyre.no\/tonsberg\/wp-json\/wp\/v2\/pages\/1340","targetHints":{"allow":["GET"]}}],"collection":[{"href":"https:\/\/hoyre.no\/tonsberg\/wp-json\/wp\/v2\/pages"}],"about":[{"href":"https:\/\/hoyre.no\/tonsberg\/wp-json\/wp\/v2\/types\/page"}],"author":[{"embeddable":true,"href":"https:\/\/hoyre.no\/tonsberg\/wp-json\/wp\/v2\/users\/14966"}],"replies":[{"embeddable":true,"href":"https:\/\/hoyre.no\/tonsberg\/wp-json\/wp\/v2\/comments?post=1340"}],"version-history":[{"count":1,"href":"https:\/\/hoyre.no\/tonsberg\/wp-json\/wp\/v2\/pages\/1340\/revisions"}],"predecessor-version":[{"id":1342,"href":"https:\/\/hoyre.no\/tonsberg\/wp-json\/wp\/v2\/pages\/1340\/revisions\/1342"}],"up":[{"embeddable":true,"href":"https:\/\/hoyre.no\/tonsberg\/wp-json\/wp\/v2\/pages\/1438"}],"wp:attachment":[{"href":"https:\/\/hoyre.no\/tonsberg\/wp-json\/wp\/v2\/media?parent=1340"}],"curies":[{"name":"wp","href":"https:\/\/api.w.org\/{rel}","templated":true}]}}