{"id":1343,"date":"2023-04-14T13:45:31","date_gmt":"2023-04-14T11:45:31","guid":{"rendered":"https:\/\/hoyre.no\/tonsberg\/?page_id=1343"},"modified":"2023-05-02T12:49:42","modified_gmt":"2023-05-02T10:49:42","slug":"trygghet-og-omsorg-for-vare-barn-og-unge%ef%bf%bc","status":"publish","type":"page","link":"https:\/\/hoyre.no\/tonsberg\/politikk\/trygghet-og-omsorg-for-vare-barn-og-unge%ef%bf%bc\/","title":{"rendered":"Trygghet og omsorg for v\u00e5re barn og unge\ufffc"},"content":{"rendered":"\n\t\t<div class=\" has-simple-highlight style-white has-mobile-text-aligned-center slogan-type-custom wp-block-hoyre-slogan\">\n\t\t\t<div class=\"slogan-container\">\n\t\t\t\t<div class=\"slogan__image\">\n\t\t\t\t\t<img loading=\"lazy\" decoding=\"async\" width=\"2500\" height=\"1667\" src=\"https:\/\/hoyre.no\/content\/uploads\/sites\/353\/2023\/03\/GettyImages-1205391113-scaled.jpg\" class=\"slogan__background-media\" alt=\"\" style=\"--focal-point: 50% 65%;\" srcset=\"https:\/\/hoyre.no\/content\/uploads\/sites\/353\/2023\/03\/GettyImages-1205391113-scaled.jpg 2500w, https:\/\/hoyre.no\/content\/uploads\/sites\/353\/2023\/03\/GettyImages-1205391113-300x200.jpg 300w, https:\/\/hoyre.no\/content\/uploads\/sites\/353\/2023\/03\/GettyImages-1205391113-1024x683.jpg 1024w, https:\/\/hoyre.no\/content\/uploads\/sites\/353\/2023\/03\/GettyImages-1205391113-768x512.jpg 768w, https:\/\/hoyre.no\/content\/uploads\/sites\/353\/2023\/03\/GettyImages-1205391113-1536x1024.jpg 1536w, https:\/\/hoyre.no\/content\/uploads\/sites\/353\/2023\/03\/GettyImages-1205391113-2048x1365.jpg 2048w\" sizes=\"auto, (max-width: 2500px) 100vw, 2500px\" \/>\n\t\t\t\t<\/div>\n\t\t\t\t<div class=\"slogan__content\">\n\t\t\t\t\t<img loading=\"lazy\" decoding=\"async\" width=\"1024\" height=\"588\" src=\"https:\/\/hoyre.no\/content\/uploads\/sites\/353\/2023\/03\/Pa-lag-med-Tonsberg-1024x588.png\" class=\"slogan__slogan-image\" alt=\"\" srcset=\"https:\/\/hoyre.no\/content\/uploads\/sites\/353\/2023\/03\/Pa-lag-med-Tonsberg-1024x588.png 1024w, https:\/\/hoyre.no\/content\/uploads\/sites\/353\/2023\/03\/Pa-lag-med-Tonsberg-300x172.png 300w, https:\/\/hoyre.no\/content\/uploads\/sites\/353\/2023\/03\/Pa-lag-med-Tonsberg-768x441.png 768w, https:\/\/hoyre.no\/content\/uploads\/sites\/353\/2023\/03\/Pa-lag-med-Tonsberg.png 1033w\" sizes=\"auto, (max-width: 1024px) 100vw, 1024px\" \/>\n\t\t\t\t\t<h2 class=\"screen-reader-text\">P\u00e5 lag med T\u00f8nsberg<\/h2>\n\t\t\t\t\t<p>T\u00f8nsberg H\u00f8yre vil fortsette det gode arbeidet og videreutvikle kommunens barne- og familietjenester til det beste for barna, samt sikre et mangfold av tjenestetilbydere.<\/p>\n\t\t\t\t\t\n\t\t\t\t<\/div>\n\t\t\t<\/div>\n\t\t\t\n\t\t<\/div>\n\t\t\n\n\n\n<h1 class=\"wp-block-heading\">Trygghet og omsorg for v\u00e5re barn og unge<\/h1>\n\n\n\n<p>Mange barn i T\u00f8nsberg vokser opp med ulike utfordringer i familien. Barn m\u00e5, s\u00e5 langt det er mulig, f\u00e5 vokse opp sammen med sine foreldre, og derfor er det viktig at kommunens familietjenester og barnevernet har kompetanse til \u00e5 bist\u00e5 forebyggende. I de tilfeller hvor kommunen m\u00e5 overta omsorgen for barn, er det desto viktigere med kompetanse og trygghet i barnevernstjenesten. T\u00f8nsberg H\u00f8yre vil fortsette det gode arbeidet og videreutvikle kommunens barne- og familietjenester til det beste for barna, samt sikre et mangfold av tjenestetilbydere.<\/p>\n\n\n\n<p>Stadig flere unge sliter med sin psykiske helse. T\u00f8nsberg H\u00f8yre vil gj\u00f8re mer for \u00e5 forebygge psykisk uhelse og bygge opp flere lavterskeltilbud i kommunen. Derfor vil vi styrke et synlig og tilgjengelig lavterskeltilbud som sikrer rask psykisk helsehjelp uten henvisning eller vedtak. Tilbudet inneb\u00e6rer tidlig hjelp for angst, depresjon og s\u00f8vnvansker. T\u00f8nsberg H\u00f8yres m\u00e5l er at elevene i grunnskolen skal oppleve at helsesykepleieren p\u00e5 skolen er til stede daglig, p\u00e5 hver skole.\u00a0<\/p>\n\n\n\n<h2 class=\"wp-block-heading\">Barne- og familietjenestene<\/h2>\n\n\n\n<div class=\"wp-block-teft-factbox is-style-blue\"><div class=\"factbox-inner\"><div class=\"entry-content\"><h4 class=\"toggle\">T\u00f8nsberg H\u00f8yre vil:<\/h4>\n<ul class=\"wp-block-list\"><li>styrke barnevernstjenestens ambulerende skolemilj\u00f8team<\/li><li>sikre at barnevernstjenesten har tilstrekkelig ressurser og kompetanse<\/li><li>legge til rette for et mangfold av barnevernstilbud ved hjelp av stabile og gode rammevilk\u00e5r ogs\u00e5 for ideelle- og private tilbydere<\/li><li>arbeide for at Familiehuset har tilstrekkelige ressurser og kompetanse<\/li><li>utvide tilbudet til \u00c5pen barnehage<\/li><li>styrke lavterskeltilbudene for familier<\/li><\/ul>\n<\/div><\/div><\/div>\n\n\n\n<h2 class=\"wp-block-heading\"><strong>Helsestasjon- og skolehelsetjenesten<\/strong><\/h2>\n\n\n\n<div class=\"wp-block-teft-factbox is-style-blue\"><div class=\"factbox-inner\"><div class=\"entry-content\"><h4 class=\"toggle\">T\u00f8nsberg H\u00f8yre vil:<\/h4>\n<ul class=\"wp-block-list\"><li>styrke helsestasjonene og skolehelsetjenesten og gi barn og unge enklere tilgang til lavterskeltilbud innen psykisk og fysisk helse&nbsp;<\/li><li>gjennomf\u00f8re et pr\u00f8veprosjekt med psykiske helser\u00e5dgivere p\u00e5 ungdomsskolene som en del av skolehelsetjenesten, forutsatt st\u00f8tte fra Helsedirektoratet<\/li><li>styrke det forebyggende arbeidet mot spiseforstyrrelser<\/li><\/ul>\n<\/div><\/div><\/div>\n\n","protected":false},"excerpt":{"rendered":"","protected":false},"author":14966,"featured_media":0,"parent":1438,"menu_order":0,"comment_status":"closed","ping_status":"closed","template":"","meta":{"teft_cards_image_url":"","teft_cards_custom_pretitle":"","teft_cards_image_id":1294,"teft_cards_image_focal_point_x":0.5,"teft_cards_image_focal_point_y":0.5,"teft_cards_title":"","teft_cards_excerpt":"","teft_show_chapters":false,"footnotes":""},"class_list":["post-1343","page","type-page","status-publish","hentry"],"yoast_head":"<!-- This site is optimized with the Yoast SEO plugin v26.6 - https:\/\/yoast.com\/wordpress\/plugins\/seo\/ -->\n<title>Trygghet og omsorg for v\u00e5re barn og unge\ufffc - T\u00f8nsberg H\u00f8yre<\/title>\n<meta name=\"robots\" content=\"index, follow, max-snippet:-1, max-image-preview:large, max-video-preview:-1\" \/>\n<link rel=\"canonical\" href=\"https:\/\/hoyre.no\/tonsberg\/politikk\/trygghet-og-omsorg-for-vare-barn-og-unge\ufffc\/\" \/>\n<meta property=\"og:locale\" content=\"nb_NO\" \/>\n<meta property=\"og:type\" content=\"article\" \/>\n<meta property=\"og:title\" content=\"Trygghet og omsorg for v\u00e5re barn og unge\ufffc - T\u00f8nsberg H\u00f8yre\" \/>\n<meta property=\"og:url\" content=\"https:\/\/hoyre.no\/tonsberg\/politikk\/trygghet-og-omsorg-for-vare-barn-og-unge\ufffc\/\" \/>\n<meta property=\"og:site_name\" content=\"T\u00f8nsberg H\u00f8yre\" \/>\n<meta property=\"article:modified_time\" content=\"2023-05-02T10:49:42+00:00\" \/>\n<meta property=\"og:image\" content=\"https:\/\/hoyre.no\/content\/uploads\/sites\/353\/2023\/03\/GettyImages-1205391113-1024x683.jpg\" \/>\n<meta name=\"twitter:card\" content=\"summary_large_image\" \/>\n<meta name=\"twitter:label1\" content=\"Ansl. lesetid\" \/>\n\t<meta name=\"twitter:data1\" content=\"2 minutter\" \/>\n<script type=\"application\/ld+json\" class=\"yoast-schema-graph\">{\"@context\":\"https:\/\/schema.org\",\"@graph\":[{\"@type\":\"WebPage\",\"@id\":\"https:\/\/hoyre.no\/tonsberg\/politikk\/trygghet-og-omsorg-for-vare-barn-og-unge%ef%bf%bc\/\",\"url\":\"https:\/\/hoyre.no\/tonsberg\/politikk\/trygghet-og-omsorg-for-vare-barn-og-unge%ef%bf%bc\/\",\"name\":\"Trygghet og omsorg for v\u00e5re barn og unge\ufffc - T\u00f8nsberg H\u00f8yre\",\"isPartOf\":{\"@id\":\"https:\/\/hoyre.no\/tonsberg\/#website\"},\"datePublished\":\"2023-04-14T11:45:31+00:00\",\"dateModified\":\"2023-05-02T10:49:42+00:00\",\"breadcrumb\":{\"@id\":\"https:\/\/hoyre.no\/tonsberg\/politikk\/trygghet-og-omsorg-for-vare-barn-og-unge%ef%bf%bc\/#breadcrumb\"},\"inLanguage\":\"nb-NO\",\"potentialAction\":[{\"@type\":\"ReadAction\",\"target\":[\"https:\/\/hoyre.no\/tonsberg\/politikk\/trygghet-og-omsorg-for-vare-barn-og-unge%ef%bf%bc\/\"]}]},{\"@type\":\"BreadcrumbList\",\"@id\":\"https:\/\/hoyre.no\/tonsberg\/politikk\/trygghet-og-omsorg-for-vare-barn-og-unge%ef%bf%bc\/#breadcrumb\",\"itemListElement\":[{\"@type\":\"ListItem\",\"position\":1,\"name\":\"Til hoyre.no\",\"item\":\"https:\/\/hoyre.no\"},{\"@type\":\"ListItem\",\"position\":2,\"name\":\"Hjem\",\"item\":\"https:\/\/hoyre.no\/tonsberg\/\"},{\"@type\":\"ListItem\",\"position\":3,\"name\":\"Politikk\",\"item\":\"https:\/\/hoyre.no\/tonsberg\/politikk\/\"},{\"@type\":\"ListItem\",\"position\":4,\"name\":\"Trygghet og omsorg for v\u00e5re barn og unge\ufffc\"}]},{\"@type\":\"WebSite\",\"@id\":\"https:\/\/hoyre.no\/tonsberg\/#website\",\"url\":\"https:\/\/hoyre.no\/tonsberg\/\",\"name\":\"T\u00f8nsberg H\u00f8yre\",\"description\":\"Bare enda et H\u00f8yres nettsteder-nettsted\",\"inLanguage\":\"nb-NO\"}]}<\/script>\n<!-- \/ Yoast SEO plugin. -->","yoast_head_json":{"title":"Trygghet og omsorg for v\u00e5re barn og unge\ufffc - T\u00f8nsberg H\u00f8yre","robots":{"index":"index","follow":"follow","max-snippet":"max-snippet:-1","max-image-preview":"max-image-preview:large","max-video-preview":"max-video-preview:-1"},"canonical":"https:\/\/hoyre.no\/tonsberg\/politikk\/trygghet-og-omsorg-for-vare-barn-og-unge\ufffc\/","og_locale":"nb_NO","og_type":"article","og_title":"Trygghet og omsorg for v\u00e5re barn og unge\ufffc - T\u00f8nsberg H\u00f8yre","og_url":"https:\/\/hoyre.no\/tonsberg\/politikk\/trygghet-og-omsorg-for-vare-barn-og-unge\ufffc\/","og_site_name":"T\u00f8nsberg H\u00f8yre","article_modified_time":"2023-05-02T10:49:42+00:00","og_image":[{"url":"https:\/\/hoyre.no\/content\/uploads\/sites\/353\/2023\/03\/GettyImages-1205391113-1024x683.jpg","width":"","height":"","type":""}],"twitter_card":"summary_large_image","twitter_misc":{"Ansl. lesetid":"2 minutter"},"schema":{"@context":"https:\/\/schema.org","@graph":[{"@type":"WebPage","@id":"https:\/\/hoyre.no\/tonsberg\/politikk\/trygghet-og-omsorg-for-vare-barn-og-unge%ef%bf%bc\/","url":"https:\/\/hoyre.no\/tonsberg\/politikk\/trygghet-og-omsorg-for-vare-barn-og-unge%ef%bf%bc\/","name":"Trygghet og omsorg for v\u00e5re barn og unge\ufffc - T\u00f8nsberg H\u00f8yre","isPartOf":{"@id":"https:\/\/hoyre.no\/tonsberg\/#website"},"datePublished":"2023-04-14T11:45:31+00:00","dateModified":"2023-05-02T10:49:42+00:00","breadcrumb":{"@id":"https:\/\/hoyre.no\/tonsberg\/politikk\/trygghet-og-omsorg-for-vare-barn-og-unge%ef%bf%bc\/#breadcrumb"},"inLanguage":"nb-NO","potentialAction":[{"@type":"ReadAction","target":["https:\/\/hoyre.no\/tonsberg\/politikk\/trygghet-og-omsorg-for-vare-barn-og-unge%ef%bf%bc\/"]}]},{"@type":"BreadcrumbList","@id":"https:\/\/hoyre.no\/tonsberg\/politikk\/trygghet-og-omsorg-for-vare-barn-og-unge%ef%bf%bc\/#breadcrumb","itemListElement":[{"@type":"ListItem","position":1,"name":"Til hoyre.no","item":"https:\/\/hoyre.no"},{"@type":"ListItem","position":2,"name":"Hjem","item":"https:\/\/hoyre.no\/tonsberg\/"},{"@type":"ListItem","position":3,"name":"Politikk","item":"https:\/\/hoyre.no\/tonsberg\/politikk\/"},{"@type":"ListItem","position":4,"name":"Trygghet og omsorg for v\u00e5re barn og unge\ufffc"}]},{"@type":"WebSite","@id":"https:\/\/hoyre.no\/tonsberg\/#website","url":"https:\/\/hoyre.no\/tonsberg\/","name":"T\u00f8nsberg H\u00f8yre","description":"Bare enda et H\u00f8yres nettsteder-nettsted","inLanguage":"nb-NO"}]}},"distributor_meta":false,"distributor_terms":false,"distributor_media":false,"distributor_original_site_name":"T\u00f8nsberg H\u00f8yre","distributor_original_site_url":"https:\/\/hoyre.no\/tonsberg","push-errors":false,"_links":{"self":[{"href":"https:\/\/hoyre.no\/tonsberg\/wp-json\/wp\/v2\/pages\/1343","targetHints":{"allow":["GET"]}}],"collection":[{"href":"https:\/\/hoyre.no\/tonsberg\/wp-json\/wp\/v2\/pages"}],"about":[{"href":"https:\/\/hoyre.no\/tonsberg\/wp-json\/wp\/v2\/types\/page"}],"author":[{"embeddable":true,"href":"https:\/\/hoyre.no\/tonsberg\/wp-json\/wp\/v2\/users\/14966"}],"replies":[{"embeddable":true,"href":"https:\/\/hoyre.no\/tonsberg\/wp-json\/wp\/v2\/comments?post=1343"}],"version-history":[{"count":1,"href":"https:\/\/hoyre.no\/tonsberg\/wp-json\/wp\/v2\/pages\/1343\/revisions"}],"predecessor-version":[{"id":1344,"href":"https:\/\/hoyre.no\/tonsberg\/wp-json\/wp\/v2\/pages\/1343\/revisions\/1344"}],"up":[{"embeddable":true,"href":"https:\/\/hoyre.no\/tonsberg\/wp-json\/wp\/v2\/pages\/1438"}],"wp:attachment":[{"href":"https:\/\/hoyre.no\/tonsberg\/wp-json\/wp\/v2\/media?parent=1343"}],"curies":[{"name":"wp","href":"https:\/\/api.w.org\/{rel}","templated":true}]}}