{"id":1348,"date":"2023-04-14T13:56:46","date_gmt":"2023-04-14T11:56:46","guid":{"rendered":"https:\/\/hoyre.no\/tonsberg\/?page_id=1348"},"modified":"2023-05-02T12:49:42","modified_gmt":"2023-05-02T10:49:42","slug":"en-aldersvennlig-kommune%ef%bf%bc","status":"publish","type":"page","link":"https:\/\/hoyre.no\/tonsberg\/politikk\/en-aldersvennlig-kommune%ef%bf%bc\/","title":{"rendered":"En aldersvennlig kommune\ufffc"},"content":{"rendered":"\n\n\n\t\t<div class=\" has-simple-highlight style-white has-mobile-text-aligned-center slogan-type-custom wp-block-hoyre-slogan\">\n\t\t\t<div class=\"slogan-container\">\n\t\t\t\t<div class=\"slogan__image\">\n\t\t\t\t\t<img loading=\"lazy\" decoding=\"async\" width=\"2500\" height=\"1667\" src=\"https:\/\/hoyre.no\/content\/uploads\/sites\/353\/2022\/08\/GettyImages-1152308900-scaled.jpg\" class=\"slogan__background-media\" alt=\"Eldre som smiler\" style=\"--focal-point: 50% 65%;\" srcset=\"https:\/\/hoyre.no\/content\/uploads\/sites\/353\/2022\/08\/GettyImages-1152308900-scaled.jpg 2500w, https:\/\/hoyre.no\/content\/uploads\/sites\/353\/2022\/08\/GettyImages-1152308900-300x200.jpg 300w, https:\/\/hoyre.no\/content\/uploads\/sites\/353\/2022\/08\/GettyImages-1152308900-1024x683.jpg 1024w, https:\/\/hoyre.no\/content\/uploads\/sites\/353\/2022\/08\/GettyImages-1152308900-768x512.jpg 768w, https:\/\/hoyre.no\/content\/uploads\/sites\/353\/2022\/08\/GettyImages-1152308900-1536x1024.jpg 1536w, https:\/\/hoyre.no\/content\/uploads\/sites\/353\/2022\/08\/GettyImages-1152308900-2048x1365.jpg 2048w\" sizes=\"auto, (max-width: 2500px) 100vw, 2500px\" \/>\n\t\t\t\t<\/div>\n\t\t\t\t<div class=\"slogan__content\">\n\t\t\t\t\t<img loading=\"lazy\" decoding=\"async\" width=\"1024\" height=\"588\" src=\"https:\/\/hoyre.no\/content\/uploads\/sites\/353\/2023\/03\/Pa-lag-med-Tonsberg-1024x588.png\" class=\"slogan__slogan-image\" alt=\"\" srcset=\"https:\/\/hoyre.no\/content\/uploads\/sites\/353\/2023\/03\/Pa-lag-med-Tonsberg-1024x588.png 1024w, https:\/\/hoyre.no\/content\/uploads\/sites\/353\/2023\/03\/Pa-lag-med-Tonsberg-300x172.png 300w, https:\/\/hoyre.no\/content\/uploads\/sites\/353\/2023\/03\/Pa-lag-med-Tonsberg-768x441.png 768w, https:\/\/hoyre.no\/content\/uploads\/sites\/353\/2023\/03\/Pa-lag-med-Tonsberg.png 1033w\" sizes=\"auto, (max-width: 1024px) 100vw, 1024px\" \/>\n\t\t\t\t\t<h2 class=\"screen-reader-text\"><\/h2>\n\t\t\t\t\t<p>T\u00f8nsberg H\u00f8yre mener at valgfrihet innen omsorgstjenester vil \u00f8ke den enkeltes mulighet til \u00e5 styre eget liv og gi bedre livskvalitet.<\/p>\n\t\t\t\t\t\n\t\t\t\t<\/div>\n\t\t\t<\/div>\n\t\t\t\n\t\t<\/div>\n\t\t\n\n\n<h1 class=\"wp-block-heading\">En aldersvennlig kommune<\/h1>\n\n\n\n<p>Vi blir stadig flere eldre i Norge, og i 2030 vil det for f\u00f8rste gang v\u00e6re flere eldre enn barn i Norge. Dette m\u00e5 vi forberede oss p\u00e5, for det vil kreve endringer p\u00e5 en rekke omr\u00e5der og ikke minst nye l\u00f8sninger. Som gruppe er den eldre befolkningen sv\u00e6rt mangfoldig med hensyn til aldersspenn, bolig, livssituasjon, helsesituasjon, utdanning, arbeid og \u00f8konomi. Gruppen eldre har et stort spenn i alder, hvor de fleste vil oppleve et \u00f8kende behov for hjelp og omsorg. Heldigvis vil mange eldre ha god helse og vil leve flere sunne og aktive \u00e5r. T\u00f8nsberg H\u00f8yre mener at samfunnet m\u00e5 tilpasses eldre p\u00e5 en bedre m\u00e5te, slik at vi f\u00e5r en mer aldersvennlig kommune, og at eldre i st\u00f8rre grad kan f\u00e5 muligheter til \u00e5 bidra og v\u00e6re aktive i samfunnet. T\u00f8nsberg H\u00f8yre mener at valgfrihet innen omsorgstjenester vil \u00f8ke den enkeltes mulighet til \u00e5 styre eget liv og gi bedre livskvalitet.<\/p>\n\n\n\n<div class=\"wp-block-teft-factbox is-style-blue\"><div class=\"factbox-inner\"><div class=\"entry-content\"><h4 class=\"toggle\">T\u00f8nsberg H\u00f8yre vil:<\/h4>\n<ul class=\"wp-block-list\"><li>arbeide for \u00e5 skape \u00f8kt forutsigbarhet ved \u00e5 begrense antall helsepersonell eldre m\u00e5 forholde seg til i hverdagen<\/li><li>legge til rette for organisert og egenorganisert fysisk aktivitet for eldre hele \u00e5ret<\/li><li>samarbeide med private akt\u00f8rer og frivillige organisasjoner for \u00e5 skape et best mulig tilbud og for \u00e5 redusere ensomhet og sikre en aktiv hverdag for de eldre og pleietrengende<\/li><li>styrke hjemmetjenesten slik at eldre kan bo lengst mulig hjemme, og at flere omsorgstjenester kan ytes i hjemmet<\/li><li>at eldre par skal kunne velge \u00e5 bo sammen i omsorgsbolig, ogs\u00e5 n\u00e5r kun den ene trenger omsorgsbolig<\/li><li>legge til rette for mer fritt brukervalg og ha fritt sykehjemsvalg der det er mulig&nbsp;<\/li><li>at T\u00f8nsberg fortsatt skal v\u00e6re en \u00abpasientsikker\u00bb kommune som vil arbeide systematisk for \u00e5 redusere og forebygge omfanget av pasientskader<\/li><li>bedre samarbeidet mellom sykehuset og kommunen for \u00e5 sikre riktig pasientforl\u00f8p og arbeide for s\u00f8ml\u00f8se og raske overganger n\u00e5r det gjelder habilitering og rehabilitering<\/li><li>innf\u00f8re digital hjelp og lage handlingsplan for \u00e5 redusere antall ikke-digitale eldre<\/li><li>innf\u00f8re en eldrekoordinator for hjemmeboende eldre og tilby kartleggingsm\u00f8ter\/informasjonsm\u00f8ter for alle over 75 \u00e5r, med trygghet i hverdagen i fokus<\/li><li>intensivere arbeidet med \u00e5 redusere brannrisiko hos eldre hjemmeboende&nbsp;<\/li><li>videreutvikle prim\u00e6rhelseteam ved \u00e5 \u00e5pne for tverrfaglige praksiser som ogs\u00e5 inkluderer psykologer, fysioterapeuter og andre helseprofesjoner&nbsp;<\/li><li>planlegge antall sykehjemsplasser ut fra det reelle behovet og p\u00e5 sikt bygge nytt sykehjem p\u00e5 Olsr\u00f8d<\/li><li>sikre midler til kompetanseheving i helse- og omsorgssektoren<\/li><li>legge til rette for ulike boformer for eldre, som for eksempel bokollektiver som Midtl\u00f8kken<\/li><li>etablere et kvalitetsutviklingsprogram som skal fremme en god organisering og oppgavedeling innen helse- og omsorgstjenestene i kommunen&nbsp;<\/li><li>sikre \u00e5penhet om kvalitet i helse- og omsorgstjenestene og inkludere p\u00e5r\u00f8rende i evalueringer<\/li><li>at kommunestyret \u00e5rlig skal behandle en rapport om tilstanden i helse- og omsorgssektoren, der b\u00e5de brukerunders\u00f8kelser, objektive kvalitetsindikatorer og brukertilfredshet m\u00e5les<\/li><li>intensivere arbeidet med \u00e5 anskaffe, sikre driftsmidler, og ta i bruk omsorgs- og velferdsteknologi b\u00e5de i sykehjem, omsorgsboliger og privatboliger<\/li><li>satse p\u00e5 aktivitetshus for eldre (tidligere eldresenter)<\/li><li>gjeninnf\u00f8re fritt brukervalg for praktisk bistand i hjemmet<\/li><li>satse mer p\u00e5 ambulerende tjenester og hverdagsrehabilitering<\/li><li>tilpasse mer av det offentlige rom for eldre<\/li><\/ul>\n<\/div><\/div><\/div>\n\n\n\n<h2 class=\"wp-block-heading\">P\u00e5r\u00f8rende<\/h2>\n\n\n\n<div class=\"wp-block-teft-factbox is-style-blue\"><div class=\"factbox-inner\"><div class=\"entry-content\"><h4 class=\"toggle\">T\u00f8nsberg H\u00f8yre vil:<\/h4>\n<ul class=\"wp-block-list\"><li>at kommunen skal ha en p\u00e5r\u00f8rendestrategi<\/li><li>etablere flere plasser p\u00e5 sykehjem og d\u00f8gnbemannede omsorgsboliger for \u00e5 sikre avlastning for p\u00e5r\u00f8rende og ha en koordinator eller kontaktperson de kan kontakte<\/li><li>at p\u00e5r\u00f8rende b\u00f8r tildeles et bestemt antall avlastningsd\u00f8gn per \u00e5r som de selv kan avtale&nbsp;<\/li><\/ul>\n<\/div><\/div><\/div>\n\n\n\n<h2 class=\"wp-block-heading\">En god demensomsorg<\/h2>\n\n\n\n<div class=\"wp-block-teft-factbox is-style-blue\"><div class=\"factbox-inner\"><div class=\"entry-content\"><h4 class=\"toggle\">T\u00f8nsberg H\u00f8yre vil:<\/h4>\n<ul class=\"wp-block-list\"><li>styrke demenskoordinatorressursen<\/li><li>opprettholde dagtilbudet for yngre mennesker med demens og s\u00f8rge for gode transportmuligheter<\/li><li>\u00f8ke antall og forsterke sykehjemsplasser for mennesker med demens<\/li><li>utvikle Tr\u00e6leborg til \u00e5 bli et fremtidsrettet senter for mennesker med ulike former for demens<\/li><\/ul>\n<\/div><\/div><\/div>\n","protected":false},"excerpt":{"rendered":"<p>En aldersvennlig kommune Vi blir stadig flere eldre i Norge, og i 2030 vil det for f\u00f8rste gang v\u00e6re flere eldre enn barn i Norge. Dette m\u00e5 vi forberede oss p\u00e5, for det vil kreve endringer p\u00e5 en rekke omr\u00e5der og ikke minst nye l\u00f8sninger. Som gruppe er den eldre befolkningen sv\u00e6rt mangfoldig med hensyn [&hellip;]<\/p>\n","protected":false},"author":14966,"featured_media":0,"parent":1438,"menu_order":0,"comment_status":"closed","ping_status":"closed","template":"","meta":{"teft_cards_image_url":"","teft_cards_custom_pretitle":"","teft_cards_image_id":1058,"teft_cards_image_focal_point_x":0.5,"teft_cards_image_focal_point_y":0.5,"teft_cards_title":"","teft_cards_excerpt":"","teft_show_chapters":false,"footnotes":""},"class_list":["post-1348","page","type-page","status-publish","hentry"],"yoast_head":"<!-- This site is optimized with the Yoast SEO plugin v26.6 - https:\/\/yoast.com\/wordpress\/plugins\/seo\/ -->\n<title>En aldersvennlig kommune\ufffc - T\u00f8nsberg H\u00f8yre<\/title>\n<meta name=\"robots\" content=\"index, follow, max-snippet:-1, max-image-preview:large, max-video-preview:-1\" \/>\n<link rel=\"canonical\" href=\"https:\/\/hoyre.no\/tonsberg\/politikk\/en-aldersvennlig-kommune\ufffc\/\" \/>\n<meta property=\"og:locale\" content=\"nb_NO\" \/>\n<meta property=\"og:type\" content=\"article\" \/>\n<meta property=\"og:title\" content=\"En aldersvennlig kommune\ufffc - T\u00f8nsberg H\u00f8yre\" \/>\n<meta property=\"og:description\" content=\"En aldersvennlig kommune Vi blir stadig flere eldre i Norge, og i 2030 vil det for f\u00f8rste gang v\u00e6re flere eldre enn barn i Norge. Dette m\u00e5 vi forberede oss p\u00e5, for det vil kreve endringer p\u00e5 en rekke omr\u00e5der og ikke minst nye l\u00f8sninger. Som gruppe er den eldre befolkningen sv\u00e6rt mangfoldig med hensyn [&hellip;]\" \/>\n<meta property=\"og:url\" content=\"https:\/\/hoyre.no\/tonsberg\/politikk\/en-aldersvennlig-kommune\ufffc\/\" \/>\n<meta property=\"og:site_name\" content=\"T\u00f8nsberg H\u00f8yre\" \/>\n<meta property=\"article:modified_time\" content=\"2023-05-02T10:49:42+00:00\" \/>\n<meta property=\"og:image\" content=\"https:\/\/hoyre.no\/content\/uploads\/sites\/353\/2022\/08\/GettyImages-1152308900-1024x683.jpg\" \/>\n<meta name=\"twitter:card\" content=\"summary_large_image\" \/>\n<meta name=\"twitter:label1\" content=\"Ansl. lesetid\" \/>\n\t<meta name=\"twitter:data1\" content=\"4 minutter\" \/>\n<script type=\"application\/ld+json\" class=\"yoast-schema-graph\">{\"@context\":\"https:\/\/schema.org\",\"@graph\":[{\"@type\":\"WebPage\",\"@id\":\"https:\/\/hoyre.no\/tonsberg\/politikk\/en-aldersvennlig-kommune%ef%bf%bc\/\",\"url\":\"https:\/\/hoyre.no\/tonsberg\/politikk\/en-aldersvennlig-kommune%ef%bf%bc\/\",\"name\":\"En aldersvennlig kommune\ufffc - T\u00f8nsberg H\u00f8yre\",\"isPartOf\":{\"@id\":\"https:\/\/hoyre.no\/tonsberg\/#website\"},\"datePublished\":\"2023-04-14T11:56:46+00:00\",\"dateModified\":\"2023-05-02T10:49:42+00:00\",\"breadcrumb\":{\"@id\":\"https:\/\/hoyre.no\/tonsberg\/politikk\/en-aldersvennlig-kommune%ef%bf%bc\/#breadcrumb\"},\"inLanguage\":\"nb-NO\",\"potentialAction\":[{\"@type\":\"ReadAction\",\"target\":[\"https:\/\/hoyre.no\/tonsberg\/politikk\/en-aldersvennlig-kommune%ef%bf%bc\/\"]}]},{\"@type\":\"BreadcrumbList\",\"@id\":\"https:\/\/hoyre.no\/tonsberg\/politikk\/en-aldersvennlig-kommune%ef%bf%bc\/#breadcrumb\",\"itemListElement\":[{\"@type\":\"ListItem\",\"position\":1,\"name\":\"Til hoyre.no\",\"item\":\"https:\/\/hoyre.no\"},{\"@type\":\"ListItem\",\"position\":2,\"name\":\"Hjem\",\"item\":\"https:\/\/hoyre.no\/tonsberg\/\"},{\"@type\":\"ListItem\",\"position\":3,\"name\":\"Politikk\",\"item\":\"https:\/\/hoyre.no\/tonsberg\/politikk\/\"},{\"@type\":\"ListItem\",\"position\":4,\"name\":\"En aldersvennlig kommune\ufffc\"}]},{\"@type\":\"WebSite\",\"@id\":\"https:\/\/hoyre.no\/tonsberg\/#website\",\"url\":\"https:\/\/hoyre.no\/tonsberg\/\",\"name\":\"T\u00f8nsberg H\u00f8yre\",\"description\":\"Bare enda et H\u00f8yres nettsteder-nettsted\",\"inLanguage\":\"nb-NO\"}]}<\/script>\n<!-- \/ Yoast SEO plugin. -->","yoast_head_json":{"title":"En aldersvennlig kommune\ufffc - T\u00f8nsberg H\u00f8yre","robots":{"index":"index","follow":"follow","max-snippet":"max-snippet:-1","max-image-preview":"max-image-preview:large","max-video-preview":"max-video-preview:-1"},"canonical":"https:\/\/hoyre.no\/tonsberg\/politikk\/en-aldersvennlig-kommune\ufffc\/","og_locale":"nb_NO","og_type":"article","og_title":"En aldersvennlig kommune\ufffc - T\u00f8nsberg H\u00f8yre","og_description":"En aldersvennlig kommune Vi blir stadig flere eldre i Norge, og i 2030 vil det for f\u00f8rste gang v\u00e6re flere eldre enn barn i Norge. Dette m\u00e5 vi forberede oss p\u00e5, for det vil kreve endringer p\u00e5 en rekke omr\u00e5der og ikke minst nye l\u00f8sninger. Som gruppe er den eldre befolkningen sv\u00e6rt mangfoldig med hensyn [&hellip;]","og_url":"https:\/\/hoyre.no\/tonsberg\/politikk\/en-aldersvennlig-kommune\ufffc\/","og_site_name":"T\u00f8nsberg H\u00f8yre","article_modified_time":"2023-05-02T10:49:42+00:00","og_image":[{"url":"https:\/\/hoyre.no\/content\/uploads\/sites\/353\/2022\/08\/GettyImages-1152308900-1024x683.jpg","width":"","height":"","type":""}],"twitter_card":"summary_large_image","twitter_misc":{"Ansl. lesetid":"4 minutter"},"schema":{"@context":"https:\/\/schema.org","@graph":[{"@type":"WebPage","@id":"https:\/\/hoyre.no\/tonsberg\/politikk\/en-aldersvennlig-kommune%ef%bf%bc\/","url":"https:\/\/hoyre.no\/tonsberg\/politikk\/en-aldersvennlig-kommune%ef%bf%bc\/","name":"En aldersvennlig kommune\ufffc - T\u00f8nsberg H\u00f8yre","isPartOf":{"@id":"https:\/\/hoyre.no\/tonsberg\/#website"},"datePublished":"2023-04-14T11:56:46+00:00","dateModified":"2023-05-02T10:49:42+00:00","breadcrumb":{"@id":"https:\/\/hoyre.no\/tonsberg\/politikk\/en-aldersvennlig-kommune%ef%bf%bc\/#breadcrumb"},"inLanguage":"nb-NO","potentialAction":[{"@type":"ReadAction","target":["https:\/\/hoyre.no\/tonsberg\/politikk\/en-aldersvennlig-kommune%ef%bf%bc\/"]}]},{"@type":"BreadcrumbList","@id":"https:\/\/hoyre.no\/tonsberg\/politikk\/en-aldersvennlig-kommune%ef%bf%bc\/#breadcrumb","itemListElement":[{"@type":"ListItem","position":1,"name":"Til hoyre.no","item":"https:\/\/hoyre.no"},{"@type":"ListItem","position":2,"name":"Hjem","item":"https:\/\/hoyre.no\/tonsberg\/"},{"@type":"ListItem","position":3,"name":"Politikk","item":"https:\/\/hoyre.no\/tonsberg\/politikk\/"},{"@type":"ListItem","position":4,"name":"En aldersvennlig kommune\ufffc"}]},{"@type":"WebSite","@id":"https:\/\/hoyre.no\/tonsberg\/#website","url":"https:\/\/hoyre.no\/tonsberg\/","name":"T\u00f8nsberg H\u00f8yre","description":"Bare enda et H\u00f8yres nettsteder-nettsted","inLanguage":"nb-NO"}]}},"distributor_meta":false,"distributor_terms":false,"distributor_media":false,"distributor_original_site_name":"T\u00f8nsberg H\u00f8yre","distributor_original_site_url":"https:\/\/hoyre.no\/tonsberg","push-errors":false,"_links":{"self":[{"href":"https:\/\/hoyre.no\/tonsberg\/wp-json\/wp\/v2\/pages\/1348","targetHints":{"allow":["GET"]}}],"collection":[{"href":"https:\/\/hoyre.no\/tonsberg\/wp-json\/wp\/v2\/pages"}],"about":[{"href":"https:\/\/hoyre.no\/tonsberg\/wp-json\/wp\/v2\/types\/page"}],"author":[{"embeddable":true,"href":"https:\/\/hoyre.no\/tonsberg\/wp-json\/wp\/v2\/users\/14966"}],"replies":[{"embeddable":true,"href":"https:\/\/hoyre.no\/tonsberg\/wp-json\/wp\/v2\/comments?post=1348"}],"version-history":[{"count":1,"href":"https:\/\/hoyre.no\/tonsberg\/wp-json\/wp\/v2\/pages\/1348\/revisions"}],"predecessor-version":[{"id":1349,"href":"https:\/\/hoyre.no\/tonsberg\/wp-json\/wp\/v2\/pages\/1348\/revisions\/1349"}],"up":[{"embeddable":true,"href":"https:\/\/hoyre.no\/tonsberg\/wp-json\/wp\/v2\/pages\/1438"}],"wp:attachment":[{"href":"https:\/\/hoyre.no\/tonsberg\/wp-json\/wp\/v2\/media?parent=1348"}],"curies":[{"name":"wp","href":"https:\/\/api.w.org\/{rel}","templated":true}]}}