{"id":1364,"date":"2023-04-14T14:25:07","date_gmt":"2023-04-14T12:25:07","guid":{"rendered":"https:\/\/hoyre.no\/tonsberg\/?page_id=1364"},"modified":"2023-05-02T12:49:40","modified_gmt":"2023-05-02T10:49:40","slug":"en-gronnere-kommune","status":"publish","type":"page","link":"https:\/\/hoyre.no\/tonsberg\/politikk\/en-gronnere-kommune\/","title":{"rendered":"En gr\u00f8nnere kommune"},"content":{"rendered":"\n\t\t<div class=\" has-simple-highlight style-white has-mobile-text-aligned-center slogan-type-custom wp-block-hoyre-slogan\">\n\t\t\t<div class=\"slogan-container\">\n\t\t\t\t<div class=\"slogan__image\">\n\t\t\t\t\t<img loading=\"lazy\" decoding=\"async\" width=\"2500\" height=\"1667\" src=\"https:\/\/hoyre.no\/content\/uploads\/sites\/353\/2023\/04\/GettyImages-1252669214-scaled.jpg\" class=\"slogan__background-media\" alt=\"\" style=\"--focal-point: 50% 65%;\" srcset=\"https:\/\/hoyre.no\/content\/uploads\/sites\/353\/2023\/04\/GettyImages-1252669214-scaled.jpg 2500w, https:\/\/hoyre.no\/content\/uploads\/sites\/353\/2023\/04\/GettyImages-1252669214-300x200.jpg 300w, https:\/\/hoyre.no\/content\/uploads\/sites\/353\/2023\/04\/GettyImages-1252669214-1024x683.jpg 1024w, https:\/\/hoyre.no\/content\/uploads\/sites\/353\/2023\/04\/GettyImages-1252669214-768x512.jpg 768w, https:\/\/hoyre.no\/content\/uploads\/sites\/353\/2023\/04\/GettyImages-1252669214-1536x1024.jpg 1536w, https:\/\/hoyre.no\/content\/uploads\/sites\/353\/2023\/04\/GettyImages-1252669214-2048x1365.jpg 2048w\" sizes=\"auto, (max-width: 2500px) 100vw, 2500px\" \/>\n\t\t\t\t<\/div>\n\t\t\t\t<div class=\"slogan__content\">\n\t\t\t\t\t<img loading=\"lazy\" decoding=\"async\" width=\"1024\" height=\"588\" src=\"https:\/\/hoyre.no\/content\/uploads\/sites\/353\/2023\/03\/Pa-lag-med-Tonsberg-1024x588.png\" class=\"slogan__slogan-image\" alt=\"\" srcset=\"https:\/\/hoyre.no\/content\/uploads\/sites\/353\/2023\/03\/Pa-lag-med-Tonsberg-1024x588.png 1024w, https:\/\/hoyre.no\/content\/uploads\/sites\/353\/2023\/03\/Pa-lag-med-Tonsberg-300x172.png 300w, https:\/\/hoyre.no\/content\/uploads\/sites\/353\/2023\/03\/Pa-lag-med-Tonsberg-768x441.png 768w, https:\/\/hoyre.no\/content\/uploads\/sites\/353\/2023\/03\/Pa-lag-med-Tonsberg.png 1033w\" sizes=\"auto, (max-width: 1024px) 100vw, 1024px\" \/>\n\t\t\t\t\t<h2 class=\"screen-reader-text\">P\u00e5 lag med T\u00f8nsberg<\/h2>\n\t\t\t\t\t<p>T\u00f8nsberg skal v\u00e6re en klimaklok kommune der vi skal v\u00e6re foroverlent med gode konkrete l\u00f8sninger og effektive tiltak for v\u00e5re innbyggere og n\u00e6ringsliv.<\/p>\n\t\t\t\t\t\n\t\t\t\t<\/div>\n\t\t\t<\/div>\n\t\t\t\n\t\t<\/div>\n\t\t\n\n\n\n<h2 class=\"wp-block-heading\">En gr\u00f8nnere kommune<\/h2>\n\n\n\n<p>Klimakrisen er v\u00e5r tids st\u00f8rste utfordring, og skal vi unng\u00e5 \u00f8kt global oppvarming, er vi avhengig av at det settes inn tiltak som reduserer klimagassutslippene, og at kommunen tar sin del av ansvaret. T\u00f8nsberg kommune har som m\u00e5l \u00e5 kutte klimagassutslippene med 60 % innen 2030. Skal vi klare dette, m\u00e5 det tas store og sm\u00e5 grep, og for H\u00f8yre er det viktigst \u00e5 prioritere den klimapolitikken som gir mest utslippskutt.<\/p>\n\n\n\n<p>T\u00f8nsberg skal v\u00e6re en klimaklok kommune der vi skal v\u00e6re foroverlent med gode konkrete l\u00f8sninger og effektive tiltak for v\u00e5re innbyggere og n\u00e6ringsliv. T\u00f8nsberg H\u00f8yre vil sikre at klimaomstilling er en sentral del av hele kommunens virksomhet.<\/p>\n\n\n\n<div class=\"wp-block-teft-factbox is-style-blue\"><div class=\"factbox-inner\"><div class=\"entry-content\"><h4 class=\"toggle\">T\u00f8nsberg H\u00f8yre vil:<\/h4>\n<ul class=\"wp-block-list\"><li>vurdere \u00e5 installere solenergi med smart energistyring og ladel\u00f8sninger p\u00e5 alle egnede kommunale bygg<\/li><li>sikre at nye kommunale bygg har plusshusstandard og oppgradere energistandarden i eksisterende bygg med m\u00e5l om passivhusniv\u00e5<\/li><li>at kommunen skal ha strenge klima- og milj\u00f8krav til egne bygg, for eksempel fossilfri byggeplass, gjenbruk av bygg\/byggematerialer og milj\u00f8sertifisering av bygg<\/li><li>at kommunen videreutvikler egen gjenbruksordning for m\u00f8bler, og at kommunen generelt ettersp\u00f8r gjenbruk og muligheter for reparasjon ved anskaffelser&nbsp;<\/li><li>at kommunen lager en konkret handlingsplan mot matsvinn for \u00e5 kutte matsvinnet i kommunens virksomheter samt stimulerer n\u00e6ringsliv og innbyggere til \u00e5 kaste mindre mat for \u00e5 spare milj\u00f8et<\/li><li>styrke kommunens innkj\u00f8pskompetanse i forbindelse med milj\u00f8- og klimakrav i offentlige anbud<\/li><li>samarbeide med nabokommuner og fylkeskommunen om overlappende og sammenhengende tiltak, b\u00e5de ved \u00e5 utvikle tiltakene sammen, plassere ansvar og oppgaver, s\u00e5 vel som \u00e5 klare \u00e5 sette i gang nok tiltak til \u00e5 kunne n\u00e5 klimam\u00e5let<\/li><li>s\u00f8rge for \u00e5 ha rett kompetanse og tilstrekkelig kapasitet til \u00e5 drive frem kommunens omstillingsarbeid<\/li><li>delta aktivt i nettverk med n\u00e6ringsliv, organisasjoner og akademia for \u00e5 \u00f8ke klimakompetansen og fremme utvikling av innovative klimatiltak<\/li><li>v\u00e6re p\u00e5driver for \u00e5 sikre oppgradering av str\u00f8mnettet<\/li><li>v\u00e6re positive til etablering av produksjon av fornybar energi i tilknytning til etablerte n\u00e6ringsomr\u00e5der, og der det er hensiktsmessig<\/li><li>arbeide for at kommunen skal dekke minst 20% av energiforbruket sitt ved hjelp av fornybare energikilder<\/li><li>at det skal utarbeides en plan for klimatilpasning hvor konsekvenser av fremtidens klima konkretiseres og innarbeides<\/li><li>legge til rette for kildesortering av n\u00e6ringsavfall<\/li><\/ul>\n<\/div><\/div><\/div>\n\n","protected":false},"excerpt":{"rendered":"","protected":false},"author":14966,"featured_media":0,"parent":1438,"menu_order":0,"comment_status":"closed","ping_status":"closed","template":"","meta":{"teft_cards_image_url":"","teft_cards_custom_pretitle":"","teft_cards_image_id":1365,"teft_cards_image_focal_point_x":0.5,"teft_cards_image_focal_point_y":0.5,"teft_cards_title":"","teft_cards_excerpt":"","teft_show_chapters":false,"footnotes":""},"class_list":["post-1364","page","type-page","status-publish","hentry"],"yoast_head":"<!-- This site is optimized with the Yoast SEO plugin v26.6 - https:\/\/yoast.com\/wordpress\/plugins\/seo\/ -->\n<title>En gr\u00f8nnere kommune - T\u00f8nsberg H\u00f8yre<\/title>\n<meta name=\"robots\" content=\"index, follow, max-snippet:-1, max-image-preview:large, max-video-preview:-1\" \/>\n<link rel=\"canonical\" href=\"https:\/\/hoyre.no\/tonsberg\/politikk\/en-gronnere-kommune\/\" \/>\n<meta property=\"og:locale\" content=\"nb_NO\" \/>\n<meta property=\"og:type\" content=\"article\" \/>\n<meta property=\"og:title\" content=\"En gr\u00f8nnere kommune - T\u00f8nsberg H\u00f8yre\" \/>\n<meta property=\"og:url\" content=\"https:\/\/hoyre.no\/tonsberg\/politikk\/en-gronnere-kommune\/\" \/>\n<meta property=\"og:site_name\" content=\"T\u00f8nsberg H\u00f8yre\" \/>\n<meta property=\"article:modified_time\" content=\"2023-05-02T10:49:40+00:00\" \/>\n<meta property=\"og:image\" content=\"https:\/\/hoyre.no\/content\/uploads\/sites\/353\/2023\/04\/GettyImages-1252669214-1024x683.jpg\" \/>\n<meta name=\"twitter:card\" content=\"summary_large_image\" \/>\n<meta name=\"twitter:label1\" content=\"Ansl. lesetid\" \/>\n\t<meta name=\"twitter:data1\" content=\"2 minutter\" \/>\n<script type=\"application\/ld+json\" class=\"yoast-schema-graph\">{\"@context\":\"https:\/\/schema.org\",\"@graph\":[{\"@type\":\"WebPage\",\"@id\":\"https:\/\/hoyre.no\/tonsberg\/politikk\/en-gronnere-kommune\/\",\"url\":\"https:\/\/hoyre.no\/tonsberg\/politikk\/en-gronnere-kommune\/\",\"name\":\"En gr\u00f8nnere kommune - T\u00f8nsberg H\u00f8yre\",\"isPartOf\":{\"@id\":\"https:\/\/hoyre.no\/tonsberg\/#website\"},\"datePublished\":\"2023-04-14T12:25:07+00:00\",\"dateModified\":\"2023-05-02T10:49:40+00:00\",\"breadcrumb\":{\"@id\":\"https:\/\/hoyre.no\/tonsberg\/politikk\/en-gronnere-kommune\/#breadcrumb\"},\"inLanguage\":\"nb-NO\",\"potentialAction\":[{\"@type\":\"ReadAction\",\"target\":[\"https:\/\/hoyre.no\/tonsberg\/politikk\/en-gronnere-kommune\/\"]}]},{\"@type\":\"BreadcrumbList\",\"@id\":\"https:\/\/hoyre.no\/tonsberg\/politikk\/en-gronnere-kommune\/#breadcrumb\",\"itemListElement\":[{\"@type\":\"ListItem\",\"position\":1,\"name\":\"Til hoyre.no\",\"item\":\"https:\/\/hoyre.no\"},{\"@type\":\"ListItem\",\"position\":2,\"name\":\"Hjem\",\"item\":\"https:\/\/hoyre.no\/tonsberg\/\"},{\"@type\":\"ListItem\",\"position\":3,\"name\":\"Politikk\",\"item\":\"https:\/\/hoyre.no\/tonsberg\/politikk\/\"},{\"@type\":\"ListItem\",\"position\":4,\"name\":\"En gr\u00f8nnere kommune\"}]},{\"@type\":\"WebSite\",\"@id\":\"https:\/\/hoyre.no\/tonsberg\/#website\",\"url\":\"https:\/\/hoyre.no\/tonsberg\/\",\"name\":\"T\u00f8nsberg H\u00f8yre\",\"description\":\"Bare enda et H\u00f8yres nettsteder-nettsted\",\"inLanguage\":\"nb-NO\"}]}<\/script>\n<!-- \/ Yoast SEO plugin. -->","yoast_head_json":{"title":"En gr\u00f8nnere kommune - T\u00f8nsberg H\u00f8yre","robots":{"index":"index","follow":"follow","max-snippet":"max-snippet:-1","max-image-preview":"max-image-preview:large","max-video-preview":"max-video-preview:-1"},"canonical":"https:\/\/hoyre.no\/tonsberg\/politikk\/en-gronnere-kommune\/","og_locale":"nb_NO","og_type":"article","og_title":"En gr\u00f8nnere kommune - T\u00f8nsberg H\u00f8yre","og_url":"https:\/\/hoyre.no\/tonsberg\/politikk\/en-gronnere-kommune\/","og_site_name":"T\u00f8nsberg H\u00f8yre","article_modified_time":"2023-05-02T10:49:40+00:00","og_image":[{"url":"https:\/\/hoyre.no\/content\/uploads\/sites\/353\/2023\/04\/GettyImages-1252669214-1024x683.jpg","width":"","height":"","type":""}],"twitter_card":"summary_large_image","twitter_misc":{"Ansl. lesetid":"2 minutter"},"schema":{"@context":"https:\/\/schema.org","@graph":[{"@type":"WebPage","@id":"https:\/\/hoyre.no\/tonsberg\/politikk\/en-gronnere-kommune\/","url":"https:\/\/hoyre.no\/tonsberg\/politikk\/en-gronnere-kommune\/","name":"En gr\u00f8nnere kommune - T\u00f8nsberg H\u00f8yre","isPartOf":{"@id":"https:\/\/hoyre.no\/tonsberg\/#website"},"datePublished":"2023-04-14T12:25:07+00:00","dateModified":"2023-05-02T10:49:40+00:00","breadcrumb":{"@id":"https:\/\/hoyre.no\/tonsberg\/politikk\/en-gronnere-kommune\/#breadcrumb"},"inLanguage":"nb-NO","potentialAction":[{"@type":"ReadAction","target":["https:\/\/hoyre.no\/tonsberg\/politikk\/en-gronnere-kommune\/"]}]},{"@type":"BreadcrumbList","@id":"https:\/\/hoyre.no\/tonsberg\/politikk\/en-gronnere-kommune\/#breadcrumb","itemListElement":[{"@type":"ListItem","position":1,"name":"Til hoyre.no","item":"https:\/\/hoyre.no"},{"@type":"ListItem","position":2,"name":"Hjem","item":"https:\/\/hoyre.no\/tonsberg\/"},{"@type":"ListItem","position":3,"name":"Politikk","item":"https:\/\/hoyre.no\/tonsberg\/politikk\/"},{"@type":"ListItem","position":4,"name":"En gr\u00f8nnere kommune"}]},{"@type":"WebSite","@id":"https:\/\/hoyre.no\/tonsberg\/#website","url":"https:\/\/hoyre.no\/tonsberg\/","name":"T\u00f8nsberg H\u00f8yre","description":"Bare enda et H\u00f8yres nettsteder-nettsted","inLanguage":"nb-NO"}]}},"distributor_meta":false,"distributor_terms":false,"distributor_media":false,"distributor_original_site_name":"T\u00f8nsberg H\u00f8yre","distributor_original_site_url":"https:\/\/hoyre.no\/tonsberg","push-errors":false,"_links":{"self":[{"href":"https:\/\/hoyre.no\/tonsberg\/wp-json\/wp\/v2\/pages\/1364","targetHints":{"allow":["GET"]}}],"collection":[{"href":"https:\/\/hoyre.no\/tonsberg\/wp-json\/wp\/v2\/pages"}],"about":[{"href":"https:\/\/hoyre.no\/tonsberg\/wp-json\/wp\/v2\/types\/page"}],"author":[{"embeddable":true,"href":"https:\/\/hoyre.no\/tonsberg\/wp-json\/wp\/v2\/users\/14966"}],"replies":[{"embeddable":true,"href":"https:\/\/hoyre.no\/tonsberg\/wp-json\/wp\/v2\/comments?post=1364"}],"version-history":[{"count":1,"href":"https:\/\/hoyre.no\/tonsberg\/wp-json\/wp\/v2\/pages\/1364\/revisions"}],"predecessor-version":[{"id":1366,"href":"https:\/\/hoyre.no\/tonsberg\/wp-json\/wp\/v2\/pages\/1364\/revisions\/1366"}],"up":[{"embeddable":true,"href":"https:\/\/hoyre.no\/tonsberg\/wp-json\/wp\/v2\/pages\/1438"}],"wp:attachment":[{"href":"https:\/\/hoyre.no\/tonsberg\/wp-json\/wp\/v2\/media?parent=1364"}],"curies":[{"name":"wp","href":"https:\/\/api.w.org\/{rel}","templated":true}]}}