{"id":1371,"date":"2023-04-14T14:33:28","date_gmt":"2023-04-14T12:33:28","guid":{"rendered":"https:\/\/hoyre.no\/tonsberg\/?page_id=1371"},"modified":"2023-05-02T12:49:40","modified_gmt":"2023-05-02T10:49:40","slug":"en-klimavennlig-landbrukskommune%ef%bf%bc","status":"publish","type":"page","link":"https:\/\/hoyre.no\/tonsberg\/politikk\/en-klimavennlig-landbrukskommune%ef%bf%bc\/","title":{"rendered":"En klimavennlig landbrukskommune\ufffc"},"content":{"rendered":"\n\n\n\t\t<div class=\" has-simple-highlight style-white has-mobile-text-aligned-center slogan-type-custom wp-block-hoyre-slogan\">\n\t\t\t<div class=\"slogan-container\">\n\t\t\t\t<div class=\"slogan__image\">\n\t\t\t\t\t<img loading=\"lazy\" decoding=\"async\" width=\"2500\" height=\"1667\" src=\"https:\/\/hoyre.no\/content\/uploads\/sites\/353\/2023\/04\/GettyImages-153060413-scaled.jpg\" class=\"slogan__background-media\" alt=\"\" style=\"--focal-point: 50% 65%;\" srcset=\"https:\/\/hoyre.no\/content\/uploads\/sites\/353\/2023\/04\/GettyImages-153060413-scaled.jpg 2500w, https:\/\/hoyre.no\/content\/uploads\/sites\/353\/2023\/04\/GettyImages-153060413-300x200.jpg 300w, https:\/\/hoyre.no\/content\/uploads\/sites\/353\/2023\/04\/GettyImages-153060413-1024x683.jpg 1024w, https:\/\/hoyre.no\/content\/uploads\/sites\/353\/2023\/04\/GettyImages-153060413-768x512.jpg 768w, https:\/\/hoyre.no\/content\/uploads\/sites\/353\/2023\/04\/GettyImages-153060413-1536x1024.jpg 1536w, https:\/\/hoyre.no\/content\/uploads\/sites\/353\/2023\/04\/GettyImages-153060413-2048x1365.jpg 2048w\" sizes=\"auto, (max-width: 2500px) 100vw, 2500px\" \/>\n\t\t\t\t<\/div>\n\t\t\t\t<div class=\"slogan__content\">\n\t\t\t\t\t<img loading=\"lazy\" decoding=\"async\" width=\"1024\" height=\"588\" src=\"https:\/\/hoyre.no\/content\/uploads\/sites\/353\/2023\/03\/Pa-lag-med-Tonsberg-1024x588.png\" class=\"slogan__slogan-image\" alt=\"\" srcset=\"https:\/\/hoyre.no\/content\/uploads\/sites\/353\/2023\/03\/Pa-lag-med-Tonsberg-1024x588.png 1024w, https:\/\/hoyre.no\/content\/uploads\/sites\/353\/2023\/03\/Pa-lag-med-Tonsberg-300x172.png 300w, https:\/\/hoyre.no\/content\/uploads\/sites\/353\/2023\/03\/Pa-lag-med-Tonsberg-768x441.png 768w, https:\/\/hoyre.no\/content\/uploads\/sites\/353\/2023\/03\/Pa-lag-med-Tonsberg.png 1033w\" sizes=\"auto, (max-width: 1024px) 100vw, 1024px\" \/>\n\t\t\t\t\t<h2 class=\"screen-reader-text\"><\/h2>\n\t\t\t\t\t<p>B\u00e6rekraftig og l\u00f8nnsomt landbruk er viktig for matproduksjon, bosetting, bevaring av kulturlandskapet og for \u00e5 sikre lavere utslipp av klimagasser.<\/p>\n\t\t\t\t\t\n\t\t\t\t<\/div>\n\t\t\t<\/div>\n\t\t\t\n\t\t<\/div>\n\t\t\n\n\n<h1 class=\"wp-block-heading\">En klimavennlig landbrukskommune<\/h1>\n\n\n\n<p>Landbruket er en av landets viktigste distriktsn\u00e6ringer og sysselsetter ogs\u00e5 mange i T\u00f8nsberg. B\u00e6rekraftig og l\u00f8nnsomt landbruk er viktig for matproduksjon, bosetting, bevaring av kulturlandskapet og for \u00e5 sikre lavere utslipp av klimagasser.\u202fDet er viktig \u00e5 ruste norsk landbruk til \u00e5 kunne m\u00f8te endringene n\u00e6ringen n\u00e5 st\u00e5r i. Et moderne, klimavennlig og teknologipositivt landbruk vil kunne sikre fremtiden til b\u00f8ndene i T\u00f8nsberg.<\/p>\n\n\n\n<p>Et tett samarbeid med landbruket er helt avgj\u00f8rende for \u00e5 holde jorda p\u00e5 jordene og redusere n\u00e6ringssaltavrenning. T\u00f8nsberg H\u00f8yre vil motivere b\u00f8ndene i kommunen til \u00e5 s\u00f8ke relevante tilskudd fra landbrukskontoret i T\u00f8nsberg og stimulere til presisjonsgj\u00f8dsling for bedre avlinger og lavere gj\u00f8dselforbruk. Dette vil kunne bidra til at vi reduserer utslipp til Aulivassdraget, og at vi dermed kan f\u00e5 en renere byfjord.<\/p>\n\n\n\n<div class=\"wp-block-teft-factbox is-style-blue\"><div class=\"factbox-inner\"><div class=\"entry-content\"><h4 class=\"toggle\">T\u00f8nsberg H\u00f8yre vil:<\/h4>\n<ul class=\"wp-block-list\"><li>ha jordvern i fokus og ha strengere praksis for omdisponering av jord<\/li><li>i samarbeid med n\u00e6ringen stimulere til et mer klimavennlig landbruk gjennom \u00f8kt produksjon av biogj\u00f8dsel og biogass<\/li><li>arbeide for at bonden som selvstendig n\u00e6ringsdrivende skal f\u00e5 st\u00f8rre mulighet for l\u00f8nnsom drift, blant annet gjennom \u00e5 kunne investere i og utnytte egen eiendom&nbsp;<\/li><li>v\u00e6re p\u00e5drivere for en mer aktiv forvaltning av skogen og f\u00f8re en skogpolitikk som legger til rette for aktiv drift som skaper \u00f8kte verdier av lokale skogressurser<\/li><li>styrke skogens rolle i det gr\u00f8nne skiftet, og sikre fortsatt god balanse mellom verdiskapning, klima- og milj\u00f8hensyn, skogeiernes frihet og allmennhetens tilgang til naturomr\u00e5der<\/li><li>aktivt f\u00f8lge opp tiltaksplanen for Aulivassdraget. Vi vil forsterke samarbeidet med de andre kommunene og Statsforvalteren for \u00e5 prioritere de tiltakene som raskest og rimeligst reduserer utslipp til vassdraget<\/li><\/ul>\n<\/div><\/div><\/div>\n","protected":false},"excerpt":{"rendered":"<p>En klimavennlig landbrukskommune Landbruket er en av landets viktigste distriktsn\u00e6ringer og sysselsetter ogs\u00e5 mange i T\u00f8nsberg. B\u00e6rekraftig og l\u00f8nnsomt landbruk er viktig for matproduksjon, bosetting, bevaring av kulturlandskapet og for \u00e5 sikre lavere utslipp av klimagasser.\u202fDet er viktig \u00e5 ruste norsk landbruk til \u00e5 kunne m\u00f8te endringene n\u00e6ringen n\u00e5 st\u00e5r i. Et moderne, klimavennlig og [&hellip;]<\/p>\n","protected":false},"author":14966,"featured_media":0,"parent":1438,"menu_order":0,"comment_status":"closed","ping_status":"closed","template":"","meta":{"teft_cards_image_url":"","teft_cards_custom_pretitle":"","teft_cards_image_id":1372,"teft_cards_image_focal_point_x":0.5,"teft_cards_image_focal_point_y":0.5,"teft_cards_title":"","teft_cards_excerpt":"","teft_show_chapters":false,"footnotes":""},"class_list":["post-1371","page","type-page","status-publish","hentry"],"yoast_head":"<!-- This site is optimized with the Yoast SEO plugin v26.6 - https:\/\/yoast.com\/wordpress\/plugins\/seo\/ -->\n<title>En klimavennlig landbrukskommune\ufffc - T\u00f8nsberg H\u00f8yre<\/title>\n<meta name=\"robots\" content=\"index, follow, max-snippet:-1, max-image-preview:large, max-video-preview:-1\" \/>\n<link rel=\"canonical\" href=\"https:\/\/hoyre.no\/tonsberg\/politikk\/en-klimavennlig-landbrukskommune\ufffc\/\" \/>\n<meta property=\"og:locale\" content=\"nb_NO\" \/>\n<meta property=\"og:type\" content=\"article\" \/>\n<meta property=\"og:title\" content=\"En klimavennlig landbrukskommune\ufffc - T\u00f8nsberg H\u00f8yre\" \/>\n<meta property=\"og:description\" content=\"En klimavennlig landbrukskommune Landbruket er en av landets viktigste distriktsn\u00e6ringer og sysselsetter ogs\u00e5 mange i T\u00f8nsberg. B\u00e6rekraftig og l\u00f8nnsomt landbruk er viktig for matproduksjon, bosetting, bevaring av kulturlandskapet og for \u00e5 sikre lavere utslipp av klimagasser.\u202fDet er viktig \u00e5 ruste norsk landbruk til \u00e5 kunne m\u00f8te endringene n\u00e6ringen n\u00e5 st\u00e5r i. Et moderne, klimavennlig og [&hellip;]\" \/>\n<meta property=\"og:url\" content=\"https:\/\/hoyre.no\/tonsberg\/politikk\/en-klimavennlig-landbrukskommune\ufffc\/\" \/>\n<meta property=\"og:site_name\" content=\"T\u00f8nsberg H\u00f8yre\" \/>\n<meta property=\"article:modified_time\" content=\"2023-05-02T10:49:40+00:00\" \/>\n<meta property=\"og:image\" content=\"https:\/\/hoyre.no\/content\/uploads\/sites\/353\/2023\/04\/GettyImages-153060413-1024x683.jpg\" \/>\n<meta name=\"twitter:card\" content=\"summary_large_image\" \/>\n<meta name=\"twitter:label1\" content=\"Ansl. lesetid\" \/>\n\t<meta name=\"twitter:data1\" content=\"2 minutter\" \/>\n<script type=\"application\/ld+json\" class=\"yoast-schema-graph\">{\"@context\":\"https:\/\/schema.org\",\"@graph\":[{\"@type\":\"WebPage\",\"@id\":\"https:\/\/hoyre.no\/tonsberg\/politikk\/en-klimavennlig-landbrukskommune%ef%bf%bc\/\",\"url\":\"https:\/\/hoyre.no\/tonsberg\/politikk\/en-klimavennlig-landbrukskommune%ef%bf%bc\/\",\"name\":\"En klimavennlig landbrukskommune\ufffc - T\u00f8nsberg H\u00f8yre\",\"isPartOf\":{\"@id\":\"https:\/\/hoyre.no\/tonsberg\/#website\"},\"datePublished\":\"2023-04-14T12:33:28+00:00\",\"dateModified\":\"2023-05-02T10:49:40+00:00\",\"breadcrumb\":{\"@id\":\"https:\/\/hoyre.no\/tonsberg\/politikk\/en-klimavennlig-landbrukskommune%ef%bf%bc\/#breadcrumb\"},\"inLanguage\":\"nb-NO\",\"potentialAction\":[{\"@type\":\"ReadAction\",\"target\":[\"https:\/\/hoyre.no\/tonsberg\/politikk\/en-klimavennlig-landbrukskommune%ef%bf%bc\/\"]}]},{\"@type\":\"BreadcrumbList\",\"@id\":\"https:\/\/hoyre.no\/tonsberg\/politikk\/en-klimavennlig-landbrukskommune%ef%bf%bc\/#breadcrumb\",\"itemListElement\":[{\"@type\":\"ListItem\",\"position\":1,\"name\":\"Til hoyre.no\",\"item\":\"https:\/\/hoyre.no\"},{\"@type\":\"ListItem\",\"position\":2,\"name\":\"Hjem\",\"item\":\"https:\/\/hoyre.no\/tonsberg\/\"},{\"@type\":\"ListItem\",\"position\":3,\"name\":\"Politikk\",\"item\":\"https:\/\/hoyre.no\/tonsberg\/politikk\/\"},{\"@type\":\"ListItem\",\"position\":4,\"name\":\"En klimavennlig landbrukskommune\ufffc\"}]},{\"@type\":\"WebSite\",\"@id\":\"https:\/\/hoyre.no\/tonsberg\/#website\",\"url\":\"https:\/\/hoyre.no\/tonsberg\/\",\"name\":\"T\u00f8nsberg H\u00f8yre\",\"description\":\"Bare enda et H\u00f8yres nettsteder-nettsted\",\"inLanguage\":\"nb-NO\"}]}<\/script>\n<!-- \/ Yoast SEO plugin. -->","yoast_head_json":{"title":"En klimavennlig landbrukskommune\ufffc - T\u00f8nsberg H\u00f8yre","robots":{"index":"index","follow":"follow","max-snippet":"max-snippet:-1","max-image-preview":"max-image-preview:large","max-video-preview":"max-video-preview:-1"},"canonical":"https:\/\/hoyre.no\/tonsberg\/politikk\/en-klimavennlig-landbrukskommune\ufffc\/","og_locale":"nb_NO","og_type":"article","og_title":"En klimavennlig landbrukskommune\ufffc - T\u00f8nsberg H\u00f8yre","og_description":"En klimavennlig landbrukskommune Landbruket er en av landets viktigste distriktsn\u00e6ringer og sysselsetter ogs\u00e5 mange i T\u00f8nsberg. B\u00e6rekraftig og l\u00f8nnsomt landbruk er viktig for matproduksjon, bosetting, bevaring av kulturlandskapet og for \u00e5 sikre lavere utslipp av klimagasser.\u202fDet er viktig \u00e5 ruste norsk landbruk til \u00e5 kunne m\u00f8te endringene n\u00e6ringen n\u00e5 st\u00e5r i. Et moderne, klimavennlig og [&hellip;]","og_url":"https:\/\/hoyre.no\/tonsberg\/politikk\/en-klimavennlig-landbrukskommune\ufffc\/","og_site_name":"T\u00f8nsberg H\u00f8yre","article_modified_time":"2023-05-02T10:49:40+00:00","og_image":[{"url":"https:\/\/hoyre.no\/content\/uploads\/sites\/353\/2023\/04\/GettyImages-153060413-1024x683.jpg","width":"","height":"","type":""}],"twitter_card":"summary_large_image","twitter_misc":{"Ansl. lesetid":"2 minutter"},"schema":{"@context":"https:\/\/schema.org","@graph":[{"@type":"WebPage","@id":"https:\/\/hoyre.no\/tonsberg\/politikk\/en-klimavennlig-landbrukskommune%ef%bf%bc\/","url":"https:\/\/hoyre.no\/tonsberg\/politikk\/en-klimavennlig-landbrukskommune%ef%bf%bc\/","name":"En klimavennlig landbrukskommune\ufffc - T\u00f8nsberg H\u00f8yre","isPartOf":{"@id":"https:\/\/hoyre.no\/tonsberg\/#website"},"datePublished":"2023-04-14T12:33:28+00:00","dateModified":"2023-05-02T10:49:40+00:00","breadcrumb":{"@id":"https:\/\/hoyre.no\/tonsberg\/politikk\/en-klimavennlig-landbrukskommune%ef%bf%bc\/#breadcrumb"},"inLanguage":"nb-NO","potentialAction":[{"@type":"ReadAction","target":["https:\/\/hoyre.no\/tonsberg\/politikk\/en-klimavennlig-landbrukskommune%ef%bf%bc\/"]}]},{"@type":"BreadcrumbList","@id":"https:\/\/hoyre.no\/tonsberg\/politikk\/en-klimavennlig-landbrukskommune%ef%bf%bc\/#breadcrumb","itemListElement":[{"@type":"ListItem","position":1,"name":"Til hoyre.no","item":"https:\/\/hoyre.no"},{"@type":"ListItem","position":2,"name":"Hjem","item":"https:\/\/hoyre.no\/tonsberg\/"},{"@type":"ListItem","position":3,"name":"Politikk","item":"https:\/\/hoyre.no\/tonsberg\/politikk\/"},{"@type":"ListItem","position":4,"name":"En klimavennlig landbrukskommune\ufffc"}]},{"@type":"WebSite","@id":"https:\/\/hoyre.no\/tonsberg\/#website","url":"https:\/\/hoyre.no\/tonsberg\/","name":"T\u00f8nsberg H\u00f8yre","description":"Bare enda et H\u00f8yres nettsteder-nettsted","inLanguage":"nb-NO"}]}},"distributor_meta":false,"distributor_terms":false,"distributor_media":false,"distributor_original_site_name":"T\u00f8nsberg H\u00f8yre","distributor_original_site_url":"https:\/\/hoyre.no\/tonsberg","push-errors":false,"_links":{"self":[{"href":"https:\/\/hoyre.no\/tonsberg\/wp-json\/wp\/v2\/pages\/1371","targetHints":{"allow":["GET"]}}],"collection":[{"href":"https:\/\/hoyre.no\/tonsberg\/wp-json\/wp\/v2\/pages"}],"about":[{"href":"https:\/\/hoyre.no\/tonsberg\/wp-json\/wp\/v2\/types\/page"}],"author":[{"embeddable":true,"href":"https:\/\/hoyre.no\/tonsberg\/wp-json\/wp\/v2\/users\/14966"}],"replies":[{"embeddable":true,"href":"https:\/\/hoyre.no\/tonsberg\/wp-json\/wp\/v2\/comments?post=1371"}],"version-history":[{"count":1,"href":"https:\/\/hoyre.no\/tonsberg\/wp-json\/wp\/v2\/pages\/1371\/revisions"}],"predecessor-version":[{"id":1373,"href":"https:\/\/hoyre.no\/tonsberg\/wp-json\/wp\/v2\/pages\/1371\/revisions\/1373"}],"up":[{"embeddable":true,"href":"https:\/\/hoyre.no\/tonsberg\/wp-json\/wp\/v2\/pages\/1438"}],"wp:attachment":[{"href":"https:\/\/hoyre.no\/tonsberg\/wp-json\/wp\/v2\/media?parent=1371"}],"curies":[{"name":"wp","href":"https:\/\/api.w.org\/{rel}","templated":true}]}}