{"id":1374,"date":"2023-04-14T14:37:32","date_gmt":"2023-04-14T12:37:32","guid":{"rendered":"https:\/\/hoyre.no\/tonsberg\/?page_id=1374"},"modified":"2023-05-02T12:49:39","modified_gmt":"2023-05-02T10:49:39","slug":"ivareta-rekreasjonsomrader-og-livet-langs-kysten%ef%bf%bc","status":"publish","type":"page","link":"https:\/\/hoyre.no\/tonsberg\/politikk\/ivareta-rekreasjonsomrader-og-livet-langs-kysten%ef%bf%bc\/","title":{"rendered":"Ivareta rekreasjonsomr\u00e5der og livet langs kysten\ufffc"},"content":{"rendered":"\n\t\t<div class=\" has-simple-highlight style-white has-mobile-text-aligned-center slogan-type-custom wp-block-hoyre-slogan\">\n\t\t\t<div class=\"slogan-container\">\n\t\t\t\t<div class=\"slogan__image\">\n\t\t\t\t\t<img loading=\"lazy\" decoding=\"async\" width=\"2500\" height=\"1668\" src=\"https:\/\/hoyre.no\/content\/uploads\/sites\/353\/2023\/04\/GettyImages-597952626-scaled.jpg\" class=\"slogan__background-media\" alt=\"\" style=\"--focal-point: 50% 65%;\" srcset=\"https:\/\/hoyre.no\/content\/uploads\/sites\/353\/2023\/04\/GettyImages-597952626-scaled.jpg 2500w, https:\/\/hoyre.no\/content\/uploads\/sites\/353\/2023\/04\/GettyImages-597952626-300x200.jpg 300w, https:\/\/hoyre.no\/content\/uploads\/sites\/353\/2023\/04\/GettyImages-597952626-1024x683.jpg 1024w, https:\/\/hoyre.no\/content\/uploads\/sites\/353\/2023\/04\/GettyImages-597952626-768x513.jpg 768w, https:\/\/hoyre.no\/content\/uploads\/sites\/353\/2023\/04\/GettyImages-597952626-1536x1025.jpg 1536w, https:\/\/hoyre.no\/content\/uploads\/sites\/353\/2023\/04\/GettyImages-597952626-2048x1367.jpg 2048w\" sizes=\"auto, (max-width: 2500px) 100vw, 2500px\" \/>\n\t\t\t\t<\/div>\n\t\t\t\t<div class=\"slogan__content\">\n\t\t\t\t\t<img loading=\"lazy\" decoding=\"async\" width=\"1024\" height=\"588\" src=\"https:\/\/hoyre.no\/content\/uploads\/sites\/353\/2023\/03\/Pa-lag-med-Tonsberg-1024x588.png\" class=\"slogan__slogan-image\" alt=\"\" srcset=\"https:\/\/hoyre.no\/content\/uploads\/sites\/353\/2023\/03\/Pa-lag-med-Tonsberg-1024x588.png 1024w, https:\/\/hoyre.no\/content\/uploads\/sites\/353\/2023\/03\/Pa-lag-med-Tonsberg-300x172.png 300w, https:\/\/hoyre.no\/content\/uploads\/sites\/353\/2023\/03\/Pa-lag-med-Tonsberg-768x441.png 768w, https:\/\/hoyre.no\/content\/uploads\/sites\/353\/2023\/03\/Pa-lag-med-Tonsberg.png 1033w\" sizes=\"auto, (max-width: 1024px) 100vw, 1024px\" \/>\n\t\t\t\t\t<h2 class=\"screen-reader-text\">P\u00e5 lag med T\u00f8nsberg<\/h2>\n\t\t\t\t\t<p>I T\u00f8nsberg skal innbyggerne oppleve at naturen er lett tilgjengelig, og at det er mulig \u00e5 v\u00e6re en del av et aktivt friluftsliv med en ren og rik Oslofjord.<\/p>\n\t\t\t\t\t\n\t\t\t\t<\/div>\n\t\t\t<\/div>\n\t\t\t\n\t\t<\/div>\n\t\t\n\n\n\n<h2 class=\"wp-block-heading\">Ivareta rekreasjonsomr\u00e5der og livet langs kysten<\/h2>\n\n\n\n<p>I T\u00f8nsberg skal innbyggerne oppleve at naturen er lett tilgjengelig, og at det er mulig \u00e5 v\u00e6re en del av et aktivt friluftsliv med en ren og rik Oslofjord. Behovet for rensing av n\u00e6ringssalter fra avl\u00f8p har v\u00e6rt kjent for kommunene langs Oslofjorden i over 20 \u00e5r, men tiltaket har v\u00e6rt altfor kostnadskrevende til \u00e5 kunne gjennomf\u00f8res over kommunenes budsjetter alene. Det gjelder fortsatt. Skal Norge oppfylle sin forpliktelse til restaurering av livet i Oslofjorden innen 2030, m\u00e5 det p\u00e5 plass et interkommunalt samarbeid samt en statlig st\u00f8tteordning for rensing av avl\u00f8psvann, hvor stat og kommune finner en fordelingsn\u00f8kkel for kostnadsdeling slik at kommunene langs fjorden gjennomf\u00f8rer sine planlagte renseprosjekter innen 2030.<\/p>\n\n\n\n<div class=\"wp-block-teft-factbox is-style-blue\"><div class=\"factbox-inner\"><div class=\"entry-content\"><h4 class=\"toggle\">T\u00f8nsberg H\u00f8yre vil:<\/h4>\n<ul class=\"wp-block-list\"><li>samarbeide med andre kommuner og Staten for nitrogenrensing av Oslofjorden<\/li><li>motivere til \u00f8kt strandrydding ved \u00e5 styrke informasjonen om eksisterende ordninger<\/li><li>verne om \u00abhundremeterskoger\u00bb og gr\u00f8nne omr\u00e5der i lokalmilj\u00f8ene<\/li><li>arbeide for \u00e5 ivareta biologisk mangfold blant annet ved \u00e5 sikre at vi opprettholder naturtomter med eng\/blomstergrunnlag samt redusere kantsl\u00e5tt langs kommunale veier<\/li><\/ul>\n<\/div><\/div><\/div>\n\n","protected":false},"excerpt":{"rendered":"","protected":false},"author":14966,"featured_media":0,"parent":1438,"menu_order":0,"comment_status":"closed","ping_status":"closed","template":"","meta":{"teft_cards_image_url":"","teft_cards_custom_pretitle":"","teft_cards_image_id":1376,"teft_cards_image_focal_point_x":0.5,"teft_cards_image_focal_point_y":0.5,"teft_cards_title":"","teft_cards_excerpt":"","teft_show_chapters":false,"footnotes":""},"class_list":["post-1374","page","type-page","status-publish","hentry"],"yoast_head":"<!-- This site is optimized with the Yoast SEO plugin v26.6 - https:\/\/yoast.com\/wordpress\/plugins\/seo\/ -->\n<title>Ivareta rekreasjonsomr\u00e5der og livet langs kysten\ufffc - T\u00f8nsberg H\u00f8yre<\/title>\n<meta name=\"robots\" content=\"index, follow, max-snippet:-1, max-image-preview:large, max-video-preview:-1\" \/>\n<link rel=\"canonical\" href=\"https:\/\/hoyre.no\/tonsberg\/politikk\/ivareta-rekreasjonsomrader-og-livet-langs-kysten\ufffc\/\" \/>\n<meta property=\"og:locale\" content=\"nb_NO\" \/>\n<meta property=\"og:type\" content=\"article\" \/>\n<meta property=\"og:title\" content=\"Ivareta rekreasjonsomr\u00e5der og livet langs kysten\ufffc - T\u00f8nsberg H\u00f8yre\" \/>\n<meta property=\"og:url\" content=\"https:\/\/hoyre.no\/tonsberg\/politikk\/ivareta-rekreasjonsomrader-og-livet-langs-kysten\ufffc\/\" \/>\n<meta property=\"og:site_name\" content=\"T\u00f8nsberg H\u00f8yre\" \/>\n<meta property=\"article:modified_time\" content=\"2023-05-02T10:49:39+00:00\" \/>\n<meta property=\"og:image\" content=\"https:\/\/hoyre.no\/content\/uploads\/sites\/353\/2023\/04\/GettyImages-597952626-1-1024x683.jpg\" \/>\n<meta name=\"twitter:card\" content=\"summary_large_image\" \/>\n<meta name=\"twitter:label1\" content=\"Ansl. lesetid\" \/>\n\t<meta name=\"twitter:data1\" content=\"1 minutt\" \/>\n<script type=\"application\/ld+json\" class=\"yoast-schema-graph\">{\"@context\":\"https:\/\/schema.org\",\"@graph\":[{\"@type\":\"WebPage\",\"@id\":\"https:\/\/hoyre.no\/tonsberg\/politikk\/ivareta-rekreasjonsomrader-og-livet-langs-kysten%ef%bf%bc\/\",\"url\":\"https:\/\/hoyre.no\/tonsberg\/politikk\/ivareta-rekreasjonsomrader-og-livet-langs-kysten%ef%bf%bc\/\",\"name\":\"Ivareta rekreasjonsomr\u00e5der og livet langs kysten\ufffc - T\u00f8nsberg H\u00f8yre\",\"isPartOf\":{\"@id\":\"https:\/\/hoyre.no\/tonsberg\/#website\"},\"datePublished\":\"2023-04-14T12:37:32+00:00\",\"dateModified\":\"2023-05-02T10:49:39+00:00\",\"breadcrumb\":{\"@id\":\"https:\/\/hoyre.no\/tonsberg\/politikk\/ivareta-rekreasjonsomrader-og-livet-langs-kysten%ef%bf%bc\/#breadcrumb\"},\"inLanguage\":\"nb-NO\",\"potentialAction\":[{\"@type\":\"ReadAction\",\"target\":[\"https:\/\/hoyre.no\/tonsberg\/politikk\/ivareta-rekreasjonsomrader-og-livet-langs-kysten%ef%bf%bc\/\"]}]},{\"@type\":\"BreadcrumbList\",\"@id\":\"https:\/\/hoyre.no\/tonsberg\/politikk\/ivareta-rekreasjonsomrader-og-livet-langs-kysten%ef%bf%bc\/#breadcrumb\",\"itemListElement\":[{\"@type\":\"ListItem\",\"position\":1,\"name\":\"Til hoyre.no\",\"item\":\"https:\/\/hoyre.no\"},{\"@type\":\"ListItem\",\"position\":2,\"name\":\"Hjem\",\"item\":\"https:\/\/hoyre.no\/tonsberg\/\"},{\"@type\":\"ListItem\",\"position\":3,\"name\":\"Politikk\",\"item\":\"https:\/\/hoyre.no\/tonsberg\/politikk\/\"},{\"@type\":\"ListItem\",\"position\":4,\"name\":\"Ivareta rekreasjonsomr\u00e5der og livet langs kysten\ufffc\"}]},{\"@type\":\"WebSite\",\"@id\":\"https:\/\/hoyre.no\/tonsberg\/#website\",\"url\":\"https:\/\/hoyre.no\/tonsberg\/\",\"name\":\"T\u00f8nsberg H\u00f8yre\",\"description\":\"Bare enda et H\u00f8yres nettsteder-nettsted\",\"inLanguage\":\"nb-NO\"}]}<\/script>\n<!-- \/ Yoast SEO plugin. -->","yoast_head_json":{"title":"Ivareta rekreasjonsomr\u00e5der og livet langs kysten\ufffc - T\u00f8nsberg H\u00f8yre","robots":{"index":"index","follow":"follow","max-snippet":"max-snippet:-1","max-image-preview":"max-image-preview:large","max-video-preview":"max-video-preview:-1"},"canonical":"https:\/\/hoyre.no\/tonsberg\/politikk\/ivareta-rekreasjonsomrader-og-livet-langs-kysten\ufffc\/","og_locale":"nb_NO","og_type":"article","og_title":"Ivareta rekreasjonsomr\u00e5der og livet langs kysten\ufffc - T\u00f8nsberg H\u00f8yre","og_url":"https:\/\/hoyre.no\/tonsberg\/politikk\/ivareta-rekreasjonsomrader-og-livet-langs-kysten\ufffc\/","og_site_name":"T\u00f8nsberg H\u00f8yre","article_modified_time":"2023-05-02T10:49:39+00:00","og_image":[{"url":"https:\/\/hoyre.no\/content\/uploads\/sites\/353\/2023\/04\/GettyImages-597952626-1-1024x683.jpg","width":"","height":"","type":""}],"twitter_card":"summary_large_image","twitter_misc":{"Ansl. lesetid":"1 minutt"},"schema":{"@context":"https:\/\/schema.org","@graph":[{"@type":"WebPage","@id":"https:\/\/hoyre.no\/tonsberg\/politikk\/ivareta-rekreasjonsomrader-og-livet-langs-kysten%ef%bf%bc\/","url":"https:\/\/hoyre.no\/tonsberg\/politikk\/ivareta-rekreasjonsomrader-og-livet-langs-kysten%ef%bf%bc\/","name":"Ivareta rekreasjonsomr\u00e5der og livet langs kysten\ufffc - T\u00f8nsberg H\u00f8yre","isPartOf":{"@id":"https:\/\/hoyre.no\/tonsberg\/#website"},"datePublished":"2023-04-14T12:37:32+00:00","dateModified":"2023-05-02T10:49:39+00:00","breadcrumb":{"@id":"https:\/\/hoyre.no\/tonsberg\/politikk\/ivareta-rekreasjonsomrader-og-livet-langs-kysten%ef%bf%bc\/#breadcrumb"},"inLanguage":"nb-NO","potentialAction":[{"@type":"ReadAction","target":["https:\/\/hoyre.no\/tonsberg\/politikk\/ivareta-rekreasjonsomrader-og-livet-langs-kysten%ef%bf%bc\/"]}]},{"@type":"BreadcrumbList","@id":"https:\/\/hoyre.no\/tonsberg\/politikk\/ivareta-rekreasjonsomrader-og-livet-langs-kysten%ef%bf%bc\/#breadcrumb","itemListElement":[{"@type":"ListItem","position":1,"name":"Til hoyre.no","item":"https:\/\/hoyre.no"},{"@type":"ListItem","position":2,"name":"Hjem","item":"https:\/\/hoyre.no\/tonsberg\/"},{"@type":"ListItem","position":3,"name":"Politikk","item":"https:\/\/hoyre.no\/tonsberg\/politikk\/"},{"@type":"ListItem","position":4,"name":"Ivareta rekreasjonsomr\u00e5der og livet langs kysten\ufffc"}]},{"@type":"WebSite","@id":"https:\/\/hoyre.no\/tonsberg\/#website","url":"https:\/\/hoyre.no\/tonsberg\/","name":"T\u00f8nsberg H\u00f8yre","description":"Bare enda et H\u00f8yres nettsteder-nettsted","inLanguage":"nb-NO"}]}},"distributor_meta":false,"distributor_terms":false,"distributor_media":false,"distributor_original_site_name":"T\u00f8nsberg H\u00f8yre","distributor_original_site_url":"https:\/\/hoyre.no\/tonsberg","push-errors":false,"_links":{"self":[{"href":"https:\/\/hoyre.no\/tonsberg\/wp-json\/wp\/v2\/pages\/1374","targetHints":{"allow":["GET"]}}],"collection":[{"href":"https:\/\/hoyre.no\/tonsberg\/wp-json\/wp\/v2\/pages"}],"about":[{"href":"https:\/\/hoyre.no\/tonsberg\/wp-json\/wp\/v2\/types\/page"}],"author":[{"embeddable":true,"href":"https:\/\/hoyre.no\/tonsberg\/wp-json\/wp\/v2\/users\/14966"}],"replies":[{"embeddable":true,"href":"https:\/\/hoyre.no\/tonsberg\/wp-json\/wp\/v2\/comments?post=1374"}],"version-history":[{"count":1,"href":"https:\/\/hoyre.no\/tonsberg\/wp-json\/wp\/v2\/pages\/1374\/revisions"}],"predecessor-version":[{"id":1377,"href":"https:\/\/hoyre.no\/tonsberg\/wp-json\/wp\/v2\/pages\/1374\/revisions\/1377"}],"up":[{"embeddable":true,"href":"https:\/\/hoyre.no\/tonsberg\/wp-json\/wp\/v2\/pages\/1438"}],"wp:attachment":[{"href":"https:\/\/hoyre.no\/tonsberg\/wp-json\/wp\/v2\/media?parent=1374"}],"curies":[{"name":"wp","href":"https:\/\/api.w.org\/{rel}","templated":true}]}}