{"id":1379,"date":"2023-04-14T14:47:12","date_gmt":"2023-04-14T12:47:12","guid":{"rendered":"https:\/\/hoyre.no\/tonsberg\/?page_id=1379"},"modified":"2023-05-02T12:49:39","modified_gmt":"2023-05-02T10:49:39","slug":"god-inkludering-gir-muligheter-for-alle%ef%bf%bc","status":"publish","type":"page","link":"https:\/\/hoyre.no\/tonsberg\/politikk\/god-inkludering-gir-muligheter-for-alle%ef%bf%bc\/","title":{"rendered":"God inkludering gir muligheter for alle\ufffc"},"content":{"rendered":"\n\t\t<div class=\" has-simple-highlight style-white has-mobile-text-aligned-center slogan-type-custom wp-block-hoyre-slogan\">\n\t\t\t<div class=\"slogan-container\">\n\t\t\t\t<div class=\"slogan__image\">\n\t\t\t\t\t<img loading=\"lazy\" decoding=\"async\" width=\"2500\" height=\"1667\" src=\"https:\/\/hoyre.no\/content\/uploads\/sites\/353\/2023\/04\/GettyImages-1388378934-scaled.jpg\" class=\"slogan__background-media\" alt=\"\" style=\"--focal-point: 50% 65%;\" srcset=\"https:\/\/hoyre.no\/content\/uploads\/sites\/353\/2023\/04\/GettyImages-1388378934-scaled.jpg 2500w, https:\/\/hoyre.no\/content\/uploads\/sites\/353\/2023\/04\/GettyImages-1388378934-300x200.jpg 300w, https:\/\/hoyre.no\/content\/uploads\/sites\/353\/2023\/04\/GettyImages-1388378934-1024x683.jpg 1024w, https:\/\/hoyre.no\/content\/uploads\/sites\/353\/2023\/04\/GettyImages-1388378934-768x512.jpg 768w, https:\/\/hoyre.no\/content\/uploads\/sites\/353\/2023\/04\/GettyImages-1388378934-1536x1024.jpg 1536w, https:\/\/hoyre.no\/content\/uploads\/sites\/353\/2023\/04\/GettyImages-1388378934-2048x1365.jpg 2048w\" sizes=\"auto, (max-width: 2500px) 100vw, 2500px\" \/>\n\t\t\t\t<\/div>\n\t\t\t\t<div class=\"slogan__content\">\n\t\t\t\t\t<img loading=\"lazy\" decoding=\"async\" width=\"1024\" height=\"588\" src=\"https:\/\/hoyre.no\/content\/uploads\/sites\/353\/2023\/03\/Pa-lag-med-Tonsberg-1024x588.png\" class=\"slogan__slogan-image\" alt=\"\" srcset=\"https:\/\/hoyre.no\/content\/uploads\/sites\/353\/2023\/03\/Pa-lag-med-Tonsberg-1024x588.png 1024w, https:\/\/hoyre.no\/content\/uploads\/sites\/353\/2023\/03\/Pa-lag-med-Tonsberg-300x172.png 300w, https:\/\/hoyre.no\/content\/uploads\/sites\/353\/2023\/03\/Pa-lag-med-Tonsberg-768x441.png 768w, https:\/\/hoyre.no\/content\/uploads\/sites\/353\/2023\/03\/Pa-lag-med-Tonsberg.png 1033w\" sizes=\"auto, (max-width: 1024px) 100vw, 1024px\" \/>\n\t\t\t\t\t<h2 class=\"screen-reader-text\">P\u00e5 lag med T\u00f8nsberg<\/h2>\n\t\t\t\t\t<p>I T\u00f8nsberg skal alle kommunens innbyggere ha likeverdige muligheter til \u00e5 bidra og delta i fellesskapet. Alle skal kunne v\u00e6re den man er, og tro p\u00e5 det man vil.<\/p>\n\t\t\t\t\t\n\t\t\t\t<\/div>\n\t\t\t<\/div>\n\t\t\t\n\t\t<\/div>\n\t\t\n\n\n\n<h1 class=\"wp-block-heading\">God inkludering gir muligheter for alle<\/h1>\n\n\n\n<p>I T\u00f8nsberg skal alle kommunens innbyggere ha likeverdige muligheter til \u00e5 bidra og delta i fellesskapet. Alle skal kunne v\u00e6re den man er, og tro p\u00e5 det man vil. Alle skal ha like muligheter og rettigheter uavhengig av hvem man er, og hvor man kommer fra. T\u00f8nsberg H\u00f8yre mener respekt, likeverd og inkludering er viktig for at alle skal kunne delta i samfunnet p\u00e5 like vilk\u00e5r.<\/p>\n\n\n\n<p>Gode norskkunnskaper er viktig for \u00e5 komme i arbeid og for \u00e5 delta i sivilsamfunnet. Skal foreldrene forst\u00e5 samfunnet deres barn vokser opp i, m\u00e5 de forst\u00e5 hva som blir sagt p\u00e5 foreldrem\u00f8ter og i samfunnet. Alle skal ha rett til \u00e5 leve frie og selvstendige liv uten tvang, trusler og vold. Altfor mange fratas disse grunnleggende rettighetene, og dessverre er innvandrere mest utsatt.\u00a0<\/p>\n\n\n\n<div class=\"wp-block-teft-factbox is-style-blue\"><div class=\"factbox-inner\"><div class=\"entry-content\"><h4 class=\"toggle\">T\u00f8nsberg H\u00f8yre vil:<\/h4>\n<ul class=\"wp-block-list\"><li>s\u00f8rge for at introduksjonsprogrammet er tilpasset den enkelte<\/li><li>utvide tilbud om spisset arbeidsrettet spr\u00e5koppl\u00e6ring i samarbeid med ulike bransjer&nbsp;<\/li><li>legge til rette for frivillige st\u00f8ttegrupper som hjelper til med norskoppl\u00e6ringen<\/li><li>g\u00e5 i dialog med fylkeskommunen for at flere skal f\u00e5 mulighet til \u00e5 ta fagbrev gjennom introduksjonsprogrammet, for eksempel ved tilpasset yrkesrettet videreg\u00e5ende oppl\u00e6ring eller modulbasert oppl\u00e6ring<\/li><li>\u00f8ke kompetansen om og ha en egen handlingsplan mot negativ sosial kontroll og vold i n\u00e6re relasjoner, herunder \u00e6resvold og kj\u00f8nnslemlestelse<\/li><li>f\u00e5 flere innvandrerkvinner i arbeid, blant annet ved \u00e5 oppmuntre kommunen til \u00e5 etablere fadderordninger, samarbeide med sosiale entrepren\u00f8rer og utvide Jobbsjansen<\/li><li>styrke frivilligheten og idrettens rolle i integreringsarbeidet gjennom tilrettelegging og st\u00f8tte til lavterskeltilbud<\/li><li>innf\u00f8re en \u00abinnflytterpakke\u00bb med informasjon om kommunens tilbud samt hvordan man best kan finne frem i v\u00e5r kommune<\/li><li>legge til rette for hverdagsintegrering som skaper tilh\u00f8righet til lokalsamfunnet gjennom tiltak som Flyktningevenn og mentorprogram for flyktninger<\/li><\/ul>\n<\/div><\/div><\/div>\n\n","protected":false},"excerpt":{"rendered":"","protected":false},"author":14966,"featured_media":0,"parent":1438,"menu_order":0,"comment_status":"closed","ping_status":"closed","template":"","meta":{"teft_cards_image_url":"","teft_cards_custom_pretitle":"","teft_cards_image_id":1380,"teft_cards_image_focal_point_x":0.5,"teft_cards_image_focal_point_y":0.5,"teft_cards_title":"","teft_cards_excerpt":"","teft_show_chapters":false,"footnotes":""},"class_list":["post-1379","page","type-page","status-publish","hentry"],"yoast_head":"<!-- This site is optimized with the Yoast SEO plugin v26.6 - https:\/\/yoast.com\/wordpress\/plugins\/seo\/ -->\n<title>God inkludering gir muligheter for alle\ufffc - T\u00f8nsberg H\u00f8yre<\/title>\n<meta name=\"robots\" content=\"index, follow, max-snippet:-1, max-image-preview:large, max-video-preview:-1\" \/>\n<link rel=\"canonical\" href=\"https:\/\/hoyre.no\/tonsberg\/politikk\/god-inkludering-gir-muligheter-for-alle\ufffc\/\" \/>\n<meta property=\"og:locale\" content=\"nb_NO\" \/>\n<meta property=\"og:type\" content=\"article\" \/>\n<meta property=\"og:title\" content=\"God inkludering gir muligheter for alle\ufffc - T\u00f8nsberg H\u00f8yre\" \/>\n<meta property=\"og:url\" content=\"https:\/\/hoyre.no\/tonsberg\/politikk\/god-inkludering-gir-muligheter-for-alle\ufffc\/\" \/>\n<meta property=\"og:site_name\" content=\"T\u00f8nsberg H\u00f8yre\" \/>\n<meta property=\"article:modified_time\" content=\"2023-05-02T10:49:39+00:00\" \/>\n<meta property=\"og:image\" content=\"https:\/\/hoyre.no\/content\/uploads\/sites\/353\/2023\/04\/GettyImages-1388378934-1024x683.jpg\" \/>\n<meta name=\"twitter:card\" content=\"summary_large_image\" \/>\n<meta name=\"twitter:label1\" content=\"Ansl. lesetid\" \/>\n\t<meta name=\"twitter:data1\" content=\"2 minutter\" \/>\n<script type=\"application\/ld+json\" class=\"yoast-schema-graph\">{\"@context\":\"https:\/\/schema.org\",\"@graph\":[{\"@type\":\"WebPage\",\"@id\":\"https:\/\/hoyre.no\/tonsberg\/politikk\/god-inkludering-gir-muligheter-for-alle%ef%bf%bc\/\",\"url\":\"https:\/\/hoyre.no\/tonsberg\/politikk\/god-inkludering-gir-muligheter-for-alle%ef%bf%bc\/\",\"name\":\"God inkludering gir muligheter for alle\ufffc - T\u00f8nsberg H\u00f8yre\",\"isPartOf\":{\"@id\":\"https:\/\/hoyre.no\/tonsberg\/#website\"},\"datePublished\":\"2023-04-14T12:47:12+00:00\",\"dateModified\":\"2023-05-02T10:49:39+00:00\",\"breadcrumb\":{\"@id\":\"https:\/\/hoyre.no\/tonsberg\/politikk\/god-inkludering-gir-muligheter-for-alle%ef%bf%bc\/#breadcrumb\"},\"inLanguage\":\"nb-NO\",\"potentialAction\":[{\"@type\":\"ReadAction\",\"target\":[\"https:\/\/hoyre.no\/tonsberg\/politikk\/god-inkludering-gir-muligheter-for-alle%ef%bf%bc\/\"]}]},{\"@type\":\"BreadcrumbList\",\"@id\":\"https:\/\/hoyre.no\/tonsberg\/politikk\/god-inkludering-gir-muligheter-for-alle%ef%bf%bc\/#breadcrumb\",\"itemListElement\":[{\"@type\":\"ListItem\",\"position\":1,\"name\":\"Til hoyre.no\",\"item\":\"https:\/\/hoyre.no\"},{\"@type\":\"ListItem\",\"position\":2,\"name\":\"Hjem\",\"item\":\"https:\/\/hoyre.no\/tonsberg\/\"},{\"@type\":\"ListItem\",\"position\":3,\"name\":\"Politikk\",\"item\":\"https:\/\/hoyre.no\/tonsberg\/politikk\/\"},{\"@type\":\"ListItem\",\"position\":4,\"name\":\"God inkludering gir muligheter for alle\ufffc\"}]},{\"@type\":\"WebSite\",\"@id\":\"https:\/\/hoyre.no\/tonsberg\/#website\",\"url\":\"https:\/\/hoyre.no\/tonsberg\/\",\"name\":\"T\u00f8nsberg H\u00f8yre\",\"description\":\"Bare enda et H\u00f8yres nettsteder-nettsted\",\"inLanguage\":\"nb-NO\"}]}<\/script>\n<!-- \/ Yoast SEO plugin. -->","yoast_head_json":{"title":"God inkludering gir muligheter for alle\ufffc - T\u00f8nsberg H\u00f8yre","robots":{"index":"index","follow":"follow","max-snippet":"max-snippet:-1","max-image-preview":"max-image-preview:large","max-video-preview":"max-video-preview:-1"},"canonical":"https:\/\/hoyre.no\/tonsberg\/politikk\/god-inkludering-gir-muligheter-for-alle\ufffc\/","og_locale":"nb_NO","og_type":"article","og_title":"God inkludering gir muligheter for alle\ufffc - T\u00f8nsberg H\u00f8yre","og_url":"https:\/\/hoyre.no\/tonsberg\/politikk\/god-inkludering-gir-muligheter-for-alle\ufffc\/","og_site_name":"T\u00f8nsberg H\u00f8yre","article_modified_time":"2023-05-02T10:49:39+00:00","og_image":[{"url":"https:\/\/hoyre.no\/content\/uploads\/sites\/353\/2023\/04\/GettyImages-1388378934-1024x683.jpg","width":"","height":"","type":""}],"twitter_card":"summary_large_image","twitter_misc":{"Ansl. lesetid":"2 minutter"},"schema":{"@context":"https:\/\/schema.org","@graph":[{"@type":"WebPage","@id":"https:\/\/hoyre.no\/tonsberg\/politikk\/god-inkludering-gir-muligheter-for-alle%ef%bf%bc\/","url":"https:\/\/hoyre.no\/tonsberg\/politikk\/god-inkludering-gir-muligheter-for-alle%ef%bf%bc\/","name":"God inkludering gir muligheter for alle\ufffc - T\u00f8nsberg H\u00f8yre","isPartOf":{"@id":"https:\/\/hoyre.no\/tonsberg\/#website"},"datePublished":"2023-04-14T12:47:12+00:00","dateModified":"2023-05-02T10:49:39+00:00","breadcrumb":{"@id":"https:\/\/hoyre.no\/tonsberg\/politikk\/god-inkludering-gir-muligheter-for-alle%ef%bf%bc\/#breadcrumb"},"inLanguage":"nb-NO","potentialAction":[{"@type":"ReadAction","target":["https:\/\/hoyre.no\/tonsberg\/politikk\/god-inkludering-gir-muligheter-for-alle%ef%bf%bc\/"]}]},{"@type":"BreadcrumbList","@id":"https:\/\/hoyre.no\/tonsberg\/politikk\/god-inkludering-gir-muligheter-for-alle%ef%bf%bc\/#breadcrumb","itemListElement":[{"@type":"ListItem","position":1,"name":"Til hoyre.no","item":"https:\/\/hoyre.no"},{"@type":"ListItem","position":2,"name":"Hjem","item":"https:\/\/hoyre.no\/tonsberg\/"},{"@type":"ListItem","position":3,"name":"Politikk","item":"https:\/\/hoyre.no\/tonsberg\/politikk\/"},{"@type":"ListItem","position":4,"name":"God inkludering gir muligheter for alle\ufffc"}]},{"@type":"WebSite","@id":"https:\/\/hoyre.no\/tonsberg\/#website","url":"https:\/\/hoyre.no\/tonsberg\/","name":"T\u00f8nsberg H\u00f8yre","description":"Bare enda et H\u00f8yres nettsteder-nettsted","inLanguage":"nb-NO"}]}},"distributor_meta":false,"distributor_terms":false,"distributor_media":false,"distributor_original_site_name":"T\u00f8nsberg H\u00f8yre","distributor_original_site_url":"https:\/\/hoyre.no\/tonsberg","push-errors":false,"_links":{"self":[{"href":"https:\/\/hoyre.no\/tonsberg\/wp-json\/wp\/v2\/pages\/1379","targetHints":{"allow":["GET"]}}],"collection":[{"href":"https:\/\/hoyre.no\/tonsberg\/wp-json\/wp\/v2\/pages"}],"about":[{"href":"https:\/\/hoyre.no\/tonsberg\/wp-json\/wp\/v2\/types\/page"}],"author":[{"embeddable":true,"href":"https:\/\/hoyre.no\/tonsberg\/wp-json\/wp\/v2\/users\/14966"}],"replies":[{"embeddable":true,"href":"https:\/\/hoyre.no\/tonsberg\/wp-json\/wp\/v2\/comments?post=1379"}],"version-history":[{"count":1,"href":"https:\/\/hoyre.no\/tonsberg\/wp-json\/wp\/v2\/pages\/1379\/revisions"}],"predecessor-version":[{"id":1381,"href":"https:\/\/hoyre.no\/tonsberg\/wp-json\/wp\/v2\/pages\/1379\/revisions\/1381"}],"up":[{"embeddable":true,"href":"https:\/\/hoyre.no\/tonsberg\/wp-json\/wp\/v2\/pages\/1438"}],"wp:attachment":[{"href":"https:\/\/hoyre.no\/tonsberg\/wp-json\/wp\/v2\/media?parent=1379"}],"curies":[{"name":"wp","href":"https:\/\/api.w.org\/{rel}","templated":true}]}}