{"id":1385,"date":"2023-04-14T14:54:11","date_gmt":"2023-04-14T12:54:11","guid":{"rendered":"https:\/\/hoyre.no\/tonsberg\/?page_id=1385"},"modified":"2023-05-02T12:49:39","modified_gmt":"2023-05-02T10:49:39","slug":"en-bedre-hverdag-for-mennesker-med-funksjonsnedsettelse","status":"publish","type":"page","link":"https:\/\/hoyre.no\/tonsberg\/politikk\/en-bedre-hverdag-for-mennesker-med-funksjonsnedsettelse\/","title":{"rendered":"En bedre hverdag for mennesker med funksjonsnedsettelse\u00a0"},"content":{"rendered":"\n\t\t<div class=\" has-simple-highlight style-white has-mobile-text-aligned-center slogan-type-custom wp-block-hoyre-slogan\">\n\t\t\t<div class=\"slogan-container\">\n\t\t\t\t<div class=\"slogan__image\">\n\t\t\t\t\t<img loading=\"lazy\" decoding=\"async\" width=\"2500\" height=\"1664\" src=\"https:\/\/hoyre.no\/content\/uploads\/sites\/353\/2023\/04\/GettyImages-523157876-scaled.jpg\" class=\"slogan__background-media\" alt=\"Barn i rullestol\" style=\"--focal-point: 50% 65%;\" srcset=\"https:\/\/hoyre.no\/content\/uploads\/sites\/353\/2023\/04\/GettyImages-523157876-scaled.jpg 2500w, https:\/\/hoyre.no\/content\/uploads\/sites\/353\/2023\/04\/GettyImages-523157876-300x200.jpg 300w, https:\/\/hoyre.no\/content\/uploads\/sites\/353\/2023\/04\/GettyImages-523157876-1024x682.jpg 1024w, https:\/\/hoyre.no\/content\/uploads\/sites\/353\/2023\/04\/GettyImages-523157876-768x511.jpg 768w, https:\/\/hoyre.no\/content\/uploads\/sites\/353\/2023\/04\/GettyImages-523157876-1536x1022.jpg 1536w, https:\/\/hoyre.no\/content\/uploads\/sites\/353\/2023\/04\/GettyImages-523157876-2048x1363.jpg 2048w\" sizes=\"auto, (max-width: 2500px) 100vw, 2500px\" \/>\n\t\t\t\t<\/div>\n\t\t\t\t<div class=\"slogan__content\">\n\t\t\t\t\t<img loading=\"lazy\" decoding=\"async\" width=\"1024\" height=\"588\" src=\"https:\/\/hoyre.no\/content\/uploads\/sites\/353\/2023\/03\/Pa-lag-med-Tonsberg-1024x588.png\" class=\"slogan__slogan-image\" alt=\"\" srcset=\"https:\/\/hoyre.no\/content\/uploads\/sites\/353\/2023\/03\/Pa-lag-med-Tonsberg-1024x588.png 1024w, https:\/\/hoyre.no\/content\/uploads\/sites\/353\/2023\/03\/Pa-lag-med-Tonsberg-300x172.png 300w, https:\/\/hoyre.no\/content\/uploads\/sites\/353\/2023\/03\/Pa-lag-med-Tonsberg-768x441.png 768w, https:\/\/hoyre.no\/content\/uploads\/sites\/353\/2023\/03\/Pa-lag-med-Tonsberg.png 1033w\" sizes=\"auto, (max-width: 1024px) 100vw, 1024px\" \/>\n\t\t\t\t\t<h2 class=\"screen-reader-text\">P\u00e5 lag med T\u00f8nsberg<\/h2>\n\t\t\t\t\t<p>T\u00f8nsberg H\u00f8yres utgangspunkt er \u00e5 bidra til at hverdagen skal bli s\u00e5 god som mulig, og at vi tilpasser systemene til menneskene og ikke motsatt.\u00a0<\/p>\n\t\t\t\t\t\n\t\t\t\t<\/div>\n\t\t\t<\/div>\n\t\t\t\n\t\t<\/div>\n\t\t\n\n\n\n<h1 class=\"wp-block-heading\">En bedre hverdag for mennesker med funksjonsnedsettelse<\/h1>\n\n\n\n<p>T\u00f8nsberg H\u00f8yre vil ha et samfunn som gir muligheter for alle. Vi vil at individet alltid skal settes i sentrum. Hverdagen til personer med funksjonsnedsettelse og deres p\u00e5r\u00f8rende kan best\u00e5 av ulike typer utfordringer, alt fra barnehage og skole, til transport, bosituasjon, fritidstilbud, dagtilbud, assistanse og avlastning. T\u00f8nsberg H\u00f8yres utgangspunkt er \u00e5 bidra til at hverdagen skal bli s\u00e5 god som mulig, og at vi tilpasser systemene til menneskene og ikke motsatt.\u00a0<\/p>\n\n\n\n<p>H\u00f8yres m\u00e5l er at alle som har rett p\u00e5 st\u00f8tte og assistanse, f\u00e5r det, og at familier f\u00e5r den avlastningen de trenger for \u00e5 mestre hverdagen. Vi vil at alle assistansetjenester og brukerstyrt personlig assistent (BPA) skal v\u00e6re fleksible og tilpasset den enkelte. Vedtak om avlastningstilbud, som gj\u00f8res i kommunen, skal tilrettelegge for at den enkelte f\u00e5r et reelt fritt brukervalg n\u00e5r det gjelder tjenesten. T\u00f8nsberg H\u00f8yre vil ha et s\u00f8ml\u00f8st system der det skal v\u00e6re en s\u00f8knadsordning for all assistanse og BPA-ordninger som vil gj\u00f8re det enklere for brukeren og de p\u00e5r\u00f8rende \u00e5 s\u00f8ke om assistanse.<\/p>\n\n\n\n<div class=\"wp-block-teft-factbox is-style-blue\"><div class=\"factbox-inner\"><div class=\"entry-content\"><h4 class=\"toggle\">T\u00f8nsberg H\u00f8yre vil:<\/h4>\n<ul class=\"wp-block-list\"><li>at vedtak om avlastningstilbud som gj\u00f8res i kommunen, skal legge til rette for at den enkelte f\u00e5r et reelt fritt brukervalg i valg av tjeneste&nbsp;<\/li><li>se p\u00e5 muligheten for at alle som har nedsatt funksjonsevne, skal kunne delta i fritidstilbud og fysisk aktivitet og ha ferier som ogs\u00e5 sikrer avlastning for p\u00e5r\u00f8rende&nbsp;<\/li><li>bedre rettighetene og valgfriheten for personer som er avhengig av BPA<\/li><li>legge til rette for private tilbydere av BPA i T\u00f8nsberg kommune<\/li><li>s\u00f8rge for et meningsfylt dagtilbud for personer som ikke er i arbeid<\/li><li>at alle som er s\u00f8sken til personer med nedsatt funksjonsevne, skal f\u00e5 tilbud om deltagelse i relevante st\u00f8ttegrupper<\/li><li>arbeide for at p\u00e5r\u00f8rende til personer med nedsatt funksjonsevne skal ha \u00e9n kontaktperson \u00e5 forholde seg til i kommunen, uansett livsfase<\/li><li>vurdere en ordning med st\u00f8ttekontakt for personer i d\u00f8gnbemannede boliger der det er behov<\/li><\/ul>\n<\/div><\/div><\/div>\n\n","protected":false},"excerpt":{"rendered":"","protected":false},"author":14966,"featured_media":0,"parent":1438,"menu_order":0,"comment_status":"closed","ping_status":"closed","template":"","meta":{"teft_cards_image_url":"","teft_cards_custom_pretitle":"","teft_cards_image_id":1313,"teft_cards_image_focal_point_x":0.5,"teft_cards_image_focal_point_y":0.5,"teft_cards_title":"","teft_cards_excerpt":"","teft_show_chapters":false,"footnotes":""},"class_list":["post-1385","page","type-page","status-publish","hentry"],"yoast_head":"<!-- This site is optimized with the Yoast SEO plugin v26.6 - https:\/\/yoast.com\/wordpress\/plugins\/seo\/ -->\n<title>En bedre hverdag for mennesker med funksjonsnedsettelse\u00a0 - T\u00f8nsberg H\u00f8yre<\/title>\n<meta name=\"robots\" content=\"index, follow, max-snippet:-1, max-image-preview:large, max-video-preview:-1\" \/>\n<link rel=\"canonical\" href=\"https:\/\/hoyre.no\/tonsberg\/politikk\/en-bedre-hverdag-for-mennesker-med-funksjonsnedsettelse\/\" \/>\n<meta property=\"og:locale\" content=\"nb_NO\" \/>\n<meta property=\"og:type\" content=\"article\" \/>\n<meta property=\"og:title\" content=\"En bedre hverdag for mennesker med funksjonsnedsettelse\u00a0 - T\u00f8nsberg H\u00f8yre\" \/>\n<meta property=\"og:url\" content=\"https:\/\/hoyre.no\/tonsberg\/politikk\/en-bedre-hverdag-for-mennesker-med-funksjonsnedsettelse\/\" \/>\n<meta property=\"og:site_name\" content=\"T\u00f8nsberg H\u00f8yre\" \/>\n<meta property=\"article:modified_time\" content=\"2023-05-02T10:49:39+00:00\" \/>\n<meta property=\"og:image\" content=\"https:\/\/hoyre.no\/content\/uploads\/sites\/353\/2023\/04\/GettyImages-523157876-1024x682.jpg\" \/>\n<meta name=\"twitter:card\" content=\"summary_large_image\" \/>\n<meta name=\"twitter:label1\" content=\"Ansl. lesetid\" \/>\n\t<meta name=\"twitter:data1\" content=\"2 minutter\" \/>\n<script type=\"application\/ld+json\" class=\"yoast-schema-graph\">{\"@context\":\"https:\/\/schema.org\",\"@graph\":[{\"@type\":\"WebPage\",\"@id\":\"https:\/\/hoyre.no\/tonsberg\/politikk\/en-bedre-hverdag-for-mennesker-med-funksjonsnedsettelse\/\",\"url\":\"https:\/\/hoyre.no\/tonsberg\/politikk\/en-bedre-hverdag-for-mennesker-med-funksjonsnedsettelse\/\",\"name\":\"En bedre hverdag for mennesker med funksjonsnedsettelse\u00a0 - T\u00f8nsberg H\u00f8yre\",\"isPartOf\":{\"@id\":\"https:\/\/hoyre.no\/tonsberg\/#website\"},\"datePublished\":\"2023-04-14T12:54:11+00:00\",\"dateModified\":\"2023-05-02T10:49:39+00:00\",\"breadcrumb\":{\"@id\":\"https:\/\/hoyre.no\/tonsberg\/politikk\/en-bedre-hverdag-for-mennesker-med-funksjonsnedsettelse\/#breadcrumb\"},\"inLanguage\":\"nb-NO\",\"potentialAction\":[{\"@type\":\"ReadAction\",\"target\":[\"https:\/\/hoyre.no\/tonsberg\/politikk\/en-bedre-hverdag-for-mennesker-med-funksjonsnedsettelse\/\"]}]},{\"@type\":\"BreadcrumbList\",\"@id\":\"https:\/\/hoyre.no\/tonsberg\/politikk\/en-bedre-hverdag-for-mennesker-med-funksjonsnedsettelse\/#breadcrumb\",\"itemListElement\":[{\"@type\":\"ListItem\",\"position\":1,\"name\":\"Til hoyre.no\",\"item\":\"https:\/\/hoyre.no\"},{\"@type\":\"ListItem\",\"position\":2,\"name\":\"Hjem\",\"item\":\"https:\/\/hoyre.no\/tonsberg\/\"},{\"@type\":\"ListItem\",\"position\":3,\"name\":\"Politikk\",\"item\":\"https:\/\/hoyre.no\/tonsberg\/politikk\/\"},{\"@type\":\"ListItem\",\"position\":4,\"name\":\"En bedre hverdag for mennesker med funksjonsnedsettelse\u00a0\"}]},{\"@type\":\"WebSite\",\"@id\":\"https:\/\/hoyre.no\/tonsberg\/#website\",\"url\":\"https:\/\/hoyre.no\/tonsberg\/\",\"name\":\"T\u00f8nsberg H\u00f8yre\",\"description\":\"Bare enda et H\u00f8yres nettsteder-nettsted\",\"inLanguage\":\"nb-NO\"}]}<\/script>\n<!-- \/ Yoast SEO plugin. -->","yoast_head_json":{"title":"En bedre hverdag for mennesker med funksjonsnedsettelse\u00a0 - T\u00f8nsberg H\u00f8yre","robots":{"index":"index","follow":"follow","max-snippet":"max-snippet:-1","max-image-preview":"max-image-preview:large","max-video-preview":"max-video-preview:-1"},"canonical":"https:\/\/hoyre.no\/tonsberg\/politikk\/en-bedre-hverdag-for-mennesker-med-funksjonsnedsettelse\/","og_locale":"nb_NO","og_type":"article","og_title":"En bedre hverdag for mennesker med funksjonsnedsettelse\u00a0 - T\u00f8nsberg H\u00f8yre","og_url":"https:\/\/hoyre.no\/tonsberg\/politikk\/en-bedre-hverdag-for-mennesker-med-funksjonsnedsettelse\/","og_site_name":"T\u00f8nsberg H\u00f8yre","article_modified_time":"2023-05-02T10:49:39+00:00","og_image":[{"url":"https:\/\/hoyre.no\/content\/uploads\/sites\/353\/2023\/04\/GettyImages-523157876-1024x682.jpg","width":"","height":"","type":""}],"twitter_card":"summary_large_image","twitter_misc":{"Ansl. lesetid":"2 minutter"},"schema":{"@context":"https:\/\/schema.org","@graph":[{"@type":"WebPage","@id":"https:\/\/hoyre.no\/tonsberg\/politikk\/en-bedre-hverdag-for-mennesker-med-funksjonsnedsettelse\/","url":"https:\/\/hoyre.no\/tonsberg\/politikk\/en-bedre-hverdag-for-mennesker-med-funksjonsnedsettelse\/","name":"En bedre hverdag for mennesker med funksjonsnedsettelse\u00a0 - T\u00f8nsberg H\u00f8yre","isPartOf":{"@id":"https:\/\/hoyre.no\/tonsberg\/#website"},"datePublished":"2023-04-14T12:54:11+00:00","dateModified":"2023-05-02T10:49:39+00:00","breadcrumb":{"@id":"https:\/\/hoyre.no\/tonsberg\/politikk\/en-bedre-hverdag-for-mennesker-med-funksjonsnedsettelse\/#breadcrumb"},"inLanguage":"nb-NO","potentialAction":[{"@type":"ReadAction","target":["https:\/\/hoyre.no\/tonsberg\/politikk\/en-bedre-hverdag-for-mennesker-med-funksjonsnedsettelse\/"]}]},{"@type":"BreadcrumbList","@id":"https:\/\/hoyre.no\/tonsberg\/politikk\/en-bedre-hverdag-for-mennesker-med-funksjonsnedsettelse\/#breadcrumb","itemListElement":[{"@type":"ListItem","position":1,"name":"Til hoyre.no","item":"https:\/\/hoyre.no"},{"@type":"ListItem","position":2,"name":"Hjem","item":"https:\/\/hoyre.no\/tonsberg\/"},{"@type":"ListItem","position":3,"name":"Politikk","item":"https:\/\/hoyre.no\/tonsberg\/politikk\/"},{"@type":"ListItem","position":4,"name":"En bedre hverdag for mennesker med funksjonsnedsettelse\u00a0"}]},{"@type":"WebSite","@id":"https:\/\/hoyre.no\/tonsberg\/#website","url":"https:\/\/hoyre.no\/tonsberg\/","name":"T\u00f8nsberg H\u00f8yre","description":"Bare enda et H\u00f8yres nettsteder-nettsted","inLanguage":"nb-NO"}]}},"distributor_meta":false,"distributor_terms":false,"distributor_media":false,"distributor_original_site_name":"T\u00f8nsberg H\u00f8yre","distributor_original_site_url":"https:\/\/hoyre.no\/tonsberg","push-errors":false,"_links":{"self":[{"href":"https:\/\/hoyre.no\/tonsberg\/wp-json\/wp\/v2\/pages\/1385","targetHints":{"allow":["GET"]}}],"collection":[{"href":"https:\/\/hoyre.no\/tonsberg\/wp-json\/wp\/v2\/pages"}],"about":[{"href":"https:\/\/hoyre.no\/tonsberg\/wp-json\/wp\/v2\/types\/page"}],"author":[{"embeddable":true,"href":"https:\/\/hoyre.no\/tonsberg\/wp-json\/wp\/v2\/users\/14966"}],"replies":[{"embeddable":true,"href":"https:\/\/hoyre.no\/tonsberg\/wp-json\/wp\/v2\/comments?post=1385"}],"version-history":[{"count":1,"href":"https:\/\/hoyre.no\/tonsberg\/wp-json\/wp\/v2\/pages\/1385\/revisions"}],"predecessor-version":[{"id":1386,"href":"https:\/\/hoyre.no\/tonsberg\/wp-json\/wp\/v2\/pages\/1385\/revisions\/1386"}],"up":[{"embeddable":true,"href":"https:\/\/hoyre.no\/tonsberg\/wp-json\/wp\/v2\/pages\/1438"}],"wp:attachment":[{"href":"https:\/\/hoyre.no\/tonsberg\/wp-json\/wp\/v2\/media?parent=1385"}],"curies":[{"name":"wp","href":"https:\/\/api.w.org\/{rel}","templated":true}]}}