{"id":1408,"date":"2023-04-14T15:28:30","date_gmt":"2023-04-14T13:28:30","guid":{"rendered":"https:\/\/hoyre.no\/tonsberg\/?page_id=1408"},"modified":"2023-05-02T12:49:36","modified_gmt":"2023-05-02T10:49:36","slug":"folkehelse-og-friluftsliv%ef%bf%bc","status":"publish","type":"page","link":"https:\/\/hoyre.no\/tonsberg\/politikk\/folkehelse-og-friluftsliv%ef%bf%bc\/","title":{"rendered":"Folkehelse og friluftsliv\ufffc"},"content":{"rendered":"\n\t\t<div class=\" has-simple-highlight style-white has-mobile-text-aligned-center slogan-type-custom wp-block-hoyre-slogan\">\n\t\t\t<div class=\"slogan-container\">\n\t\t\t\t<div class=\"slogan__image\">\n\t\t\t\t\t<img loading=\"lazy\" decoding=\"async\" width=\"2500\" height=\"1667\" src=\"https:\/\/hoyre.no\/content\/uploads\/sites\/353\/2023\/04\/GettyImages-1337921116-scaled.jpg\" class=\"slogan__background-media\" alt=\"\" style=\"--focal-point: 50% 65%;\" srcset=\"https:\/\/hoyre.no\/content\/uploads\/sites\/353\/2023\/04\/GettyImages-1337921116-scaled.jpg 2500w, https:\/\/hoyre.no\/content\/uploads\/sites\/353\/2023\/04\/GettyImages-1337921116-300x200.jpg 300w, https:\/\/hoyre.no\/content\/uploads\/sites\/353\/2023\/04\/GettyImages-1337921116-1024x683.jpg 1024w, https:\/\/hoyre.no\/content\/uploads\/sites\/353\/2023\/04\/GettyImages-1337921116-768x512.jpg 768w, https:\/\/hoyre.no\/content\/uploads\/sites\/353\/2023\/04\/GettyImages-1337921116-1536x1025.jpg 1536w, https:\/\/hoyre.no\/content\/uploads\/sites\/353\/2023\/04\/GettyImages-1337921116-2048x1366.jpg 2048w\" sizes=\"auto, (max-width: 2500px) 100vw, 2500px\" \/>\n\t\t\t\t<\/div>\n\t\t\t\t<div class=\"slogan__content\">\n\t\t\t\t\t<img loading=\"lazy\" decoding=\"async\" width=\"1024\" height=\"588\" src=\"https:\/\/hoyre.no\/content\/uploads\/sites\/353\/2023\/03\/Pa-lag-med-Tonsberg-1024x588.png\" class=\"slogan__slogan-image\" alt=\"\" srcset=\"https:\/\/hoyre.no\/content\/uploads\/sites\/353\/2023\/03\/Pa-lag-med-Tonsberg-1024x588.png 1024w, https:\/\/hoyre.no\/content\/uploads\/sites\/353\/2023\/03\/Pa-lag-med-Tonsberg-300x172.png 300w, https:\/\/hoyre.no\/content\/uploads\/sites\/353\/2023\/03\/Pa-lag-med-Tonsberg-768x441.png 768w, https:\/\/hoyre.no\/content\/uploads\/sites\/353\/2023\/03\/Pa-lag-med-Tonsberg.png 1033w\" sizes=\"auto, (max-width: 1024px) 100vw, 1024px\" \/>\n\t\t\t\t\t<h2 class=\"screen-reader-text\">P\u00e5 lag med T\u00f8nsberg<\/h2>\n\t\t\t\t\t\n\t\t\t\t\t\n\t\t\t\t<\/div>\n\t\t\t<\/div>\n\t\t\t\n\t\t<\/div>\n\t\t\n\n\n\n<h1 class=\"wp-block-heading\">Folkehelse og friluftsliv<\/h1>\n\n\n\n<p>Mennesker er f\u00f8dt forskjellige, og alle har samme verdi. Likeverd inneb\u00e6rer \u00e5 sikre like muligheter til personlig utvikling, deltagelse og livsutfoldelse for alle. Folkehelse handler om hvordan vi alle har det n\u00e5r det gjelder helse, frav\u00e6r av sykdom, mestring, trivsel og livskvalitet. Det er ulike faktorer som er med p\u00e5 \u00e5 fremme god folkehelse, og aktivitet og fellesskap er to viktige faktorer. Det er ikke alle som \u00f8nsker \u00e5 v\u00e6re en del av organiserte aktiviteter, derfor er det viktig at kommunen ogs\u00e5 har tilbud til disse.<\/p>\n\n\n\n<div class=\"wp-block-teft-factbox is-style-blue\"><div class=\"factbox-inner\"><div class=\"entry-content\"><h4 class=\"toggle\">T\u00f8nsberg H\u00f8yre vil:<\/h4>\n<ul class=\"wp-block-list\"><li>at vedtatte planer om ny sv\u00f8mmehall blir gjennomf\u00f8rt<\/li><li>arbeide for utvikling av Maier Arena<\/li><li>utvikle og vedlikeholde gode tur-, rekreasjons- og badeomr\u00e5der for alle&nbsp;<\/li><li>tilrettelegge for \u00abbarnas tursti\u00bb for eksempel i samarbeid med Messafestivalen<\/li><li>opparbeide flere aktivitetsparker og anlegg for uorganisert aktivitet<\/li><li>utarbeide en b\u00e6rekraftig plan for utvikling av Messeomr\u00e5det som kultur-, idretts- og folkehelseomr\u00e5de<\/li><li>utarbeide en helhetlig plan for bevaring og utvikling av Ringshaugstranda og omkringliggende omr\u00e5der<\/li><li>utvikle en Ungdommens frivilligsentral&nbsp;<\/li><li>bidra til \u00e5 etablere g\u00e5grupper for eldre ved \u00e5 stille ledige kommunale idrettshaller til r\u00e5dighet p\u00e5 dagtid<\/li><li>st\u00f8tte utstyrssentralene<\/li><li>legge bedre til rette for gratis kortidsb\u00e5tparkering ved T\u00f8nsberg brygge<\/li><\/ul>\n<\/div><\/div><\/div>\n\n","protected":false},"excerpt":{"rendered":"","protected":false},"author":14966,"featured_media":0,"parent":1438,"menu_order":0,"comment_status":"closed","ping_status":"closed","template":"","meta":{"teft_cards_image_url":"","teft_cards_custom_pretitle":"","teft_cards_image_id":1409,"teft_cards_image_focal_point_x":0.5,"teft_cards_image_focal_point_y":0.5,"teft_cards_title":"","teft_cards_excerpt":"","teft_show_chapters":false,"footnotes":""},"class_list":["post-1408","page","type-page","status-publish","hentry"],"yoast_head":"<!-- This site is optimized with the Yoast SEO plugin v26.6 - https:\/\/yoast.com\/wordpress\/plugins\/seo\/ -->\n<title>Folkehelse og friluftsliv\ufffc - T\u00f8nsberg H\u00f8yre<\/title>\n<meta name=\"robots\" content=\"index, follow, max-snippet:-1, max-image-preview:large, max-video-preview:-1\" \/>\n<link rel=\"canonical\" href=\"https:\/\/hoyre.no\/tonsberg\/politikk\/folkehelse-og-friluftsliv\ufffc\/\" \/>\n<meta property=\"og:locale\" content=\"nb_NO\" \/>\n<meta property=\"og:type\" content=\"article\" \/>\n<meta property=\"og:title\" content=\"Folkehelse og friluftsliv\ufffc - T\u00f8nsberg H\u00f8yre\" \/>\n<meta property=\"og:url\" content=\"https:\/\/hoyre.no\/tonsberg\/politikk\/folkehelse-og-friluftsliv\ufffc\/\" \/>\n<meta property=\"og:site_name\" content=\"T\u00f8nsberg H\u00f8yre\" \/>\n<meta property=\"article:modified_time\" content=\"2023-05-02T10:49:36+00:00\" \/>\n<meta property=\"og:image\" content=\"https:\/\/hoyre.no\/content\/uploads\/sites\/353\/2023\/04\/GettyImages-1337921116-1024x683.jpg\" \/>\n<meta name=\"twitter:card\" content=\"summary_large_image\" \/>\n<meta name=\"twitter:label1\" content=\"Ansl. lesetid\" \/>\n\t<meta name=\"twitter:data1\" content=\"2 minutter\" \/>\n<script type=\"application\/ld+json\" class=\"yoast-schema-graph\">{\"@context\":\"https:\/\/schema.org\",\"@graph\":[{\"@type\":\"WebPage\",\"@id\":\"https:\/\/hoyre.no\/tonsberg\/politikk\/folkehelse-og-friluftsliv%ef%bf%bc\/\",\"url\":\"https:\/\/hoyre.no\/tonsberg\/politikk\/folkehelse-og-friluftsliv%ef%bf%bc\/\",\"name\":\"Folkehelse og friluftsliv\ufffc - T\u00f8nsberg H\u00f8yre\",\"isPartOf\":{\"@id\":\"https:\/\/hoyre.no\/tonsberg\/#website\"},\"datePublished\":\"2023-04-14T13:28:30+00:00\",\"dateModified\":\"2023-05-02T10:49:36+00:00\",\"breadcrumb\":{\"@id\":\"https:\/\/hoyre.no\/tonsberg\/politikk\/folkehelse-og-friluftsliv%ef%bf%bc\/#breadcrumb\"},\"inLanguage\":\"nb-NO\",\"potentialAction\":[{\"@type\":\"ReadAction\",\"target\":[\"https:\/\/hoyre.no\/tonsberg\/politikk\/folkehelse-og-friluftsliv%ef%bf%bc\/\"]}]},{\"@type\":\"BreadcrumbList\",\"@id\":\"https:\/\/hoyre.no\/tonsberg\/politikk\/folkehelse-og-friluftsliv%ef%bf%bc\/#breadcrumb\",\"itemListElement\":[{\"@type\":\"ListItem\",\"position\":1,\"name\":\"Til hoyre.no\",\"item\":\"https:\/\/hoyre.no\"},{\"@type\":\"ListItem\",\"position\":2,\"name\":\"Hjem\",\"item\":\"https:\/\/hoyre.no\/tonsberg\/\"},{\"@type\":\"ListItem\",\"position\":3,\"name\":\"Politikk\",\"item\":\"https:\/\/hoyre.no\/tonsberg\/politikk\/\"},{\"@type\":\"ListItem\",\"position\":4,\"name\":\"Folkehelse og friluftsliv\ufffc\"}]},{\"@type\":\"WebSite\",\"@id\":\"https:\/\/hoyre.no\/tonsberg\/#website\",\"url\":\"https:\/\/hoyre.no\/tonsberg\/\",\"name\":\"T\u00f8nsberg H\u00f8yre\",\"description\":\"Bare enda et H\u00f8yres nettsteder-nettsted\",\"inLanguage\":\"nb-NO\"}]}<\/script>\n<!-- \/ Yoast SEO plugin. -->","yoast_head_json":{"title":"Folkehelse og friluftsliv\ufffc - T\u00f8nsberg H\u00f8yre","robots":{"index":"index","follow":"follow","max-snippet":"max-snippet:-1","max-image-preview":"max-image-preview:large","max-video-preview":"max-video-preview:-1"},"canonical":"https:\/\/hoyre.no\/tonsberg\/politikk\/folkehelse-og-friluftsliv\ufffc\/","og_locale":"nb_NO","og_type":"article","og_title":"Folkehelse og friluftsliv\ufffc - T\u00f8nsberg H\u00f8yre","og_url":"https:\/\/hoyre.no\/tonsberg\/politikk\/folkehelse-og-friluftsliv\ufffc\/","og_site_name":"T\u00f8nsberg H\u00f8yre","article_modified_time":"2023-05-02T10:49:36+00:00","og_image":[{"url":"https:\/\/hoyre.no\/content\/uploads\/sites\/353\/2023\/04\/GettyImages-1337921116-1024x683.jpg","width":"","height":"","type":""}],"twitter_card":"summary_large_image","twitter_misc":{"Ansl. lesetid":"2 minutter"},"schema":{"@context":"https:\/\/schema.org","@graph":[{"@type":"WebPage","@id":"https:\/\/hoyre.no\/tonsberg\/politikk\/folkehelse-og-friluftsliv%ef%bf%bc\/","url":"https:\/\/hoyre.no\/tonsberg\/politikk\/folkehelse-og-friluftsliv%ef%bf%bc\/","name":"Folkehelse og friluftsliv\ufffc - T\u00f8nsberg H\u00f8yre","isPartOf":{"@id":"https:\/\/hoyre.no\/tonsberg\/#website"},"datePublished":"2023-04-14T13:28:30+00:00","dateModified":"2023-05-02T10:49:36+00:00","breadcrumb":{"@id":"https:\/\/hoyre.no\/tonsberg\/politikk\/folkehelse-og-friluftsliv%ef%bf%bc\/#breadcrumb"},"inLanguage":"nb-NO","potentialAction":[{"@type":"ReadAction","target":["https:\/\/hoyre.no\/tonsberg\/politikk\/folkehelse-og-friluftsliv%ef%bf%bc\/"]}]},{"@type":"BreadcrumbList","@id":"https:\/\/hoyre.no\/tonsberg\/politikk\/folkehelse-og-friluftsliv%ef%bf%bc\/#breadcrumb","itemListElement":[{"@type":"ListItem","position":1,"name":"Til hoyre.no","item":"https:\/\/hoyre.no"},{"@type":"ListItem","position":2,"name":"Hjem","item":"https:\/\/hoyre.no\/tonsberg\/"},{"@type":"ListItem","position":3,"name":"Politikk","item":"https:\/\/hoyre.no\/tonsberg\/politikk\/"},{"@type":"ListItem","position":4,"name":"Folkehelse og friluftsliv\ufffc"}]},{"@type":"WebSite","@id":"https:\/\/hoyre.no\/tonsberg\/#website","url":"https:\/\/hoyre.no\/tonsberg\/","name":"T\u00f8nsberg H\u00f8yre","description":"Bare enda et H\u00f8yres nettsteder-nettsted","inLanguage":"nb-NO"}]}},"distributor_meta":false,"distributor_terms":false,"distributor_media":false,"distributor_original_site_name":"T\u00f8nsberg H\u00f8yre","distributor_original_site_url":"https:\/\/hoyre.no\/tonsberg","push-errors":false,"_links":{"self":[{"href":"https:\/\/hoyre.no\/tonsberg\/wp-json\/wp\/v2\/pages\/1408","targetHints":{"allow":["GET"]}}],"collection":[{"href":"https:\/\/hoyre.no\/tonsberg\/wp-json\/wp\/v2\/pages"}],"about":[{"href":"https:\/\/hoyre.no\/tonsberg\/wp-json\/wp\/v2\/types\/page"}],"author":[{"embeddable":true,"href":"https:\/\/hoyre.no\/tonsberg\/wp-json\/wp\/v2\/users\/14966"}],"replies":[{"embeddable":true,"href":"https:\/\/hoyre.no\/tonsberg\/wp-json\/wp\/v2\/comments?post=1408"}],"version-history":[{"count":1,"href":"https:\/\/hoyre.no\/tonsberg\/wp-json\/wp\/v2\/pages\/1408\/revisions"}],"predecessor-version":[{"id":1410,"href":"https:\/\/hoyre.no\/tonsberg\/wp-json\/wp\/v2\/pages\/1408\/revisions\/1410"}],"up":[{"embeddable":true,"href":"https:\/\/hoyre.no\/tonsberg\/wp-json\/wp\/v2\/pages\/1438"}],"wp:attachment":[{"href":"https:\/\/hoyre.no\/tonsberg\/wp-json\/wp\/v2\/media?parent=1408"}],"curies":[{"name":"wp","href":"https:\/\/api.w.org\/{rel}","templated":true}]}}