{"id":1417,"date":"2023-04-14T15:42:29","date_gmt":"2023-04-14T13:42:29","guid":{"rendered":"https:\/\/hoyre.no\/tonsberg\/?page_id=1417"},"modified":"2023-05-02T12:49:35","modified_gmt":"2023-05-02T10:49:35","slug":"pa-lag-med-jobbskaperne%ef%bf%bc","status":"publish","type":"page","link":"https:\/\/hoyre.no\/tonsberg\/politikk\/pa-lag-med-jobbskaperne%ef%bf%bc\/","title":{"rendered":"P\u00e5 lag med jobbskaperne\ufffc"},"content":{"rendered":"\n\t\t<div class=\" has-simple-highlight style-white has-mobile-text-aligned-center slogan-type-custom wp-block-hoyre-slogan\">\n\t\t\t<div class=\"slogan-container\">\n\t\t\t\t<div class=\"slogan__image\">\n\t\t\t\t\t<img loading=\"lazy\" decoding=\"async\" width=\"2500\" height=\"1667\" src=\"https:\/\/hoyre.no\/content\/uploads\/sites\/353\/2023\/04\/GettyImages-490607422-scaled.jpg\" class=\"slogan__background-media\" alt=\"\" style=\"--focal-point: 50% 65%;\" srcset=\"https:\/\/hoyre.no\/content\/uploads\/sites\/353\/2023\/04\/GettyImages-490607422-scaled.jpg 2500w, https:\/\/hoyre.no\/content\/uploads\/sites\/353\/2023\/04\/GettyImages-490607422-300x200.jpg 300w, https:\/\/hoyre.no\/content\/uploads\/sites\/353\/2023\/04\/GettyImages-490607422-1024x683.jpg 1024w, https:\/\/hoyre.no\/content\/uploads\/sites\/353\/2023\/04\/GettyImages-490607422-768x512.jpg 768w, https:\/\/hoyre.no\/content\/uploads\/sites\/353\/2023\/04\/GettyImages-490607422-1536x1024.jpg 1536w, https:\/\/hoyre.no\/content\/uploads\/sites\/353\/2023\/04\/GettyImages-490607422-2048x1365.jpg 2048w\" sizes=\"auto, (max-width: 2500px) 100vw, 2500px\" \/>\n\t\t\t\t<\/div>\n\t\t\t\t<div class=\"slogan__content\">\n\t\t\t\t\t<img loading=\"lazy\" decoding=\"async\" width=\"1024\" height=\"588\" src=\"https:\/\/hoyre.no\/content\/uploads\/sites\/353\/2023\/03\/Pa-lag-med-Tonsberg-1024x588.png\" class=\"slogan__slogan-image\" alt=\"\" srcset=\"https:\/\/hoyre.no\/content\/uploads\/sites\/353\/2023\/03\/Pa-lag-med-Tonsberg-1024x588.png 1024w, https:\/\/hoyre.no\/content\/uploads\/sites\/353\/2023\/03\/Pa-lag-med-Tonsberg-300x172.png 300w, https:\/\/hoyre.no\/content\/uploads\/sites\/353\/2023\/03\/Pa-lag-med-Tonsberg-768x441.png 768w, https:\/\/hoyre.no\/content\/uploads\/sites\/353\/2023\/03\/Pa-lag-med-Tonsberg.png 1033w\" sizes=\"auto, (max-width: 1024px) 100vw, 1024px\" \/>\n\t\t\t\t\t<h2 class=\"screen-reader-text\">P\u00e5 lag med T\u00f8nsberg<\/h2>\n\t\t\t\t\t<p>T\u00f8nsberg H\u00f8yre \u00f8nsker \u00e5 bidra til at T\u00f8nsberg kommune blir en ja-kommune, og gjenskape en \u00abheiakultur\u00bb hvor vi heier frem det kreative og skapende n\u00e6ringslivet, b\u00e5de for etablerte og nye bedrifter.<\/p>\n\t\t\t\t\t\n\t\t\t\t<\/div>\n\t\t\t<\/div>\n\t\t\t\n\t\t<\/div>\n\t\t\n\n\n\n<h1 class=\"wp-block-heading\">P\u00e5 lag med jobbskaperne<\/h1>\n\n\n\n<p>T\u00f8nsberg H\u00f8yre \u00f8nsker \u00e5 bidra til at T\u00f8nsberg kommune blir en ja-kommune, og gjenskape en \u00abheiakultur\u00bb hvor vi heier frem det kreative og skapende n\u00e6ringslivet, b\u00e5de for etablerte og nye bedrifter. Da m\u00e5 vi s\u00f8rge for at n\u00e6ringslivet m\u00f8ter en kommune som \u00f8nsker \u00e5 spille p\u00e5 lag.<\/p>\n\n\n\n<p>T\u00f8nsberg H\u00f8yre \u00f8nsker \u00e5 legge til rette for enklere etablering av ny n\u00e6ringsvirksomhet i T\u00f8nsberg, og at n\u00e6ringslivet skal ha mulighet til \u00e5 vokse og videreutvikles innenfor rammene av en b\u00e6rekraftig utvikling og innbyggernes livskvalitet.<\/p>\n\n\n\n<p>T\u00f8nsberg H\u00f8yre vil arbeide for en raskere og mer forutsigbar behandling av omreguleringer og byggesaker gjennom digitalisering og forenkling av prosessene.<\/p>\n\n\n\n<div class=\"wp-block-teft-factbox is-style-blue\"><div class=\"factbox-inner\"><div class=\"entry-content\"><h4 class=\"toggle\">T\u00f8nsberg H\u00f8yre vil:<\/h4>\n<ul class=\"wp-block-list\"><li>styrke samarbeidet og videref\u00f8re st\u00f8tten til n\u00e6ringsklynger i kommunen<\/li><li>fortsette \u00e5 gi aktiv st\u00f8tte til omd\u00f8mmeprosjektet T\u00f8nsberglivet AS og samarbeide om \u00e5 utvikle kommunen og sentrum og legge til rette for flere st\u00f8rre arrangementer<\/li><li>at kommunen skal benytte handlingsrommet ved offentlige innkj\u00f8p slik at man st\u00f8tter lokalt n\u00e6ringsliv<\/li><li>styrke arbeidet med digitalisering av kommunal sektor og arbeide for en raskere og mer forutsigbar behandling av omreguleringer og byggesaker&nbsp;<\/li><li>vurdere \u00e5 opprette et n\u00e6ringsfond for forskuttering av infrastrukturutbygging i utviklingsomr\u00e5der, der utbyggere er forventet \u00e5 betale en andel ved utbygging, og som kan gi en raskere og enklere utvikling av omr\u00e5der<\/li><li>v\u00e6re positive til n\u00e6ringsetablering i hele kommunen for \u00e5 skape levende og aktive bydeler, tettsteder, omr\u00e5desentre og lokalsentre<\/li><li>legge bedre til rette for innl\u00f8sing av festetomter for \u00e5 bidra til n\u00e6ringsutvikling<\/li><li>tilrettelegge for etablering av attraktive n\u00e6ringsomr\u00e5der og videreutvikle etablerte omr\u00e5der<\/li><li>utarbeide klare plankrav i de arealer som er avsatt til n\u00e6ring for \u00e5 redusere saksbehandlingstiden, og gi forutsigbare rammebetingelser<\/li><li>ta vare p\u00e5 og utvikle Stensarmen og Korten som attraktive, sentrumsn\u00e6re utviklingsomr\u00e5der<\/li><li>bidra til ny n\u00e6ringsvirksomhet ved aktivt \u00e5 st\u00f8tte gr\u00fcndere og Gr\u00fcnderhuset Hi5 i T\u00f8nsberg<\/li><li>styrke gr\u00fcnderhuset med en ekstra ressurs for \u00e5 kunne hjelpe enda flere gr\u00fcndere<\/li><li>aktivt st\u00f8tte knoppskytningsbedrifter med gode inkubatorordninger og vokseplass i den f\u00f8rste vekstfasen&nbsp;<\/li><li>s\u00f8rge for at flere gr\u00fcndere kan f\u00e5 pr\u00f8ve ut relevante produkter og tjenester i kommunal regi<\/li><li>fokusere p\u00e5 og ytterligere stimulere til etablering av gr\u00f8nn n\u00e6ringsvirksomhet i kommunen<\/li><li>styrke T\u00f8nsberg som fylkeshovedstad i Vestfold&nbsp;&nbsp;<\/li><li>tilrettelegge for nytt sentralt parkeringshus<\/li><\/ul>\n<\/div><\/div><\/div>\n\n","protected":false},"excerpt":{"rendered":"","protected":false},"author":14966,"featured_media":0,"parent":1438,"menu_order":0,"comment_status":"closed","ping_status":"closed","template":"","meta":{"teft_cards_image_url":"","teft_cards_custom_pretitle":"","teft_cards_image_id":1419,"teft_cards_image_focal_point_x":0.5,"teft_cards_image_focal_point_y":0.5,"teft_cards_title":"","teft_cards_excerpt":"","teft_show_chapters":false,"footnotes":""},"class_list":["post-1417","page","type-page","status-publish","hentry"],"yoast_head":"<!-- This site is optimized with the Yoast SEO plugin v26.6 - https:\/\/yoast.com\/wordpress\/plugins\/seo\/ -->\n<title>P\u00e5 lag med jobbskaperne\ufffc - T\u00f8nsberg H\u00f8yre<\/title>\n<meta name=\"robots\" content=\"index, follow, max-snippet:-1, max-image-preview:large, max-video-preview:-1\" \/>\n<link rel=\"canonical\" href=\"https:\/\/hoyre.no\/tonsberg\/politikk\/pa-lag-med-jobbskaperne\ufffc\/\" \/>\n<meta property=\"og:locale\" content=\"nb_NO\" \/>\n<meta property=\"og:type\" content=\"article\" \/>\n<meta property=\"og:title\" content=\"P\u00e5 lag med jobbskaperne\ufffc - T\u00f8nsberg H\u00f8yre\" \/>\n<meta property=\"og:url\" content=\"https:\/\/hoyre.no\/tonsberg\/politikk\/pa-lag-med-jobbskaperne\ufffc\/\" \/>\n<meta property=\"og:site_name\" content=\"T\u00f8nsberg H\u00f8yre\" \/>\n<meta property=\"article:modified_time\" content=\"2023-05-02T10:49:35+00:00\" \/>\n<meta property=\"og:image\" content=\"https:\/\/hoyre.no\/content\/uploads\/sites\/353\/2023\/04\/GettyImages-490607422-1-1024x683.jpg\" \/>\n<meta name=\"twitter:card\" content=\"summary_large_image\" \/>\n<meta name=\"twitter:label1\" content=\"Ansl. lesetid\" \/>\n\t<meta name=\"twitter:data1\" content=\"2 minutter\" \/>\n<script type=\"application\/ld+json\" class=\"yoast-schema-graph\">{\"@context\":\"https:\/\/schema.org\",\"@graph\":[{\"@type\":\"WebPage\",\"@id\":\"https:\/\/hoyre.no\/tonsberg\/politikk\/pa-lag-med-jobbskaperne%ef%bf%bc\/\",\"url\":\"https:\/\/hoyre.no\/tonsberg\/politikk\/pa-lag-med-jobbskaperne%ef%bf%bc\/\",\"name\":\"P\u00e5 lag med jobbskaperne\ufffc - T\u00f8nsberg H\u00f8yre\",\"isPartOf\":{\"@id\":\"https:\/\/hoyre.no\/tonsberg\/#website\"},\"datePublished\":\"2023-04-14T13:42:29+00:00\",\"dateModified\":\"2023-05-02T10:49:35+00:00\",\"breadcrumb\":{\"@id\":\"https:\/\/hoyre.no\/tonsberg\/politikk\/pa-lag-med-jobbskaperne%ef%bf%bc\/#breadcrumb\"},\"inLanguage\":\"nb-NO\",\"potentialAction\":[{\"@type\":\"ReadAction\",\"target\":[\"https:\/\/hoyre.no\/tonsberg\/politikk\/pa-lag-med-jobbskaperne%ef%bf%bc\/\"]}]},{\"@type\":\"BreadcrumbList\",\"@id\":\"https:\/\/hoyre.no\/tonsberg\/politikk\/pa-lag-med-jobbskaperne%ef%bf%bc\/#breadcrumb\",\"itemListElement\":[{\"@type\":\"ListItem\",\"position\":1,\"name\":\"Til hoyre.no\",\"item\":\"https:\/\/hoyre.no\"},{\"@type\":\"ListItem\",\"position\":2,\"name\":\"Hjem\",\"item\":\"https:\/\/hoyre.no\/tonsberg\/\"},{\"@type\":\"ListItem\",\"position\":3,\"name\":\"Politikk\",\"item\":\"https:\/\/hoyre.no\/tonsberg\/politikk\/\"},{\"@type\":\"ListItem\",\"position\":4,\"name\":\"P\u00e5 lag med jobbskaperne\ufffc\"}]},{\"@type\":\"WebSite\",\"@id\":\"https:\/\/hoyre.no\/tonsberg\/#website\",\"url\":\"https:\/\/hoyre.no\/tonsberg\/\",\"name\":\"T\u00f8nsberg H\u00f8yre\",\"description\":\"Bare enda et H\u00f8yres nettsteder-nettsted\",\"inLanguage\":\"nb-NO\"}]}<\/script>\n<!-- \/ Yoast SEO plugin. -->","yoast_head_json":{"title":"P\u00e5 lag med jobbskaperne\ufffc - T\u00f8nsberg H\u00f8yre","robots":{"index":"index","follow":"follow","max-snippet":"max-snippet:-1","max-image-preview":"max-image-preview:large","max-video-preview":"max-video-preview:-1"},"canonical":"https:\/\/hoyre.no\/tonsberg\/politikk\/pa-lag-med-jobbskaperne\ufffc\/","og_locale":"nb_NO","og_type":"article","og_title":"P\u00e5 lag med jobbskaperne\ufffc - T\u00f8nsberg H\u00f8yre","og_url":"https:\/\/hoyre.no\/tonsberg\/politikk\/pa-lag-med-jobbskaperne\ufffc\/","og_site_name":"T\u00f8nsberg H\u00f8yre","article_modified_time":"2023-05-02T10:49:35+00:00","og_image":[{"url":"https:\/\/hoyre.no\/content\/uploads\/sites\/353\/2023\/04\/GettyImages-490607422-1-1024x683.jpg","width":"","height":"","type":""}],"twitter_card":"summary_large_image","twitter_misc":{"Ansl. lesetid":"2 minutter"},"schema":{"@context":"https:\/\/schema.org","@graph":[{"@type":"WebPage","@id":"https:\/\/hoyre.no\/tonsberg\/politikk\/pa-lag-med-jobbskaperne%ef%bf%bc\/","url":"https:\/\/hoyre.no\/tonsberg\/politikk\/pa-lag-med-jobbskaperne%ef%bf%bc\/","name":"P\u00e5 lag med jobbskaperne\ufffc - T\u00f8nsberg H\u00f8yre","isPartOf":{"@id":"https:\/\/hoyre.no\/tonsberg\/#website"},"datePublished":"2023-04-14T13:42:29+00:00","dateModified":"2023-05-02T10:49:35+00:00","breadcrumb":{"@id":"https:\/\/hoyre.no\/tonsberg\/politikk\/pa-lag-med-jobbskaperne%ef%bf%bc\/#breadcrumb"},"inLanguage":"nb-NO","potentialAction":[{"@type":"ReadAction","target":["https:\/\/hoyre.no\/tonsberg\/politikk\/pa-lag-med-jobbskaperne%ef%bf%bc\/"]}]},{"@type":"BreadcrumbList","@id":"https:\/\/hoyre.no\/tonsberg\/politikk\/pa-lag-med-jobbskaperne%ef%bf%bc\/#breadcrumb","itemListElement":[{"@type":"ListItem","position":1,"name":"Til hoyre.no","item":"https:\/\/hoyre.no"},{"@type":"ListItem","position":2,"name":"Hjem","item":"https:\/\/hoyre.no\/tonsberg\/"},{"@type":"ListItem","position":3,"name":"Politikk","item":"https:\/\/hoyre.no\/tonsberg\/politikk\/"},{"@type":"ListItem","position":4,"name":"P\u00e5 lag med jobbskaperne\ufffc"}]},{"@type":"WebSite","@id":"https:\/\/hoyre.no\/tonsberg\/#website","url":"https:\/\/hoyre.no\/tonsberg\/","name":"T\u00f8nsberg H\u00f8yre","description":"Bare enda et H\u00f8yres nettsteder-nettsted","inLanguage":"nb-NO"}]}},"distributor_meta":false,"distributor_terms":false,"distributor_media":false,"distributor_original_site_name":"T\u00f8nsberg H\u00f8yre","distributor_original_site_url":"https:\/\/hoyre.no\/tonsberg","push-errors":false,"_links":{"self":[{"href":"https:\/\/hoyre.no\/tonsberg\/wp-json\/wp\/v2\/pages\/1417","targetHints":{"allow":["GET"]}}],"collection":[{"href":"https:\/\/hoyre.no\/tonsberg\/wp-json\/wp\/v2\/pages"}],"about":[{"href":"https:\/\/hoyre.no\/tonsberg\/wp-json\/wp\/v2\/types\/page"}],"author":[{"embeddable":true,"href":"https:\/\/hoyre.no\/tonsberg\/wp-json\/wp\/v2\/users\/14966"}],"replies":[{"embeddable":true,"href":"https:\/\/hoyre.no\/tonsberg\/wp-json\/wp\/v2\/comments?post=1417"}],"version-history":[{"count":1,"href":"https:\/\/hoyre.no\/tonsberg\/wp-json\/wp\/v2\/pages\/1417\/revisions"}],"predecessor-version":[{"id":1420,"href":"https:\/\/hoyre.no\/tonsberg\/wp-json\/wp\/v2\/pages\/1417\/revisions\/1420"}],"up":[{"embeddable":true,"href":"https:\/\/hoyre.no\/tonsberg\/wp-json\/wp\/v2\/pages\/1438"}],"wp:attachment":[{"href":"https:\/\/hoyre.no\/tonsberg\/wp-json\/wp\/v2\/media?parent=1417"}],"curies":[{"name":"wp","href":"https:\/\/api.w.org\/{rel}","templated":true}]}}