{"id":1641,"date":"2025-08-03T19:23:17","date_gmt":"2025-08-03T17:23:17","guid":{"rendered":"https:\/\/hoyre.no\/tonsberg\/?page_id=1641"},"modified":"2025-08-03T19:23:17","modified_gmt":"2025-08-03T17:23:17","slug":"mathias-willassen-hanssen","status":"publish","type":"page","link":"https:\/\/hoyre.no\/tonsberg\/mathias-willassen-hanssen\/","title":{"rendered":"Mathias Willassen Hanssen"},"content":{"rendered":"\n\t\t<div class=\" has-simple-highlight style-white has-mobile-text-aligned-center slogan-type-custom wp-block-hoyre-slogan\">\n\t\t\t<div class=\"slogan-container\">\n\t\t\t\t<div class=\"slogan__image\">\n\t\t\t\t\t<img loading=\"lazy\" decoding=\"async\" width=\"1499\" height=\"1000\" src=\"https:\/\/hoyre.no\/content\/uploads\/sites\/353\/2025\/08\/DSC02783.jpg\" class=\"slogan__background-media\" alt=\"\" style=\"--focal-point: 58% 56%;\" srcset=\"https:\/\/hoyre.no\/content\/uploads\/sites\/353\/2025\/08\/DSC02783.jpg 1499w, https:\/\/hoyre.no\/content\/uploads\/sites\/353\/2025\/08\/DSC02783-300x200.jpg 300w, https:\/\/hoyre.no\/content\/uploads\/sites\/353\/2025\/08\/DSC02783-1024x683.jpg 1024w, https:\/\/hoyre.no\/content\/uploads\/sites\/353\/2025\/08\/DSC02783-768x512.jpg 768w\" sizes=\"auto, (max-width: 1499px) 100vw, 1499px\" \/>\n\t\t\t\t<\/div>\n\t\t\t\t<div class=\"slogan__content\">\n\t\t\t\t\t\n\t\t\t\t\t<h2 class=\"slogan__big-title\">Bli bedre kjent <br>med Mathias<\/h2>\n\t\t\t\t\t<p>Vestfold H\u00f8yres 2. kandidat til stortingsvalget<\/p>\n\t\t\t\t\t\n\t\t\t\t<\/div>\n\t\t\t<\/div>\n\t\t\t\n\t\t<\/div>\n\t\t\n\n\n\n<h2 class=\"wp-block-heading\">Han satte sitt preg p\u00e5 skolen i T\u00f8nsberg &#8211; n\u00e5 sikter han mot Stortinget<\/h2>\n\n\n\n<p><strong>Med mer lek i f\u00f8rsteklasse og m\u00e5lrettede tiltak mot utenforskap, har Mathias Willassen Hanssen (27) satt tydelige spor i T\u00f8nsbergs skolepolitikk. Som Vestfold H\u00f8yres andrekandidat vil han n\u00e5 sikre at Vestfolds stemme blir h\u00f8rt i nasjonalpolitikken.<\/strong><\/p>\n\n\n\n<p>\u2014 Det var en ganske banal sak som gjorde at jeg meldte meg inn i Unge H\u00f8yre som ten\u00e5ring, sier Mathias Willassen Hanssen (27), andrekandidat i Vestfold H\u00f8yre til stortingsvalget.&nbsp;<\/p>\n\n\n\n<p>Vi m\u00f8tes p\u00e5 Byskogen skole i T\u00f8nsberg ute i v\u00e5rsola. Han fikk presset et m\u00f8te inn i den tette kalenderen mellom pendling til Oslo og politiske oppgaver i T\u00f8nsberg og Vestfold. N\u00e5 er dagene hektiske, forklarer han selv, men som andrekandidat for Vestfold H\u00f8yre pakker det seg mer og mer opp mot stortingsvalget i september.<\/p>\n\n\n\n<p>Han vokste opp i B\u00f8 i Vester\u00e5len, en liten kommune i Nordland der han ikke fikk velge hvilken videreg\u00e5ende skole han skulle g\u00e5 p\u00e5.<\/p>\n\n\n\n<p>\u2013 Jeg syntes det var s\u00e5 urettferdig, forteller Mathias.<\/p>\n\n\n\n<p>Denne opplevelsen ble startskuddet for et politisk engasjement som har vokst seg stadig sterkere.<\/p>\n\n\n\n<p>I 2012 meldte han seg inn i Unge H\u00f8yre f\u00f8r han flyttet med hele familien til Vestfold, og siden 2015 har han v\u00e6rt folkevalgt i flere kommuner \u2013 fra N\u00f8tter\u00f8y over til F\u00e6rder og n\u00e5 i T\u00f8nsberg.<\/p>\n\n\n\n<figure class=\"wp-block-image size-large\"><img loading=\"lazy\" decoding=\"async\" width=\"1024\" height=\"683\" src=\"https:\/\/hoyre.no\/content\/uploads\/sites\/353\/2025\/08\/DSC02784-1024x683.jpg\" alt=\"\" class=\"wp-image-1643\" srcset=\"https:\/\/hoyre.no\/content\/uploads\/sites\/353\/2025\/08\/DSC02784-1024x683.jpg 1024w, https:\/\/hoyre.no\/content\/uploads\/sites\/353\/2025\/08\/DSC02784-300x200.jpg 300w, https:\/\/hoyre.no\/content\/uploads\/sites\/353\/2025\/08\/DSC02784-768x512.jpg 768w, https:\/\/hoyre.no\/content\/uploads\/sites\/353\/2025\/08\/DSC02784.jpg 1499w\" sizes=\"auto, (max-width: 1024px) 100vw, 1024px\" \/><figcaption class=\"wp-element-caption\"><strong>BRENNER FOR SKOLE:<\/strong>&nbsp;Mathias er ofte ute p\u00e5 de forskjellige skolene i Vestfold for \u00e5 h\u00f8re hva han som politiker kan bidra med. \u2013 Det er viktig \u00e5 v\u00e6re ute i felt og snakke med dem som har skoa p\u00e5, sier han. Foto: Dina Sofie Tornes Espeseth.<\/figcaption><\/figure>\n\n\n\n<h2 class=\"wp-block-heading\">En politiker med ekte gjennomf\u00f8ringsevne<\/h2>\n\n\n\n<p>I sin politiske karriere har Mathias bygd opp en solid merittliste med erfaring og resultater. Han har ved siden av lokalpolitikken jobbet som r\u00e5dgiver til kjente h\u00f8yreprofiler og ulike saksfelt p\u00e5 Stortinget.<\/p>\n\n\n\n<p>\u2014 Det som gir meg energi, er at jeg kan v\u00e6re med \u00e5 l\u00f8se utfordringer som folk opplever i hverdagen, forteller han.<\/p>\n\n\n\n<p>Dette har v\u00e6rt hans drivkraft som politiker opp igjennom \u00e5rene.<\/p>\n\n\n\n<p>\u2013 Det viktigste jeg har l\u00e6rt i min tid i politikken er at hardt arbeid l\u00f8nner seg. Jeg har kommet fra \u00e5 v\u00e6re en helt ukjent person som har bodd i Nord-Norge, og inn i politikken her i Vestfold. Det er ikke noe automatikk i at du som nordlending skal n\u00e5 langt i Vestfold-politikken, men jeg har jobbet hardt og vist hva jeg st\u00e5r for, og partiet og velgerne har gitt meg tillit. Det setter jeg veldig pris p\u00e5, sier han ydmykt.<\/p>\n\n\n\n<h2 class=\"wp-block-heading\">Konkrete resultater i skolepolitikken<\/h2>\n\n\n\n<p>Som utvalgsleder for oppvekst og oppl\u00e6ring i T\u00f8nsberg kommune, har Mathias vist at han ikke bare snakker om endring \u2013 han er med p\u00e5 \u00e5 skape den.&nbsp;<\/p>\n\n\n\n<p>En av hans st\u00f8rste seire er innf\u00f8ringen av mer lek i f\u00f8rste klasse.<\/p>\n\n\n\n<p>\u2014 Det er jeg veldig stolt av, og til skolestart i august skal alle elever i barneskolen i T\u00f8nsberg f\u00e5 mer lek i f\u00f8rste klasse, forteller han.<\/p>\n\n\n\n<p>Dette er bare ett eksempel p\u00e5 hvordan Mathias kjemper for en bedre skole med fokus p\u00e5 l\u00e6ring og tilrettelegging basert p\u00e5 elevenes faglige niv\u00e5. Lek kan v\u00e6re en viktig inngangsport til l\u00e6ring for mange av de yngste elevene, og tiln\u00e6rmingen har gitt resultater. T\u00f8nsberg trekkes n\u00e5 ofte frem som et utstillingsvindu i skolepolitikken.<\/p>\n\n\n\n<p>\u2014 Vi har hatt fokus p\u00e5 ungt utenforskap, og ansatt andre yrkesgrupper som skal jobbe med elever med alvorlig skolefrav\u00e6r. M\u00e5let er \u00e5 f\u00e5 dem tilbake p\u00e5 skolen, forteller han engasjert.<\/p>\n\n\n\n<figure class=\"wp-block-image alignwide size-large\"><img loading=\"lazy\" decoding=\"async\" width=\"1024\" height=\"683\" src=\"https:\/\/hoyre.no\/content\/uploads\/sites\/353\/2025\/08\/DSC02781-1024x683.jpg\" alt=\"\" class=\"wp-image-1645\" srcset=\"https:\/\/hoyre.no\/content\/uploads\/sites\/353\/2025\/08\/DSC02781-1024x683.jpg 1024w, https:\/\/hoyre.no\/content\/uploads\/sites\/353\/2025\/08\/DSC02781-300x200.jpg 300w, https:\/\/hoyre.no\/content\/uploads\/sites\/353\/2025\/08\/DSC02781-768x512.jpg 768w, https:\/\/hoyre.no\/content\/uploads\/sites\/353\/2025\/08\/DSC02781.jpg 1499w\" sizes=\"auto, (max-width: 1024px) 100vw, 1024px\" \/><\/figure>\n\n\n\n\n<h2 class=\"wp-block-heading\">Viktige ressurser<\/h2>\n\n\n\n<p>Under hans ledelse har skole\u00f8konomien i T\u00f8nsberg blitt styrket, noe han ser p\u00e5 som en investering i fremtiden.<\/p>\n\n\n\n<p>\u2014 H\u00f8yre prioriterer alltid skolen n\u00e5r vi sitter i posisjon. L\u00e6reren og rektoren er noen av de viktigste ressursene vi har, sier han.<\/p>\n\n\n\n<p>Mathias er bekymret for utviklingen i norsk skole, hvor elevene gj\u00f8r det d\u00e5rligere i basisfagene. Han mener l\u00f8sningen ligger i \u00e5 satse p\u00e5 l\u00e6rerne og gi dem verkt\u00f8yene til \u00e5 v\u00e6re sjefen i klasserommet.&nbsp;<\/p>\n\n\n\n<p>\u2014 De fortjener v\u00e5r tillit, tid og gode rammer for \u00e5 ut\u00f8ve jobben sin. Derfor er det viktig \u00e5 styrke laget rundt l\u00e6rerne v\u00e5re, slik at l\u00e6rerne f\u00e5r v\u00e6re l\u00e6rere, ikke psykolog, vaktmester og milj\u00f8terapeut som de altfor ofte m\u00e5 v\u00e6re i dag, forteller han.<\/p>\n\n\n\n<p>Han er overbevist om at bedre arbeidsforhold for l\u00e6rerne vil gi bedre l\u00e6ring for elevene. Det er ogs\u00e5 noe Mathias har hatt fokus p\u00e5 \u00e5 gj\u00f8re noe med lokalt, hvor blant annet nyutdannede l\u00e6rere og kontaktl\u00e6rernes arbeidsvilk\u00e5r har v\u00e6rt p\u00e5 agendaen. Dette arbeidet er noe Mathias vil fortsette \u00e5 bygge p\u00e5 om han blir valgt inn p\u00e5 Stortinget.&nbsp;<\/p>\n\n\n\n<p>Mathias mener at elever l\u00e6rer ulikt. Det m\u00e5 skolen legge til rette for. Han vil satse p\u00e5 de grunnleggende ferdighetene for \u00e5 kunne gi ekstra st\u00f8tte til elever som sliter tidligere i skolel\u00f8pet, og gi ekstra utfordringer til elever med stort l\u00e6ringspotensial.<\/p>\n\n\n\n<blockquote class=\"wp-block-quote is-layout-flow wp-block-quote-is-layout-flow\">\n<p class=\"has-text-align-left\">Det viktigste jeg har l\u00e6rt i min tid i politikken er at hardt arbeid l\u00f8nner seg<\/p>\n<cite>Mathias Willassen Hanssen, 2. kandidat for Vestfold H\u00f8yre<\/cite><\/blockquote>\n\n\n\n<h2 class=\"wp-block-heading\">H\u00f8yres nye skolel\u00f8fter<\/h2>\n\n\n\n<p>H\u00f8yres skolel\u00f8fter handler om \u00e5 prioritere det viktigste f\u00f8rst: garantere at alle elever l\u00e6rer seg \u00e5 lese, skrive og regne, ansette flere yrkesgrupper for \u00e5 avlaste l\u00e6rerne, og sikre ekstra hjelp til elever som strever. Partiet vil ogs\u00e5 gi alle som jobber i skolen s\u00e6rskilt vern mot vold og trusler, og senke terskelen for \u00e5 sende elever ut av skolen og inn p\u00e5 alternative oppl\u00e6ringsarenaer n\u00e5r det trengs.<\/p>\n\n\n\n<p>L\u00f8ftene om \u00e5 styrke tilpasset oppl\u00e6ring gjennom \u00f8kt bruk av niv\u00e5deling, og sikre at alle elever kan ta fag p\u00e5 et h\u00f8yere niv\u00e5, er politikk Mathias kjenner godt fra sitt eget arbeid i T\u00f8nsberg.&nbsp;<\/p>\n\n\n\n<p>Hans satsing p\u00e5 \u00e5 ansette andre yrkesgrupper for \u00e5 jobbe med elever med alvorlig skolefrav\u00e6r, mer lek og praktisk l\u00e6ring i T\u00f8nsberg-skolen, den nye veilederen som kommunen har laget for elever med stort l\u00e6ringspotensial, innstrammingene p\u00e5 elevenes skjermbruk i sm\u00e5skolen og at lunsjpausene til elevene skal v\u00e6re skjermfri, og arbeidet med \u00e5 styrke skole\u00f8konomien, viser hvordan denne politikken kan fungere i praksis.<\/p>\n\n\n\n<figure class=\"wp-block-image size-large\"><img loading=\"lazy\" decoding=\"async\" width=\"1024\" height=\"683\" src=\"https:\/\/hoyre.no\/content\/uploads\/sites\/353\/2025\/08\/Fra-Hoyres-landsmote-2025-1024x683.jpeg\" alt=\"\" class=\"wp-image-1646\" srcset=\"https:\/\/hoyre.no\/content\/uploads\/sites\/353\/2025\/08\/Fra-Hoyres-landsmote-2025-1024x683.jpeg 1024w, https:\/\/hoyre.no\/content\/uploads\/sites\/353\/2025\/08\/Fra-Hoyres-landsmote-2025-300x200.jpeg 300w, https:\/\/hoyre.no\/content\/uploads\/sites\/353\/2025\/08\/Fra-Hoyres-landsmote-2025-768x512.jpeg 768w, https:\/\/hoyre.no\/content\/uploads\/sites\/353\/2025\/08\/Fra-Hoyres-landsmote-2025-1536x1025.jpeg 1536w, https:\/\/hoyre.no\/content\/uploads\/sites\/353\/2025\/08\/Fra-Hoyres-landsmote-2025.jpeg 2048w\" sizes=\"auto, (max-width: 1024px) 100vw, 1024px\" \/><\/figure>\n\n\n\n<h2 class=\"wp-block-heading\">\u00c6rlighet og hardt arbeid<\/h2>\n\n\n\n<p>Mathias er kjent for sin \u00e6rlighet, b\u00e5de som politiker og privat. Dette er noe han h\u00e5per velgerne skal se ogs\u00e5.<\/p>\n\n\n\n<p>\u2014 Det viktigste vi som politikere kan gj\u00f8re er \u00e5 vise at vi holder ord, og at vi holder det vi lover, sier han.<\/p>\n\n\n\n<p>Mathias \u00f8nsker \u00e5 v\u00e6re en sterk stemme for Vestfold p\u00e5 Stortinget. Han forst\u00e5r at dette krever b\u00e5de samarbeid og hardt arbeid.<\/p>\n\n\n\n<p>\u2014 Vi skal jobbe for vestfoldsinnbyggerne og deres utfordringer, muligheter og interesser. Det handler om \u00e5 bygge allianser og finne l\u00f8sninger sammen, sier han.<\/p>\n\n\n\n<p>Under forrige H\u00f8yre-regjering fikk Vestfold viktige gjennomslag som videre utbygging av Vestfoldbanen og sikring av Torps fremtid. Mathias vil fortsette dette arbeidet og kjempe for videre utbygging av jernbanen gjennom hele Vestfold, en bedre kommune\u00f8konomi for Vestfold-kommunene, et krafttak for \u00e5 redde Oslofjorden, kortere helsek\u00f8er, og for \u00e5 beholde viktige kompetansearbeidsplasser i fylket.<\/p>\n\n\n\n<p>Mathias har vist at han kan g\u00e5 fra ord til handling. Gjennom m\u00e5lrettet arbeid har han oppn\u00e5dd resultater for innbyggerne i T\u00f8nsberg, og n\u00e5 \u00f8nsker han \u00e5 gj\u00f8re det samme for hele Vestfold.<\/p>\n\n\n\n<p>\u2014 Hvis jeg f\u00e5r tilliten, vil jeg jobbe beinhardt for \u00e5 representere Vestfold p\u00e5 best mulig m\u00e5te, avslutter han.<\/p>\n\n\n\n<div class=\"wp-block-hoyre-banner undefined\"><div class=\"banner-inner\"><div class=\"banner-content\"><div class=\"entry-content\">\n<h2 class=\"wp-block-heading\">Vil du vite mer om <br>H\u00f8yres politikk?<\/h2>\n\n\n\n<p>Her er ti gode grunner til \u00e5 stemme H\u00f8yre <\/p>\n\n\n\n<div class=\"wp-block-buttons is-layout-flex wp-block-buttons-is-layout-flex\">\n<div class=\"wp-block-button\"><a class=\"wp-block-button__link wp-element-button\" href=\"https:\/\/hoyre.no\/2025\/07\/03\/ti-gode-grunner-til-a-stemme-hoyre\/\">les mer her<\/a><\/div>\n<\/div>\n<\/div><\/div><\/div><\/div>\n","protected":false},"excerpt":{"rendered":"<p>Viktige ressurser Under hans ledelse har skole\u00f8konomien i T\u00f8nsberg blitt styrket, noe han ser p\u00e5 som en investering i fremtiden. \u2014 H\u00f8yre prioriterer alltid skolen n\u00e5r vi sitter i posisjon. L\u00e6reren og rektoren er noen av de viktigste ressursene vi har, sier han. Mathias er bekymret for utviklingen i norsk skole, hvor elevene gj\u00f8r det [&hellip;]<\/p>\n","protected":false},"author":14966,"featured_media":0,"parent":0,"menu_order":0,"comment_status":"closed","ping_status":"closed","template":"","meta":{"teft_cards_image_url":"","teft_cards_custom_pretitle":"","teft_cards_image_id":1643,"teft_cards_image_focal_point_x":0.5,"teft_cards_image_focal_point_y":0.5,"teft_cards_title":"","teft_cards_excerpt":"","teft_show_chapters":false,"footnotes":""},"class_list":["post-1641","page","type-page","status-publish","hentry"],"yoast_head":"<!-- This site is optimized with the Yoast SEO plugin v26.6 - https:\/\/yoast.com\/wordpress\/plugins\/seo\/ -->\n<title>Mathias Willassen Hanssen - T\u00f8nsberg H\u00f8yre<\/title>\n<meta name=\"robots\" content=\"index, follow, max-snippet:-1, max-image-preview:large, max-video-preview:-1\" \/>\n<link rel=\"canonical\" href=\"https:\/\/hoyre.no\/tonsberg\/mathias-willassen-hanssen\/\" \/>\n<meta property=\"og:locale\" content=\"nb_NO\" \/>\n<meta property=\"og:type\" content=\"article\" \/>\n<meta property=\"og:title\" content=\"Mathias Willassen Hanssen - T\u00f8nsberg H\u00f8yre\" \/>\n<meta property=\"og:description\" content=\"Viktige ressurser Under hans ledelse har skole\u00f8konomien i T\u00f8nsberg blitt styrket, noe han ser p\u00e5 som en investering i fremtiden. \u2014 H\u00f8yre prioriterer alltid skolen n\u00e5r vi sitter i posisjon. L\u00e6reren og rektoren er noen av de viktigste ressursene vi har, sier han. Mathias er bekymret for utviklingen i norsk skole, hvor elevene gj\u00f8r det [&hellip;]\" \/>\n<meta property=\"og:url\" content=\"https:\/\/hoyre.no\/tonsberg\/mathias-willassen-hanssen\/\" \/>\n<meta property=\"og:site_name\" content=\"T\u00f8nsberg H\u00f8yre\" \/>\n<meta property=\"og:image\" content=\"https:\/\/hoyre.no\/content\/uploads\/sites\/353\/2025\/08\/DSC02784.jpg\" \/>\n\t<meta property=\"og:image:width\" content=\"1499\" \/>\n\t<meta property=\"og:image:height\" content=\"1000\" \/>\n\t<meta property=\"og:image:type\" content=\"image\/jpeg\" \/>\n<meta name=\"twitter:card\" content=\"summary_large_image\" \/>\n<meta name=\"twitter:label1\" content=\"Ansl. lesetid\" \/>\n\t<meta name=\"twitter:data1\" content=\"7 minutter\" \/>\n<script type=\"application\/ld+json\" class=\"yoast-schema-graph\">{\"@context\":\"https:\/\/schema.org\",\"@graph\":[{\"@type\":\"WebPage\",\"@id\":\"https:\/\/hoyre.no\/tonsberg\/mathias-willassen-hanssen\/\",\"url\":\"https:\/\/hoyre.no\/tonsberg\/mathias-willassen-hanssen\/\",\"name\":\"Mathias Willassen Hanssen - T\u00f8nsberg H\u00f8yre\",\"isPartOf\":{\"@id\":\"https:\/\/hoyre.no\/tonsberg\/#website\"},\"image\":{\"@id\":\"https:\/\/hoyre.no\/tonsberg\/mathias-willassen-hanssen\/#primaryimage\"},\"thumbnailUrl\":\"https:\/\/hoyre.no\/content\/uploads\/sites\/353\/2025\/08\/DSC02784-1024x683.jpg\",\"datePublished\":\"2025-08-03T17:23:17+00:00\",\"breadcrumb\":{\"@id\":\"https:\/\/hoyre.no\/tonsberg\/mathias-willassen-hanssen\/#breadcrumb\"},\"inLanguage\":\"nb-NO\",\"potentialAction\":[{\"@type\":\"ReadAction\",\"target\":[\"https:\/\/hoyre.no\/tonsberg\/mathias-willassen-hanssen\/\"]}]},{\"@type\":\"ImageObject\",\"inLanguage\":\"nb-NO\",\"@id\":\"https:\/\/hoyre.no\/tonsberg\/mathias-willassen-hanssen\/#primaryimage\",\"url\":\"https:\/\/hoyre.no\/content\/uploads\/sites\/353\/2025\/08\/DSC02784-1024x683.jpg\",\"contentUrl\":\"https:\/\/hoyre.no\/content\/uploads\/sites\/353\/2025\/08\/DSC02784-1024x683.jpg\"},{\"@type\":\"BreadcrumbList\",\"@id\":\"https:\/\/hoyre.no\/tonsberg\/mathias-willassen-hanssen\/#breadcrumb\",\"itemListElement\":[{\"@type\":\"ListItem\",\"position\":1,\"name\":\"Til hoyre.no\",\"item\":\"https:\/\/hoyre.no\"},{\"@type\":\"ListItem\",\"position\":2,\"name\":\"Hjem\",\"item\":\"https:\/\/hoyre.no\/tonsberg\/\"},{\"@type\":\"ListItem\",\"position\":3,\"name\":\"Mathias Willassen Hanssen\"}]},{\"@type\":\"WebSite\",\"@id\":\"https:\/\/hoyre.no\/tonsberg\/#website\",\"url\":\"https:\/\/hoyre.no\/tonsberg\/\",\"name\":\"T\u00f8nsberg H\u00f8yre\",\"description\":\"Bare enda et H\u00f8yres nettsteder-nettsted\",\"inLanguage\":\"nb-NO\"}]}<\/script>\n<!-- \/ Yoast SEO plugin. -->","yoast_head_json":{"title":"Mathias Willassen Hanssen - T\u00f8nsberg H\u00f8yre","robots":{"index":"index","follow":"follow","max-snippet":"max-snippet:-1","max-image-preview":"max-image-preview:large","max-video-preview":"max-video-preview:-1"},"canonical":"https:\/\/hoyre.no\/tonsberg\/mathias-willassen-hanssen\/","og_locale":"nb_NO","og_type":"article","og_title":"Mathias Willassen Hanssen - T\u00f8nsberg H\u00f8yre","og_description":"Viktige ressurser Under hans ledelse har skole\u00f8konomien i T\u00f8nsberg blitt styrket, noe han ser p\u00e5 som en investering i fremtiden. \u2014 H\u00f8yre prioriterer alltid skolen n\u00e5r vi sitter i posisjon. L\u00e6reren og rektoren er noen av de viktigste ressursene vi har, sier han. Mathias er bekymret for utviklingen i norsk skole, hvor elevene gj\u00f8r det [&hellip;]","og_url":"https:\/\/hoyre.no\/tonsberg\/mathias-willassen-hanssen\/","og_site_name":"T\u00f8nsberg H\u00f8yre","og_image":[{"width":1499,"height":1000,"url":"https:\/\/hoyre.no\/content\/uploads\/sites\/353\/2025\/08\/DSC02784.jpg","type":"image\/jpeg"}],"twitter_card":"summary_large_image","twitter_misc":{"Ansl. lesetid":"7 minutter"},"schema":{"@context":"https:\/\/schema.org","@graph":[{"@type":"WebPage","@id":"https:\/\/hoyre.no\/tonsberg\/mathias-willassen-hanssen\/","url":"https:\/\/hoyre.no\/tonsberg\/mathias-willassen-hanssen\/","name":"Mathias Willassen Hanssen - T\u00f8nsberg H\u00f8yre","isPartOf":{"@id":"https:\/\/hoyre.no\/tonsberg\/#website"},"image":{"@id":"https:\/\/hoyre.no\/tonsberg\/mathias-willassen-hanssen\/#primaryimage"},"thumbnailUrl":"https:\/\/hoyre.no\/content\/uploads\/sites\/353\/2025\/08\/DSC02784-1024x683.jpg","datePublished":"2025-08-03T17:23:17+00:00","breadcrumb":{"@id":"https:\/\/hoyre.no\/tonsberg\/mathias-willassen-hanssen\/#breadcrumb"},"inLanguage":"nb-NO","potentialAction":[{"@type":"ReadAction","target":["https:\/\/hoyre.no\/tonsberg\/mathias-willassen-hanssen\/"]}]},{"@type":"ImageObject","inLanguage":"nb-NO","@id":"https:\/\/hoyre.no\/tonsberg\/mathias-willassen-hanssen\/#primaryimage","url":"https:\/\/hoyre.no\/content\/uploads\/sites\/353\/2025\/08\/DSC02784-1024x683.jpg","contentUrl":"https:\/\/hoyre.no\/content\/uploads\/sites\/353\/2025\/08\/DSC02784-1024x683.jpg"},{"@type":"BreadcrumbList","@id":"https:\/\/hoyre.no\/tonsberg\/mathias-willassen-hanssen\/#breadcrumb","itemListElement":[{"@type":"ListItem","position":1,"name":"Til hoyre.no","item":"https:\/\/hoyre.no"},{"@type":"ListItem","position":2,"name":"Hjem","item":"https:\/\/hoyre.no\/tonsberg\/"},{"@type":"ListItem","position":3,"name":"Mathias Willassen Hanssen"}]},{"@type":"WebSite","@id":"https:\/\/hoyre.no\/tonsberg\/#website","url":"https:\/\/hoyre.no\/tonsberg\/","name":"T\u00f8nsberg H\u00f8yre","description":"Bare enda et H\u00f8yres nettsteder-nettsted","inLanguage":"nb-NO"}]}},"distributor_meta":false,"distributor_terms":false,"distributor_media":false,"distributor_original_site_name":"T\u00f8nsberg H\u00f8yre","distributor_original_site_url":"https:\/\/hoyre.no\/tonsberg","push-errors":false,"_links":{"self":[{"href":"https:\/\/hoyre.no\/tonsberg\/wp-json\/wp\/v2\/pages\/1641","targetHints":{"allow":["GET"]}}],"collection":[{"href":"https:\/\/hoyre.no\/tonsberg\/wp-json\/wp\/v2\/pages"}],"about":[{"href":"https:\/\/hoyre.no\/tonsberg\/wp-json\/wp\/v2\/types\/page"}],"author":[{"embeddable":true,"href":"https:\/\/hoyre.no\/tonsberg\/wp-json\/wp\/v2\/users\/14966"}],"replies":[{"embeddable":true,"href":"https:\/\/hoyre.no\/tonsberg\/wp-json\/wp\/v2\/comments?post=1641"}],"version-history":[{"count":6,"href":"https:\/\/hoyre.no\/tonsberg\/wp-json\/wp\/v2\/pages\/1641\/revisions"}],"predecessor-version":[{"id":1652,"href":"https:\/\/hoyre.no\/tonsberg\/wp-json\/wp\/v2\/pages\/1641\/revisions\/1652"}],"wp:attachment":[{"href":"https:\/\/hoyre.no\/tonsberg\/wp-json\/wp\/v2\/media?parent=1641"}],"curies":[{"name":"wp","href":"https:\/\/api.w.org\/{rel}","templated":true}]}}