{"id":139,"date":"2023-07-31T15:19:40","date_gmt":"2023-07-31T13:19:40","guid":{"rendered":"https:\/\/hoyre.no\/troms\/?page_id=139"},"modified":"2025-02-04T15:28:17","modified_gmt":"2025-02-04T14:28:17","slug":"utdanning","status":"publish","type":"page","link":"https:\/\/hoyre.no\/troms\/utdanning\/","title":{"rendered":"Utdanning"},"content":{"rendered":"\n<div class=\"wp-block-hoyre-hero with-image-gradient text-color-light  has-media alignfull has-background\"><div class=\"hoyre-hero has-image\"><h1 class=\"title\">Dette mener vi om utdanning<\/h1><p class=\"preamble\">Tilpasset undervisning og et utdanningstilbud som inngangsbillett inn i arbeidslivet.<\/p>\t\t\t<div class=\"post-meta wp-block teft-byline-wrapper\">\n\t\t\t\t<div class=\"top\">\n\t\t\t\t\t<div class=\"signature\">\n\t\t\t\t\t\t<div class=\"teft-byline\">\n\t\t\t\t\t\t\t\t\t\t\t\t\t\t<div>\n\t\t\t\t\t\t\t\t<h3>H\u00f8yres redaksjon<\/h3>\t\t\t\t\t\t\t\t\n\t\t\t\t\t\t\t\t\t\t\t\t\t\t\t\t\t<span class=\"date\">Sist oppdatert: 4. februar 2025<\/span>\n\t\t\t\t\t\t\t\t\t\t\t\t\t\t\t\t\t\t\t\t\t\t\t\t\t<span class=\"reading-time\" itemprop=\"timeRequired\" content=\"PT4M\"><em>Ca. 4 minutter lesetid<\/em><\/span>\n\t\t\t\t\t\t\t\t\t\t\t\t\t\t\t<\/div>\n\t\t\t\t\t\t<\/div>\n\t\t\t\t\t<\/div>\n\t\t\t\t\t\t<div class=\"sharing\">\n\t\t<a class=\"share-button share-link copy-link\" data-copy=\"https:\/\/hoyre.no\/troms\/utdanning\/\" target=\"_blank\"><span class=\"screen-reader-text\">Del link<\/span><\/a>\n\t\t<a class=\"share-button share-twitter\" href=\"http:\/\/twitter.com\/share?text=Utdanning&#038;url=https:\/\/hoyre.no\/troms\/utdanning\/&#038;hashtags=Hoyre\" target=\"_blank\"><span class=\"screen-reader-text\">Del p\u00e5 twitter<\/span><\/a>\n\t\t<a class=\"share-button share-facebook\" href=\"https:\/\/www.facebook.com\/sharer\/sharer.php?u=https:\/\/hoyre.no\/troms\/utdanning\/\" target=\"_blank\"><span class=\"screen-reader-text\">Del p\u00e5 facebook<\/span><\/a>\n\t<\/div>\n\t\t\t\t\t<\/div>\n\t\t\t<\/div>\n\n\t\t\t<figure class=\"hoyre-image-wrapper\"><div class=\"hoyre-image\"><img loading=\"lazy\" decoding=\"async\" width=\"2500\" height=\"1667\" src=\"https:\/\/hoyre.no\/content\/uploads\/sites\/430\/2023\/04\/GettyImages-kompetanse-scaled.jpg\" class=\"attachment-scaled size-scaled\" alt=\"\" style=\"object-position: 52% 15%\" srcset=\"https:\/\/hoyre.no\/content\/uploads\/sites\/430\/2023\/04\/GettyImages-kompetanse-scaled.jpg 2500w, https:\/\/hoyre.no\/content\/uploads\/sites\/430\/2023\/04\/GettyImages-kompetanse-300x200.jpg 300w, https:\/\/hoyre.no\/content\/uploads\/sites\/430\/2023\/04\/GettyImages-kompetanse-1024x683.jpg 1024w, https:\/\/hoyre.no\/content\/uploads\/sites\/430\/2023\/04\/GettyImages-kompetanse-768x512.jpg 768w, https:\/\/hoyre.no\/content\/uploads\/sites\/430\/2023\/04\/GettyImages-kompetanse-1536x1024.jpg 1536w, https:\/\/hoyre.no\/content\/uploads\/sites\/430\/2023\/04\/GettyImages-kompetanse-2048x1365.jpg 2048w\" sizes=\"auto, (max-width: 2500px) 100vw, 2500px\" \/><\/div><\/figure><\/div><\/div>\n\n\n\n\n<h2 class=\"wp-block-heading\">Dette er problemet<\/h2>\n\n\n\n<p>Troms er blant de fylkene der f\u00e6rrest elever fullf\u00f8rer videreg\u00e5ende skole. \u00c5 best\u00e5 og f\u00e5 et vitnem\u00e5l er det viktigste redskapet for \u00e5 bekjempe sosiale forskjeller, og gi flere muligheten til \u00e5 delta i arbeidslivet.<\/p>\n\n\n\n<p>Dagens posisjon f\u00f8rer en politikk som m\u00e5lrettet fjerner kompetansen fra skolene. Frav\u00e6rsgrensen skal fjernes, karriereveier for l\u00e6rere fjernes og eksamen avlyses. I sum er det lite politikk som styrker elevenes l\u00e6ring og forbereder de p\u00e5 fremtiden.<\/p>\n\n\n\n<p>H\u00f8yre mener at vi f\u00e5r den beste skolen ved \u00e5 stille krav samtidig som vi f\u00f8lger opp hver enkelt elev. Dette gj\u00f8res best ved at elevene er p\u00e5 skolen og m\u00f8tes av kvalifiserte l\u00e6rere.<\/p>\n\n\n\n<h2 class=\"wp-block-heading\">Eleven og l\u00e6ring m\u00e5 settes i fokus<\/h2>\n\n\n\n<p>Utdanning gir muligheter for alle<strong>,<\/strong> og er derfor det viktigste vi kan bidra med for barn og unge. <\/p>\n\n\n\n<p>H\u00f8yre vil gj\u00f8re hverdagen til elevene bedre gjennom \u00e5 prioritere vedlikehold av skolebygg, oppdaterte l\u00e6remidler og utstyr, samt gj\u00f8re skolehelsetjenesten mer tilgjengelig for alle elever.&nbsp;<\/p>\n\n\n\n<p>H\u00f8yre mener at alle elever skal m\u00f8te en<strong> <\/strong>kvalifisert l\u00e6rer. En god l\u00e6rer er avgj\u00f8rende for at elever skal l\u00e6ring og mestring i skolen tilpasset undervisning til hver enkelt elev. Derfor er det avgj\u00f8rende at l\u00e6rerne har b\u00e5de nok tid, ressurser og riktig kompetanse.&nbsp;<\/p>\n\n\n\n<div class=\"wp-block-teft-factbox\"><div class=\"factbox-inner\"><div class=\"entry-content\"><h4 class=\"toggle\">Slik vil H\u00f8yre bedre den videreg\u00e5ende skolen:<\/h4>\n<ul class=\"wp-block-list\">\n<li>Gi elever frihet til \u00e5 velge videreg\u00e5ende skole selv<\/li>\n\n\n\n<li>Satse p\u00e5 \u00e5 gj\u00f8re yrkesfag mer praktisk og la elever l\u00e6re mer i bedrift\u00a0<\/li>\n\n\n\n<li>Ha regler som s\u00f8rger for lavt frav\u00e6r og tettere oppf\u00f8lging av hver enkelt elev<\/li>\n\n\n\n<li>Innf\u00f8re sommerskole for \u00e5 gi elever muligheter til \u00e5 ta opp fag uten \u00e5 bli hengende bak i skolel\u00f8pet\u00a0<\/li>\n\n\n\n<li>Bedre vedlikeholdet p\u00e5 de videreg\u00e5ende skolene, elevhjem og internat, og s\u00f8rge for et godt inneklima som fremmer l\u00e6ring og helse.\u00a0<\/li>\n<\/ul>\n\n\n\n<ul class=\"wp-block-list\">\n<li>Fange opp b\u00e5de de som trenger ekstra hjelp og de som vil ha st\u00f8rre utfordringer gjennom tilpasset undervisning\u00a0<\/li>\n\n\n\n<li>Gj\u00f8re l\u00e6reryrket mer attraktivt med flere karriereveier slik som l\u00e6rerspesialister, satse p\u00e5 etter- og videreutdanning og bel\u00f8nne l\u00e6rere som gjennomf\u00f8rer kompetanseheving<\/li>\n\n\n\n<li>Ruste opp skolehelsetjenesten slik at elever kan f\u00e5 den helsehjelpen de trenger, n\u00e5r de trenger den\u00a0<\/li>\n<\/ul>\n<\/div><\/div><\/div>\n\n\n\n<h2 class=\"wp-block-heading\">Kompetanse er inngangsbilletten til arbeidslivet<\/h2>\n\n\n\n<p>I tillegg til de videreg\u00e5ende skolene, har fylkeskommunen ogs\u00e5 ansvar for kompetansepolitikken. For H\u00f8yre er det viktig at folk i alle aldre har muligheten til \u00e5 f\u00e5 den kompetansen man trenger for \u00e5 delta i arbeidslivet.<\/p>\n\n\n\n<p>H\u00f8yre vil legge til rette for at l\u00e6ring skal kunne skje n\u00e5r som helst i livet. M\u00e5let er at alle som vil jobbe, skal f\u00e5 jobbe.<\/p>\n\n\n\n<p>N\u00e6ringslivet i Nord-Norge mangler arbeidskraft. Skal vi utvikle landsdelen v\u00e5r i fremtiden m\u00e5 vi sikre at utdanningene er tilpasset n\u00e6ringslivets behov.<\/p>\n\n\n\n<p>H\u00f8yre vil ha flere fleksible utdanningsl\u00f8p. Det m\u00e5 bli enklere for voksne \u00e5 fylle p\u00e5 med kompetanse gjennom korte utdanningsl\u00f8p i l\u00f8pet av arbeidslivet, og formalisere den kompetansen man har.<\/p>\n\n\n\n\n<div class=\"wp-block-teft-factbox\"><div class=\"factbox-inner\"><div class=\"entry-content\"><h4 class=\"toggle\">Slik vil H\u00f8yre gj\u00f8re det enklere \u00e5 utdanne seg:<\/h4>\n<ul class=\"wp-block-list\">\n<li>La flere ta fagbrev p\u00e5 jobb\u00a0<\/li>\n\n\n\n<li>Etablere kompetansehuber der fleksible og modulbaserte utdanningstilbud p\u00e5 alle niv\u00e5er er tilgjengelig digitalt, som for eksempel Nettskolen Troms.\u00a0<\/li>\n\n\n\n<li>Tilpasse utdanningstilbudet etter n\u00e6ringslivets behov\u00a0<\/li>\n\n\n\n<li>Satse p\u00e5 et fleksibelt utdanningstilbud med l\u00e6ring i fokus, eksempelvis med modulstrukturert yrkesoppl\u00e6ring.\u00a0<\/li>\n\n\n\n<li>Styrke Fagskolen i nord gjennom flere studieplasser, \u00f8kt tilgjengelighet for fagarbeidere og etablering av nye studieretninger som n\u00e6ringslivet ettersp\u00f8r.\u00a0<\/li>\n<\/ul>\n\n\n\n<ul class=\"wp-block-list\">\n<li>Samarbeide med privat og offentlig arbeids- og n\u00e6ringsliv for \u00e5 bist\u00e5 elever som sliter med \u00e5 finne l\u00e6rlingeplass.\u00a0<\/li>\n<\/ul>\n<\/div><\/div><\/div>\n\n\n\t\t\t<div class=\"wp-block-hoyre-list alignfull has-background\">\n\t\t\t\t<div class=\"block-inner\">\n\t\t\t\t\t\t<div class=\"post-wrap links-wrapper-outer\">\n\t\t<h2 class=\"title anchor-title\">h\u00f8yre i media<\/h2>\t\t<div class=\"link-list-inner\">\n\t\t\t\n\n<div class=\"wp-block-button\"><a class=\"wp-block-button__link wp-element-button\" href=\"https:\/\/www.nordnorskdebatt.no\/arbeidskraftmangel-ma-loses-med-kompetanseloft\/o\/5-124-245811\">Arbeidskraftmangel m\u00e5 l\u00f8ses med kompetansel\u00f8ft<\/a><\/div>\n\n\n\n<div class=\"wp-block-button\"><a class=\"wp-block-button__link wp-element-button\" href=\"https:\/\/www.nordnorskdebatt.no\/det-er-ikke-noe-nytt-at-arbeiderpartiet-nekter-a-gi-elever-frihet-til-a-velge-selv\/o\/5-124-232480\">Elever fortjener frihet til \u00e5 velge skole selv<\/a><\/div>\n\n\n\n<div class=\"wp-block-button\"><a class=\"wp-block-button__link wp-element-button\" href=\"https:\/\/www.nordnorskdebatt.no\/vi-trenger-fravarsgrensen\/o\/5-124-249941\">Vi trenger frav\u00e6rsgrensen<\/a><\/div>\n\n\n\n<div class=\"wp-block-button\"><a class=\"wp-block-button__link wp-element-button\" href=\"https:\/\/www.framtidinord.no\/nyheter\/i\/8Joe7G\/lover-fortgang-for-ny-skole-nord-troms-er-neste-i-koea\">Fortgang i bygging av ny skole i Nord-Troms<\/a><\/div>\n\n\n\n<div class=\"wp-block-button\"><a class=\"wp-block-button__link wp-element-button\" href=\"https:\/\/www.nordlys.no\/lover-skoleloft-for-100-mill\/s\/5-34-1851791\">H\u00f8yre lover 100 millioner mer til skole<\/a><\/div>\n\n\n\n<div class=\"wp-block-button\"><a class=\"wp-block-button__link wp-element-button\" href=\"https:\/\/nye-troms.no\/nordkjosbotn-videregaende-skole-er-nokkelen-for-utdanning-av-lokal-arbeidskraft\/19.31389\">Dette vil H\u00f8yre gj\u00f8re med Nordkjosbotn videreg\u00e5ende skole<\/a><\/div>\n\n\t\t<\/div>\n\t<\/div>\n\t\t\t\t\t<\/div>\n\t\t\t<\/div>\n\t\t\t\n\n\n<div class=\"wp-block-media-text is-stacked-on-mobile is-image-fill alignwide is-style-lightest-blue\"><figure class=\"wp-block-media-text__media\" style=\"background-image:url('https:\/\/hoyre.no\/content\/uploads\/sites\/430\/2023\/07\/dividalen-1-1024x768.jpg');background-position:50% 50%\"><img loading=\"lazy\" decoding=\"async\" width=\"1024\" height=\"768\" src=\"https:\/\/hoyre.no\/content\/uploads\/sites\/430\/2023\/07\/dividalen-1-1024x768.jpg\" alt=\"\" class=\"wp-image-116 size-full\" srcset=\"https:\/\/hoyre.no\/content\/uploads\/sites\/430\/2023\/07\/dividalen-1-1024x768.jpg 1024w, https:\/\/hoyre.no\/content\/uploads\/sites\/430\/2023\/07\/dividalen-1-300x225.jpg 300w, https:\/\/hoyre.no\/content\/uploads\/sites\/430\/2023\/07\/dividalen-1-768x576.jpg 768w, https:\/\/hoyre.no\/content\/uploads\/sites\/430\/2023\/07\/dividalen-1-1536x1152.jpg 1536w, https:\/\/hoyre.no\/content\/uploads\/sites\/430\/2023\/07\/dividalen-1.jpg 2048w\" sizes=\"auto, (max-width: 1024px) 100vw, 1024px\" \/><\/figure><div class=\"wp-block-media-text__content\">\n<h2 class=\"wp-block-heading\">Syv gode grunner til \u00e5 stemme H\u00f8yre i Troms<\/h2>\n\n\n\n<div class=\"wp-block-buttons is-layout-flex wp-block-buttons-is-layout-flex\">\n<div class=\"wp-block-button\"><a class=\"wp-block-button__link wp-element-button\" href=\"https:\/\/hoyre.no\/troms\/politikk\/\">Trykk her for \u00e5 lese<\/a><\/div>\n<\/div>\n<\/div><\/div>\n","protected":false},"excerpt":{"rendered":"","protected":false},"author":453,"featured_media":0,"parent":0,"menu_order":0,"comment_status":"closed","ping_status":"closed","template":"","meta":{"teft_cards_image_url":"","teft_cards_custom_pretitle":"","teft_cards_image_id":0,"teft_cards_image_focal_point_x":0,"teft_cards_image_focal_point_y":0,"teft_cards_title":"","teft_cards_excerpt":"","teft_show_chapters":false,"footnotes":""},"class_list":["post-139","page","type-page","status-publish","hentry"],"yoast_head":"<!-- This site is optimized with the Yoast SEO plugin v26.6 - https:\/\/yoast.com\/wordpress\/plugins\/seo\/ -->\n<title>Utdanning - Troms H\u00f8yre<\/title>\n<meta name=\"robots\" content=\"index, follow, max-snippet:-1, max-image-preview:large, max-video-preview:-1\" \/>\n<link rel=\"canonical\" href=\"https:\/\/hoyre.no\/troms\/utdanning\/\" \/>\n<meta property=\"og:locale\" content=\"nb_NO\" \/>\n<meta property=\"og:type\" content=\"article\" \/>\n<meta property=\"og:title\" content=\"Utdanning - Troms H\u00f8yre\" \/>\n<meta property=\"og:url\" content=\"https:\/\/hoyre.no\/troms\/utdanning\/\" \/>\n<meta property=\"og:site_name\" content=\"Troms H\u00f8yre\" \/>\n<meta property=\"article:modified_time\" content=\"2025-02-04T14:28:17+00:00\" \/>\n<meta property=\"og:image\" content=\"https:\/\/hoyre.no\/content\/uploads\/sites\/430\/2023\/07\/dividalen-1-1024x768.jpg\" \/>\n<meta name=\"twitter:card\" content=\"summary_large_image\" \/>\n<meta name=\"twitter:label1\" content=\"Ansl. lesetid\" \/>\n\t<meta name=\"twitter:data1\" content=\"4 minutter\" \/>\n<script type=\"application\/ld+json\" class=\"yoast-schema-graph\">{\"@context\":\"https:\/\/schema.org\",\"@graph\":[{\"@type\":\"WebPage\",\"@id\":\"https:\/\/hoyre.no\/troms\/utdanning\/\",\"url\":\"https:\/\/hoyre.no\/troms\/utdanning\/\",\"name\":\"Utdanning - Troms H\u00f8yre\",\"isPartOf\":{\"@id\":\"https:\/\/hoyre.no\/troms\/#website\"},\"image\":{\"@id\":\"https:\/\/hoyre.no\/troms\/utdanning\/#primaryimage\"},\"thumbnailUrl\":\"https:\/\/hoyre.no\/content\/uploads\/sites\/430\/2023\/07\/dividalen-1-1024x768.jpg\",\"datePublished\":\"2023-07-31T13:19:40+00:00\",\"dateModified\":\"2025-02-04T14:28:17+00:00\",\"breadcrumb\":{\"@id\":\"https:\/\/hoyre.no\/troms\/utdanning\/#breadcrumb\"},\"inLanguage\":\"nb-NO\",\"potentialAction\":[{\"@type\":\"ReadAction\",\"target\":[\"https:\/\/hoyre.no\/troms\/utdanning\/\"]}]},{\"@type\":\"ImageObject\",\"inLanguage\":\"nb-NO\",\"@id\":\"https:\/\/hoyre.no\/troms\/utdanning\/#primaryimage\",\"url\":\"https:\/\/hoyre.no\/content\/uploads\/sites\/430\/2023\/07\/dividalen-1-1024x768.jpg\",\"contentUrl\":\"https:\/\/hoyre.no\/content\/uploads\/sites\/430\/2023\/07\/dividalen-1-1024x768.jpg\"},{\"@type\":\"BreadcrumbList\",\"@id\":\"https:\/\/hoyre.no\/troms\/utdanning\/#breadcrumb\",\"itemListElement\":[{\"@type\":\"ListItem\",\"position\":1,\"name\":\"Til hoyre.no\",\"item\":\"https:\/\/hoyre.no\"},{\"@type\":\"ListItem\",\"position\":2,\"name\":\"Hjem\",\"item\":\"https:\/\/hoyre.no\/troms\/\"},{\"@type\":\"ListItem\",\"position\":3,\"name\":\"Utdanning\"}]},{\"@type\":\"WebSite\",\"@id\":\"https:\/\/hoyre.no\/troms\/#website\",\"url\":\"https:\/\/hoyre.no\/troms\/\",\"name\":\"Troms H\u00f8yre\",\"description\":\"Bare enda et H\u00f8yres nettsteder-nettsted\",\"inLanguage\":\"nb-NO\"}]}<\/script>\n<!-- \/ Yoast SEO plugin. -->","yoast_head_json":{"title":"Utdanning - Troms H\u00f8yre","robots":{"index":"index","follow":"follow","max-snippet":"max-snippet:-1","max-image-preview":"max-image-preview:large","max-video-preview":"max-video-preview:-1"},"canonical":"https:\/\/hoyre.no\/troms\/utdanning\/","og_locale":"nb_NO","og_type":"article","og_title":"Utdanning - Troms H\u00f8yre","og_url":"https:\/\/hoyre.no\/troms\/utdanning\/","og_site_name":"Troms H\u00f8yre","article_modified_time":"2025-02-04T14:28:17+00:00","og_image":[{"url":"https:\/\/hoyre.no\/content\/uploads\/sites\/430\/2023\/07\/dividalen-1-1024x768.jpg","type":"","width":"","height":""}],"twitter_card":"summary_large_image","twitter_misc":{"Ansl. lesetid":"4 minutter"},"schema":{"@context":"https:\/\/schema.org","@graph":[{"@type":"WebPage","@id":"https:\/\/hoyre.no\/troms\/utdanning\/","url":"https:\/\/hoyre.no\/troms\/utdanning\/","name":"Utdanning - Troms H\u00f8yre","isPartOf":{"@id":"https:\/\/hoyre.no\/troms\/#website"},"image":{"@id":"https:\/\/hoyre.no\/troms\/utdanning\/#primaryimage"},"thumbnailUrl":"https:\/\/hoyre.no\/content\/uploads\/sites\/430\/2023\/07\/dividalen-1-1024x768.jpg","datePublished":"2023-07-31T13:19:40+00:00","dateModified":"2025-02-04T14:28:17+00:00","breadcrumb":{"@id":"https:\/\/hoyre.no\/troms\/utdanning\/#breadcrumb"},"inLanguage":"nb-NO","potentialAction":[{"@type":"ReadAction","target":["https:\/\/hoyre.no\/troms\/utdanning\/"]}]},{"@type":"ImageObject","inLanguage":"nb-NO","@id":"https:\/\/hoyre.no\/troms\/utdanning\/#primaryimage","url":"https:\/\/hoyre.no\/content\/uploads\/sites\/430\/2023\/07\/dividalen-1-1024x768.jpg","contentUrl":"https:\/\/hoyre.no\/content\/uploads\/sites\/430\/2023\/07\/dividalen-1-1024x768.jpg"},{"@type":"BreadcrumbList","@id":"https:\/\/hoyre.no\/troms\/utdanning\/#breadcrumb","itemListElement":[{"@type":"ListItem","position":1,"name":"Til hoyre.no","item":"https:\/\/hoyre.no"},{"@type":"ListItem","position":2,"name":"Hjem","item":"https:\/\/hoyre.no\/troms\/"},{"@type":"ListItem","position":3,"name":"Utdanning"}]},{"@type":"WebSite","@id":"https:\/\/hoyre.no\/troms\/#website","url":"https:\/\/hoyre.no\/troms\/","name":"Troms H\u00f8yre","description":"Bare enda et H\u00f8yres nettsteder-nettsted","inLanguage":"nb-NO"}]}},"distributor_meta":false,"distributor_terms":false,"distributor_media":false,"distributor_original_site_name":"Troms H\u00f8yre","distributor_original_site_url":"https:\/\/hoyre.no\/troms","push-errors":false,"_links":{"self":[{"href":"https:\/\/hoyre.no\/troms\/wp-json\/wp\/v2\/pages\/139","targetHints":{"allow":["GET"]}}],"collection":[{"href":"https:\/\/hoyre.no\/troms\/wp-json\/wp\/v2\/pages"}],"about":[{"href":"https:\/\/hoyre.no\/troms\/wp-json\/wp\/v2\/types\/page"}],"author":[{"embeddable":true,"href":"https:\/\/hoyre.no\/troms\/wp-json\/wp\/v2\/users\/453"}],"replies":[{"embeddable":true,"href":"https:\/\/hoyre.no\/troms\/wp-json\/wp\/v2\/comments?post=139"}],"version-history":[{"count":20,"href":"https:\/\/hoyre.no\/troms\/wp-json\/wp\/v2\/pages\/139\/revisions"}],"predecessor-version":[{"id":662,"href":"https:\/\/hoyre.no\/troms\/wp-json\/wp\/v2\/pages\/139\/revisions\/662"}],"wp:attachment":[{"href":"https:\/\/hoyre.no\/troms\/wp-json\/wp\/v2\/media?parent=139"}],"curies":[{"name":"wp","href":"https:\/\/api.w.org\/{rel}","templated":true}]}}