{"id":153,"date":"2023-07-31T16:04:10","date_gmt":"2023-07-31T14:04:10","guid":{"rendered":"https:\/\/hoyre.no\/troms\/?page_id=153"},"modified":"2025-02-04T15:29:06","modified_gmt":"2025-02-04T14:29:06","slug":"samferdsel","status":"publish","type":"page","link":"https:\/\/hoyre.no\/troms\/samferdsel\/","title":{"rendered":"Samferdsel"},"content":{"rendered":"\n<div class=\"wp-block-hoyre-hero with-image-gradient text-color-light  has-media alignfull has-background\"><div class=\"hoyre-hero has-image\"><h1 class=\"title\">Dette mener vi om samferdsel<\/h1><p class=\"preamble\">Det er p\u00e5 tide \u00e5 ruste opp veiene v\u00e5re med et skikkelig veil\u00f8ft.<\/p>\t\t\t<div class=\"post-meta wp-block teft-byline-wrapper\">\n\t\t\t\t<div class=\"top\">\n\t\t\t\t\t<div class=\"signature\">\n\t\t\t\t\t\t<div class=\"teft-byline\">\n\t\t\t\t\t\t\t\t\t\t\t\t\t\t<div>\n\t\t\t\t\t\t\t\t<h3>H\u00f8yres redaksjon<\/h3>\t\t\t\t\t\t\t\t\n\t\t\t\t\t\t\t\t\t\t\t\t\t\t\t\t\t<span class=\"date\">Sist oppdatert: 4. februar 2025<\/span>\n\t\t\t\t\t\t\t\t\t\t\t\t\t\t\t\t\t\t\t\t\t\t\t\t\t<span class=\"reading-time\" itemprop=\"timeRequired\" content=\"PT2M\"><em>Ca. 2 minutter lesetid<\/em><\/span>\n\t\t\t\t\t\t\t\t\t\t\t\t\t\t\t<\/div>\n\t\t\t\t\t\t<\/div>\n\t\t\t\t\t<\/div>\n\t\t\t\t\t\t<div class=\"sharing\">\n\t\t<a class=\"share-button share-link copy-link\" data-copy=\"https:\/\/hoyre.no\/troms\/samferdsel\/\" target=\"_blank\"><span class=\"screen-reader-text\">Del link<\/span><\/a>\n\t\t<a class=\"share-button share-twitter\" href=\"http:\/\/twitter.com\/share?text=Samferdsel&#038;url=https:\/\/hoyre.no\/troms\/samferdsel\/&#038;hashtags=Hoyre\" target=\"_blank\"><span class=\"screen-reader-text\">Del p\u00e5 twitter<\/span><\/a>\n\t\t<a class=\"share-button share-facebook\" href=\"https:\/\/www.facebook.com\/sharer\/sharer.php?u=https:\/\/hoyre.no\/troms\/samferdsel\/\" target=\"_blank\"><span class=\"screen-reader-text\">Del p\u00e5 facebook<\/span><\/a>\n\t<\/div>\n\t\t\t\t\t<\/div>\n\t\t\t<\/div>\n\n\t\t\t<figure class=\"hoyre-image-wrapper\"><div class=\"hoyre-image\"><img loading=\"lazy\" decoding=\"async\" width=\"2500\" height=\"1875\" src=\"https:\/\/hoyre.no\/content\/uploads\/sites\/430\/2023\/04\/FV-Rottenvika6-scaled.jpeg\" class=\"attachment-scaled size-scaled\" alt=\"\" style=\"object-position: 50% 50%\" srcset=\"https:\/\/hoyre.no\/content\/uploads\/sites\/430\/2023\/04\/FV-Rottenvika6-scaled.jpeg 2500w, https:\/\/hoyre.no\/content\/uploads\/sites\/430\/2023\/04\/FV-Rottenvika6-300x225.jpeg 300w, https:\/\/hoyre.no\/content\/uploads\/sites\/430\/2023\/04\/FV-Rottenvika6-1024x768.jpeg 1024w, https:\/\/hoyre.no\/content\/uploads\/sites\/430\/2023\/04\/FV-Rottenvika6-768x576.jpeg 768w, https:\/\/hoyre.no\/content\/uploads\/sites\/430\/2023\/04\/FV-Rottenvika6-1536x1152.jpeg 1536w, https:\/\/hoyre.no\/content\/uploads\/sites\/430\/2023\/04\/FV-Rottenvika6-2048x1536.jpeg 2048w\" sizes=\"auto, (max-width: 2500px) 100vw, 2500px\" \/><\/div><\/figure><\/div><\/div>\n\n\n\n\n<h2 class=\"wp-block-heading\">Dette er problemet<\/h2>\n\n\n\n<p>Fylkesvegene g\u00e5r i oppl\u00f8sning mange steder i Troms. Vedlikeholdsetterslepet er stort, og enkelte veger er direkte farlige \u00e5 kj\u00f8re p\u00e5. Det gir utfordringer for folk som skal reise i fylket, og gj\u00f8r det vanskeligere for n\u00e6ringslivet \u00e5 n\u00e5 frem med sine varer.&nbsp;<\/p>\n\n\n\n<p>H\u00f8yre har i alle v\u00e5re alternative budsjetter for fylkeskommunen satt av betydelige \u00f8kte midler til vei og kollektiv de siste 4 \u00e5rene. <\/p>\n\n\n\n<h2 class=\"wp-block-heading\">H\u00f8yres l\u00f8sning<\/h2>\n\n\n\n<p>Gode veier gir folk mulighet til \u00e5 bo og skape jobber i alle deler av fylket. Det binder regionen sammen, skaper attraktive bomilj\u00f8er og sikrer n\u00e6ringslivet tilgang til tjenester og arbeidskraft. En sterk satsing p\u00e5 samferdsel handler om \u00e5 bygge fylket for fremtiden.&nbsp;<\/p>\n\n\n\n<p>En forutsetning for at vi skal kunne ta igjen det store etterslepet er at staten ogs\u00e5 er med p\u00e5 laget. H\u00f8yre vil derfor jobbe for \u00f8kte statlige overf\u00f8ringer til fylkesveiene, og stille Arbeiderpartiet og Senterpartiet ansvarlig for sine l\u00f8fter om mer penger til veier i nord. <\/p>\n\n\n\n<div class=\"wp-block-teft-factbox\"><div class=\"factbox-inner\"><div class=\"entry-content\"><h4 class=\"toggle\">H\u00f8yre vil:<\/h4>\n<ul class=\"wp-block-list\">\n<li>Ha en betydelig \u00f8kning i vedlikehold av fylkesveier og redusere vedlikeholdsetterslepet p\u00e5 dagens fylkesveier.\u00a0<\/li>\n<\/ul>\n\n\n\n<ul class=\"wp-block-list\">\n<li>Prioritere fylkesveier som har stor n\u00e6ringsmessig betydning for \u00e5 bringe produkter fra kyst til marked.\u00a0<\/li>\n\n\n\n<li>V\u00e6re en p\u00e5driver for at staten \u00f8ker sine overf\u00f8ringer til fylkesvegene\u00a0<\/li>\n\n\n\n<li>At Nye Veier AS skal bygge flere veier raskere og billigere ved \u00e5 \u00f8ke rammene og gi dem ansvar for flere prosjekter.\u00a0<\/li>\n\n\n\n<li>Prioritere prosjekter som utvikler regionen v\u00e5r for fremtiden, slik som Nordomr\u00e5devegen med Ullsfjordforbindelse\u00a0<\/li>\n<\/ul>\n<\/div><\/div><\/div>\n\n\n\n\t\t\t<div class=\"wp-block-hoyre-list alignfull has-background\">\n\t\t\t\t<div class=\"block-inner\">\n\t\t\t\t\t\t<div class=\"post-wrap links-wrapper-outer\">\n\t\t<h2 class=\"title anchor-title\">h\u00f8yre i media<\/h2>\t\t<div class=\"link-list-inner\">\n\t\t\t\n\n<div class=\"wp-block-button\"><a class=\"wp-block-button__link wp-element-button\" href=\"https:\/\/www.nordnorskdebatt.no\/ullsfjordforbindelsen-knytter-regionen-var-tettere-sammen\/o\/5-124-255325\">Ullsfjordforbindelsen knytter regionen v\u00e5r tettere sammen&nbsp;<\/a><\/div>\n\n\n\n<div class=\"wp-block-button\"><a class=\"wp-block-button__link wp-element-button\" href=\"https:\/\/www.framtidinord.no\/nyheter\/i\/zEPdL1\/etterlyser-loesning-for-shellsvingen-boer-vaere-mulig-aa-faa-til-raskt\">Etterlyser l\u00f8sning for Shellsvingen<\/a><\/div>\n\n\n\n<div class=\"wp-block-button\"><a class=\"wp-block-button__link wp-element-button\" href=\"https:\/\/www.folkebladet.no\/nyheter\/i\/nQKlga\/retter-bru-spark-mot-politiske-motstandere\">Espenesbrua i Dyr\u00f8y<\/a><\/div>\n\n\n\n<div class=\"wp-block-button\"><a class=\"wp-block-button__link wp-element-button\" href=\"https:\/\/www.framtidinord.no\/meninger\/i\/jlJpqn\/nordomraadevegen-maa-bygges-av-fylkeskommunen\">Nordomr\u00e5devegen m\u00e5 bygges av fylkeskommunen<\/a><\/div>\n\n\n\n<div class=\"wp-block-button\"><a class=\"wp-block-button__link wp-element-button\" href=\"https:\/\/www.nordnorskdebatt.no\/har-senterpartiet-kjort-pa-fylkesveiene-vare\/o\/5-124-262762?fbclid=IwAR3FWOM1fqrcHPN05Kdr4Vg4aEhVwoWulf4-A7ao5naXzcMjyhFDBKXUQro\">P\u00e5 tide \u00e5 ruste opp fylkesvegene<\/a><\/div>\n\n\t\t<\/div>\n\t<\/div>\n\t\t\t\t\t<\/div>\n\t\t\t<\/div>\n\t\t\t\n\n\n<div class=\"wp-block-media-text is-stacked-on-mobile is-image-fill alignwide is-style-lightest-blue\"><figure class=\"wp-block-media-text__media\" style=\"background-image:url('https:\/\/hoyre.no\/content\/uploads\/sites\/430\/2023\/07\/dividalen-1-1024x768.jpg');background-position:50% 50%\"><img loading=\"lazy\" decoding=\"async\" width=\"1024\" height=\"768\" src=\"https:\/\/hoyre.no\/content\/uploads\/sites\/430\/2023\/07\/dividalen-1-1024x768.jpg\" alt=\"\" class=\"wp-image-116 size-full\" srcset=\"https:\/\/hoyre.no\/content\/uploads\/sites\/430\/2023\/07\/dividalen-1-1024x768.jpg 1024w, https:\/\/hoyre.no\/content\/uploads\/sites\/430\/2023\/07\/dividalen-1-300x225.jpg 300w, https:\/\/hoyre.no\/content\/uploads\/sites\/430\/2023\/07\/dividalen-1-768x576.jpg 768w, https:\/\/hoyre.no\/content\/uploads\/sites\/430\/2023\/07\/dividalen-1-1536x1152.jpg 1536w, https:\/\/hoyre.no\/content\/uploads\/sites\/430\/2023\/07\/dividalen-1.jpg 2048w\" sizes=\"auto, (max-width: 1024px) 100vw, 1024px\" \/><\/figure><div class=\"wp-block-media-text__content\">\n<h2 class=\"wp-block-heading\">Syv gode grunner til \u00e5 stemme H\u00f8yre i Troms<\/h2>\n\n\n\n<div class=\"wp-block-buttons is-layout-flex wp-block-buttons-is-layout-flex\">\n<div class=\"wp-block-button\"><a class=\"wp-block-button__link wp-element-button\" href=\"https:\/\/hoyre.no\/troms\/politikk\/\">Trykk her for \u00e5 lese<\/a><\/div>\n<\/div>\n<\/div><\/div>\n","protected":false},"excerpt":{"rendered":"","protected":false},"author":453,"featured_media":0,"parent":0,"menu_order":0,"comment_status":"closed","ping_status":"closed","template":"","meta":{"teft_cards_image_url":"","teft_cards_custom_pretitle":"","teft_cards_image_id":0,"teft_cards_image_focal_point_x":0,"teft_cards_image_focal_point_y":0,"teft_cards_title":"","teft_cards_excerpt":"","teft_show_chapters":false,"footnotes":""},"class_list":["post-153","page","type-page","status-publish","hentry"],"yoast_head":"<!-- This site is optimized with the Yoast SEO plugin v26.6 - https:\/\/yoast.com\/wordpress\/plugins\/seo\/ -->\n<title>Samferdsel - Troms H\u00f8yre<\/title>\n<meta name=\"robots\" content=\"index, follow, max-snippet:-1, max-image-preview:large, max-video-preview:-1\" \/>\n<link rel=\"canonical\" href=\"https:\/\/hoyre.no\/troms\/samferdsel\/\" \/>\n<meta property=\"og:locale\" content=\"nb_NO\" \/>\n<meta property=\"og:type\" content=\"article\" \/>\n<meta property=\"og:title\" content=\"Samferdsel - Troms H\u00f8yre\" \/>\n<meta property=\"og:url\" content=\"https:\/\/hoyre.no\/troms\/samferdsel\/\" \/>\n<meta property=\"og:site_name\" content=\"Troms H\u00f8yre\" \/>\n<meta property=\"article:modified_time\" content=\"2025-02-04T14:29:06+00:00\" \/>\n<meta property=\"og:image\" content=\"https:\/\/hoyre.no\/content\/uploads\/sites\/430\/2023\/07\/dividalen-1-1024x768.jpg\" \/>\n<meta name=\"twitter:card\" content=\"summary_large_image\" \/>\n<meta name=\"twitter:label1\" content=\"Ansl. lesetid\" \/>\n\t<meta name=\"twitter:data1\" content=\"2 minutter\" \/>\n<script type=\"application\/ld+json\" class=\"yoast-schema-graph\">{\"@context\":\"https:\/\/schema.org\",\"@graph\":[{\"@type\":\"WebPage\",\"@id\":\"https:\/\/hoyre.no\/troms\/samferdsel\/\",\"url\":\"https:\/\/hoyre.no\/troms\/samferdsel\/\",\"name\":\"Samferdsel - Troms H\u00f8yre\",\"isPartOf\":{\"@id\":\"https:\/\/hoyre.no\/troms\/#website\"},\"image\":{\"@id\":\"https:\/\/hoyre.no\/troms\/samferdsel\/#primaryimage\"},\"thumbnailUrl\":\"https:\/\/hoyre.no\/content\/uploads\/sites\/430\/2023\/07\/dividalen-1-1024x768.jpg\",\"datePublished\":\"2023-07-31T14:04:10+00:00\",\"dateModified\":\"2025-02-04T14:29:06+00:00\",\"breadcrumb\":{\"@id\":\"https:\/\/hoyre.no\/troms\/samferdsel\/#breadcrumb\"},\"inLanguage\":\"nb-NO\",\"potentialAction\":[{\"@type\":\"ReadAction\",\"target\":[\"https:\/\/hoyre.no\/troms\/samferdsel\/\"]}]},{\"@type\":\"ImageObject\",\"inLanguage\":\"nb-NO\",\"@id\":\"https:\/\/hoyre.no\/troms\/samferdsel\/#primaryimage\",\"url\":\"https:\/\/hoyre.no\/content\/uploads\/sites\/430\/2023\/07\/dividalen-1-1024x768.jpg\",\"contentUrl\":\"https:\/\/hoyre.no\/content\/uploads\/sites\/430\/2023\/07\/dividalen-1-1024x768.jpg\"},{\"@type\":\"BreadcrumbList\",\"@id\":\"https:\/\/hoyre.no\/troms\/samferdsel\/#breadcrumb\",\"itemListElement\":[{\"@type\":\"ListItem\",\"position\":1,\"name\":\"Til hoyre.no\",\"item\":\"https:\/\/hoyre.no\"},{\"@type\":\"ListItem\",\"position\":2,\"name\":\"Hjem\",\"item\":\"https:\/\/hoyre.no\/troms\/\"},{\"@type\":\"ListItem\",\"position\":3,\"name\":\"Samferdsel\"}]},{\"@type\":\"WebSite\",\"@id\":\"https:\/\/hoyre.no\/troms\/#website\",\"url\":\"https:\/\/hoyre.no\/troms\/\",\"name\":\"Troms H\u00f8yre\",\"description\":\"Bare enda et H\u00f8yres nettsteder-nettsted\",\"inLanguage\":\"nb-NO\"}]}<\/script>\n<!-- \/ Yoast SEO plugin. -->","yoast_head_json":{"title":"Samferdsel - Troms H\u00f8yre","robots":{"index":"index","follow":"follow","max-snippet":"max-snippet:-1","max-image-preview":"max-image-preview:large","max-video-preview":"max-video-preview:-1"},"canonical":"https:\/\/hoyre.no\/troms\/samferdsel\/","og_locale":"nb_NO","og_type":"article","og_title":"Samferdsel - Troms H\u00f8yre","og_url":"https:\/\/hoyre.no\/troms\/samferdsel\/","og_site_name":"Troms H\u00f8yre","article_modified_time":"2025-02-04T14:29:06+00:00","og_image":[{"url":"https:\/\/hoyre.no\/content\/uploads\/sites\/430\/2023\/07\/dividalen-1-1024x768.jpg","type":"","width":"","height":""}],"twitter_card":"summary_large_image","twitter_misc":{"Ansl. lesetid":"2 minutter"},"schema":{"@context":"https:\/\/schema.org","@graph":[{"@type":"WebPage","@id":"https:\/\/hoyre.no\/troms\/samferdsel\/","url":"https:\/\/hoyre.no\/troms\/samferdsel\/","name":"Samferdsel - Troms H\u00f8yre","isPartOf":{"@id":"https:\/\/hoyre.no\/troms\/#website"},"image":{"@id":"https:\/\/hoyre.no\/troms\/samferdsel\/#primaryimage"},"thumbnailUrl":"https:\/\/hoyre.no\/content\/uploads\/sites\/430\/2023\/07\/dividalen-1-1024x768.jpg","datePublished":"2023-07-31T14:04:10+00:00","dateModified":"2025-02-04T14:29:06+00:00","breadcrumb":{"@id":"https:\/\/hoyre.no\/troms\/samferdsel\/#breadcrumb"},"inLanguage":"nb-NO","potentialAction":[{"@type":"ReadAction","target":["https:\/\/hoyre.no\/troms\/samferdsel\/"]}]},{"@type":"ImageObject","inLanguage":"nb-NO","@id":"https:\/\/hoyre.no\/troms\/samferdsel\/#primaryimage","url":"https:\/\/hoyre.no\/content\/uploads\/sites\/430\/2023\/07\/dividalen-1-1024x768.jpg","contentUrl":"https:\/\/hoyre.no\/content\/uploads\/sites\/430\/2023\/07\/dividalen-1-1024x768.jpg"},{"@type":"BreadcrumbList","@id":"https:\/\/hoyre.no\/troms\/samferdsel\/#breadcrumb","itemListElement":[{"@type":"ListItem","position":1,"name":"Til hoyre.no","item":"https:\/\/hoyre.no"},{"@type":"ListItem","position":2,"name":"Hjem","item":"https:\/\/hoyre.no\/troms\/"},{"@type":"ListItem","position":3,"name":"Samferdsel"}]},{"@type":"WebSite","@id":"https:\/\/hoyre.no\/troms\/#website","url":"https:\/\/hoyre.no\/troms\/","name":"Troms H\u00f8yre","description":"Bare enda et H\u00f8yres nettsteder-nettsted","inLanguage":"nb-NO"}]}},"distributor_meta":false,"distributor_terms":false,"distributor_media":false,"distributor_original_site_name":"Troms H\u00f8yre","distributor_original_site_url":"https:\/\/hoyre.no\/troms","push-errors":false,"_links":{"self":[{"href":"https:\/\/hoyre.no\/troms\/wp-json\/wp\/v2\/pages\/153","targetHints":{"allow":["GET"]}}],"collection":[{"href":"https:\/\/hoyre.no\/troms\/wp-json\/wp\/v2\/pages"}],"about":[{"href":"https:\/\/hoyre.no\/troms\/wp-json\/wp\/v2\/types\/page"}],"author":[{"embeddable":true,"href":"https:\/\/hoyre.no\/troms\/wp-json\/wp\/v2\/users\/453"}],"replies":[{"embeddable":true,"href":"https:\/\/hoyre.no\/troms\/wp-json\/wp\/v2\/comments?post=153"}],"version-history":[{"count":12,"href":"https:\/\/hoyre.no\/troms\/wp-json\/wp\/v2\/pages\/153\/revisions"}],"predecessor-version":[{"id":663,"href":"https:\/\/hoyre.no\/troms\/wp-json\/wp\/v2\/pages\/153\/revisions\/663"}],"wp:attachment":[{"href":"https:\/\/hoyre.no\/troms\/wp-json\/wp\/v2\/media?parent=153"}],"curies":[{"name":"wp","href":"https:\/\/api.w.org\/{rel}","templated":true}]}}