{"id":185,"date":"2023-08-09T18:01:28","date_gmt":"2023-08-09T16:01:28","guid":{"rendered":"https:\/\/hoyre.no\/troms\/?page_id=185"},"modified":"2023-08-09T18:17:27","modified_gmt":"2023-08-09T16:17:27","slug":"ungdom","status":"publish","type":"page","link":"https:\/\/hoyre.no\/troms\/ungdom\/","title":{"rendered":"Ungdom"},"content":{"rendered":"\n<div class=\"wp-block-hoyre-hero with-image-gradient text-color-light  has-media alignfull has-background\"><div class=\"hoyre-hero has-image\"><h1 class=\"title\">Gi unge bolyst og muligheter<\/h1><figure class=\"hoyre-image-wrapper\"><div class=\"hoyre-image\"><img loading=\"lazy\" decoding=\"async\" width=\"2500\" height=\"1608\" src=\"https:\/\/hoyre.no\/content\/uploads\/sites\/430\/2023\/04\/GettyImages-festival-scaled.jpg\" class=\"attachment-scaled size-scaled\" alt=\"\" style=\"object-position: 50% 50%\" srcset=\"https:\/\/hoyre.no\/content\/uploads\/sites\/430\/2023\/04\/GettyImages-festival-scaled.jpg 2500w, https:\/\/hoyre.no\/content\/uploads\/sites\/430\/2023\/04\/GettyImages-festival-300x193.jpg 300w, https:\/\/hoyre.no\/content\/uploads\/sites\/430\/2023\/04\/GettyImages-festival-1024x659.jpg 1024w, https:\/\/hoyre.no\/content\/uploads\/sites\/430\/2023\/04\/GettyImages-festival-768x494.jpg 768w, https:\/\/hoyre.no\/content\/uploads\/sites\/430\/2023\/04\/GettyImages-festival-1536x988.jpg 1536w, https:\/\/hoyre.no\/content\/uploads\/sites\/430\/2023\/04\/GettyImages-festival-2048x1318.jpg 2048w\" sizes=\"auto, (max-width: 2500px) 100vw, 2500px\" \/><\/div><\/figure><\/div><\/div>\n\n\n\n\n<p><\/p>\n\n\n\n\n<h2 class=\"wp-block-heading\">Dette er problemet<\/h2>\n\n\n\n<p>En av tre unge vurderer \u00e5 flytte ut av landsdelen de neste fem \u00e5rene, og mange av disse er usikre p\u00e5 hvilke karrieremuligheter som finnes i nord.&nbsp;Mange er misforn\u00f8yde med transporttilbudet, reisetid ut av landsdelen og tiltak for \u00e5 fremme vekst i innbyggertall i kommunen.&nbsp;<\/p>\n\n\n\n<p>Fraflytting av unge fra landsdelen er en utfordring som krever politisk vilje for \u00e5 l\u00f8ses. H\u00f8yres visjon er at Troms skal v\u00e6re et fylke der alle unge kan trives og bo. I Nord-Norge har vi et hav av muligheter som naturressurser, energi, areal og kompetanse. Skal vi lykkes i \u00e5 ta mulighetene i bruk, m\u00e5 vi gj\u00f8re det attraktivt for unge \u00e5 flytte til og bo i landsdelen v\u00e5r.&nbsp;<\/p>\n\n\n\n<h2 class=\"wp-block-heading\">Troms H\u00f8yre vil ha et fylke som gir trivsel og bolyst<\/h2>\n\n\n\n<p>Vi m\u00e5 tilrettelegge for at unge kan fullf\u00f8re utdanninga si, skaffe seg bolig og en attraktiv arbeidsplass. Vi trenger en skole som ser hver enkelt elev og som gir unge muligheter for fremtiden. Vi m\u00e5 satse p\u00e5 m\u00f8teplasser, kulturtilbud og skape et kollektivtilbud som gj\u00f8r at man kan reise til og fra dit man skal. Troms skal v\u00e6re ungdommens framtidsregion. Det gj\u00f8r vi gjennom \u00e5 lytte til de unge og la deres stemme bli f\u00f8rende for hvordan vi utvikler fylket v\u00e5rt, slik gj\u00f8r vi Troms til mulighetenes fylke for unge.&nbsp;<\/p>\n\n\n\n<div class=\"wp-block-teft-factbox\"><div class=\"factbox-inner\"><div class=\"entry-content\"><h4 class=\"toggle\">Dette vil H\u00f8yre gj\u00f8re for unge i Troms:<\/h4>\n<ul class=\"wp-block-list\"><li><em>Gi unge muligheter for framtida<\/em> gjennom samarbeid mellom skoler, n\u00e6ringslivet og det offentlige. Flere skal fullf\u00f8re utdanningen sin, finne l\u00e6replass og en karriere i nord<\/li><li><em>Gi elever mere frihet i skolen<\/em>. H\u00f8yre vil la unge bestemme hvilken skole de skal g\u00e5 p\u00e5 og ha undervisning tilpasset deres niv\u00e5.<\/li><li><em>Skape m\u00f8teplasser og aktivitet<\/em>. H\u00f8yre vil styrke kulturtilbudet, gj\u00f8re det billigere for idrettslag og foreninger \u00e5 reise p\u00e5 stevner og skape flere sosiale m\u00f8teplasser for ungdom.<\/li><li><em>Lytte til de unge.<\/em> Utviklingen i Troms skal skje p\u00e5 ungdoms premisser, derfor skal Ungdommens Fylkesr\u00e5d h\u00f8res og ungdomsmedvirkning v\u00e6re f\u00f8rende for politikk.<\/li><li><em>Gj\u00f8re det enklere \u00e5 komme inn i boligmarkedet<\/em>. Troms H\u00f8yre vil sette i gang et pilotprosjekt med &laquo;leie-til-eie&raquo;-ordninger spesielt rettet mot unge, og gj\u00f8re det enklere \u00e5 f\u00e5 l\u00e5n til boliger i distriktet ved at det offentlige tar st\u00f8rre del av risikoen for verditap.<\/li><li><em>Gi unge hjelpen de trenger, n\u00e5r de trenger den.<\/em> H\u00f8yre vil l\u00f8fte skolehelsetjenesten og sikre at d\u00f8ra til helsesykepleier st\u00e5r \u00e5pen hver eneste dag. I tillegg vi vil satse p\u00e5 den digitale skolehelsetjenesten og gj\u00f8re lavterskeltilbud mer tilgjengelig.<\/li><li><em>Styrke kollektivtilbudet. <\/em>H\u00f8yre vil gj\u00f8re det lettere for unge \u00e5 komme seg frem med flere avganger, flere ruter og billigere billetter.<\/li><\/ul>\n<\/div><\/div><\/div>\n\n\n\t\t\t<div class=\"wp-block-hoyre-list alignfull has-background\">\n\t\t\t\t<div class=\"block-inner\">\n\t\t\t\t\t\t<div class=\"post-wrap links-wrapper-outer\">\n\t\t<h2 class=\"title anchor-title\">h\u00f8yre i media<\/h2>\t\t<div class=\"link-list-inner\">\n\t\t\t\n\n<div class=\"wp-block-button\"><a class=\"wp-block-button__link\" href=\"https:\/\/www.nordnorskdebatt.no\/unge-i-troms-fortjener-trygge-arbeidsvilkar\/o\/5-124-256342\">Unge i Troms fortjener trygge arbeidsvilk\u00e5r<\/a><\/div>\n\n\t\t<\/div>\n\t<\/div>\n\t\t\t\t\t<\/div>\n\t\t\t<\/div>\n\t\t\t\n\n\n<div class=\"wp-block-media-text alignwide is-stacked-on-mobile is-image-fill is-style-lightest-blue\"><figure class=\"wp-block-media-text__media\" style=\"background-image:url('https:\/\/hoyre.no\/content\/uploads\/sites\/430\/2023\/07\/dividalen-1-1024x768.jpg');background-position:50% 50%\"><img loading=\"lazy\" decoding=\"async\" width=\"1024\" height=\"768\" src=\"https:\/\/hoyre.no\/content\/uploads\/sites\/430\/2023\/07\/dividalen-1-1024x768.jpg\" alt=\"\" class=\"wp-image-116 size-full\" srcset=\"https:\/\/hoyre.no\/content\/uploads\/sites\/430\/2023\/07\/dividalen-1-1024x768.jpg 1024w, https:\/\/hoyre.no\/content\/uploads\/sites\/430\/2023\/07\/dividalen-1-300x225.jpg 300w, https:\/\/hoyre.no\/content\/uploads\/sites\/430\/2023\/07\/dividalen-1-768x576.jpg 768w, https:\/\/hoyre.no\/content\/uploads\/sites\/430\/2023\/07\/dividalen-1-1536x1152.jpg 1536w, https:\/\/hoyre.no\/content\/uploads\/sites\/430\/2023\/07\/dividalen-1.jpg 2048w\" sizes=\"auto, (max-width: 1024px) 100vw, 1024px\" \/><\/figure><div class=\"wp-block-media-text__content\">\n<h2 class=\"wp-block-heading\">Syv gode grunner til \u00e5 stemme H\u00f8yre i Troms<\/h2>\n\n\n\n<div class=\"wp-block-buttons is-layout-flex wp-block-buttons-is-layout-flex\">\n<div class=\"wp-block-button\"><a class=\"wp-block-button__link\" href=\"https:\/\/hoyre.no\/troms\/politikk\/\">Trykk her for \u00e5 lese<\/a><\/div>\n<\/div>\n<\/div><\/div>\n","protected":false},"excerpt":{"rendered":"<p>Dette er problemet En av tre unge vurderer \u00e5 flytte ut av landsdelen de neste fem \u00e5rene, og mange av disse er usikre p\u00e5 hvilke karrieremuligheter som finnes i nord.&nbsp;Mange er misforn\u00f8yde med transporttilbudet, reisetid ut av landsdelen og tiltak for \u00e5 fremme vekst i innbyggertall i kommunen.&nbsp; Fraflytting av unge fra landsdelen er en [&hellip;]<\/p>\n","protected":false},"author":17637,"featured_media":0,"parent":0,"menu_order":0,"comment_status":"closed","ping_status":"closed","template":"","meta":{"teft_cards_image_url":"","teft_cards_custom_pretitle":"","teft_cards_image_id":0,"teft_cards_image_focal_point_x":0,"teft_cards_image_focal_point_y":0,"teft_cards_title":"","teft_cards_excerpt":"","teft_show_chapters":false,"footnotes":""},"class_list":["post-185","page","type-page","status-publish","hentry"],"yoast_head":"<!-- This site is optimized with the Yoast SEO plugin v26.6 - https:\/\/yoast.com\/wordpress\/plugins\/seo\/ -->\n<title>Ungdom - Troms H\u00f8yre<\/title>\n<meta name=\"robots\" content=\"index, follow, max-snippet:-1, max-image-preview:large, max-video-preview:-1\" \/>\n<link rel=\"canonical\" href=\"https:\/\/hoyre.no\/troms\/ungdom\/\" \/>\n<meta property=\"og:locale\" content=\"nb_NO\" \/>\n<meta property=\"og:type\" content=\"article\" \/>\n<meta property=\"og:title\" content=\"Ungdom - Troms H\u00f8yre\" \/>\n<meta property=\"og:description\" content=\"Dette er problemet En av tre unge vurderer \u00e5 flytte ut av landsdelen de neste fem \u00e5rene, og mange av disse er usikre p\u00e5 hvilke karrieremuligheter som finnes i nord.&nbsp;Mange er misforn\u00f8yde med transporttilbudet, reisetid ut av landsdelen og tiltak for \u00e5 fremme vekst i innbyggertall i kommunen.&nbsp; Fraflytting av unge fra landsdelen er en [&hellip;]\" \/>\n<meta property=\"og:url\" content=\"https:\/\/hoyre.no\/troms\/ungdom\/\" \/>\n<meta property=\"og:site_name\" content=\"Troms H\u00f8yre\" \/>\n<meta property=\"article:modified_time\" content=\"2023-08-09T16:17:27+00:00\" \/>\n<meta property=\"og:image\" content=\"https:\/\/hoyre.no\/content\/uploads\/sites\/430\/2023\/07\/dividalen-1-1024x768.jpg\" \/>\n<meta name=\"twitter:card\" content=\"summary_large_image\" \/>\n<meta name=\"twitter:label1\" content=\"Ansl. lesetid\" \/>\n\t<meta name=\"twitter:data1\" content=\"3 minutter\" \/>\n<script type=\"application\/ld+json\" class=\"yoast-schema-graph\">{\"@context\":\"https:\/\/schema.org\",\"@graph\":[{\"@type\":\"WebPage\",\"@id\":\"https:\/\/hoyre.no\/troms\/ungdom\/\",\"url\":\"https:\/\/hoyre.no\/troms\/ungdom\/\",\"name\":\"Ungdom - Troms H\u00f8yre\",\"isPartOf\":{\"@id\":\"https:\/\/hoyre.no\/troms\/#website\"},\"image\":{\"@id\":\"https:\/\/hoyre.no\/troms\/ungdom\/#primaryimage\"},\"thumbnailUrl\":\"https:\/\/hoyre.no\/content\/uploads\/sites\/430\/2023\/07\/dividalen-1-1024x768.jpg\",\"datePublished\":\"2023-08-09T16:01:28+00:00\",\"dateModified\":\"2023-08-09T16:17:27+00:00\",\"breadcrumb\":{\"@id\":\"https:\/\/hoyre.no\/troms\/ungdom\/#breadcrumb\"},\"inLanguage\":\"nb-NO\",\"potentialAction\":[{\"@type\":\"ReadAction\",\"target\":[\"https:\/\/hoyre.no\/troms\/ungdom\/\"]}]},{\"@type\":\"ImageObject\",\"inLanguage\":\"nb-NO\",\"@id\":\"https:\/\/hoyre.no\/troms\/ungdom\/#primaryimage\",\"url\":\"https:\/\/hoyre.no\/content\/uploads\/sites\/430\/2023\/07\/dividalen-1-1024x768.jpg\",\"contentUrl\":\"https:\/\/hoyre.no\/content\/uploads\/sites\/430\/2023\/07\/dividalen-1-1024x768.jpg\"},{\"@type\":\"BreadcrumbList\",\"@id\":\"https:\/\/hoyre.no\/troms\/ungdom\/#breadcrumb\",\"itemListElement\":[{\"@type\":\"ListItem\",\"position\":1,\"name\":\"Til hoyre.no\",\"item\":\"https:\/\/hoyre.no\"},{\"@type\":\"ListItem\",\"position\":2,\"name\":\"Hjem\",\"item\":\"https:\/\/hoyre.no\/troms\/\"},{\"@type\":\"ListItem\",\"position\":3,\"name\":\"Ungdom\"}]},{\"@type\":\"WebSite\",\"@id\":\"https:\/\/hoyre.no\/troms\/#website\",\"url\":\"https:\/\/hoyre.no\/troms\/\",\"name\":\"Troms H\u00f8yre\",\"description\":\"Bare enda et H\u00f8yres nettsteder-nettsted\",\"inLanguage\":\"nb-NO\"}]}<\/script>\n<!-- \/ Yoast SEO plugin. -->","yoast_head_json":{"title":"Ungdom - Troms H\u00f8yre","robots":{"index":"index","follow":"follow","max-snippet":"max-snippet:-1","max-image-preview":"max-image-preview:large","max-video-preview":"max-video-preview:-1"},"canonical":"https:\/\/hoyre.no\/troms\/ungdom\/","og_locale":"nb_NO","og_type":"article","og_title":"Ungdom - Troms H\u00f8yre","og_description":"Dette er problemet En av tre unge vurderer \u00e5 flytte ut av landsdelen de neste fem \u00e5rene, og mange av disse er usikre p\u00e5 hvilke karrieremuligheter som finnes i nord.&nbsp;Mange er misforn\u00f8yde med transporttilbudet, reisetid ut av landsdelen og tiltak for \u00e5 fremme vekst i innbyggertall i kommunen.&nbsp; Fraflytting av unge fra landsdelen er en [&hellip;]","og_url":"https:\/\/hoyre.no\/troms\/ungdom\/","og_site_name":"Troms H\u00f8yre","article_modified_time":"2023-08-09T16:17:27+00:00","og_image":[{"url":"https:\/\/hoyre.no\/content\/uploads\/sites\/430\/2023\/07\/dividalen-1-1024x768.jpg","type":"","width":"","height":""}],"twitter_card":"summary_large_image","twitter_misc":{"Ansl. lesetid":"3 minutter"},"schema":{"@context":"https:\/\/schema.org","@graph":[{"@type":"WebPage","@id":"https:\/\/hoyre.no\/troms\/ungdom\/","url":"https:\/\/hoyre.no\/troms\/ungdom\/","name":"Ungdom - Troms H\u00f8yre","isPartOf":{"@id":"https:\/\/hoyre.no\/troms\/#website"},"image":{"@id":"https:\/\/hoyre.no\/troms\/ungdom\/#primaryimage"},"thumbnailUrl":"https:\/\/hoyre.no\/content\/uploads\/sites\/430\/2023\/07\/dividalen-1-1024x768.jpg","datePublished":"2023-08-09T16:01:28+00:00","dateModified":"2023-08-09T16:17:27+00:00","breadcrumb":{"@id":"https:\/\/hoyre.no\/troms\/ungdom\/#breadcrumb"},"inLanguage":"nb-NO","potentialAction":[{"@type":"ReadAction","target":["https:\/\/hoyre.no\/troms\/ungdom\/"]}]},{"@type":"ImageObject","inLanguage":"nb-NO","@id":"https:\/\/hoyre.no\/troms\/ungdom\/#primaryimage","url":"https:\/\/hoyre.no\/content\/uploads\/sites\/430\/2023\/07\/dividalen-1-1024x768.jpg","contentUrl":"https:\/\/hoyre.no\/content\/uploads\/sites\/430\/2023\/07\/dividalen-1-1024x768.jpg"},{"@type":"BreadcrumbList","@id":"https:\/\/hoyre.no\/troms\/ungdom\/#breadcrumb","itemListElement":[{"@type":"ListItem","position":1,"name":"Til hoyre.no","item":"https:\/\/hoyre.no"},{"@type":"ListItem","position":2,"name":"Hjem","item":"https:\/\/hoyre.no\/troms\/"},{"@type":"ListItem","position":3,"name":"Ungdom"}]},{"@type":"WebSite","@id":"https:\/\/hoyre.no\/troms\/#website","url":"https:\/\/hoyre.no\/troms\/","name":"Troms H\u00f8yre","description":"Bare enda et H\u00f8yres nettsteder-nettsted","inLanguage":"nb-NO"}]}},"distributor_meta":false,"distributor_terms":false,"distributor_media":false,"distributor_original_site_name":"Troms H\u00f8yre","distributor_original_site_url":"https:\/\/hoyre.no\/troms","push-errors":false,"_links":{"self":[{"href":"https:\/\/hoyre.no\/troms\/wp-json\/wp\/v2\/pages\/185","targetHints":{"allow":["GET"]}}],"collection":[{"href":"https:\/\/hoyre.no\/troms\/wp-json\/wp\/v2\/pages"}],"about":[{"href":"https:\/\/hoyre.no\/troms\/wp-json\/wp\/v2\/types\/page"}],"author":[{"embeddable":true,"href":"https:\/\/hoyre.no\/troms\/wp-json\/wp\/v2\/users\/17637"}],"replies":[{"embeddable":true,"href":"https:\/\/hoyre.no\/troms\/wp-json\/wp\/v2\/comments?post=185"}],"version-history":[{"count":3,"href":"https:\/\/hoyre.no\/troms\/wp-json\/wp\/v2\/pages\/185\/revisions"}],"predecessor-version":[{"id":203,"href":"https:\/\/hoyre.no\/troms\/wp-json\/wp\/v2\/pages\/185\/revisions\/203"}],"wp:attachment":[{"href":"https:\/\/hoyre.no\/troms\/wp-json\/wp\/v2\/media?parent=185"}],"curies":[{"name":"wp","href":"https:\/\/api.w.org\/{rel}","templated":true}]}}