{"id":207,"date":"2023-08-16T11:13:45","date_gmt":"2023-08-16T09:13:45","guid":{"rendered":"https:\/\/hoyre.no\/troms\/?page_id=207"},"modified":"2025-02-04T15:29:40","modified_gmt":"2025-02-04T14:29:40","slug":"207-2","status":"publish","type":"page","link":"https:\/\/hoyre.no\/troms\/207-2\/","title":{"rendered":"Kollektivtilbud"},"content":{"rendered":"\n<div class=\"wp-block-hoyre-hero with-image-gradient text-color-light  has-media alignfull has-background\"><div class=\"hoyre-hero has-image\"><h1 class=\"title\">Raskere frem og tryggere hjem<\/h1><p class=\"preamble\">Et kollektivtilbud som gir friheten til \u00e5 reise.<\/p>\t\t\t<div class=\"post-meta wp-block teft-byline-wrapper\">\n\t\t\t\t<div class=\"top\">\n\t\t\t\t\t<div class=\"signature\">\n\t\t\t\t\t\t<div class=\"teft-byline\">\n\t\t\t\t\t\t\t\t\t\t\t\t\t\t<div>\n\t\t\t\t\t\t\t\t<h3>H\u00f8yres redaksjon<\/h3>\t\t\t\t\t\t\t\t\n\t\t\t\t\t\t\t\t\t\t\t\t\t\t\t\t\t<span class=\"date\">Sist oppdatert: 4. februar 2025<\/span>\n\t\t\t\t\t\t\t\t\t\t\t\t\t\t\t\t\t\t\t\t\t\t\t\t\t<span class=\"reading-time\" itemprop=\"timeRequired\" content=\"PT2M\"><em>Ca. 2 minutter lesetid<\/em><\/span>\n\t\t\t\t\t\t\t\t\t\t\t\t\t\t\t<\/div>\n\t\t\t\t\t\t<\/div>\n\t\t\t\t\t<\/div>\n\t\t\t\t\t\t<div class=\"sharing\">\n\t\t<a class=\"share-button share-link copy-link\" data-copy=\"https:\/\/hoyre.no\/troms\/207-2\/\" target=\"_blank\"><span class=\"screen-reader-text\">Del link<\/span><\/a>\n\t\t<a class=\"share-button share-twitter\" href=\"http:\/\/twitter.com\/share?text=Kollektivtilbud&#038;url=https:\/\/hoyre.no\/troms\/207-2\/&#038;hashtags=Hoyre\" target=\"_blank\"><span class=\"screen-reader-text\">Del p\u00e5 twitter<\/span><\/a>\n\t\t<a class=\"share-button share-facebook\" href=\"https:\/\/www.facebook.com\/sharer\/sharer.php?u=https:\/\/hoyre.no\/troms\/207-2\/\" target=\"_blank\"><span class=\"screen-reader-text\">Del p\u00e5 facebook<\/span><\/a>\n\t<\/div>\n\t\t\t\t\t<\/div>\n\t\t\t<\/div>\n\n\t\t\t<figure class=\"hoyre-image-wrapper\"><div class=\"hoyre-image\"><img loading=\"lazy\" decoding=\"async\" width=\"2500\" height=\"1875\" src=\"https:\/\/hoyre.no\/content\/uploads\/sites\/430\/2023\/04\/IMG_5701-scaled.jpeg\" class=\"attachment-scaled size-scaled\" alt=\"\" style=\"object-position: 50% 50%\" srcset=\"https:\/\/hoyre.no\/content\/uploads\/sites\/430\/2023\/04\/IMG_5701-scaled.jpeg 2500w, https:\/\/hoyre.no\/content\/uploads\/sites\/430\/2023\/04\/IMG_5701-300x225.jpeg 300w, https:\/\/hoyre.no\/content\/uploads\/sites\/430\/2023\/04\/IMG_5701-1024x768.jpeg 1024w, https:\/\/hoyre.no\/content\/uploads\/sites\/430\/2023\/04\/IMG_5701-768x576.jpeg 768w, https:\/\/hoyre.no\/content\/uploads\/sites\/430\/2023\/04\/IMG_5701-1536x1152.jpeg 1536w, https:\/\/hoyre.no\/content\/uploads\/sites\/430\/2023\/04\/IMG_5701-2048x1536.jpeg 2048w\" sizes=\"auto, (max-width: 2500px) 100vw, 2500px\" \/><\/div><\/figure><\/div><\/div>\n\n\n\n\n<h2 class=\"wp-block-heading\">Dette er problemet<\/h2>\n\n\n\n<p>Troms er et fylke med store avstander og mange steder er det n\u00f8dvendig med sj\u00f8transport for \u00e5 komme seg dit man skal. Mange steder er det for f\u00e5 avganger, kapasiteten for liten og prisene for dyre.<\/p>\n\n\n\n<p>Et eksempel p\u00e5 dette er strekningen Botnhamn-Brensholmen som store deler av sommeren er overbelastet og har utilstrekkelig kapasitet til \u00e5 ta unna trafikken.<\/p>\n\n\n\n<h2 class=\"wp-block-heading\">H\u00f8yre vil ha et kollektivtilbud som knytter Troms sammen<\/h2>\n\n\n\n<p>Et godt kollektivtilbud gir frihet til \u00e5 ferdes fritt og trygt, ogs\u00e5 for de som ikke har eller \u00f8nsker \u00e5 bruke bil. H\u00f8yre \u00f8nsker at flere skal kunne velge \u00e5 bruke kollektivtransport, og at kollektivtilbudet skal bli bedre for passasjerene. <\/p>\n\n\n\n<p>I tillegg m\u00e5 utslippene ned i transportsektoren, om vi skal n\u00e5 klimam\u00e5lene v\u00e5re. Vi skal ha ambisi\u00f8se m\u00e5l, men realistiske tiltak.<\/p>\n\n\n\n<div class=\"wp-block-teft-factbox\"><div class=\"factbox-inner\"><div class=\"entry-content\"><h4 class=\"toggle\">Dette vil H\u00f8yre gj\u00f8re for kollektivtilbudet:<\/h4>\n<ul class=\"wp-block-list\">\n<li>S\u00f8rge for tilstrekkelig kapasitet og regularitet p\u00e5 hurtigb\u00e5t- og fergesamband.<\/li>\n\n\n\n<li>\u00d8ke hyppigheten p\u00e5 bussavganger.<\/li>\n\n\n\n<li>Redusere prisen for \u00e5 reise med hurtigb\u00e5t.<\/li>\n\n\n\n<li>Jobbe for en nyere fergefl\u00e5te<\/li>\n\n\n\n<li>Innf\u00f8re studentrabatt p\u00e5 kollektivreiser.<\/li>\n\n\n\n<li>Utvide &laquo;Ungdom Total&raquo;-ordningen slik at ungdom og unge voksne mellom 16 &#8211; 25 \u00e5r kan reise ubegrenset med buss og hurtigb\u00e5t i Troms i 30 dager.<\/li>\n\n\n\n<li>Ha helhetlige og s\u00f8ml\u00f8se overganger mellom de ulike kollektivtilbudene.<\/li>\n\n\n\n<li>Arbeide for lavutslippsl\u00f8sninger p\u00e5 vei og sj\u00f8transport i samarbeid med private akt\u00f8rer.<\/li>\n\n\n\n<li>Etablere ladepunkter for elektriske fart\u00f8y i flere havner.<\/li>\n<\/ul>\n<\/div><\/div><\/div>\n\n\n\n\t\t\t<div class=\"wp-block-hoyre-list alignfull has-background\">\n\t\t\t\t<div class=\"block-inner\">\n\t\t\t\t\t\t<div class=\"post-wrap links-wrapper-outer\">\n\t\t<h2 class=\"title anchor-title\">h\u00f8yre i media<\/h2>\t\t<div class=\"link-list-inner\">\n\t\t\t\n\n<div class=\"wp-block-button\"><a class=\"wp-block-button__link wp-element-button\" href=\"https:\/\/www.nordlys.no\/benjamin-mener-denne-koen-kunne-vart-unngatt\/s\/5-34-1830385\">Benjamin mener denne k\u00f8en kunne v\u00e6rt unng\u00e5tt<\/a><\/div>\n\n\n\n<div class=\"wp-block-button\"><a class=\"wp-block-button__link wp-element-button\" href=\"https:\/\/www.itromso.no\/nyheter\/i\/Q7j9eR\/krever-handling-for-aa-styrke-busstilbudet-fylkestrafikksjefen-burde-kanskje-ta-seg-en-tur-i-tetteste-rushen\">H\u00f8yre vil l\u00f8se bussutfordringene i Troms\u00f8<\/a><\/div>\n\n\t\t<\/div>\n\t<\/div>\n\t\t\t\t\t<\/div>\n\t\t\t<\/div>\n\t\t\t","protected":false},"excerpt":{"rendered":"","protected":false},"author":17637,"featured_media":0,"parent":0,"menu_order":0,"comment_status":"closed","ping_status":"closed","template":"","meta":{"teft_cards_image_url":"","teft_cards_custom_pretitle":"","teft_cards_image_id":0,"teft_cards_image_focal_point_x":0,"teft_cards_image_focal_point_y":0,"teft_cards_title":"","teft_cards_excerpt":"","teft_show_chapters":false,"footnotes":""},"class_list":["post-207","page","type-page","status-publish","hentry"],"yoast_head":"<!-- This site is optimized with the Yoast SEO plugin v26.6 - https:\/\/yoast.com\/wordpress\/plugins\/seo\/ -->\n<title>Kollektivtilbud - Troms H\u00f8yre<\/title>\n<meta name=\"robots\" content=\"index, follow, max-snippet:-1, max-image-preview:large, max-video-preview:-1\" \/>\n<link rel=\"canonical\" href=\"https:\/\/hoyre.no\/troms\/207-2\/\" \/>\n<meta property=\"og:locale\" content=\"nb_NO\" \/>\n<meta property=\"og:type\" content=\"article\" \/>\n<meta property=\"og:title\" content=\"Kollektivtilbud - Troms H\u00f8yre\" \/>\n<meta property=\"og:url\" content=\"https:\/\/hoyre.no\/troms\/207-2\/\" \/>\n<meta property=\"og:site_name\" content=\"Troms H\u00f8yre\" \/>\n<meta property=\"article:modified_time\" content=\"2025-02-04T14:29:40+00:00\" \/>\n<meta name=\"twitter:card\" content=\"summary_large_image\" \/>\n<meta name=\"twitter:label1\" content=\"Ansl. lesetid\" \/>\n\t<meta name=\"twitter:data1\" content=\"2 minutter\" \/>\n<script type=\"application\/ld+json\" class=\"yoast-schema-graph\">{\"@context\":\"https:\/\/schema.org\",\"@graph\":[{\"@type\":\"WebPage\",\"@id\":\"https:\/\/hoyre.no\/troms\/207-2\/\",\"url\":\"https:\/\/hoyre.no\/troms\/207-2\/\",\"name\":\"Kollektivtilbud - Troms H\u00f8yre\",\"isPartOf\":{\"@id\":\"https:\/\/hoyre.no\/troms\/#website\"},\"datePublished\":\"2023-08-16T09:13:45+00:00\",\"dateModified\":\"2025-02-04T14:29:40+00:00\",\"breadcrumb\":{\"@id\":\"https:\/\/hoyre.no\/troms\/207-2\/#breadcrumb\"},\"inLanguage\":\"nb-NO\",\"potentialAction\":[{\"@type\":\"ReadAction\",\"target\":[\"https:\/\/hoyre.no\/troms\/207-2\/\"]}]},{\"@type\":\"BreadcrumbList\",\"@id\":\"https:\/\/hoyre.no\/troms\/207-2\/#breadcrumb\",\"itemListElement\":[{\"@type\":\"ListItem\",\"position\":1,\"name\":\"Til hoyre.no\",\"item\":\"https:\/\/hoyre.no\"},{\"@type\":\"ListItem\",\"position\":2,\"name\":\"Hjem\",\"item\":\"https:\/\/hoyre.no\/troms\/\"},{\"@type\":\"ListItem\",\"position\":3,\"name\":\"Kollektivtilbud\"}]},{\"@type\":\"WebSite\",\"@id\":\"https:\/\/hoyre.no\/troms\/#website\",\"url\":\"https:\/\/hoyre.no\/troms\/\",\"name\":\"Troms H\u00f8yre\",\"description\":\"Bare enda et H\u00f8yres nettsteder-nettsted\",\"inLanguage\":\"nb-NO\"}]}<\/script>\n<!-- \/ Yoast SEO plugin. -->","yoast_head_json":{"title":"Kollektivtilbud - Troms H\u00f8yre","robots":{"index":"index","follow":"follow","max-snippet":"max-snippet:-1","max-image-preview":"max-image-preview:large","max-video-preview":"max-video-preview:-1"},"canonical":"https:\/\/hoyre.no\/troms\/207-2\/","og_locale":"nb_NO","og_type":"article","og_title":"Kollektivtilbud - Troms H\u00f8yre","og_url":"https:\/\/hoyre.no\/troms\/207-2\/","og_site_name":"Troms H\u00f8yre","article_modified_time":"2025-02-04T14:29:40+00:00","twitter_card":"summary_large_image","twitter_misc":{"Ansl. lesetid":"2 minutter"},"schema":{"@context":"https:\/\/schema.org","@graph":[{"@type":"WebPage","@id":"https:\/\/hoyre.no\/troms\/207-2\/","url":"https:\/\/hoyre.no\/troms\/207-2\/","name":"Kollektivtilbud - Troms H\u00f8yre","isPartOf":{"@id":"https:\/\/hoyre.no\/troms\/#website"},"datePublished":"2023-08-16T09:13:45+00:00","dateModified":"2025-02-04T14:29:40+00:00","breadcrumb":{"@id":"https:\/\/hoyre.no\/troms\/207-2\/#breadcrumb"},"inLanguage":"nb-NO","potentialAction":[{"@type":"ReadAction","target":["https:\/\/hoyre.no\/troms\/207-2\/"]}]},{"@type":"BreadcrumbList","@id":"https:\/\/hoyre.no\/troms\/207-2\/#breadcrumb","itemListElement":[{"@type":"ListItem","position":1,"name":"Til hoyre.no","item":"https:\/\/hoyre.no"},{"@type":"ListItem","position":2,"name":"Hjem","item":"https:\/\/hoyre.no\/troms\/"},{"@type":"ListItem","position":3,"name":"Kollektivtilbud"}]},{"@type":"WebSite","@id":"https:\/\/hoyre.no\/troms\/#website","url":"https:\/\/hoyre.no\/troms\/","name":"Troms H\u00f8yre","description":"Bare enda et H\u00f8yres nettsteder-nettsted","inLanguage":"nb-NO"}]}},"distributor_meta":false,"distributor_terms":false,"distributor_media":false,"distributor_original_site_name":"Troms H\u00f8yre","distributor_original_site_url":"https:\/\/hoyre.no\/troms","push-errors":false,"_links":{"self":[{"href":"https:\/\/hoyre.no\/troms\/wp-json\/wp\/v2\/pages\/207","targetHints":{"allow":["GET"]}}],"collection":[{"href":"https:\/\/hoyre.no\/troms\/wp-json\/wp\/v2\/pages"}],"about":[{"href":"https:\/\/hoyre.no\/troms\/wp-json\/wp\/v2\/types\/page"}],"author":[{"embeddable":true,"href":"https:\/\/hoyre.no\/troms\/wp-json\/wp\/v2\/users\/17637"}],"replies":[{"embeddable":true,"href":"https:\/\/hoyre.no\/troms\/wp-json\/wp\/v2\/comments?post=207"}],"version-history":[{"count":3,"href":"https:\/\/hoyre.no\/troms\/wp-json\/wp\/v2\/pages\/207\/revisions"}],"predecessor-version":[{"id":664,"href":"https:\/\/hoyre.no\/troms\/wp-json\/wp\/v2\/pages\/207\/revisions\/664"}],"wp:attachment":[{"href":"https:\/\/hoyre.no\/troms\/wp-json\/wp\/v2\/media?parent=207"}],"curies":[{"name":"wp","href":"https:\/\/api.w.org\/{rel}","templated":true}]}}