{"id":212,"date":"2023-08-16T11:24:14","date_gmt":"2023-08-16T09:24:14","guid":{"rendered":"https:\/\/hoyre.no\/troms\/?page_id=212"},"modified":"2025-02-04T15:30:03","modified_gmt":"2025-02-04T14:30:03","slug":"kraft","status":"publish","type":"page","link":"https:\/\/hoyre.no\/troms\/kraft\/","title":{"rendered":"Kraft"},"content":{"rendered":"\n<div class=\"wp-block-hoyre-hero with-image-gradient text-color-light  has-media alignfull has-background\"><div class=\"hoyre-hero has-image\"><h1 class=\"title\">Nok kraft for fremtiden<\/h1><p class=\"preamble\">Vi skal sikre lave str\u00f8mpriser i nord gjennom utbygging av mer fornybar energi.<\/p>\t\t\t<div class=\"post-meta wp-block teft-byline-wrapper\">\n\t\t\t\t<div class=\"top\">\n\t\t\t\t\t<div class=\"signature\">\n\t\t\t\t\t\t<div class=\"teft-byline\">\n\t\t\t\t\t\t\t\t\t\t\t\t\t\t<div>\n\t\t\t\t\t\t\t\t<h3>H\u00f8yres redaksjon<\/h3>\t\t\t\t\t\t\t\t\n\t\t\t\t\t\t\t\t\t\t\t\t\t\t\t\t\t<span class=\"date\">Sist oppdatert: 4. februar 2025<\/span>\n\t\t\t\t\t\t\t\t\t\t\t\t\t\t\t\t\t\t\t\t\t\t\t\t\t<span class=\"reading-time\" itemprop=\"timeRequired\" content=\"PT2M\"><em>Ca. 2 minutter lesetid<\/em><\/span>\n\t\t\t\t\t\t\t\t\t\t\t\t\t\t\t<\/div>\n\t\t\t\t\t\t<\/div>\n\t\t\t\t\t<\/div>\n\t\t\t\t\t\t<div class=\"sharing\">\n\t\t<a class=\"share-button share-link copy-link\" data-copy=\"https:\/\/hoyre.no\/troms\/kraft\/\" target=\"_blank\"><span class=\"screen-reader-text\">Del link<\/span><\/a>\n\t\t<a class=\"share-button share-twitter\" href=\"http:\/\/twitter.com\/share?text=Kraft&#038;url=https:\/\/hoyre.no\/troms\/kraft\/&#038;hashtags=Hoyre\" target=\"_blank\"><span class=\"screen-reader-text\">Del p\u00e5 twitter<\/span><\/a>\n\t\t<a class=\"share-button share-facebook\" href=\"https:\/\/www.facebook.com\/sharer\/sharer.php?u=https:\/\/hoyre.no\/troms\/kraft\/\" target=\"_blank\"><span class=\"screen-reader-text\">Del p\u00e5 facebook<\/span><\/a>\n\t<\/div>\n\t\t\t\t\t<\/div>\n\t\t\t<\/div>\n\n\t\t\t<figure class=\"hoyre-image-wrapper\"><div class=\"hoyre-image\"><img loading=\"lazy\" decoding=\"async\" width=\"2463\" height=\"1664\" src=\"https:\/\/hoyre.no\/content\/uploads\/sites\/430\/2023\/04\/GettyImages-nett.jpg\" class=\"attachment-scaled size-scaled\" alt=\"\" style=\"object-position: 50% 50%\" srcset=\"https:\/\/hoyre.no\/content\/uploads\/sites\/430\/2023\/04\/GettyImages-nett.jpg 2463w, https:\/\/hoyre.no\/content\/uploads\/sites\/430\/2023\/04\/GettyImages-nett-300x203.jpg 300w, https:\/\/hoyre.no\/content\/uploads\/sites\/430\/2023\/04\/GettyImages-nett-1024x692.jpg 1024w, https:\/\/hoyre.no\/content\/uploads\/sites\/430\/2023\/04\/GettyImages-nett-768x519.jpg 768w, https:\/\/hoyre.no\/content\/uploads\/sites\/430\/2023\/04\/GettyImages-nett-1536x1038.jpg 1536w, https:\/\/hoyre.no\/content\/uploads\/sites\/430\/2023\/04\/GettyImages-nett-2048x1384.jpg 2048w\" sizes=\"auto, (max-width: 2463px) 100vw, 2463px\" \/><\/div><\/figure><\/div><\/div>\n\n\n\n\n<h2 class=\"wp-block-heading\">Dette er problemet<\/h2>\n\n\n\n<p>I l\u00f8pet av f\u00e5 \u00e5r vil Nord-Norge sitt kraftoverskudd forsvinne. Skal vi unng\u00e5 h\u00f8ye str\u00f8mpriser slik som i s\u00f8r, er vi n\u00f8dt til \u00e5 bygge ut mere kraft.<\/p>\n\n\n\n<p>Elektrifiseringen av Melk\u00f8ya. H\u00f8yre mener planen til regjeringen er for lite ambisi\u00f8s, og viser ikke hvordan Troms skal \u00f8ke sin produksjon av energi slik at vi ogs\u00e5 i fremtiden har lave str\u00f8mpriser og et konkurransefortrinn p\u00e5 energifeltet.<\/p>\n\n\n\n<h2 class=\"wp-block-heading\">Slik vil H\u00f8yre sikre nok kraft for fremtiden<\/h2>\n\n\n\n<p>H\u00f8yre vil oppgradere eksisterende vannkraft og bygge ut vindkraft til havs og p\u00e5 land, gjennom gode prosesser i forkant av utbygginger. I tillegg m\u00e5 kraftlinjene og \u00f8vrig infrastruktur rustes opp for \u00e5 bedre utnytte den kraften som blir produsert. Skal videre utbygging av vindkraft p\u00e5 land ha legitimitet i befolkningen, er det viktig at vertskommunene f\u00e5r mer igjen av kraftinntektene.<\/p>\n\n\n\n<p>Petroleumsn\u00e6ringen er Norges st\u00f8rste og viktigste n\u00e6ring. Oljen\u00e6ringen m\u00e5 fortsette \u00e5 ha gode og forutsigbare rammevilk\u00e5r som bidrar til investeringer og vekst p\u00e5 sokkelen. H\u00f8yre mener at Norge fortsatt skal ha en sterk petroleumsn\u00e6ring, og vi vil st\u00f8tte n\u00e6ringen i det videre arbeidet med leting etter nye ressurser, ogs\u00e5 som del av det gr\u00f8nne skiftet.<\/p>\n\n\n\n<div class=\"wp-block-teft-factbox\"><div class=\"factbox-inner\"><div class=\"entry-content\"><h4 class=\"toggle\">Troms H\u00f8yre vil:<\/h4>\n<ul class=\"wp-block-list\">\n<li>Sikre den kraftkrevende industrien i Troms stabil tilgang p\u00e5 n\u00f8dvendig kraft til videre drift og utvikling.<\/li>\n\n\n\n<li>Redusere byggetiden, fjerne flaskehalser og sikre et mer effektivt str\u00f8mnett som legger til rette for arbeidsplasser og verdiskaping i Nord-Norge.<\/li>\n\n\n\n<li>Jobbe for at kjernekraft s\u00e5 snart som mulig blir en del av de framtidige l\u00f8sningene.<\/li>\n\n\n\n<li>V\u00e6re positiv til utbygging av nye vindkraftanlegg i regionen, s\u00e5 fremst det gir lokale ringvirkninger og har lokal oppslutning.<\/li>\n\n\n\n<li>At havvind etableres som en industrisatsing i regionen.<\/li>\n\n\n\n<li>Arbeide for st\u00f8rre regionale ringvirkninger fra petroleumsn\u00e6ringen i nord.<\/li>\n\n\n\n<li>At de tre nordlige fylkeskommunene skal utarbeide en regional plan for energiutvikling i Nord-Norge.<\/li>\n\n\n\n<li>Ta en aktiv rolle ovenfor nasjonale myndigheter for \u00e5 forsere utbyggingen av kraft i Troms.<\/li>\n\n\n\n<li>At elektrifisering av olje og gass-installasjoner kun kan skje gjennom utbygging av ny, fornybar energi i landsdelen, og ikke forverre kraftunderskuddet i Troms og Finnmark.<\/li>\n<\/ul>\n<\/div><\/div><\/div>\n\n\n\n\t\t\t<div class=\"wp-block-hoyre-list alignfull has-background\">\n\t\t\t\t<div class=\"block-inner\">\n\t\t\t\t\t\t<div class=\"post-wrap links-wrapper-outer\">\n\t\t<h2 class=\"title anchor-title\">h\u00f8yre i media<\/h2>\t\t<div class=\"link-list-inner\">\n\t\t\t\n\n<div class=\"wp-block-button\"><a class=\"wp-block-button__link wp-element-button\" href=\"https:\/\/www.nordnorskdebatt.no\/mer-av-alt-ogsa-kjernekraft\/o\/5-124-228944\">Mer av alt, ogs\u00e5 kjernekraft<\/a><\/div>\n\n\n\n<div class=\"wp-block-button\"><a class=\"wp-block-button__link wp-element-button\" href=\"https:\/\/www.google.com\/search?sca_esv=557388832&amp;rlz=1C1CHBF_noNO977NO978&amp;sxsrf=AB5stBi7AKKinjUEWMHlwBV3PSrXL2VCDA:1692177913039&amp;q=anders+t%C3%B8rresen+kraft&amp;tbm=isch&amp;source=lnms&amp;sa=X&amp;ved=2ahUKEwjJxJz77eCAAxXNXfEDHYthD-wQ0pQJegQIExAB&amp;biw=1920&amp;bih=931&amp;dpr=1#imgrc=iH8EWqgnRpZjlM\">H\u00f8yre vil bygge mer kraft i nord<\/a><\/div>\n\n\t\t<\/div>\n\t<\/div>\n\t\t\t\t\t<\/div>\n\t\t\t<\/div>\n\t\t\t","protected":false},"excerpt":{"rendered":"","protected":false},"author":17637,"featured_media":0,"parent":0,"menu_order":0,"comment_status":"closed","ping_status":"closed","template":"","meta":{"teft_cards_image_url":"","teft_cards_custom_pretitle":"","teft_cards_image_id":0,"teft_cards_image_focal_point_x":0,"teft_cards_image_focal_point_y":0,"teft_cards_title":"","teft_cards_excerpt":"","teft_show_chapters":false,"footnotes":""},"class_list":["post-212","page","type-page","status-publish","hentry"],"yoast_head":"<!-- This site is optimized with the Yoast SEO plugin v26.6 - https:\/\/yoast.com\/wordpress\/plugins\/seo\/ -->\n<title>Kraft - Troms H\u00f8yre<\/title>\n<meta name=\"robots\" content=\"index, follow, max-snippet:-1, max-image-preview:large, max-video-preview:-1\" \/>\n<link rel=\"canonical\" href=\"https:\/\/hoyre.no\/troms\/kraft\/\" \/>\n<meta property=\"og:locale\" content=\"nb_NO\" \/>\n<meta property=\"og:type\" content=\"article\" \/>\n<meta property=\"og:title\" content=\"Kraft - Troms H\u00f8yre\" \/>\n<meta property=\"og:url\" content=\"https:\/\/hoyre.no\/troms\/kraft\/\" \/>\n<meta property=\"og:site_name\" content=\"Troms H\u00f8yre\" \/>\n<meta property=\"article:modified_time\" content=\"2025-02-04T14:30:03+00:00\" \/>\n<meta name=\"twitter:card\" content=\"summary_large_image\" \/>\n<meta name=\"twitter:label1\" content=\"Ansl. lesetid\" \/>\n\t<meta name=\"twitter:data1\" content=\"3 minutter\" \/>\n<script type=\"application\/ld+json\" class=\"yoast-schema-graph\">{\"@context\":\"https:\/\/schema.org\",\"@graph\":[{\"@type\":\"WebPage\",\"@id\":\"https:\/\/hoyre.no\/troms\/kraft\/\",\"url\":\"https:\/\/hoyre.no\/troms\/kraft\/\",\"name\":\"Kraft - Troms H\u00f8yre\",\"isPartOf\":{\"@id\":\"https:\/\/hoyre.no\/troms\/#website\"},\"datePublished\":\"2023-08-16T09:24:14+00:00\",\"dateModified\":\"2025-02-04T14:30:03+00:00\",\"breadcrumb\":{\"@id\":\"https:\/\/hoyre.no\/troms\/kraft\/#breadcrumb\"},\"inLanguage\":\"nb-NO\",\"potentialAction\":[{\"@type\":\"ReadAction\",\"target\":[\"https:\/\/hoyre.no\/troms\/kraft\/\"]}]},{\"@type\":\"BreadcrumbList\",\"@id\":\"https:\/\/hoyre.no\/troms\/kraft\/#breadcrumb\",\"itemListElement\":[{\"@type\":\"ListItem\",\"position\":1,\"name\":\"Til hoyre.no\",\"item\":\"https:\/\/hoyre.no\"},{\"@type\":\"ListItem\",\"position\":2,\"name\":\"Hjem\",\"item\":\"https:\/\/hoyre.no\/troms\/\"},{\"@type\":\"ListItem\",\"position\":3,\"name\":\"Kraft\"}]},{\"@type\":\"WebSite\",\"@id\":\"https:\/\/hoyre.no\/troms\/#website\",\"url\":\"https:\/\/hoyre.no\/troms\/\",\"name\":\"Troms H\u00f8yre\",\"description\":\"Bare enda et H\u00f8yres nettsteder-nettsted\",\"inLanguage\":\"nb-NO\"}]}<\/script>\n<!-- \/ Yoast SEO plugin. -->","yoast_head_json":{"title":"Kraft - Troms H\u00f8yre","robots":{"index":"index","follow":"follow","max-snippet":"max-snippet:-1","max-image-preview":"max-image-preview:large","max-video-preview":"max-video-preview:-1"},"canonical":"https:\/\/hoyre.no\/troms\/kraft\/","og_locale":"nb_NO","og_type":"article","og_title":"Kraft - Troms H\u00f8yre","og_url":"https:\/\/hoyre.no\/troms\/kraft\/","og_site_name":"Troms H\u00f8yre","article_modified_time":"2025-02-04T14:30:03+00:00","twitter_card":"summary_large_image","twitter_misc":{"Ansl. lesetid":"3 minutter"},"schema":{"@context":"https:\/\/schema.org","@graph":[{"@type":"WebPage","@id":"https:\/\/hoyre.no\/troms\/kraft\/","url":"https:\/\/hoyre.no\/troms\/kraft\/","name":"Kraft - Troms H\u00f8yre","isPartOf":{"@id":"https:\/\/hoyre.no\/troms\/#website"},"datePublished":"2023-08-16T09:24:14+00:00","dateModified":"2025-02-04T14:30:03+00:00","breadcrumb":{"@id":"https:\/\/hoyre.no\/troms\/kraft\/#breadcrumb"},"inLanguage":"nb-NO","potentialAction":[{"@type":"ReadAction","target":["https:\/\/hoyre.no\/troms\/kraft\/"]}]},{"@type":"BreadcrumbList","@id":"https:\/\/hoyre.no\/troms\/kraft\/#breadcrumb","itemListElement":[{"@type":"ListItem","position":1,"name":"Til hoyre.no","item":"https:\/\/hoyre.no"},{"@type":"ListItem","position":2,"name":"Hjem","item":"https:\/\/hoyre.no\/troms\/"},{"@type":"ListItem","position":3,"name":"Kraft"}]},{"@type":"WebSite","@id":"https:\/\/hoyre.no\/troms\/#website","url":"https:\/\/hoyre.no\/troms\/","name":"Troms H\u00f8yre","description":"Bare enda et H\u00f8yres nettsteder-nettsted","inLanguage":"nb-NO"}]}},"distributor_meta":false,"distributor_terms":false,"distributor_media":false,"distributor_original_site_name":"Troms H\u00f8yre","distributor_original_site_url":"https:\/\/hoyre.no\/troms","push-errors":false,"_links":{"self":[{"href":"https:\/\/hoyre.no\/troms\/wp-json\/wp\/v2\/pages\/212","targetHints":{"allow":["GET"]}}],"collection":[{"href":"https:\/\/hoyre.no\/troms\/wp-json\/wp\/v2\/pages"}],"about":[{"href":"https:\/\/hoyre.no\/troms\/wp-json\/wp\/v2\/types\/page"}],"author":[{"embeddable":true,"href":"https:\/\/hoyre.no\/troms\/wp-json\/wp\/v2\/users\/17637"}],"replies":[{"embeddable":true,"href":"https:\/\/hoyre.no\/troms\/wp-json\/wp\/v2\/comments?post=212"}],"version-history":[{"count":3,"href":"https:\/\/hoyre.no\/troms\/wp-json\/wp\/v2\/pages\/212\/revisions"}],"predecessor-version":[{"id":665,"href":"https:\/\/hoyre.no\/troms\/wp-json\/wp\/v2\/pages\/212\/revisions\/665"}],"wp:attachment":[{"href":"https:\/\/hoyre.no\/troms\/wp-json\/wp\/v2\/media?parent=212"}],"curies":[{"name":"wp","href":"https:\/\/api.w.org\/{rel}","templated":true}]}}