{"id":217,"date":"2023-08-16T11:39:52","date_gmt":"2023-08-16T09:39:52","guid":{"rendered":"https:\/\/hoyre.no\/troms\/?page_id=217"},"modified":"2025-02-04T15:30:27","modified_gmt":"2025-02-04T14:30:27","slug":"naeringsliv","status":"publish","type":"page","link":"https:\/\/hoyre.no\/troms\/naeringsliv\/","title":{"rendered":"N\u00e6ringsliv"},"content":{"rendered":"\n<div class=\"wp-block-hoyre-hero with-image-gradient text-color-light  has-media alignfull has-background\"><div class=\"hoyre-hero has-image\"><h1 class=\"title\">P\u00e5 lag med jobbskaperne<\/h1><p class=\"preamble\">H\u00f8yre vil legge til rette for \u00f8kt verdiskapning og tilrettelegging for n\u00e6ringslivet i nord.<\/p>\t\t\t<div class=\"post-meta wp-block teft-byline-wrapper\">\n\t\t\t\t<div class=\"top\">\n\t\t\t\t\t<div class=\"signature\">\n\t\t\t\t\t\t<div class=\"teft-byline\">\n\t\t\t\t\t\t\t\t\t\t\t\t\t\t<div>\n\t\t\t\t\t\t\t\t<h3>H\u00f8yres redaksjon<\/h3>\t\t\t\t\t\t\t\t\n\t\t\t\t\t\t\t\t\t\t\t\t\t\t\t\t\t<span class=\"date\">Sist oppdatert: 4. februar 2025<\/span>\n\t\t\t\t\t\t\t\t\t\t\t\t\t\t\t\t\t\t\t\t\t\t\t\t\t<span class=\"reading-time\" itemprop=\"timeRequired\" content=\"PT2M\"><em>Ca. 2 minutter lesetid<\/em><\/span>\n\t\t\t\t\t\t\t\t\t\t\t\t\t\t\t<\/div>\n\t\t\t\t\t\t<\/div>\n\t\t\t\t\t<\/div>\n\t\t\t\t\t\t<div class=\"sharing\">\n\t\t<a class=\"share-button share-link copy-link\" data-copy=\"https:\/\/hoyre.no\/troms\/naeringsliv\/\" target=\"_blank\"><span class=\"screen-reader-text\">Del link<\/span><\/a>\n\t\t<a class=\"share-button share-twitter\" href=\"http:\/\/twitter.com\/share?text=N\u00e6ringsliv&#038;url=https:\/\/hoyre.no\/troms\/naeringsliv\/&#038;hashtags=Hoyre\" target=\"_blank\"><span class=\"screen-reader-text\">Del p\u00e5 twitter<\/span><\/a>\n\t\t<a class=\"share-button share-facebook\" href=\"https:\/\/www.facebook.com\/sharer\/sharer.php?u=https:\/\/hoyre.no\/troms\/naeringsliv\/\" target=\"_blank\"><span class=\"screen-reader-text\">Del p\u00e5 facebook<\/span><\/a>\n\t<\/div>\n\t\t\t\t\t<\/div>\n\t\t\t<\/div>\n\n\t\t\t<figure class=\"hoyre-image-wrapper\"><div class=\"hoyre-image\"><img loading=\"lazy\" decoding=\"async\" width=\"2500\" height=\"1667\" src=\"https:\/\/hoyre.no\/content\/uploads\/sites\/430\/2023\/04\/GettyImages-oppdrett-scaled.jpg\" class=\"attachment-scaled size-scaled\" alt=\"\" style=\"object-position: 50% 50%\" srcset=\"https:\/\/hoyre.no\/content\/uploads\/sites\/430\/2023\/04\/GettyImages-oppdrett-scaled.jpg 2500w, https:\/\/hoyre.no\/content\/uploads\/sites\/430\/2023\/04\/GettyImages-oppdrett-300x200.jpg 300w, https:\/\/hoyre.no\/content\/uploads\/sites\/430\/2023\/04\/GettyImages-oppdrett-1024x683.jpg 1024w, https:\/\/hoyre.no\/content\/uploads\/sites\/430\/2023\/04\/GettyImages-oppdrett-768x512.jpg 768w, https:\/\/hoyre.no\/content\/uploads\/sites\/430\/2023\/04\/GettyImages-oppdrett-1536x1024.jpg 1536w, https:\/\/hoyre.no\/content\/uploads\/sites\/430\/2023\/04\/GettyImages-oppdrett-2048x1365.jpg 2048w\" sizes=\"auto, (max-width: 2500px) 100vw, 2500px\" \/><\/div><\/figure><\/div><\/div>\n\n\n\n\n<h2 class=\"wp-block-heading\">Dette er problemet<\/h2>\n\n\n\n<p>Skal vi ogs\u00e5 i fremtiden ha et velferdssamfunn, er vi avhengige av vekst i privat n\u00e6ringsliv for \u00e5 sikre \u00f8kte skatteinntekter og verdiskapning.<\/p>\n\n\n\n<p>Regjeringen med Arbeiderpartiet og Senterpartiet har \u00f8kt skattene rekordmye. Det rammer verdiskapningen langs kysten og i distriktene hardest. Uforutsigbarheten skapes ved at ulike skatter innf\u00f8res over natten uten dialog med n\u00e6ringene de rammer. Grunnrenteskatt p\u00e5 havbruk, \u00f8kte skatter p\u00e5 kraft og n\u00e6ringslivet hemmer veksten i nord.<\/p>\n\n\n\n<h2 class=\"wp-block-heading\">H\u00f8yre vil spille p\u00e5 lag med jobbskaperne<\/h2>\n\n\n\n<p>H\u00f8yre vil at fylkeskommunen skal legge til rette for lokal og regional verdiskaping innenfor de omr\u00e5dene der fylket har et s\u00e6rlig stort potensial for utvikling, herunder sj\u00f8mat, landbruk, reindrift, mineraler, energi, bygg- og anlegg og reiseliv.<\/p>\n\n\n\n<p>Nordnorsk n\u00e6ringsliv best\u00e5r i hovedsak av sm\u00e5 og mellomstore bedrifter lokalisert i et t\u00f8ft klima med lange avstander og spredt bosetning. Derfor mener H\u00f8yre at fylkeskommunen har et s\u00e6rlig ansvar som regional utviklingsakt\u00f8r for \u00e5 styrke bedriftene gjennom sitt arbeid innenfor kompetanseheving, arealutvikling, sikkerhetspolitikk og infrastrukturbygging.<\/p>\n\n\n\n<p>H\u00f8yre vil sikre at bedriftene f\u00e5r den arbeidskraften de trenger ved at flere fullf\u00f8rer videreg\u00e5ende skole og styrke yrkesfag og fagskolen.<\/p>\n\n\n\n<div class=\"wp-block-teft-factbox\"><div class=\"factbox-inner\"><div class=\"entry-content\"><h4 class=\"toggle\">Dette vil H\u00f8yre gj\u00f8re for \u00e5 \u00f8ke verdiskapingen i Troms<\/h4>\n<ul class=\"wp-block-list\">\n<li>Si nei til skatte\u00f8kninger, reguleringer og annen politikk som gj\u00f8r det vanskeligere for bedrifter \u00e5 etablere seg og drive i Troms.<\/li>\n\n\n\n<li>Sikre forutsigbarhet for n\u00e6ringslivet gjennom gode rammebetingelser so mstimulerer til vekst og tilrettelegger for innovasjon<\/li>\n\n\n\n<li>Styrke n\u00e6ringslivets tilgang til kompetanse gjennom \u00e5 satse p\u00e5 utdanning, styrke p\u00e5 utdanningen og tilrettelegge for at flere f\u00e5r fagbrev.<\/li>\n\n\n\n<li>Forsterke virkemidlene i tiltakssonen.<\/li>\n\n\n\n<li>Redusere byr\u00e5kratiet i fylkeskommunen.<\/li>\n\n\n\n<li>Bidra til kommunale n\u00e6ringsfond.<\/li>\n\n\n\n<li>Bruke offentlige innkj\u00f8p strategisk for \u00e5 skape markeder og utvikle eksisterende n\u00e6ringsliv.<\/li>\n\n\n\n<li>Prioritere lokale leverand\u00f8rer ved innkj\u00f8p under 500 000 kr.<\/li>\n\n\n\n<li>Stille funksjonelle fremfor formelle kompetansekrav ved offentlige utlysninger.<\/li>\n<\/ul>\n<\/div><\/div><\/div>\n\n","protected":false},"excerpt":{"rendered":"","protected":false},"author":17637,"featured_media":0,"parent":0,"menu_order":0,"comment_status":"closed","ping_status":"closed","template":"","meta":{"teft_cards_image_url":"","teft_cards_custom_pretitle":"","teft_cards_image_id":0,"teft_cards_image_focal_point_x":0,"teft_cards_image_focal_point_y":0,"teft_cards_title":"","teft_cards_excerpt":"","teft_show_chapters":false,"footnotes":""},"class_list":["post-217","page","type-page","status-publish","hentry"],"yoast_head":"<!-- This site is optimized with the Yoast SEO plugin v26.6 - https:\/\/yoast.com\/wordpress\/plugins\/seo\/ -->\n<title>N\u00e6ringsliv - Troms H\u00f8yre<\/title>\n<meta name=\"robots\" content=\"index, follow, max-snippet:-1, max-image-preview:large, max-video-preview:-1\" \/>\n<link rel=\"canonical\" href=\"https:\/\/hoyre.no\/troms\/naeringsliv\/\" \/>\n<meta property=\"og:locale\" content=\"nb_NO\" \/>\n<meta property=\"og:type\" content=\"article\" \/>\n<meta property=\"og:title\" content=\"N\u00e6ringsliv - Troms H\u00f8yre\" \/>\n<meta property=\"og:url\" content=\"https:\/\/hoyre.no\/troms\/naeringsliv\/\" \/>\n<meta property=\"og:site_name\" content=\"Troms H\u00f8yre\" \/>\n<meta property=\"article:modified_time\" content=\"2025-02-04T14:30:27+00:00\" \/>\n<meta name=\"twitter:card\" content=\"summary_large_image\" \/>\n<meta name=\"twitter:label1\" content=\"Ansl. lesetid\" \/>\n\t<meta name=\"twitter:data1\" content=\"2 minutter\" \/>\n<script type=\"application\/ld+json\" class=\"yoast-schema-graph\">{\"@context\":\"https:\/\/schema.org\",\"@graph\":[{\"@type\":\"WebPage\",\"@id\":\"https:\/\/hoyre.no\/troms\/naeringsliv\/\",\"url\":\"https:\/\/hoyre.no\/troms\/naeringsliv\/\",\"name\":\"N\u00e6ringsliv - Troms H\u00f8yre\",\"isPartOf\":{\"@id\":\"https:\/\/hoyre.no\/troms\/#website\"},\"datePublished\":\"2023-08-16T09:39:52+00:00\",\"dateModified\":\"2025-02-04T14:30:27+00:00\",\"breadcrumb\":{\"@id\":\"https:\/\/hoyre.no\/troms\/naeringsliv\/#breadcrumb\"},\"inLanguage\":\"nb-NO\",\"potentialAction\":[{\"@type\":\"ReadAction\",\"target\":[\"https:\/\/hoyre.no\/troms\/naeringsliv\/\"]}]},{\"@type\":\"BreadcrumbList\",\"@id\":\"https:\/\/hoyre.no\/troms\/naeringsliv\/#breadcrumb\",\"itemListElement\":[{\"@type\":\"ListItem\",\"position\":1,\"name\":\"Til hoyre.no\",\"item\":\"https:\/\/hoyre.no\"},{\"@type\":\"ListItem\",\"position\":2,\"name\":\"Hjem\",\"item\":\"https:\/\/hoyre.no\/troms\/\"},{\"@type\":\"ListItem\",\"position\":3,\"name\":\"N\u00e6ringsliv\"}]},{\"@type\":\"WebSite\",\"@id\":\"https:\/\/hoyre.no\/troms\/#website\",\"url\":\"https:\/\/hoyre.no\/troms\/\",\"name\":\"Troms H\u00f8yre\",\"description\":\"Bare enda et H\u00f8yres nettsteder-nettsted\",\"inLanguage\":\"nb-NO\"}]}<\/script>\n<!-- \/ Yoast SEO plugin. -->","yoast_head_json":{"title":"N\u00e6ringsliv - Troms H\u00f8yre","robots":{"index":"index","follow":"follow","max-snippet":"max-snippet:-1","max-image-preview":"max-image-preview:large","max-video-preview":"max-video-preview:-1"},"canonical":"https:\/\/hoyre.no\/troms\/naeringsliv\/","og_locale":"nb_NO","og_type":"article","og_title":"N\u00e6ringsliv - Troms H\u00f8yre","og_url":"https:\/\/hoyre.no\/troms\/naeringsliv\/","og_site_name":"Troms H\u00f8yre","article_modified_time":"2025-02-04T14:30:27+00:00","twitter_card":"summary_large_image","twitter_misc":{"Ansl. lesetid":"2 minutter"},"schema":{"@context":"https:\/\/schema.org","@graph":[{"@type":"WebPage","@id":"https:\/\/hoyre.no\/troms\/naeringsliv\/","url":"https:\/\/hoyre.no\/troms\/naeringsliv\/","name":"N\u00e6ringsliv - Troms H\u00f8yre","isPartOf":{"@id":"https:\/\/hoyre.no\/troms\/#website"},"datePublished":"2023-08-16T09:39:52+00:00","dateModified":"2025-02-04T14:30:27+00:00","breadcrumb":{"@id":"https:\/\/hoyre.no\/troms\/naeringsliv\/#breadcrumb"},"inLanguage":"nb-NO","potentialAction":[{"@type":"ReadAction","target":["https:\/\/hoyre.no\/troms\/naeringsliv\/"]}]},{"@type":"BreadcrumbList","@id":"https:\/\/hoyre.no\/troms\/naeringsliv\/#breadcrumb","itemListElement":[{"@type":"ListItem","position":1,"name":"Til hoyre.no","item":"https:\/\/hoyre.no"},{"@type":"ListItem","position":2,"name":"Hjem","item":"https:\/\/hoyre.no\/troms\/"},{"@type":"ListItem","position":3,"name":"N\u00e6ringsliv"}]},{"@type":"WebSite","@id":"https:\/\/hoyre.no\/troms\/#website","url":"https:\/\/hoyre.no\/troms\/","name":"Troms H\u00f8yre","description":"Bare enda et H\u00f8yres nettsteder-nettsted","inLanguage":"nb-NO"}]}},"distributor_meta":false,"distributor_terms":false,"distributor_media":false,"distributor_original_site_name":"Troms H\u00f8yre","distributor_original_site_url":"https:\/\/hoyre.no\/troms","push-errors":false,"_links":{"self":[{"href":"https:\/\/hoyre.no\/troms\/wp-json\/wp\/v2\/pages\/217","targetHints":{"allow":["GET"]}}],"collection":[{"href":"https:\/\/hoyre.no\/troms\/wp-json\/wp\/v2\/pages"}],"about":[{"href":"https:\/\/hoyre.no\/troms\/wp-json\/wp\/v2\/types\/page"}],"author":[{"embeddable":true,"href":"https:\/\/hoyre.no\/troms\/wp-json\/wp\/v2\/users\/17637"}],"replies":[{"embeddable":true,"href":"https:\/\/hoyre.no\/troms\/wp-json\/wp\/v2\/comments?post=217"}],"version-history":[{"count":2,"href":"https:\/\/hoyre.no\/troms\/wp-json\/wp\/v2\/pages\/217\/revisions"}],"predecessor-version":[{"id":666,"href":"https:\/\/hoyre.no\/troms\/wp-json\/wp\/v2\/pages\/217\/revisions\/666"}],"wp:attachment":[{"href":"https:\/\/hoyre.no\/troms\/wp-json\/wp\/v2\/media?parent=217"}],"curies":[{"name":"wp","href":"https:\/\/api.w.org\/{rel}","templated":true}]}}