{"id":221,"date":"2023-08-16T12:59:26","date_gmt":"2023-08-16T10:59:26","guid":{"rendered":"https:\/\/hoyre.no\/troms\/?page_id=221"},"modified":"2025-02-04T15:30:55","modified_gmt":"2025-02-04T14:30:55","slug":"helse","status":"publish","type":"page","link":"https:\/\/hoyre.no\/troms\/helse\/","title":{"rendered":"Helse"},"content":{"rendered":"\n<div class=\"wp-block-hoyre-hero with-image-gradient text-color-light  has-media alignfull has-background\"><div class=\"hoyre-hero has-image\"><h1 class=\"title\">Et trygt helsetilbud<\/h1><p class=\"preamble\">Folk i Troms skal ha trygge og gode helsetjenester.<\/p>\t\t\t<div class=\"post-meta wp-block teft-byline-wrapper\">\n\t\t\t\t<div class=\"top\">\n\t\t\t\t\t<div class=\"signature\">\n\t\t\t\t\t\t<div class=\"teft-byline\">\n\t\t\t\t\t\t\t\t\t\t\t\t\t\t<div>\n\t\t\t\t\t\t\t\t<h3>H\u00f8yres redaksjon<\/h3>\t\t\t\t\t\t\t\t\n\t\t\t\t\t\t\t\t\t\t\t\t\t\t\t\t\t<span class=\"date\">Sist oppdatert: 4. februar 2025<\/span>\n\t\t\t\t\t\t\t\t\t\t\t\t\t\t\t\t\t\t\t\t\t\t\t\t\t<span class=\"reading-time\" itemprop=\"timeRequired\" content=\"PT2M\"><em>Ca. 2 minutter lesetid<\/em><\/span>\n\t\t\t\t\t\t\t\t\t\t\t\t\t\t\t<\/div>\n\t\t\t\t\t\t<\/div>\n\t\t\t\t\t<\/div>\n\t\t\t\t\t\t<div class=\"sharing\">\n\t\t<a class=\"share-button share-link copy-link\" data-copy=\"https:\/\/hoyre.no\/troms\/helse\/\" target=\"_blank\"><span class=\"screen-reader-text\">Del link<\/span><\/a>\n\t\t<a class=\"share-button share-twitter\" href=\"http:\/\/twitter.com\/share?text=Helse&#038;url=https:\/\/hoyre.no\/troms\/helse\/&#038;hashtags=Hoyre\" target=\"_blank\"><span class=\"screen-reader-text\">Del p\u00e5 twitter<\/span><\/a>\n\t\t<a class=\"share-button share-facebook\" href=\"https:\/\/www.facebook.com\/sharer\/sharer.php?u=https:\/\/hoyre.no\/troms\/helse\/\" target=\"_blank\"><span class=\"screen-reader-text\">Del p\u00e5 facebook<\/span><\/a>\n\t<\/div>\n\t\t\t\t\t<\/div>\n\t\t\t<\/div>\n\n\t\t\t<figure class=\"hoyre-image-wrapper\"><div class=\"hoyre-image\"><img loading=\"lazy\" decoding=\"async\" width=\"2500\" height=\"1667\" src=\"https:\/\/hoyre.no\/content\/uploads\/sites\/430\/2023\/04\/GettyImages-helse-scaled.jpg\" class=\"attachment-scaled size-scaled\" alt=\"\" style=\"object-position: 50% 50%\" srcset=\"https:\/\/hoyre.no\/content\/uploads\/sites\/430\/2023\/04\/GettyImages-helse-scaled.jpg 2500w, https:\/\/hoyre.no\/content\/uploads\/sites\/430\/2023\/04\/GettyImages-helse-300x200.jpg 300w, https:\/\/hoyre.no\/content\/uploads\/sites\/430\/2023\/04\/GettyImages-helse-1024x683.jpg 1024w, https:\/\/hoyre.no\/content\/uploads\/sites\/430\/2023\/04\/GettyImages-helse-768x512.jpg 768w, https:\/\/hoyre.no\/content\/uploads\/sites\/430\/2023\/04\/GettyImages-helse-1536x1024.jpg 1536w, https:\/\/hoyre.no\/content\/uploads\/sites\/430\/2023\/04\/GettyImages-helse-2048x1365.jpg 2048w\" sizes=\"auto, (max-width: 2500px) 100vw, 2500px\" \/><\/div><\/figure><\/div><\/div>\n\n\n\n\n<h2 class=\"wp-block-heading\">Dette er problemet<\/h2>\n\n\n\n<p>Alle skal ha en likeverdig og god helsetjeneste uansett hvor man bor i landet. Troms har store avstander som gir h\u00f8ye kostnader og lang reisevei for \u00e5 komme seg til sykehus.<\/p>\n\n\n\n<p>Vikarbruk, rekruttering og mange ufagl\u00e6rte i helsetjenestene er utfordringene i fylket v\u00e5rt. Disse utfordringene m\u00e5 l\u00f8ses om vi skal skape en bedre helsetjeneste for innbyggerne i Troms.<\/p>\n\n\n\n<h2 class=\"wp-block-heading\">H\u00f8yre vil ha tryggere helsetjenester for alle<\/h2>\n\n\n\n<p>Alle i Troms skal oppleve gode helsetjenester. Vi m\u00e5 bygge sterke fagmilj\u00f8er og samtidig tilgjengeliggj\u00f8re helsetjenesten for flere uansett hvor man bor gjennom ambulerende tilbud.<\/p>\n\n\n\n<p>H\u00f8yre vil tilby hurtigkurs for helsepersonell som jobber i helsetjenesten men ikke har tilstrekkelig utdanning, slik at de f\u00e5r tilegnet seg kompetanse samtidig som de st\u00e5r i jobb.<\/p>\n\n\n\n<div class=\"wp-block-teft-factbox\"><div class=\"factbox-inner\"><div class=\"entry-content\"><h4 class=\"toggle\">H\u00f8yre vil:<\/h4>\n<ul class=\"wp-block-list\">\n<li>At sykehusene i Troms og Finnmark skal tilh\u00f8re samme foretak<\/li>\n\n\n\n<li>V\u00e6re positive til private akt\u00f8rer som \u00f8nsker \u00e5 levere helsetjenester i Troms<\/li>\n\n\n\n<li>At de prehospitale tjenestene skal ha h\u00f8y kvalitet og sikre best mulig behandling for pasienten p\u00e5 vei til sykehus.<\/li>\n\n\n\n<li>Ha flere ambulerende tjenester som gj\u00f8r det mindre n\u00f8dvendig for pasienter \u00e5 reise for \u00e5 f\u00e5 behandling.<\/li>\n\n\n\n<li>Styrke UNN som universitetssykehus med flere ressurser.<\/li>\n\n\n\n<li>Sikre at det utdannes nok helsepersonell i regionen.<\/li>\n\n\n\n<li>Videreutvikle tilbud som styrker utdanningen av helsepersonell, slik som fagbrev p\u00e5 jobb, menn i helse og tilbudene til fagskolen i nord.<\/li>\n\n\n\n<li>Opprette flere kollektivreiser til UNN.<\/li>\n<\/ul>\n<\/div><\/div><\/div>\n\n","protected":false},"excerpt":{"rendered":"","protected":false},"author":17637,"featured_media":0,"parent":0,"menu_order":0,"comment_status":"closed","ping_status":"closed","template":"","meta":{"teft_cards_image_url":"","teft_cards_custom_pretitle":"","teft_cards_image_id":0,"teft_cards_image_focal_point_x":0,"teft_cards_image_focal_point_y":0,"teft_cards_title":"","teft_cards_excerpt":"","teft_show_chapters":false,"footnotes":""},"class_list":["post-221","page","type-page","status-publish","hentry"],"yoast_head":"<!-- This site is optimized with the Yoast SEO plugin v26.6 - https:\/\/yoast.com\/wordpress\/plugins\/seo\/ -->\n<title>Helse - Troms H\u00f8yre<\/title>\n<meta name=\"robots\" content=\"index, follow, max-snippet:-1, max-image-preview:large, max-video-preview:-1\" \/>\n<link rel=\"canonical\" href=\"https:\/\/hoyre.no\/troms\/helse\/\" \/>\n<meta property=\"og:locale\" content=\"nb_NO\" \/>\n<meta property=\"og:type\" content=\"article\" \/>\n<meta property=\"og:title\" content=\"Helse - Troms H\u00f8yre\" \/>\n<meta property=\"og:url\" content=\"https:\/\/hoyre.no\/troms\/helse\/\" \/>\n<meta property=\"og:site_name\" content=\"Troms H\u00f8yre\" \/>\n<meta property=\"article:modified_time\" content=\"2025-02-04T14:30:55+00:00\" \/>\n<meta name=\"twitter:card\" content=\"summary_large_image\" \/>\n<meta name=\"twitter:label1\" content=\"Ansl. lesetid\" \/>\n\t<meta name=\"twitter:data1\" content=\"2 minutter\" \/>\n<script type=\"application\/ld+json\" class=\"yoast-schema-graph\">{\"@context\":\"https:\/\/schema.org\",\"@graph\":[{\"@type\":\"WebPage\",\"@id\":\"https:\/\/hoyre.no\/troms\/helse\/\",\"url\":\"https:\/\/hoyre.no\/troms\/helse\/\",\"name\":\"Helse - Troms H\u00f8yre\",\"isPartOf\":{\"@id\":\"https:\/\/hoyre.no\/troms\/#website\"},\"datePublished\":\"2023-08-16T10:59:26+00:00\",\"dateModified\":\"2025-02-04T14:30:55+00:00\",\"breadcrumb\":{\"@id\":\"https:\/\/hoyre.no\/troms\/helse\/#breadcrumb\"},\"inLanguage\":\"nb-NO\",\"potentialAction\":[{\"@type\":\"ReadAction\",\"target\":[\"https:\/\/hoyre.no\/troms\/helse\/\"]}]},{\"@type\":\"BreadcrumbList\",\"@id\":\"https:\/\/hoyre.no\/troms\/helse\/#breadcrumb\",\"itemListElement\":[{\"@type\":\"ListItem\",\"position\":1,\"name\":\"Til hoyre.no\",\"item\":\"https:\/\/hoyre.no\"},{\"@type\":\"ListItem\",\"position\":2,\"name\":\"Hjem\",\"item\":\"https:\/\/hoyre.no\/troms\/\"},{\"@type\":\"ListItem\",\"position\":3,\"name\":\"Helse\"}]},{\"@type\":\"WebSite\",\"@id\":\"https:\/\/hoyre.no\/troms\/#website\",\"url\":\"https:\/\/hoyre.no\/troms\/\",\"name\":\"Troms H\u00f8yre\",\"description\":\"Bare enda et H\u00f8yres nettsteder-nettsted\",\"inLanguage\":\"nb-NO\"}]}<\/script>\n<!-- \/ Yoast SEO plugin. -->","yoast_head_json":{"title":"Helse - Troms H\u00f8yre","robots":{"index":"index","follow":"follow","max-snippet":"max-snippet:-1","max-image-preview":"max-image-preview:large","max-video-preview":"max-video-preview:-1"},"canonical":"https:\/\/hoyre.no\/troms\/helse\/","og_locale":"nb_NO","og_type":"article","og_title":"Helse - Troms H\u00f8yre","og_url":"https:\/\/hoyre.no\/troms\/helse\/","og_site_name":"Troms H\u00f8yre","article_modified_time":"2025-02-04T14:30:55+00:00","twitter_card":"summary_large_image","twitter_misc":{"Ansl. lesetid":"2 minutter"},"schema":{"@context":"https:\/\/schema.org","@graph":[{"@type":"WebPage","@id":"https:\/\/hoyre.no\/troms\/helse\/","url":"https:\/\/hoyre.no\/troms\/helse\/","name":"Helse - Troms H\u00f8yre","isPartOf":{"@id":"https:\/\/hoyre.no\/troms\/#website"},"datePublished":"2023-08-16T10:59:26+00:00","dateModified":"2025-02-04T14:30:55+00:00","breadcrumb":{"@id":"https:\/\/hoyre.no\/troms\/helse\/#breadcrumb"},"inLanguage":"nb-NO","potentialAction":[{"@type":"ReadAction","target":["https:\/\/hoyre.no\/troms\/helse\/"]}]},{"@type":"BreadcrumbList","@id":"https:\/\/hoyre.no\/troms\/helse\/#breadcrumb","itemListElement":[{"@type":"ListItem","position":1,"name":"Til hoyre.no","item":"https:\/\/hoyre.no"},{"@type":"ListItem","position":2,"name":"Hjem","item":"https:\/\/hoyre.no\/troms\/"},{"@type":"ListItem","position":3,"name":"Helse"}]},{"@type":"WebSite","@id":"https:\/\/hoyre.no\/troms\/#website","url":"https:\/\/hoyre.no\/troms\/","name":"Troms H\u00f8yre","description":"Bare enda et H\u00f8yres nettsteder-nettsted","inLanguage":"nb-NO"}]}},"distributor_meta":false,"distributor_terms":false,"distributor_media":false,"distributor_original_site_name":"Troms H\u00f8yre","distributor_original_site_url":"https:\/\/hoyre.no\/troms","push-errors":false,"_links":{"self":[{"href":"https:\/\/hoyre.no\/troms\/wp-json\/wp\/v2\/pages\/221","targetHints":{"allow":["GET"]}}],"collection":[{"href":"https:\/\/hoyre.no\/troms\/wp-json\/wp\/v2\/pages"}],"about":[{"href":"https:\/\/hoyre.no\/troms\/wp-json\/wp\/v2\/types\/page"}],"author":[{"embeddable":true,"href":"https:\/\/hoyre.no\/troms\/wp-json\/wp\/v2\/users\/17637"}],"replies":[{"embeddable":true,"href":"https:\/\/hoyre.no\/troms\/wp-json\/wp\/v2\/comments?post=221"}],"version-history":[{"count":3,"href":"https:\/\/hoyre.no\/troms\/wp-json\/wp\/v2\/pages\/221\/revisions"}],"predecessor-version":[{"id":667,"href":"https:\/\/hoyre.no\/troms\/wp-json\/wp\/v2\/pages\/221\/revisions\/667"}],"wp:attachment":[{"href":"https:\/\/hoyre.no\/troms\/wp-json\/wp\/v2\/media?parent=221"}],"curies":[{"name":"wp","href":"https:\/\/api.w.org\/{rel}","templated":true}]}}