{"id":456,"date":"2023-05-02T12:47:50","date_gmt":"2023-05-02T10:47:50","guid":{"rendered":"https:\/\/hoyre.no\/tromso\/?page_id=456"},"modified":"2023-05-12T10:20:12","modified_gmt":"2023-05-12T08:20:12","slug":"politikk","status":"publish","type":"page","link":"https:\/\/hoyre.no\/tromso\/politikk\/","title":{"rendered":"Politikk"},"content":{"rendered":"\n<div class=\"wp-block-hoyre-hero with-image-gradient text-color-light  alignfull has-background\"><div class=\"hoyre-hero \"><h1 class=\"title\">Troms\u00f8 H\u00f8yres program for 2023 &#8211; 2027<\/h1><p class=\"preamble\"><img loading=\"lazy\" decoding=\"async\" width=\"2160\" height=\"1440\" class=\"wp-image-475\" style=\"width: 900px\" src=\"https:\/\/hoyre.no\/content\/uploads\/sites\/231\/2023\/05\/DSC01319.jpg\" alt=\"topp6tromso\" srcset=\"https:\/\/hoyre.no\/content\/uploads\/sites\/231\/2023\/05\/DSC01319.jpg 2160w, https:\/\/hoyre.no\/content\/uploads\/sites\/231\/2023\/05\/DSC01319-300x200.jpg 300w, https:\/\/hoyre.no\/content\/uploads\/sites\/231\/2023\/05\/DSC01319-1024x683.jpg 1024w, https:\/\/hoyre.no\/content\/uploads\/sites\/231\/2023\/05\/DSC01319-768x512.jpg 768w, https:\/\/hoyre.no\/content\/uploads\/sites\/231\/2023\/05\/DSC01319-1536x1024.jpg 1536w, https:\/\/hoyre.no\/content\/uploads\/sites\/231\/2023\/05\/DSC01319-2048x1365.jpg 2048w\" sizes=\"auto, (max-width: 2160px) 100vw, 2160px\" \/>Troms\u00f8 H\u00f8yre har ambisjoner for Troms\u00f8. Troms\u00f8 har kunnskaps- og forskningsmilj\u00f8er i verdensklasse, gode kommunikasjoner og et mangfoldig n\u00e6ringsliv. Med sine urbane kvaliteter og fantastiske natur er Troms\u00f8 et sv\u00e6rt attraktivt reisem\u00e5l. Troms\u00f8 har en sterk frivillig sektor med mange engasjerte ildsjeler, og vi nyter godt av et variert kulturtilbud.<br>\u00a0<br>Samtidig har Troms\u00f8 store utfordringer som m\u00e5 l\u00f8ses. Etter \u00e5tte \u00e5r med Ap-styre har vi f\u00e5tt h\u00f8ye boligpriser som presser folk ut av boligmarkedet og ut av kommunen. Troms\u00f8 har havnet bakp\u00e5 i konkurransen om arbeidskraft, nye n\u00e6ringssatsinger og interessante tilbud til innbyggerne. Vi har utfordringer med \u00e5 rekruttere og beholde folk, og jobbskapere og andre som \u00f8nsker \u00e5 f\u00e5 til noe opplever en nei-holdning fra kommunen.<br>\u00a0<br>Troms\u00f8 H\u00f8yre har nye ideer og bedre l\u00f8sninger for Troms\u00f8. I dette programmet peker vi ut v\u00e5r retning for hvordan vi \u00f8nsker at Troms\u00f8 skal utvikle seg de neste \u00e5rene.<\/p><\/div><\/div>\n\n\n\n\n<div class=\"wp-block-teft-file icon-link-block\"><a href=\"https:\/\/hoyre.no\/content\/uploads\/sites\/231\/2023\/05\/Partiprogram-Tromso-Hoyre-2023-2027-.pdf\" download><span class=\"file-title\">Her kan du lese valgprogrammet v\u00e5rt for 2023-2027<\/span><span class=\"file-name\">Partiprogram-Tromso-Hoyre-2023-2027-.pdf [1040.6kb]<\/span><\/a><\/div>\n\n","protected":false},"excerpt":{"rendered":"","protected":false},"author":51320,"featured_media":0,"parent":0,"menu_order":0,"comment_status":"closed","ping_status":"closed","template":"","meta":{"teft_cards_image_url":"","teft_cards_custom_pretitle":"","teft_cards_image_id":0,"teft_cards_image_focal_point_x":0.5,"teft_cards_image_focal_point_y":0.5,"teft_cards_title":"","teft_cards_excerpt":"","teft_show_chapters":false,"footnotes":""},"class_list":["post-456","page","type-page","status-publish","hentry"],"yoast_head":"<!-- This site is optimized with the Yoast SEO plugin v26.6 - https:\/\/yoast.com\/wordpress\/plugins\/seo\/ -->\n<title>Politikk - Troms\u00f8 H\u00f8yre<\/title>\n<meta name=\"robots\" content=\"index, follow, max-snippet:-1, max-image-preview:large, max-video-preview:-1\" \/>\n<link rel=\"canonical\" href=\"https:\/\/hoyre.no\/tromso\/politikk\/\" \/>\n<meta property=\"og:locale\" content=\"nb_NO\" \/>\n<meta property=\"og:type\" content=\"article\" \/>\n<meta property=\"og:title\" content=\"Politikk - Troms\u00f8 H\u00f8yre\" \/>\n<meta property=\"og:url\" content=\"https:\/\/hoyre.no\/tromso\/politikk\/\" \/>\n<meta property=\"og:site_name\" content=\"Troms\u00f8 H\u00f8yre\" \/>\n<meta property=\"article:modified_time\" content=\"2023-05-12T08:20:12+00:00\" \/>\n<meta property=\"og:image\" content=\"https:\/\/hoyre.no\/content\/uploads\/sites\/231\/2023\/05\/DSC01319.jpg\" \/>\n<meta name=\"twitter:card\" content=\"summary_large_image\" \/>\n<meta name=\"twitter:label1\" content=\"Ansl. lesetid\" \/>\n\t<meta name=\"twitter:data1\" content=\"2 minutter\" \/>\n<script type=\"application\/ld+json\" class=\"yoast-schema-graph\">{\"@context\":\"https:\/\/schema.org\",\"@graph\":[{\"@type\":\"WebPage\",\"@id\":\"https:\/\/hoyre.no\/tromso\/politikk\/\",\"url\":\"https:\/\/hoyre.no\/tromso\/politikk\/\",\"name\":\"Politikk - Troms\u00f8 H\u00f8yre\",\"isPartOf\":{\"@id\":\"https:\/\/hoyre.no\/tromso\/#website\"},\"image\":{\"@id\":\"https:\/\/hoyre.no\/tromso\/politikk\/#primaryimage\"},\"thumbnailUrl\":\"https:\/\/hoyre.no\/content\/uploads\/sites\/231\/2023\/05\/DSC01319.jpg\",\"datePublished\":\"2023-05-02T10:47:50+00:00\",\"dateModified\":\"2023-05-12T08:20:12+00:00\",\"breadcrumb\":{\"@id\":\"https:\/\/hoyre.no\/tromso\/politikk\/#breadcrumb\"},\"inLanguage\":\"nb-NO\",\"potentialAction\":[{\"@type\":\"ReadAction\",\"target\":[\"https:\/\/hoyre.no\/tromso\/politikk\/\"]}]},{\"@type\":\"ImageObject\",\"inLanguage\":\"nb-NO\",\"@id\":\"https:\/\/hoyre.no\/tromso\/politikk\/#primaryimage\",\"url\":\"https:\/\/hoyre.no\/content\/uploads\/sites\/231\/2023\/05\/DSC01319.jpg\",\"contentUrl\":\"https:\/\/hoyre.no\/content\/uploads\/sites\/231\/2023\/05\/DSC01319.jpg\"},{\"@type\":\"BreadcrumbList\",\"@id\":\"https:\/\/hoyre.no\/tromso\/politikk\/#breadcrumb\",\"itemListElement\":[{\"@type\":\"ListItem\",\"position\":1,\"name\":\"Til hoyre.no\",\"item\":\"https:\/\/hoyre.no\"},{\"@type\":\"ListItem\",\"position\":2,\"name\":\"Hjem\",\"item\":\"https:\/\/hoyre.no\/tromso\/\"},{\"@type\":\"ListItem\",\"position\":3,\"name\":\"Politikk\"}]},{\"@type\":\"WebSite\",\"@id\":\"https:\/\/hoyre.no\/tromso\/#website\",\"url\":\"https:\/\/hoyre.no\/tromso\/\",\"name\":\"Troms\u00f8 H\u00f8yre\",\"description\":\"Bare enda et H\u00f8yres nettsteder-nettsted\",\"inLanguage\":\"nb-NO\"}]}<\/script>\n<!-- \/ Yoast SEO plugin. -->","yoast_head_json":{"title":"Politikk - Troms\u00f8 H\u00f8yre","robots":{"index":"index","follow":"follow","max-snippet":"max-snippet:-1","max-image-preview":"max-image-preview:large","max-video-preview":"max-video-preview:-1"},"canonical":"https:\/\/hoyre.no\/tromso\/politikk\/","og_locale":"nb_NO","og_type":"article","og_title":"Politikk - Troms\u00f8 H\u00f8yre","og_url":"https:\/\/hoyre.no\/tromso\/politikk\/","og_site_name":"Troms\u00f8 H\u00f8yre","article_modified_time":"2023-05-12T08:20:12+00:00","og_image":[{"url":"https:\/\/hoyre.no\/content\/uploads\/sites\/231\/2023\/05\/DSC01319.jpg","type":"","width":"","height":""}],"twitter_card":"summary_large_image","twitter_misc":{"Ansl. lesetid":"2 minutter"},"schema":{"@context":"https:\/\/schema.org","@graph":[{"@type":"WebPage","@id":"https:\/\/hoyre.no\/tromso\/politikk\/","url":"https:\/\/hoyre.no\/tromso\/politikk\/","name":"Politikk - Troms\u00f8 H\u00f8yre","isPartOf":{"@id":"https:\/\/hoyre.no\/tromso\/#website"},"image":{"@id":"https:\/\/hoyre.no\/tromso\/politikk\/#primaryimage"},"thumbnailUrl":"https:\/\/hoyre.no\/content\/uploads\/sites\/231\/2023\/05\/DSC01319.jpg","datePublished":"2023-05-02T10:47:50+00:00","dateModified":"2023-05-12T08:20:12+00:00","breadcrumb":{"@id":"https:\/\/hoyre.no\/tromso\/politikk\/#breadcrumb"},"inLanguage":"nb-NO","potentialAction":[{"@type":"ReadAction","target":["https:\/\/hoyre.no\/tromso\/politikk\/"]}]},{"@type":"ImageObject","inLanguage":"nb-NO","@id":"https:\/\/hoyre.no\/tromso\/politikk\/#primaryimage","url":"https:\/\/hoyre.no\/content\/uploads\/sites\/231\/2023\/05\/DSC01319.jpg","contentUrl":"https:\/\/hoyre.no\/content\/uploads\/sites\/231\/2023\/05\/DSC01319.jpg"},{"@type":"BreadcrumbList","@id":"https:\/\/hoyre.no\/tromso\/politikk\/#breadcrumb","itemListElement":[{"@type":"ListItem","position":1,"name":"Til hoyre.no","item":"https:\/\/hoyre.no"},{"@type":"ListItem","position":2,"name":"Hjem","item":"https:\/\/hoyre.no\/tromso\/"},{"@type":"ListItem","position":3,"name":"Politikk"}]},{"@type":"WebSite","@id":"https:\/\/hoyre.no\/tromso\/#website","url":"https:\/\/hoyre.no\/tromso\/","name":"Troms\u00f8 H\u00f8yre","description":"Bare enda et H\u00f8yres nettsteder-nettsted","inLanguage":"nb-NO"}]}},"distributor_meta":false,"distributor_terms":false,"distributor_media":false,"distributor_original_site_name":"Troms\u00f8 H\u00f8yre","distributor_original_site_url":"https:\/\/hoyre.no\/tromso","push-errors":false,"_links":{"self":[{"href":"https:\/\/hoyre.no\/tromso\/wp-json\/wp\/v2\/pages\/456","targetHints":{"allow":["GET"]}}],"collection":[{"href":"https:\/\/hoyre.no\/tromso\/wp-json\/wp\/v2\/pages"}],"about":[{"href":"https:\/\/hoyre.no\/tromso\/wp-json\/wp\/v2\/types\/page"}],"author":[{"embeddable":true,"href":"https:\/\/hoyre.no\/tromso\/wp-json\/wp\/v2\/users\/51320"}],"replies":[{"embeddable":true,"href":"https:\/\/hoyre.no\/tromso\/wp-json\/wp\/v2\/comments?post=456"}],"version-history":[{"count":11,"href":"https:\/\/hoyre.no\/tromso\/wp-json\/wp\/v2\/pages\/456\/revisions"}],"predecessor-version":[{"id":490,"href":"https:\/\/hoyre.no\/tromso\/wp-json\/wp\/v2\/pages\/456\/revisions\/490"}],"wp:attachment":[{"href":"https:\/\/hoyre.no\/tromso\/wp-json\/wp\/v2\/media?parent=456"}],"curies":[{"name":"wp","href":"https:\/\/api.w.org\/{rel}","templated":true}]}}