{"id":1015,"date":"2024-11-10T16:00:52","date_gmt":"2024-11-10T15:00:52","guid":{"rendered":"https:\/\/hoyre.no\/trondelag\/?page_id=1015"},"modified":"2025-02-07T13:40:17","modified_gmt":"2025-02-07T12:40:17","slug":"trondelag-hoyres-stortingskandidater","status":"publish","type":"page","link":"https:\/\/hoyre.no\/trondelag\/trondelag-hoyres-stortingskandidater\/","title":{"rendered":"Tr\u00f8ndelag H\u00f8yres stortingskandidater"},"content":{"rendered":"\n<div class=\"wp-block-hoyre-hero with-image-gradient text-color-light  has-media alignfull has-background\"><div class=\"hoyre-hero has-image\"><h1 class=\"title\">Dette er v\u00e5re stortings-kandidater<\/h1><p class=\"preamble\">09.11.24 Tr\u00f8ndelag H\u00f8yre gjennomf\u00f8rte nominasjonsm\u00f8ter for begge valgkretser og valgte sine kandidater til stortingslistene. <\/p>\t\t\t<div class=\"post-meta wp-block teft-byline-wrapper\">\n\t\t\t\t<div class=\"top\">\n\t\t\t\t\t<div class=\"signature\">\n\t\t\t\t\t\t<div class=\"teft-byline\">\n\t\t\t\t\t\t\t\t\t\t\t\t\t\t<div>\n\t\t\t\t\t\t\t\t<h3>H\u00f8yres redaksjon<\/h3>\t\t\t\t\t\t\t\t\n\t\t\t\t\t\t\t\t\t\t\t\t\t\t\t\t\t<span class=\"date\">Sist oppdatert: 7. februar 2025<\/span>\n\t\t\t\t\t\t\t\t\t\t\t\t\t\t\t\t\t\t\t\t\t\t\t\t\t<span class=\"reading-time\" itemprop=\"timeRequired\" content=\"PT2M\"><em>Ca. 2 minutter lesetid<\/em><\/span>\n\t\t\t\t\t\t\t\t\t\t\t\t\t\t\t<\/div>\n\t\t\t\t\t\t<\/div>\n\t\t\t\t\t<\/div>\n\t\t\t\t\t\t<div class=\"sharing\">\n\t\t<a class=\"share-button share-link copy-link\" data-copy=\"https:\/\/hoyre.no\/trondelag\/trondelag-hoyres-stortingskandidater\/\" target=\"_blank\"><span class=\"screen-reader-text\">Del link<\/span><\/a>\n\t\t<a class=\"share-button share-twitter\" href=\"http:\/\/twitter.com\/share?text=Tr\u00f8ndelag H\u00f8yres stortingskandidater&#038;url=https:\/\/hoyre.no\/trondelag\/trondelag-hoyres-stortingskandidater\/&#038;hashtags=Hoyre\" target=\"_blank\"><span class=\"screen-reader-text\">Del p\u00e5 twitter<\/span><\/a>\n\t\t<a class=\"share-button share-facebook\" href=\"https:\/\/www.facebook.com\/sharer\/sharer.php?u=https:\/\/hoyre.no\/trondelag\/trondelag-hoyres-stortingskandidater\/\" target=\"_blank\"><span class=\"screen-reader-text\">Del p\u00e5 facebook<\/span><\/a>\n\t<\/div>\n\t\t\t\t\t<\/div>\n\t\t\t<\/div>\n\n\t\t\t<figure class=\"hoyre-image-wrapper\"><div class=\"hoyre-image\"><img loading=\"lazy\" decoding=\"async\" width=\"1875\" height=\"2500\" src=\"https:\/\/hoyre.no\/content\/uploads\/sites\/13\/2024\/11\/thumbnail_IMG_6430-scaled.jpg\" class=\"attachment-scaled size-scaled\" alt=\"\" style=\"object-position: 50% 50%\" srcset=\"https:\/\/hoyre.no\/content\/uploads\/sites\/13\/2024\/11\/thumbnail_IMG_6430-scaled.jpg 1875w, https:\/\/hoyre.no\/content\/uploads\/sites\/13\/2024\/11\/thumbnail_IMG_6430-225x300.jpg 225w, https:\/\/hoyre.no\/content\/uploads\/sites\/13\/2024\/11\/thumbnail_IMG_6430-768x1024.jpg 768w, https:\/\/hoyre.no\/content\/uploads\/sites\/13\/2024\/11\/thumbnail_IMG_6430-1152x1536.jpg 1152w, https:\/\/hoyre.no\/content\/uploads\/sites\/13\/2024\/11\/thumbnail_IMG_6430-1536x2048.jpg 1536w\" sizes=\"auto, (max-width: 1875px) 100vw, 1875px\" \/><\/div><\/figure><\/div><\/div>\n\n\n\n\n<div class=\"wp-block-media-text alignfull is-stacked-on-mobile is-style-pale-blue\" style=\"grid-template-columns:53% auto\"><figure class=\"wp-block-media-text__media\"><img loading=\"lazy\" decoding=\"async\" width=\"768\" height=\"1024\" src=\"https:\/\/hoyre.no\/content\/uploads\/sites\/13\/2024\/11\/thumbnail_IMG_5289-1-768x1024.jpg\" alt=\"\" class=\"wp-image-1018 size-full\" srcset=\"https:\/\/hoyre.no\/content\/uploads\/sites\/13\/2024\/11\/thumbnail_IMG_5289-1-768x1024.jpg 768w, https:\/\/hoyre.no\/content\/uploads\/sites\/13\/2024\/11\/thumbnail_IMG_5289-1-225x300.jpg 225w, https:\/\/hoyre.no\/content\/uploads\/sites\/13\/2024\/11\/thumbnail_IMG_5289-1-1152x1536.jpg 1152w, https:\/\/hoyre.no\/content\/uploads\/sites\/13\/2024\/11\/thumbnail_IMG_5289-1.jpg 1440w\" sizes=\"auto, (max-width: 768px) 100vw, 768px\" \/><\/figure><div class=\"wp-block-media-text__content\">\n<p><strong>S\u00f8r-Tr\u00f8ndelag H\u00f8yre:<\/strong><\/p>\n\n\n\n<ol class=\"wp-block-list\">\n<li>Mari Holm L\u00f8nseth, 33 \u00e5r fra Trondheim.<\/li>\n\n\n\n<li>Henrik Kierulf, 43 \u00e5r fra Trondheim.<\/li>\n\n\n\n<li>Ingvill Dalseg, 49 \u00e5r fra Oppdal.<\/li>\n\n\n\n<li>Kristin Str\u00f8mskag, 46 \u00e5r, Fr\u00f8ya.<\/li>\n\n\n\n<li>Christian Ingebrigtsen, 45 \u00e5r, Melhus<\/li>\n\n\n\n<li>Vegard Sem, 20 \u00e5r fra Skaun.<\/li>\n\n\n\n<li>Jan Gr\u00f8nningen, 54\u00e5r fra Orkland.<\/li>\n\n\n\n<li>Niklaus Haugr\u00f8nning, 76 \u00e5r, Trondheim.<\/li>\n\n\n\n<li>Kjetil Utne, 68 \u00e5r fra Trondheim.<\/li>\n\n\n\n<li>Therese Mossing Eidsaune, 52 \u00e5r fra \u00d8rland.<\/li>\n\n\n\n<li>Karl Erik Haug, 57 \u00e5r, Trondheim.<\/li>\n\n\n\n<li>Hedda Christine Reinskou, 21 \u00e5r fra R\u00f8ros.<\/li>\n\n\n\n<li>Even Hendseth, 26\u00e5r fra Heim.<\/li>\n\n\n\n<li>Rune Schei, 53 \u00e5r, Indre Fosen.<\/li>\n\n\n\n<li>Berit Tiller, 64 \u00e5r, Trondheim.<\/li>\n\n\n\n<li>Michael Momyr, 68\u00e5r, Trondheim.<\/li>\n<\/ol>\n<\/div><\/div>\n\n\n\n\n<div class=\"wp-block-media-text alignfull has-media-on-the-right is-stacked-on-mobile is-style-pale-blue\"><div class=\"wp-block-media-text__content\">\n<p><strong>Nord-Tr\u00f8ndelag H\u00f8yre:<\/strong><\/p>\n\n\n\n<p>1. P\u00e5l S\u00e6ther Eiden, 55 \u00e5r fra N\u00e6r\u00f8ysund.<\/p>\n\n\n\n<p>2. Renate Tr\u00f8an Bj\u00f8rshol, 44 \u00e5r, Stj\u00f8rdal.<\/p>\n\n\n\n<p>3. Henrik Aleksander Devik, 19 \u00e5r, Namsos.<\/p>\n\n\n\n<p>4. Izabela Vang, 45 \u00e5r. Inder\u00f8y.<\/p>\n\n\n\n<p>5. Andreas Jenssen Hjelmstad, 39 \u00e5r fra Levanger.<\/p>\n\n\n\n<p>6. Amund Sjue Lein, 42 \u00e5r fra Namsos.<\/p>\n\n\n\n<p>7. Andrea Nogva, 39 \u00e5r fra N\u00e6r\u00f8ysund.<\/p>\n\n\n\n<p>8. Stig Tore Laugen, 47 \u00e5r fra Frosta.<\/p>\n\n\n\n<p>9. Knut Snorre Sandnes, 61 \u00e5r fra Verdal.<\/p>\n\n\n\n<p>10. Kaisa T\u00f8rum Amdam, 20 \u00e5r fra Stj\u00f8rdal.<\/p>\n\n\n\n<p>11. Ivar Haarstad, 80 \u00e5r fra Levanger.<\/p>\n<\/div><figure class=\"wp-block-media-text__media\"><img loading=\"lazy\" decoding=\"async\" width=\"920\" height=\"1024\" src=\"https:\/\/hoyre.no\/content\/uploads\/sites\/13\/2024\/11\/thumbnail_IMG_5255-920x1024.jpg\" alt=\"\" class=\"wp-image-1019 size-full\" srcset=\"https:\/\/hoyre.no\/content\/uploads\/sites\/13\/2024\/11\/thumbnail_IMG_5255-920x1024.jpg 920w, https:\/\/hoyre.no\/content\/uploads\/sites\/13\/2024\/11\/thumbnail_IMG_5255-270x300.jpg 270w, https:\/\/hoyre.no\/content\/uploads\/sites\/13\/2024\/11\/thumbnail_IMG_5255-768x855.jpg 768w, https:\/\/hoyre.no\/content\/uploads\/sites\/13\/2024\/11\/thumbnail_IMG_5255-1380x1536.jpg 1380w, https:\/\/hoyre.no\/content\/uploads\/sites\/13\/2024\/11\/thumbnail_IMG_5255.jpg 1433w\" sizes=\"auto, (max-width: 920px) 100vw, 920px\" \/><\/figure><\/div>\n","protected":false},"excerpt":{"rendered":"<p>Nord-Tr\u00f8ndelag H\u00f8yre: 1. P\u00e5l S\u00e6ther Eiden, 55 \u00e5r fra N\u00e6r\u00f8ysund. 2. Renate Tr\u00f8an Bj\u00f8rshol, 44 \u00e5r, Stj\u00f8rdal. 3. Henrik Aleksander Devik, 19 \u00e5r, Namsos. 4. Izabela Vang, 45 \u00e5r. Inder\u00f8y. 5. Andreas Jenssen Hjelmstad, 39 \u00e5r fra Levanger. 6. Amund Sjue Lein, 42 \u00e5r fra Namsos. 7. Andrea Nogva, 39 \u00e5r fra N\u00e6r\u00f8ysund. 8. Stig [&hellip;]<\/p>\n","protected":false},"author":9520,"featured_media":0,"parent":0,"menu_order":0,"comment_status":"closed","ping_status":"closed","template":"","meta":{"teft_cards_image_url":"","teft_cards_custom_pretitle":"","teft_cards_image_id":0,"teft_cards_image_focal_point_x":0,"teft_cards_image_focal_point_y":0,"teft_cards_title":"","teft_cards_excerpt":"","teft_show_chapters":false,"footnotes":""},"class_list":["post-1015","page","type-page","status-publish","hentry"],"yoast_head":"<!-- This site is optimized with the Yoast SEO plugin v26.6 - https:\/\/yoast.com\/wordpress\/plugins\/seo\/ -->\n<title>Tr\u00f8ndelag H\u00f8yres stortingskandidater - Tr\u00f8ndelag H\u00f8yre<\/title>\n<meta name=\"description\" content=\"Her er Tr\u00f8ndelag H\u00f8yres kandidater til stortingsvalget i 2025.\" \/>\n<meta name=\"robots\" content=\"index, follow, max-snippet:-1, max-image-preview:large, max-video-preview:-1\" \/>\n<link rel=\"canonical\" href=\"https:\/\/hoyre.no\/trondelag\/trondelag-hoyres-stortingskandidater\/\" \/>\n<meta property=\"og:locale\" content=\"nb_NO\" \/>\n<meta property=\"og:type\" content=\"article\" \/>\n<meta property=\"og:title\" content=\"Tr\u00f8ndelag H\u00f8yres stortingskandidater - Tr\u00f8ndelag H\u00f8yre\" \/>\n<meta property=\"og:description\" content=\"Her er Tr\u00f8ndelag H\u00f8yres kandidater til stortingsvalget i 2025.\" \/>\n<meta property=\"og:url\" content=\"https:\/\/hoyre.no\/trondelag\/trondelag-hoyres-stortingskandidater\/\" \/>\n<meta property=\"og:site_name\" content=\"Tr\u00f8ndelag H\u00f8yre\" \/>\n<meta property=\"article:modified_time\" content=\"2025-02-07T12:40:17+00:00\" \/>\n<meta property=\"og:image\" content=\"https:\/\/hoyre.no\/content\/uploads\/sites\/13\/2024\/11\/thumbnail_IMG_5289-1-768x1024.jpg\" \/>\n<meta name=\"twitter:card\" content=\"summary_large_image\" \/>\n<meta name=\"twitter:label1\" content=\"Ansl. lesetid\" \/>\n\t<meta name=\"twitter:data1\" content=\"2 minutter\" \/>\n<script type=\"application\/ld+json\" class=\"yoast-schema-graph\">{\"@context\":\"https:\/\/schema.org\",\"@graph\":[{\"@type\":\"WebPage\",\"@id\":\"https:\/\/hoyre.no\/trondelag\/trondelag-hoyres-stortingskandidater\/\",\"url\":\"https:\/\/hoyre.no\/trondelag\/trondelag-hoyres-stortingskandidater\/\",\"name\":\"Tr\u00f8ndelag H\u00f8yres stortingskandidater - Tr\u00f8ndelag H\u00f8yre\",\"isPartOf\":{\"@id\":\"https:\/\/hoyre.no\/trondelag\/#website\"},\"image\":{\"@id\":\"https:\/\/hoyre.no\/trondelag\/trondelag-hoyres-stortingskandidater\/#primaryimage\"},\"thumbnailUrl\":\"https:\/\/hoyre.no\/content\/uploads\/sites\/13\/2024\/11\/thumbnail_IMG_5289-1-768x1024.jpg\",\"datePublished\":\"2024-11-10T15:00:52+00:00\",\"dateModified\":\"2025-02-07T12:40:17+00:00\",\"description\":\"Her er Tr\u00f8ndelag H\u00f8yres kandidater til stortingsvalget i 2025.\",\"breadcrumb\":{\"@id\":\"https:\/\/hoyre.no\/trondelag\/trondelag-hoyres-stortingskandidater\/#breadcrumb\"},\"inLanguage\":\"nb-NO\",\"potentialAction\":[{\"@type\":\"ReadAction\",\"target\":[\"https:\/\/hoyre.no\/trondelag\/trondelag-hoyres-stortingskandidater\/\"]}]},{\"@type\":\"ImageObject\",\"inLanguage\":\"nb-NO\",\"@id\":\"https:\/\/hoyre.no\/trondelag\/trondelag-hoyres-stortingskandidater\/#primaryimage\",\"url\":\"https:\/\/hoyre.no\/content\/uploads\/sites\/13\/2024\/11\/thumbnail_IMG_5289-1-768x1024.jpg\",\"contentUrl\":\"https:\/\/hoyre.no\/content\/uploads\/sites\/13\/2024\/11\/thumbnail_IMG_5289-1-768x1024.jpg\"},{\"@type\":\"BreadcrumbList\",\"@id\":\"https:\/\/hoyre.no\/trondelag\/trondelag-hoyres-stortingskandidater\/#breadcrumb\",\"itemListElement\":[{\"@type\":\"ListItem\",\"position\":1,\"name\":\"Til hoyre.no\",\"item\":\"https:\/\/hoyre.no\"},{\"@type\":\"ListItem\",\"position\":2,\"name\":\"Hjem\",\"item\":\"https:\/\/hoyre.no\/trondelag\/\"},{\"@type\":\"ListItem\",\"position\":3,\"name\":\"Tr\u00f8ndelag H\u00f8yres stortingskandidater\"}]},{\"@type\":\"WebSite\",\"@id\":\"https:\/\/hoyre.no\/trondelag\/#website\",\"url\":\"https:\/\/hoyre.no\/trondelag\/\",\"name\":\"Tr\u00f8ndelag H\u00f8yre\",\"description\":\"Bare enda et H\u00f8yres nettsteder-nettsted\",\"inLanguage\":\"nb-NO\"}]}<\/script>\n<!-- \/ Yoast SEO plugin. -->","yoast_head_json":{"title":"Tr\u00f8ndelag H\u00f8yres stortingskandidater - Tr\u00f8ndelag H\u00f8yre","description":"Her er Tr\u00f8ndelag H\u00f8yres kandidater til stortingsvalget i 2025.","robots":{"index":"index","follow":"follow","max-snippet":"max-snippet:-1","max-image-preview":"max-image-preview:large","max-video-preview":"max-video-preview:-1"},"canonical":"https:\/\/hoyre.no\/trondelag\/trondelag-hoyres-stortingskandidater\/","og_locale":"nb_NO","og_type":"article","og_title":"Tr\u00f8ndelag H\u00f8yres stortingskandidater - Tr\u00f8ndelag H\u00f8yre","og_description":"Her er Tr\u00f8ndelag H\u00f8yres kandidater til stortingsvalget i 2025.","og_url":"https:\/\/hoyre.no\/trondelag\/trondelag-hoyres-stortingskandidater\/","og_site_name":"Tr\u00f8ndelag H\u00f8yre","article_modified_time":"2025-02-07T12:40:17+00:00","og_image":[{"url":"https:\/\/hoyre.no\/content\/uploads\/sites\/13\/2024\/11\/thumbnail_IMG_5289-1-768x1024.jpg","type":"","width":"","height":""}],"twitter_card":"summary_large_image","twitter_misc":{"Ansl. lesetid":"2 minutter"},"schema":{"@context":"https:\/\/schema.org","@graph":[{"@type":"WebPage","@id":"https:\/\/hoyre.no\/trondelag\/trondelag-hoyres-stortingskandidater\/","url":"https:\/\/hoyre.no\/trondelag\/trondelag-hoyres-stortingskandidater\/","name":"Tr\u00f8ndelag H\u00f8yres stortingskandidater - Tr\u00f8ndelag H\u00f8yre","isPartOf":{"@id":"https:\/\/hoyre.no\/trondelag\/#website"},"image":{"@id":"https:\/\/hoyre.no\/trondelag\/trondelag-hoyres-stortingskandidater\/#primaryimage"},"thumbnailUrl":"https:\/\/hoyre.no\/content\/uploads\/sites\/13\/2024\/11\/thumbnail_IMG_5289-1-768x1024.jpg","datePublished":"2024-11-10T15:00:52+00:00","dateModified":"2025-02-07T12:40:17+00:00","description":"Her er Tr\u00f8ndelag H\u00f8yres kandidater til stortingsvalget i 2025.","breadcrumb":{"@id":"https:\/\/hoyre.no\/trondelag\/trondelag-hoyres-stortingskandidater\/#breadcrumb"},"inLanguage":"nb-NO","potentialAction":[{"@type":"ReadAction","target":["https:\/\/hoyre.no\/trondelag\/trondelag-hoyres-stortingskandidater\/"]}]},{"@type":"ImageObject","inLanguage":"nb-NO","@id":"https:\/\/hoyre.no\/trondelag\/trondelag-hoyres-stortingskandidater\/#primaryimage","url":"https:\/\/hoyre.no\/content\/uploads\/sites\/13\/2024\/11\/thumbnail_IMG_5289-1-768x1024.jpg","contentUrl":"https:\/\/hoyre.no\/content\/uploads\/sites\/13\/2024\/11\/thumbnail_IMG_5289-1-768x1024.jpg"},{"@type":"BreadcrumbList","@id":"https:\/\/hoyre.no\/trondelag\/trondelag-hoyres-stortingskandidater\/#breadcrumb","itemListElement":[{"@type":"ListItem","position":1,"name":"Til hoyre.no","item":"https:\/\/hoyre.no"},{"@type":"ListItem","position":2,"name":"Hjem","item":"https:\/\/hoyre.no\/trondelag\/"},{"@type":"ListItem","position":3,"name":"Tr\u00f8ndelag H\u00f8yres stortingskandidater"}]},{"@type":"WebSite","@id":"https:\/\/hoyre.no\/trondelag\/#website","url":"https:\/\/hoyre.no\/trondelag\/","name":"Tr\u00f8ndelag H\u00f8yre","description":"Bare enda et H\u00f8yres nettsteder-nettsted","inLanguage":"nb-NO"}]}},"distributor_meta":false,"distributor_terms":false,"distributor_media":false,"distributor_original_site_name":"Tr\u00f8ndelag H\u00f8yre","distributor_original_site_url":"https:\/\/hoyre.no\/trondelag","push-errors":false,"_links":{"self":[{"href":"https:\/\/hoyre.no\/trondelag\/wp-json\/wp\/v2\/pages\/1015","targetHints":{"allow":["GET"]}}],"collection":[{"href":"https:\/\/hoyre.no\/trondelag\/wp-json\/wp\/v2\/pages"}],"about":[{"href":"https:\/\/hoyre.no\/trondelag\/wp-json\/wp\/v2\/types\/page"}],"author":[{"embeddable":true,"href":"https:\/\/hoyre.no\/trondelag\/wp-json\/wp\/v2\/users\/9520"}],"replies":[{"embeddable":true,"href":"https:\/\/hoyre.no\/trondelag\/wp-json\/wp\/v2\/comments?post=1015"}],"version-history":[{"count":9,"href":"https:\/\/hoyre.no\/trondelag\/wp-json\/wp\/v2\/pages\/1015\/revisions"}],"predecessor-version":[{"id":1051,"href":"https:\/\/hoyre.no\/trondelag\/wp-json\/wp\/v2\/pages\/1015\/revisions\/1051"}],"wp:attachment":[{"href":"https:\/\/hoyre.no\/trondelag\/wp-json\/wp\/v2\/media?parent=1015"}],"curies":[{"name":"wp","href":"https:\/\/api.w.org\/{rel}","templated":true}]}}