{"id":4,"date":"2020-11-11T23:35:02","date_gmt":"2020-11-11T22:35:02","guid":{"rendered":"https:\/\/hoyre.no\/trondelag\/vare-folk\/"},"modified":"2024-01-25T13:16:53","modified_gmt":"2024-01-25T12:16:53","slug":"varefolk","status":"publish","type":"page","link":"https:\/\/hoyre.no\/trondelag\/varefolk\/","title":{"rendered":"V\u00e5re folk"},"content":{"rendered":"\n<div class=\"wp-block-hoyre-hero with-image-gradient text-color-light  has-media alignfull has-background\"><div class=\"hoyre-hero has-image\"><h1 class=\"title\">V\u00e5re folk<\/h1><p class=\"preamble\">Tr\u00f8ndelag H\u00f8yre best\u00e5r av flere tillits- og folkevalgte. Har du noen sp\u00f8rsm\u00e5l? Ikke n\u00f8l med \u00e5 ta kontakt!<\/p>\t\t\t<div class=\"post-meta wp-block teft-byline-wrapper\">\n\t\t\t\t<div class=\"top\">\n\t\t\t\t\t<div class=\"signature\">\n\t\t\t\t\t\t<div class=\"teft-byline\">\n\t\t\t\t\t\t\t\t\t\t\t\t\t\t<div>\n\t\t\t\t\t\t\t\t<h3>H\u00f8yres redaksjon<\/h3>\t\t\t\t\t\t\t\t\n\t\t\t\t\t\t\t\t\t\t\t\t\t\t\t\t\t<span class=\"date\">Sist oppdatert: 25. januar 2024<\/span>\n\t\t\t\t\t\t\t\t\t\t\t\t\t\t\t\t\t\t\t\t\t\t\t\t\t<span class=\"reading-time\" itemprop=\"timeRequired\" content=\"PT1M\"><em>Ca. 1 minutter lesetid<\/em><\/span>\n\t\t\t\t\t\t\t\t\t\t\t\t\t\t\t<\/div>\n\t\t\t\t\t\t<\/div>\n\t\t\t\t\t<\/div>\n\t\t\t\t\t\t<div class=\"sharing\">\n\t\t<a class=\"share-button share-link copy-link\" data-copy=\"https:\/\/hoyre.no\/trondelag\/varefolk\/\" target=\"_blank\"><span class=\"screen-reader-text\">Del link<\/span><\/a>\n\t\t<a class=\"share-button share-twitter\" href=\"http:\/\/twitter.com\/share?text=V\u00e5re folk&#038;url=https:\/\/hoyre.no\/trondelag\/varefolk\/&#038;hashtags=Hoyre\" target=\"_blank\"><span class=\"screen-reader-text\">Del p\u00e5 twitter<\/span><\/a>\n\t\t<a class=\"share-button share-facebook\" href=\"https:\/\/www.facebook.com\/sharer\/sharer.php?u=https:\/\/hoyre.no\/trondelag\/varefolk\/\" target=\"_blank\"><span class=\"screen-reader-text\">Del p\u00e5 facebook<\/span><\/a>\n\t<\/div>\n\t\t\t\t\t<\/div>\n\t\t\t<\/div>\n\n\t\t\t<figure class=\"hoyre-image-wrapper\"><div class=\"hoyre-image\"><img loading=\"lazy\" decoding=\"async\" width=\"2048\" height=\"1106\" src=\"https:\/\/hoyre.no\/content\/uploads\/sites\/13\/2023\/07\/347406109_639977228166894_197933011332133884_n.jpg\" class=\"attachment-scaled size-scaled\" alt=\"\" style=\"object-position: 50% 50%\" srcset=\"https:\/\/hoyre.no\/content\/uploads\/sites\/13\/2023\/07\/347406109_639977228166894_197933011332133884_n.jpg 2048w, https:\/\/hoyre.no\/content\/uploads\/sites\/13\/2023\/07\/347406109_639977228166894_197933011332133884_n-300x162.jpg 300w, https:\/\/hoyre.no\/content\/uploads\/sites\/13\/2023\/07\/347406109_639977228166894_197933011332133884_n-1024x553.jpg 1024w, https:\/\/hoyre.no\/content\/uploads\/sites\/13\/2023\/07\/347406109_639977228166894_197933011332133884_n-768x415.jpg 768w, https:\/\/hoyre.no\/content\/uploads\/sites\/13\/2023\/07\/347406109_639977228166894_197933011332133884_n-1536x830.jpg 1536w\" sizes=\"auto, (max-width: 2048px) 100vw, 2048px\" \/><\/div><\/figure><\/div><\/div>\n\n\n\n<div class=\"wp-block-media-text is-stacked-on-mobile is-image-fill is-style-darkest-blue\" style=\"grid-template-columns:38% auto\"><figure class=\"wp-block-media-text__media\" style=\"background-image:url('https:\/\/hoyre.no\/content\/uploads\/sites\/13\/2023\/05\/Hoyre23_PalEiden_BERRE9333-1-819x1024.jpg');background-position:48% 11%\"><img loading=\"lazy\" decoding=\"async\" width=\"819\" height=\"1024\" src=\"https:\/\/hoyre.no\/content\/uploads\/sites\/13\/2023\/05\/Hoyre23_PalEiden_BERRE9333-1-819x1024.jpg\" alt=\"\" class=\"wp-image-716 size-full\" srcset=\"https:\/\/hoyre.no\/content\/uploads\/sites\/13\/2023\/05\/Hoyre23_PalEiden_BERRE9333-1-819x1024.jpg 819w, https:\/\/hoyre.no\/content\/uploads\/sites\/13\/2023\/05\/Hoyre23_PalEiden_BERRE9333-1-240x300.jpg 240w, https:\/\/hoyre.no\/content\/uploads\/sites\/13\/2023\/05\/Hoyre23_PalEiden_BERRE9333-1-768x960.jpg 768w, https:\/\/hoyre.no\/content\/uploads\/sites\/13\/2023\/05\/Hoyre23_PalEiden_BERRE9333-1-1229x1536.jpg 1229w, https:\/\/hoyre.no\/content\/uploads\/sites\/13\/2023\/05\/Hoyre23_PalEiden_BERRE9333-1-1638x2048.jpg 1638w, https:\/\/hoyre.no\/content\/uploads\/sites\/13\/2023\/05\/Hoyre23_PalEiden_BERRE9333-1-scaled.jpg 2000w\" sizes=\"auto, (max-width: 819px) 100vw, 819px\" \/><\/figure><div class=\"wp-block-media-text__content\">\n<h2 class=\"wp-block-heading\" style=\"text-transform:capitalize\">Fylkesvaraordf\u00f8rer, P\u00e5l S\u00e6ther Eiden <\/h2>\n\n\n\n<p>54 \u00e5r, R\u00f8rvik<\/p>\n\n\n\n<div class=\"wp-block-buttons is-layout-flex wp-block-buttons-is-layout-flex\">\n<div class=\"wp-block-button\"><a class=\"wp-block-button__link wp-element-button\" href=\"https:\/\/hoyre.no\/trondelag\/fylkesordforerkandidaten\/\">Bli kjent med p\u00e5l<\/a><\/div>\n<\/div>\n<\/div><\/div>\n\n\n\n\n<section class=\"wp-block-hoyre-local-politicians alignfull has-background\">\n\t<div class=\"block-inner\">\n\t\t<div class=\"select-wrapper\">\n\t\t\t<select class=\"politician-committee-dropdown filter-dropdown\" name=\"committee_id\">\n\t\t\t\t\t\t\t\t\t<option value=\"arbeidsutvalget\"  selected='selected'>\n\t\t\t\t\t\tArbeidsutvalget\t\t\t\t\t<\/option>\n\t\t\t\t\t\t\t\t\t<option value=\"fylkesting\" >\n\t\t\t\t\t\tFylkesting\t\t\t\t\t<\/option>\n\t\t\t\t\t\t\t\t\t<option value=\"stortingsrepresentanter-sor-trondelag\" >\n\t\t\t\t\t\tStortingsrepresentanter S\u00f8r-Tr\u00f8ndelag \t\t\t\t\t<\/option>\n\t\t\t\t\t\t\t<\/select>\n\t\t<\/div>\n\t\t<div class=\"teft-cards-grid default-size-3\">\n\t\t\t<div class=\"teft-cards-item  is-card-hoyre-person\">\n\n\t<article class=\"teft-card hoyre-person has-internal-link\">\n\t\t<div class=\"teft-card__media circle-crop\"><img decoding=\"async\" loading=\"lazy\" width=\"500\" height=\"500\" src=\"https:\/\/res.cloudinary.com\/hoyre\/image\/upload\/c_thumb,g_face:center,h_500,w_500,d_defaultprofileimg3.jpg,fl_lossy,f_auto\/w_500\/v20230420\/50276476.jpg\" style=\"background-position:50% 50%\" alt=\"Christian Ingebrigtsen\" \/><\/div>\t\t<div class=\"teft-card__primary\">\n\t\t\t\t\t\t\t<a href=\"https:\/\/hoyre.no\/personprofiler\/christian-ingebrigtsen\/\" class=\"primary-link\"><h2>Christian Ingebrigtsen<\/h2><\/a>\n\t\t\t\t\t\t\t\t\t\t<p>Fylkesleder<\/p>\n\t\t\t\t\t\t\t\t<\/div>\n\n\t<\/article>\n\n\t<\/div><div class=\"teft-cards-item  is-card-hoyre-person\">\n\n\t<article class=\"teft-card hoyre-person has-internal-link\">\n\t\t<div class=\"teft-card__media circle-crop\"><img decoding=\"async\" loading=\"lazy\" width=\"500\" height=\"500\" src=\"https:\/\/res.cloudinary.com\/hoyre\/image\/upload\/c_thumb,g_face:center,h_500,w_500,d_defaultprofileimg3.jpg,fl_lossy,f_auto\/w_500\/v20230420\/8262909.jpg\" style=\"background-position:50% 50%\" alt=\"Frode Revhaug\" \/><\/div>\t\t<div class=\"teft-card__primary\">\n\t\t\t\t\t\t\t<a href=\"https:\/\/hoyre.no\/personprofiler\/frode-revhaug\/\" class=\"primary-link\"><h2>Frode Revhaug<\/h2><\/a>\n\t\t\t\t\t\t\t\t\t\t<p>1. nestleder<\/p>\n\t\t\t\t\t\t\t\t<\/div>\n\n\t<\/article>\n\n\t<\/div><div class=\"teft-cards-item  is-card-hoyre-person\">\n\n\t<article class=\"teft-card hoyre-person has-internal-link\">\n\t\t<div class=\"teft-card__media circle-crop\"><img decoding=\"async\" loading=\"lazy\" width=\"500\" height=\"500\" src=\"https:\/\/res.cloudinary.com\/hoyre\/image\/upload\/c_thumb,g_face:center,h_500,w_500,d_defaultprofileimg3.jpg,fl_lossy,f_auto\/w_500\/v20230420\/50451475.jpg\" style=\"background-position:50% 50%\" alt=\"Ingvill Dalseg\" \/><\/div>\t\t<div class=\"teft-card__primary\">\n\t\t\t\t\t\t\t<a href=\"https:\/\/hoyre.no\/personprofiler\/ingvill-dalseg\/\" class=\"primary-link\"><h2>Ingvill Dalseg<\/h2><\/a>\n\t\t\t\t\t\t\t\t\t\t<p>2. nestleder<\/p>\n\t\t\t\t\t\t\t\t<\/div>\n\n\t<\/article>\n\n\t<\/div><div class=\"teft-cards-item  is-card-hoyre-person\">\n\n\t<article class=\"teft-card hoyre-person has-internal-link\">\n\t\t<div class=\"teft-card__media circle-crop\"><img decoding=\"async\" loading=\"lazy\" width=\"500\" height=\"500\" src=\"https:\/\/res.cloudinary.com\/hoyre\/image\/upload\/c_thumb,g_face:center,h_500,w_500,d_defaultprofileimg3.jpg,fl_lossy,f_auto\/w_500\/v20230420\/11976685.jpg\" style=\"background-position:50% 50%\" alt=\"P\u00e5l S\u00e6ther Eiden\" \/><\/div>\t\t<div class=\"teft-card__primary\">\n\t\t\t\t\t\t\t<a href=\"https:\/\/hoyre.no\/personprofiler\/pal-saether-eiden\/\" class=\"primary-link\"><h2>P\u00e5l S\u00e6ther Eiden<\/h2><\/a>\n\t\t\t\t\t\t\t\t\t\t<p>Gruppeleder<\/p>\n\t\t\t\t\t\t\t\t<\/div>\n\n\t<\/article>\n\n\t<\/div><div class=\"teft-cards-item  is-card-hoyre-person\">\n\n\t<article class=\"teft-card hoyre-person has-internal-link\">\n\t\t<div class=\"teft-card__media circle-crop\"><img decoding=\"async\" loading=\"lazy\" width=\"500\" height=\"500\" src=\"https:\/\/res.cloudinary.com\/hoyre\/image\/upload\/c_thumb,g_face:center,h_500,w_500,d_defaultprofileimg3.jpg,fl_lossy,f_auto\/w_500\/v20230420\/12229845.jpg\" style=\"background-position:50% 50%\" alt=\"Henrik Kierulf\" \/><\/div>\t\t<div class=\"teft-card__primary\">\n\t\t\t\t\t\t\t<a href=\"https:\/\/hoyre.no\/personprofiler\/henrik-kierulf\/\" class=\"primary-link\"><h2>Henrik Kierulf<\/h2><\/a>\n\t\t\t\t\t\t\t\t\t\t<p>Gruppeleder<\/p>\n\t\t\t\t\t\t\t\t<\/div>\n\n\t<\/article>\n\n\t<\/div><div class=\"teft-cards-item  is-card-hoyre-person\">\n\n\t<article class=\"teft-card hoyre-person has-internal-link\">\n\t\t<div class=\"teft-card__media circle-crop\"><img decoding=\"async\" loading=\"lazy\" width=\"500\" height=\"500\" src=\"https:\/\/res.cloudinary.com\/hoyre\/image\/upload\/c_thumb,g_face:center,h_500,w_500,d_defaultprofileimg3.jpg,fl_lossy,f_auto\/w_500\/v20230420\/52181120.jpg\" style=\"background-position:50% 50%\" alt=\"Mats Ulseth Ramo\" \/><\/div>\t\t<div class=\"teft-card__primary\">\n\t\t\t\t\t\t\t<a href=\"https:\/\/hoyre.no\/personprofiler\/mats-ulseth-ramo\/\" class=\"primary-link\"><h2>Mats Ulseth Ramo<\/h2><\/a>\n\t\t\t\t\t\t\t\t\t\t<p>Medlem<\/p>\n\t\t\t\t\t\t\t\t<\/div>\n\n\t<\/article>\n\n\t<\/div><div class=\"teft-cards-item  is-card-hoyre-person\">\n\n\t<article class=\"teft-card hoyre-person has-internal-link\">\n\t\t<div class=\"teft-card__media circle-crop\"><img decoding=\"async\" loading=\"lazy\" width=\"500\" height=\"500\" src=\"https:\/\/res.cloudinary.com\/hoyre\/image\/upload\/c_thumb,g_face:center,h_500,w_500,d_defaultprofileimg3.jpg,fl_lossy,f_auto\/w_500\/v20230420\/52174588.jpg\" style=\"background-position:50% 50%\" alt=\"Andrea Nogva\" \/><\/div>\t\t<div class=\"teft-card__primary\">\n\t\t\t\t\t\t\t<a href=\"https:\/\/hoyre.no\/personprofiler\/andrea-nogva\/\" class=\"primary-link\"><h2>Andrea Nogva<\/h2><\/a>\n\t\t\t\t\t\t\t\t\t\t<p>Medlem<\/p>\n\t\t\t\t\t\t\t\t<\/div>\n\n\t<\/article>\n\n\t<\/div><div class=\"teft-cards-item  is-card-hoyre-person\">\n\n\t<article class=\"teft-card hoyre-person has-internal-link\">\n\t\t<div class=\"teft-card__media circle-crop\"><img decoding=\"async\" loading=\"lazy\" width=\"500\" height=\"500\" src=\"https:\/\/res.cloudinary.com\/hoyre\/image\/upload\/c_thumb,g_face:center,h_500,w_500,d_defaultprofileimg3.jpg,fl_lossy,f_auto\/w_500\/v20230420\/50478809.jpg\" style=\"background-position:50% 50%\" alt=\"Christianne Bauck-Larssen\" \/><\/div>\t\t<div class=\"teft-card__primary\">\n\t\t\t\t\t\t\t<a href=\"https:\/\/hoyre.no\/personprofiler\/christianne-bauck-larssen\/\" class=\"primary-link\"><h2>Christianne Bauck-Larssen<\/h2><\/a>\n\t\t\t\t\t\t\t\t\t\t<p>Leder H\u00f8yres Kvinneforum<\/p>\n\t\t\t\t\t\t\t\t<\/div>\n\n\t<\/article>\n\n\t<\/div><div class=\"teft-cards-item  is-card-hoyre-person\">\n\n\t<article class=\"teft-card hoyre-person has-internal-link\">\n\t\t<div class=\"teft-card__media circle-crop\"><img decoding=\"async\" loading=\"lazy\" width=\"500\" height=\"500\" src=\"https:\/\/res.cloudinary.com\/hoyre\/image\/upload\/c_thumb,g_face:center,h_500,w_500,d_defaultprofileimg3.jpg,fl_lossy,f_auto\/w_500\/v20230420\/50052356.jpg\" style=\"background-position:50% 50%\" alt=\"Aimee Leistad\" \/><\/div>\t\t<div class=\"teft-card__primary\">\n\t\t\t\t\t\t\t<a href=\"https:\/\/hoyre.no\/personprofiler\/aimee-leistad\/\" class=\"primary-link\"><h2>Aimee Leistad<\/h2><\/a>\n\t\t\t\t\t\t\t\t\t\t<p>Tilgang Husbes\u00f8kssystem, Kasserer<\/p>\n\t\t\t\t\t\t\t\t<\/div>\n\n\t<\/article>\n\n\t<\/div><div class=\"teft-cards-item  is-card-hoyre-person\">\n\n\t<article class=\"teft-card hoyre-person has-internal-link\">\n\t\t<div class=\"teft-card__media circle-crop\"><img decoding=\"async\" loading=\"lazy\" width=\"500\" height=\"500\" src=\"https:\/\/res.cloudinary.com\/hoyre\/image\/upload\/c_thumb,g_face:center,h_500,w_500,d_defaultprofileimg3.jpg,fl_lossy,f_auto\/w_500\/v20230420\/52110210.jpg\" style=\"background-position:50% 50%\" alt=\"Henrik Aleksander Devik\" \/><\/div>\t\t<div class=\"teft-card__primary\">\n\t\t\t\t\t\t\t<a href=\"https:\/\/hoyre.no\/personprofiler\/henrik-aleksander-devik\/\" class=\"primary-link\"><h2>Henrik Aleksander Devik<\/h2><\/a>\n\t\t\t\t\t\t\t\t\t\t<p>Unge H\u00f8yre-leder<\/p>\n\t\t\t\t\t\t\t\t<\/div>\n\n\t<\/article>\n\n\t<\/div><div class=\"teft-cards-item  is-card-hoyre-person\">\n\n\t<article class=\"teft-card hoyre-person has-internal-link\">\n\t\t<div class=\"teft-card__media circle-crop\"><img decoding=\"async\" loading=\"lazy\" width=\"500\" height=\"500\" src=\"https:\/\/res.cloudinary.com\/hoyre\/image\/upload\/c_thumb,g_face:center,h_500,w_500,d_defaultprofileimg3.jpg,fl_lossy,f_auto\/w_500\/v20230420\/7882467.jpg\" style=\"background-position:50% 50%\" alt=\"Michael Jan Momyr\" \/><\/div>\t\t<div class=\"teft-card__primary\">\n\t\t\t\t\t\t\t<a href=\"https:\/\/hoyre.no\/personprofiler\/michael-jan-momyr\/\" class=\"primary-link\"><h2>Michael Jan Momyr<\/h2><\/a>\n\t\t\t\t\t\t\t\t\t\t<p>Senior H\u00f8yre-leder<\/p>\n\t\t\t\t\t\t\t\t<\/div>\n\n\t<\/article>\n\n\t<\/div>\t\t<\/div>\n\t<\/div>\n<\/section>\n\n\n\n<section class=\"wp-block-hoyre-branch-contact-info aligncenter\">\n\t<div class=\"block-inner\">\n\t\t<h2>Kontakt oss<\/h2>\n\t\t<div class=\"panel\">\n\t\t\t<h3>Tr\u00f8ndelag H\u00f8yre<\/h3>\n\t\t\t<dl class=\"info-misc-with-icons\">\n\t\t\t\t\t\t\t\t\t<dt class=\"email\"><span class=\"screen-reader-text\">E-post<\/span><\/dt>\n\t\t\t\t\t<dd class=\"email\">\n\t\t\t\t\t\t<a href=\"mailto:trondelag@hoyre.no\">trondelag@hoyre.no<\/a>\n\t\t\t\t\t<\/dd>\n\t\t\t\t\t\t\t\t\t\t\t\t\n\t\t\t\t\t\t\t<\/dl>\n\t\t<\/div>\n\t<\/div>\n<\/section>\n\n","protected":false},"excerpt":{"rendered":"","protected":false},"author":36266,"featured_media":0,"parent":0,"menu_order":0,"comment_status":"closed","ping_status":"closed","template":"","meta":{"teft_cards_image_url":"","teft_cards_custom_pretitle":"","teft_cards_image_id":0,"teft_cards_image_focal_point_x":0,"teft_cards_image_focal_point_y":0,"teft_cards_title":"","teft_cards_excerpt":"","teft_show_chapters":false,"footnotes":""},"class_list":["post-4","page","type-page","status-publish","hentry"],"yoast_head":"<!-- This site is optimized with the Yoast SEO plugin v26.6 - https:\/\/yoast.com\/wordpress\/plugins\/seo\/ -->\n<title>V\u00e5re folk - Tr\u00f8ndelag H\u00f8yre<\/title>\n<meta name=\"robots\" content=\"index, follow, max-snippet:-1, max-image-preview:large, max-video-preview:-1\" \/>\n<link rel=\"canonical\" href=\"https:\/\/hoyre.no\/trondelag\/varefolk\/\" \/>\n<meta property=\"og:locale\" content=\"nb_NO\" \/>\n<meta property=\"og:type\" content=\"article\" \/>\n<meta property=\"og:title\" content=\"V\u00e5re folk - Tr\u00f8ndelag H\u00f8yre\" \/>\n<meta property=\"og:url\" content=\"https:\/\/hoyre.no\/trondelag\/varefolk\/\" \/>\n<meta property=\"og:site_name\" content=\"Tr\u00f8ndelag H\u00f8yre\" \/>\n<meta property=\"article:modified_time\" content=\"2024-01-25T12:16:53+00:00\" \/>\n<meta property=\"og:image\" content=\"https:\/\/hoyre.no\/content\/uploads\/sites\/13\/2023\/05\/Hoyre23_PalEiden_BERRE9333-1-819x1024.jpg\" \/>\n<meta name=\"twitter:card\" content=\"summary_large_image\" \/>\n<meta name=\"twitter:label1\" content=\"Ansl. lesetid\" \/>\n\t<meta name=\"twitter:data1\" content=\"1 minutt\" \/>\n<script type=\"application\/ld+json\" class=\"yoast-schema-graph\">{\"@context\":\"https:\/\/schema.org\",\"@graph\":[{\"@type\":\"WebPage\",\"@id\":\"https:\/\/hoyre.no\/trondelag\/varefolk\/\",\"url\":\"https:\/\/hoyre.no\/trondelag\/varefolk\/\",\"name\":\"V\u00e5re folk - Tr\u00f8ndelag H\u00f8yre\",\"isPartOf\":{\"@id\":\"https:\/\/hoyre.no\/trondelag\/#website\"},\"image\":{\"@id\":\"https:\/\/hoyre.no\/trondelag\/varefolk\/#primaryimage\"},\"thumbnailUrl\":\"https:\/\/hoyre.no\/content\/uploads\/sites\/13\/2023\/05\/Hoyre23_PalEiden_BERRE9333-1-819x1024.jpg\",\"datePublished\":\"2020-11-11T22:35:02+00:00\",\"dateModified\":\"2024-01-25T12:16:53+00:00\",\"breadcrumb\":{\"@id\":\"https:\/\/hoyre.no\/trondelag\/varefolk\/#breadcrumb\"},\"inLanguage\":\"nb-NO\",\"potentialAction\":[{\"@type\":\"ReadAction\",\"target\":[\"https:\/\/hoyre.no\/trondelag\/varefolk\/\"]}]},{\"@type\":\"ImageObject\",\"inLanguage\":\"nb-NO\",\"@id\":\"https:\/\/hoyre.no\/trondelag\/varefolk\/#primaryimage\",\"url\":\"https:\/\/hoyre.no\/content\/uploads\/sites\/13\/2023\/05\/Hoyre23_PalEiden_BERRE9333-1-819x1024.jpg\",\"contentUrl\":\"https:\/\/hoyre.no\/content\/uploads\/sites\/13\/2023\/05\/Hoyre23_PalEiden_BERRE9333-1-819x1024.jpg\"},{\"@type\":\"BreadcrumbList\",\"@id\":\"https:\/\/hoyre.no\/trondelag\/varefolk\/#breadcrumb\",\"itemListElement\":[{\"@type\":\"ListItem\",\"position\":1,\"name\":\"Til hoyre.no\",\"item\":\"https:\/\/hoyre.no\"},{\"@type\":\"ListItem\",\"position\":2,\"name\":\"Hjem\",\"item\":\"https:\/\/hoyre.no\/trondelag\/\"},{\"@type\":\"ListItem\",\"position\":3,\"name\":\"V\u00e5re folk\"}]},{\"@type\":\"WebSite\",\"@id\":\"https:\/\/hoyre.no\/trondelag\/#website\",\"url\":\"https:\/\/hoyre.no\/trondelag\/\",\"name\":\"Tr\u00f8ndelag H\u00f8yre\",\"description\":\"Bare enda et H\u00f8yres nettsteder-nettsted\",\"inLanguage\":\"nb-NO\"}]}<\/script>\n<!-- \/ Yoast SEO plugin. -->","yoast_head_json":{"title":"V\u00e5re folk - Tr\u00f8ndelag H\u00f8yre","robots":{"index":"index","follow":"follow","max-snippet":"max-snippet:-1","max-image-preview":"max-image-preview:large","max-video-preview":"max-video-preview:-1"},"canonical":"https:\/\/hoyre.no\/trondelag\/varefolk\/","og_locale":"nb_NO","og_type":"article","og_title":"V\u00e5re folk - Tr\u00f8ndelag H\u00f8yre","og_url":"https:\/\/hoyre.no\/trondelag\/varefolk\/","og_site_name":"Tr\u00f8ndelag H\u00f8yre","article_modified_time":"2024-01-25T12:16:53+00:00","og_image":[{"url":"https:\/\/hoyre.no\/content\/uploads\/sites\/13\/2023\/05\/Hoyre23_PalEiden_BERRE9333-1-819x1024.jpg","type":"","width":"","height":""}],"twitter_card":"summary_large_image","twitter_misc":{"Ansl. lesetid":"1 minutt"},"schema":{"@context":"https:\/\/schema.org","@graph":[{"@type":"WebPage","@id":"https:\/\/hoyre.no\/trondelag\/varefolk\/","url":"https:\/\/hoyre.no\/trondelag\/varefolk\/","name":"V\u00e5re folk - Tr\u00f8ndelag H\u00f8yre","isPartOf":{"@id":"https:\/\/hoyre.no\/trondelag\/#website"},"image":{"@id":"https:\/\/hoyre.no\/trondelag\/varefolk\/#primaryimage"},"thumbnailUrl":"https:\/\/hoyre.no\/content\/uploads\/sites\/13\/2023\/05\/Hoyre23_PalEiden_BERRE9333-1-819x1024.jpg","datePublished":"2020-11-11T22:35:02+00:00","dateModified":"2024-01-25T12:16:53+00:00","breadcrumb":{"@id":"https:\/\/hoyre.no\/trondelag\/varefolk\/#breadcrumb"},"inLanguage":"nb-NO","potentialAction":[{"@type":"ReadAction","target":["https:\/\/hoyre.no\/trondelag\/varefolk\/"]}]},{"@type":"ImageObject","inLanguage":"nb-NO","@id":"https:\/\/hoyre.no\/trondelag\/varefolk\/#primaryimage","url":"https:\/\/hoyre.no\/content\/uploads\/sites\/13\/2023\/05\/Hoyre23_PalEiden_BERRE9333-1-819x1024.jpg","contentUrl":"https:\/\/hoyre.no\/content\/uploads\/sites\/13\/2023\/05\/Hoyre23_PalEiden_BERRE9333-1-819x1024.jpg"},{"@type":"BreadcrumbList","@id":"https:\/\/hoyre.no\/trondelag\/varefolk\/#breadcrumb","itemListElement":[{"@type":"ListItem","position":1,"name":"Til hoyre.no","item":"https:\/\/hoyre.no"},{"@type":"ListItem","position":2,"name":"Hjem","item":"https:\/\/hoyre.no\/trondelag\/"},{"@type":"ListItem","position":3,"name":"V\u00e5re folk"}]},{"@type":"WebSite","@id":"https:\/\/hoyre.no\/trondelag\/#website","url":"https:\/\/hoyre.no\/trondelag\/","name":"Tr\u00f8ndelag H\u00f8yre","description":"Bare enda et H\u00f8yres nettsteder-nettsted","inLanguage":"nb-NO"}]}},"distributor_meta":false,"distributor_terms":false,"distributor_media":false,"distributor_original_site_name":"Tr\u00f8ndelag H\u00f8yre","distributor_original_site_url":"https:\/\/hoyre.no\/trondelag","push-errors":false,"_links":{"self":[{"href":"https:\/\/hoyre.no\/trondelag\/wp-json\/wp\/v2\/pages\/4","targetHints":{"allow":["GET"]}}],"collection":[{"href":"https:\/\/hoyre.no\/trondelag\/wp-json\/wp\/v2\/pages"}],"about":[{"href":"https:\/\/hoyre.no\/trondelag\/wp-json\/wp\/v2\/types\/page"}],"author":[{"embeddable":true,"href":"https:\/\/hoyre.no\/trondelag\/wp-json\/wp\/v2\/users\/36266"}],"replies":[{"embeddable":true,"href":"https:\/\/hoyre.no\/trondelag\/wp-json\/wp\/v2\/comments?post=4"}],"version-history":[{"count":12,"href":"https:\/\/hoyre.no\/trondelag\/wp-json\/wp\/v2\/pages\/4\/revisions"}],"predecessor-version":[{"id":876,"href":"https:\/\/hoyre.no\/trondelag\/wp-json\/wp\/v2\/pages\/4\/revisions\/876"}],"wp:attachment":[{"href":"https:\/\/hoyre.no\/trondelag\/wp-json\/wp\/v2\/media?parent=4"}],"curies":[{"name":"wp","href":"https:\/\/api.w.org\/{rel}","templated":true}]}}