{"id":627,"date":"2023-04-27T17:35:44","date_gmt":"2023-04-27T15:35:44","guid":{"rendered":"https:\/\/hoyre.no\/trondelag\/?page_id=627"},"modified":"2024-01-25T13:17:42","modified_gmt":"2024-01-25T12:17:42","slug":"fylkesordforerkandidaten","status":"publish","type":"page","link":"https:\/\/hoyre.no\/trondelag\/fylkesordforerkandidaten\/","title":{"rendered":"Fylkesordf\u00f8rerkandidaten"},"content":{"rendered":"\n<div class=\"wp-block-hoyre-hero with-image-gradient text-color-light  has-media alignfull has-background\"><div class=\"hoyre-hero has-image\"><h1 class=\"title\"> <br>P\u00e5l S\u00e6ther Eiden<\/h1><p class=\"preamble\">Tr\u00f8ndelag H\u00f8yres Fylkesordf\u00f8rerkandidat <\/p>\t\t\t<div class=\"post-meta wp-block teft-byline-wrapper\">\n\t\t\t\t<div class=\"top\">\n\t\t\t\t\t<div class=\"signature\">\n\t\t\t\t\t\t<div class=\"teft-byline\">\n\t\t\t\t\t\t\t\t\t\t\t\t\t\t<div>\n\t\t\t\t\t\t\t\t<h3>H\u00f8yres redaksjon<\/h3>\t\t\t\t\t\t\t\t\n\t\t\t\t\t\t\t\t\t\t\t\t\t\t\t\t\t<span class=\"date\">Sist oppdatert: 25. januar 2024<\/span>\n\t\t\t\t\t\t\t\t\t\t\t\t\t\t\t\t\t\t\t\t\t\t\t\t\t<span class=\"reading-time\" itemprop=\"timeRequired\" content=\"PT4M\"><em>Ca. 4 minutter lesetid<\/em><\/span>\n\t\t\t\t\t\t\t\t\t\t\t\t\t\t\t<\/div>\n\t\t\t\t\t\t<\/div>\n\t\t\t\t\t<\/div>\n\t\t\t\t\t\t<div class=\"sharing\">\n\t\t<a class=\"share-button share-link copy-link\" data-copy=\"https:\/\/hoyre.no\/trondelag\/fylkesordforerkandidaten\/\" target=\"_blank\"><span class=\"screen-reader-text\">Del link<\/span><\/a>\n\t\t<a class=\"share-button share-twitter\" href=\"http:\/\/twitter.com\/share?text=Fylkesordf\u00f8rerkandidaten&#038;url=https:\/\/hoyre.no\/trondelag\/fylkesordforerkandidaten\/&#038;hashtags=Hoyre\" target=\"_blank\"><span class=\"screen-reader-text\">Del p\u00e5 twitter<\/span><\/a>\n\t\t<a class=\"share-button share-facebook\" href=\"https:\/\/www.facebook.com\/sharer\/sharer.php?u=https:\/\/hoyre.no\/trondelag\/fylkesordforerkandidaten\/\" target=\"_blank\"><span class=\"screen-reader-text\">Del p\u00e5 facebook<\/span><\/a>\n\t<\/div>\n\t\t\t\t\t<\/div>\n\t\t\t<\/div>\n\n\t\t\t<figure class=\"hoyre-image-wrapper\"><div class=\"hoyre-image\"><img loading=\"lazy\" decoding=\"async\" width=\"2550\" height=\"1700\" src=\"https:\/\/hoyre.no\/content\/uploads\/sites\/13\/2020\/11\/pal-sather-eiden-706.jpg\" class=\"attachment-scaled size-scaled\" alt=\"\" style=\"object-position: 56.00000000000001% 33%\" srcset=\"https:\/\/hoyre.no\/content\/uploads\/sites\/13\/2020\/11\/pal-sather-eiden-706.jpg 2550w, https:\/\/hoyre.no\/content\/uploads\/sites\/13\/2020\/11\/pal-sather-eiden-706-300x200.jpg 300w, https:\/\/hoyre.no\/content\/uploads\/sites\/13\/2020\/11\/pal-sather-eiden-706-1024x683.jpg 1024w, https:\/\/hoyre.no\/content\/uploads\/sites\/13\/2020\/11\/pal-sather-eiden-706-768x512.jpg 768w, https:\/\/hoyre.no\/content\/uploads\/sites\/13\/2020\/11\/pal-sather-eiden-706-1536x1024.jpg 1536w, https:\/\/hoyre.no\/content\/uploads\/sites\/13\/2020\/11\/pal-sather-eiden-706-2048x1365.jpg 2048w\" sizes=\"auto, (max-width: 2550px) 100vw, 2550px\" \/><\/div><\/figure><\/div><\/div>\n\n\n\n<div class=\"wp-block-buttons is-layout-flex wp-block-buttons-is-layout-flex\">\n<div class=\"wp-block-button\"><a class=\"wp-block-button__link wp-element-button\" href=\"https:\/\/www.facebook.com\/eidenpaal\">Bli venn med p\u00e5l p\u00e5 facebook<\/a><\/div>\n\n\n\n<div class=\"wp-block-button\"><a class=\"wp-block-button__link wp-element-button\" href=\"https:\/\/hoyre.no\/personprofiler\/pal-saether-eiden\/\">Kontakt P\u00e5l <\/a><\/div>\n\n\n\n<div class=\"wp-block-button\"><a class=\"wp-block-button__link wp-element-button\" href=\"https:\/\/www.facebook.com\/TRHoyre\">F\u00f8lg Tr\u00f8ndelag H\u00f8yre p\u00e5 Facebook<\/a><\/div>\n<\/div>\n\n\n\n\n<div class=\"wp-block-hoyre-banner undefined\"><div class=\"banner-inner\"><figure class=\"hoyre-image-wrapper\"><div class=\"hoyre-image\"><img loading=\"lazy\" decoding=\"async\" width=\"1379\" height=\"775\" src=\"https:\/\/hoyre.no\/content\/uploads\/sites\/13\/2020\/12\/Pal-Saether-Eiden.jpg\" class=\"attachment-scaled size-scaled\" alt=\"\" style=\"object-position: 44% 37%\" srcset=\"https:\/\/hoyre.no\/content\/uploads\/sites\/13\/2020\/12\/Pal-Saether-Eiden.jpg 1379w, https:\/\/hoyre.no\/content\/uploads\/sites\/13\/2020\/12\/Pal-Saether-Eiden-300x169.jpg 300w, https:\/\/hoyre.no\/content\/uploads\/sites\/13\/2020\/12\/Pal-Saether-Eiden-1024x575.jpg 1024w, https:\/\/hoyre.no\/content\/uploads\/sites\/13\/2020\/12\/Pal-Saether-Eiden-768x432.jpg 768w\" sizes=\"auto, (max-width: 1379px) 100vw, 1379px\" \/><\/div><\/figure><div class=\"banner-content\"><div class=\"entry-content\">\n<h2 class=\"wp-block-heading\">Bli kjent med P\u00e5l!<\/h2>\n\n\n\n<p><strong>Alder:<\/strong> 54<\/p>\n\n\n\n<p><strong>Bosted:<\/strong> R\u00f8rvik, N\u00e6r\u00f8ysund <\/p>\n\n\n\n<p><strong>Jobb:<\/strong> Fylkesordf\u00f8rerkandidat og gruppeleder<\/p>\n\n\n\n<p><strong>Hva slags<\/strong> <strong>utdanning har du?:<\/strong> Jeg har en l\u00e6rerutdannelse fra Statens L\u00e6rerh\u00f8gskole i Handels-og kontorfag. Der var jeg ferdig utdannet i 1993 dessverre ble linjen lagt ned i 1994 noe som har gjort at jeg har arbeidet kun 2 \u00e5r som l\u00e6rer. Jeg har ogs\u00e5 utdanning innen pedagogikk, ledelse og barnevern!<\/p>\n\n\n\n<p><strong>Hvilken Arbeidserfaring har du?<\/strong>: Jeg har jobbet med mye forskjellig. I min ungdom ( p\u00e5 landet) fikk jeg erfaring fra g\u00e5rdsdrift, skogbruk og butikkarbeid. Etter at jeg ble ferdig med min utdanning har jeg arbeidet i skole, p\u00e5 kollektiv, som ungdomskonsulent, i bank \/ finans og der jeg har mest erfaring som leder i kommunal helse- og sosialtjeneste.<\/p>\n\n\n\n<p><strong>Hvorfor vil du bil fylkesordf\u00f8rer?:<\/strong> Jeg har lyst til \u00e5 v\u00e6re med \u00e5 gj\u00f8re en forskjell. \u00c5 delta i politikk gj\u00f8r at du f\u00e5r p\u00e5virke saker du mener er viktig. \u00c5 f\u00e5 representere innbyggere fra Tr\u00f8ndelag er for meg en tillitserkl\u00e6ring og noe jeg tar p\u00e5 st\u00f8rste alvor.<\/p>\n\n\n\n<p><strong>Hva spiser du n\u00e5r du skal kose deg skikkelig?: <\/strong>Da tror jeg at jeg m\u00e5 si Fiskesuppe! <\/p>\n\n\n\n<p><strong>Har du en &laquo;funfact&raquo; om deg selv?:<\/strong> Jeg har en ganske betydelig samling av hardrock-plater, det er vel ikke noe alle har. <\/p>\n\n\n\n<div class=\"wp-block-buttons is-layout-flex wp-block-buttons-is-layout-flex\"><\/div>\n<\/div><\/div><\/div><\/div>\n\n\n\n\n<figure class=\"wp-block-teft-gallery columns-2 count-2 rows-2 is-cropped\"><ul class=\"teft-gallery-grid\"><li class=\"teft-gallery-item \"><figure><a href=\"https:\/\/hoyre.no\/content\/uploads\/sites\/13\/2023\/04\/105596654_10163719036735481_9181255009732991162_n-1.jpg\" data-size=\"1440x1080\"><img loading=\"lazy\" decoding=\"async\" width=\"1024\" height=\"768\" src=\"https:\/\/hoyre.no\/content\/uploads\/sites\/13\/2023\/04\/105596654_10163719036735481_9181255009732991162_n-1-1024x768.jpg\" class=\"attachment-large size-large\" alt=\"\" srcset=\"https:\/\/hoyre.no\/content\/uploads\/sites\/13\/2023\/04\/105596654_10163719036735481_9181255009732991162_n-1-1024x768.jpg 1024w, https:\/\/hoyre.no\/content\/uploads\/sites\/13\/2023\/04\/105596654_10163719036735481_9181255009732991162_n-1-300x225.jpg 300w, https:\/\/hoyre.no\/content\/uploads\/sites\/13\/2023\/04\/105596654_10163719036735481_9181255009732991162_n-1-768x576.jpg 768w, https:\/\/hoyre.no\/content\/uploads\/sites\/13\/2023\/04\/105596654_10163719036735481_9181255009732991162_n-1.jpg 1440w\" sizes=\"auto, (max-width: 1024px) 100vw, 1024px\" \/ data-full-url=\"https:\/\/hoyre.no\/content\/uploads\/sites\/13\/2023\/04\/105596654_10163719036735481_9181255009732991162_n-1.jpg\" data-id=\"658\" data-caption=\"658\"\/><\/a><\/figure><\/li><li class=\"teft-gallery-item \"><figure><a href=\"https:\/\/hoyre.no\/content\/uploads\/sites\/13\/2023\/04\/image0000001-2.jpg\" data-size=\"1080x873\"><img loading=\"lazy\" decoding=\"async\" width=\"1024\" height=\"828\" src=\"https:\/\/hoyre.no\/content\/uploads\/sites\/13\/2023\/04\/image0000001-2-1024x828.jpg\" class=\"attachment-large size-large\" alt=\"\" srcset=\"https:\/\/hoyre.no\/content\/uploads\/sites\/13\/2023\/04\/image0000001-2-1024x828.jpg 1024w, https:\/\/hoyre.no\/content\/uploads\/sites\/13\/2023\/04\/image0000001-2-300x243.jpg 300w, https:\/\/hoyre.no\/content\/uploads\/sites\/13\/2023\/04\/image0000001-2-768x621.jpg 768w, https:\/\/hoyre.no\/content\/uploads\/sites\/13\/2023\/04\/image0000001-2.jpg 1080w\" sizes=\"auto, (max-width: 1024px) 100vw, 1024px\" \/ data-full-url=\"https:\/\/hoyre.no\/content\/uploads\/sites\/13\/2023\/04\/image0000001-2.jpg\" data-id=\"659\" data-caption=\"659\"\/><\/a><\/figure><\/li><\/ul><\/figure>\n\n\n\t\t\t<div class=\"wp-block-hoyre-politician has-background\">\n\t\t\t\t<div class=\"block-inner\">\n\t\t\t\t\t\t<a href=\"\" class=\"link\">\n\t\t<div class=\"content\">\n\t\t\t<h3>Hovedgrunnen for at jeg er i H\u00f8yre er partiets syn p\u00e5 hvert enkelt menneske. Det er den enkelte som skal bestemme i sitt liv \u2013 mennesket er viktigere enn systemet.<\/h3>\n\t\t\t\t\t\t\t<div class=\"meta\">\n\t\t\t\t\t<h4>P\u00e5l S\u00e6ther Eiden<\/h4>\n\t\t\t\t\t\t\t\t\t\t\t<span>Fylkesvaraordf\u00f8rer<\/span>\n\t\t\t\t\t\n\t\t\t\t<\/div>\n\t\t\t\t\t<\/div>\n\t\t<div class=\"teft-card__media circle-crop\"><img decoding=\"async\" loading=\"lazy\" width=\"500\" height=\"500\" src=\"https:\/\/res.cloudinary.com\/hoyre\/image\/upload\/c_thumb,g_face:center,h_500,w_500,d_defaultprofileimg3.jpg,fl_lossy,f_auto\/w_500\/v20230420\/11976685.jpg\" style=\"background-position:50% 50%\" alt=\"P\u00e5l S\u00e6ther Eiden\" \/><\/div>\t<\/a>\n\t\t\t\t\t<\/div>\n\t\t\t<\/div>\n\t\t\t\n\n\n<h2 class=\"wp-block-heading\">Hva er P\u00e5l sine hjertesaker?<\/h2>\n\n\n\n<ul class=\"wp-block-list\">\n<li>F\u00f8rst og fremst vil jeg da si en god skole. Jeg er jo egentlig utdannet l\u00e6rer, og har dermed klare tanker og meninger om hvordan skolen b\u00f8r v\u00e6re. Skolen skal f\u00f8rst og fremst v\u00e6re et sted for l\u00e6ring og mestring.&nbsp; For \u00e5 f\u00e5 dette til m\u00e5 en ogs\u00e5 arbeide med det sosiale og trivsel.<\/li>\n\n\n\n<li>Videre vil jeg si helse. Etter flere \u00e5r som Helse- og sosialsjef i Vikna kommune, har jeg sett verdien av et fungerende helsevesen. I et samfunn hvor vi blir flere eldre, er det ogs\u00e5 for meg at vi har en stor jobb \u00e5 gj\u00f8re.<\/li>\n\n\n\n<li>Som en god H\u00f8yre-mann, m\u00e5 jeg ogs\u00e5 nevne n\u00e6ring. Spesielt vil jeg da trekke frem skogbruket. Min far var skogskar, og den n\u00e6ringa er noe jeg har vokst opp med og har en stor forkj\u00e6rlighet for. Jeg liker det langsiktige i skogbruket.&nbsp; Det er noe vi politikere b\u00f8r ha med oss i det vi gj\u00f8r. Viktigheten av at det er gode vilk\u00e5r og muligheter for \u00e5 lykkes i n\u00e6ringslivet, st\u00e5r helt sentralt for meg som politiker.<\/li>\n\n\n\n<li>S\u00e5 vil jeg ogs\u00e5 nevne vei. Etter flere \u00e5r som politiker i fylkeskommunen, har jeg sett hva lav prioritering av veinettet gj\u00f8r med fylket v\u00e5rt. Det sl\u00e5r beina under b\u00e5de privatpersoner og bedrifter! Jeg er derfor av den klare oppfatning at veivedlikeholdet m\u00e5 prioriteres mye h\u00f8yere. &nbsp;<\/li>\n\n\n\n<li>Til slutt vil jeg nevne viktigheten av at samfunnet er omstillingsdyktig for morgendagens utfordringer. Igjen tenke langsiktig! Vi m\u00e5 rigge samfunnet v\u00e5rt p\u00e5 en s\u00e5nn m\u00e5te at det er rustet til \u00e5 m\u00f8te morgendagens utfordringer &#8211; her har vi en vei \u00e5 g\u00e5.  <\/li>\n<\/ul>\n\n\n\n<figure class=\"wp-block-teft-gallery columns-2 count-2 rows-2 is-cropped\"><ul class=\"teft-gallery-grid\"><li class=\"teft-gallery-item \"><figure><a href=\"https:\/\/hoyre.no\/content\/uploads\/sites\/13\/2023\/04\/image0000001-3.jpg\" data-size=\"855x1434\"><img loading=\"lazy\" decoding=\"async\" width=\"611\" height=\"1024\" src=\"https:\/\/hoyre.no\/content\/uploads\/sites\/13\/2023\/04\/image0000001-3-611x1024.jpg\" class=\"attachment-large size-large\" alt=\"\" srcset=\"https:\/\/hoyre.no\/content\/uploads\/sites\/13\/2023\/04\/image0000001-3-611x1024.jpg 611w, https:\/\/hoyre.no\/content\/uploads\/sites\/13\/2023\/04\/image0000001-3-179x300.jpg 179w, https:\/\/hoyre.no\/content\/uploads\/sites\/13\/2023\/04\/image0000001-3-768x1288.jpg 768w, https:\/\/hoyre.no\/content\/uploads\/sites\/13\/2023\/04\/image0000001-3.jpg 855w\" sizes=\"auto, (max-width: 611px) 100vw, 611px\" \/ data-full-url=\"https:\/\/hoyre.no\/content\/uploads\/sites\/13\/2023\/04\/image0000001-3.jpg\" data-id=\"660\" data-caption=\"660\"\/><\/a><\/figure><\/li><li class=\"teft-gallery-item \"><figure><a href=\"https:\/\/hoyre.no\/content\/uploads\/sites\/13\/2023\/05\/Hoyre23_PalEiden_BERRE9333-1-scaled.jpg\" data-size=\"2000x2500\"><img loading=\"lazy\" decoding=\"async\" width=\"819\" height=\"1024\" src=\"https:\/\/hoyre.no\/content\/uploads\/sites\/13\/2023\/05\/Hoyre23_PalEiden_BERRE9333-1-819x1024.jpg\" class=\"attachment-large size-large\" alt=\"\" srcset=\"https:\/\/hoyre.no\/content\/uploads\/sites\/13\/2023\/05\/Hoyre23_PalEiden_BERRE9333-1-819x1024.jpg 819w, https:\/\/hoyre.no\/content\/uploads\/sites\/13\/2023\/05\/Hoyre23_PalEiden_BERRE9333-1-240x300.jpg 240w, https:\/\/hoyre.no\/content\/uploads\/sites\/13\/2023\/05\/Hoyre23_PalEiden_BERRE9333-1-768x960.jpg 768w, https:\/\/hoyre.no\/content\/uploads\/sites\/13\/2023\/05\/Hoyre23_PalEiden_BERRE9333-1-1229x1536.jpg 1229w, https:\/\/hoyre.no\/content\/uploads\/sites\/13\/2023\/05\/Hoyre23_PalEiden_BERRE9333-1-1638x2048.jpg 1638w, https:\/\/hoyre.no\/content\/uploads\/sites\/13\/2023\/05\/Hoyre23_PalEiden_BERRE9333-1-scaled.jpg 2000w\" sizes=\"auto, (max-width: 819px) 100vw, 819px\" \/ data-full-url=\"https:\/\/hoyre.no\/content\/uploads\/sites\/13\/2023\/05\/Hoyre23_PalEiden_BERRE9333-1-scaled.jpg\" data-id=\"716\" data-caption=\"716\"\/><\/a><\/figure><\/li><\/ul><\/figure>\n","protected":false},"excerpt":{"rendered":"<p>Hva er P\u00e5l sine hjertesaker?<\/p>\n","protected":false},"author":36266,"featured_media":0,"parent":0,"menu_order":0,"comment_status":"closed","ping_status":"closed","template":"","meta":{"teft_cards_image_url":"","teft_cards_custom_pretitle":"","teft_cards_image_id":0,"teft_cards_image_focal_point_x":0,"teft_cards_image_focal_point_y":0,"teft_cards_title":"","teft_cards_excerpt":"","teft_show_chapters":false,"footnotes":""},"class_list":["post-627","page","type-page","status-publish","hentry"],"yoast_head":"<!-- This site is optimized with the Yoast SEO plugin v26.6 - https:\/\/yoast.com\/wordpress\/plugins\/seo\/ -->\n<title>Fylkesordf\u00f8rerkandidaten - Tr\u00f8ndelag H\u00f8yre<\/title>\n<meta name=\"robots\" content=\"index, follow, max-snippet:-1, max-image-preview:large, max-video-preview:-1\" \/>\n<link rel=\"canonical\" href=\"https:\/\/hoyre.no\/trondelag\/fylkesordforerkandidaten\/\" \/>\n<meta property=\"og:locale\" content=\"nb_NO\" \/>\n<meta property=\"og:type\" content=\"article\" \/>\n<meta property=\"og:title\" content=\"Fylkesordf\u00f8rerkandidaten - Tr\u00f8ndelag H\u00f8yre\" \/>\n<meta property=\"og:description\" content=\"Hva er P\u00e5l sine hjertesaker?\" \/>\n<meta property=\"og:url\" content=\"https:\/\/hoyre.no\/trondelag\/fylkesordforerkandidaten\/\" \/>\n<meta property=\"og:site_name\" content=\"Tr\u00f8ndelag H\u00f8yre\" \/>\n<meta property=\"article:modified_time\" content=\"2024-01-25T12:17:42+00:00\" \/>\n<meta property=\"og:image\" content=\"https:\/\/hoyre.no\/content\/uploads\/sites\/13\/2022\/11\/Hoyres-logo.png\" \/>\n\t<meta property=\"og:image:width\" content=\"1000\" \/>\n\t<meta property=\"og:image:height\" content=\"1000\" \/>\n\t<meta property=\"og:image:type\" content=\"image\/png\" \/>\n<meta name=\"twitter:card\" content=\"summary_large_image\" \/>\n<meta name=\"twitter:label1\" content=\"Ansl. lesetid\" \/>\n\t<meta name=\"twitter:data1\" content=\"3 minutter\" \/>\n<script type=\"application\/ld+json\" class=\"yoast-schema-graph\">{\"@context\":\"https:\/\/schema.org\",\"@graph\":[{\"@type\":\"WebPage\",\"@id\":\"https:\/\/hoyre.no\/trondelag\/fylkesordforerkandidaten\/\",\"url\":\"https:\/\/hoyre.no\/trondelag\/fylkesordforerkandidaten\/\",\"name\":\"Fylkesordf\u00f8rerkandidaten - Tr\u00f8ndelag H\u00f8yre\",\"isPartOf\":{\"@id\":\"https:\/\/hoyre.no\/trondelag\/#website\"},\"datePublished\":\"2023-04-27T15:35:44+00:00\",\"dateModified\":\"2024-01-25T12:17:42+00:00\",\"breadcrumb\":{\"@id\":\"https:\/\/hoyre.no\/trondelag\/fylkesordforerkandidaten\/#breadcrumb\"},\"inLanguage\":\"nb-NO\",\"potentialAction\":[{\"@type\":\"ReadAction\",\"target\":[\"https:\/\/hoyre.no\/trondelag\/fylkesordforerkandidaten\/\"]}]},{\"@type\":\"BreadcrumbList\",\"@id\":\"https:\/\/hoyre.no\/trondelag\/fylkesordforerkandidaten\/#breadcrumb\",\"itemListElement\":[{\"@type\":\"ListItem\",\"position\":1,\"name\":\"Til hoyre.no\",\"item\":\"https:\/\/hoyre.no\"},{\"@type\":\"ListItem\",\"position\":2,\"name\":\"Hjem\",\"item\":\"https:\/\/hoyre.no\/trondelag\/\"},{\"@type\":\"ListItem\",\"position\":3,\"name\":\"Fylkesordf\u00f8rerkandidaten\"}]},{\"@type\":\"WebSite\",\"@id\":\"https:\/\/hoyre.no\/trondelag\/#website\",\"url\":\"https:\/\/hoyre.no\/trondelag\/\",\"name\":\"Tr\u00f8ndelag H\u00f8yre\",\"description\":\"Bare enda et H\u00f8yres nettsteder-nettsted\",\"inLanguage\":\"nb-NO\"}]}<\/script>\n<!-- \/ Yoast SEO plugin. -->","yoast_head_json":{"title":"Fylkesordf\u00f8rerkandidaten - Tr\u00f8ndelag H\u00f8yre","robots":{"index":"index","follow":"follow","max-snippet":"max-snippet:-1","max-image-preview":"max-image-preview:large","max-video-preview":"max-video-preview:-1"},"canonical":"https:\/\/hoyre.no\/trondelag\/fylkesordforerkandidaten\/","og_locale":"nb_NO","og_type":"article","og_title":"Fylkesordf\u00f8rerkandidaten - Tr\u00f8ndelag H\u00f8yre","og_description":"Hva er P\u00e5l sine hjertesaker?","og_url":"https:\/\/hoyre.no\/trondelag\/fylkesordforerkandidaten\/","og_site_name":"Tr\u00f8ndelag H\u00f8yre","article_modified_time":"2024-01-25T12:17:42+00:00","og_image":[{"width":1000,"height":1000,"url":"https:\/\/hoyre.no\/content\/uploads\/sites\/13\/2022\/11\/Hoyres-logo.png","type":"image\/png"}],"twitter_card":"summary_large_image","twitter_misc":{"Ansl. lesetid":"3 minutter"},"schema":{"@context":"https:\/\/schema.org","@graph":[{"@type":"WebPage","@id":"https:\/\/hoyre.no\/trondelag\/fylkesordforerkandidaten\/","url":"https:\/\/hoyre.no\/trondelag\/fylkesordforerkandidaten\/","name":"Fylkesordf\u00f8rerkandidaten - Tr\u00f8ndelag H\u00f8yre","isPartOf":{"@id":"https:\/\/hoyre.no\/trondelag\/#website"},"datePublished":"2023-04-27T15:35:44+00:00","dateModified":"2024-01-25T12:17:42+00:00","breadcrumb":{"@id":"https:\/\/hoyre.no\/trondelag\/fylkesordforerkandidaten\/#breadcrumb"},"inLanguage":"nb-NO","potentialAction":[{"@type":"ReadAction","target":["https:\/\/hoyre.no\/trondelag\/fylkesordforerkandidaten\/"]}]},{"@type":"BreadcrumbList","@id":"https:\/\/hoyre.no\/trondelag\/fylkesordforerkandidaten\/#breadcrumb","itemListElement":[{"@type":"ListItem","position":1,"name":"Til hoyre.no","item":"https:\/\/hoyre.no"},{"@type":"ListItem","position":2,"name":"Hjem","item":"https:\/\/hoyre.no\/trondelag\/"},{"@type":"ListItem","position":3,"name":"Fylkesordf\u00f8rerkandidaten"}]},{"@type":"WebSite","@id":"https:\/\/hoyre.no\/trondelag\/#website","url":"https:\/\/hoyre.no\/trondelag\/","name":"Tr\u00f8ndelag H\u00f8yre","description":"Bare enda et H\u00f8yres nettsteder-nettsted","inLanguage":"nb-NO"}]}},"distributor_meta":false,"distributor_terms":false,"distributor_media":false,"distributor_original_site_name":"Tr\u00f8ndelag H\u00f8yre","distributor_original_site_url":"https:\/\/hoyre.no\/trondelag","push-errors":false,"_links":{"self":[{"href":"https:\/\/hoyre.no\/trondelag\/wp-json\/wp\/v2\/pages\/627","targetHints":{"allow":["GET"]}}],"collection":[{"href":"https:\/\/hoyre.no\/trondelag\/wp-json\/wp\/v2\/pages"}],"about":[{"href":"https:\/\/hoyre.no\/trondelag\/wp-json\/wp\/v2\/types\/page"}],"author":[{"embeddable":true,"href":"https:\/\/hoyre.no\/trondelag\/wp-json\/wp\/v2\/users\/36266"}],"replies":[{"embeddable":true,"href":"https:\/\/hoyre.no\/trondelag\/wp-json\/wp\/v2\/comments?post=627"}],"version-history":[{"count":14,"href":"https:\/\/hoyre.no\/trondelag\/wp-json\/wp\/v2\/pages\/627\/revisions"}],"predecessor-version":[{"id":877,"href":"https:\/\/hoyre.no\/trondelag\/wp-json\/wp\/v2\/pages\/627\/revisions\/877"}],"wp:attachment":[{"href":"https:\/\/hoyre.no\/trondelag\/wp-json\/wp\/v2\/media?parent=627"}],"curies":[{"name":"wp","href":"https:\/\/api.w.org\/{rel}","templated":true}]}}