{"id":714,"date":"2023-05-19T15:10:57","date_gmt":"2023-05-19T13:10:57","guid":{"rendered":"https:\/\/hoyre.no\/trondelag\/?page_id=714"},"modified":"2023-05-19T15:23:13","modified_gmt":"2023-05-19T13:23:13","slug":"fylkestingsprogram-2023-2027","status":"publish","type":"page","link":"https:\/\/hoyre.no\/trondelag\/fylkestingsprogram-2023-2027\/","title":{"rendered":"Fylkestingsprogram 2023-2027"},"content":{"rendered":"\n<div class=\"wp-block-hoyre-banner undefined  is-style-blue\"><div class=\"banner-inner\"><figure class=\"hoyre-image-wrapper\"><div class=\"hoyre-image\"><img loading=\"lazy\" decoding=\"async\" width=\"2500\" height=\"1667\" src=\"https:\/\/hoyre.no\/content\/uploads\/sites\/13\/2023\/05\/Hoyre23_Ranum_Eiden_BERRE9976-scaled.jpg\" class=\"attachment-scaled size-scaled\" alt=\"\" style=\"object-position: 51% 21%\" srcset=\"https:\/\/hoyre.no\/content\/uploads\/sites\/13\/2023\/05\/Hoyre23_Ranum_Eiden_BERRE9976-scaled.jpg 2500w, https:\/\/hoyre.no\/content\/uploads\/sites\/13\/2023\/05\/Hoyre23_Ranum_Eiden_BERRE9976-300x200.jpg 300w, https:\/\/hoyre.no\/content\/uploads\/sites\/13\/2023\/05\/Hoyre23_Ranum_Eiden_BERRE9976-1024x683.jpg 1024w, https:\/\/hoyre.no\/content\/uploads\/sites\/13\/2023\/05\/Hoyre23_Ranum_Eiden_BERRE9976-768x512.jpg 768w, https:\/\/hoyre.no\/content\/uploads\/sites\/13\/2023\/05\/Hoyre23_Ranum_Eiden_BERRE9976-1536x1024.jpg 1536w, https:\/\/hoyre.no\/content\/uploads\/sites\/13\/2023\/05\/Hoyre23_Ranum_Eiden_BERRE9976-2048x1365.jpg 2048w\" sizes=\"auto, (max-width: 2500px) 100vw, 2500px\" \/><\/div><\/figure><div class=\"banner-content\"><div class=\"entry-content\">\n<h2 class=\"wp-block-heading\">Tr\u00f8ndelag H\u00f8yres fylkestingsprogram<\/h2>\n\n\n\n<p>2023-2027<\/p>\n\n\n\n<div class=\"wp-block-buttons is-content-justification-center is-layout-flex wp-container-core-buttons-is-layout-16018d1d wp-block-buttons-is-layout-flex\"><\/div>\n<\/div><\/div><\/div><\/div>\n\n\n\n<div class=\"wp-block-teft-file icon-link-block\"><a href=\"https:\/\/hoyre.no\/content\/uploads\/sites\/13\/2023\/05\/Program-Trondelag-2023-2027.pdf\" download><span class=\"file-title\">Program-Trondelag-2023-2027<\/span><span class=\"file-name\"><\/span><\/a><\/div>\n\n\n\t\t\t<div class=\"wp-block-hoyre-list alignfull has-background\">\n\t\t\t\t<div class=\"block-inner\">\n\t\t\t\t\t\t<div class=\"post-wrap links-wrapper-outer\">\n\t\t<h2 class=\"title anchor-title\">Valget 2023<\/h2>\t\t<div class=\"links-wrapper\">\n\t\t\t\t\t\t\t<div class=\"column\">\n\t\t\t\t\t\t\t\t\t\t\t<div class=\"single-link\" data-link=\"0\">\n\t\t\t\t\t\t\t<a href=\"https:\/\/hoyre.no\/trondelag\/fylkesordforerkandidaten\/\" class=\"link\">\n\t\t\t\t\t\t<span>\n\t\t\t\tFylkesordf\u00f8rerkandidaten\t\t\t\t<span class=\"link-append\"><\/span>\n\t\t\t<\/span>\n\t\t<\/a>\t\t\t\t\t\t<\/div>\n\t\t\t\t\t\t\t\t\t<\/div>\n\t\t\t\t\t\t\t<div class=\"column\">\n\t\t\t\t\t\t\t\t\t\t\t<div class=\"single-link\" data-link=\"0\">\n\t\t\t\t\t\t\t<a href=\"https:\/\/hoyre.no\/trondelag\/hvorfor-stemme-trondelag-hoyre\/\" class=\"link\">\n\t\t\t\t\t\t<span>\n\t\t\t\tHvorfor stemme Tr\u00f8ndelag H\u00f8yre?\t\t\t\t<span class=\"link-append\"><\/span>\n\t\t\t<\/span>\n\t\t<\/a>\t\t\t\t\t\t<\/div>\n\t\t\t\t\t\t\t\t\t<\/div>\n\t\t\t\t\t<\/div>\n\t<\/div>\n\t\t\t\t\t<\/div>\n\t\t\t<\/div>\n\t\t\t","protected":false},"excerpt":{"rendered":"","protected":false},"author":36266,"featured_media":0,"parent":0,"menu_order":0,"comment_status":"closed","ping_status":"closed","template":"","meta":{"teft_cards_image_url":"","teft_cards_custom_pretitle":"","teft_cards_image_id":0,"teft_cards_image_focal_point_x":0,"teft_cards_image_focal_point_y":0,"teft_cards_title":"","teft_cards_excerpt":"","teft_show_chapters":false,"footnotes":""},"class_list":["post-714","page","type-page","status-publish","hentry"],"yoast_head":"<!-- This site is optimized with the Yoast SEO plugin v26.6 - https:\/\/yoast.com\/wordpress\/plugins\/seo\/ -->\n<title>Fylkestingsprogram 2023-2027 - Tr\u00f8ndelag H\u00f8yre<\/title>\n<meta name=\"robots\" content=\"index, follow, max-snippet:-1, max-image-preview:large, max-video-preview:-1\" \/>\n<link rel=\"canonical\" href=\"https:\/\/hoyre.no\/trondelag\/fylkestingsprogram-2023-2027\/\" \/>\n<meta property=\"og:locale\" content=\"nb_NO\" \/>\n<meta property=\"og:type\" content=\"article\" \/>\n<meta property=\"og:title\" content=\"Fylkestingsprogram 2023-2027 - Tr\u00f8ndelag H\u00f8yre\" \/>\n<meta property=\"og:url\" content=\"https:\/\/hoyre.no\/trondelag\/fylkestingsprogram-2023-2027\/\" \/>\n<meta property=\"og:site_name\" content=\"Tr\u00f8ndelag H\u00f8yre\" \/>\n<meta property=\"article:modified_time\" content=\"2023-05-19T13:23:13+00:00\" \/>\n<meta property=\"og:image\" content=\"https:\/\/hoyre.no\/content\/uploads\/sites\/13\/2022\/11\/Hoyres-logo.png\" \/>\n\t<meta property=\"og:image:width\" content=\"1000\" \/>\n\t<meta property=\"og:image:height\" content=\"1000\" \/>\n\t<meta property=\"og:image:type\" content=\"image\/png\" \/>\n<meta name=\"twitter:card\" content=\"summary_large_image\" \/>\n<meta name=\"twitter:label1\" content=\"Ansl. lesetid\" \/>\n\t<meta name=\"twitter:data1\" content=\"1 minutt\" \/>\n<script type=\"application\/ld+json\" class=\"yoast-schema-graph\">{\"@context\":\"https:\/\/schema.org\",\"@graph\":[{\"@type\":\"WebPage\",\"@id\":\"https:\/\/hoyre.no\/trondelag\/fylkestingsprogram-2023-2027\/\",\"url\":\"https:\/\/hoyre.no\/trondelag\/fylkestingsprogram-2023-2027\/\",\"name\":\"Fylkestingsprogram 2023-2027 - Tr\u00f8ndelag H\u00f8yre\",\"isPartOf\":{\"@id\":\"https:\/\/hoyre.no\/trondelag\/#website\"},\"datePublished\":\"2023-05-19T13:10:57+00:00\",\"dateModified\":\"2023-05-19T13:23:13+00:00\",\"breadcrumb\":{\"@id\":\"https:\/\/hoyre.no\/trondelag\/fylkestingsprogram-2023-2027\/#breadcrumb\"},\"inLanguage\":\"nb-NO\",\"potentialAction\":[{\"@type\":\"ReadAction\",\"target\":[\"https:\/\/hoyre.no\/trondelag\/fylkestingsprogram-2023-2027\/\"]}]},{\"@type\":\"BreadcrumbList\",\"@id\":\"https:\/\/hoyre.no\/trondelag\/fylkestingsprogram-2023-2027\/#breadcrumb\",\"itemListElement\":[{\"@type\":\"ListItem\",\"position\":1,\"name\":\"Til hoyre.no\",\"item\":\"https:\/\/hoyre.no\"},{\"@type\":\"ListItem\",\"position\":2,\"name\":\"Hjem\",\"item\":\"https:\/\/hoyre.no\/trondelag\/\"},{\"@type\":\"ListItem\",\"position\":3,\"name\":\"Fylkestingsprogram 2023-2027\"}]},{\"@type\":\"WebSite\",\"@id\":\"https:\/\/hoyre.no\/trondelag\/#website\",\"url\":\"https:\/\/hoyre.no\/trondelag\/\",\"name\":\"Tr\u00f8ndelag H\u00f8yre\",\"description\":\"Bare enda et H\u00f8yres nettsteder-nettsted\",\"inLanguage\":\"nb-NO\"}]}<\/script>\n<!-- \/ Yoast SEO plugin. -->","yoast_head_json":{"title":"Fylkestingsprogram 2023-2027 - Tr\u00f8ndelag H\u00f8yre","robots":{"index":"index","follow":"follow","max-snippet":"max-snippet:-1","max-image-preview":"max-image-preview:large","max-video-preview":"max-video-preview:-1"},"canonical":"https:\/\/hoyre.no\/trondelag\/fylkestingsprogram-2023-2027\/","og_locale":"nb_NO","og_type":"article","og_title":"Fylkestingsprogram 2023-2027 - Tr\u00f8ndelag H\u00f8yre","og_url":"https:\/\/hoyre.no\/trondelag\/fylkestingsprogram-2023-2027\/","og_site_name":"Tr\u00f8ndelag H\u00f8yre","article_modified_time":"2023-05-19T13:23:13+00:00","og_image":[{"width":1000,"height":1000,"url":"https:\/\/hoyre.no\/content\/uploads\/sites\/13\/2022\/11\/Hoyres-logo.png","type":"image\/png"}],"twitter_card":"summary_large_image","twitter_misc":{"Ansl. lesetid":"1 minutt"},"schema":{"@context":"https:\/\/schema.org","@graph":[{"@type":"WebPage","@id":"https:\/\/hoyre.no\/trondelag\/fylkestingsprogram-2023-2027\/","url":"https:\/\/hoyre.no\/trondelag\/fylkestingsprogram-2023-2027\/","name":"Fylkestingsprogram 2023-2027 - Tr\u00f8ndelag H\u00f8yre","isPartOf":{"@id":"https:\/\/hoyre.no\/trondelag\/#website"},"datePublished":"2023-05-19T13:10:57+00:00","dateModified":"2023-05-19T13:23:13+00:00","breadcrumb":{"@id":"https:\/\/hoyre.no\/trondelag\/fylkestingsprogram-2023-2027\/#breadcrumb"},"inLanguage":"nb-NO","potentialAction":[{"@type":"ReadAction","target":["https:\/\/hoyre.no\/trondelag\/fylkestingsprogram-2023-2027\/"]}]},{"@type":"BreadcrumbList","@id":"https:\/\/hoyre.no\/trondelag\/fylkestingsprogram-2023-2027\/#breadcrumb","itemListElement":[{"@type":"ListItem","position":1,"name":"Til hoyre.no","item":"https:\/\/hoyre.no"},{"@type":"ListItem","position":2,"name":"Hjem","item":"https:\/\/hoyre.no\/trondelag\/"},{"@type":"ListItem","position":3,"name":"Fylkestingsprogram 2023-2027"}]},{"@type":"WebSite","@id":"https:\/\/hoyre.no\/trondelag\/#website","url":"https:\/\/hoyre.no\/trondelag\/","name":"Tr\u00f8ndelag H\u00f8yre","description":"Bare enda et H\u00f8yres nettsteder-nettsted","inLanguage":"nb-NO"}]}},"distributor_meta":false,"distributor_terms":false,"distributor_media":false,"distributor_original_site_name":"Tr\u00f8ndelag H\u00f8yre","distributor_original_site_url":"https:\/\/hoyre.no\/trondelag","push-errors":false,"_links":{"self":[{"href":"https:\/\/hoyre.no\/trondelag\/wp-json\/wp\/v2\/pages\/714","targetHints":{"allow":["GET"]}}],"collection":[{"href":"https:\/\/hoyre.no\/trondelag\/wp-json\/wp\/v2\/pages"}],"about":[{"href":"https:\/\/hoyre.no\/trondelag\/wp-json\/wp\/v2\/types\/page"}],"author":[{"embeddable":true,"href":"https:\/\/hoyre.no\/trondelag\/wp-json\/wp\/v2\/users\/36266"}],"replies":[{"embeddable":true,"href":"https:\/\/hoyre.no\/trondelag\/wp-json\/wp\/v2\/comments?post=714"}],"version-history":[{"count":3,"href":"https:\/\/hoyre.no\/trondelag\/wp-json\/wp\/v2\/pages\/714\/revisions"}],"predecessor-version":[{"id":724,"href":"https:\/\/hoyre.no\/trondelag\/wp-json\/wp\/v2\/pages\/714\/revisions\/724"}],"wp:attachment":[{"href":"https:\/\/hoyre.no\/trondelag\/wp-json\/wp\/v2\/media?parent=714"}],"curies":[{"name":"wp","href":"https:\/\/api.w.org\/{rel}","templated":true}]}}