{"id":728,"date":"2023-06-06T14:28:49","date_gmt":"2023-06-06T12:28:49","guid":{"rendered":"https:\/\/hoyre.no\/trondelag\/?page_id=728"},"modified":"2023-06-06T14:28:49","modified_gmt":"2023-06-06T12:28:49","slug":"skole","status":"publish","type":"page","link":"https:\/\/hoyre.no\/trondelag\/skole\/","title":{"rendered":"Skole"},"content":{"rendered":"\n<div class=\"wp-block-hoyre-hero with-image-gradient text-color-light  has-media alignfull has-background\"><div class=\"hoyre-hero has-image\"><h1 class=\"title\">Skole<\/h1><p class=\"preamble\">Tr\u00f8ndelag H\u00f8yres Hovedsaker<\/p>\t\t\t<div class=\"post-meta wp-block teft-byline-wrapper\">\n\t\t\t\t<div class=\"top\">\n\t\t\t\t\t<div class=\"signature\">\n\t\t\t\t\t\t<div class=\"teft-byline\">\n\t\t\t\t\t\t\t\t\t\t\t\t\t\t<div>\n\t\t\t\t\t\t\t\t<h3>H\u00f8yres redaksjon<\/h3>\t\t\t\t\t\t\t\t\n\t\t\t\t\t\t\t\t\t\t\t\t\t\t\t\t\t<span class=\"date\">Sist oppdatert: 6. juni 2023<\/span>\n\t\t\t\t\t\t\t\t\t\t\t\t\t\t\t\t\t\t\t\t\t\t\t\t\t<span class=\"reading-time\" itemprop=\"timeRequired\" content=\"PT2M\"><em>Ca. 2 minutter lesetid<\/em><\/span>\n\t\t\t\t\t\t\t\t\t\t\t\t\t\t\t<\/div>\n\t\t\t\t\t\t<\/div>\n\t\t\t\t\t<\/div>\n\t\t\t\t\t\t<div class=\"sharing\">\n\t\t<a class=\"share-button share-link copy-link\" data-copy=\"https:\/\/hoyre.no\/trondelag\/skole\/\" target=\"_blank\"><span class=\"screen-reader-text\">Del link<\/span><\/a>\n\t\t<a class=\"share-button share-twitter\" href=\"http:\/\/twitter.com\/share?text=Skole&#038;url=https:\/\/hoyre.no\/trondelag\/skole\/&#038;hashtags=Hoyre\" target=\"_blank\"><span class=\"screen-reader-text\">Del p\u00e5 twitter<\/span><\/a>\n\t\t<a class=\"share-button share-facebook\" href=\"https:\/\/www.facebook.com\/sharer\/sharer.php?u=https:\/\/hoyre.no\/trondelag\/skole\/\" target=\"_blank\"><span class=\"screen-reader-text\">Del p\u00e5 facebook<\/span><\/a>\n\t<\/div>\n\t\t\t\t\t<\/div>\n\t\t\t<\/div>\n\n\t\t\t<figure class=\"hoyre-image-wrapper\"><div class=\"hoyre-image\"><img loading=\"lazy\" decoding=\"async\" width=\"2500\" height=\"1667\" src=\"https:\/\/hoyre.no\/content\/uploads\/sites\/13\/2023\/06\/GettyImages-1252667947-scaled.jpg\" class=\"attachment-scaled size-scaled\" alt=\"\" style=\"object-position: 56.99999999999999% 50%\" srcset=\"https:\/\/hoyre.no\/content\/uploads\/sites\/13\/2023\/06\/GettyImages-1252667947-scaled.jpg 2500w, https:\/\/hoyre.no\/content\/uploads\/sites\/13\/2023\/06\/GettyImages-1252667947-300x200.jpg 300w, https:\/\/hoyre.no\/content\/uploads\/sites\/13\/2023\/06\/GettyImages-1252667947-1024x683.jpg 1024w, https:\/\/hoyre.no\/content\/uploads\/sites\/13\/2023\/06\/GettyImages-1252667947-768x512.jpg 768w, https:\/\/hoyre.no\/content\/uploads\/sites\/13\/2023\/06\/GettyImages-1252667947-1536x1024.jpg 1536w, https:\/\/hoyre.no\/content\/uploads\/sites\/13\/2023\/06\/GettyImages-1252667947-2048x1365.jpg 2048w\" sizes=\"auto, (max-width: 2500px) 100vw, 2500px\" \/><\/div><\/figure><\/div><\/div>\n\n\n\n\n<p><strong>Vi m\u00e5 bruke ressursene riktig. Elevene skal f\u00e5 mer valgfrihet og alle skal fullf\u00f8re<br>videreg\u00e5ende oppl\u00e6ring.<\/strong><\/p>\n\n\n\n<p>Mange elever fullf\u00f8rer ikke videreg\u00e5ende oppl\u00e6ring innen normert tid. Dette er alvorlig for samfunnet, ressurskrevende for skolene, men fremfor alt er det \u00f8deleggende for den enkelte. Manglende fullf\u00f8ring av videreg\u00e5ende skole er en kilde til utenforskap.<\/p>\n\n\n\n<p>Tr\u00f8ndelag benytter i dag det s\u00e5kalte n\u00e6rskoleprinsippet som inntaksmodell til videreg\u00e5ende oppl\u00e6ring. Dette f\u00f8rer til at politikerne bestemmer hvor elevene skal g\u00e5 p\u00e5 skole. Dette mener H\u00f8yre er grunnleggende feil. For \u00e5 \u00f8ke fullf\u00f8ringsgraden, m\u00e5 valgfriheten opp. Elevene beh\u00f8ver \u00e5 bli m\u00f8tt med frihet, men ogs\u00e5 med et tydelig ansvar. Elever opplever ogs\u00e5 at skolen i for liten grad legger til rette for \u00e5 tilpasse skolehverdagen til hver enkelt elev. Dette f\u00f8rer til at mange ikke opplever \u00e5 bli tatt p\u00e5 alvor, og f\u00f8lgelig at mange faller fra.<\/p>\n\n\n\n<p>Frafallet i videreg\u00e5ende er alvorlig av mange \u00e5rsaker. Blant annet er det alvorlig ettersom n\u00e6ringslivet i fremtiden beh\u00f8ver medarbeidere som er riktig h\u00f8yt utdannet og har god kompetanse, for \u00e5 svare p\u00e5 morgendagens behov. Derfor er det spesielt viktig at vi s\u00f8rger for at elevene fullf\u00f8rer videreg\u00e5ende skole, og at vi har relevante fagtilbud, tilpasset lokalt n\u00e6ringsliv, i hele Tr\u00f8ndelag.<\/p>\n\n\n\n<p>H\u00f8yre vil innf\u00f8re fritt skolevalg i Tr\u00f8ndelag. Elever skal selv f\u00e5 bestemme hvor de vil g\u00e5 p\u00e5 skole, og oppleve en skole som tar deres \u00f8nsker p\u00e5 alvor. H\u00f8yre \u00f8nsker ogs\u00e5 \u00e5 legge til rette for at kryssl\u00f8p i st\u00f8rre grad kan gjennomf\u00f8res. Dette vil legge til rette for en skole som setter eleven i sentrum, og dermed en skole hvor flere fullf\u00f8rer.<\/p>\n\n\n\n<p><strong>H\u00f8yre vil:<\/strong><\/p>\n\n\n\n<ul class=\"wp-block-list\"><li>Vi vil tilby skreddersydde opplegg med st\u00f8rre muligheter for praksis for alle som sliter med \u00e5 fullf\u00f8re den videreg\u00e5ende skolen.<\/li><li>S\u00f8ke om en fors\u00f8ksordning med et oppl\u00e6ringsl\u00f8p der elever kan f\u00e5 muligheten til \u00e5 oppn\u00e5 generell studiekompetanse p\u00e5 to \u00e5r.<\/li><li>V\u00e6re positiv til friskoler og styrke samarbeidet mellom disse og fylkeskommunen.- Innf\u00f8re fritt skolevalg<\/li><li>S\u00f8rge for gode muligheter for l\u00e6rerne til \u00e5 ta etter- og videreutdanning.<\/li><li> Satse p\u00e5 god r\u00e5dgivningstjeneste, og jobbe for en felles standard for  karriereveiledning i ungdomsskole og videreg\u00e5ende skole.<\/li><li>S\u00f8rge for at fagtilbudene p\u00e5 de ulike skolene er tilpasset n\u00e6ringslivets behov.<\/li><\/ul>\n\n","protected":false},"excerpt":{"rendered":"","protected":false},"author":36266,"featured_media":0,"parent":0,"menu_order":0,"comment_status":"closed","ping_status":"closed","template":"","meta":{"teft_cards_image_url":"","teft_cards_custom_pretitle":"","teft_cards_image_id":0,"teft_cards_image_focal_point_x":0,"teft_cards_image_focal_point_y":0,"teft_cards_title":"","teft_cards_excerpt":"","teft_show_chapters":false,"footnotes":""},"class_list":["post-728","page","type-page","status-publish","hentry"],"yoast_head":"<!-- This site is optimized with the Yoast SEO plugin v26.6 - https:\/\/yoast.com\/wordpress\/plugins\/seo\/ -->\n<title>Skole - Tr\u00f8ndelag H\u00f8yre<\/title>\n<meta name=\"robots\" content=\"index, follow, max-snippet:-1, max-image-preview:large, max-video-preview:-1\" \/>\n<link rel=\"canonical\" href=\"https:\/\/hoyre.no\/trondelag\/skole\/\" \/>\n<meta property=\"og:locale\" content=\"nb_NO\" \/>\n<meta property=\"og:type\" content=\"article\" \/>\n<meta property=\"og:title\" content=\"Skole - Tr\u00f8ndelag H\u00f8yre\" \/>\n<meta property=\"og:url\" content=\"https:\/\/hoyre.no\/trondelag\/skole\/\" \/>\n<meta property=\"og:site_name\" content=\"Tr\u00f8ndelag H\u00f8yre\" \/>\n<meta property=\"og:image\" content=\"https:\/\/hoyre.no\/content\/uploads\/sites\/13\/2022\/11\/Hoyres-logo.png\" \/>\n\t<meta property=\"og:image:width\" content=\"1000\" \/>\n\t<meta property=\"og:image:height\" content=\"1000\" \/>\n\t<meta property=\"og:image:type\" content=\"image\/png\" \/>\n<meta name=\"twitter:card\" content=\"summary_large_image\" \/>\n<meta name=\"twitter:label1\" content=\"Ansl. lesetid\" \/>\n\t<meta name=\"twitter:data1\" content=\"3 minutter\" \/>\n<script type=\"application\/ld+json\" class=\"yoast-schema-graph\">{\"@context\":\"https:\/\/schema.org\",\"@graph\":[{\"@type\":\"WebPage\",\"@id\":\"https:\/\/hoyre.no\/trondelag\/skole\/\",\"url\":\"https:\/\/hoyre.no\/trondelag\/skole\/\",\"name\":\"Skole - Tr\u00f8ndelag H\u00f8yre\",\"isPartOf\":{\"@id\":\"https:\/\/hoyre.no\/trondelag\/#website\"},\"datePublished\":\"2023-06-06T12:28:49+00:00\",\"breadcrumb\":{\"@id\":\"https:\/\/hoyre.no\/trondelag\/skole\/#breadcrumb\"},\"inLanguage\":\"nb-NO\",\"potentialAction\":[{\"@type\":\"ReadAction\",\"target\":[\"https:\/\/hoyre.no\/trondelag\/skole\/\"]}]},{\"@type\":\"BreadcrumbList\",\"@id\":\"https:\/\/hoyre.no\/trondelag\/skole\/#breadcrumb\",\"itemListElement\":[{\"@type\":\"ListItem\",\"position\":1,\"name\":\"Til hoyre.no\",\"item\":\"https:\/\/hoyre.no\"},{\"@type\":\"ListItem\",\"position\":2,\"name\":\"Hjem\",\"item\":\"https:\/\/hoyre.no\/trondelag\/\"},{\"@type\":\"ListItem\",\"position\":3,\"name\":\"Skole\"}]},{\"@type\":\"WebSite\",\"@id\":\"https:\/\/hoyre.no\/trondelag\/#website\",\"url\":\"https:\/\/hoyre.no\/trondelag\/\",\"name\":\"Tr\u00f8ndelag H\u00f8yre\",\"description\":\"Bare enda et H\u00f8yres nettsteder-nettsted\",\"inLanguage\":\"nb-NO\"}]}<\/script>\n<!-- \/ Yoast SEO plugin. -->","yoast_head_json":{"title":"Skole - Tr\u00f8ndelag H\u00f8yre","robots":{"index":"index","follow":"follow","max-snippet":"max-snippet:-1","max-image-preview":"max-image-preview:large","max-video-preview":"max-video-preview:-1"},"canonical":"https:\/\/hoyre.no\/trondelag\/skole\/","og_locale":"nb_NO","og_type":"article","og_title":"Skole - Tr\u00f8ndelag H\u00f8yre","og_url":"https:\/\/hoyre.no\/trondelag\/skole\/","og_site_name":"Tr\u00f8ndelag H\u00f8yre","og_image":[{"width":1000,"height":1000,"url":"https:\/\/hoyre.no\/content\/uploads\/sites\/13\/2022\/11\/Hoyres-logo.png","type":"image\/png"}],"twitter_card":"summary_large_image","twitter_misc":{"Ansl. lesetid":"3 minutter"},"schema":{"@context":"https:\/\/schema.org","@graph":[{"@type":"WebPage","@id":"https:\/\/hoyre.no\/trondelag\/skole\/","url":"https:\/\/hoyre.no\/trondelag\/skole\/","name":"Skole - Tr\u00f8ndelag H\u00f8yre","isPartOf":{"@id":"https:\/\/hoyre.no\/trondelag\/#website"},"datePublished":"2023-06-06T12:28:49+00:00","breadcrumb":{"@id":"https:\/\/hoyre.no\/trondelag\/skole\/#breadcrumb"},"inLanguage":"nb-NO","potentialAction":[{"@type":"ReadAction","target":["https:\/\/hoyre.no\/trondelag\/skole\/"]}]},{"@type":"BreadcrumbList","@id":"https:\/\/hoyre.no\/trondelag\/skole\/#breadcrumb","itemListElement":[{"@type":"ListItem","position":1,"name":"Til hoyre.no","item":"https:\/\/hoyre.no"},{"@type":"ListItem","position":2,"name":"Hjem","item":"https:\/\/hoyre.no\/trondelag\/"},{"@type":"ListItem","position":3,"name":"Skole"}]},{"@type":"WebSite","@id":"https:\/\/hoyre.no\/trondelag\/#website","url":"https:\/\/hoyre.no\/trondelag\/","name":"Tr\u00f8ndelag H\u00f8yre","description":"Bare enda et H\u00f8yres nettsteder-nettsted","inLanguage":"nb-NO"}]}},"distributor_meta":false,"distributor_terms":false,"distributor_media":false,"distributor_original_site_name":"Tr\u00f8ndelag H\u00f8yre","distributor_original_site_url":"https:\/\/hoyre.no\/trondelag","push-errors":false,"_links":{"self":[{"href":"https:\/\/hoyre.no\/trondelag\/wp-json\/wp\/v2\/pages\/728","targetHints":{"allow":["GET"]}}],"collection":[{"href":"https:\/\/hoyre.no\/trondelag\/wp-json\/wp\/v2\/pages"}],"about":[{"href":"https:\/\/hoyre.no\/trondelag\/wp-json\/wp\/v2\/types\/page"}],"author":[{"embeddable":true,"href":"https:\/\/hoyre.no\/trondelag\/wp-json\/wp\/v2\/users\/36266"}],"replies":[{"embeddable":true,"href":"https:\/\/hoyre.no\/trondelag\/wp-json\/wp\/v2\/comments?post=728"}],"version-history":[{"count":4,"href":"https:\/\/hoyre.no\/trondelag\/wp-json\/wp\/v2\/pages\/728\/revisions"}],"predecessor-version":[{"id":743,"href":"https:\/\/hoyre.no\/trondelag\/wp-json\/wp\/v2\/pages\/728\/revisions\/743"}],"wp:attachment":[{"href":"https:\/\/hoyre.no\/trondelag\/wp-json\/wp\/v2\/media?parent=728"}],"curies":[{"name":"wp","href":"https:\/\/api.w.org\/{rel}","templated":true}]}}