{"id":733,"date":"2023-06-06T14:29:18","date_gmt":"2023-06-06T12:29:18","guid":{"rendered":"https:\/\/hoyre.no\/trondelag\/?page_id=733"},"modified":"2023-08-07T11:40:38","modified_gmt":"2023-08-07T09:40:38","slug":"fylkesvei","status":"publish","type":"page","link":"https:\/\/hoyre.no\/trondelag\/fylkesvei\/","title":{"rendered":"Fylkesvei"},"content":{"rendered":"\n<div class=\"wp-block-hoyre-hero with-image-gradient text-color-light  has-media alignfull has-background\"><div class=\"hoyre-hero has-image\"><h1 class=\"title\">Fylkesvei<\/h1><p class=\"preamble\">Tr\u00f8ndelag H\u00f8yres Hovedsaker<\/p>\t\t\t<div class=\"post-meta wp-block teft-byline-wrapper\">\n\t\t\t\t<div class=\"top\">\n\t\t\t\t\t<div class=\"signature\">\n\t\t\t\t\t\t<div class=\"teft-byline\">\n\t\t\t\t\t\t\t\t\t\t\t\t\t\t<div>\n\t\t\t\t\t\t\t\t<h3>H\u00f8yres redaksjon<\/h3>\t\t\t\t\t\t\t\t\n\t\t\t\t\t\t\t\t\t\t\t\t\t\t\t\t\t<span class=\"date\">Sist oppdatert: 7. august 2023<\/span>\n\t\t\t\t\t\t\t\t\t\t\t\t\t\t\t\t\t\t\t\t\t\t\t\t\t<span class=\"reading-time\" itemprop=\"timeRequired\" content=\"PT2M\"><em>Ca. 2 minutter lesetid<\/em><\/span>\n\t\t\t\t\t\t\t\t\t\t\t\t\t\t\t<\/div>\n\t\t\t\t\t\t<\/div>\n\t\t\t\t\t<\/div>\n\t\t\t\t\t\t<div class=\"sharing\">\n\t\t<a class=\"share-button share-link copy-link\" data-copy=\"https:\/\/hoyre.no\/trondelag\/fylkesvei\/\" target=\"_blank\"><span class=\"screen-reader-text\">Del link<\/span><\/a>\n\t\t<a class=\"share-button share-twitter\" href=\"http:\/\/twitter.com\/share?text=Fylkesvei&#038;url=https:\/\/hoyre.no\/trondelag\/fylkesvei\/&#038;hashtags=Hoyre\" target=\"_blank\"><span class=\"screen-reader-text\">Del p\u00e5 twitter<\/span><\/a>\n\t\t<a class=\"share-button share-facebook\" href=\"https:\/\/www.facebook.com\/sharer\/sharer.php?u=https:\/\/hoyre.no\/trondelag\/fylkesvei\/\" target=\"_blank\"><span class=\"screen-reader-text\">Del p\u00e5 facebook<\/span><\/a>\n\t<\/div>\n\t\t\t\t\t<\/div>\n\t\t\t<\/div>\n\n\t\t\t<figure class=\"hoyre-image-wrapper\"><div class=\"hoyre-image\"><img loading=\"lazy\" decoding=\"async\" width=\"2500\" height=\"1606\" src=\"https:\/\/hoyre.no\/content\/uploads\/sites\/13\/2023\/04\/GettyImages-134440844-3-scaled.jpg\" class=\"attachment-scaled size-scaled\" alt=\"\" style=\"object-position: 50% 50%\" srcset=\"https:\/\/hoyre.no\/content\/uploads\/sites\/13\/2023\/04\/GettyImages-134440844-3-scaled.jpg 2500w, https:\/\/hoyre.no\/content\/uploads\/sites\/13\/2023\/04\/GettyImages-134440844-3-300x193.jpg 300w, https:\/\/hoyre.no\/content\/uploads\/sites\/13\/2023\/04\/GettyImages-134440844-3-1024x658.jpg 1024w, https:\/\/hoyre.no\/content\/uploads\/sites\/13\/2023\/04\/GettyImages-134440844-3-768x493.jpg 768w, https:\/\/hoyre.no\/content\/uploads\/sites\/13\/2023\/04\/GettyImages-134440844-3-1536x987.jpg 1536w, https:\/\/hoyre.no\/content\/uploads\/sites\/13\/2023\/04\/GettyImages-134440844-3-2048x1316.jpg 2048w\" sizes=\"auto, (max-width: 2500px) 100vw, 2500px\" \/><\/div><\/figure><\/div><\/div>\n\n\n\n\n<p><strong>Vi m\u00e5 satse mer p\u00e5 vedlikehold og investeringer p\u00e5 fylkesveinettet. Hele fylket skal oppleve et taktskifte i vedlikeholdsarbeidet gjennom en halv milliard mer til vei gjennom de 4 neste \u00e5rene.<\/strong><\/p>\n\n\n\n<p>Tr\u00f8ndelag har et vedlikeholdsetterslep p\u00e5 fylkesveiene p\u00e5 omtrent 6 milliarder kroner. P\u00e5 tross av dette har det sittende flertallet kuttet kraftig i veibudsjettene.<br>Investeringsbudsjettet l\u00e5 p\u00e5 omtrent 2,6 milliarder i 2018, mens det i 2022 var p\u00e5 1,1<br>milliarder, i all hovedsak bomvei-prosjekter betalt av bilistene.<\/p>\n\n\n\n<p>Gode veier er helt sentralt for \u00e5 sikre god ferdsel for privatpersoner. I tillegg er det sv\u00e6rt viktig for n\u00e6ringsdrivende at de kan ferdes trygt, raskt og forutsigbart p\u00e5 veinettet. Gode veier er kort sagt en forutsetning for gode liv. Spesielt er dette tilfellet i distriktene. For barnefamilien som skal kj\u00f8re datteren p\u00e5 fotballtrening, er en trygg vei en forutsetning. For butikkmedarbeideren som skal sykle p\u00e5 jobb, er trafikksikkerhet p\u00e5 veien en forutsetning. Vi m\u00e5 s\u00f8rge for at veinettet er trygt, effektivt og godt i hele fylket. Dette vil stimulere til n\u00e6ringsvirksomhet og gode liv i hele Tr\u00f8ndelag.<\/p>\n\n\n\n<p>H\u00f8yre vil bruke en halv milliard mer p\u00e5 vei. Vedlikeholdsetterslepet skal ned, og tr\u00f8nderne skal oppleve en fylkeskommune som satser p\u00e5 trygge og gode veier.<\/p>\n\n\n\n<p><strong>H\u00f8yre vil:<\/strong><\/p>\n\n\n\n<ul class=\"wp-block-list\"><li>Bruke en halv milliard mer p\u00e5 veibygging og veivedlikehold<\/li><li>Ha Kongens Gate ferdig oppusset i 2026<\/li><li>F\u00e5 raskere ferdigstillelse og lavere kostnader ved at veiene planlegges og bygges ut sammenhengende.<\/li><li>Vedta en opptrappingsplan for bevilgninger til fylkesveiene slik at vedlikeholdsetterslepet blir fjernet.<\/li><li>Viktige n\u00e6ringsveier m\u00e5 prioriteres.<\/li><li>Samarbeidet mellom partene i Milj\u00f8pakken m\u00e5 bli bedre slik at framdrift og gjennomf\u00f8ring i milj\u00f8pakkens prosjekter skjer raskere. Store og viktige prosjekter som er viktig for trafikkavvikling, bomilj\u00f8 og fremkommelighet m\u00e5 gjennomf\u00f8res. Eksempler p\u00e5 dette er By\u00e5sentunnelen, Brundalsforbindelsen og Kongens gate.<\/li><li>Jobbe for god trafikksikkerhet p\u00e5 veiene i Tr\u00f8ndelag.<\/li><\/ul>\n\n","protected":false},"excerpt":{"rendered":"","protected":false},"author":36266,"featured_media":0,"parent":0,"menu_order":0,"comment_status":"closed","ping_status":"closed","template":"","meta":{"teft_cards_image_url":"","teft_cards_custom_pretitle":"","teft_cards_image_id":0,"teft_cards_image_focal_point_x":0,"teft_cards_image_focal_point_y":0,"teft_cards_title":"","teft_cards_excerpt":"","teft_show_chapters":false,"footnotes":""},"class_list":["post-733","page","type-page","status-publish","hentry"],"yoast_head":"<!-- This site is optimized with the Yoast SEO plugin v26.6 - https:\/\/yoast.com\/wordpress\/plugins\/seo\/ -->\n<title>Fylkesvei - Tr\u00f8ndelag H\u00f8yre<\/title>\n<meta name=\"robots\" content=\"index, follow, max-snippet:-1, max-image-preview:large, max-video-preview:-1\" \/>\n<link rel=\"canonical\" href=\"https:\/\/hoyre.no\/trondelag\/fylkesvei\/\" \/>\n<meta property=\"og:locale\" content=\"nb_NO\" \/>\n<meta property=\"og:type\" content=\"article\" \/>\n<meta property=\"og:title\" content=\"Fylkesvei - Tr\u00f8ndelag H\u00f8yre\" \/>\n<meta property=\"og:url\" content=\"https:\/\/hoyre.no\/trondelag\/fylkesvei\/\" \/>\n<meta property=\"og:site_name\" content=\"Tr\u00f8ndelag H\u00f8yre\" \/>\n<meta property=\"article:modified_time\" content=\"2023-08-07T09:40:38+00:00\" \/>\n<meta property=\"og:image\" content=\"https:\/\/hoyre.no\/content\/uploads\/sites\/13\/2022\/11\/Hoyres-logo.png\" \/>\n\t<meta property=\"og:image:width\" content=\"1000\" \/>\n\t<meta property=\"og:image:height\" content=\"1000\" \/>\n\t<meta property=\"og:image:type\" content=\"image\/png\" \/>\n<meta name=\"twitter:card\" content=\"summary_large_image\" \/>\n<meta name=\"twitter:label1\" content=\"Ansl. lesetid\" \/>\n\t<meta name=\"twitter:data1\" content=\"2 minutter\" \/>\n<script type=\"application\/ld+json\" class=\"yoast-schema-graph\">{\"@context\":\"https:\/\/schema.org\",\"@graph\":[{\"@type\":\"WebPage\",\"@id\":\"https:\/\/hoyre.no\/trondelag\/fylkesvei\/\",\"url\":\"https:\/\/hoyre.no\/trondelag\/fylkesvei\/\",\"name\":\"Fylkesvei - Tr\u00f8ndelag H\u00f8yre\",\"isPartOf\":{\"@id\":\"https:\/\/hoyre.no\/trondelag\/#website\"},\"datePublished\":\"2023-06-06T12:29:18+00:00\",\"dateModified\":\"2023-08-07T09:40:38+00:00\",\"breadcrumb\":{\"@id\":\"https:\/\/hoyre.no\/trondelag\/fylkesvei\/#breadcrumb\"},\"inLanguage\":\"nb-NO\",\"potentialAction\":[{\"@type\":\"ReadAction\",\"target\":[\"https:\/\/hoyre.no\/trondelag\/fylkesvei\/\"]}]},{\"@type\":\"BreadcrumbList\",\"@id\":\"https:\/\/hoyre.no\/trondelag\/fylkesvei\/#breadcrumb\",\"itemListElement\":[{\"@type\":\"ListItem\",\"position\":1,\"name\":\"Til hoyre.no\",\"item\":\"https:\/\/hoyre.no\"},{\"@type\":\"ListItem\",\"position\":2,\"name\":\"Hjem\",\"item\":\"https:\/\/hoyre.no\/trondelag\/\"},{\"@type\":\"ListItem\",\"position\":3,\"name\":\"Fylkesvei\"}]},{\"@type\":\"WebSite\",\"@id\":\"https:\/\/hoyre.no\/trondelag\/#website\",\"url\":\"https:\/\/hoyre.no\/trondelag\/\",\"name\":\"Tr\u00f8ndelag H\u00f8yre\",\"description\":\"Bare enda et H\u00f8yres nettsteder-nettsted\",\"inLanguage\":\"nb-NO\"}]}<\/script>\n<!-- \/ Yoast SEO plugin. -->","yoast_head_json":{"title":"Fylkesvei - Tr\u00f8ndelag H\u00f8yre","robots":{"index":"index","follow":"follow","max-snippet":"max-snippet:-1","max-image-preview":"max-image-preview:large","max-video-preview":"max-video-preview:-1"},"canonical":"https:\/\/hoyre.no\/trondelag\/fylkesvei\/","og_locale":"nb_NO","og_type":"article","og_title":"Fylkesvei - Tr\u00f8ndelag H\u00f8yre","og_url":"https:\/\/hoyre.no\/trondelag\/fylkesvei\/","og_site_name":"Tr\u00f8ndelag H\u00f8yre","article_modified_time":"2023-08-07T09:40:38+00:00","og_image":[{"width":1000,"height":1000,"url":"https:\/\/hoyre.no\/content\/uploads\/sites\/13\/2022\/11\/Hoyres-logo.png","type":"image\/png"}],"twitter_card":"summary_large_image","twitter_misc":{"Ansl. lesetid":"2 minutter"},"schema":{"@context":"https:\/\/schema.org","@graph":[{"@type":"WebPage","@id":"https:\/\/hoyre.no\/trondelag\/fylkesvei\/","url":"https:\/\/hoyre.no\/trondelag\/fylkesvei\/","name":"Fylkesvei - Tr\u00f8ndelag H\u00f8yre","isPartOf":{"@id":"https:\/\/hoyre.no\/trondelag\/#website"},"datePublished":"2023-06-06T12:29:18+00:00","dateModified":"2023-08-07T09:40:38+00:00","breadcrumb":{"@id":"https:\/\/hoyre.no\/trondelag\/fylkesvei\/#breadcrumb"},"inLanguage":"nb-NO","potentialAction":[{"@type":"ReadAction","target":["https:\/\/hoyre.no\/trondelag\/fylkesvei\/"]}]},{"@type":"BreadcrumbList","@id":"https:\/\/hoyre.no\/trondelag\/fylkesvei\/#breadcrumb","itemListElement":[{"@type":"ListItem","position":1,"name":"Til hoyre.no","item":"https:\/\/hoyre.no"},{"@type":"ListItem","position":2,"name":"Hjem","item":"https:\/\/hoyre.no\/trondelag\/"},{"@type":"ListItem","position":3,"name":"Fylkesvei"}]},{"@type":"WebSite","@id":"https:\/\/hoyre.no\/trondelag\/#website","url":"https:\/\/hoyre.no\/trondelag\/","name":"Tr\u00f8ndelag H\u00f8yre","description":"Bare enda et H\u00f8yres nettsteder-nettsted","inLanguage":"nb-NO"}]}},"distributor_meta":false,"distributor_terms":false,"distributor_media":false,"distributor_original_site_name":"Tr\u00f8ndelag H\u00f8yre","distributor_original_site_url":"https:\/\/hoyre.no\/trondelag","push-errors":false,"_links":{"self":[{"href":"https:\/\/hoyre.no\/trondelag\/wp-json\/wp\/v2\/pages\/733","targetHints":{"allow":["GET"]}}],"collection":[{"href":"https:\/\/hoyre.no\/trondelag\/wp-json\/wp\/v2\/pages"}],"about":[{"href":"https:\/\/hoyre.no\/trondelag\/wp-json\/wp\/v2\/types\/page"}],"author":[{"embeddable":true,"href":"https:\/\/hoyre.no\/trondelag\/wp-json\/wp\/v2\/users\/36266"}],"replies":[{"embeddable":true,"href":"https:\/\/hoyre.no\/trondelag\/wp-json\/wp\/v2\/comments?post=733"}],"version-history":[{"count":3,"href":"https:\/\/hoyre.no\/trondelag\/wp-json\/wp\/v2\/pages\/733\/revisions"}],"predecessor-version":[{"id":826,"href":"https:\/\/hoyre.no\/trondelag\/wp-json\/wp\/v2\/pages\/733\/revisions\/826"}],"wp:attachment":[{"href":"https:\/\/hoyre.no\/trondelag\/wp-json\/wp\/v2\/media?parent=733"}],"curies":[{"name":"wp","href":"https:\/\/api.w.org\/{rel}","templated":true}]}}