{"id":735,"date":"2023-06-06T14:25:36","date_gmt":"2023-06-06T12:25:36","guid":{"rendered":"https:\/\/hoyre.no\/trondelag\/?page_id=735"},"modified":"2023-06-06T14:25:37","modified_gmt":"2023-06-06T12:25:37","slug":"kollektivtransport","status":"publish","type":"page","link":"https:\/\/hoyre.no\/trondelag\/kollektivtransport\/","title":{"rendered":"Kollektivtransport"},"content":{"rendered":"\n<div class=\"wp-block-hoyre-hero with-image-gradient text-color-light  has-media alignfull has-background\"><div class=\"hoyre-hero has-image\"><h1 class=\"title\">Kollektivtransport<\/h1><p class=\"preamble\">Tr\u00f8ndelag H\u00f8yres Hovedsaker<\/p>\t\t\t<div class=\"post-meta wp-block teft-byline-wrapper\">\n\t\t\t\t<div class=\"top\">\n\t\t\t\t\t<div class=\"signature\">\n\t\t\t\t\t\t<div class=\"teft-byline\">\n\t\t\t\t\t\t\t\t\t\t\t\t\t\t<div>\n\t\t\t\t\t\t\t\t<h3>H\u00f8yres redaksjon<\/h3>\t\t\t\t\t\t\t\t\n\t\t\t\t\t\t\t\t\t\t\t\t\t\t\t\t\t<span class=\"date\">Sist oppdatert: 6. juni 2023<\/span>\n\t\t\t\t\t\t\t\t\t\t\t\t\t\t\t\t\t\t\t\t\t\t\t\t\t<span class=\"reading-time\" itemprop=\"timeRequired\" content=\"PT1M\"><em>Ca. 1 minutter lesetid<\/em><\/span>\n\t\t\t\t\t\t\t\t\t\t\t\t\t\t\t<\/div>\n\t\t\t\t\t\t<\/div>\n\t\t\t\t\t<\/div>\n\t\t\t\t\t\t<div class=\"sharing\">\n\t\t<a class=\"share-button share-link copy-link\" data-copy=\"https:\/\/hoyre.no\/trondelag\/kollektivtransport\/\" target=\"_blank\"><span class=\"screen-reader-text\">Del link<\/span><\/a>\n\t\t<a class=\"share-button share-twitter\" href=\"http:\/\/twitter.com\/share?text=Kollektivtransport&#038;url=https:\/\/hoyre.no\/trondelag\/kollektivtransport\/&#038;hashtags=Hoyre\" target=\"_blank\"><span class=\"screen-reader-text\">Del p\u00e5 twitter<\/span><\/a>\n\t\t<a class=\"share-button share-facebook\" href=\"https:\/\/www.facebook.com\/sharer\/sharer.php?u=https:\/\/hoyre.no\/trondelag\/kollektivtransport\/\" target=\"_blank\"><span class=\"screen-reader-text\">Del p\u00e5 facebook<\/span><\/a>\n\t<\/div>\n\t\t\t\t\t<\/div>\n\t\t\t<\/div>\n\n\t\t\t<figure class=\"hoyre-image-wrapper\"><div class=\"hoyre-image\"><img loading=\"lazy\" decoding=\"async\" width=\"2500\" height=\"1757\" src=\"https:\/\/hoyre.no\/content\/uploads\/sites\/13\/2023\/06\/GettyImages-648669234-scaled.jpg\" class=\"attachment-scaled size-scaled\" alt=\"\" style=\"object-position: 50% 50%\" srcset=\"https:\/\/hoyre.no\/content\/uploads\/sites\/13\/2023\/06\/GettyImages-648669234-scaled.jpg 2500w, https:\/\/hoyre.no\/content\/uploads\/sites\/13\/2023\/06\/GettyImages-648669234-300x211.jpg 300w, https:\/\/hoyre.no\/content\/uploads\/sites\/13\/2023\/06\/GettyImages-648669234-1024x720.jpg 1024w, https:\/\/hoyre.no\/content\/uploads\/sites\/13\/2023\/06\/GettyImages-648669234-768x540.jpg 768w, https:\/\/hoyre.no\/content\/uploads\/sites\/13\/2023\/06\/GettyImages-648669234-1536x1079.jpg 1536w, https:\/\/hoyre.no\/content\/uploads\/sites\/13\/2023\/06\/GettyImages-648669234-2048x1439.jpg 2048w\" sizes=\"auto, (max-width: 2500px) 100vw, 2500px\" \/><\/div><\/figure><\/div><\/div>\n\n\n\n\n<p><strong>Kollektivtransporten i Tr\u00f8ndelag m\u00e5 bli bedre og billigere. Vi m\u00e5 satse p\u00e5 bestillingstransport for \u00e5 sikre mobilitet i distriktene, samt bedre kapasitet for \u00e5 oppn\u00e5 nullvekstm\u00e5let i Trondheimsregionen.<\/strong><\/p>\n\n\n\n<p>43 kroner for en enkeltbillett i Trondheimsregionen, er for dyrt. Samtidig er det et vel s\u00e5 stort problem at det g\u00e5r for f\u00e5 busser. For \u00e5 redusere biltrafikken, m\u00e5 kollektivtransporten bli bedre, b\u00e5de hva gjelder pris og hva gjelder kapasitet.<\/p>\n\n\n\n<p>God mobilitet er viktig for \u00e5 s\u00f8rge for at alle skal kunne leve gode liv. I et samfunn i<br>klimakrise, beh\u00f8ver vi at flere reiser kollektivt. For at barnefamilier skal kunne velge<br>kollektivtransport, trenger vi h\u00f8yere frekvens p\u00e5 avganger, og billigere pris. I tillegg trenger vi utbygging av tilbudet. Spesielt er dette tilfellet i distriktet. Distrikts-Tr\u00f8ndelag beh\u00f8ver nye l\u00f8sninger innen mobilitet. For eksempel vil bestillingstransport og fleksible l\u00f8sninger v\u00e6re helt sentralt for morgendagens kollektivsystem i distriktene.<\/p>\n\n\n\n<p>H\u00f8yre vil satse p\u00e5 billigere og bedre kollektivtransport i hele Tr\u00f8ndelag. Vi vil innf\u00f8re en sentrumssone for kollektivtransport i Trondheim, samt satse p\u00e5 godt samarbeid mellom ulike etater p\u00e5 kollektivfeltet.<\/p>\n\n\n\n<p><strong>H\u00f8yre vil: <\/strong><\/p>\n\n\n\n\n<ul class=\"wp-block-list\"><li>Prisen p\u00e5 enkeltreiser m\u00e5 bli lavere.<\/li><li>Sikre at bussdepot \u00f8st i Trondheim kommer raskt p\u00e5 plass.<\/li><li>Etablere egne, billigere satser for enkeltbilletter med studentrabatt.<\/li><li>S\u00f8rge for lavere billettpriser for folk som reiser kortere distanser i Trondheim.<\/li><li>Anvende bestillingstransport der dette kan gi et kvalitetsmessig godt og kostnadseffektivt kollektivtilbud.<\/li><li>Arbeide for \u00f8kt kapasitet og flere avganger p\u00e5 Tr\u00f8nderbanen.<\/li><li>Sikre gode rammevilk\u00e5r for mindre flyplasser i regionen.<\/li><li>Arbeide for et godt og milj\u00f8vennlig ferge- og hurtigb\u00e5ttilbud som binder Tr\u00f8ndelag sammen.<\/li><li>S\u00f8rge for god korrespondanse mellom ulike transportmidler.<\/li><\/ul>\n","protected":false},"excerpt":{"rendered":"<p>Prisen p\u00e5 enkeltreiser m\u00e5 bli lavere. Sikre at bussdepot \u00f8st i Trondheim kommer raskt p\u00e5 plass. Etablere egne, billigere satser for enkeltbilletter med studentrabatt. S\u00f8rge for lavere billettpriser for folk som reiser kortere distanser i Trondheim. Anvende bestillingstransport der dette kan gi et kvalitetsmessig godt og kostnadseffektivt kollektivtilbud. Arbeide for \u00f8kt kapasitet og flere avganger [&hellip;]<\/p>\n","protected":false},"author":36266,"featured_media":0,"parent":0,"menu_order":0,"comment_status":"closed","ping_status":"closed","template":"","meta":{"teft_cards_image_url":"","teft_cards_custom_pretitle":"","teft_cards_image_id":0,"teft_cards_image_focal_point_x":0,"teft_cards_image_focal_point_y":0,"teft_cards_title":"","teft_cards_excerpt":"","teft_show_chapters":false,"footnotes":""},"class_list":["post-735","page","type-page","status-publish","hentry"],"yoast_head":"<!-- This site is optimized with the Yoast SEO plugin v26.6 - https:\/\/yoast.com\/wordpress\/plugins\/seo\/ -->\n<title>Kollektivtransport - Tr\u00f8ndelag H\u00f8yre<\/title>\n<meta name=\"robots\" content=\"index, follow, max-snippet:-1, max-image-preview:large, max-video-preview:-1\" \/>\n<link rel=\"canonical\" href=\"https:\/\/hoyre.no\/trondelag\/kollektivtransport\/\" \/>\n<meta property=\"og:locale\" content=\"nb_NO\" \/>\n<meta property=\"og:type\" content=\"article\" \/>\n<meta property=\"og:title\" content=\"Kollektivtransport - Tr\u00f8ndelag H\u00f8yre\" \/>\n<meta property=\"og:description\" content=\"Prisen p\u00e5 enkeltreiser m\u00e5 bli lavere. Sikre at bussdepot \u00f8st i Trondheim kommer raskt p\u00e5 plass. Etablere egne, billigere satser for enkeltbilletter med studentrabatt. S\u00f8rge for lavere billettpriser for folk som reiser kortere distanser i Trondheim. Anvende bestillingstransport der dette kan gi et kvalitetsmessig godt og kostnadseffektivt kollektivtilbud. Arbeide for \u00f8kt kapasitet og flere avganger [&hellip;]\" \/>\n<meta property=\"og:url\" content=\"https:\/\/hoyre.no\/trondelag\/kollektivtransport\/\" \/>\n<meta property=\"og:site_name\" content=\"Tr\u00f8ndelag H\u00f8yre\" \/>\n<meta property=\"article:modified_time\" content=\"2023-06-06T12:25:37+00:00\" \/>\n<meta property=\"og:image\" content=\"https:\/\/hoyre.no\/content\/uploads\/sites\/13\/2022\/11\/Hoyres-logo.png\" \/>\n\t<meta property=\"og:image:width\" content=\"1000\" \/>\n\t<meta property=\"og:image:height\" content=\"1000\" \/>\n\t<meta property=\"og:image:type\" content=\"image\/png\" \/>\n<meta name=\"twitter:card\" content=\"summary_large_image\" \/>\n<meta name=\"twitter:label1\" content=\"Ansl. lesetid\" \/>\n\t<meta name=\"twitter:data1\" content=\"2 minutter\" \/>\n<script type=\"application\/ld+json\" class=\"yoast-schema-graph\">{\"@context\":\"https:\/\/schema.org\",\"@graph\":[{\"@type\":\"WebPage\",\"@id\":\"https:\/\/hoyre.no\/trondelag\/kollektivtransport\/\",\"url\":\"https:\/\/hoyre.no\/trondelag\/kollektivtransport\/\",\"name\":\"Kollektivtransport - Tr\u00f8ndelag H\u00f8yre\",\"isPartOf\":{\"@id\":\"https:\/\/hoyre.no\/trondelag\/#website\"},\"datePublished\":\"2023-06-06T12:25:36+00:00\",\"dateModified\":\"2023-06-06T12:25:37+00:00\",\"breadcrumb\":{\"@id\":\"https:\/\/hoyre.no\/trondelag\/kollektivtransport\/#breadcrumb\"},\"inLanguage\":\"nb-NO\",\"potentialAction\":[{\"@type\":\"ReadAction\",\"target\":[\"https:\/\/hoyre.no\/trondelag\/kollektivtransport\/\"]}]},{\"@type\":\"BreadcrumbList\",\"@id\":\"https:\/\/hoyre.no\/trondelag\/kollektivtransport\/#breadcrumb\",\"itemListElement\":[{\"@type\":\"ListItem\",\"position\":1,\"name\":\"Til hoyre.no\",\"item\":\"https:\/\/hoyre.no\"},{\"@type\":\"ListItem\",\"position\":2,\"name\":\"Hjem\",\"item\":\"https:\/\/hoyre.no\/trondelag\/\"},{\"@type\":\"ListItem\",\"position\":3,\"name\":\"Kollektivtransport\"}]},{\"@type\":\"WebSite\",\"@id\":\"https:\/\/hoyre.no\/trondelag\/#website\",\"url\":\"https:\/\/hoyre.no\/trondelag\/\",\"name\":\"Tr\u00f8ndelag H\u00f8yre\",\"description\":\"Bare enda et H\u00f8yres nettsteder-nettsted\",\"inLanguage\":\"nb-NO\"}]}<\/script>\n<!-- \/ Yoast SEO plugin. -->","yoast_head_json":{"title":"Kollektivtransport - Tr\u00f8ndelag H\u00f8yre","robots":{"index":"index","follow":"follow","max-snippet":"max-snippet:-1","max-image-preview":"max-image-preview:large","max-video-preview":"max-video-preview:-1"},"canonical":"https:\/\/hoyre.no\/trondelag\/kollektivtransport\/","og_locale":"nb_NO","og_type":"article","og_title":"Kollektivtransport - Tr\u00f8ndelag H\u00f8yre","og_description":"Prisen p\u00e5 enkeltreiser m\u00e5 bli lavere. Sikre at bussdepot \u00f8st i Trondheim kommer raskt p\u00e5 plass. Etablere egne, billigere satser for enkeltbilletter med studentrabatt. S\u00f8rge for lavere billettpriser for folk som reiser kortere distanser i Trondheim. Anvende bestillingstransport der dette kan gi et kvalitetsmessig godt og kostnadseffektivt kollektivtilbud. Arbeide for \u00f8kt kapasitet og flere avganger [&hellip;]","og_url":"https:\/\/hoyre.no\/trondelag\/kollektivtransport\/","og_site_name":"Tr\u00f8ndelag H\u00f8yre","article_modified_time":"2023-06-06T12:25:37+00:00","og_image":[{"width":1000,"height":1000,"url":"https:\/\/hoyre.no\/content\/uploads\/sites\/13\/2022\/11\/Hoyres-logo.png","type":"image\/png"}],"twitter_card":"summary_large_image","twitter_misc":{"Ansl. lesetid":"2 minutter"},"schema":{"@context":"https:\/\/schema.org","@graph":[{"@type":"WebPage","@id":"https:\/\/hoyre.no\/trondelag\/kollektivtransport\/","url":"https:\/\/hoyre.no\/trondelag\/kollektivtransport\/","name":"Kollektivtransport - Tr\u00f8ndelag H\u00f8yre","isPartOf":{"@id":"https:\/\/hoyre.no\/trondelag\/#website"},"datePublished":"2023-06-06T12:25:36+00:00","dateModified":"2023-06-06T12:25:37+00:00","breadcrumb":{"@id":"https:\/\/hoyre.no\/trondelag\/kollektivtransport\/#breadcrumb"},"inLanguage":"nb-NO","potentialAction":[{"@type":"ReadAction","target":["https:\/\/hoyre.no\/trondelag\/kollektivtransport\/"]}]},{"@type":"BreadcrumbList","@id":"https:\/\/hoyre.no\/trondelag\/kollektivtransport\/#breadcrumb","itemListElement":[{"@type":"ListItem","position":1,"name":"Til hoyre.no","item":"https:\/\/hoyre.no"},{"@type":"ListItem","position":2,"name":"Hjem","item":"https:\/\/hoyre.no\/trondelag\/"},{"@type":"ListItem","position":3,"name":"Kollektivtransport"}]},{"@type":"WebSite","@id":"https:\/\/hoyre.no\/trondelag\/#website","url":"https:\/\/hoyre.no\/trondelag\/","name":"Tr\u00f8ndelag H\u00f8yre","description":"Bare enda et H\u00f8yres nettsteder-nettsted","inLanguage":"nb-NO"}]}},"distributor_meta":false,"distributor_terms":false,"distributor_media":false,"distributor_original_site_name":"Tr\u00f8ndelag H\u00f8yre","distributor_original_site_url":"https:\/\/hoyre.no\/trondelag","push-errors":false,"_links":{"self":[{"href":"https:\/\/hoyre.no\/trondelag\/wp-json\/wp\/v2\/pages\/735","targetHints":{"allow":["GET"]}}],"collection":[{"href":"https:\/\/hoyre.no\/trondelag\/wp-json\/wp\/v2\/pages"}],"about":[{"href":"https:\/\/hoyre.no\/trondelag\/wp-json\/wp\/v2\/types\/page"}],"author":[{"embeddable":true,"href":"https:\/\/hoyre.no\/trondelag\/wp-json\/wp\/v2\/users\/36266"}],"replies":[{"embeddable":true,"href":"https:\/\/hoyre.no\/trondelag\/wp-json\/wp\/v2\/comments?post=735"}],"version-history":[{"count":3,"href":"https:\/\/hoyre.no\/trondelag\/wp-json\/wp\/v2\/pages\/735\/revisions"}],"predecessor-version":[{"id":748,"href":"https:\/\/hoyre.no\/trondelag\/wp-json\/wp\/v2\/pages\/735\/revisions\/748"}],"wp:attachment":[{"href":"https:\/\/hoyre.no\/trondelag\/wp-json\/wp\/v2\/media?parent=735"}],"curies":[{"name":"wp","href":"https:\/\/api.w.org\/{rel}","templated":true}]}}