{"id":786,"date":"2023-07-07T10:14:26","date_gmt":"2023-07-07T08:14:26","guid":{"rendered":"https:\/\/hoyre.no\/trondelag\/?page_id=786"},"modified":"2023-07-07T10:14:27","modified_gmt":"2023-07-07T08:14:27","slug":"landingsside-henrik-k","status":"publish","type":"page","link":"https:\/\/hoyre.no\/trondelag\/landingsside-henrik-k\/","title":{"rendered":"Landingsside &#8211; Henrik K."},"content":{"rendered":"\n<div class=\"wp-block-hoyre-hero with-image-gradient text-color-light  has-media alignfull has-background\"><div class=\"hoyre-hero has-image\"><h1 class=\"title\">Henrik Kierulf<\/h1><p class=\"preamble\">Tr\u00f8ndelag H\u00f8yres 2. kandidat<\/p>\t\t\t<div class=\"post-meta wp-block teft-byline-wrapper\">\n\t\t\t\t<div class=\"top\">\n\t\t\t\t\t<div class=\"signature\">\n\t\t\t\t\t\t<div class=\"teft-byline\">\n\t\t\t\t\t\t\t\t\t\t\t\t\t\t<div>\n\t\t\t\t\t\t\t\t<h3>H\u00f8yres redaksjon<\/h3>\t\t\t\t\t\t\t\t\n\t\t\t\t\t\t\t\t\t\t\t\t\t\t\t\t\t<span class=\"date\">Sist oppdatert: 7. juli 2023<\/span>\n\t\t\t\t\t\t\t\t\t\t\t\t\t\t\t\t\t\t\t\t\t\t\t\t\t<span class=\"reading-time\" itemprop=\"timeRequired\" content=\"PT3M\"><em>Ca. 3 minutter lesetid<\/em><\/span>\n\t\t\t\t\t\t\t\t\t\t\t\t\t\t\t<\/div>\n\t\t\t\t\t\t<\/div>\n\t\t\t\t\t<\/div>\n\t\t\t\t\t\t<div class=\"sharing\">\n\t\t<a class=\"share-button share-link copy-link\" data-copy=\"https:\/\/hoyre.no\/trondelag\/landingsside-henrik-k\/\" target=\"_blank\"><span class=\"screen-reader-text\">Del link<\/span><\/a>\n\t\t<a class=\"share-button share-twitter\" href=\"http:\/\/twitter.com\/share?text=Landingsside &#8211; Henrik K.&#038;url=https:\/\/hoyre.no\/trondelag\/landingsside-henrik-k\/&#038;hashtags=Hoyre\" target=\"_blank\"><span class=\"screen-reader-text\">Del p\u00e5 twitter<\/span><\/a>\n\t\t<a class=\"share-button share-facebook\" href=\"https:\/\/www.facebook.com\/sharer\/sharer.php?u=https:\/\/hoyre.no\/trondelag\/landingsside-henrik-k\/\" target=\"_blank\"><span class=\"screen-reader-text\">Del p\u00e5 facebook<\/span><\/a>\n\t<\/div>\n\t\t\t\t\t<\/div>\n\t\t\t<\/div>\n\n\t\t\t<figure class=\"hoyre-image-wrapper\"><div class=\"hoyre-image\"><img loading=\"lazy\" decoding=\"async\" width=\"1620\" height=\"1080\" src=\"https:\/\/hoyre.no\/content\/uploads\/sites\/13\/2023\/07\/2D0A1432.jpg\" class=\"attachment-scaled size-scaled\" alt=\"\" style=\"object-position: 54% 17%\" srcset=\"https:\/\/hoyre.no\/content\/uploads\/sites\/13\/2023\/07\/2D0A1432.jpg 1620w, https:\/\/hoyre.no\/content\/uploads\/sites\/13\/2023\/07\/2D0A1432-300x200.jpg 300w, https:\/\/hoyre.no\/content\/uploads\/sites\/13\/2023\/07\/2D0A1432-1024x683.jpg 1024w, https:\/\/hoyre.no\/content\/uploads\/sites\/13\/2023\/07\/2D0A1432-768x512.jpg 768w, https:\/\/hoyre.no\/content\/uploads\/sites\/13\/2023\/07\/2D0A1432-1536x1024.jpg 1536w\" sizes=\"auto, (max-width: 1620px) 100vw, 1620px\" \/><\/div><\/figure><\/div><\/div>\n\n\n\n\n<div class=\"wp-block-buttons is-layout-flex wp-block-buttons-is-layout-flex\">\n<div class=\"wp-block-button\"><a class=\"wp-block-button__link\">Bli venn med henrik p\u00e5 facebook <\/a><\/div>\n\n\n\n<div class=\"wp-block-button\"><a class=\"wp-block-button__link\">kontakt henrik<\/a><\/div>\n\n\n\n<div class=\"wp-block-button\"><a class=\"wp-block-button__link\">F\u00f8lg Tr\u00f8ndelag H\u00f8yre p\u00e5 Facebook <\/a><\/div>\n<\/div>\n\n\n\n\n<div class=\"wp-block-hoyre-banner undefined\"><div class=\"banner-inner\"><figure class=\"hoyre-image-wrapper\"><div class=\"hoyre-image\"><img loading=\"lazy\" decoding=\"async\" width=\"2000\" height=\"2500\" src=\"https:\/\/hoyre.no\/content\/uploads\/sites\/13\/2023\/05\/Hoyre23_HenrikKierulf_BERRE0098-scaled.jpg\" class=\"attachment-scaled size-scaled\" alt=\"\" style=\"object-position: 54% 15%\" srcset=\"https:\/\/hoyre.no\/content\/uploads\/sites\/13\/2023\/05\/Hoyre23_HenrikKierulf_BERRE0098-scaled.jpg 2000w, https:\/\/hoyre.no\/content\/uploads\/sites\/13\/2023\/05\/Hoyre23_HenrikKierulf_BERRE0098-240x300.jpg 240w, https:\/\/hoyre.no\/content\/uploads\/sites\/13\/2023\/05\/Hoyre23_HenrikKierulf_BERRE0098-819x1024.jpg 819w, https:\/\/hoyre.no\/content\/uploads\/sites\/13\/2023\/05\/Hoyre23_HenrikKierulf_BERRE0098-768x960.jpg 768w, https:\/\/hoyre.no\/content\/uploads\/sites\/13\/2023\/05\/Hoyre23_HenrikKierulf_BERRE0098-1229x1536.jpg 1229w, https:\/\/hoyre.no\/content\/uploads\/sites\/13\/2023\/05\/Hoyre23_HenrikKierulf_BERRE0098-1638x2048.jpg 1638w\" sizes=\"auto, (max-width: 2000px) 100vw, 2000px\" \/><\/div><\/figure><div class=\"banner-content\"><div class=\"entry-content\">\n<h2 class=\"wp-block-heading\">Bli kjent med Henrik! <\/h2>\n\n\n\n<p>Alder: 42<\/p>\n\n\n\n<p>Bosted: Trondheim <\/p>\n\n\n\n<p><strong>Hvorfor begynte du \u00e5 engasjere deg?:<\/strong> Jeg har alltid ment at det \u00e5 engasjere seg og bry seg utover det som ang\u00e5r en selv er viktig. Enten det dreier seg om idrett, kultur eller politikk som det ble for min del. S\u00e6rlig heier jeg p\u00e5 alle unge som melder seg inn et politisk parti og st\u00e5r for noe og st\u00e5r opp for noen. Selv har jeg v\u00e6rt folkevalgt i flere perioder, f\u00f8rst i S\u00f8r-Tr\u00f8ndelag fylkesting og de siste fire \u00e5rene i et samlet stort og flott Tr\u00f8ndelag fylkesting.<\/p>\n\n\n\n<p><strong>Hvilken arbeidserfaring har du?:<\/strong> F\u00f8r jeg ble politiker jobbet jeg i et transport- og logistikkselskap. Erfaringene fra et relativt lite selskap var avgj\u00f8rende for \u00e5 forst\u00e5 viktigheten av hvor viktig rammebetingelser og forutsigbarhet er for arbeidsplassene til folk. De fleste bedriftene i landet v\u00e5rt er sm\u00e5 og mellomstore og det er disse som finansierer v\u00e5r velferd trygget og skaper arbeid til folk. Vi m\u00e5 heie p\u00e5 de mange bedriftene rundt omkring som skaper verdier og arbeid og klappe frem alle de som \u00f8nsker \u00e5 skape nye arbeidsplsser gjennom kreativitet og mot.<\/p>\n\n\n\n<p><strong>Hva har du drevet med som politiker?<\/strong>: Jeg har hatt mange ulike politiske roller og ansvarsomr\u00e5der. I dag er jeg s\u00e5 heldig \u00e5 f\u00e5 v\u00e6re nestleder i Hovedutvalg for veg. her brenner jeg for at veiene m\u00e5 settes i stand slik at de skaper trygget, effektivitet og forutsigbarhet for alle, samtidig som de binder Tr\u00f8ndelag sammen. Noen vil kansje si at man er uheldig i og med at standarden p\u00e5 mange fylkesveier er s\u00e5 d\u00e5rlig og etterslepet er enormt. Men etter \u00e5 ha reiste masse rundt omkring i fylket og m\u00f8tt mennesker som b\u00e5de i privatlivet og gjennom sitt arbeid er helt avhengig av veier fremst\u00e5r det helt \u00e5penbart at det er dette politikkomr\u00e5det som f\u00e5 h\u00f8yeste prioritet de neste \u00e5rene.\u00a0<\/p>\n\n\n\n<div class=\"wp-block-buttons is-content-justification-center is-layout-flex wp-container-core-buttons-is-layout-16018d1d wp-block-buttons-is-layout-flex\">\n<div class=\"wp-block-button\"><a class=\"wp-block-button__link\">Hvorfor stemme p\u00e5 Tr\u00f8ndelag H\u00f8yre<\/a><\/div>\n<\/div>\n<\/div><\/div><\/div><\/div>\n\n\n\n<blockquote class=\"wp-block-quote is-layout-flow wp-block-quote-is-layout-flow\"><p>Mitt engasjement handler i grunnen om \u00f8nsket om \u00e5 gj\u00f8re hverdagen for folk i Tr\u00f8ndelag litt bedre. Det er gjennom m\u00f8ter med folk hvor man lytter, l\u00e6rer og tar folk alvor at det kommer gode l\u00f8sninger p\u00e5 problemer og skapes nye muligheter.<\/p><cite>Henrik Kierulf, Tr\u00f8ndelag H\u00f8yres 2. kandidat <\/cite><\/blockquote>\n\n\n\n<figure class=\"wp-block-teft-gallery columns-3 count-3 rows-2 is-cropped\"><ul class=\"teft-gallery-grid\"><li class=\"teft-gallery-item \"><figure><a href=\"https:\/\/hoyre.no\/content\/uploads\/sites\/13\/2023\/07\/IMG_7039-scaled.jpg\" data-size=\"1875x2500\"><img loading=\"lazy\" decoding=\"async\" width=\"768\" height=\"1024\" src=\"https:\/\/hoyre.no\/content\/uploads\/sites\/13\/2023\/07\/IMG_7039-768x1024.jpg\" class=\"attachment-large size-large\" alt=\"\" srcset=\"https:\/\/hoyre.no\/content\/uploads\/sites\/13\/2023\/07\/IMG_7039-768x1024.jpg 768w, https:\/\/hoyre.no\/content\/uploads\/sites\/13\/2023\/07\/IMG_7039-225x300.jpg 225w, https:\/\/hoyre.no\/content\/uploads\/sites\/13\/2023\/07\/IMG_7039-1152x1536.jpg 1152w, https:\/\/hoyre.no\/content\/uploads\/sites\/13\/2023\/07\/IMG_7039-1536x2048.jpg 1536w, https:\/\/hoyre.no\/content\/uploads\/sites\/13\/2023\/07\/IMG_7039-scaled.jpg 1875w\" sizes=\"auto, (max-width: 768px) 100vw, 768px\" \/ data-full-url=\"https:\/\/hoyre.no\/content\/uploads\/sites\/13\/2023\/07\/IMG_7039-scaled.jpg\" data-id=\"795\" data-caption=\"795\"\/><\/a><\/figure><\/li><li class=\"teft-gallery-item \"><figure><a href=\"https:\/\/hoyre.no\/content\/uploads\/sites\/13\/2023\/07\/2D0A1432.jpg\" data-size=\"1620x1080\"><img loading=\"lazy\" decoding=\"async\" width=\"1024\" height=\"683\" src=\"https:\/\/hoyre.no\/content\/uploads\/sites\/13\/2023\/07\/2D0A1432-1024x683.jpg\" class=\"attachment-large size-large\" alt=\"\" srcset=\"https:\/\/hoyre.no\/content\/uploads\/sites\/13\/2023\/07\/2D0A1432-1024x683.jpg 1024w, https:\/\/hoyre.no\/content\/uploads\/sites\/13\/2023\/07\/2D0A1432-300x200.jpg 300w, https:\/\/hoyre.no\/content\/uploads\/sites\/13\/2023\/07\/2D0A1432-768x512.jpg 768w, https:\/\/hoyre.no\/content\/uploads\/sites\/13\/2023\/07\/2D0A1432-1536x1024.jpg 1536w, https:\/\/hoyre.no\/content\/uploads\/sites\/13\/2023\/07\/2D0A1432.jpg 1620w\" sizes=\"auto, (max-width: 1024px) 100vw, 1024px\" \/ data-full-url=\"https:\/\/hoyre.no\/content\/uploads\/sites\/13\/2023\/07\/2D0A1432.jpg\" data-id=\"775\" data-caption=\"775\"\/><\/a><\/figure><\/li><li class=\"teft-gallery-item \"><figure><a href=\"https:\/\/hoyre.no\/content\/uploads\/sites\/13\/2023\/07\/unnamed-scaled.jpg\" data-size=\"1875x2500\"><img loading=\"lazy\" decoding=\"async\" width=\"768\" height=\"1024\" src=\"https:\/\/hoyre.no\/content\/uploads\/sites\/13\/2023\/07\/unnamed-768x1024.jpg\" class=\"attachment-large size-large\" alt=\"\" srcset=\"https:\/\/hoyre.no\/content\/uploads\/sites\/13\/2023\/07\/unnamed-768x1024.jpg 768w, https:\/\/hoyre.no\/content\/uploads\/sites\/13\/2023\/07\/unnamed-225x300.jpg 225w, https:\/\/hoyre.no\/content\/uploads\/sites\/13\/2023\/07\/unnamed-1152x1536.jpg 1152w, https:\/\/hoyre.no\/content\/uploads\/sites\/13\/2023\/07\/unnamed-1536x2048.jpg 1536w, https:\/\/hoyre.no\/content\/uploads\/sites\/13\/2023\/07\/unnamed-scaled.jpg 1875w\" sizes=\"auto, (max-width: 768px) 100vw, 768px\" \/ data-full-url=\"https:\/\/hoyre.no\/content\/uploads\/sites\/13\/2023\/07\/unnamed-scaled.jpg\" data-id=\"796\" data-caption=\"796\"\/><\/a><\/figure><\/li><\/ul><\/figure>\n","protected":false},"excerpt":{"rendered":"<p>Mitt engasjement handler i grunnen om \u00f8nsket om \u00e5 gj\u00f8re hverdagen for folk i Tr\u00f8ndelag litt bedre. Det er gjennom m\u00f8ter med folk hvor man lytter, l\u00e6rer og tar folk alvor at det kommer gode l\u00f8sninger p\u00e5 problemer og skapes nye muligheter. Henrik Kierulf, Tr\u00f8ndelag H\u00f8yres 2. kandidat<\/p>\n","protected":false},"author":36266,"featured_media":0,"parent":0,"menu_order":0,"comment_status":"closed","ping_status":"closed","template":"","meta":{"teft_cards_image_url":"","teft_cards_custom_pretitle":"","teft_cards_image_id":0,"teft_cards_image_focal_point_x":0,"teft_cards_image_focal_point_y":0,"teft_cards_title":"","teft_cards_excerpt":"","teft_show_chapters":false,"footnotes":""},"class_list":["post-786","page","type-page","status-publish","hentry"],"yoast_head":"<!-- This site is optimized with the Yoast SEO plugin v26.6 - https:\/\/yoast.com\/wordpress\/plugins\/seo\/ -->\n<title>Landingsside - Henrik K. - Tr\u00f8ndelag H\u00f8yre<\/title>\n<meta name=\"robots\" content=\"index, follow, max-snippet:-1, max-image-preview:large, max-video-preview:-1\" \/>\n<link rel=\"canonical\" href=\"https:\/\/hoyre.no\/trondelag\/landingsside-henrik-k\/\" \/>\n<meta property=\"og:locale\" content=\"nb_NO\" \/>\n<meta property=\"og:type\" content=\"article\" \/>\n<meta property=\"og:title\" content=\"Landingsside - Henrik K. - Tr\u00f8ndelag H\u00f8yre\" \/>\n<meta property=\"og:description\" content=\"Mitt engasjement handler i grunnen om \u00f8nsket om \u00e5 gj\u00f8re hverdagen for folk i Tr\u00f8ndelag litt bedre. Det er gjennom m\u00f8ter med folk hvor man lytter, l\u00e6rer og tar folk alvor at det kommer gode l\u00f8sninger p\u00e5 problemer og skapes nye muligheter. Henrik Kierulf, Tr\u00f8ndelag H\u00f8yres 2. kandidat\" \/>\n<meta property=\"og:url\" content=\"https:\/\/hoyre.no\/trondelag\/landingsside-henrik-k\/\" \/>\n<meta property=\"og:site_name\" content=\"Tr\u00f8ndelag H\u00f8yre\" \/>\n<meta property=\"article:modified_time\" content=\"2023-07-07T08:14:27+00:00\" \/>\n<meta property=\"og:image\" content=\"https:\/\/hoyre.no\/content\/uploads\/sites\/13\/2022\/11\/Hoyres-logo.png\" \/>\n\t<meta property=\"og:image:width\" content=\"1000\" \/>\n\t<meta property=\"og:image:height\" content=\"1000\" \/>\n\t<meta property=\"og:image:type\" content=\"image\/png\" \/>\n<meta name=\"twitter:card\" content=\"summary_large_image\" \/>\n<meta name=\"twitter:label1\" content=\"Ansl. lesetid\" \/>\n\t<meta name=\"twitter:data1\" content=\"3 minutter\" \/>\n<script type=\"application\/ld+json\" class=\"yoast-schema-graph\">{\"@context\":\"https:\/\/schema.org\",\"@graph\":[{\"@type\":\"WebPage\",\"@id\":\"https:\/\/hoyre.no\/trondelag\/landingsside-henrik-k\/\",\"url\":\"https:\/\/hoyre.no\/trondelag\/landingsside-henrik-k\/\",\"name\":\"Landingsside - Henrik K. - Tr\u00f8ndelag H\u00f8yre\",\"isPartOf\":{\"@id\":\"https:\/\/hoyre.no\/trondelag\/#website\"},\"datePublished\":\"2023-07-07T08:14:26+00:00\",\"dateModified\":\"2023-07-07T08:14:27+00:00\",\"breadcrumb\":{\"@id\":\"https:\/\/hoyre.no\/trondelag\/landingsside-henrik-k\/#breadcrumb\"},\"inLanguage\":\"nb-NO\",\"potentialAction\":[{\"@type\":\"ReadAction\",\"target\":[\"https:\/\/hoyre.no\/trondelag\/landingsside-henrik-k\/\"]}]},{\"@type\":\"BreadcrumbList\",\"@id\":\"https:\/\/hoyre.no\/trondelag\/landingsside-henrik-k\/#breadcrumb\",\"itemListElement\":[{\"@type\":\"ListItem\",\"position\":1,\"name\":\"Til hoyre.no\",\"item\":\"https:\/\/hoyre.no\"},{\"@type\":\"ListItem\",\"position\":2,\"name\":\"Hjem\",\"item\":\"https:\/\/hoyre.no\/trondelag\/\"},{\"@type\":\"ListItem\",\"position\":3,\"name\":\"Landingsside &#8211; Henrik K.\"}]},{\"@type\":\"WebSite\",\"@id\":\"https:\/\/hoyre.no\/trondelag\/#website\",\"url\":\"https:\/\/hoyre.no\/trondelag\/\",\"name\":\"Tr\u00f8ndelag H\u00f8yre\",\"description\":\"Bare enda et H\u00f8yres nettsteder-nettsted\",\"inLanguage\":\"nb-NO\"}]}<\/script>\n<!-- \/ Yoast SEO plugin. -->","yoast_head_json":{"title":"Landingsside - Henrik K. - Tr\u00f8ndelag H\u00f8yre","robots":{"index":"index","follow":"follow","max-snippet":"max-snippet:-1","max-image-preview":"max-image-preview:large","max-video-preview":"max-video-preview:-1"},"canonical":"https:\/\/hoyre.no\/trondelag\/landingsside-henrik-k\/","og_locale":"nb_NO","og_type":"article","og_title":"Landingsside - Henrik K. - Tr\u00f8ndelag H\u00f8yre","og_description":"Mitt engasjement handler i grunnen om \u00f8nsket om \u00e5 gj\u00f8re hverdagen for folk i Tr\u00f8ndelag litt bedre. Det er gjennom m\u00f8ter med folk hvor man lytter, l\u00e6rer og tar folk alvor at det kommer gode l\u00f8sninger p\u00e5 problemer og skapes nye muligheter. Henrik Kierulf, Tr\u00f8ndelag H\u00f8yres 2. kandidat","og_url":"https:\/\/hoyre.no\/trondelag\/landingsside-henrik-k\/","og_site_name":"Tr\u00f8ndelag H\u00f8yre","article_modified_time":"2023-07-07T08:14:27+00:00","og_image":[{"width":1000,"height":1000,"url":"https:\/\/hoyre.no\/content\/uploads\/sites\/13\/2022\/11\/Hoyres-logo.png","type":"image\/png"}],"twitter_card":"summary_large_image","twitter_misc":{"Ansl. lesetid":"3 minutter"},"schema":{"@context":"https:\/\/schema.org","@graph":[{"@type":"WebPage","@id":"https:\/\/hoyre.no\/trondelag\/landingsside-henrik-k\/","url":"https:\/\/hoyre.no\/trondelag\/landingsside-henrik-k\/","name":"Landingsside - Henrik K. - Tr\u00f8ndelag H\u00f8yre","isPartOf":{"@id":"https:\/\/hoyre.no\/trondelag\/#website"},"datePublished":"2023-07-07T08:14:26+00:00","dateModified":"2023-07-07T08:14:27+00:00","breadcrumb":{"@id":"https:\/\/hoyre.no\/trondelag\/landingsside-henrik-k\/#breadcrumb"},"inLanguage":"nb-NO","potentialAction":[{"@type":"ReadAction","target":["https:\/\/hoyre.no\/trondelag\/landingsside-henrik-k\/"]}]},{"@type":"BreadcrumbList","@id":"https:\/\/hoyre.no\/trondelag\/landingsside-henrik-k\/#breadcrumb","itemListElement":[{"@type":"ListItem","position":1,"name":"Til hoyre.no","item":"https:\/\/hoyre.no"},{"@type":"ListItem","position":2,"name":"Hjem","item":"https:\/\/hoyre.no\/trondelag\/"},{"@type":"ListItem","position":3,"name":"Landingsside &#8211; Henrik K."}]},{"@type":"WebSite","@id":"https:\/\/hoyre.no\/trondelag\/#website","url":"https:\/\/hoyre.no\/trondelag\/","name":"Tr\u00f8ndelag H\u00f8yre","description":"Bare enda et H\u00f8yres nettsteder-nettsted","inLanguage":"nb-NO"}]}},"distributor_meta":false,"distributor_terms":false,"distributor_media":false,"distributor_original_site_name":"Tr\u00f8ndelag H\u00f8yre","distributor_original_site_url":"https:\/\/hoyre.no\/trondelag","push-errors":false,"_links":{"self":[{"href":"https:\/\/hoyre.no\/trondelag\/wp-json\/wp\/v2\/pages\/786","targetHints":{"allow":["GET"]}}],"collection":[{"href":"https:\/\/hoyre.no\/trondelag\/wp-json\/wp\/v2\/pages"}],"about":[{"href":"https:\/\/hoyre.no\/trondelag\/wp-json\/wp\/v2\/types\/page"}],"author":[{"embeddable":true,"href":"https:\/\/hoyre.no\/trondelag\/wp-json\/wp\/v2\/users\/36266"}],"replies":[{"embeddable":true,"href":"https:\/\/hoyre.no\/trondelag\/wp-json\/wp\/v2\/comments?post=786"}],"version-history":[{"count":4,"href":"https:\/\/hoyre.no\/trondelag\/wp-json\/wp\/v2\/pages\/786\/revisions"}],"predecessor-version":[{"id":803,"href":"https:\/\/hoyre.no\/trondelag\/wp-json\/wp\/v2\/pages\/786\/revisions\/803"}],"wp:attachment":[{"href":"https:\/\/hoyre.no\/trondelag\/wp-json\/wp\/v2\/media?parent=786"}],"curies":[{"name":"wp","href":"https:\/\/api.w.org\/{rel}","templated":true}]}}