{"id":843,"date":"2023-08-25T10:34:34","date_gmt":"2023-08-25T08:34:34","guid":{"rendered":"https:\/\/hoyre.no\/trondelag\/?page_id=843"},"modified":"2023-08-25T10:34:35","modified_gmt":"2023-08-25T08:34:35","slug":"kultur","status":"publish","type":"page","link":"https:\/\/hoyre.no\/trondelag\/kultur\/","title":{"rendered":"Kultur"},"content":{"rendered":"\n<div class=\"wp-block-hoyre-hero with-image-gradient text-color-light  has-media alignfull has-background\"><div class=\"hoyre-hero has-image\"><h1 class=\"title\">Kulturfylket Tr\u00f8ndelag<\/h1><p class=\"preamble\">Tr\u00f8ndelag H\u00f8yres Hovedsaker<\/p>\t\t\t<div class=\"post-meta wp-block teft-byline-wrapper\">\n\t\t\t\t<div class=\"top\">\n\t\t\t\t\t<div class=\"signature\">\n\t\t\t\t\t\t<div class=\"teft-byline\">\n\t\t\t\t\t\t\t\t\t\t\t\t\t\t<div>\n\t\t\t\t\t\t\t\t<h3>H\u00f8yres redaksjon<\/h3>\t\t\t\t\t\t\t\t\n\t\t\t\t\t\t\t\t\t\t\t\t\t\t\t\t\t<span class=\"date\">Sist oppdatert: 25. august 2023<\/span>\n\t\t\t\t\t\t\t\t\t\t\t\t\t\t\t\t\t\t\t\t\t\t\t\t\t<span class=\"reading-time\" itemprop=\"timeRequired\" content=\"PT2M\"><em>Ca. 2 minutter lesetid<\/em><\/span>\n\t\t\t\t\t\t\t\t\t\t\t\t\t\t\t<\/div>\n\t\t\t\t\t\t<\/div>\n\t\t\t\t\t<\/div>\n\t\t\t\t\t\t<div class=\"sharing\">\n\t\t<a class=\"share-button share-link copy-link\" data-copy=\"https:\/\/hoyre.no\/trondelag\/kultur\/\" target=\"_blank\"><span class=\"screen-reader-text\">Del link<\/span><\/a>\n\t\t<a class=\"share-button share-twitter\" href=\"http:\/\/twitter.com\/share?text=Kultur&#038;url=https:\/\/hoyre.no\/trondelag\/kultur\/&#038;hashtags=Hoyre\" target=\"_blank\"><span class=\"screen-reader-text\">Del p\u00e5 twitter<\/span><\/a>\n\t\t<a class=\"share-button share-facebook\" href=\"https:\/\/www.facebook.com\/sharer\/sharer.php?u=https:\/\/hoyre.no\/trondelag\/kultur\/\" target=\"_blank\"><span class=\"screen-reader-text\">Del p\u00e5 facebook<\/span><\/a>\n\t<\/div>\n\t\t\t\t\t<\/div>\n\t\t\t<\/div>\n\n\t\t\t<figure class=\"hoyre-image-wrapper\"><div class=\"hoyre-image\"><img loading=\"lazy\" decoding=\"async\" width=\"2500\" height=\"1668\" src=\"https:\/\/hoyre.no\/content\/uploads\/sites\/13\/2023\/04\/GettyImages-483495210-1-scaled.jpg\" class=\"attachment-scaled size-scaled\" alt=\"\" style=\"object-position: 50% 50%\" srcset=\"https:\/\/hoyre.no\/content\/uploads\/sites\/13\/2023\/04\/GettyImages-483495210-1-scaled.jpg 2500w, https:\/\/hoyre.no\/content\/uploads\/sites\/13\/2023\/04\/GettyImages-483495210-1-300x200.jpg 300w, https:\/\/hoyre.no\/content\/uploads\/sites\/13\/2023\/04\/GettyImages-483495210-1-1024x683.jpg 1024w, https:\/\/hoyre.no\/content\/uploads\/sites\/13\/2023\/04\/GettyImages-483495210-1-768x513.jpg 768w, https:\/\/hoyre.no\/content\/uploads\/sites\/13\/2023\/04\/GettyImages-483495210-1-1536x1025.jpg 1536w, https:\/\/hoyre.no\/content\/uploads\/sites\/13\/2023\/04\/GettyImages-483495210-1-2048x1367.jpg 2048w\" sizes=\"auto, (max-width: 2500px) 100vw, 2500px\" \/><\/div><\/figure><\/div><\/div>\n\n\n\n\n<p><strong>Skal folk velge \u00e5 bo i Tr\u00f8ndelag m\u00e5 vi skape en lyst til \u00e5 bo her, enten det er by eller land, kyst, innland eller fjell. Bolysten er sterkt knyttet til folkehelse, frivillighet, kulturtilbud, idrett og friluftsliv. Mangfold, likestilling og inkludering er en kjerneverdi for H\u00f8yre, enten det dreier seg minoriteter, kj\u00f8nnsmangfold, mennesker med nedsatt funksjonsevne eller andre.<\/strong><\/p>\n\n\n\n<p>En av FNs 17 b\u00e6rekraftsm\u00e5l er god helse. En god folkehelsepolitikk bidrar til mindre&nbsp;sosiale forskjeller. Det enkelte mennesket skal ha frihet til \u00e5 gj\u00f8re sine egne valg. H\u00f8yre vil legge til rette for at alle kan gj\u00f8re gode og sunne helse- og livsstilsvalg.<\/p>\n\n\n\n<p>Kulturen er en del av v\u00e5r identitet. Fylkeskommunens rolle er \u00e5 legge til rette for<br>det private og ideelle og profesjonelle engasjementet gjennom gode og fleksible&nbsp;st\u00f8tteordninger. Fylkeskommunen skal fortsette arbeidet med \u00e5 tiltrekke seg nasjonale og internasjonale arrangementer.<\/p>\n\n\n\n<p>Tr\u00f8ndelag har en stolt historie som har gitt oss mange viktige kulturminner og steder som det er viktig at vi tar godt vare p\u00e5 for ettertiden. Kunnskap om egen kultur gir trygghet og gode forutsetninger for \u00e5 m\u00f8te dagens mangfold av impulser utenfra, p\u00e5 en sjener\u00f8s og konstruktiv m\u00e5te. H\u00f8yre mener kulturarven best ivaretas gjennom bruk og forvaltning.<\/p>\n\n\n\n<p><strong>H\u00f8yre vil: <\/strong><\/p>\n\n\n\n<ul class=\"wp-block-list\"><li>Sikre at tusen\u00e5rsjubileet 2030 blir en storstilt nasjonal markering med statlig finansiering<\/li><li>Bidra og sikre finansiering av 750-\u00e5rsjubileet i 2024 for Landloven av Kong Magnus Lagab\u00f8te p\u00e5 Frostatinget 1274<\/li><li>Organisere kulturminner og kultur sammen innen fylkeskommunen<\/li><li>Videref\u00f8re \u00abvern gjennom bruk\u00bb som f\u00f8rende prinsipp for kulturminnevern.<\/li><li>Styrke satsingen p\u00e5 pilegrimsveiene og Tr\u00f8ndelag som pilegrimsm\u00e5l<\/li><li>Legge til rette for at samisk n\u00e6ring, kunst og kultur kan formidles p\u00e5 en god m\u00e5te, blant annet gjennom Saemien Sijte<\/li><li>Legge til rette for at kulturen har flere bidragsytere enn det offentlige slik at uavhengighet og armlengdes avstand sikres<\/li><\/ul>\n\n\n\n<ul class=\"wp-block-list\"><li>At tildeling av spillemidler i hovedsak f\u00f8lger de prioriteringer som idretten selv har gjort<\/li><li>Sikre gode vilk\u00e5r for utleie av fylkeskommunale idrettsanlegg og gymsaler til barne- og ungdomsidretten<\/li><li>At fylkeskommunen samarbeider med kommunene, idretten og private akt\u00f8rer n\u00e5r det bygges idrettshaller ved de videreg\u00e5ende skolene<\/li><li>Prioritere utbygging av de idrettsanleggene som er tiltenkt flerbruk og regionale\/ interkommunale anlegg<\/li><li>Bidra til at egenorganisert idrett og aktivitet sikres tilgang til idrettsanlegg<\/li><li>Bidra til \u00e5 fremme jakt og fiske som en del av friluftslivet og turismen i Tr\u00f8ndelag<\/li><li>Legge til rette for idrett som viktig arena for inkludering av barn med innvandrerbakgrunn og jenter spesielt.<\/li><\/ul>\n\n","protected":false},"excerpt":{"rendered":"","protected":false},"author":36266,"featured_media":0,"parent":0,"menu_order":0,"comment_status":"closed","ping_status":"closed","template":"","meta":{"teft_cards_image_url":"","teft_cards_custom_pretitle":"","teft_cards_image_id":0,"teft_cards_image_focal_point_x":0,"teft_cards_image_focal_point_y":0,"teft_cards_title":"","teft_cards_excerpt":"","teft_show_chapters":false,"footnotes":""},"class_list":["post-843","page","type-page","status-publish","hentry"],"yoast_head":"<!-- This site is optimized with the Yoast SEO plugin v26.6 - https:\/\/yoast.com\/wordpress\/plugins\/seo\/ -->\n<title>Kultur - Tr\u00f8ndelag H\u00f8yre<\/title>\n<meta name=\"robots\" content=\"index, follow, max-snippet:-1, max-image-preview:large, max-video-preview:-1\" \/>\n<link rel=\"canonical\" href=\"https:\/\/hoyre.no\/trondelag\/kultur\/\" \/>\n<meta property=\"og:locale\" content=\"nb_NO\" \/>\n<meta property=\"og:type\" content=\"article\" \/>\n<meta property=\"og:title\" content=\"Kultur - Tr\u00f8ndelag H\u00f8yre\" \/>\n<meta property=\"og:url\" content=\"https:\/\/hoyre.no\/trondelag\/kultur\/\" \/>\n<meta property=\"og:site_name\" content=\"Tr\u00f8ndelag H\u00f8yre\" \/>\n<meta property=\"article:modified_time\" content=\"2023-08-25T08:34:35+00:00\" \/>\n<meta property=\"og:image\" content=\"https:\/\/hoyre.no\/content\/uploads\/sites\/13\/2022\/11\/Hoyres-logo.png\" \/>\n\t<meta property=\"og:image:width\" content=\"1000\" \/>\n\t<meta property=\"og:image:height\" content=\"1000\" \/>\n\t<meta property=\"og:image:type\" content=\"image\/png\" \/>\n<meta name=\"twitter:card\" content=\"summary_large_image\" \/>\n<meta name=\"twitter:label1\" content=\"Ansl. lesetid\" \/>\n\t<meta name=\"twitter:data1\" content=\"3 minutter\" \/>\n<script type=\"application\/ld+json\" class=\"yoast-schema-graph\">{\"@context\":\"https:\/\/schema.org\",\"@graph\":[{\"@type\":\"WebPage\",\"@id\":\"https:\/\/hoyre.no\/trondelag\/kultur\/\",\"url\":\"https:\/\/hoyre.no\/trondelag\/kultur\/\",\"name\":\"Kultur - Tr\u00f8ndelag H\u00f8yre\",\"isPartOf\":{\"@id\":\"https:\/\/hoyre.no\/trondelag\/#website\"},\"datePublished\":\"2023-08-25T08:34:34+00:00\",\"dateModified\":\"2023-08-25T08:34:35+00:00\",\"breadcrumb\":{\"@id\":\"https:\/\/hoyre.no\/trondelag\/kultur\/#breadcrumb\"},\"inLanguage\":\"nb-NO\",\"potentialAction\":[{\"@type\":\"ReadAction\",\"target\":[\"https:\/\/hoyre.no\/trondelag\/kultur\/\"]}]},{\"@type\":\"BreadcrumbList\",\"@id\":\"https:\/\/hoyre.no\/trondelag\/kultur\/#breadcrumb\",\"itemListElement\":[{\"@type\":\"ListItem\",\"position\":1,\"name\":\"Til hoyre.no\",\"item\":\"https:\/\/hoyre.no\"},{\"@type\":\"ListItem\",\"position\":2,\"name\":\"Hjem\",\"item\":\"https:\/\/hoyre.no\/trondelag\/\"},{\"@type\":\"ListItem\",\"position\":3,\"name\":\"Kultur\"}]},{\"@type\":\"WebSite\",\"@id\":\"https:\/\/hoyre.no\/trondelag\/#website\",\"url\":\"https:\/\/hoyre.no\/trondelag\/\",\"name\":\"Tr\u00f8ndelag H\u00f8yre\",\"description\":\"Bare enda et H\u00f8yres nettsteder-nettsted\",\"inLanguage\":\"nb-NO\"}]}<\/script>\n<!-- \/ Yoast SEO plugin. -->","yoast_head_json":{"title":"Kultur - Tr\u00f8ndelag H\u00f8yre","robots":{"index":"index","follow":"follow","max-snippet":"max-snippet:-1","max-image-preview":"max-image-preview:large","max-video-preview":"max-video-preview:-1"},"canonical":"https:\/\/hoyre.no\/trondelag\/kultur\/","og_locale":"nb_NO","og_type":"article","og_title":"Kultur - Tr\u00f8ndelag H\u00f8yre","og_url":"https:\/\/hoyre.no\/trondelag\/kultur\/","og_site_name":"Tr\u00f8ndelag H\u00f8yre","article_modified_time":"2023-08-25T08:34:35+00:00","og_image":[{"width":1000,"height":1000,"url":"https:\/\/hoyre.no\/content\/uploads\/sites\/13\/2022\/11\/Hoyres-logo.png","type":"image\/png"}],"twitter_card":"summary_large_image","twitter_misc":{"Ansl. lesetid":"3 minutter"},"schema":{"@context":"https:\/\/schema.org","@graph":[{"@type":"WebPage","@id":"https:\/\/hoyre.no\/trondelag\/kultur\/","url":"https:\/\/hoyre.no\/trondelag\/kultur\/","name":"Kultur - Tr\u00f8ndelag H\u00f8yre","isPartOf":{"@id":"https:\/\/hoyre.no\/trondelag\/#website"},"datePublished":"2023-08-25T08:34:34+00:00","dateModified":"2023-08-25T08:34:35+00:00","breadcrumb":{"@id":"https:\/\/hoyre.no\/trondelag\/kultur\/#breadcrumb"},"inLanguage":"nb-NO","potentialAction":[{"@type":"ReadAction","target":["https:\/\/hoyre.no\/trondelag\/kultur\/"]}]},{"@type":"BreadcrumbList","@id":"https:\/\/hoyre.no\/trondelag\/kultur\/#breadcrumb","itemListElement":[{"@type":"ListItem","position":1,"name":"Til hoyre.no","item":"https:\/\/hoyre.no"},{"@type":"ListItem","position":2,"name":"Hjem","item":"https:\/\/hoyre.no\/trondelag\/"},{"@type":"ListItem","position":3,"name":"Kultur"}]},{"@type":"WebSite","@id":"https:\/\/hoyre.no\/trondelag\/#website","url":"https:\/\/hoyre.no\/trondelag\/","name":"Tr\u00f8ndelag H\u00f8yre","description":"Bare enda et H\u00f8yres nettsteder-nettsted","inLanguage":"nb-NO"}]}},"distributor_meta":false,"distributor_terms":false,"distributor_media":false,"distributor_original_site_name":"Tr\u00f8ndelag H\u00f8yre","distributor_original_site_url":"https:\/\/hoyre.no\/trondelag","push-errors":false,"_links":{"self":[{"href":"https:\/\/hoyre.no\/trondelag\/wp-json\/wp\/v2\/pages\/843","targetHints":{"allow":["GET"]}}],"collection":[{"href":"https:\/\/hoyre.no\/trondelag\/wp-json\/wp\/v2\/pages"}],"about":[{"href":"https:\/\/hoyre.no\/trondelag\/wp-json\/wp\/v2\/types\/page"}],"author":[{"embeddable":true,"href":"https:\/\/hoyre.no\/trondelag\/wp-json\/wp\/v2\/users\/36266"}],"replies":[{"embeddable":true,"href":"https:\/\/hoyre.no\/trondelag\/wp-json\/wp\/v2\/comments?post=843"}],"version-history":[{"count":1,"href":"https:\/\/hoyre.no\/trondelag\/wp-json\/wp\/v2\/pages\/843\/revisions"}],"predecessor-version":[{"id":844,"href":"https:\/\/hoyre.no\/trondelag\/wp-json\/wp\/v2\/pages\/843\/revisions\/844"}],"wp:attachment":[{"href":"https:\/\/hoyre.no\/trondelag\/wp-json\/wp\/v2\/media?parent=843"}],"curies":[{"name":"wp","href":"https:\/\/api.w.org\/{rel}","templated":true}]}}