{"id":192,"date":"2021-08-09T23:01:51","date_gmt":"2021-08-09T21:01:51","guid":{"rendered":"https:\/\/hoyre.no\/trondheim\/?page_id=192"},"modified":"2021-09-30T22:39:16","modified_gmt":"2021-09-30T20:39:16","slug":"hoyres-hjertesaker","status":"publish","type":"page","link":"https:\/\/hoyre.no\/trondheim\/hoyres-hjertesaker\/","title":{"rendered":"H\u00f8yres hjertesaker"},"content":{"rendered":"\n<div class=\"wp-block-hoyre-hero with-image-gradient text-color-light  has-media alignfull has-background\"><div class=\"hoyre-hero has-image\"><h1 class=\"title\">H\u00f8yres hjertesaker<\/h1><p class=\"preamble\">V\u00e5re nasjonale hjertesaker i perioden 2021-2025<\/p>\t\t\t<div class=\"post-meta wp-block teft-byline-wrapper\">\n\t\t\t\t<div class=\"top\">\n\t\t\t\t\t<div class=\"signature\">\n\t\t\t\t\t\t<div class=\"teft-byline\">\n\t\t\t\t\t\t\t\t\t\t\t\t\t\t<div>\n\t\t\t\t\t\t\t\t<h3>H\u00f8yres redaksjon<\/h3>\t\t\t\t\t\t\t\t\n\t\t\t\t\t\t\t\t\t\t\t\t\t\t\t\t\t<span class=\"date\">Sist oppdatert: 30. september 2021<\/span>\n\t\t\t\t\t\t\t\t\t\t\t\t\t\t\t\t\t\t\t\t\t\t\t\t\t<span class=\"reading-time\" itemprop=\"timeRequired\" content=\"PT2M\"><em>Ca. 2 minutter lesetid<\/em><\/span>\n\t\t\t\t\t\t\t\t\t\t\t\t\t\t\t<\/div>\n\t\t\t\t\t\t<\/div>\n\t\t\t\t\t<\/div>\n\t\t\t\t\t\t<div class=\"sharing\">\n\t\t<a class=\"share-button share-link copy-link\" data-copy=\"https:\/\/hoyre.no\/trondheim\/hoyres-hjertesaker\/\" target=\"_blank\"><span class=\"screen-reader-text\">Del link<\/span><\/a>\n\t\t<a class=\"share-button share-twitter\" href=\"http:\/\/twitter.com\/share?text=H\u00f8yres hjertesaker&#038;url=https:\/\/hoyre.no\/trondheim\/hoyres-hjertesaker\/&#038;hashtags=Hoyre\" target=\"_blank\"><span class=\"screen-reader-text\">Del p\u00e5 twitter<\/span><\/a>\n\t\t<a class=\"share-button share-facebook\" href=\"https:\/\/www.facebook.com\/sharer\/sharer.php?u=https:\/\/hoyre.no\/trondheim\/hoyres-hjertesaker\/\" target=\"_blank\"><span class=\"screen-reader-text\">Del p\u00e5 facebook<\/span><\/a>\n\t<\/div>\n\t\t\t\t\t<\/div>\n\t\t\t<\/div>\n\n\t\t\t<figure class=\"hoyre-image-wrapper\"><div class=\"hoyre-image\"><img loading=\"lazy\" decoding=\"async\" width=\"2500\" height=\"2000\" src=\"https:\/\/hoyre.no\/content\/uploads\/sites\/272\/2021\/08\/h2ny-scaled.jpg\" class=\"attachment-scaled size-scaled\" alt=\"\" style=\"object-position: 50% 50%\" srcset=\"https:\/\/hoyre.no\/content\/uploads\/sites\/272\/2021\/08\/h2ny-scaled.jpg 2500w, https:\/\/hoyre.no\/content\/uploads\/sites\/272\/2021\/08\/h2ny-300x240.jpg 300w, https:\/\/hoyre.no\/content\/uploads\/sites\/272\/2021\/08\/h2ny-1024x819.jpg 1024w, https:\/\/hoyre.no\/content\/uploads\/sites\/272\/2021\/08\/h2ny-768x614.jpg 768w, https:\/\/hoyre.no\/content\/uploads\/sites\/272\/2021\/08\/h2ny-1536x1229.jpg 1536w, https:\/\/hoyre.no\/content\/uploads\/sites\/272\/2021\/08\/h2ny-2048x1638.jpg 2048w\" sizes=\"auto, (max-width: 2500px) 100vw, 2500px\" \/><\/div><\/figure><\/div><\/div>\n\n\n\n\n<div class=\"wp-block-hoyre-banner alignwide undefined  is-style-light\"><div class=\"banner-inner\"><figure class=\"hoyre-image-wrapper\"><div class=\"hoyre-image\"><img loading=\"lazy\" decoding=\"async\" width=\"768\" height=\"505\" src=\"https:\/\/hoyre.no\/content\/uploads\/sites\/272\/2021\/08\/Skape-mer-og-inkludere-flere.jpg\" class=\"attachment-scaled size-scaled\" alt=\"\" style=\"object-position: 50% 50%\" srcset=\"https:\/\/hoyre.no\/content\/uploads\/sites\/272\/2021\/08\/Skape-mer-og-inkludere-flere.jpg 768w, https:\/\/hoyre.no\/content\/uploads\/sites\/272\/2021\/08\/Skape-mer-og-inkludere-flere-300x197.jpg 300w\" sizes=\"auto, (max-width: 768px) 100vw, 768px\" \/><\/div><\/figure><div class=\"banner-content\"><div class=\"entry-content\">\n<h2 class=\"wp-block-heading\">Skape mer og inkludere flere<\/h2>\n\n\n\n<p>Den st\u00f8rste forskjellen mellom folk i Norge er mellom de som har en jobb og de som ikke har det. Den viktigste oppgaven fremover er \u00e5 bidra til \u00e5 skape nye jobber \u2013 og f\u00e5 eksisterende bedrifter trygt gjennom krisen.<\/p>\n\n\n\n<div class=\"wp-block-buttons is-layout-flex wp-block-buttons-is-layout-flex\">\n<div class=\"wp-block-button\"><a class=\"wp-block-button__link\" href=\"https:\/\/hoyre.no\/skape-mer-og-inkludere-flere-i-jobb\/\">les mer<\/a><\/div>\n<\/div>\n<\/div><\/div><\/div><\/div>\n\n\n\n<div class=\"wp-block-hoyre-banner alignwide undefined\"><div class=\"banner-inner\"><figure class=\"hoyre-image-wrapper\"><div class=\"hoyre-image\"><img loading=\"lazy\" decoding=\"async\" width=\"768\" height=\"512\" src=\"https:\/\/hoyre.no\/content\/uploads\/sites\/272\/2021\/08\/Pasientens-helsetjeneste.jpg\" class=\"attachment-scaled size-scaled\" alt=\"\" style=\"object-position: 60% 55.00000000000001%\" srcset=\"https:\/\/hoyre.no\/content\/uploads\/sites\/272\/2021\/08\/Pasientens-helsetjeneste.jpg 768w, https:\/\/hoyre.no\/content\/uploads\/sites\/272\/2021\/08\/Pasientens-helsetjeneste-300x200.jpg 300w\" sizes=\"auto, (max-width: 768px) 100vw, 768px\" \/><\/div><\/figure><div class=\"banner-content\"><div class=\"entry-content\">\n<h2 class=\"wp-block-heading\">Pasientenes helsetjeneste<\/h2>\n\n\n\n<p>H\u00f8yre vil at du som pasient skal bli sett og h\u00f8rt. Vi vil ha mer valgfrihet i helsetjenesten for \u00e5 sikre ulike tilbud tilpasset ulike behov. H\u00f8yre vil skape pasientenes helsetjeneste med bedre oppf\u00f8lging, st\u00f8rre valgfrihet, mer informasjon og rask behandling.<\/p>\n\n\n\n<div class=\"wp-block-buttons is-layout-flex wp-block-buttons-is-layout-flex\">\n<div class=\"wp-block-button\"><a class=\"wp-block-button__link\" href=\"https:\/\/hoyre.no\/skape-pasientens-helsetjeneste\/\">les mer<\/a><\/div>\n<\/div>\n<\/div><\/div><\/div><\/div>\n\n\n\n<div class=\"wp-block-hoyre-banner alignwide undefined  is-style-light\"><div class=\"banner-inner\"><figure class=\"hoyre-image-wrapper\"><div class=\"hoyre-image\"><img loading=\"lazy\" decoding=\"async\" width=\"768\" height=\"512\" src=\"https:\/\/hoyre.no\/content\/uploads\/sites\/272\/2021\/08\/Kunnskap-i-skolen.jpg\" class=\"attachment-scaled size-scaled\" alt=\"\" style=\"object-position: 50% 50%\" srcset=\"https:\/\/hoyre.no\/content\/uploads\/sites\/272\/2021\/08\/Kunnskap-i-skolen.jpg 768w, https:\/\/hoyre.no\/content\/uploads\/sites\/272\/2021\/08\/Kunnskap-i-skolen-300x200.jpg 300w\" sizes=\"auto, (max-width: 768px) 100vw, 768px\" \/><\/div><\/figure><div class=\"banner-content\"><div class=\"entry-content\">\n<h2 class=\"wp-block-heading\"><strong>Kunnskap i skolen<\/strong><\/h2>\n\n\n\n<p>Alle barn skal f\u00e5 muligheten til \u00e5 skape seg en god fremtid. V\u00e5rt m\u00e5l er at ingen skal g\u00e5 ut av skolen uten \u00e5 kunne lese, skrive og regne. H\u00f8yre vil jobbe for at 9 av 10 elever fullf\u00f8rer videreg\u00e5ende oppl\u00e6ring innen 2030.<\/p>\n\n\n\n<div class=\"wp-block-buttons is-layout-flex wp-block-buttons-is-layout-flex\">\n<div class=\"wp-block-button\"><a class=\"wp-block-button__link\" href=\"https:\/\/hoyre.no\/kunnskap-i-skolen\/\">les mer<\/a><\/div>\n<\/div>\n<\/div><\/div><\/div><\/div>\n\n\n\n<div class=\"wp-block-hoyre-banner alignwide undefined\"><div class=\"banner-inner\"><figure class=\"hoyre-image-wrapper\"><div class=\"hoyre-image\"><img loading=\"lazy\" decoding=\"async\" width=\"2500\" height=\"1623\" src=\"https:\/\/hoyre.no\/content\/uploads\/sites\/272\/2020\/11\/gettyimages_48401041.jpg\" class=\"attachment-scaled size-scaled\" alt=\"\" style=\"object-position: 50% 50%\" srcset=\"https:\/\/hoyre.no\/content\/uploads\/sites\/272\/2020\/11\/gettyimages_48401041.jpg 2500w, https:\/\/hoyre.no\/content\/uploads\/sites\/272\/2020\/11\/gettyimages_48401041-300x195.jpg 300w, https:\/\/hoyre.no\/content\/uploads\/sites\/272\/2020\/11\/gettyimages_48401041-1024x665.jpg 1024w, https:\/\/hoyre.no\/content\/uploads\/sites\/272\/2020\/11\/gettyimages_48401041-768x499.jpg 768w, https:\/\/hoyre.no\/content\/uploads\/sites\/272\/2020\/11\/gettyimages_48401041-1536x997.jpg 1536w, https:\/\/hoyre.no\/content\/uploads\/sites\/272\/2020\/11\/gettyimages_48401041-2048x1330.jpg 2048w\" sizes=\"auto, (max-width: 2500px) 100vw, 2500px\" \/><\/div><\/figure><div class=\"banner-content\"><div class=\"entry-content\">\n<h2 class=\"wp-block-heading\">H\u00f8yres partiprogram 2021-2025<\/h2>\n\n\n\n<p>H\u00f8yres partiprogram er v\u00e5re ambisjoner, prioriteringer og tiltak for Norge. Det er samlingen med saker som H\u00f8yre vil gjennomf\u00f8re i perioden 2021-2025.<\/p>\n\n\n\n<div class=\"wp-block-buttons is-layout-flex wp-block-buttons-is-layout-flex\">\n<div class=\"wp-block-button\"><a class=\"wp-block-button__link\" href=\"https:\/\/hoyre.no\/politikk\/partiprogram\/\">les hele partiprogrammet<\/a><\/div>\n<\/div>\n\n\n\n<p><\/p>\n<\/div><\/div><\/div><\/div>\n\n","protected":false},"excerpt":{"rendered":"","protected":false},"author":29353,"featured_media":0,"parent":0,"menu_order":0,"comment_status":"closed","ping_status":"closed","template":"","meta":{"teft_cards_image_url":"","teft_cards_custom_pretitle":"","teft_cards_image_id":0,"teft_cards_image_focal_point_x":0,"teft_cards_image_focal_point_y":0,"teft_cards_title":"","teft_cards_excerpt":"","teft_show_chapters":false,"footnotes":""},"class_list":["post-192","page","type-page","status-publish","hentry"],"yoast_head":"<!-- This site is optimized with the Yoast SEO plugin v26.6 - https:\/\/yoast.com\/wordpress\/plugins\/seo\/ -->\n<title>H\u00f8yres hjertesaker - Trondheim H\u00f8yre<\/title>\n<meta name=\"robots\" content=\"index, follow, max-snippet:-1, max-image-preview:large, max-video-preview:-1\" \/>\n<link rel=\"canonical\" href=\"https:\/\/hoyre.no\/trondheim\/hoyres-hjertesaker\/\" \/>\n<meta property=\"og:locale\" content=\"nb_NO\" \/>\n<meta property=\"og:type\" content=\"article\" \/>\n<meta property=\"og:title\" content=\"H\u00f8yres hjertesaker - Trondheim H\u00f8yre\" \/>\n<meta property=\"og:url\" content=\"https:\/\/hoyre.no\/trondheim\/hoyres-hjertesaker\/\" \/>\n<meta property=\"og:site_name\" content=\"Trondheim H\u00f8yre\" \/>\n<meta property=\"article:modified_time\" content=\"2021-09-30T20:39:16+00:00\" \/>\n<meta property=\"og:image\" content=\"https:\/\/hoyre.no\/content\/uploads\/sites\/272\/2022\/11\/Hoyres-logo.png\" \/>\n\t<meta property=\"og:image:width\" content=\"1000\" \/>\n\t<meta property=\"og:image:height\" content=\"1000\" \/>\n\t<meta property=\"og:image:type\" content=\"image\/png\" \/>\n<meta name=\"twitter:card\" content=\"summary_large_image\" \/>\n<meta name=\"twitter:label1\" content=\"Ansl. lesetid\" \/>\n\t<meta name=\"twitter:data1\" content=\"1 minutt\" \/>\n<script type=\"application\/ld+json\" class=\"yoast-schema-graph\">{\"@context\":\"https:\/\/schema.org\",\"@graph\":[{\"@type\":\"WebPage\",\"@id\":\"https:\/\/hoyre.no\/trondheim\/hoyres-hjertesaker\/\",\"url\":\"https:\/\/hoyre.no\/trondheim\/hoyres-hjertesaker\/\",\"name\":\"H\u00f8yres hjertesaker - Trondheim H\u00f8yre\",\"isPartOf\":{\"@id\":\"https:\/\/hoyre.no\/trondheim\/#website\"},\"datePublished\":\"2021-08-09T21:01:51+00:00\",\"dateModified\":\"2021-09-30T20:39:16+00:00\",\"breadcrumb\":{\"@id\":\"https:\/\/hoyre.no\/trondheim\/hoyres-hjertesaker\/#breadcrumb\"},\"inLanguage\":\"nb-NO\",\"potentialAction\":[{\"@type\":\"ReadAction\",\"target\":[\"https:\/\/hoyre.no\/trondheim\/hoyres-hjertesaker\/\"]}]},{\"@type\":\"BreadcrumbList\",\"@id\":\"https:\/\/hoyre.no\/trondheim\/hoyres-hjertesaker\/#breadcrumb\",\"itemListElement\":[{\"@type\":\"ListItem\",\"position\":1,\"name\":\"Til hoyre.no\",\"item\":\"https:\/\/hoyre.no\"},{\"@type\":\"ListItem\",\"position\":2,\"name\":\"Hjem\",\"item\":\"https:\/\/hoyre.no\/trondheim\/\"},{\"@type\":\"ListItem\",\"position\":3,\"name\":\"H\u00f8yres hjertesaker\"}]},{\"@type\":\"WebSite\",\"@id\":\"https:\/\/hoyre.no\/trondheim\/#website\",\"url\":\"https:\/\/hoyre.no\/trondheim\/\",\"name\":\"Trondheim H\u00f8yre\",\"description\":\"Bare enda et H\u00f8yres nettsteder-nettsted\",\"inLanguage\":\"nb-NO\"}]}<\/script>\n<!-- \/ Yoast SEO plugin. -->","yoast_head_json":{"title":"H\u00f8yres hjertesaker - Trondheim H\u00f8yre","robots":{"index":"index","follow":"follow","max-snippet":"max-snippet:-1","max-image-preview":"max-image-preview:large","max-video-preview":"max-video-preview:-1"},"canonical":"https:\/\/hoyre.no\/trondheim\/hoyres-hjertesaker\/","og_locale":"nb_NO","og_type":"article","og_title":"H\u00f8yres hjertesaker - Trondheim H\u00f8yre","og_url":"https:\/\/hoyre.no\/trondheim\/hoyres-hjertesaker\/","og_site_name":"Trondheim H\u00f8yre","article_modified_time":"2021-09-30T20:39:16+00:00","og_image":[{"width":1000,"height":1000,"url":"https:\/\/hoyre.no\/content\/uploads\/sites\/272\/2022\/11\/Hoyres-logo.png","type":"image\/png"}],"twitter_card":"summary_large_image","twitter_misc":{"Ansl. lesetid":"1 minutt"},"schema":{"@context":"https:\/\/schema.org","@graph":[{"@type":"WebPage","@id":"https:\/\/hoyre.no\/trondheim\/hoyres-hjertesaker\/","url":"https:\/\/hoyre.no\/trondheim\/hoyres-hjertesaker\/","name":"H\u00f8yres hjertesaker - Trondheim H\u00f8yre","isPartOf":{"@id":"https:\/\/hoyre.no\/trondheim\/#website"},"datePublished":"2021-08-09T21:01:51+00:00","dateModified":"2021-09-30T20:39:16+00:00","breadcrumb":{"@id":"https:\/\/hoyre.no\/trondheim\/hoyres-hjertesaker\/#breadcrumb"},"inLanguage":"nb-NO","potentialAction":[{"@type":"ReadAction","target":["https:\/\/hoyre.no\/trondheim\/hoyres-hjertesaker\/"]}]},{"@type":"BreadcrumbList","@id":"https:\/\/hoyre.no\/trondheim\/hoyres-hjertesaker\/#breadcrumb","itemListElement":[{"@type":"ListItem","position":1,"name":"Til hoyre.no","item":"https:\/\/hoyre.no"},{"@type":"ListItem","position":2,"name":"Hjem","item":"https:\/\/hoyre.no\/trondheim\/"},{"@type":"ListItem","position":3,"name":"H\u00f8yres hjertesaker"}]},{"@type":"WebSite","@id":"https:\/\/hoyre.no\/trondheim\/#website","url":"https:\/\/hoyre.no\/trondheim\/","name":"Trondheim H\u00f8yre","description":"Bare enda et H\u00f8yres nettsteder-nettsted","inLanguage":"nb-NO"}]}},"distributor_meta":false,"distributor_terms":false,"distributor_media":false,"distributor_original_site_name":"Trondheim H\u00f8yre","distributor_original_site_url":"https:\/\/hoyre.no\/trondheim","push-errors":false,"_links":{"self":[{"href":"https:\/\/hoyre.no\/trondheim\/wp-json\/wp\/v2\/pages\/192","targetHints":{"allow":["GET"]}}],"collection":[{"href":"https:\/\/hoyre.no\/trondheim\/wp-json\/wp\/v2\/pages"}],"about":[{"href":"https:\/\/hoyre.no\/trondheim\/wp-json\/wp\/v2\/types\/page"}],"author":[{"embeddable":true,"href":"https:\/\/hoyre.no\/trondheim\/wp-json\/wp\/v2\/users\/29353"}],"replies":[{"embeddable":true,"href":"https:\/\/hoyre.no\/trondheim\/wp-json\/wp\/v2\/comments?post=192"}],"version-history":[{"count":4,"href":"https:\/\/hoyre.no\/trondheim\/wp-json\/wp\/v2\/pages\/192\/revisions"}],"predecessor-version":[{"id":216,"href":"https:\/\/hoyre.no\/trondheim\/wp-json\/wp\/v2\/pages\/192\/revisions\/216"}],"wp:attachment":[{"href":"https:\/\/hoyre.no\/trondheim\/wp-json\/wp\/v2\/media?parent=192"}],"curies":[{"name":"wp","href":"https:\/\/api.w.org\/{rel}","templated":true}]}}