{"id":651,"date":"2023-06-08T15:49:06","date_gmt":"2023-06-08T13:49:06","guid":{"rendered":"https:\/\/hoyre.no\/trondheim\/?page_id=651"},"modified":"2023-08-21T07:43:20","modified_gmt":"2023-08-21T05:43:20","slug":"skole","status":"publish","type":"page","link":"https:\/\/hoyre.no\/trondheim\/skole\/","title":{"rendered":"Skole"},"content":{"rendered":"\n<div class=\"wp-block-hoyre-hero with-image-gradient text-color-light  has-media alignfull has-background\"><div class=\"hoyre-hero has-image\"><h1 class=\"title\">Skole<\/h1><figure class=\"hoyre-image-wrapper\"><div class=\"hoyre-image\"><img loading=\"lazy\" decoding=\"async\" width=\"2500\" height=\"1667\" src=\"https:\/\/hoyre.no\/content\/uploads\/sites\/272\/2023\/07\/Bilde-S4-scaled.jpg\" class=\"attachment-scaled size-scaled\" alt=\"skole\" style=\"object-position: 54% 50%\" srcset=\"https:\/\/hoyre.no\/content\/uploads\/sites\/272\/2023\/07\/Bilde-S4-scaled.jpg 2500w, https:\/\/hoyre.no\/content\/uploads\/sites\/272\/2023\/07\/Bilde-S4-300x200.jpg 300w, https:\/\/hoyre.no\/content\/uploads\/sites\/272\/2023\/07\/Bilde-S4-1024x683.jpg 1024w, https:\/\/hoyre.no\/content\/uploads\/sites\/272\/2023\/07\/Bilde-S4-768x512.jpg 768w, https:\/\/hoyre.no\/content\/uploads\/sites\/272\/2023\/07\/Bilde-S4-1536x1024.jpg 1536w, https:\/\/hoyre.no\/content\/uploads\/sites\/272\/2023\/07\/Bilde-S4-2048x1365.jpg 2048w\" sizes=\"auto, (max-width: 2500px) 100vw, 2500px\" \/><\/div><\/figure><\/div><\/div>\n\n\n\n\n<p><strong>Vi skal bruke de store pengene p\u00e5 de minste barna, l\u00e6reren skal f\u00e5 tid til \u00e5 v\u00e6re l\u00e6rer og ingen skal falle utenfor.<\/strong><\/p>\n\n\n\n<p>Alt for mange barn i Trondheim strever med lesing, skriving og regning. Ca. 1 av 4 elever p\u00e5 8.trinn i ungdomsskolen kan ikke lese eller regne skikkelig. Hvis ikke ungdomskolen retter opp dette, vet vi at disse elevene vil slite med \u00e5 fullf\u00f8re videreg\u00e5ende. Hele 3 av 10 skoler mangler spesialrom som naturfagrom og skolebibliotek.<\/p>\n\n\n\n<p>Skolene og l\u00e6rerne sier de st\u00e5r i en umulig spagat der de m\u00e5 velge mellom \u00e5 f\u00f8lge opp klassen eller \u00e5 f\u00f8lge opp enkeltelever. De f\u00e5r ikke nok tid p\u00e5 \u00e5 undervise og hjelpe elevene. Vi m\u00e5 gi l\u00e6reren tid til \u00e5 v\u00e6re l\u00e6rer. Dette gj\u00f8r vi gjennom \u00e5 f\u00e5 andre yrkesgrupper inn i skolen. Skolen er for lite tilpasset den enkelte. A4-skolen passer hverken hun som sliter litt i ett fag, eller han som kjeder seg og trenger st\u00f8rre utfordringer. Faller man utenfor i skolegangen, er det mye vanskeligere \u00e5 hente seg inn. Vi m\u00e5 derfor s\u00f8rge for at de som faller utenfor f\u00e5r den hjelpen de trenger, n\u00e5r de trenger den. Vi m\u00e5 bygge en skole basert p\u00e5 tillit, der l\u00e6rere har fleksibilitet, elever trives, mestrer og laget rundt eleven er sterkt nok til \u00e5 f\u00e5 eleven gjennom skolegangen.<\/p>\n\n\n\n<p>H\u00f8yre vil jobbe for en god skole med trivsel, mestring og l\u00e6ringsglede. Ingen skal g\u00e5 ut av skolen uten \u00e5 kunne lese, skrive eller regne skikkelig. Slik sikrer vi at flest mulig mestrer sitt eget liv og utnytter sitt fulle potensial uavhengig av bakgrunn eller bydel. Alle elever skal fullf\u00f8re videreg\u00e5ende skole. Den jobben begynner tidlig. Det viktigste vi kan gj\u00f8re er \u00e5 investere i l\u00e6rere og hele laget rundt eleven.<\/p>\n\n\n\n<p><strong>Trondheim H\u00f8yre vil: <\/strong><\/p>\n\n\n\n<ul class=\"wp-block-list\"><li><strong>Prioritere det viktigste f\u00f8rst: <\/strong>Vi vil bruke de store pengene p\u00e5 de minste barna. Dette gj\u00f8r vi gjennom \u00e5 prioritere tidlig innsats i skolen og sikre at alle elevene l\u00e6rer \u00e5 lese, regne og skrive skikkelig.<\/li><li><strong>Satse p\u00e5 l\u00e6reren og laget rundt eleven: <\/strong>Sikre l\u00e6rerne faglig p\u00e5fyll gjennom \u00e5 videref\u00f8re den popul\u00e6re ordningen for videreutdanning. L\u00f8fte l\u00e6rerens status og gi l\u00e6reren mer tid til \u00e5 v\u00e6re l\u00e6rer gjennom \u00e5 f\u00e5 flere helsesykepleiere og psykologtjenesten inn i skolen.<\/li><li><strong>Skolen i storsamfunnet: <\/strong>Skolen skal samarbeide med n\u00e6ringslivet, kulturskolen og frivillige organisasjoner for \u00e5 gi elevene relevante praktiske m\u00f8ter med verden utenfor. I tillegg skal hele laget rundt eleven hjelpe barna knytte gode, sunne relasjoner til hverandre.<\/li><\/ul>\n\n\n\n<p><\/p>\n\n\n\n<p><\/p>\n\n\n\n<h2 class=\"wp-block-heading\">H\u00f8yre vil prioritere 250 millioner ekstra til skole<\/h2>\n\n\n\n\n\n\n<p>\u2013H\u00f8yre skal prioritere det viktigste f\u00f8rst. Vi vet at de som sliter med \u00e5 fullf\u00f8re skolegangen begynner \u00e5 f\u00e5 problemer med \u00e5 henge med tidlig. Vi skal bruke de store pengene p\u00e5 de minste barna, og satse p\u00e5 laget rundt elevene. Derfor velger vi \u00e5 prioritere mange millioner p\u00e5 \u00f8kt grunnbemanning den neste perioden. Alle skoler skal n\u00e5 l\u00e6rernormen, og alle elever skal mestre lesing, skriving og regning, sier H\u00f8yres ordf\u00f8rerkandidat Kent Ranum.&nbsp;<\/p>\n\n\n\n<p><\/p>\n\n\n\n<figure class=\"wp-block-image size-large\"><img loading=\"lazy\" decoding=\"async\" width=\"1024\" height=\"683\" src=\"https:\/\/hoyre.no\/content\/uploads\/sites\/272\/2023\/08\/20230812-IMG_8920-1024x683.jpg\" alt=\"\" class=\"wp-image-685\" srcset=\"https:\/\/hoyre.no\/content\/uploads\/sites\/272\/2023\/08\/20230812-IMG_8920-1024x683.jpg 1024w, https:\/\/hoyre.no\/content\/uploads\/sites\/272\/2023\/08\/20230812-IMG_8920-300x200.jpg 300w, https:\/\/hoyre.no\/content\/uploads\/sites\/272\/2023\/08\/20230812-IMG_8920-768x512.jpg 768w, https:\/\/hoyre.no\/content\/uploads\/sites\/272\/2023\/08\/20230812-IMG_8920-1536x1024.jpg 1536w, https:\/\/hoyre.no\/content\/uploads\/sites\/272\/2023\/08\/20230812-IMG_8920.jpg 2048w\" sizes=\"auto, (max-width: 1024px) 100vw, 1024px\" \/><\/figure>\n\n\n\n<p>Han fortsetter \u00e5 legge vekt p\u00e5 at tidlig innsats er helt n\u00f8dvendig om alle skal lykkes i skolel\u00f8pet. \u2013Denne jobben starter allerede i barnehagen. De har et s\u00e6rlig ansvar for \u00e5 f\u00e5 opp lesegleden blant barna. Her skal vi f\u00e5 p\u00e5 plass ressurser og sikre et bedre samarbeid mellom skole og barnehage.&nbsp;<\/p>\n\n\n\n<p>H\u00f8yre mener skolene selv vet best hvor de trenger ressursene. Derfor vil ikke H\u00f8yre legge f\u00f8ringer p\u00e5 hvor pengene skal brukes ved de enkelte skolene, men heller lytte til de som vet hvor ressursene trengs. Skolene trenger mer tillit.<\/p>\n\n\n\n<p>H\u00f8yre lover \u00e5 ha en plan for skolestruktur og investeringer i skolebygg p\u00e5 Tiller i l\u00f8pet av 100 dager etter valget. Her vil vi ha s\u00f8kelys p\u00e5 at alle elever skal kunne l\u00e6re i trygge og gode klasserom, og at rommene for praktisk-estetiske fag blir brukt til det de er laget for. Man f\u00e5r ikke gjort naturfagsprosjekter i en lab som brukes som klasserom. N\u00e5r vi vedtar v\u00e5rt f\u00f8rste budsjett, skal vi ogs\u00e5 lage en plan for resten av byen.&nbsp;<\/p>\n\n\n\n<div class=\"wp-block-teft-factbox\"><div class=\"factbox-inner\"><div class=\"entry-content\"><h4 class=\"toggle\">Dette vil vi prioritere:<\/h4>\n<ul class=\"wp-block-list\"><li><strong>L\u00f8ft for skriving, lesing og regning<\/strong><\/li><\/ul>\n\n\n\n<p><br>\u00b7&nbsp;&nbsp;&nbsp;&nbsp;&nbsp;&nbsp;&nbsp;&nbsp;&nbsp;Gjennom satsing p\u00e5 forskningsbasert tidlig innsats.&nbsp;<\/p>\n\n\n\n<p>\u00b7&nbsp;&nbsp;&nbsp;&nbsp;&nbsp;&nbsp;&nbsp;&nbsp;&nbsp;Ekstra oppf\u00f8lging til de elevene som trenger det, tidligere.<\/p>\n\n\n\n<p>\u00b7&nbsp;&nbsp;&nbsp;&nbsp;&nbsp;&nbsp;&nbsp;&nbsp;&nbsp;Etter- og videreutdanning i basisfagene for l\u00e6rere i barneskolen.&nbsp;<\/p>\n\n\n\n<p><\/p>\n\n\n\n<ul class=\"wp-block-list\"><li><strong>\u00d8ke bemanningen i skolen &#8211; l\u00e6reren skal f\u00e5 v\u00e6re l\u00e6rer<\/strong><\/li><\/ul>\n\n\n\n<p><br>\u00b7&nbsp;&nbsp;&nbsp;&nbsp;&nbsp;&nbsp;&nbsp;&nbsp;&nbsp;Flere milj\u00f8arbeidere inn i skolen som kan avlaste l\u00e6reren med oppgaver som ikke er knyttet til undervisning<\/p>\n\n\n\n<p>\u00b7&nbsp;&nbsp;&nbsp;&nbsp;&nbsp;&nbsp;&nbsp;&nbsp;&nbsp;Alle skoler skal n\u00e5 l\u00e6rernormen<\/p>\n\n\n\n<p><\/p>\n\n\n\n<ul class=\"wp-block-list\"><li><strong>Styrke laget rundt eleven<\/strong><\/li><\/ul>\n\n\n\n<p><br>\u00b7&nbsp;&nbsp;&nbsp;&nbsp;&nbsp;&nbsp;&nbsp;&nbsp;&nbsp;Sikre tilbud med helsesykepleiere og milj\u00f8koordinatorer p\u00e5 alle skoler.<\/p>\n<\/div><\/div><\/div>\n","protected":false},"excerpt":{"rendered":"<p>\u2013H\u00f8yre skal prioritere det viktigste f\u00f8rst. Vi vet at de som sliter med \u00e5 fullf\u00f8re skolegangen begynner \u00e5 f\u00e5 problemer med \u00e5 henge med tidlig. Vi skal bruke de store pengene p\u00e5 de minste barna, og satse p\u00e5 laget rundt elevene. Derfor velger vi \u00e5 prioritere mange millioner p\u00e5 \u00f8kt grunnbemanning den neste perioden. Alle [&hellip;]<\/p>\n","protected":false},"author":36266,"featured_media":0,"parent":0,"menu_order":0,"comment_status":"closed","ping_status":"closed","template":"","meta":{"teft_cards_image_url":"","teft_cards_custom_pretitle":"","teft_cards_image_id":652,"teft_cards_image_focal_point_x":0.5,"teft_cards_image_focal_point_y":0.5,"teft_cards_title":"","teft_cards_excerpt":"","teft_show_chapters":false,"footnotes":""},"class_list":["post-651","page","type-page","status-publish","hentry"],"yoast_head":"<!-- This site is optimized with the Yoast SEO plugin v26.6 - https:\/\/yoast.com\/wordpress\/plugins\/seo\/ -->\n<title>Skole - Trondheim H\u00f8yre<\/title>\n<meta name=\"robots\" content=\"index, follow, max-snippet:-1, max-image-preview:large, max-video-preview:-1\" \/>\n<link rel=\"canonical\" href=\"https:\/\/hoyre.no\/trondheim\/skole\/\" \/>\n<meta property=\"og:locale\" content=\"nb_NO\" \/>\n<meta property=\"og:type\" content=\"article\" \/>\n<meta property=\"og:title\" content=\"Skole - Trondheim H\u00f8yre\" \/>\n<meta property=\"og:description\" content=\"\u2013H\u00f8yre skal prioritere det viktigste f\u00f8rst. Vi vet at de som sliter med \u00e5 fullf\u00f8re skolegangen begynner \u00e5 f\u00e5 problemer med \u00e5 henge med tidlig. Vi skal bruke de store pengene p\u00e5 de minste barna, og satse p\u00e5 laget rundt elevene. Derfor velger vi \u00e5 prioritere mange millioner p\u00e5 \u00f8kt grunnbemanning den neste perioden. Alle [&hellip;]\" \/>\n<meta property=\"og:url\" content=\"https:\/\/hoyre.no\/trondheim\/skole\/\" \/>\n<meta property=\"og:site_name\" content=\"Trondheim H\u00f8yre\" \/>\n<meta property=\"article:modified_time\" content=\"2023-08-21T05:43:20+00:00\" \/>\n<meta property=\"og:image\" content=\"https:\/\/hoyre.no\/content\/uploads\/sites\/272\/2023\/06\/GettyImages-1269296368-1024x683.jpg\" \/>\n<meta name=\"twitter:card\" content=\"summary_large_image\" \/>\n<meta name=\"twitter:label1\" content=\"Ansl. lesetid\" \/>\n\t<meta name=\"twitter:data1\" content=\"5 minutter\" \/>\n<script type=\"application\/ld+json\" class=\"yoast-schema-graph\">{\"@context\":\"https:\/\/schema.org\",\"@graph\":[{\"@type\":\"WebPage\",\"@id\":\"https:\/\/hoyre.no\/trondheim\/skole\/\",\"url\":\"https:\/\/hoyre.no\/trondheim\/skole\/\",\"name\":\"Skole - Trondheim H\u00f8yre\",\"isPartOf\":{\"@id\":\"https:\/\/hoyre.no\/trondheim\/#website\"},\"image\":{\"@id\":\"https:\/\/hoyre.no\/trondheim\/skole\/#primaryimage\"},\"thumbnailUrl\":\"https:\/\/hoyre.no\/content\/uploads\/sites\/272\/2023\/08\/20230812-IMG_8920-1024x683.jpg\",\"datePublished\":\"2023-06-08T13:49:06+00:00\",\"dateModified\":\"2023-08-21T05:43:20+00:00\",\"breadcrumb\":{\"@id\":\"https:\/\/hoyre.no\/trondheim\/skole\/#breadcrumb\"},\"inLanguage\":\"nb-NO\",\"potentialAction\":[{\"@type\":\"ReadAction\",\"target\":[\"https:\/\/hoyre.no\/trondheim\/skole\/\"]}]},{\"@type\":\"ImageObject\",\"inLanguage\":\"nb-NO\",\"@id\":\"https:\/\/hoyre.no\/trondheim\/skole\/#primaryimage\",\"url\":\"https:\/\/hoyre.no\/content\/uploads\/sites\/272\/2023\/08\/20230812-IMG_8920-1024x683.jpg\",\"contentUrl\":\"https:\/\/hoyre.no\/content\/uploads\/sites\/272\/2023\/08\/20230812-IMG_8920-1024x683.jpg\"},{\"@type\":\"BreadcrumbList\",\"@id\":\"https:\/\/hoyre.no\/trondheim\/skole\/#breadcrumb\",\"itemListElement\":[{\"@type\":\"ListItem\",\"position\":1,\"name\":\"Til hoyre.no\",\"item\":\"https:\/\/hoyre.no\"},{\"@type\":\"ListItem\",\"position\":2,\"name\":\"Hjem\",\"item\":\"https:\/\/hoyre.no\/trondheim\/\"},{\"@type\":\"ListItem\",\"position\":3,\"name\":\"Skole\"}]},{\"@type\":\"WebSite\",\"@id\":\"https:\/\/hoyre.no\/trondheim\/#website\",\"url\":\"https:\/\/hoyre.no\/trondheim\/\",\"name\":\"Trondheim H\u00f8yre\",\"description\":\"Bare enda et H\u00f8yres nettsteder-nettsted\",\"inLanguage\":\"nb-NO\"}]}<\/script>\n<!-- \/ Yoast SEO plugin. -->","yoast_head_json":{"title":"Skole - Trondheim H\u00f8yre","robots":{"index":"index","follow":"follow","max-snippet":"max-snippet:-1","max-image-preview":"max-image-preview:large","max-video-preview":"max-video-preview:-1"},"canonical":"https:\/\/hoyre.no\/trondheim\/skole\/","og_locale":"nb_NO","og_type":"article","og_title":"Skole - Trondheim H\u00f8yre","og_description":"\u2013H\u00f8yre skal prioritere det viktigste f\u00f8rst. Vi vet at de som sliter med \u00e5 fullf\u00f8re skolegangen begynner \u00e5 f\u00e5 problemer med \u00e5 henge med tidlig. Vi skal bruke de store pengene p\u00e5 de minste barna, og satse p\u00e5 laget rundt elevene. Derfor velger vi \u00e5 prioritere mange millioner p\u00e5 \u00f8kt grunnbemanning den neste perioden. Alle [&hellip;]","og_url":"https:\/\/hoyre.no\/trondheim\/skole\/","og_site_name":"Trondheim H\u00f8yre","article_modified_time":"2023-08-21T05:43:20+00:00","og_image":[{"url":"https:\/\/hoyre.no\/content\/uploads\/sites\/272\/2023\/06\/GettyImages-1269296368-1024x683.jpg","width":"","height":"","type":""}],"twitter_card":"summary_large_image","twitter_misc":{"Ansl. lesetid":"5 minutter"},"schema":{"@context":"https:\/\/schema.org","@graph":[{"@type":"WebPage","@id":"https:\/\/hoyre.no\/trondheim\/skole\/","url":"https:\/\/hoyre.no\/trondheim\/skole\/","name":"Skole - Trondheim H\u00f8yre","isPartOf":{"@id":"https:\/\/hoyre.no\/trondheim\/#website"},"image":{"@id":"https:\/\/hoyre.no\/trondheim\/skole\/#primaryimage"},"thumbnailUrl":"https:\/\/hoyre.no\/content\/uploads\/sites\/272\/2023\/08\/20230812-IMG_8920-1024x683.jpg","datePublished":"2023-06-08T13:49:06+00:00","dateModified":"2023-08-21T05:43:20+00:00","breadcrumb":{"@id":"https:\/\/hoyre.no\/trondheim\/skole\/#breadcrumb"},"inLanguage":"nb-NO","potentialAction":[{"@type":"ReadAction","target":["https:\/\/hoyre.no\/trondheim\/skole\/"]}]},{"@type":"ImageObject","inLanguage":"nb-NO","@id":"https:\/\/hoyre.no\/trondheim\/skole\/#primaryimage","url":"https:\/\/hoyre.no\/content\/uploads\/sites\/272\/2023\/08\/20230812-IMG_8920-1024x683.jpg","contentUrl":"https:\/\/hoyre.no\/content\/uploads\/sites\/272\/2023\/08\/20230812-IMG_8920-1024x683.jpg"},{"@type":"BreadcrumbList","@id":"https:\/\/hoyre.no\/trondheim\/skole\/#breadcrumb","itemListElement":[{"@type":"ListItem","position":1,"name":"Til hoyre.no","item":"https:\/\/hoyre.no"},{"@type":"ListItem","position":2,"name":"Hjem","item":"https:\/\/hoyre.no\/trondheim\/"},{"@type":"ListItem","position":3,"name":"Skole"}]},{"@type":"WebSite","@id":"https:\/\/hoyre.no\/trondheim\/#website","url":"https:\/\/hoyre.no\/trondheim\/","name":"Trondheim H\u00f8yre","description":"Bare enda et H\u00f8yres nettsteder-nettsted","inLanguage":"nb-NO"}]}},"distributor_meta":false,"distributor_terms":false,"distributor_media":false,"distributor_original_site_name":"Trondheim H\u00f8yre","distributor_original_site_url":"https:\/\/hoyre.no\/trondheim","push-errors":false,"_links":{"self":[{"href":"https:\/\/hoyre.no\/trondheim\/wp-json\/wp\/v2\/pages\/651","targetHints":{"allow":["GET"]}}],"collection":[{"href":"https:\/\/hoyre.no\/trondheim\/wp-json\/wp\/v2\/pages"}],"about":[{"href":"https:\/\/hoyre.no\/trondheim\/wp-json\/wp\/v2\/types\/page"}],"author":[{"embeddable":true,"href":"https:\/\/hoyre.no\/trondheim\/wp-json\/wp\/v2\/users\/36266"}],"replies":[{"embeddable":true,"href":"https:\/\/hoyre.no\/trondheim\/wp-json\/wp\/v2\/comments?post=651"}],"version-history":[{"count":9,"href":"https:\/\/hoyre.no\/trondheim\/wp-json\/wp\/v2\/pages\/651\/revisions"}],"predecessor-version":[{"id":710,"href":"https:\/\/hoyre.no\/trondheim\/wp-json\/wp\/v2\/pages\/651\/revisions\/710"}],"wp:attachment":[{"href":"https:\/\/hoyre.no\/trondheim\/wp-json\/wp\/v2\/media?parent=651"}],"curies":[{"name":"wp","href":"https:\/\/api.w.org\/{rel}","templated":true}]}}