{"id":660,"date":"2023-06-08T15:56:33","date_gmt":"2023-06-08T13:56:33","guid":{"rendered":"https:\/\/hoyre.no\/trondheim\/?page_id=660"},"modified":"2023-06-08T15:56:34","modified_gmt":"2023-06-08T13:56:34","slug":"privatokonomi","status":"publish","type":"page","link":"https:\/\/hoyre.no\/trondheim\/privatokonomi\/","title":{"rendered":"Privat\u00f8konomi"},"content":{"rendered":"\n<div class=\"wp-block-hoyre-hero with-image-gradient text-color-light  has-media alignfull has-background\"><div class=\"hoyre-hero has-image\"><h1 class=\"title\">Privat\u00f8konomi<\/h1><p class=\"preamble\">Trondheim H\u00f8yres Hovedsaker <\/p>\t\t\t<div class=\"post-meta wp-block teft-byline-wrapper\">\n\t\t\t\t<div class=\"top\">\n\t\t\t\t\t<div class=\"signature\">\n\t\t\t\t\t\t<div class=\"teft-byline\">\n\t\t\t\t\t\t\t\t\t\t\t\t\t\t<div>\n\t\t\t\t\t\t\t\t<h3>H\u00f8yres redaksjon<\/h3>\t\t\t\t\t\t\t\t\n\t\t\t\t\t\t\t\t\t\t\t\t\t\t\t\t\t<span class=\"date\">Sist oppdatert: 8. juni 2023<\/span>\n\t\t\t\t\t\t\t\t\t\t\t\t\t\t\t\t\t\t\t\t\t\t\t\t\t<span class=\"reading-time\" itemprop=\"timeRequired\" content=\"PT1M\"><em>Ca. 1 minutter lesetid<\/em><\/span>\n\t\t\t\t\t\t\t\t\t\t\t\t\t\t\t<\/div>\n\t\t\t\t\t\t<\/div>\n\t\t\t\t\t<\/div>\n\t\t\t\t\t\t<div class=\"sharing\">\n\t\t<a class=\"share-button share-link copy-link\" data-copy=\"https:\/\/hoyre.no\/trondheim\/privatokonomi\/\" target=\"_blank\"><span class=\"screen-reader-text\">Del link<\/span><\/a>\n\t\t<a class=\"share-button share-twitter\" href=\"http:\/\/twitter.com\/share?text=Privat\u00f8konomi&#038;url=https:\/\/hoyre.no\/trondheim\/privatokonomi\/&#038;hashtags=Hoyre\" target=\"_blank\"><span class=\"screen-reader-text\">Del p\u00e5 twitter<\/span><\/a>\n\t\t<a class=\"share-button share-facebook\" href=\"https:\/\/www.facebook.com\/sharer\/sharer.php?u=https:\/\/hoyre.no\/trondheim\/privatokonomi\/\" target=\"_blank\"><span class=\"screen-reader-text\">Del p\u00e5 facebook<\/span><\/a>\n\t<\/div>\n\t\t\t\t\t<\/div>\n\t\t\t<\/div>\n\n\t\t\t<figure class=\"hoyre-image-wrapper\"><div class=\"hoyre-image\"><img loading=\"lazy\" decoding=\"async\" width=\"2500\" height=\"1667\" src=\"https:\/\/hoyre.no\/content\/uploads\/sites\/272\/2023\/05\/GettyImages-648946850-scaled.jpg\" class=\"attachment-scaled size-scaled\" alt=\"\" style=\"object-position: 50% 50%\" srcset=\"https:\/\/hoyre.no\/content\/uploads\/sites\/272\/2023\/05\/GettyImages-648946850-scaled.jpg 2500w, https:\/\/hoyre.no\/content\/uploads\/sites\/272\/2023\/05\/GettyImages-648946850-300x200.jpg 300w, https:\/\/hoyre.no\/content\/uploads\/sites\/272\/2023\/05\/GettyImages-648946850-1024x683.jpg 1024w, https:\/\/hoyre.no\/content\/uploads\/sites\/272\/2023\/05\/GettyImages-648946850-768x512.jpg 768w, https:\/\/hoyre.no\/content\/uploads\/sites\/272\/2023\/05\/GettyImages-648946850-1536x1024.jpg 1536w, https:\/\/hoyre.no\/content\/uploads\/sites\/272\/2023\/05\/GettyImages-648946850-2048x1365.jpg 2048w\" sizes=\"auto, (max-width: 2500px) 100vw, 2500px\" \/><\/div><\/figure><\/div><\/div>\n\n\n\n\n<p><strong>Folk skal sitte igjen med mer av det de tjener selv.<\/strong><\/p>\n\n\n\n<p>Alle i Trondheim merker n\u00e5 at kostnadene har g\u00e5tt opp. Dette kjenner vi p\u00e5 lommeboka. Som kommune har vi et s\u00e6rlig ansvar for \u00e5 ikke \u00f8ke belastningen p\u00e5 en presset privat\u00f8konomi. Dette krever t\u00f8ffe prioriteringer og trygg styring. Som kommune skal vi ikke sende regninga videre til deg som innbygger.<\/p>\n\n\n\n<p><strong>Trondheim H\u00f8yre vil: <\/strong><\/p>\n\n\n\n<ul class=\"wp-block-list\"><li><strong>Holde avgifter og gebyr nede, og stoppe veksten i eiendomsskatten.<\/strong><\/li><li><strong>Gi barn som trenger det en gratis fritidsaktivitet i uka<\/strong><\/li><li><strong>Mer innovasjon og mindre administrasjon.<\/strong><\/li><\/ul>\n\n","protected":false},"excerpt":{"rendered":"","protected":false},"author":36266,"featured_media":0,"parent":0,"menu_order":0,"comment_status":"closed","ping_status":"closed","template":"","meta":{"teft_cards_image_url":"","teft_cards_custom_pretitle":"","teft_cards_image_id":0,"teft_cards_image_focal_point_x":0,"teft_cards_image_focal_point_y":0,"teft_cards_title":"","teft_cards_excerpt":"","teft_show_chapters":false,"footnotes":""},"class_list":["post-660","page","type-page","status-publish","hentry"],"yoast_head":"<!-- This site is optimized with the Yoast SEO plugin v26.6 - https:\/\/yoast.com\/wordpress\/plugins\/seo\/ -->\n<title>Privat\u00f8konomi - Trondheim H\u00f8yre<\/title>\n<meta name=\"robots\" content=\"index, follow, max-snippet:-1, max-image-preview:large, max-video-preview:-1\" \/>\n<link rel=\"canonical\" href=\"https:\/\/hoyre.no\/trondheim\/privatokonomi\/\" \/>\n<meta property=\"og:locale\" content=\"nb_NO\" \/>\n<meta property=\"og:type\" content=\"article\" \/>\n<meta property=\"og:title\" content=\"Privat\u00f8konomi - Trondheim H\u00f8yre\" \/>\n<meta property=\"og:url\" content=\"https:\/\/hoyre.no\/trondheim\/privatokonomi\/\" \/>\n<meta property=\"og:site_name\" content=\"Trondheim H\u00f8yre\" \/>\n<meta property=\"article:modified_time\" content=\"2023-06-08T13:56:34+00:00\" \/>\n<meta property=\"og:image\" content=\"https:\/\/hoyre.no\/content\/uploads\/sites\/272\/2022\/11\/Hoyres-logo.png\" \/>\n\t<meta property=\"og:image:width\" content=\"1000\" \/>\n\t<meta property=\"og:image:height\" content=\"1000\" \/>\n\t<meta property=\"og:image:type\" content=\"image\/png\" \/>\n<meta name=\"twitter:card\" content=\"summary_large_image\" \/>\n<meta name=\"twitter:label1\" content=\"Ansl. lesetid\" \/>\n\t<meta name=\"twitter:data1\" content=\"1 minutt\" \/>\n<script type=\"application\/ld+json\" class=\"yoast-schema-graph\">{\"@context\":\"https:\/\/schema.org\",\"@graph\":[{\"@type\":\"WebPage\",\"@id\":\"https:\/\/hoyre.no\/trondheim\/privatokonomi\/\",\"url\":\"https:\/\/hoyre.no\/trondheim\/privatokonomi\/\",\"name\":\"Privat\u00f8konomi - Trondheim H\u00f8yre\",\"isPartOf\":{\"@id\":\"https:\/\/hoyre.no\/trondheim\/#website\"},\"datePublished\":\"2023-06-08T13:56:33+00:00\",\"dateModified\":\"2023-06-08T13:56:34+00:00\",\"breadcrumb\":{\"@id\":\"https:\/\/hoyre.no\/trondheim\/privatokonomi\/#breadcrumb\"},\"inLanguage\":\"nb-NO\",\"potentialAction\":[{\"@type\":\"ReadAction\",\"target\":[\"https:\/\/hoyre.no\/trondheim\/privatokonomi\/\"]}]},{\"@type\":\"BreadcrumbList\",\"@id\":\"https:\/\/hoyre.no\/trondheim\/privatokonomi\/#breadcrumb\",\"itemListElement\":[{\"@type\":\"ListItem\",\"position\":1,\"name\":\"Til hoyre.no\",\"item\":\"https:\/\/hoyre.no\"},{\"@type\":\"ListItem\",\"position\":2,\"name\":\"Hjem\",\"item\":\"https:\/\/hoyre.no\/trondheim\/\"},{\"@type\":\"ListItem\",\"position\":3,\"name\":\"Privat\u00f8konomi\"}]},{\"@type\":\"WebSite\",\"@id\":\"https:\/\/hoyre.no\/trondheim\/#website\",\"url\":\"https:\/\/hoyre.no\/trondheim\/\",\"name\":\"Trondheim H\u00f8yre\",\"description\":\"Bare enda et H\u00f8yres nettsteder-nettsted\",\"inLanguage\":\"nb-NO\"}]}<\/script>\n<!-- \/ Yoast SEO plugin. -->","yoast_head_json":{"title":"Privat\u00f8konomi - Trondheim H\u00f8yre","robots":{"index":"index","follow":"follow","max-snippet":"max-snippet:-1","max-image-preview":"max-image-preview:large","max-video-preview":"max-video-preview:-1"},"canonical":"https:\/\/hoyre.no\/trondheim\/privatokonomi\/","og_locale":"nb_NO","og_type":"article","og_title":"Privat\u00f8konomi - Trondheim H\u00f8yre","og_url":"https:\/\/hoyre.no\/trondheim\/privatokonomi\/","og_site_name":"Trondheim H\u00f8yre","article_modified_time":"2023-06-08T13:56:34+00:00","og_image":[{"width":1000,"height":1000,"url":"https:\/\/hoyre.no\/content\/uploads\/sites\/272\/2022\/11\/Hoyres-logo.png","type":"image\/png"}],"twitter_card":"summary_large_image","twitter_misc":{"Ansl. lesetid":"1 minutt"},"schema":{"@context":"https:\/\/schema.org","@graph":[{"@type":"WebPage","@id":"https:\/\/hoyre.no\/trondheim\/privatokonomi\/","url":"https:\/\/hoyre.no\/trondheim\/privatokonomi\/","name":"Privat\u00f8konomi - Trondheim H\u00f8yre","isPartOf":{"@id":"https:\/\/hoyre.no\/trondheim\/#website"},"datePublished":"2023-06-08T13:56:33+00:00","dateModified":"2023-06-08T13:56:34+00:00","breadcrumb":{"@id":"https:\/\/hoyre.no\/trondheim\/privatokonomi\/#breadcrumb"},"inLanguage":"nb-NO","potentialAction":[{"@type":"ReadAction","target":["https:\/\/hoyre.no\/trondheim\/privatokonomi\/"]}]},{"@type":"BreadcrumbList","@id":"https:\/\/hoyre.no\/trondheim\/privatokonomi\/#breadcrumb","itemListElement":[{"@type":"ListItem","position":1,"name":"Til hoyre.no","item":"https:\/\/hoyre.no"},{"@type":"ListItem","position":2,"name":"Hjem","item":"https:\/\/hoyre.no\/trondheim\/"},{"@type":"ListItem","position":3,"name":"Privat\u00f8konomi"}]},{"@type":"WebSite","@id":"https:\/\/hoyre.no\/trondheim\/#website","url":"https:\/\/hoyre.no\/trondheim\/","name":"Trondheim H\u00f8yre","description":"Bare enda et H\u00f8yres nettsteder-nettsted","inLanguage":"nb-NO"}]}},"distributor_meta":false,"distributor_terms":false,"distributor_media":false,"distributor_original_site_name":"Trondheim H\u00f8yre","distributor_original_site_url":"https:\/\/hoyre.no\/trondheim","push-errors":false,"_links":{"self":[{"href":"https:\/\/hoyre.no\/trondheim\/wp-json\/wp\/v2\/pages\/660","targetHints":{"allow":["GET"]}}],"collection":[{"href":"https:\/\/hoyre.no\/trondheim\/wp-json\/wp\/v2\/pages"}],"about":[{"href":"https:\/\/hoyre.no\/trondheim\/wp-json\/wp\/v2\/types\/page"}],"author":[{"embeddable":true,"href":"https:\/\/hoyre.no\/trondheim\/wp-json\/wp\/v2\/users\/36266"}],"replies":[{"embeddable":true,"href":"https:\/\/hoyre.no\/trondheim\/wp-json\/wp\/v2\/comments?post=660"}],"version-history":[{"count":1,"href":"https:\/\/hoyre.no\/trondheim\/wp-json\/wp\/v2\/pages\/660\/revisions"}],"predecessor-version":[{"id":661,"href":"https:\/\/hoyre.no\/trondheim\/wp-json\/wp\/v2\/pages\/660\/revisions\/661"}],"wp:attachment":[{"href":"https:\/\/hoyre.no\/trondheim\/wp-json\/wp\/v2\/media?parent=660"}],"curies":[{"name":"wp","href":"https:\/\/api.w.org\/{rel}","templated":true}]}}