{"id":200,"date":"2023-08-22T13:47:42","date_gmt":"2023-08-22T11:47:42","guid":{"rendered":"https:\/\/hoyre.no\/tvedestrand\/?page_id=200"},"modified":"2023-08-22T17:39:45","modified_gmt":"2023-08-22T15:39:45","slug":"ti-gode-grunner-til-a-stemme-hoyre-i-tvedestrand","status":"publish","type":"page","link":"https:\/\/hoyre.no\/tvedestrand\/ti-gode-grunner-til-a-stemme-hoyre-i-tvedestrand\/","title":{"rendered":"Ti gode grunner til \u00e5 stemme H\u00f8yre i Tvedestrand"},"content":{"rendered":"\n<div class=\"wp-block-hoyre-hero with-image-gradient text-color-light  has-media alignfull has-background\"><div class=\"hoyre-hero has-image\"><h1 class=\"title\">Ti gode grunner til \u00e5 stemme H\u00f8yre i Tvedestrand<\/h1><figure class=\"hoyre-image-wrapper\"><div class=\"hoyre-image\"><img loading=\"lazy\" decoding=\"async\" width=\"1920\" height=\"1280\" src=\"https:\/\/hoyre.no\/content\/uploads\/sites\/22\/2023\/08\/Forside-program94.jpg\" class=\"attachment-scaled size-scaled\" alt=\"\" style=\"object-position: 50% 50%\" srcset=\"https:\/\/hoyre.no\/content\/uploads\/sites\/22\/2023\/08\/Forside-program94.jpg 1920w, https:\/\/hoyre.no\/content\/uploads\/sites\/22\/2023\/08\/Forside-program94-300x200.jpg 300w, https:\/\/hoyre.no\/content\/uploads\/sites\/22\/2023\/08\/Forside-program94-1024x683.jpg 1024w, https:\/\/hoyre.no\/content\/uploads\/sites\/22\/2023\/08\/Forside-program94-768x512.jpg 768w, https:\/\/hoyre.no\/content\/uploads\/sites\/22\/2023\/08\/Forside-program94-1536x1024.jpg 1536w\" sizes=\"auto, (max-width: 1920px) 100vw, 1920px\" \/><\/div><\/figure><\/div><\/div>\n\n\n\n\n\n\n\n<div class=\"wp-block-media-text alignwide is-stacked-on-mobile is-image-fill\"><figure class=\"wp-block-media-text__media\" style=\"background-image:url('https:\/\/hoyre.no\/content\/uploads\/sites\/22\/2023\/08\/Kortbudskap-132.jpg');background-position:50% 50%\"><img loading=\"lazy\" decoding=\"async\" width=\"627\" height=\"418\" src=\"https:\/\/hoyre.no\/content\/uploads\/sites\/22\/2023\/08\/Kortbudskap-132.jpg\" alt=\"\" class=\"wp-image-201 size-full\" srcset=\"https:\/\/hoyre.no\/content\/uploads\/sites\/22\/2023\/08\/Kortbudskap-132.jpg 627w, https:\/\/hoyre.no\/content\/uploads\/sites\/22\/2023\/08\/Kortbudskap-132-300x200.jpg 300w\" sizes=\"auto, (max-width: 627px) 100vw, 627px\" \/><\/figure><div class=\"wp-block-media-text__content\">\n<h2 class=\"wp-block-heading\">1. Utvikle omr\u00e5det ved gammel barneskole<\/h2>\n\n\n\n<p>N\u00e5r flere kommunale bygg mellom Rughaven, Tjenna og Knut Knudsens plass er ledige, m\u00e5 omr\u00e5det utvikles slik at dette bidrar til \u00f8kt bosetting. En riktig utvikling og utnyttelse av disse arealene med attraktive leiligheter og uteomr\u00e5der for unge og eldre vil vitalisere sentrum.<\/p>\n<\/div><\/div>\n\n\n\n<div class=\"wp-block-media-text alignwide has-media-on-the-right is-stacked-on-mobile is-image-fill\"><figure class=\"wp-block-media-text__media\" style=\"background-image:url('https:\/\/hoyre.no\/content\/uploads\/sites\/22\/2023\/08\/Kortbudskap-215-1024x768.jpg');background-position:50% 50%\"><img loading=\"lazy\" decoding=\"async\" width=\"1024\" height=\"768\" src=\"https:\/\/hoyre.no\/content\/uploads\/sites\/22\/2023\/08\/Kortbudskap-215-1024x768.jpg\" alt=\"\" class=\"wp-image-202 size-full\" srcset=\"https:\/\/hoyre.no\/content\/uploads\/sites\/22\/2023\/08\/Kortbudskap-215-1024x768.jpg 1024w, https:\/\/hoyre.no\/content\/uploads\/sites\/22\/2023\/08\/Kortbudskap-215-300x225.jpg 300w, https:\/\/hoyre.no\/content\/uploads\/sites\/22\/2023\/08\/Kortbudskap-215-768x576.jpg 768w, https:\/\/hoyre.no\/content\/uploads\/sites\/22\/2023\/08\/Kortbudskap-215-1536x1152.jpg 1536w, https:\/\/hoyre.no\/content\/uploads\/sites\/22\/2023\/08\/Kortbudskap-215-2048x1536.jpg 2048w\" sizes=\"auto, (max-width: 1024px) 100vw, 1024px\" \/><\/figure><div class=\"wp-block-media-text__content\">\n<h2 class=\"wp-block-heading\">2. Ny E18 Tvedestrand &#8211; D\u00f8rdal <\/h2>\n\n\n\n<p>E18 med 4-felt og 100 km\/t m\u00e5 fullf\u00f8res. Boligomr\u00e5der, landbruk og sikkerhet skal prioriteres minst like h\u00f8yt som natur.<\/p>\n<\/div><\/div>\n\n\n\n<div class=\"wp-block-media-text alignwide is-stacked-on-mobile is-image-fill\"><figure class=\"wp-block-media-text__media\" style=\"background-image:url('https:\/\/hoyre.no\/content\/uploads\/sites\/22\/2023\/08\/GettyImages-490607422-1024x683.jpg');background-position:50% 50%\"><img loading=\"lazy\" decoding=\"async\" width=\"1024\" height=\"683\" src=\"https:\/\/hoyre.no\/content\/uploads\/sites\/22\/2023\/08\/GettyImages-490607422-1024x683.jpg\" alt=\"\" class=\"wp-image-205 size-full\" srcset=\"https:\/\/hoyre.no\/content\/uploads\/sites\/22\/2023\/08\/GettyImages-490607422-1024x683.jpg 1024w, https:\/\/hoyre.no\/content\/uploads\/sites\/22\/2023\/08\/GettyImages-490607422-300x200.jpg 300w, https:\/\/hoyre.no\/content\/uploads\/sites\/22\/2023\/08\/GettyImages-490607422-768x512.jpg 768w, https:\/\/hoyre.no\/content\/uploads\/sites\/22\/2023\/08\/GettyImages-490607422-1536x1024.jpg 1536w, https:\/\/hoyre.no\/content\/uploads\/sites\/22\/2023\/08\/GettyImages-490607422-2048x1365.jpg 2048w\" sizes=\"auto, (max-width: 1024px) 100vw, 1024px\" \/><\/figure><div class=\"wp-block-media-text__content\">\n<h2 class=\"wp-block-heading\">3. Morrow-effekten m\u00e5 utnyttes<\/h2>\n\n\n\n<p>Satsingen som planlegges i v\u00e5r umiddelbare n\u00e6rhet kan gi flere tusen nye innbyggere i regionen. Disse muligheter og utfordringene m\u00e5 vi m\u00e5 ta aktiv del i, ved \u00e5 utvikle boligtomter, sikre barnehageplasser, og jobbe godt sammen med nabokommunene med kommunikasjon og informasjon.<\/p>\n<\/div><\/div>\n\n\n\n<div class=\"wp-block-media-text alignwide has-media-on-the-right is-stacked-on-mobile is-image-fill\"><figure class=\"wp-block-media-text__media\" style=\"background-image:url('https:\/\/hoyre.no\/content\/uploads\/sites\/22\/2023\/08\/Kortbudskap-429-1024x768.jpg');background-position:50% 50%\"><img loading=\"lazy\" decoding=\"async\" width=\"1024\" height=\"768\" src=\"https:\/\/hoyre.no\/content\/uploads\/sites\/22\/2023\/08\/Kortbudskap-429-1024x768.jpg\" alt=\"\" class=\"wp-image-204 size-full\" srcset=\"https:\/\/hoyre.no\/content\/uploads\/sites\/22\/2023\/08\/Kortbudskap-429-1024x768.jpg 1024w, https:\/\/hoyre.no\/content\/uploads\/sites\/22\/2023\/08\/Kortbudskap-429-300x225.jpg 300w, https:\/\/hoyre.no\/content\/uploads\/sites\/22\/2023\/08\/Kortbudskap-429-768x576.jpg 768w, https:\/\/hoyre.no\/content\/uploads\/sites\/22\/2023\/08\/Kortbudskap-429-1536x1152.jpg 1536w, https:\/\/hoyre.no\/content\/uploads\/sites\/22\/2023\/08\/Kortbudskap-429-2048x1536.jpg 2048w\" sizes=\"auto, (max-width: 1024px) 100vw, 1024px\" \/><\/figure><div class=\"wp-block-media-text__content\">\n<h2 class=\"wp-block-heading\">4. Vekst i n\u00e6ringslivet og flere arbeidsplasser<\/h2>\n\n\n\n<p>Vi heier p\u00e5 jobbskaperne! Det skal v\u00e6re attraktivt \u00e5 etablere seg og utvikle seg i kommunen v\u00e5r. Vi skal videref\u00f8re kommunens fritak for eiendomsskatt p\u00e5 n\u00e6ringsvirksomhet, og vi skal legge til rette for hel\u00e5rsturisme og oppgradere havneomr\u00e5det. Hytteeiere og turisme er vesentlig for kommunens n\u00e6ringsliv.<\/p>\n<\/div><\/div>\n\n\n\n<div class=\"wp-block-media-text alignwide is-stacked-on-mobile is-image-fill\"><figure class=\"wp-block-media-text__media\" style=\"background-image:url('https:\/\/hoyre.no\/content\/uploads\/sites\/22\/2023\/08\/Kortbudskap-132.jpg');background-position:50% 50%\"><img loading=\"lazy\" decoding=\"async\" width=\"627\" height=\"418\" src=\"https:\/\/hoyre.no\/content\/uploads\/sites\/22\/2023\/08\/Kortbudskap-132.jpg\" alt=\"\" class=\"wp-image-201 size-full\" srcset=\"https:\/\/hoyre.no\/content\/uploads\/sites\/22\/2023\/08\/Kortbudskap-132.jpg 627w, https:\/\/hoyre.no\/content\/uploads\/sites\/22\/2023\/08\/Kortbudskap-132-300x200.jpg 300w\" sizes=\"auto, (max-width: 627px) 100vw, 627px\" \/><\/figure><div class=\"wp-block-media-text__content\">\n<h2 class=\"wp-block-heading\">5. \u00d8kt boligbygging og aktive lokalsamfunn<\/h2>\n\n\n\n<p>Vi skal v\u00e6re en JA-kommune ved \u00e5 legge til rette for boligbygging b\u00e5de sentrumsn\u00e6rt og i kretsene, med m\u00e5l om flere yngre innbyggere og familier. Vi skal ha en positiv holdning og st\u00f8tte aktiviteter og initiativ fra lokalsamfunnene.<\/p>\n<\/div><\/div>\n\n\n\n<div class=\"wp-block-media-text alignwide has-media-on-the-right is-stacked-on-mobile is-image-fill\"><figure class=\"wp-block-media-text__media\" style=\"background-image:url('https:\/\/hoyre.no\/content\/uploads\/sites\/32\/2023\/05\/GettyImages-1380156451-1024x683.jpg');background-position:50% 50%\"><img decoding=\"async\" src=\"https:\/\/hoyre.no\/content\/uploads\/sites\/32\/2023\/05\/GettyImages-1380156451-1024x683.jpg\" alt=\"\" class=\"wp-image-148 size-full\" \/><\/figure><div class=\"wp-block-media-text__content\">\n<h2 class=\"wp-block-heading\">6. Trygge l\u00e6rings- og oppvekstvilk\u00e5r for barn og unge<\/h2>\n\n\n\n<p>\u00c5 v\u00e6re ung i Tvedestrand skal v\u00e6re spennende, g\u00f8y, inkluderende og trygt. Vi m\u00e5 legge til rette for rusfrie aktiviteter og styrke den tidlige innsatsen med vekt p\u00e5 mestring og tilh\u00f8righet.<\/p>\n<\/div><\/div>\n\n\n\n<div class=\"wp-block-media-text alignwide is-stacked-on-mobile is-image-fill\"><figure class=\"wp-block-media-text__media\" style=\"background-image:url('https:\/\/hoyre.no\/content\/uploads\/sites\/22\/2023\/08\/GettyImages-1053414448-1024x683.jpg');background-position:50% 50%\"><img loading=\"lazy\" decoding=\"async\" width=\"1024\" height=\"683\" src=\"https:\/\/hoyre.no\/content\/uploads\/sites\/22\/2023\/08\/GettyImages-1053414448-1024x683.jpg\" alt=\"\" class=\"wp-image-206 size-full\" srcset=\"https:\/\/hoyre.no\/content\/uploads\/sites\/22\/2023\/08\/GettyImages-1053414448-1024x683.jpg 1024w, https:\/\/hoyre.no\/content\/uploads\/sites\/22\/2023\/08\/GettyImages-1053414448-300x200.jpg 300w, https:\/\/hoyre.no\/content\/uploads\/sites\/22\/2023\/08\/GettyImages-1053414448-768x512.jpg 768w, https:\/\/hoyre.no\/content\/uploads\/sites\/22\/2023\/08\/GettyImages-1053414448-1536x1024.jpg 1536w, https:\/\/hoyre.no\/content\/uploads\/sites\/22\/2023\/08\/GettyImages-1053414448-2048x1365.jpg 2048w\" sizes=\"auto, (max-width: 1024px) 100vw, 1024px\" \/><\/figure><div class=\"wp-block-media-text__content\">\n<h2 class=\"wp-block-heading\">7. Gode helse- og omsorgstjenester til alle<\/h2>\n\n\n\n<p>Syke og eldre skal bli godt ivaretatt i Tvedestrand. Vi skal jobbe for heltidsstillinger og endrede turnusordninger som skal bidra til forn\u00f8yde ansatte og brukere. Skal kommunen evne \u00e5 m\u00f8te demografiendringene og gi forsvarlige tjenester fremover, m\u00e5 vi t\u00f8rre \u00e5 vurdere bemanningsutfordringene i full bredde.<\/p>\n<\/div><\/div>\n\n\n\n<div class=\"wp-block-media-text alignwide has-media-on-the-right is-stacked-on-mobile is-image-fill\"><figure class=\"wp-block-media-text__media\" style=\"background-image:url('https:\/\/hoyre.no\/content\/uploads\/sites\/22\/2023\/08\/GettyImages-928453496-1024x683.jpg');background-position:50% 50%\"><img loading=\"lazy\" decoding=\"async\" width=\"1024\" height=\"683\" src=\"https:\/\/hoyre.no\/content\/uploads\/sites\/22\/2023\/08\/GettyImages-928453496-1024x683.jpg\" alt=\"\" class=\"wp-image-207 size-full\" srcset=\"https:\/\/hoyre.no\/content\/uploads\/sites\/22\/2023\/08\/GettyImages-928453496-1024x683.jpg 1024w, https:\/\/hoyre.no\/content\/uploads\/sites\/22\/2023\/08\/GettyImages-928453496-300x200.jpg 300w, https:\/\/hoyre.no\/content\/uploads\/sites\/22\/2023\/08\/GettyImages-928453496-768x512.jpg 768w, https:\/\/hoyre.no\/content\/uploads\/sites\/22\/2023\/08\/GettyImages-928453496-1536x1024.jpg 1536w, https:\/\/hoyre.no\/content\/uploads\/sites\/22\/2023\/08\/GettyImages-928453496-2048x1365.jpg 2048w\" sizes=\"auto, (max-width: 1024px) 100vw, 1024px\" \/><\/figure><div class=\"wp-block-media-text__content\">\n<h2 class=\"wp-block-heading\">8. Effektivitet og kvalitet i kommunale tjenester<\/h2>\n\n\n\n<p>Tvedestrand skal ha kommunale tjenester som v\u00e5re innbyggere er forn\u00f8yde med. Vi m\u00e5 skape arenaer for mer direkte kontakt mellom innbyggere, administrasjon og politikere, og vi m\u00e5 forbedre informasjon og kommunikasjon med innbyggere, hytteeiere og bes\u00f8kende.<\/p>\n<\/div><\/div>\n\n\n\n<div class=\"wp-block-media-text alignwide is-stacked-on-mobile is-image-fill\"><figure class=\"wp-block-media-text__media\" style=\"background-image:url('https:\/\/hoyre.no\/content\/uploads\/sites\/22\/2023\/08\/GettyImages-1151450738-1024x683.jpg');background-position:50% 50%\"><img loading=\"lazy\" decoding=\"async\" width=\"1024\" height=\"683\" src=\"https:\/\/hoyre.no\/content\/uploads\/sites\/22\/2023\/08\/GettyImages-1151450738-1024x683.jpg\" alt=\"\" class=\"wp-image-208 size-full\" srcset=\"https:\/\/hoyre.no\/content\/uploads\/sites\/22\/2023\/08\/GettyImages-1151450738-1024x683.jpg 1024w, https:\/\/hoyre.no\/content\/uploads\/sites\/22\/2023\/08\/GettyImages-1151450738-300x200.jpg 300w, https:\/\/hoyre.no\/content\/uploads\/sites\/22\/2023\/08\/GettyImages-1151450738-768x512.jpg 768w, https:\/\/hoyre.no\/content\/uploads\/sites\/22\/2023\/08\/GettyImages-1151450738-1536x1024.jpg 1536w, https:\/\/hoyre.no\/content\/uploads\/sites\/22\/2023\/08\/GettyImages-1151450738-2048x1365.jpg 2048w\" sizes=\"auto, (max-width: 1024px) 100vw, 1024px\" \/><\/figure><div class=\"wp-block-media-text__content\">\n<h2 class=\"wp-block-heading\">9. Sterkere fokus p\u00e5 klima, energi og milj\u00f8<\/h2>\n\n\n\n<p>Tvedestrand kommune skal ta klima, energi og milj\u00f8ansvaret p\u00e5 alvor. Ny plan m\u00e5 etableres, kommunal kunnskap om energir\u00e5dgivning m\u00e5 \u00f8kes, og vi skal st\u00f8tte og motivere n\u00e6ringsdrivende og privat til bruk av alternative energikilder og energitiltak.<\/p>\n<\/div><\/div>\n\n\n\n<div class=\"wp-block-media-text alignwide has-media-on-the-right is-stacked-on-mobile is-image-fill\"><figure class=\"wp-block-media-text__media\" style=\"background-image:url('https:\/\/hoyre.no\/content\/uploads\/sites\/22\/2023\/08\/GettyImages-1182436639-1024x683.jpg');background-position:50% 50%\"><img loading=\"lazy\" decoding=\"async\" width=\"1024\" height=\"683\" src=\"https:\/\/hoyre.no\/content\/uploads\/sites\/22\/2023\/08\/GettyImages-1182436639-1024x683.jpg\" alt=\"\" class=\"wp-image-209 size-full\" srcset=\"https:\/\/hoyre.no\/content\/uploads\/sites\/22\/2023\/08\/GettyImages-1182436639-1024x683.jpg 1024w, https:\/\/hoyre.no\/content\/uploads\/sites\/22\/2023\/08\/GettyImages-1182436639-300x200.jpg 300w, https:\/\/hoyre.no\/content\/uploads\/sites\/22\/2023\/08\/GettyImages-1182436639-768x512.jpg 768w, https:\/\/hoyre.no\/content\/uploads\/sites\/22\/2023\/08\/GettyImages-1182436639-1536x1024.jpg 1536w, https:\/\/hoyre.no\/content\/uploads\/sites\/22\/2023\/08\/GettyImages-1182436639-2048x1365.jpg 2048w\" sizes=\"auto, (max-width: 1024px) 100vw, 1024px\" \/><\/figure><div class=\"wp-block-media-text__content\">\n<h2 class=\"wp-block-heading\">10. Kommunestruktur<\/h2>\n\n\n\n<p>Tvedestrand m\u00e5 som andre kommuner ha kompetanse, fagmilj\u00f8er og ressurser som sikrer innbyggerne gode og effektive tjenester. H\u00f8yre mener det er ansvarlig ikke \u00e5 utelukke noe alternativ for hvordan man skal l\u00f8se fremtidens utfordringer, f\u00f8r temaet er vurdert p\u00e5 en n\u00f8ytral og grundig m\u00e5te.<\/p>\n<\/div><\/div>\n\n\n\n<div class=\"wp-block-hoyre-banner alignwide undefined has-icon-title icon-heart is-style-blue\"><div class=\"banner-inner\"><figure class=\"hoyre-image-wrapper\"><div class=\"hoyre-image\"><img loading=\"lazy\" decoding=\"async\" width=\"627\" height=\"418\" src=\"https:\/\/hoyre.no\/content\/uploads\/sites\/22\/2023\/08\/Kortbudskap-132.jpg\" class=\"attachment-scaled size-scaled\" alt=\"\" style=\"object-position: 13% 34%\" srcset=\"https:\/\/hoyre.no\/content\/uploads\/sites\/22\/2023\/08\/Kortbudskap-132.jpg 627w, https:\/\/hoyre.no\/content\/uploads\/sites\/22\/2023\/08\/Kortbudskap-132-300x200.jpg 300w\" sizes=\"auto, (max-width: 627px) 100vw, 627px\" \/><\/div><\/figure><div class=\"banner-content\"><div class=\"entry-content\">\n<h2 class=\"wp-block-heading\">Fant du ikke din hjertesak?<\/h2>\n\n\n\n<p>Det er heldigvis mange gode grunner til \u00e5 stemme H\u00f8yre i Tvedestrand. Finn ut hva vi mener om din hjertesak ved \u00e5 lese programmet v\u00e5rt!<\/p>\n\n\n\n<div class=\"wp-block-buttons is-layout-flex wp-block-buttons-is-layout-flex\">\n<div class=\"wp-block-button\"><a class=\"wp-block-button__link\" href=\"https:\/\/hoyre.no\/tvedestrand\/politikk\/\">LES Tvedestrand H\u00d8YRES VALGPROGRAM<\/a><\/div>\n<\/div>\n<\/div><\/div><\/div><\/div>\n\n\n\n<div class=\"wp-block-hoyre-banner alignwide undefined\"><div class=\"banner-inner\"><figure class=\"hoyre-image-wrapper\"><div class=\"hoyre-image\"><img loading=\"lazy\" decoding=\"async\" width=\"1667\" height=\"2500\" src=\"https:\/\/hoyre.no\/content\/uploads\/sites\/22\/2023\/08\/Marianne-pa\u030a-benk68-scaled.jpg\" class=\"attachment-scaled size-scaled\" alt=\"\" style=\"object-position: 46% 23%\" srcset=\"https:\/\/hoyre.no\/content\/uploads\/sites\/22\/2023\/08\/Marianne-pa\u030a-benk68-scaled.jpg 1667w, https:\/\/hoyre.no\/content\/uploads\/sites\/22\/2023\/08\/Marianne-pa\u030a-benk68-200x300.jpg 200w, https:\/\/hoyre.no\/content\/uploads\/sites\/22\/2023\/08\/Marianne-pa\u030a-benk68-683x1024.jpg 683w, https:\/\/hoyre.no\/content\/uploads\/sites\/22\/2023\/08\/Marianne-pa\u030a-benk68-768x1152.jpg 768w, https:\/\/hoyre.no\/content\/uploads\/sites\/22\/2023\/08\/Marianne-pa\u030a-benk68-1024x1536.jpg 1024w, https:\/\/hoyre.no\/content\/uploads\/sites\/22\/2023\/08\/Marianne-pa\u030a-benk68-1365x2048.jpg 1365w\" sizes=\"auto, (max-width: 1667px) 100vw, 1667px\" \/><\/div><\/figure><div class=\"banner-content\"><div class=\"entry-content\">\n<h2 class=\"wp-block-heading\">Bli bedre kjent med Tvedestrand H\u00f8yres ordf\u00f8rerkandidat<\/h2>\n\n\n\n<p>Marianne Landaas er v\u00e5r ordf\u00f8rerkandidat for kommunevalget i 2023. Bli bedre kjent med hvem hun er og hva hun st\u00e5r for \ud83d\udc47<\/p>\n\n\n\n<div class=\"wp-block-buttons is-layout-flex wp-block-buttons-is-layout-flex\">\n<div class=\"wp-block-button\"><a class=\"wp-block-button__link\" href=\"https:\/\/hoyre.no\/tvedestrand\/marianne-landaas-var-ordforerkandidat\/\">BLI KJENT MED Marianne<\/a><\/div>\n<\/div>\n<\/div><\/div><\/div><\/div>\n","protected":false},"excerpt":{"rendered":"<p>1. Utvikle omr\u00e5det ved gammel barneskole N\u00e5r flere kommunale bygg mellom Rughaven, Tjenna og Knut Knudsens plass er ledige, m\u00e5 omr\u00e5det utvikles slik at dette bidrar til \u00f8kt bosetting. En riktig utvikling og utnyttelse av disse arealene med attraktive leiligheter og uteomr\u00e5der for unge og eldre vil vitalisere sentrum. 2. Ny E18 Tvedestrand &#8211; D\u00f8rdal [&hellip;]<\/p>\n","protected":false},"author":347,"featured_media":0,"parent":0,"menu_order":0,"comment_status":"closed","ping_status":"closed","template":"","meta":{"teft_cards_image_url":"","teft_cards_custom_pretitle":"","teft_cards_image_id":218,"teft_cards_image_focal_point_x":0.5,"teft_cards_image_focal_point_y":0.5,"teft_cards_title":"","teft_cards_excerpt":"","teft_show_chapters":false,"footnotes":""},"class_list":["post-200","page","type-page","status-publish","hentry"],"yoast_head":"<!-- This site is optimized with the Yoast SEO plugin v26.6 - https:\/\/yoast.com\/wordpress\/plugins\/seo\/ -->\n<title>Ti gode grunner til \u00e5 stemme H\u00f8yre i Tvedestrand - Tvedestrand H\u00f8yre<\/title>\n<meta name=\"robots\" content=\"index, follow, max-snippet:-1, max-image-preview:large, max-video-preview:-1\" \/>\n<link rel=\"canonical\" href=\"https:\/\/hoyre.no\/tvedestrand\/ti-gode-grunner-til-a-stemme-hoyre-i-tvedestrand\/\" \/>\n<meta property=\"og:locale\" content=\"nb_NO\" \/>\n<meta property=\"og:type\" content=\"article\" \/>\n<meta property=\"og:title\" content=\"Ti gode grunner til \u00e5 stemme H\u00f8yre i Tvedestrand - Tvedestrand H\u00f8yre\" \/>\n<meta property=\"og:description\" content=\"1. Utvikle omr\u00e5det ved gammel barneskole N\u00e5r flere kommunale bygg mellom Rughaven, Tjenna og Knut Knudsens plass er ledige, m\u00e5 omr\u00e5det utvikles slik at dette bidrar til \u00f8kt bosetting. En riktig utvikling og utnyttelse av disse arealene med attraktive leiligheter og uteomr\u00e5der for unge og eldre vil vitalisere sentrum. 2. Ny E18 Tvedestrand &#8211; D\u00f8rdal [&hellip;]\" \/>\n<meta property=\"og:url\" content=\"https:\/\/hoyre.no\/tvedestrand\/ti-gode-grunner-til-a-stemme-hoyre-i-tvedestrand\/\" \/>\n<meta property=\"og:site_name\" content=\"Tvedestrand H\u00f8yre\" \/>\n<meta property=\"article:modified_time\" content=\"2023-08-22T15:39:45+00:00\" \/>\n<meta property=\"og:image\" content=\"https:\/\/hoyre.no\/content\/uploads\/sites\/22\/2023\/08\/Forside-program94-1024x683.jpg\" \/>\n<meta name=\"twitter:card\" content=\"summary_large_image\" \/>\n<meta name=\"twitter:label1\" content=\"Ansl. lesetid\" \/>\n\t<meta name=\"twitter:data1\" content=\"5 minutter\" \/>\n<script type=\"application\/ld+json\" class=\"yoast-schema-graph\">{\"@context\":\"https:\/\/schema.org\",\"@graph\":[{\"@type\":\"WebPage\",\"@id\":\"https:\/\/hoyre.no\/tvedestrand\/ti-gode-grunner-til-a-stemme-hoyre-i-tvedestrand\/\",\"url\":\"https:\/\/hoyre.no\/tvedestrand\/ti-gode-grunner-til-a-stemme-hoyre-i-tvedestrand\/\",\"name\":\"Ti gode grunner til \u00e5 stemme H\u00f8yre i Tvedestrand - Tvedestrand H\u00f8yre\",\"isPartOf\":{\"@id\":\"https:\/\/hoyre.no\/tvedestrand\/#website\"},\"image\":{\"@id\":\"https:\/\/hoyre.no\/tvedestrand\/ti-gode-grunner-til-a-stemme-hoyre-i-tvedestrand\/#primaryimage\"},\"thumbnailUrl\":\"https:\/\/hoyre.no\/content\/uploads\/sites\/22\/2023\/08\/Kortbudskap-132.jpg\",\"datePublished\":\"2023-08-22T11:47:42+00:00\",\"dateModified\":\"2023-08-22T15:39:45+00:00\",\"breadcrumb\":{\"@id\":\"https:\/\/hoyre.no\/tvedestrand\/ti-gode-grunner-til-a-stemme-hoyre-i-tvedestrand\/#breadcrumb\"},\"inLanguage\":\"nb-NO\",\"potentialAction\":[{\"@type\":\"ReadAction\",\"target\":[\"https:\/\/hoyre.no\/tvedestrand\/ti-gode-grunner-til-a-stemme-hoyre-i-tvedestrand\/\"]}]},{\"@type\":\"ImageObject\",\"inLanguage\":\"nb-NO\",\"@id\":\"https:\/\/hoyre.no\/tvedestrand\/ti-gode-grunner-til-a-stemme-hoyre-i-tvedestrand\/#primaryimage\",\"url\":\"https:\/\/hoyre.no\/content\/uploads\/sites\/22\/2023\/08\/Kortbudskap-132.jpg\",\"contentUrl\":\"https:\/\/hoyre.no\/content\/uploads\/sites\/22\/2023\/08\/Kortbudskap-132.jpg\"},{\"@type\":\"BreadcrumbList\",\"@id\":\"https:\/\/hoyre.no\/tvedestrand\/ti-gode-grunner-til-a-stemme-hoyre-i-tvedestrand\/#breadcrumb\",\"itemListElement\":[{\"@type\":\"ListItem\",\"position\":1,\"name\":\"Til hoyre.no\",\"item\":\"https:\/\/hoyre.no\"},{\"@type\":\"ListItem\",\"position\":2,\"name\":\"Hjem\",\"item\":\"https:\/\/hoyre.no\/tvedestrand\/\"},{\"@type\":\"ListItem\",\"position\":3,\"name\":\"Ti gode grunner til \u00e5 stemme H\u00f8yre i Tvedestrand\"}]},{\"@type\":\"WebSite\",\"@id\":\"https:\/\/hoyre.no\/tvedestrand\/#website\",\"url\":\"https:\/\/hoyre.no\/tvedestrand\/\",\"name\":\"Tvedestrand H\u00f8yre\",\"description\":\"Bare enda et H\u00f8yres nettsteder-nettsted\",\"inLanguage\":\"nb-NO\"}]}<\/script>\n<!-- \/ Yoast SEO plugin. -->","yoast_head_json":{"title":"Ti gode grunner til \u00e5 stemme H\u00f8yre i Tvedestrand - Tvedestrand H\u00f8yre","robots":{"index":"index","follow":"follow","max-snippet":"max-snippet:-1","max-image-preview":"max-image-preview:large","max-video-preview":"max-video-preview:-1"},"canonical":"https:\/\/hoyre.no\/tvedestrand\/ti-gode-grunner-til-a-stemme-hoyre-i-tvedestrand\/","og_locale":"nb_NO","og_type":"article","og_title":"Ti gode grunner til \u00e5 stemme H\u00f8yre i Tvedestrand - Tvedestrand H\u00f8yre","og_description":"1. Utvikle omr\u00e5det ved gammel barneskole N\u00e5r flere kommunale bygg mellom Rughaven, Tjenna og Knut Knudsens plass er ledige, m\u00e5 omr\u00e5det utvikles slik at dette bidrar til \u00f8kt bosetting. En riktig utvikling og utnyttelse av disse arealene med attraktive leiligheter og uteomr\u00e5der for unge og eldre vil vitalisere sentrum. 2. Ny E18 Tvedestrand &#8211; D\u00f8rdal [&hellip;]","og_url":"https:\/\/hoyre.no\/tvedestrand\/ti-gode-grunner-til-a-stemme-hoyre-i-tvedestrand\/","og_site_name":"Tvedestrand H\u00f8yre","article_modified_time":"2023-08-22T15:39:45+00:00","og_image":[{"url":"https:\/\/hoyre.no\/content\/uploads\/sites\/22\/2023\/08\/Forside-program94-1024x683.jpg","width":"","height":"","type":""}],"twitter_card":"summary_large_image","twitter_misc":{"Ansl. lesetid":"5 minutter"},"schema":{"@context":"https:\/\/schema.org","@graph":[{"@type":"WebPage","@id":"https:\/\/hoyre.no\/tvedestrand\/ti-gode-grunner-til-a-stemme-hoyre-i-tvedestrand\/","url":"https:\/\/hoyre.no\/tvedestrand\/ti-gode-grunner-til-a-stemme-hoyre-i-tvedestrand\/","name":"Ti gode grunner til \u00e5 stemme H\u00f8yre i Tvedestrand - Tvedestrand H\u00f8yre","isPartOf":{"@id":"https:\/\/hoyre.no\/tvedestrand\/#website"},"image":{"@id":"https:\/\/hoyre.no\/tvedestrand\/ti-gode-grunner-til-a-stemme-hoyre-i-tvedestrand\/#primaryimage"},"thumbnailUrl":"https:\/\/hoyre.no\/content\/uploads\/sites\/22\/2023\/08\/Kortbudskap-132.jpg","datePublished":"2023-08-22T11:47:42+00:00","dateModified":"2023-08-22T15:39:45+00:00","breadcrumb":{"@id":"https:\/\/hoyre.no\/tvedestrand\/ti-gode-grunner-til-a-stemme-hoyre-i-tvedestrand\/#breadcrumb"},"inLanguage":"nb-NO","potentialAction":[{"@type":"ReadAction","target":["https:\/\/hoyre.no\/tvedestrand\/ti-gode-grunner-til-a-stemme-hoyre-i-tvedestrand\/"]}]},{"@type":"ImageObject","inLanguage":"nb-NO","@id":"https:\/\/hoyre.no\/tvedestrand\/ti-gode-grunner-til-a-stemme-hoyre-i-tvedestrand\/#primaryimage","url":"https:\/\/hoyre.no\/content\/uploads\/sites\/22\/2023\/08\/Kortbudskap-132.jpg","contentUrl":"https:\/\/hoyre.no\/content\/uploads\/sites\/22\/2023\/08\/Kortbudskap-132.jpg"},{"@type":"BreadcrumbList","@id":"https:\/\/hoyre.no\/tvedestrand\/ti-gode-grunner-til-a-stemme-hoyre-i-tvedestrand\/#breadcrumb","itemListElement":[{"@type":"ListItem","position":1,"name":"Til hoyre.no","item":"https:\/\/hoyre.no"},{"@type":"ListItem","position":2,"name":"Hjem","item":"https:\/\/hoyre.no\/tvedestrand\/"},{"@type":"ListItem","position":3,"name":"Ti gode grunner til \u00e5 stemme H\u00f8yre i Tvedestrand"}]},{"@type":"WebSite","@id":"https:\/\/hoyre.no\/tvedestrand\/#website","url":"https:\/\/hoyre.no\/tvedestrand\/","name":"Tvedestrand H\u00f8yre","description":"Bare enda et H\u00f8yres nettsteder-nettsted","inLanguage":"nb-NO"}]}},"distributor_meta":false,"distributor_terms":false,"distributor_media":false,"distributor_original_site_name":"Tvedestrand H\u00f8yre","distributor_original_site_url":"https:\/\/hoyre.no\/tvedestrand","push-errors":false,"_links":{"self":[{"href":"https:\/\/hoyre.no\/tvedestrand\/wp-json\/wp\/v2\/pages\/200","targetHints":{"allow":["GET"]}}],"collection":[{"href":"https:\/\/hoyre.no\/tvedestrand\/wp-json\/wp\/v2\/pages"}],"about":[{"href":"https:\/\/hoyre.no\/tvedestrand\/wp-json\/wp\/v2\/types\/page"}],"author":[{"embeddable":true,"href":"https:\/\/hoyre.no\/tvedestrand\/wp-json\/wp\/v2\/users\/347"}],"replies":[{"embeddable":true,"href":"https:\/\/hoyre.no\/tvedestrand\/wp-json\/wp\/v2\/comments?post=200"}],"version-history":[{"count":3,"href":"https:\/\/hoyre.no\/tvedestrand\/wp-json\/wp\/v2\/pages\/200\/revisions"}],"predecessor-version":[{"id":220,"href":"https:\/\/hoyre.no\/tvedestrand\/wp-json\/wp\/v2\/pages\/200\/revisions\/220"}],"wp:attachment":[{"href":"https:\/\/hoyre.no\/tvedestrand\/wp-json\/wp\/v2\/media?parent=200"}],"curies":[{"name":"wp","href":"https:\/\/api.w.org\/{rel}","templated":true}]}}