{"id":119,"date":"2023-06-11T22:23:00","date_gmt":"2023-06-11T20:23:00","guid":{"rendered":"https:\/\/hoyre.no\/ullensvang\/?page_id=119"},"modified":"2023-06-30T14:17:25","modified_gmt":"2023-06-30T12:17:25","slug":"valprogram-ullensvang-hogre-2023-2027","status":"publish","type":"page","link":"https:\/\/hoyre.no\/ullensvang\/valprogram-ullensvang-hogre-2023-2027\/","title":{"rendered":"Valprogram Ullensvang H\u00f8gre 2023-2027"},"content":{"rendered":"\n<div class=\"wp-block-hoyre-hero with-image-gradient text-color-light  has-media alignfull has-background\"><div class=\"hoyre-hero has-image\"><h1 class=\"title\">Valprogram<br>2023-2027<\/h1><p class=\"preamble\">Sj\u00e5 kva H\u00f8gre g\u00e5r til val p\u00e5 i Ullensvang i komande periode!<\/p>\t\t\t<div class=\"post-meta wp-block teft-byline-wrapper\">\n\t\t\t\t<div class=\"top\">\n\t\t\t\t\t<div class=\"signature\">\n\t\t\t\t\t\t<div class=\"teft-byline\">\n\t\t\t\t\t\t\t\t\t\t\t\t\t\t<div>\n\t\t\t\t\t\t\t\t<h3>H\u00f8yres redaksjon<\/h3>\t\t\t\t\t\t\t\t\n\t\t\t\t\t\t\t\t\t\t\t\t\t\t\t\t\t<span class=\"date\">Sist oppdatert: 30. juni 2023<\/span>\n\t\t\t\t\t\t\t\t\t\t\t\t\t\t\t\t\t\t\t\t\t\t\t\t\t<span class=\"reading-time\" itemprop=\"timeRequired\" content=\"PT1M\"><em>Ca. 1 minutter lesetid<\/em><\/span>\n\t\t\t\t\t\t\t\t\t\t\t\t\t\t\t<\/div>\n\t\t\t\t\t\t<\/div>\n\t\t\t\t\t<\/div>\n\t\t\t\t\t\t<div class=\"sharing\">\n\t\t<a class=\"share-button share-link copy-link\" data-copy=\"https:\/\/hoyre.no\/ullensvang\/valprogram-ullensvang-hogre-2023-2027\/\" target=\"_blank\"><span class=\"screen-reader-text\">Del link<\/span><\/a>\n\t\t<a class=\"share-button share-twitter\" href=\"http:\/\/twitter.com\/share?text=Valprogram Ullensvang H\u00f8gre 2023-2027&#038;url=https:\/\/hoyre.no\/ullensvang\/valprogram-ullensvang-hogre-2023-2027\/&#038;hashtags=Hoyre\" target=\"_blank\"><span class=\"screen-reader-text\">Del p\u00e5 twitter<\/span><\/a>\n\t\t<a class=\"share-button share-facebook\" href=\"https:\/\/www.facebook.com\/sharer\/sharer.php?u=https:\/\/hoyre.no\/ullensvang\/valprogram-ullensvang-hogre-2023-2027\/\" target=\"_blank\"><span class=\"screen-reader-text\">Del p\u00e5 facebook<\/span><\/a>\n\t<\/div>\n\t\t\t\t\t<\/div>\n\t\t\t<\/div>\n\n\t\t\t<figure class=\"hoyre-image-wrapper\"><div class=\"hoyre-image\"><img loading=\"lazy\" decoding=\"async\" width=\"1170\" height=\"1560\" src=\"https:\/\/hoyre.no\/content\/uploads\/sites\/313\/2023\/06\/Inger-Synnove-i-Ullensvang.jpeg\" class=\"attachment-scaled size-scaled\" alt=\"\" style=\"object-position: 40% 65%\" srcset=\"https:\/\/hoyre.no\/content\/uploads\/sites\/313\/2023\/06\/Inger-Synnove-i-Ullensvang.jpeg 1170w, https:\/\/hoyre.no\/content\/uploads\/sites\/313\/2023\/06\/Inger-Synnove-i-Ullensvang-225x300.jpeg 225w, https:\/\/hoyre.no\/content\/uploads\/sites\/313\/2023\/06\/Inger-Synnove-i-Ullensvang-768x1024.jpeg 768w, https:\/\/hoyre.no\/content\/uploads\/sites\/313\/2023\/06\/Inger-Synnove-i-Ullensvang-1152x1536.jpeg 1152w\" sizes=\"auto, (max-width: 1170px) 100vw, 1170px\" \/><\/div><\/figure><\/div><\/div>\n\n\n\n\n<p>H\u00f8gre ynskjer at Ullensvang skal vere ein god kommune \u00e5 bu og leve i. Me vil vere p\u00e5 lag med jobbskaparane, skape gode tenester til innbyggjarane og f\u00f8re ein politikk som gir moglegheiter for alle.<\/p>\n\n\n\n<div class=\"wp-block-media-text alignwide is-stacked-on-mobile is-image-fill\" style=\"grid-template-columns:30% auto\"><figure class=\"wp-block-media-text__media\" style=\"background-image:url('https:\/\/hoyre.no\/content\/uploads\/sites\/313\/2023\/04\/IMG_3706-1024x1007.jpg');background-position:50% 50%\"><img loading=\"lazy\" decoding=\"async\" width=\"1024\" height=\"1007\" src=\"https:\/\/hoyre.no\/content\/uploads\/sites\/313\/2023\/04\/IMG_3706-1024x1007.jpg\" alt=\"\" class=\"wp-image-81 size-full\" srcset=\"https:\/\/hoyre.no\/content\/uploads\/sites\/313\/2023\/04\/IMG_3706-1024x1007.jpg 1024w, https:\/\/hoyre.no\/content\/uploads\/sites\/313\/2023\/04\/IMG_3706-300x295.jpg 300w, https:\/\/hoyre.no\/content\/uploads\/sites\/313\/2023\/04\/IMG_3706-768x755.jpg 768w, https:\/\/hoyre.no\/content\/uploads\/sites\/313\/2023\/04\/IMG_3706.jpg 1280w\" sizes=\"auto, (max-width: 1024px) 100vw, 1024px\" \/><\/figure><div class=\"wp-block-media-text__content\">\n<h3 class=\"wp-block-heading\"><strong>Me g\u00e5r blant anna til val p\u00e5:<\/strong><\/h3>\n\n\n\n<ul class=\"wp-block-list\"><li>\u00c5 setje barn og unge f\u00f8rst<\/li><li>Gode helsetilbud til alle<\/li><li>Ein verdig eldreomsorg<\/li><li>\u00c5 vere p\u00e5 lag med jobbskaparane<\/li><li>At Ullensvang skal vere ein attraktiv kommune \u00e5 bu i<\/li><\/ul>\n<\/div><\/div>\n\n\n\n<h3 class=\"wp-block-heading\">Les heile valprogrammet v\u00e5rt her:<\/h3>\n\n\n\n<div class=\"wp-block-teft-file icon-link-block\"><a href=\"https:\/\/hoyre.no\/content\/uploads\/sites\/313\/2023\/06\/Ullensvang-Hogre-Valprogram-2023-2027-1.pdf\" download><span class=\"file-title\">Ullensvang H\u00f8gre valprogram 2023-2027<\/span><span class=\"file-name\">Ullensvang-Hogre-Valprogram-2023-2027-1.pdf [1911.1kb]<\/span><\/a><\/div>\n\n","protected":false},"excerpt":{"rendered":"","protected":false},"author":29319,"featured_media":0,"parent":0,"menu_order":0,"comment_status":"closed","ping_status":"closed","template":"","meta":{"teft_cards_image_url":"","teft_cards_custom_pretitle":"","teft_cards_image_id":121,"teft_cards_image_focal_point_x":0.4,"teft_cards_image_focal_point_y":0.62,"teft_cards_title":"","teft_cards_excerpt":"","teft_show_chapters":false,"footnotes":""},"class_list":["post-119","page","type-page","status-publish","hentry"],"yoast_head":"<!-- This site is optimized with the Yoast SEO plugin v26.6 - https:\/\/yoast.com\/wordpress\/plugins\/seo\/ -->\n<title>Valprogram Ullensvang H\u00f8gre 2023-2027 - Ullensvang H\u00f8gre<\/title>\n<meta name=\"robots\" content=\"index, follow, max-snippet:-1, max-image-preview:large, max-video-preview:-1\" \/>\n<link rel=\"canonical\" href=\"https:\/\/hoyre.no\/ullensvang\/valprogram-ullensvang-hogre-2023-2027\/\" \/>\n<meta property=\"og:locale\" content=\"nn_NO\" \/>\n<meta property=\"og:type\" content=\"article\" \/>\n<meta property=\"og:title\" content=\"Valprogram Ullensvang H\u00f8gre 2023-2027 - Ullensvang H\u00f8gre\" \/>\n<meta property=\"og:url\" content=\"https:\/\/hoyre.no\/ullensvang\/valprogram-ullensvang-hogre-2023-2027\/\" \/>\n<meta property=\"og:site_name\" content=\"Ullensvang H\u00f8gre\" \/>\n<meta property=\"article:modified_time\" content=\"2023-06-30T12:17:25+00:00\" \/>\n<meta property=\"og:image\" content=\"https:\/\/hoyre.no\/content\/uploads\/sites\/313\/2023\/06\/Inger-Synnove-i-Ullensvang-768x1024.jpeg\" \/>\n<meta name=\"twitter:card\" content=\"summary_large_image\" \/>\n<meta name=\"twitter:label1\" content=\"Est. reading time\" \/>\n\t<meta name=\"twitter:data1\" content=\"1 minutt\" \/>\n<script type=\"application\/ld+json\" class=\"yoast-schema-graph\">{\"@context\":\"https:\/\/schema.org\",\"@graph\":[{\"@type\":\"WebPage\",\"@id\":\"https:\/\/hoyre.no\/ullensvang\/valprogram-ullensvang-hogre-2023-2027\/\",\"url\":\"https:\/\/hoyre.no\/ullensvang\/valprogram-ullensvang-hogre-2023-2027\/\",\"name\":\"Valprogram Ullensvang H\u00f8gre 2023-2027 - Ullensvang H\u00f8gre\",\"isPartOf\":{\"@id\":\"https:\/\/hoyre.no\/ullensvang\/#website\"},\"image\":{\"@id\":\"https:\/\/hoyre.no\/ullensvang\/valprogram-ullensvang-hogre-2023-2027\/#primaryimage\"},\"thumbnailUrl\":\"https:\/\/hoyre.no\/content\/uploads\/sites\/313\/2023\/04\/IMG_3706-1024x1007.jpg\",\"datePublished\":\"2023-06-11T20:23:00+00:00\",\"dateModified\":\"2023-06-30T12:17:25+00:00\",\"breadcrumb\":{\"@id\":\"https:\/\/hoyre.no\/ullensvang\/valprogram-ullensvang-hogre-2023-2027\/#breadcrumb\"},\"inLanguage\":\"nn-NO\",\"potentialAction\":[{\"@type\":\"ReadAction\",\"target\":[\"https:\/\/hoyre.no\/ullensvang\/valprogram-ullensvang-hogre-2023-2027\/\"]}]},{\"@type\":\"ImageObject\",\"inLanguage\":\"nn-NO\",\"@id\":\"https:\/\/hoyre.no\/ullensvang\/valprogram-ullensvang-hogre-2023-2027\/#primaryimage\",\"url\":\"https:\/\/hoyre.no\/content\/uploads\/sites\/313\/2023\/04\/IMG_3706-1024x1007.jpg\",\"contentUrl\":\"https:\/\/hoyre.no\/content\/uploads\/sites\/313\/2023\/04\/IMG_3706-1024x1007.jpg\"},{\"@type\":\"BreadcrumbList\",\"@id\":\"https:\/\/hoyre.no\/ullensvang\/valprogram-ullensvang-hogre-2023-2027\/#breadcrumb\",\"itemListElement\":[{\"@type\":\"ListItem\",\"position\":1,\"name\":\"Til hoyre.no\",\"item\":\"https:\/\/hoyre.no\"},{\"@type\":\"ListItem\",\"position\":2,\"name\":\"Hjem\",\"item\":\"https:\/\/hoyre.no\/ullensvang\/\"},{\"@type\":\"ListItem\",\"position\":3,\"name\":\"Valprogram Ullensvang H\u00f8gre 2023-2027\"}]},{\"@type\":\"WebSite\",\"@id\":\"https:\/\/hoyre.no\/ullensvang\/#website\",\"url\":\"https:\/\/hoyre.no\/ullensvang\/\",\"name\":\"Ullensvang H\u00f8gre\",\"description\":\"Bare enda et H\u00f8yres nettsteder-nettsted\",\"inLanguage\":\"nn-NO\"}]}<\/script>\n<!-- \/ Yoast SEO plugin. -->","yoast_head_json":{"title":"Valprogram Ullensvang H\u00f8gre 2023-2027 - Ullensvang H\u00f8gre","robots":{"index":"index","follow":"follow","max-snippet":"max-snippet:-1","max-image-preview":"max-image-preview:large","max-video-preview":"max-video-preview:-1"},"canonical":"https:\/\/hoyre.no\/ullensvang\/valprogram-ullensvang-hogre-2023-2027\/","og_locale":"nn_NO","og_type":"article","og_title":"Valprogram Ullensvang H\u00f8gre 2023-2027 - Ullensvang H\u00f8gre","og_url":"https:\/\/hoyre.no\/ullensvang\/valprogram-ullensvang-hogre-2023-2027\/","og_site_name":"Ullensvang H\u00f8gre","article_modified_time":"2023-06-30T12:17:25+00:00","og_image":[{"url":"https:\/\/hoyre.no\/content\/uploads\/sites\/313\/2023\/06\/Inger-Synnove-i-Ullensvang-768x1024.jpeg","width":"","height":"","type":""}],"twitter_card":"summary_large_image","twitter_misc":{"Est. reading time":"1 minutt"},"schema":{"@context":"https:\/\/schema.org","@graph":[{"@type":"WebPage","@id":"https:\/\/hoyre.no\/ullensvang\/valprogram-ullensvang-hogre-2023-2027\/","url":"https:\/\/hoyre.no\/ullensvang\/valprogram-ullensvang-hogre-2023-2027\/","name":"Valprogram Ullensvang H\u00f8gre 2023-2027 - Ullensvang H\u00f8gre","isPartOf":{"@id":"https:\/\/hoyre.no\/ullensvang\/#website"},"image":{"@id":"https:\/\/hoyre.no\/ullensvang\/valprogram-ullensvang-hogre-2023-2027\/#primaryimage"},"thumbnailUrl":"https:\/\/hoyre.no\/content\/uploads\/sites\/313\/2023\/04\/IMG_3706-1024x1007.jpg","datePublished":"2023-06-11T20:23:00+00:00","dateModified":"2023-06-30T12:17:25+00:00","breadcrumb":{"@id":"https:\/\/hoyre.no\/ullensvang\/valprogram-ullensvang-hogre-2023-2027\/#breadcrumb"},"inLanguage":"nn-NO","potentialAction":[{"@type":"ReadAction","target":["https:\/\/hoyre.no\/ullensvang\/valprogram-ullensvang-hogre-2023-2027\/"]}]},{"@type":"ImageObject","inLanguage":"nn-NO","@id":"https:\/\/hoyre.no\/ullensvang\/valprogram-ullensvang-hogre-2023-2027\/#primaryimage","url":"https:\/\/hoyre.no\/content\/uploads\/sites\/313\/2023\/04\/IMG_3706-1024x1007.jpg","contentUrl":"https:\/\/hoyre.no\/content\/uploads\/sites\/313\/2023\/04\/IMG_3706-1024x1007.jpg"},{"@type":"BreadcrumbList","@id":"https:\/\/hoyre.no\/ullensvang\/valprogram-ullensvang-hogre-2023-2027\/#breadcrumb","itemListElement":[{"@type":"ListItem","position":1,"name":"Til hoyre.no","item":"https:\/\/hoyre.no"},{"@type":"ListItem","position":2,"name":"Hjem","item":"https:\/\/hoyre.no\/ullensvang\/"},{"@type":"ListItem","position":3,"name":"Valprogram Ullensvang H\u00f8gre 2023-2027"}]},{"@type":"WebSite","@id":"https:\/\/hoyre.no\/ullensvang\/#website","url":"https:\/\/hoyre.no\/ullensvang\/","name":"Ullensvang H\u00f8gre","description":"Bare enda et H\u00f8yres nettsteder-nettsted","inLanguage":"nn-NO"}]}},"distributor_meta":false,"distributor_terms":false,"distributor_media":false,"distributor_original_site_name":"Ullensvang H\u00f8gre","distributor_original_site_url":"https:\/\/hoyre.no\/ullensvang","push-errors":false,"_links":{"self":[{"href":"https:\/\/hoyre.no\/ullensvang\/wp-json\/wp\/v2\/pages\/119","targetHints":{"allow":["GET"]}}],"collection":[{"href":"https:\/\/hoyre.no\/ullensvang\/wp-json\/wp\/v2\/pages"}],"about":[{"href":"https:\/\/hoyre.no\/ullensvang\/wp-json\/wp\/v2\/types\/page"}],"author":[{"embeddable":true,"href":"https:\/\/hoyre.no\/ullensvang\/wp-json\/wp\/v2\/users\/29319"}],"replies":[{"embeddable":true,"href":"https:\/\/hoyre.no\/ullensvang\/wp-json\/wp\/v2\/comments?post=119"}],"version-history":[{"count":6,"href":"https:\/\/hoyre.no\/ullensvang\/wp-json\/wp\/v2\/pages\/119\/revisions"}],"predecessor-version":[{"id":134,"href":"https:\/\/hoyre.no\/ullensvang\/wp-json\/wp\/v2\/pages\/119\/revisions\/134"}],"wp:attachment":[{"href":"https:\/\/hoyre.no\/ullensvang\/wp-json\/wp\/v2\/media?parent=119"}],"curies":[{"name":"wp","href":"https:\/\/api.w.org\/{rel}","templated":true}]}}