{"id":30,"date":"2023-02-09T21:21:55","date_gmt":"2023-02-09T20:21:55","guid":{"rendered":"https:\/\/hoyre.no\/ullensvang\/?page_id=30"},"modified":"2025-02-18T16:28:35","modified_gmt":"2025-02-18T15:28:35","slug":"5-grunner-til-a-stemme-ullensvang-hogre","status":"publish","type":"page","link":"https:\/\/hoyre.no\/ullensvang\/5-grunner-til-a-stemme-ullensvang-hogre\/","title":{"rendered":"5 grunner til \u00e5 stemme Ullensvang H\u00f8gre"},"content":{"rendered":"\n<div class=\"wp-block-hoyre-hero with-image-gradient text-color-light  has-media alignfull has-background\"><div class=\"hoyre-hero has-image\"><h1 class=\"title\">5 grunner til \u00e5 stemme Ullensvang H\u00f8gre<\/h1><figure class=\"hoyre-image-wrapper\"><div class=\"hoyre-image\"><img loading=\"lazy\" decoding=\"async\" width=\"1000\" height=\"1000\" src=\"https:\/\/hoyre.no\/content\/uploads\/sites\/313\/2022\/11\/Hoyres-logo.png\" class=\"attachment-scaled size-scaled\" alt=\"\" style=\"object-position: 50% 50%\" srcset=\"https:\/\/hoyre.no\/content\/uploads\/sites\/313\/2022\/11\/Hoyres-logo.png 1000w, https:\/\/hoyre.no\/content\/uploads\/sites\/313\/2022\/11\/Hoyres-logo-300x300.png 300w, https:\/\/hoyre.no\/content\/uploads\/sites\/313\/2022\/11\/Hoyres-logo-150x150.png 150w, https:\/\/hoyre.no\/content\/uploads\/sites\/313\/2022\/11\/Hoyres-logo-768x768.png 768w\" sizes=\"auto, (max-width: 1000px) 100vw, 1000px\" \/><\/div><\/figure><\/div><\/div>\n\n\n\n\n<h2 class=\"wp-block-heading alignwide\" id=\"h-vi-trur-pa-ullensvang\">Vi trur p\u00e5 Ullensvang<\/h2>\n\n\n\n<div class=\"wp-block-media-text alignwide is-stacked-on-mobile\"><figure class=\"wp-block-media-text__media\"><img loading=\"lazy\" decoding=\"async\" width=\"1024\" height=\"683\" src=\"https:\/\/hoyre.no\/content\/uploads\/sites\/313\/2023\/02\/GettyImages-1133755381-1024x683.jpg\" alt=\"\" class=\"wp-image-67 size-full\" srcset=\"https:\/\/hoyre.no\/content\/uploads\/sites\/313\/2023\/02\/GettyImages-1133755381-1024x683.jpg 1024w, https:\/\/hoyre.no\/content\/uploads\/sites\/313\/2023\/02\/GettyImages-1133755381-300x200.jpg 300w, https:\/\/hoyre.no\/content\/uploads\/sites\/313\/2023\/02\/GettyImages-1133755381-768x513.jpg 768w, https:\/\/hoyre.no\/content\/uploads\/sites\/313\/2023\/02\/GettyImages-1133755381-1536x1025.jpg 1536w, https:\/\/hoyre.no\/content\/uploads\/sites\/313\/2023\/02\/GettyImages-1133755381-2048x1367.jpg 2048w\" sizes=\"auto, (max-width: 1024px) 100vw, 1024px\" \/><\/figure><div class=\"wp-block-media-text__content\">\n<h2 class=\"wp-block-heading\" id=\"h-1-utvikling-gir-velferd\">1. Utvikling gir velferd<\/h2>\n<\/div><\/div>\n\n\n\n<div class=\"wp-block-media-text alignwide has-media-on-the-right is-stacked-on-mobile\"><div class=\"wp-block-media-text__content\">\n<h2 class=\"wp-block-heading\" id=\"h-2-det-skal-vaere-godt-a-bli-gammel-i-ullensvang\">2. Det skal v\u00e6re godt \u00e5 bli gammel i Ullensvang<\/h2>\n<\/div><figure class=\"wp-block-media-text__media\"><img loading=\"lazy\" decoding=\"async\" width=\"1024\" height=\"683\" src=\"https:\/\/hoyre.no\/content\/uploads\/sites\/313\/2023\/02\/GettyImages-1212931050-2-1024x683.jpg\" alt=\"\" class=\"wp-image-58 size-full\" srcset=\"https:\/\/hoyre.no\/content\/uploads\/sites\/313\/2023\/02\/GettyImages-1212931050-2-1024x683.jpg 1024w, https:\/\/hoyre.no\/content\/uploads\/sites\/313\/2023\/02\/GettyImages-1212931050-2-300x200.jpg 300w, https:\/\/hoyre.no\/content\/uploads\/sites\/313\/2023\/02\/GettyImages-1212931050-2-768x512.jpg 768w, https:\/\/hoyre.no\/content\/uploads\/sites\/313\/2023\/02\/GettyImages-1212931050-2-1536x1024.jpg 1536w, https:\/\/hoyre.no\/content\/uploads\/sites\/313\/2023\/02\/GettyImages-1212931050-2-2048x1365.jpg 2048w\" sizes=\"auto, (max-width: 1024px) 100vw, 1024px\" \/><\/figure><\/div>\n\n\n\n<div class=\"wp-block-media-text alignwide is-stacked-on-mobile\"><figure class=\"wp-block-media-text__media\"><img loading=\"lazy\" decoding=\"async\" width=\"791\" height=\"1024\" src=\"https:\/\/hoyre.no\/content\/uploads\/sites\/313\/2023\/02\/IMG_1428-2-791x1024.jpg\" alt=\"\" class=\"wp-image-59 size-full\" srcset=\"https:\/\/hoyre.no\/content\/uploads\/sites\/313\/2023\/02\/IMG_1428-2-791x1024.jpg 791w, https:\/\/hoyre.no\/content\/uploads\/sites\/313\/2023\/02\/IMG_1428-2-232x300.jpg 232w, https:\/\/hoyre.no\/content\/uploads\/sites\/313\/2023\/02\/IMG_1428-2-768x994.jpg 768w, https:\/\/hoyre.no\/content\/uploads\/sites\/313\/2023\/02\/IMG_1428-2.jpg 1170w\" sizes=\"auto, (max-width: 791px) 100vw, 791px\" \/><\/figure><div class=\"wp-block-media-text__content\">\n<h2 class=\"wp-block-heading\" id=\"h-3-alle-skal-kunne-bo-i-ullensvang\">3. Alle skal kunne bo i Ullensvang<\/h2>\n<\/div><\/div>\n\n\n\n<div class=\"wp-block-media-text alignwide has-media-on-the-right is-stacked-on-mobile\"><div class=\"wp-block-media-text__content\">\n<h2 class=\"wp-block-heading\" id=\"h-4-bedre-skole-for-elevene\">4. Bedre skole for elevene<\/h2>\n<\/div><figure class=\"wp-block-media-text__media\"><img loading=\"lazy\" decoding=\"async\" width=\"1024\" height=\"683\" src=\"https:\/\/hoyre.no\/content\/uploads\/sites\/313\/2023\/02\/GettyImages-687776655-2-1024x683.jpg\" alt=\"\" class=\"wp-image-55 size-full\" srcset=\"https:\/\/hoyre.no\/content\/uploads\/sites\/313\/2023\/02\/GettyImages-687776655-2-1024x683.jpg 1024w, https:\/\/hoyre.no\/content\/uploads\/sites\/313\/2023\/02\/GettyImages-687776655-2-300x200.jpg 300w, https:\/\/hoyre.no\/content\/uploads\/sites\/313\/2023\/02\/GettyImages-687776655-2-768x512.jpg 768w, https:\/\/hoyre.no\/content\/uploads\/sites\/313\/2023\/02\/GettyImages-687776655-2-1536x1024.jpg 1536w, https:\/\/hoyre.no\/content\/uploads\/sites\/313\/2023\/02\/GettyImages-687776655-2-2048x1365.jpg 2048w\" sizes=\"auto, (max-width: 1024px) 100vw, 1024px\" \/><\/figure><\/div>\n\n\n\n<div class=\"wp-block-media-text alignwide is-stacked-on-mobile\"><figure class=\"wp-block-media-text__media\"><img loading=\"lazy\" decoding=\"async\" width=\"1024\" height=\"683\" src=\"https:\/\/hoyre.no\/content\/uploads\/sites\/313\/2023\/02\/GettyImages-585084336-1-1024x683.jpg\" alt=\"\" class=\"wp-image-53 size-full\" srcset=\"https:\/\/hoyre.no\/content\/uploads\/sites\/313\/2023\/02\/GettyImages-585084336-1-1024x683.jpg 1024w, https:\/\/hoyre.no\/content\/uploads\/sites\/313\/2023\/02\/GettyImages-585084336-1-300x200.jpg 300w, https:\/\/hoyre.no\/content\/uploads\/sites\/313\/2023\/02\/GettyImages-585084336-1-768x512.jpg 768w, https:\/\/hoyre.no\/content\/uploads\/sites\/313\/2023\/02\/GettyImages-585084336-1-1536x1024.jpg 1536w, https:\/\/hoyre.no\/content\/uploads\/sites\/313\/2023\/02\/GettyImages-585084336-1-2048x1365.jpg 2048w\" sizes=\"auto, (max-width: 1024px) 100vw, 1024px\" \/><\/figure><div class=\"wp-block-media-text__content\">\n<h2 class=\"wp-block-heading\" id=\"h-5-muligheter-for-alle\">5. Muligheter for alle<\/h2>\n<\/div><\/div>\n\n\n\n<div class=\"wp-block-media-text alignwide has-media-on-the-right is-stacked-on-mobile\"><div class=\"wp-block-media-text__content\">\n<p><\/p>\n<\/div><figure class=\"wp-block-media-text__media\"><\/figure><\/div>\n\n","protected":false},"excerpt":{"rendered":"","protected":false},"author":16044,"featured_media":0,"parent":0,"menu_order":0,"comment_status":"closed","ping_status":"closed","template":"","meta":{"teft_cards_image_url":"","teft_cards_custom_pretitle":"","teft_cards_image_id":0,"teft_cards_image_focal_point_x":0,"teft_cards_image_focal_point_y":0,"teft_cards_title":"","teft_cards_excerpt":"","teft_show_chapters":false,"footnotes":""},"class_list":["post-30","page","type-page","status-publish","hentry"],"yoast_head":"<!-- This site is optimized with the Yoast SEO plugin v26.6 - https:\/\/yoast.com\/wordpress\/plugins\/seo\/ -->\n<title>5 grunner til \u00e5 stemme Ullensvang H\u00f8gre - Ullensvang H\u00f8gre<\/title>\n<meta name=\"description\" content=\"5 gode grunner til hvorfor du b\u00f8r stemme H\u00f8yre hvis du bor i Ullensvang.\" \/>\n<meta name=\"robots\" content=\"index, follow, max-snippet:-1, max-image-preview:large, max-video-preview:-1\" \/>\n<link rel=\"canonical\" href=\"https:\/\/hoyre.no\/ullensvang\/5-grunner-til-a-stemme-ullensvang-hogre\/\" \/>\n<meta property=\"og:locale\" content=\"nn_NO\" \/>\n<meta property=\"og:type\" content=\"article\" \/>\n<meta property=\"og:title\" content=\"5 grunner til \u00e5 stemme Ullensvang H\u00f8gre - Ullensvang H\u00f8gre\" \/>\n<meta property=\"og:description\" content=\"5 gode grunner til hvorfor du b\u00f8r stemme H\u00f8yre hvis du bor i Ullensvang.\" \/>\n<meta property=\"og:url\" content=\"https:\/\/hoyre.no\/ullensvang\/5-grunner-til-a-stemme-ullensvang-hogre\/\" \/>\n<meta property=\"og:site_name\" content=\"Ullensvang H\u00f8gre\" \/>\n<meta property=\"article:modified_time\" content=\"2025-02-18T15:28:35+00:00\" \/>\n<meta property=\"og:image\" content=\"https:\/\/hoyre.no\/content\/uploads\/sites\/313\/2023\/02\/GettyImages-1133755381-1024x683.jpg\" \/>\n<meta name=\"twitter:card\" content=\"summary_large_image\" \/>\n<meta name=\"twitter:label1\" content=\"Est. reading time\" \/>\n\t<meta name=\"twitter:data1\" content=\"2 minutt\" \/>\n<script type=\"application\/ld+json\" class=\"yoast-schema-graph\">{\"@context\":\"https:\/\/schema.org\",\"@graph\":[{\"@type\":\"WebPage\",\"@id\":\"https:\/\/hoyre.no\/ullensvang\/5-grunner-til-a-stemme-ullensvang-hogre\/\",\"url\":\"https:\/\/hoyre.no\/ullensvang\/5-grunner-til-a-stemme-ullensvang-hogre\/\",\"name\":\"5 grunner til \u00e5 stemme Ullensvang H\u00f8gre - Ullensvang H\u00f8gre\",\"isPartOf\":{\"@id\":\"https:\/\/hoyre.no\/ullensvang\/#website\"},\"image\":{\"@id\":\"https:\/\/hoyre.no\/ullensvang\/5-grunner-til-a-stemme-ullensvang-hogre\/#primaryimage\"},\"thumbnailUrl\":\"https:\/\/hoyre.no\/content\/uploads\/sites\/313\/2023\/02\/GettyImages-1133755381-1024x683.jpg\",\"datePublished\":\"2023-02-09T20:21:55+00:00\",\"dateModified\":\"2025-02-18T15:28:35+00:00\",\"description\":\"5 gode grunner til hvorfor du b\u00f8r stemme H\u00f8yre hvis du bor i Ullensvang.\",\"breadcrumb\":{\"@id\":\"https:\/\/hoyre.no\/ullensvang\/5-grunner-til-a-stemme-ullensvang-hogre\/#breadcrumb\"},\"inLanguage\":\"nn-NO\",\"potentialAction\":[{\"@type\":\"ReadAction\",\"target\":[\"https:\/\/hoyre.no\/ullensvang\/5-grunner-til-a-stemme-ullensvang-hogre\/\"]}]},{\"@type\":\"ImageObject\",\"inLanguage\":\"nn-NO\",\"@id\":\"https:\/\/hoyre.no\/ullensvang\/5-grunner-til-a-stemme-ullensvang-hogre\/#primaryimage\",\"url\":\"https:\/\/hoyre.no\/content\/uploads\/sites\/313\/2023\/02\/GettyImages-1133755381-1024x683.jpg\",\"contentUrl\":\"https:\/\/hoyre.no\/content\/uploads\/sites\/313\/2023\/02\/GettyImages-1133755381-1024x683.jpg\"},{\"@type\":\"BreadcrumbList\",\"@id\":\"https:\/\/hoyre.no\/ullensvang\/5-grunner-til-a-stemme-ullensvang-hogre\/#breadcrumb\",\"itemListElement\":[{\"@type\":\"ListItem\",\"position\":1,\"name\":\"Til hoyre.no\",\"item\":\"https:\/\/hoyre.no\"},{\"@type\":\"ListItem\",\"position\":2,\"name\":\"Hjem\",\"item\":\"https:\/\/hoyre.no\/ullensvang\/\"},{\"@type\":\"ListItem\",\"position\":3,\"name\":\"5 grunner til \u00e5 stemme Ullensvang H\u00f8gre\"}]},{\"@type\":\"WebSite\",\"@id\":\"https:\/\/hoyre.no\/ullensvang\/#website\",\"url\":\"https:\/\/hoyre.no\/ullensvang\/\",\"name\":\"Ullensvang H\u00f8gre\",\"description\":\"Bare enda et H\u00f8yres nettsteder-nettsted\",\"inLanguage\":\"nn-NO\"}]}<\/script>\n<!-- \/ Yoast SEO plugin. -->","yoast_head_json":{"title":"5 grunner til \u00e5 stemme Ullensvang H\u00f8gre - Ullensvang H\u00f8gre","description":"5 gode grunner til hvorfor du b\u00f8r stemme H\u00f8yre hvis du bor i Ullensvang.","robots":{"index":"index","follow":"follow","max-snippet":"max-snippet:-1","max-image-preview":"max-image-preview:large","max-video-preview":"max-video-preview:-1"},"canonical":"https:\/\/hoyre.no\/ullensvang\/5-grunner-til-a-stemme-ullensvang-hogre\/","og_locale":"nn_NO","og_type":"article","og_title":"5 grunner til \u00e5 stemme Ullensvang H\u00f8gre - Ullensvang H\u00f8gre","og_description":"5 gode grunner til hvorfor du b\u00f8r stemme H\u00f8yre hvis du bor i Ullensvang.","og_url":"https:\/\/hoyre.no\/ullensvang\/5-grunner-til-a-stemme-ullensvang-hogre\/","og_site_name":"Ullensvang H\u00f8gre","article_modified_time":"2025-02-18T15:28:35+00:00","og_image":[{"url":"https:\/\/hoyre.no\/content\/uploads\/sites\/313\/2023\/02\/GettyImages-1133755381-1024x683.jpg","type":"","width":"","height":""}],"twitter_card":"summary_large_image","twitter_misc":{"Est. reading time":"2 minutt"},"schema":{"@context":"https:\/\/schema.org","@graph":[{"@type":"WebPage","@id":"https:\/\/hoyre.no\/ullensvang\/5-grunner-til-a-stemme-ullensvang-hogre\/","url":"https:\/\/hoyre.no\/ullensvang\/5-grunner-til-a-stemme-ullensvang-hogre\/","name":"5 grunner til \u00e5 stemme Ullensvang H\u00f8gre - Ullensvang H\u00f8gre","isPartOf":{"@id":"https:\/\/hoyre.no\/ullensvang\/#website"},"image":{"@id":"https:\/\/hoyre.no\/ullensvang\/5-grunner-til-a-stemme-ullensvang-hogre\/#primaryimage"},"thumbnailUrl":"https:\/\/hoyre.no\/content\/uploads\/sites\/313\/2023\/02\/GettyImages-1133755381-1024x683.jpg","datePublished":"2023-02-09T20:21:55+00:00","dateModified":"2025-02-18T15:28:35+00:00","description":"5 gode grunner til hvorfor du b\u00f8r stemme H\u00f8yre hvis du bor i Ullensvang.","breadcrumb":{"@id":"https:\/\/hoyre.no\/ullensvang\/5-grunner-til-a-stemme-ullensvang-hogre\/#breadcrumb"},"inLanguage":"nn-NO","potentialAction":[{"@type":"ReadAction","target":["https:\/\/hoyre.no\/ullensvang\/5-grunner-til-a-stemme-ullensvang-hogre\/"]}]},{"@type":"ImageObject","inLanguage":"nn-NO","@id":"https:\/\/hoyre.no\/ullensvang\/5-grunner-til-a-stemme-ullensvang-hogre\/#primaryimage","url":"https:\/\/hoyre.no\/content\/uploads\/sites\/313\/2023\/02\/GettyImages-1133755381-1024x683.jpg","contentUrl":"https:\/\/hoyre.no\/content\/uploads\/sites\/313\/2023\/02\/GettyImages-1133755381-1024x683.jpg"},{"@type":"BreadcrumbList","@id":"https:\/\/hoyre.no\/ullensvang\/5-grunner-til-a-stemme-ullensvang-hogre\/#breadcrumb","itemListElement":[{"@type":"ListItem","position":1,"name":"Til hoyre.no","item":"https:\/\/hoyre.no"},{"@type":"ListItem","position":2,"name":"Hjem","item":"https:\/\/hoyre.no\/ullensvang\/"},{"@type":"ListItem","position":3,"name":"5 grunner til \u00e5 stemme Ullensvang H\u00f8gre"}]},{"@type":"WebSite","@id":"https:\/\/hoyre.no\/ullensvang\/#website","url":"https:\/\/hoyre.no\/ullensvang\/","name":"Ullensvang H\u00f8gre","description":"Bare enda et H\u00f8yres nettsteder-nettsted","inLanguage":"nn-NO"}]}},"distributor_meta":false,"distributor_terms":false,"distributor_media":false,"distributor_original_site_name":"Ullensvang H\u00f8gre","distributor_original_site_url":"https:\/\/hoyre.no\/ullensvang","push-errors":false,"_links":{"self":[{"href":"https:\/\/hoyre.no\/ullensvang\/wp-json\/wp\/v2\/pages\/30","targetHints":{"allow":["GET"]}}],"collection":[{"href":"https:\/\/hoyre.no\/ullensvang\/wp-json\/wp\/v2\/pages"}],"about":[{"href":"https:\/\/hoyre.no\/ullensvang\/wp-json\/wp\/v2\/types\/page"}],"author":[{"embeddable":true,"href":"https:\/\/hoyre.no\/ullensvang\/wp-json\/wp\/v2\/users\/16044"}],"replies":[{"embeddable":true,"href":"https:\/\/hoyre.no\/ullensvang\/wp-json\/wp\/v2\/comments?post=30"}],"version-history":[{"count":6,"href":"https:\/\/hoyre.no\/ullensvang\/wp-json\/wp\/v2\/pages\/30\/revisions"}],"predecessor-version":[{"id":146,"href":"https:\/\/hoyre.no\/ullensvang\/wp-json\/wp\/v2\/pages\/30\/revisions\/146"}],"wp:attachment":[{"href":"https:\/\/hoyre.no\/ullensvang\/wp-json\/wp\/v2\/media?parent=30"}],"curies":[{"name":"wp","href":"https:\/\/api.w.org\/{rel}","templated":true}]}}