{"id":57,"date":"2023-05-02T12:45:16","date_gmt":"2023-05-02T10:45:16","guid":{"rendered":"https:\/\/hoyre.no\/ulstein\/?page_id=57"},"modified":"2023-07-01T11:42:02","modified_gmt":"2023-07-01T09:42:02","slug":"7-grunnar","status":"publish","type":"page","link":"https:\/\/hoyre.no\/ulstein\/politikk\/7-grunnar\/","title":{"rendered":"7 Gode grunnar"},"content":{"rendered":"\n<div class=\"wp-block-hoyre-hero with-image-gradient text-color-light  has-media alignfull has-background\"><div class=\"hoyre-hero has-image\"><h1 class=\"title\">7 Gode grunnar for \u00e5 stemme H\u00f8gre i Ulstein<\/h1><p class=\"preamble\">Vi vil skape ei effektiv og tilgjengelig kommune for alle. Vi skal vere ei JA-kommune!<br>Det skal vere kvalitet og nok varme hender i helsevesenet, og vi skal skape ei kommune som sikrar barna v\u00e5re ei god framtid.<br>Ulstein H\u00f8gre skal fortsette arbeidet med \u00e5 fjerne eigedomsskatten!<\/p>\t\t\t<div class=\"post-meta wp-block teft-byline-wrapper\">\n\t\t\t\t<div class=\"top\">\n\t\t\t\t\t<div class=\"signature\">\n\t\t\t\t\t\t<div class=\"teft-byline\">\n\t\t\t\t\t\t\t\t\t\t\t\t\t\t<div>\n\t\t\t\t\t\t\t\t<h3>H\u00f8yres redaksjon<\/h3>\t\t\t\t\t\t\t\t\n\t\t\t\t\t\t\t\t\t\t\t\t\t\t\t\t\t<span class=\"date\">Sist oppdatert: 1. juli 2023<\/span>\n\t\t\t\t\t\t\t\t\t\t\t\t\t\t\t\t\t\t\t\t\t\t\t\t\t<span class=\"reading-time\" itemprop=\"timeRequired\" content=\"PT5M\"><em>Ca. 5 minutter lesetid<\/em><\/span>\n\t\t\t\t\t\t\t\t\t\t\t\t\t\t\t<\/div>\n\t\t\t\t\t\t<\/div>\n\t\t\t\t\t<\/div>\n\t\t\t\t\t\t<div class=\"sharing\">\n\t\t<a class=\"share-button share-link copy-link\" data-copy=\"https:\/\/hoyre.no\/ulstein\/politikk\/7-grunnar\/\" target=\"_blank\"><span class=\"screen-reader-text\">Del link<\/span><\/a>\n\t\t<a class=\"share-button share-twitter\" href=\"http:\/\/twitter.com\/share?text=7 Gode grunnar&#038;url=https:\/\/hoyre.no\/ulstein\/politikk\/7-grunnar\/&#038;hashtags=Hoyre\" target=\"_blank\"><span class=\"screen-reader-text\">Del p\u00e5 twitter<\/span><\/a>\n\t\t<a class=\"share-button share-facebook\" href=\"https:\/\/www.facebook.com\/sharer\/sharer.php?u=https:\/\/hoyre.no\/ulstein\/politikk\/7-grunnar\/\" target=\"_blank\"><span class=\"screen-reader-text\">Del p\u00e5 facebook<\/span><\/a>\n\t<\/div>\n\t\t\t\t\t<\/div>\n\t\t\t<\/div>\n\n\t\t\t<figure class=\"hoyre-image-wrapper\"><div class=\"hoyre-image\"><img loading=\"lazy\" decoding=\"async\" width=\"1355\" height=\"871\" src=\"https:\/\/hoyre.no\/content\/uploads\/sites\/92\/2023\/06\/Top-12-endelig2-e1686349320821.png\" class=\"attachment-scaled size-scaled\" alt=\"\" style=\"object-position: 50% 50%\" srcset=\"https:\/\/hoyre.no\/content\/uploads\/sites\/92\/2023\/06\/Top-12-endelig2-e1686349320821.png 1355w, https:\/\/hoyre.no\/content\/uploads\/sites\/92\/2023\/06\/Top-12-endelig2-e1686349320821-300x193.png 300w, https:\/\/hoyre.no\/content\/uploads\/sites\/92\/2023\/06\/Top-12-endelig2-e1686349320821-1024x658.png 1024w, https:\/\/hoyre.no\/content\/uploads\/sites\/92\/2023\/06\/Top-12-endelig2-e1686349320821-768x494.png 768w\" sizes=\"auto, (max-width: 1355px) 100vw, 1355px\" \/><\/div><\/figure><\/div><\/div>\n\n\n\n<div class=\"wp-block-hoyre-banner alignwide undefined\"><div class=\"banner-inner\"><figure class=\"hoyre-image-wrapper\"><div class=\"hoyre-image\"><img loading=\"lazy\" decoding=\"async\" width=\"2500\" height=\"2167\" src=\"https:\/\/hoyre.no\/content\/uploads\/sites\/92\/2023\/06\/GettyImages-860044576-scaled.jpg\" class=\"attachment-scaled size-scaled\" alt=\"\" style=\"object-position: 50% 50%\" srcset=\"https:\/\/hoyre.no\/content\/uploads\/sites\/92\/2023\/06\/GettyImages-860044576-scaled.jpg 2500w, https:\/\/hoyre.no\/content\/uploads\/sites\/92\/2023\/06\/GettyImages-860044576-300x260.jpg 300w, https:\/\/hoyre.no\/content\/uploads\/sites\/92\/2023\/06\/GettyImages-860044576-1024x888.jpg 1024w, https:\/\/hoyre.no\/content\/uploads\/sites\/92\/2023\/06\/GettyImages-860044576-768x666.jpg 768w, https:\/\/hoyre.no\/content\/uploads\/sites\/92\/2023\/06\/GettyImages-860044576-1536x1331.jpg 1536w, https:\/\/hoyre.no\/content\/uploads\/sites\/92\/2023\/06\/GettyImages-860044576-2048x1775.jpg 2048w\" sizes=\"auto, (max-width: 2500px) 100vw, 2500px\" \/><\/div><\/figure><div class=\"banner-content\"><div class=\"entry-content\">\n<h2 class=\"wp-block-heading\">1 ) Moglegheiter for alle<\/h2>\n\n\n\n<p>Ulstein H\u00f8gre vil vidareutvikle Ulstein som ein attraktiv bo- og arbeidskommune. Vi har trua p\u00e5 Ulstein kor vi slepp alle gode krefter til , og framst\u00e5r som ei tydelig JA-kommune. Ulstein H\u00f8gre vil seie ja til nye gode idear og nye l\u00f8ysingar for korleis vi kan vere attraktive for b\u00e5de n\u00e6ringsliv og familier i etableringsfasen.<\/p>\n\n\n\n<div class=\"wp-block-buttons is-layout-flex wp-block-buttons-is-layout-flex\"><\/div>\n<\/div><\/div><\/div><\/div>\n\n\n\n<div class=\"wp-block-hoyre-banner alignwide undefined\"><div class=\"banner-inner\"><figure class=\"hoyre-image-wrapper\"><div class=\"hoyre-image\"><img loading=\"lazy\" decoding=\"async\" width=\"2500\" height=\"1667\" src=\"https:\/\/hoyre.no\/content\/uploads\/sites\/92\/2023\/06\/GettyImages-1358014313-scaled.jpg\" class=\"attachment-scaled size-scaled\" alt=\"\" style=\"object-position: 50% 50%\" srcset=\"https:\/\/hoyre.no\/content\/uploads\/sites\/92\/2023\/06\/GettyImages-1358014313-scaled.jpg 2500w, https:\/\/hoyre.no\/content\/uploads\/sites\/92\/2023\/06\/GettyImages-1358014313-300x200.jpg 300w, https:\/\/hoyre.no\/content\/uploads\/sites\/92\/2023\/06\/GettyImages-1358014313-1024x683.jpg 1024w, https:\/\/hoyre.no\/content\/uploads\/sites\/92\/2023\/06\/GettyImages-1358014313-768x512.jpg 768w, https:\/\/hoyre.no\/content\/uploads\/sites\/92\/2023\/06\/GettyImages-1358014313-1536x1024.jpg 1536w, https:\/\/hoyre.no\/content\/uploads\/sites\/92\/2023\/06\/GettyImages-1358014313-2048x1365.jpg 2048w\" sizes=\"auto, (max-width: 2500px) 100vw, 2500px\" \/><\/div><\/figure><div class=\"banner-content\"><div class=\"entry-content\">\n<h2 class=\"wp-block-heading\">2) Ein trygg og god skule med l\u00e6ring<\/h2>\n\n\n\n<p>Ulstein H\u00f8gre vil ha ein skule med kvalitet og kunnskap, der alle elevar har like moglegheiter og f\u00f8resetnader til \u00e5 lukkast. Vi m\u00e5 ha en skule der innsatsen blir satt inn tidleg nok slik at fleire elevar kjenner l\u00e6ringsglede. Ulstein H\u00f8gre vil prioritere etter- og videreutdanning av l\u00e6rarar. Vi skal vere ein aktiv skuleeigar som utfordrar og ved behov omdisponerer budsjetta<br>i skulen for \u00e5 sikre at vi brukar ressursane rett i forhold til resultat. Vi skal sj\u00f8lvsagt ha nulltoleranse for mobbing, og skal kvar dag jobbe for at Ulstein Kommune sine skular skal v\u00e6re blant dei beste i landet! \u00c5 stille krav er \u00e5 bry seg.<\/p>\n\n\n\n<div class=\"wp-block-buttons is-layout-flex wp-block-buttons-is-layout-flex\"><\/div>\n<\/div><\/div><\/div><\/div>\n\n\n\n<div class=\"wp-block-hoyre-banner alignwide undefined\"><div class=\"banner-inner\"><figure class=\"hoyre-image-wrapper\"><div class=\"hoyre-image\"><img loading=\"lazy\" decoding=\"async\" width=\"2500\" height=\"1663\" src=\"https:\/\/hoyre.no\/content\/uploads\/sites\/92\/2023\/06\/GettyImages-1076508954-scaled.jpg\" class=\"attachment-scaled size-scaled\" alt=\"\" style=\"object-position: 50% 50%\" srcset=\"https:\/\/hoyre.no\/content\/uploads\/sites\/92\/2023\/06\/GettyImages-1076508954-scaled.jpg 2500w, https:\/\/hoyre.no\/content\/uploads\/sites\/92\/2023\/06\/GettyImages-1076508954-300x200.jpg 300w, https:\/\/hoyre.no\/content\/uploads\/sites\/92\/2023\/06\/GettyImages-1076508954-1024x681.jpg 1024w, https:\/\/hoyre.no\/content\/uploads\/sites\/92\/2023\/06\/GettyImages-1076508954-768x511.jpg 768w, https:\/\/hoyre.no\/content\/uploads\/sites\/92\/2023\/06\/GettyImages-1076508954-1536x1022.jpg 1536w, https:\/\/hoyre.no\/content\/uploads\/sites\/92\/2023\/06\/GettyImages-1076508954-2048x1363.jpg 2048w\" sizes=\"auto, (max-width: 2500px) 100vw, 2500px\" \/><\/div><\/figure><div class=\"banner-content\"><div class=\"entry-content\">\n<h2 class=\"wp-block-heading\">3) Det skal v\u00e6re godt \u00e5 leve heile livet i Ulstein<\/h2>\n\n\n\n<p>Ulstein H\u00f8gre vil prioritere kvalitet innan helse og omsorg, samt at vi skal jobbe for at grunnbemanninga i eldreomsorgen blir styrka.<br>I 2030 har vi nesten 1500 eldre i Ulstein, og derfor m\u00e5 vi i tida framover tenke nytt og kreativt saman med erfaringa kommunen har for \u00e5 sikre at vi klarer \u00e5 oppretthalde og forbetre tenestane som innbyggarane treng, i alle faser av livet. Alle innbyggarane skal oppleve at dei f\u00e5r gode helse- og omsorgs-tenester n\u00e5r dei treng det. Det handlar blant anna om \u00e5 ha valgfriheit, bli behandla med omsorg, respekt og verdigheit, samt at dei eldre f\u00e5r gode m\u00e5ltid, aktivitet og fellesskap.<\/p>\n\n\n\n<div class=\"wp-block-buttons is-layout-flex wp-block-buttons-is-layout-flex\"><\/div>\n<\/div><\/div><\/div><\/div>\n\n\n\n<div class=\"wp-block-hoyre-banner alignwide undefined\"><div class=\"banner-inner\"><figure class=\"hoyre-image-wrapper\"><div class=\"hoyre-image\"><img loading=\"lazy\" decoding=\"async\" width=\"2500\" height=\"1667\" src=\"https:\/\/hoyre.no\/content\/uploads\/sites\/92\/2023\/06\/GettyImages-1063392686-scaled.jpg\" class=\"attachment-scaled size-scaled\" alt=\"\" style=\"object-position: 50% 50%\" srcset=\"https:\/\/hoyre.no\/content\/uploads\/sites\/92\/2023\/06\/GettyImages-1063392686-scaled.jpg 2500w, https:\/\/hoyre.no\/content\/uploads\/sites\/92\/2023\/06\/GettyImages-1063392686-300x200.jpg 300w, https:\/\/hoyre.no\/content\/uploads\/sites\/92\/2023\/06\/GettyImages-1063392686-1024x683.jpg 1024w, https:\/\/hoyre.no\/content\/uploads\/sites\/92\/2023\/06\/GettyImages-1063392686-768x512.jpg 768w, https:\/\/hoyre.no\/content\/uploads\/sites\/92\/2023\/06\/GettyImages-1063392686-1536x1024.jpg 1536w, https:\/\/hoyre.no\/content\/uploads\/sites\/92\/2023\/06\/GettyImages-1063392686-2048x1365.jpg 2048w\" sizes=\"auto, (max-width: 2500px) 100vw, 2500px\" \/><\/div><\/figure><div class=\"banner-content\"><div class=\"entry-content\">\n<h2 class=\"wp-block-heading\">4) Rask psykisk helsehjelp<\/h2>\n\n\n\n<p>Ulstein H\u00f8gre vil ha et krafttak innan psykisk helse. Du skal f\u00e5 hjelp n\u00e5r du trenger det, f\u00f8r sm\u00e5 problemer vokser seg store. Vi m\u00e5 styrke lavterskeltilbudene, slik at vi fanger opp alle som trenger hjelp &#8211; i alle aldrar. K\u00f8ene skal ned, og det klarer vi ved \u00e5 ta alle gode krefter i bruk.<\/p>\n\n\n\n<div class=\"wp-block-buttons is-layout-flex wp-block-buttons-is-layout-flex\"><\/div>\n<\/div><\/div><\/div><\/div>\n\n\n\n<div class=\"wp-block-hoyre-banner alignwide undefined\"><div class=\"banner-inner\"><figure class=\"hoyre-image-wrapper\"><div class=\"hoyre-image\"><img loading=\"lazy\" decoding=\"async\" width=\"2500\" height=\"1667\" src=\"https:\/\/hoyre.no\/content\/uploads\/sites\/92\/2023\/06\/GettyImages-585084336-scaled.jpg\" class=\"attachment-scaled size-scaled\" alt=\"\" style=\"object-position: 50% 50%\" srcset=\"https:\/\/hoyre.no\/content\/uploads\/sites\/92\/2023\/06\/GettyImages-585084336-scaled.jpg 2500w, https:\/\/hoyre.no\/content\/uploads\/sites\/92\/2023\/06\/GettyImages-585084336-300x200.jpg 300w, https:\/\/hoyre.no\/content\/uploads\/sites\/92\/2023\/06\/GettyImages-585084336-1024x683.jpg 1024w, https:\/\/hoyre.no\/content\/uploads\/sites\/92\/2023\/06\/GettyImages-585084336-768x512.jpg 768w, https:\/\/hoyre.no\/content\/uploads\/sites\/92\/2023\/06\/GettyImages-585084336-1536x1024.jpg 1536w, https:\/\/hoyre.no\/content\/uploads\/sites\/92\/2023\/06\/GettyImages-585084336-2048x1365.jpg 2048w\" sizes=\"auto, (max-width: 2500px) 100vw, 2500px\" \/><\/div><\/figure><div class=\"banner-content\"><div class=\"entry-content\">\n<h2 class=\"wp-block-heading\">5) Alle barn og unge skal kunne delta p\u00e5 fritidsaktivitetar<\/h2>\n\n\n\n<p>Ulstein H\u00f8gre vil spele p\u00e5 lag med dei etablerte lag og organisasjonar. Eit godt kulturtilbod er viktig for \u00e5 skape bulyst, og for \u00e5 gjere kommunen attraktiv for b\u00e5de oss som bur her i dag, og for at nye skal busette seg her. Frivillig innsats bidreg til eit rikare lokalsamfunn og betyr mykje for kvart einskild menneske. Kommunen b\u00f8r s\u00e5 godt det let seg gjere, &#8211; st\u00f8tte ulike tiltak som bidreg til fysisk aktivitet for innbyggarane v\u00e5re.<\/p>\n\n\n\n<div class=\"wp-block-buttons is-layout-flex wp-block-buttons-is-layout-flex\"><\/div>\n<\/div><\/div><\/div><\/div>\n\n\n\n<div class=\"wp-block-hoyre-banner alignwide undefined\"><div class=\"banner-inner\"><figure class=\"hoyre-image-wrapper\"><div class=\"hoyre-image\"><img loading=\"lazy\" decoding=\"async\" width=\"2500\" height=\"1668\" src=\"https:\/\/hoyre.no\/content\/uploads\/sites\/92\/2023\/06\/GettyImages-1133755381-scaled.jpg\" class=\"attachment-scaled size-scaled\" alt=\"\" style=\"object-position: 50% 50%\" srcset=\"https:\/\/hoyre.no\/content\/uploads\/sites\/92\/2023\/06\/GettyImages-1133755381-scaled.jpg 2500w, https:\/\/hoyre.no\/content\/uploads\/sites\/92\/2023\/06\/GettyImages-1133755381-300x200.jpg 300w, https:\/\/hoyre.no\/content\/uploads\/sites\/92\/2023\/06\/GettyImages-1133755381-1024x683.jpg 1024w, https:\/\/hoyre.no\/content\/uploads\/sites\/92\/2023\/06\/GettyImages-1133755381-768x513.jpg 768w, https:\/\/hoyre.no\/content\/uploads\/sites\/92\/2023\/06\/GettyImages-1133755381-1536x1025.jpg 1536w, https:\/\/hoyre.no\/content\/uploads\/sites\/92\/2023\/06\/GettyImages-1133755381-2048x1367.jpg 2048w\" sizes=\"auto, (max-width: 2500px) 100vw, 2500px\" \/><\/div><\/figure><div class=\"banner-content\"><div class=\"entry-content\">\n<h2 class=\"wp-block-heading\">6) Ei n\u00e6ringsvennleg kommune<\/h2>\n\n\n\n<p>Ulstein H\u00f8gre vil spele p\u00e5 lag med, og ha en tettare dialog med n\u00e6ringslivet som skaper verdiar, samfunnsutvikling og spanande arbeidsplassar i regionen v\u00e5r. Vi vil satse p\u00e5 auka digitalisering av eigne tenester for \u00e5 sikre raskare sakshandsaming og forutsigbarheit.<br>Ulstein H\u00f8gre vil jobbe for god og sikker regional samferdsel og trafikkavvikling som gjer det attraktivt \u00e5 kunne bu i Ulstein uansett om man jobbar i Ulstein eller andre n\u00e6rliggande kommuner.<\/p>\n\n\n\n<div class=\"wp-block-buttons is-layout-flex wp-block-buttons-is-layout-flex\"><\/div>\n<\/div><\/div><\/div><\/div>\n\n\n\n<div class=\"wp-block-hoyre-banner alignwide undefined\"><div class=\"banner-inner\"><figure class=\"hoyre-image-wrapper\"><div class=\"hoyre-image\"><img loading=\"lazy\" decoding=\"async\" width=\"2500\" height=\"1406\" src=\"https:\/\/hoyre.no\/content\/uploads\/sites\/92\/2023\/06\/Ulstienvik_Sjosiden-scaled.jpg\" class=\"attachment-scaled size-scaled\" alt=\"\" style=\"object-position: 50% 50%\" srcset=\"https:\/\/hoyre.no\/content\/uploads\/sites\/92\/2023\/06\/Ulstienvik_Sjosiden-scaled.jpg 2500w, https:\/\/hoyre.no\/content\/uploads\/sites\/92\/2023\/06\/Ulstienvik_Sjosiden-300x169.jpg 300w, https:\/\/hoyre.no\/content\/uploads\/sites\/92\/2023\/06\/Ulstienvik_Sjosiden-1024x576.jpg 1024w, https:\/\/hoyre.no\/content\/uploads\/sites\/92\/2023\/06\/Ulstienvik_Sjosiden-768x432.jpg 768w, https:\/\/hoyre.no\/content\/uploads\/sites\/92\/2023\/06\/Ulstienvik_Sjosiden-1536x864.jpg 1536w, https:\/\/hoyre.no\/content\/uploads\/sites\/92\/2023\/06\/Ulstienvik_Sjosiden-2048x1152.jpg 2048w\" sizes=\"auto, (max-width: 2500px) 100vw, 2500px\" \/><\/div><\/figure><div class=\"banner-content\"><div class=\"entry-content\">\n<h2 class=\"wp-block-heading\">7) Ansvarlig \u00f8konomisk styring<\/h2>\n\n\n\n<p>Ulstein H\u00f8gre vil arbeide for \u00e5 fjerne eigedomskatten i Ulstein kommune. Det er viktig at kommunen samarbeider med n\u00e6ringslivet for \u00e5 legge til rette for auka aktivitet og inntekter p\u00e5 lengre sikt.<br>Kommunen m\u00e5 samtidig jobbe for \u00e5 redusere sine kostnader, og vi vil fortsette \u00e5 utforde drifta til kommuna. Det er viktig \u00e5 ha balanse mellom inntekter og kostnader, men kommunen skal ikkje legge un\u00f8dig b\u00f8r p\u00e5 skuldrane til innbyggarane og n\u00e6ringslivet.<\/p>\n\n\n\n<div class=\"wp-block-buttons is-layout-flex wp-block-buttons-is-layout-flex\"><\/div>\n<\/div><\/div><\/div><\/div>\n\n\n\n<h2 class=\"wp-block-heading\">Last ned brosjyren &laquo;7 Gode grunner for  stemme H\u00f8gre i Ulstein&raquo;<\/h2>\n\n\n\n<div class=\"wp-block-teft-file icon-link-block\"><a href=\"https:\/\/hoyre.no\/content\/uploads\/sites\/92\/2023\/06\/7-Grunnar-Brosjyre-A5-2023-2027-4-Juni-2023.pdf\" download><span class=\"file-title\">7 Grunnar <\/span><span class=\"file-name\">7-Grunnar-Brosjyre-A5-2023-2027-4-Juni-2023.pdf [589.3kb]<\/span><\/a><\/div>\n\n\n\n<h2 class=\"wp-block-heading\">Heile programmet v\u00e5rt for 2023-2027 finn du her<\/h2>\n\n\n\n<div class=\"wp-block-buttons is-layout-flex wp-block-buttons-is-layout-flex\">\n<div class=\"wp-block-button has-custom-width wp-block-button__width-100\"><a class=\"wp-block-button__link\" href=\"https:\/\/hoyre.no\/ulstein\/politikk\/program23-27\/\" target=\"_blank\" rel=\"noreferrer noopener\">Ulstein inn i framtida<\/a><\/div>\n<\/div>\n","protected":false},"excerpt":{"rendered":"<p>Last ned brosjyren &laquo;7 Gode grunner for stemme H\u00f8gre i Ulstein&raquo; Heile programmet v\u00e5rt for 2023-2027 finn du her<\/p>\n","protected":false},"author":33555,"featured_media":0,"parent":328,"menu_order":0,"comment_status":"closed","ping_status":"closed","template":"","meta":{"teft_cards_image_url":"","teft_cards_custom_pretitle":"","teft_cards_image_id":0,"teft_cards_image_focal_point_x":0,"teft_cards_image_focal_point_y":0,"teft_cards_title":"","teft_cards_excerpt":"","teft_show_chapters":true,"footnotes":""},"class_list":["post-57","page","type-page","status-publish","hentry"],"yoast_head":"<!-- This site is optimized with the Yoast SEO plugin v26.6 - https:\/\/yoast.com\/wordpress\/plugins\/seo\/ -->\n<title>7 Gode grunnar - Ulstein H\u00f8gre<\/title>\n<meta name=\"robots\" content=\"index, follow, max-snippet:-1, max-image-preview:large, max-video-preview:-1\" \/>\n<link rel=\"canonical\" href=\"https:\/\/hoyre.no\/ulstein\/politikk\/7-grunnar\/\" \/>\n<meta property=\"og:locale\" content=\"nn_NO\" \/>\n<meta property=\"og:type\" content=\"article\" \/>\n<meta property=\"og:title\" content=\"7 Gode grunnar - Ulstein H\u00f8gre\" \/>\n<meta property=\"og:description\" content=\"Last ned brosjyren &laquo;7 Gode grunner for stemme H\u00f8gre i Ulstein&raquo; Heile programmet v\u00e5rt for 2023-2027 finn du her\" \/>\n<meta property=\"og:url\" content=\"https:\/\/hoyre.no\/ulstein\/politikk\/7-grunnar\/\" \/>\n<meta property=\"og:site_name\" content=\"Ulstein H\u00f8gre\" \/>\n<meta property=\"article:modified_time\" content=\"2023-07-01T09:42:02+00:00\" \/>\n<meta property=\"og:image\" content=\"https:\/\/hoyre.no\/content\/uploads\/sites\/92\/2022\/11\/Hoyres-logo.png\" \/>\n\t<meta property=\"og:image:width\" content=\"1000\" \/>\n\t<meta property=\"og:image:height\" content=\"1000\" \/>\n\t<meta property=\"og:image:type\" content=\"image\/png\" \/>\n<meta name=\"twitter:card\" content=\"summary_large_image\" \/>\n<meta name=\"twitter:label1\" content=\"Est. reading time\" \/>\n\t<meta name=\"twitter:data1\" content=\"4 minutt\" \/>\n<script type=\"application\/ld+json\" class=\"yoast-schema-graph\">{\"@context\":\"https:\/\/schema.org\",\"@graph\":[{\"@type\":\"WebPage\",\"@id\":\"https:\/\/hoyre.no\/ulstein\/politikk\/7-grunnar\/\",\"url\":\"https:\/\/hoyre.no\/ulstein\/politikk\/7-grunnar\/\",\"name\":\"7 Gode grunnar - Ulstein H\u00f8gre\",\"isPartOf\":{\"@id\":\"https:\/\/hoyre.no\/ulstein\/#website\"},\"datePublished\":\"2023-05-02T10:45:16+00:00\",\"dateModified\":\"2023-07-01T09:42:02+00:00\",\"breadcrumb\":{\"@id\":\"https:\/\/hoyre.no\/ulstein\/politikk\/7-grunnar\/#breadcrumb\"},\"inLanguage\":\"nn-NO\",\"potentialAction\":[{\"@type\":\"ReadAction\",\"target\":[\"https:\/\/hoyre.no\/ulstein\/politikk\/7-grunnar\/\"]}]},{\"@type\":\"BreadcrumbList\",\"@id\":\"https:\/\/hoyre.no\/ulstein\/politikk\/7-grunnar\/#breadcrumb\",\"itemListElement\":[{\"@type\":\"ListItem\",\"position\":1,\"name\":\"Til hoyre.no\",\"item\":\"https:\/\/hoyre.no\"},{\"@type\":\"ListItem\",\"position\":2,\"name\":\"Hjem\",\"item\":\"https:\/\/hoyre.no\/ulstein\/\"},{\"@type\":\"ListItem\",\"position\":3,\"name\":\"Politikk\",\"item\":\"https:\/\/hoyre.no\/ulstein\/politikk\/\"},{\"@type\":\"ListItem\",\"position\":4,\"name\":\"7 Gode grunnar\"}]},{\"@type\":\"WebSite\",\"@id\":\"https:\/\/hoyre.no\/ulstein\/#website\",\"url\":\"https:\/\/hoyre.no\/ulstein\/\",\"name\":\"Ulstein H\u00f8gre\",\"description\":\"Bare enda et H\u00f8yres nettsteder-nettsted\",\"inLanguage\":\"nn-NO\"}]}<\/script>\n<!-- \/ Yoast SEO plugin. -->","yoast_head_json":{"title":"7 Gode grunnar - Ulstein H\u00f8gre","robots":{"index":"index","follow":"follow","max-snippet":"max-snippet:-1","max-image-preview":"max-image-preview:large","max-video-preview":"max-video-preview:-1"},"canonical":"https:\/\/hoyre.no\/ulstein\/politikk\/7-grunnar\/","og_locale":"nn_NO","og_type":"article","og_title":"7 Gode grunnar - Ulstein H\u00f8gre","og_description":"Last ned brosjyren &laquo;7 Gode grunner for stemme H\u00f8gre i Ulstein&raquo; Heile programmet v\u00e5rt for 2023-2027 finn du her","og_url":"https:\/\/hoyre.no\/ulstein\/politikk\/7-grunnar\/","og_site_name":"Ulstein H\u00f8gre","article_modified_time":"2023-07-01T09:42:02+00:00","og_image":[{"width":1000,"height":1000,"url":"https:\/\/hoyre.no\/content\/uploads\/sites\/92\/2022\/11\/Hoyres-logo.png","type":"image\/png"}],"twitter_card":"summary_large_image","twitter_misc":{"Est. reading time":"4 minutt"},"schema":{"@context":"https:\/\/schema.org","@graph":[{"@type":"WebPage","@id":"https:\/\/hoyre.no\/ulstein\/politikk\/7-grunnar\/","url":"https:\/\/hoyre.no\/ulstein\/politikk\/7-grunnar\/","name":"7 Gode grunnar - Ulstein H\u00f8gre","isPartOf":{"@id":"https:\/\/hoyre.no\/ulstein\/#website"},"datePublished":"2023-05-02T10:45:16+00:00","dateModified":"2023-07-01T09:42:02+00:00","breadcrumb":{"@id":"https:\/\/hoyre.no\/ulstein\/politikk\/7-grunnar\/#breadcrumb"},"inLanguage":"nn-NO","potentialAction":[{"@type":"ReadAction","target":["https:\/\/hoyre.no\/ulstein\/politikk\/7-grunnar\/"]}]},{"@type":"BreadcrumbList","@id":"https:\/\/hoyre.no\/ulstein\/politikk\/7-grunnar\/#breadcrumb","itemListElement":[{"@type":"ListItem","position":1,"name":"Til hoyre.no","item":"https:\/\/hoyre.no"},{"@type":"ListItem","position":2,"name":"Hjem","item":"https:\/\/hoyre.no\/ulstein\/"},{"@type":"ListItem","position":3,"name":"Politikk","item":"https:\/\/hoyre.no\/ulstein\/politikk\/"},{"@type":"ListItem","position":4,"name":"7 Gode grunnar"}]},{"@type":"WebSite","@id":"https:\/\/hoyre.no\/ulstein\/#website","url":"https:\/\/hoyre.no\/ulstein\/","name":"Ulstein H\u00f8gre","description":"Bare enda et H\u00f8yres nettsteder-nettsted","inLanguage":"nn-NO"}]}},"distributor_meta":false,"distributor_terms":false,"distributor_media":false,"distributor_original_site_name":"Ulstein H\u00f8gre","distributor_original_site_url":"https:\/\/hoyre.no\/ulstein","push-errors":false,"_links":{"self":[{"href":"https:\/\/hoyre.no\/ulstein\/wp-json\/wp\/v2\/pages\/57","targetHints":{"allow":["GET"]}}],"collection":[{"href":"https:\/\/hoyre.no\/ulstein\/wp-json\/wp\/v2\/pages"}],"about":[{"href":"https:\/\/hoyre.no\/ulstein\/wp-json\/wp\/v2\/types\/page"}],"author":[{"embeddable":true,"href":"https:\/\/hoyre.no\/ulstein\/wp-json\/wp\/v2\/users\/33555"}],"replies":[{"embeddable":true,"href":"https:\/\/hoyre.no\/ulstein\/wp-json\/wp\/v2\/comments?post=57"}],"version-history":[{"count":21,"href":"https:\/\/hoyre.no\/ulstein\/wp-json\/wp\/v2\/pages\/57\/revisions"}],"predecessor-version":[{"id":461,"href":"https:\/\/hoyre.no\/ulstein\/wp-json\/wp\/v2\/pages\/57\/revisions\/461"}],"up":[{"embeddable":true,"href":"https:\/\/hoyre.no\/ulstein\/wp-json\/wp\/v2\/pages\/328"}],"wp:attachment":[{"href":"https:\/\/hoyre.no\/ulstein\/wp-json\/wp\/v2\/media?parent=57"}],"curies":[{"name":"wp","href":"https:\/\/api.w.org\/{rel}","templated":true}]}}