{"id":51,"date":"2023-06-29T15:24:59","date_gmt":"2023-06-29T13:24:59","guid":{"rendered":"https:\/\/hoyre.no\/vagan\/?page_id=51"},"modified":"2025-01-24T16:11:00","modified_gmt":"2025-01-24T15:11:00","slug":"7-gode-grunner-til-a-stemme-hoyre-i-vagan","status":"publish","type":"page","link":"https:\/\/hoyre.no\/vagan\/7-gode-grunner-til-a-stemme-hoyre-i-vagan\/","title":{"rendered":"7 gode grunner til \u00e5 stemme H\u00f8yre i V\u00e5gan"},"content":{"rendered":"\n<div class=\"wp-block-hoyre-hero with-image-gradient text-color-light  has-media alignfull has-background\"><div class=\"hoyre-hero has-image\"><h1 class=\"title\">7 gode grunner til \u00e5 stemme H\u00f8yre i V\u00e5gan<\/h1><p class=\"preamble\">Her er syv gode grunner til \u00e5 stemme p\u00e5 V\u00e5gan H\u00f8yre ved h\u00f8stens valg<\/p>\t\t\t<div class=\"post-meta wp-block teft-byline-wrapper\">\n\t\t\t\t<div class=\"top\">\n\t\t\t\t\t<div class=\"signature\">\n\t\t\t\t\t\t<div class=\"teft-byline\">\n\t\t\t\t\t\t\t\t\t\t\t\t\t\t<div>\n\t\t\t\t\t\t\t\t<h3>H\u00f8yres redaksjon<\/h3>\t\t\t\t\t\t\t\t\n\t\t\t\t\t\t\t\t\t\t\t\t\t\t\t\t\t<span class=\"date\">Sist oppdatert: 24. januar 2025<\/span>\n\t\t\t\t\t\t\t\t\t\t\t\t\t\t\t\t\t\t\t\t\t\t\t\t\t<span class=\"reading-time\" itemprop=\"timeRequired\" content=\"PT4M\"><em>Ca. 4 minutter lesetid<\/em><\/span>\n\t\t\t\t\t\t\t\t\t\t\t\t\t\t\t<\/div>\n\t\t\t\t\t\t<\/div>\n\t\t\t\t\t<\/div>\n\t\t\t\t\t\t<div class=\"sharing\">\n\t\t<a class=\"share-button share-link copy-link\" data-copy=\"https:\/\/hoyre.no\/vagan\/7-gode-grunner-til-a-stemme-hoyre-i-vagan\/\" target=\"_blank\"><span class=\"screen-reader-text\">Del link<\/span><\/a>\n\t\t<a class=\"share-button share-twitter\" href=\"http:\/\/twitter.com\/share?text=7 gode grunner til \u00e5 stemme H\u00f8yre i V\u00e5gan&#038;url=https:\/\/hoyre.no\/vagan\/7-gode-grunner-til-a-stemme-hoyre-i-vagan\/&#038;hashtags=Hoyre\" target=\"_blank\"><span class=\"screen-reader-text\">Del p\u00e5 twitter<\/span><\/a>\n\t\t<a class=\"share-button share-facebook\" href=\"https:\/\/www.facebook.com\/sharer\/sharer.php?u=https:\/\/hoyre.no\/vagan\/7-gode-grunner-til-a-stemme-hoyre-i-vagan\/\" target=\"_blank\"><span class=\"screen-reader-text\">Del p\u00e5 facebook<\/span><\/a>\n\t<\/div>\n\t\t\t\t\t<\/div>\n\t\t\t<\/div>\n\n\t\t\t<figure class=\"hoyre-image-wrapper\"><div class=\"hoyre-image\"><img loading=\"lazy\" decoding=\"async\" width=\"2500\" height=\"1665\" src=\"https:\/\/hoyre.no\/content\/uploads\/sites\/114\/2023\/06\/GettyImages-1186367637-scaled.jpg\" class=\"attachment-scaled size-scaled\" alt=\"\" style=\"object-position: 34% 96%\" srcset=\"https:\/\/hoyre.no\/content\/uploads\/sites\/114\/2023\/06\/GettyImages-1186367637-scaled.jpg 2500w, https:\/\/hoyre.no\/content\/uploads\/sites\/114\/2023\/06\/GettyImages-1186367637-300x200.jpg 300w, https:\/\/hoyre.no\/content\/uploads\/sites\/114\/2023\/06\/GettyImages-1186367637-1024x682.jpg 1024w, https:\/\/hoyre.no\/content\/uploads\/sites\/114\/2023\/06\/GettyImages-1186367637-768x512.jpg 768w, https:\/\/hoyre.no\/content\/uploads\/sites\/114\/2023\/06\/GettyImages-1186367637-1536x1023.jpg 1536w, https:\/\/hoyre.no\/content\/uploads\/sites\/114\/2023\/06\/GettyImages-1186367637-2048x1364.jpg 2048w\" sizes=\"auto, (max-width: 2500px) 100vw, 2500px\" \/><\/div><\/figure><\/div><\/div>\n\n\n\n\n<div class=\"wp-block-media-text is-stacked-on-mobile is-image-fill alignwide is-style-lightest-blue\"><figure class=\"wp-block-media-text__media\" style=\"background-image:url('https:\/\/hoyre.no\/content\/uploads\/sites\/114\/2023\/06\/AdobeStock_360638312-1024x683.jpeg');background-position:60% 12%\"><img loading=\"lazy\" decoding=\"async\" width=\"1024\" height=\"683\" src=\"https:\/\/hoyre.no\/content\/uploads\/sites\/114\/2023\/06\/AdobeStock_360638312-1024x683.jpeg\" alt=\"\" class=\"wp-image-57 size-full\" srcset=\"https:\/\/hoyre.no\/content\/uploads\/sites\/114\/2023\/06\/AdobeStock_360638312-1024x683.jpeg 1024w, https:\/\/hoyre.no\/content\/uploads\/sites\/114\/2023\/06\/AdobeStock_360638312-300x200.jpeg 300w, https:\/\/hoyre.no\/content\/uploads\/sites\/114\/2023\/06\/AdobeStock_360638312-768x512.jpeg 768w, https:\/\/hoyre.no\/content\/uploads\/sites\/114\/2023\/06\/AdobeStock_360638312-1536x1024.jpeg 1536w, https:\/\/hoyre.no\/content\/uploads\/sites\/114\/2023\/06\/AdobeStock_360638312-2048x1365.jpeg 2048w\" sizes=\"auto, (max-width: 1024px) 100vw, 1024px\" \/><\/figure><div class=\"wp-block-media-text__content\">\n<h2 class=\"wp-block-heading\">1. Tryggere styring av kommunens \u00f8konomi<\/h2>\n\n\n\n<p>V\u00e5gan H\u00f8yre vil st\u00e5 for en ansvarlig styring av en kommune\u00f8konomi i balanse, og arbeide for at V\u00e5gan Kommune har \u00f8konomiske muskler til \u00e5 kunne m\u00f8te de \u00f8kte kapitalutgiftene, omstille driften til endringer i oppgaver, og endringer innbyggernes behov.<\/p>\n<\/div><\/div>\n\n\n\n<div class=\"wp-block-media-text has-media-on-the-right is-stacked-on-mobile is-image-fill alignwide is-style-pink\"><div class=\"wp-block-media-text__content\">\n<h2 class=\"wp-block-heading\">2. Et aldersvennlig V\u00e5gan<\/h2>\n\n\n\n<p>Vi blir stadig flere eldre, og i 2035 n\u00e6rmer vi oss tusen innbyggere over 80 \u00e5r. Samtidig blir vi ikke tilsvarende flere hender til \u00e5 ta vare p\u00e5 oss n\u00e5r vi blir gamle. En verdig alderdom handler om \u00e5 ha mulighet til \u00e5 velge det som er best for en selv. V\u00e5gan H\u00f8yre vil at eldre skal ha st\u00f8rre valgfrihet, og verdighet i omsorgen. De skal kunne bo hjemme s\u00e5 lenge det er mulig, og de selv vil, og f\u00e5 tilbud om omsorgsbolig n\u00e5r det er behov for dette! Vi vil la de eldre spise til normale tider. Vi vil styrke innsatsen i eldreomsorgen i takt med behovet. Mange eldre har god helse og vi m\u00e5 legge til rette for at de som \u00f8nsker \u00e5 bidra eller delta p\u00e5 tilbud, kan gj\u00f8re det blant annet gjennom godt samarbeid med frivilligheten.<\/p>\n<\/div><figure class=\"wp-block-media-text__media\" style=\"background-image:url('https:\/\/hoyre.no\/content\/uploads\/sites\/114\/2023\/06\/GettyImages-1152308900-1024x683.jpg');background-position:50% 50%\"><img loading=\"lazy\" decoding=\"async\" width=\"1024\" height=\"683\" src=\"https:\/\/hoyre.no\/content\/uploads\/sites\/114\/2023\/06\/GettyImages-1152308900-1024x683.jpg\" alt=\"\" class=\"wp-image-54 size-full\" srcset=\"https:\/\/hoyre.no\/content\/uploads\/sites\/114\/2023\/06\/GettyImages-1152308900-1024x683.jpg 1024w, https:\/\/hoyre.no\/content\/uploads\/sites\/114\/2023\/06\/GettyImages-1152308900-300x200.jpg 300w, https:\/\/hoyre.no\/content\/uploads\/sites\/114\/2023\/06\/GettyImages-1152308900-768x512.jpg 768w, https:\/\/hoyre.no\/content\/uploads\/sites\/114\/2023\/06\/GettyImages-1152308900-1536x1024.jpg 1536w, https:\/\/hoyre.no\/content\/uploads\/sites\/114\/2023\/06\/GettyImages-1152308900-2048x1365.jpg 2048w\" sizes=\"auto, (max-width: 1024px) 100vw, 1024px\" \/><\/figure><\/div>\n\n\n\n<div class=\"wp-block-media-text is-stacked-on-mobile is-image-fill alignwide is-style-darkest-blue\"><figure class=\"wp-block-media-text__media\" style=\"background-image:url('https:\/\/hoyre.no\/content\/uploads\/sites\/114\/2023\/06\/GettyImages-640964975-1024x683.jpg');background-position:50% 50%\"><img loading=\"lazy\" decoding=\"async\" width=\"1024\" height=\"683\" src=\"https:\/\/hoyre.no\/content\/uploads\/sites\/114\/2023\/06\/GettyImages-640964975-1024x683.jpg\" alt=\"\" class=\"wp-image-58 size-full\" srcset=\"https:\/\/hoyre.no\/content\/uploads\/sites\/114\/2023\/06\/GettyImages-640964975-1024x683.jpg 1024w, https:\/\/hoyre.no\/content\/uploads\/sites\/114\/2023\/06\/GettyImages-640964975-300x200.jpg 300w, https:\/\/hoyre.no\/content\/uploads\/sites\/114\/2023\/06\/GettyImages-640964975-768x512.jpg 768w, https:\/\/hoyre.no\/content\/uploads\/sites\/114\/2023\/06\/GettyImages-640964975-1536x1024.jpg 1536w, https:\/\/hoyre.no\/content\/uploads\/sites\/114\/2023\/06\/GettyImages-640964975-2048x1365.jpg 2048w\" sizes=\"auto, (max-width: 1024px) 100vw, 1024px\" \/><\/figure><div class=\"wp-block-media-text__content\">\n<h2 class=\"wp-block-heading\">3. Bli den dyktigste kommunen i Norge p\u00e5 \u00e5 gripe mulighetene<\/h2>\n\n\n\n<p>V\u00e5gan skal v\u00e6re en kommune som \u00f8nsker \u00e5 si ja. Vi skal vise velvilje for utvikling av alt fra eiendommer og n\u00e6ring, til velforeninger og stiftelser. Vi \u00f8nsker maksimale tidsfrister for saksbehandling og en kommuneadministrasjon som aktivt hjelper de som trenger hjelp. H\u00f8yre \u00f8nsker \u00e5 ta initiativ til etableringen av en mentorgruppe for nyetablerere.<\/p>\n<\/div><\/div>\n\n\n\n<div class=\"wp-block-media-text has-media-on-the-right is-stacked-on-mobile is-image-fill alignwide is-style-pale-green\"><div class=\"wp-block-media-text__content\">\n<h2 class=\"wp-block-heading\">4. &nbsp;Alle barn og unge skal kunne delta p\u00e5 fritidsaktiviteter<\/h2>\n\n\n\n<p>En meningsfull fritid for barn og unge er grunnleggende i livet. V\u00e5gan H\u00f8yre vil tilby barn fra lavinntektsfamilier gratis tilgang p\u00e5 tilbud som kino, kulturhus, sv\u00f8mmebasseng og treningsavgift i idrettslagene. Legge til rette for at BUA skal f\u00e5 lov \u00e5 videreutvikle seg med enda bedre \u00e5pningstid, og enda mer utstyr.<\/p>\n<\/div><figure class=\"wp-block-media-text__media\" style=\"background-image:url('https:\/\/hoyre.no\/content\/uploads\/sites\/114\/2023\/06\/GettyImages-594375747-1024x683.jpg');background-position:50% 50%\"><img loading=\"lazy\" decoding=\"async\" width=\"1024\" height=\"683\" src=\"https:\/\/hoyre.no\/content\/uploads\/sites\/114\/2023\/06\/GettyImages-594375747-1024x683.jpg\" alt=\"\" class=\"wp-image-59 size-full\" srcset=\"https:\/\/hoyre.no\/content\/uploads\/sites\/114\/2023\/06\/GettyImages-594375747-1024x683.jpg 1024w, https:\/\/hoyre.no\/content\/uploads\/sites\/114\/2023\/06\/GettyImages-594375747-300x200.jpg 300w, https:\/\/hoyre.no\/content\/uploads\/sites\/114\/2023\/06\/GettyImages-594375747-768x512.jpg 768w, https:\/\/hoyre.no\/content\/uploads\/sites\/114\/2023\/06\/GettyImages-594375747-1536x1024.jpg 1536w, https:\/\/hoyre.no\/content\/uploads\/sites\/114\/2023\/06\/GettyImages-594375747-2048x1365.jpg 2048w\" sizes=\"auto, (max-width: 1024px) 100vw, 1024px\" \/><\/figure><\/div>\n\n\n\n<div class=\"wp-block-media-text is-stacked-on-mobile is-image-fill alignwide is-style-lightest-blue\"><figure class=\"wp-block-media-text__media\" style=\"background-image:url('https:\/\/hoyre.no\/content\/uploads\/sites\/114\/2023\/06\/GettyImages-1186367637-1-1024x682.jpg');background-position:50% 50%\"><img loading=\"lazy\" decoding=\"async\" width=\"1024\" height=\"682\" src=\"https:\/\/hoyre.no\/content\/uploads\/sites\/114\/2023\/06\/GettyImages-1186367637-1-1024x682.jpg\" alt=\"\" class=\"wp-image-55 size-full\" srcset=\"https:\/\/hoyre.no\/content\/uploads\/sites\/114\/2023\/06\/GettyImages-1186367637-1-1024x682.jpg 1024w, https:\/\/hoyre.no\/content\/uploads\/sites\/114\/2023\/06\/GettyImages-1186367637-1-300x200.jpg 300w, https:\/\/hoyre.no\/content\/uploads\/sites\/114\/2023\/06\/GettyImages-1186367637-1-768x512.jpg 768w, https:\/\/hoyre.no\/content\/uploads\/sites\/114\/2023\/06\/GettyImages-1186367637-1-1536x1023.jpg 1536w, https:\/\/hoyre.no\/content\/uploads\/sites\/114\/2023\/06\/GettyImages-1186367637-1-2048x1364.jpg 2048w\" sizes=\"auto, (max-width: 1024px) 100vw, 1024px\" \/><\/figure><div class=\"wp-block-media-text__content\">\n<h2 class=\"wp-block-heading\">5. Ta vare p\u00e5 det vi har og bygge nytt der vi m\u00e5<\/h2>\n\n\n\n<p>Vi \u00f8nsker \u00e5 sikre tilstrekkelig vedlikehold av eksisterende idrettsanlegg, n\u00e6rmilj\u00f8anlegg, parker og lekeplasser. Gjerne i samarbeid med idrettslag, velforeninger og initiativ fra befolkningen. V\u00e5gan H\u00f8yre vil jobbe for at vi f\u00e5r realisert nytt basseng i Svolv\u00e6r s\u00e5 snart som mulig.<\/p>\n<\/div><\/div>\n\n\n\n<div class=\"wp-block-media-text has-media-on-the-right is-stacked-on-mobile is-image-fill alignwide is-style-pink\"><div class=\"wp-block-media-text__content\">\n<h2 class=\"wp-block-heading\">6. \u00d8kt livskvalitet og trivsel<\/h2>\n\n\n\n<p>V\u00e5gan H\u00f8yre vil arbeide for at der tilbys aktiviteter i kommunen som \u00f8ker bostedsattraktiviteten og bidrar til \u00f8kt trivsel. Forskj\u00f8nning og aktiv bruk av parkene i Svolv\u00e6r, Kabelv\u00e5g og Henningsv\u00e6r. Forskj\u00f8nning av omr\u00e5det p\u00e5 Kuba, forbedret tilgjengelighet for Lang\u00e5sen kulturpark, utrede sentrumsn\u00e6r lekeplass i Kabelv\u00e5g, og bygge \u00abFrits-veien\u00bb gjennom Vesterskaret.<\/p>\n<\/div><figure class=\"wp-block-media-text__media\" style=\"background-image:url('https:\/\/hoyre.no\/content\/uploads\/sites\/114\/2023\/06\/GettyImages-1310100160-1024x683.jpg');background-position:55% 45%\"><img loading=\"lazy\" decoding=\"async\" width=\"1024\" height=\"683\" src=\"https:\/\/hoyre.no\/content\/uploads\/sites\/114\/2023\/06\/GettyImages-1310100160-1024x683.jpg\" alt=\"\" class=\"wp-image-53 size-full\" srcset=\"https:\/\/hoyre.no\/content\/uploads\/sites\/114\/2023\/06\/GettyImages-1310100160-1024x683.jpg 1024w, https:\/\/hoyre.no\/content\/uploads\/sites\/114\/2023\/06\/GettyImages-1310100160-300x200.jpg 300w, https:\/\/hoyre.no\/content\/uploads\/sites\/114\/2023\/06\/GettyImages-1310100160-768x512.jpg 768w, https:\/\/hoyre.no\/content\/uploads\/sites\/114\/2023\/06\/GettyImages-1310100160-1536x1024.jpg 1536w, https:\/\/hoyre.no\/content\/uploads\/sites\/114\/2023\/06\/GettyImages-1310100160-2048x1365.jpg 2048w\" sizes=\"auto, (max-width: 1024px) 100vw, 1024px\" \/><\/figure><\/div>\n\n\n\n<div class=\"wp-block-media-text is-stacked-on-mobile is-image-fill alignwide is-style-pale-green\"><figure class=\"wp-block-media-text__media\" style=\"background-image:url('https:\/\/hoyre.no\/content\/uploads\/sites\/114\/2023\/06\/GettyImages-1219527349-1024x683.jpg');background-position:50% 50%\"><img loading=\"lazy\" decoding=\"async\" width=\"1024\" height=\"683\" src=\"https:\/\/hoyre.no\/content\/uploads\/sites\/114\/2023\/06\/GettyImages-1219527349-1024x683.jpg\" alt=\"\" class=\"wp-image-60 size-full\" srcset=\"https:\/\/hoyre.no\/content\/uploads\/sites\/114\/2023\/06\/GettyImages-1219527349-1024x683.jpg 1024w, https:\/\/hoyre.no\/content\/uploads\/sites\/114\/2023\/06\/GettyImages-1219527349-300x200.jpg 300w, https:\/\/hoyre.no\/content\/uploads\/sites\/114\/2023\/06\/GettyImages-1219527349-768x512.jpg 768w, https:\/\/hoyre.no\/content\/uploads\/sites\/114\/2023\/06\/GettyImages-1219527349-1536x1024.jpg 1536w, https:\/\/hoyre.no\/content\/uploads\/sites\/114\/2023\/06\/GettyImages-1219527349-2048x1366.jpg 2048w\" sizes=\"auto, (max-width: 1024px) 100vw, 1024px\" \/><\/figure><div class=\"wp-block-media-text__content\">\n<h2 class=\"wp-block-heading\">7. Fortsette satsningen p\u00e5 \u00abLofoten de gr\u00f8nne \u00f8yene\u00bb<\/h2>\n\n\n\n<p>Samspillet mellom utvikling og ivaretakelse er vanskelig. V\u00e5gan H\u00f8yre har tro p\u00e5 at prosjektet \u00abLofoten de gr\u00f8nne \u00f8yene\u00bb vil legge grunnlaget for en god og balansert milj\u00f8politikk, og en b\u00e6rekraftig utvikling i hele regionen. Vi \u00f8nsker samtidig \u00e5 legge til rette for \u00f8kt fornybar energiproduksjon i Lofoten.<\/p>\n<\/div><\/div>\n\n\n\n<p><\/p>\n\n\n\n\n<div class=\"wp-block-hoyre-banner undefined\"><div class=\"banner-inner\"><figure class=\"hoyre-image-wrapper\"><div class=\"hoyre-image\"><img loading=\"lazy\" decoding=\"async\" width=\"2500\" height=\"1875\" src=\"https:\/\/hoyre.no\/content\/uploads\/sites\/114\/2023\/08\/IMG_1207-scaled.jpg\" class=\"attachment-scaled size-scaled\" alt=\"Vidar Thom\" style=\"object-position: 48% 55.00000000000001%\" srcset=\"https:\/\/hoyre.no\/content\/uploads\/sites\/114\/2023\/08\/IMG_1207-scaled.jpg 2500w, https:\/\/hoyre.no\/content\/uploads\/sites\/114\/2023\/08\/IMG_1207-300x225.jpg 300w, https:\/\/hoyre.no\/content\/uploads\/sites\/114\/2023\/08\/IMG_1207-1024x768.jpg 1024w, https:\/\/hoyre.no\/content\/uploads\/sites\/114\/2023\/08\/IMG_1207-768x576.jpg 768w, https:\/\/hoyre.no\/content\/uploads\/sites\/114\/2023\/08\/IMG_1207-1536x1152.jpg 1536w, https:\/\/hoyre.no\/content\/uploads\/sites\/114\/2023\/08\/IMG_1207-2048x1536.jpg 2048w\" sizes=\"auto, (max-width: 2500px) 100vw, 2500px\" \/><\/div><\/figure><div class=\"banner-content\"><div class=\"entry-content\">\n<h2 class=\"wp-block-heading\">Bli kjent med V\u00e5gan H\u00f8yres ordf\u00f8rer Vidar Thom Benjaminsen<\/h2>\n\n\n\n<p><\/p>\n\n\n\n<div class=\"wp-block-buttons is-layout-flex wp-block-buttons-is-layout-flex\">\n<div class=\"wp-block-button has-custom-width wp-block-button__width-100\"><a class=\"wp-block-button__link wp-element-button\" href=\"https:\/\/hoyre.no\/vagan\/vidar-thom-benjaminsen-var-ordforerkandidat\/\" target=\"_blank\" rel=\"noreferrer noopener\">Trykk her<\/a><\/div>\n<\/div>\n<\/div><\/div><\/div><\/div>\n\n\n","protected":false},"excerpt":{"rendered":"","protected":false},"author":3547,"featured_media":0,"parent":0,"menu_order":0,"comment_status":"closed","ping_status":"closed","template":"","meta":{"teft_cards_image_url":"","teft_cards_custom_pretitle":"","teft_cards_image_id":0,"teft_cards_image_focal_point_x":0,"teft_cards_image_focal_point_y":0,"teft_cards_title":"","teft_cards_excerpt":"","teft_show_chapters":false,"footnotes":""},"class_list":["post-51","page","type-page","status-publish","hentry"],"yoast_head":"<!-- This site is optimized with the Yoast SEO plugin v26.6 - https:\/\/yoast.com\/wordpress\/plugins\/seo\/ -->\n<title>7 gode grunner til \u00e5 stemme H\u00f8yre i V\u00e5gan - V\u00e5gan H\u00f8yre<\/title>\n<meta name=\"robots\" content=\"index, follow, max-snippet:-1, max-image-preview:large, max-video-preview:-1\" \/>\n<link rel=\"canonical\" href=\"https:\/\/hoyre.no\/vagan\/7-gode-grunner-til-a-stemme-hoyre-i-vagan\/\" \/>\n<meta property=\"og:locale\" content=\"nb_NO\" \/>\n<meta property=\"og:type\" content=\"article\" \/>\n<meta property=\"og:title\" content=\"7 gode grunner til \u00e5 stemme H\u00f8yre i V\u00e5gan - V\u00e5gan H\u00f8yre\" \/>\n<meta property=\"og:url\" content=\"https:\/\/hoyre.no\/vagan\/7-gode-grunner-til-a-stemme-hoyre-i-vagan\/\" \/>\n<meta property=\"og:site_name\" content=\"V\u00e5gan H\u00f8yre\" \/>\n<meta property=\"article:modified_time\" content=\"2025-01-24T15:11:00+00:00\" \/>\n<meta property=\"og:image\" content=\"https:\/\/hoyre.no\/content\/uploads\/sites\/114\/2023\/06\/AdobeStock_360638312-1024x683.jpeg\" \/>\n<meta name=\"twitter:card\" content=\"summary_large_image\" \/>\n<meta name=\"twitter:label1\" content=\"Ansl. lesetid\" \/>\n\t<meta name=\"twitter:data1\" content=\"5 minutter\" \/>\n<script type=\"application\/ld+json\" class=\"yoast-schema-graph\">{\"@context\":\"https:\/\/schema.org\",\"@graph\":[{\"@type\":\"WebPage\",\"@id\":\"https:\/\/hoyre.no\/vagan\/7-gode-grunner-til-a-stemme-hoyre-i-vagan\/\",\"url\":\"https:\/\/hoyre.no\/vagan\/7-gode-grunner-til-a-stemme-hoyre-i-vagan\/\",\"name\":\"7 gode grunner til \u00e5 stemme H\u00f8yre i V\u00e5gan - V\u00e5gan H\u00f8yre\",\"isPartOf\":{\"@id\":\"https:\/\/hoyre.no\/vagan\/#website\"},\"image\":{\"@id\":\"https:\/\/hoyre.no\/vagan\/7-gode-grunner-til-a-stemme-hoyre-i-vagan\/#primaryimage\"},\"thumbnailUrl\":\"https:\/\/hoyre.no\/content\/uploads\/sites\/114\/2023\/06\/AdobeStock_360638312-1024x683.jpeg\",\"datePublished\":\"2023-06-29T13:24:59+00:00\",\"dateModified\":\"2025-01-24T15:11:00+00:00\",\"breadcrumb\":{\"@id\":\"https:\/\/hoyre.no\/vagan\/7-gode-grunner-til-a-stemme-hoyre-i-vagan\/#breadcrumb\"},\"inLanguage\":\"nb-NO\",\"potentialAction\":[{\"@type\":\"ReadAction\",\"target\":[\"https:\/\/hoyre.no\/vagan\/7-gode-grunner-til-a-stemme-hoyre-i-vagan\/\"]}]},{\"@type\":\"ImageObject\",\"inLanguage\":\"nb-NO\",\"@id\":\"https:\/\/hoyre.no\/vagan\/7-gode-grunner-til-a-stemme-hoyre-i-vagan\/#primaryimage\",\"url\":\"https:\/\/hoyre.no\/content\/uploads\/sites\/114\/2023\/06\/AdobeStock_360638312-1024x683.jpeg\",\"contentUrl\":\"https:\/\/hoyre.no\/content\/uploads\/sites\/114\/2023\/06\/AdobeStock_360638312-1024x683.jpeg\"},{\"@type\":\"BreadcrumbList\",\"@id\":\"https:\/\/hoyre.no\/vagan\/7-gode-grunner-til-a-stemme-hoyre-i-vagan\/#breadcrumb\",\"itemListElement\":[{\"@type\":\"ListItem\",\"position\":1,\"name\":\"Til hoyre.no\",\"item\":\"https:\/\/hoyre.no\"},{\"@type\":\"ListItem\",\"position\":2,\"name\":\"Hjem\",\"item\":\"https:\/\/hoyre.no\/vagan\/\"},{\"@type\":\"ListItem\",\"position\":3,\"name\":\"7 gode grunner til \u00e5 stemme H\u00f8yre i V\u00e5gan\"}]},{\"@type\":\"WebSite\",\"@id\":\"https:\/\/hoyre.no\/vagan\/#website\",\"url\":\"https:\/\/hoyre.no\/vagan\/\",\"name\":\"V\u00e5gan H\u00f8yre\",\"description\":\"Bare enda et H\u00f8yres nettsteder-nettsted\",\"inLanguage\":\"nb-NO\"}]}<\/script>\n<!-- \/ Yoast SEO plugin. -->","yoast_head_json":{"title":"7 gode grunner til \u00e5 stemme H\u00f8yre i V\u00e5gan - V\u00e5gan H\u00f8yre","robots":{"index":"index","follow":"follow","max-snippet":"max-snippet:-1","max-image-preview":"max-image-preview:large","max-video-preview":"max-video-preview:-1"},"canonical":"https:\/\/hoyre.no\/vagan\/7-gode-grunner-til-a-stemme-hoyre-i-vagan\/","og_locale":"nb_NO","og_type":"article","og_title":"7 gode grunner til \u00e5 stemme H\u00f8yre i V\u00e5gan - V\u00e5gan H\u00f8yre","og_url":"https:\/\/hoyre.no\/vagan\/7-gode-grunner-til-a-stemme-hoyre-i-vagan\/","og_site_name":"V\u00e5gan H\u00f8yre","article_modified_time":"2025-01-24T15:11:00+00:00","og_image":[{"url":"https:\/\/hoyre.no\/content\/uploads\/sites\/114\/2023\/06\/AdobeStock_360638312-1024x683.jpeg","type":"","width":"","height":""}],"twitter_card":"summary_large_image","twitter_misc":{"Ansl. lesetid":"5 minutter"},"schema":{"@context":"https:\/\/schema.org","@graph":[{"@type":"WebPage","@id":"https:\/\/hoyre.no\/vagan\/7-gode-grunner-til-a-stemme-hoyre-i-vagan\/","url":"https:\/\/hoyre.no\/vagan\/7-gode-grunner-til-a-stemme-hoyre-i-vagan\/","name":"7 gode grunner til \u00e5 stemme H\u00f8yre i V\u00e5gan - V\u00e5gan H\u00f8yre","isPartOf":{"@id":"https:\/\/hoyre.no\/vagan\/#website"},"image":{"@id":"https:\/\/hoyre.no\/vagan\/7-gode-grunner-til-a-stemme-hoyre-i-vagan\/#primaryimage"},"thumbnailUrl":"https:\/\/hoyre.no\/content\/uploads\/sites\/114\/2023\/06\/AdobeStock_360638312-1024x683.jpeg","datePublished":"2023-06-29T13:24:59+00:00","dateModified":"2025-01-24T15:11:00+00:00","breadcrumb":{"@id":"https:\/\/hoyre.no\/vagan\/7-gode-grunner-til-a-stemme-hoyre-i-vagan\/#breadcrumb"},"inLanguage":"nb-NO","potentialAction":[{"@type":"ReadAction","target":["https:\/\/hoyre.no\/vagan\/7-gode-grunner-til-a-stemme-hoyre-i-vagan\/"]}]},{"@type":"ImageObject","inLanguage":"nb-NO","@id":"https:\/\/hoyre.no\/vagan\/7-gode-grunner-til-a-stemme-hoyre-i-vagan\/#primaryimage","url":"https:\/\/hoyre.no\/content\/uploads\/sites\/114\/2023\/06\/AdobeStock_360638312-1024x683.jpeg","contentUrl":"https:\/\/hoyre.no\/content\/uploads\/sites\/114\/2023\/06\/AdobeStock_360638312-1024x683.jpeg"},{"@type":"BreadcrumbList","@id":"https:\/\/hoyre.no\/vagan\/7-gode-grunner-til-a-stemme-hoyre-i-vagan\/#breadcrumb","itemListElement":[{"@type":"ListItem","position":1,"name":"Til hoyre.no","item":"https:\/\/hoyre.no"},{"@type":"ListItem","position":2,"name":"Hjem","item":"https:\/\/hoyre.no\/vagan\/"},{"@type":"ListItem","position":3,"name":"7 gode grunner til \u00e5 stemme H\u00f8yre i V\u00e5gan"}]},{"@type":"WebSite","@id":"https:\/\/hoyre.no\/vagan\/#website","url":"https:\/\/hoyre.no\/vagan\/","name":"V\u00e5gan H\u00f8yre","description":"Bare enda et H\u00f8yres nettsteder-nettsted","inLanguage":"nb-NO"}]}},"distributor_meta":false,"distributor_terms":false,"distributor_media":false,"distributor_original_site_name":"V\u00e5gan H\u00f8yre","distributor_original_site_url":"https:\/\/hoyre.no\/vagan","push-errors":false,"_links":{"self":[{"href":"https:\/\/hoyre.no\/vagan\/wp-json\/wp\/v2\/pages\/51","targetHints":{"allow":["GET"]}}],"collection":[{"href":"https:\/\/hoyre.no\/vagan\/wp-json\/wp\/v2\/pages"}],"about":[{"href":"https:\/\/hoyre.no\/vagan\/wp-json\/wp\/v2\/types\/page"}],"author":[{"embeddable":true,"href":"https:\/\/hoyre.no\/vagan\/wp-json\/wp\/v2\/users\/3547"}],"replies":[{"embeddable":true,"href":"https:\/\/hoyre.no\/vagan\/wp-json\/wp\/v2\/comments?post=51"}],"version-history":[{"count":5,"href":"https:\/\/hoyre.no\/vagan\/wp-json\/wp\/v2\/pages\/51\/revisions"}],"predecessor-version":[{"id":106,"href":"https:\/\/hoyre.no\/vagan\/wp-json\/wp\/v2\/pages\/51\/revisions\/106"}],"wp:attachment":[{"href":"https:\/\/hoyre.no\/vagan\/wp-json\/wp\/v2\/media?parent=51"}],"curies":[{"name":"wp","href":"https:\/\/api.w.org\/{rel}","templated":true}]}}