{"id":28,"date":"2023-05-02T12:48:59","date_gmt":"2023-05-02T10:48:59","guid":{"rendered":"https:\/\/hoyre.no\/vaksdal\/?page_id=28"},"modified":"2023-08-16T13:34:49","modified_gmt":"2023-08-16T11:34:49","slug":"politikk","status":"publish","type":"page","link":"https:\/\/hoyre.no\/vaksdal\/politikk\/","title":{"rendered":"Politikk"},"content":{"rendered":"\n<div class=\"wp-block-hoyre-hero with-image-gradient text-color-light  alignfull has-background\"><div class=\"hoyre-hero \"><h1 class=\"title\">Politikk<\/h1><p class=\"preamble\">N\u00e5r frivillegheita, n\u00e6ringslivet og offentleg sektor spelar p\u00e5 lag, skapar det gode lokalsamfunn. H\u00f8gre trur p\u00e5 enkeltmenneske si evne og lyst til \u00e5 st\u00e5 p\u00e5 eigne bein.<br><br>V\u00e5r oppg\u00e5ve er \u00e5 s\u00f8rge for at menneske kan leve gode liv, uansett utgangspunkt. Vi skapar ikkje politikk for kommunen, men for alle som bur der. H\u00f8gre trur p\u00e5 eit samfunn som gir moglegheiter for alle.<\/p><\/div><\/div>\n\n\n\n\n\n<div class=\"wp-block-hoyre-banner alignwide undefined\"><div class=\"banner-inner\"><figure class=\"hoyre-image-wrapper\"><div class=\"hoyre-image\"><img loading=\"lazy\" decoding=\"async\" width=\"315\" height=\"315\" src=\"https:\/\/hoyre.no\/content\/uploads\/sites\/315\/2023\/06\/Klima-og-miljo2.jpg\" class=\"attachment-scaled size-scaled\" alt=\"\" style=\"object-position: 50% 50%\" srcset=\"https:\/\/hoyre.no\/content\/uploads\/sites\/315\/2023\/06\/Klima-og-miljo2.jpg 315w, https:\/\/hoyre.no\/content\/uploads\/sites\/315\/2023\/06\/Klima-og-miljo2-300x300.jpg 300w, https:\/\/hoyre.no\/content\/uploads\/sites\/315\/2023\/06\/Klima-og-miljo2-150x150.jpg 150w\" sizes=\"auto, (max-width: 315px) 100vw, 315px\" \/><\/div><\/figure><div class=\"banner-content\"><div class=\"entry-content\">\n<h2 class=\"wp-block-heading\">Valprogram<br>2023-2027<\/h2>\n\n\n\n<p>Sj\u00e5 kva me g\u00e5r til val p\u00e5 i Vaksdal \ud83d\udc47<\/p>\n\n\n\n<div class=\"wp-block-buttons is-layout-flex wp-block-buttons-is-layout-flex\">\n<div class=\"wp-block-button\"><a class=\"wp-block-button__link\" href=\"https:\/\/hoyre.no\/vaksdal\/aktuelt\/vaksdal-hogre-partiprogram-2023-2027\/\">trykk her for \u00e5 lesa meir<\/a><\/div>\n<\/div>\n<\/div><\/div><\/div><\/div>\n","protected":false},"excerpt":{"rendered":"","protected":false},"author":29319,"featured_media":0,"parent":0,"menu_order":0,"comment_status":"closed","ping_status":"closed","template":"","meta":{"teft_cards_image_url":"","teft_cards_custom_pretitle":"","teft_cards_image_id":0,"teft_cards_image_focal_point_x":0,"teft_cards_image_focal_point_y":0,"teft_cards_title":"","teft_cards_excerpt":"","teft_show_chapters":false,"footnotes":""},"class_list":["post-28","page","type-page","status-publish","hentry"],"yoast_head":"<!-- This site is optimized with the Yoast SEO plugin v26.6 - https:\/\/yoast.com\/wordpress\/plugins\/seo\/ -->\n<title>Politikk - Vaksdal H\u00f8gre<\/title>\n<meta name=\"robots\" content=\"index, follow, max-snippet:-1, max-image-preview:large, max-video-preview:-1\" \/>\n<link rel=\"canonical\" href=\"https:\/\/hoyre.no\/vaksdal\/politikk\/\" \/>\n<meta property=\"og:locale\" content=\"nn_NO\" \/>\n<meta property=\"og:type\" content=\"article\" \/>\n<meta property=\"og:title\" content=\"Politikk - Vaksdal H\u00f8gre\" \/>\n<meta property=\"og:url\" content=\"https:\/\/hoyre.no\/vaksdal\/politikk\/\" \/>\n<meta property=\"og:site_name\" content=\"Vaksdal H\u00f8gre\" \/>\n<meta property=\"article:modified_time\" content=\"2023-08-16T11:34:49+00:00\" \/>\n<meta property=\"og:image\" content=\"https:\/\/hoyre.no\/content\/uploads\/sites\/315\/2022\/11\/Hoyres-logo.png\" \/>\n\t<meta property=\"og:image:width\" content=\"1000\" \/>\n\t<meta property=\"og:image:height\" content=\"1000\" \/>\n\t<meta property=\"og:image:type\" content=\"image\/png\" \/>\n<meta name=\"twitter:card\" content=\"summary_large_image\" \/>\n<meta name=\"twitter:label1\" content=\"Est. reading time\" \/>\n\t<meta name=\"twitter:data1\" content=\"1 minutt\" \/>\n<script type=\"application\/ld+json\" class=\"yoast-schema-graph\">{\"@context\":\"https:\/\/schema.org\",\"@graph\":[{\"@type\":\"WebPage\",\"@id\":\"https:\/\/hoyre.no\/vaksdal\/politikk\/\",\"url\":\"https:\/\/hoyre.no\/vaksdal\/politikk\/\",\"name\":\"Politikk - Vaksdal H\u00f8gre\",\"isPartOf\":{\"@id\":\"https:\/\/hoyre.no\/vaksdal\/#website\"},\"datePublished\":\"2023-05-02T10:48:59+00:00\",\"dateModified\":\"2023-08-16T11:34:49+00:00\",\"breadcrumb\":{\"@id\":\"https:\/\/hoyre.no\/vaksdal\/politikk\/#breadcrumb\"},\"inLanguage\":\"nn-NO\",\"potentialAction\":[{\"@type\":\"ReadAction\",\"target\":[\"https:\/\/hoyre.no\/vaksdal\/politikk\/\"]}]},{\"@type\":\"BreadcrumbList\",\"@id\":\"https:\/\/hoyre.no\/vaksdal\/politikk\/#breadcrumb\",\"itemListElement\":[{\"@type\":\"ListItem\",\"position\":1,\"name\":\"Til hoyre.no\",\"item\":\"https:\/\/hoyre.no\"},{\"@type\":\"ListItem\",\"position\":2,\"name\":\"Hjem\",\"item\":\"https:\/\/hoyre.no\/vaksdal\/\"},{\"@type\":\"ListItem\",\"position\":3,\"name\":\"Politikk\"}]},{\"@type\":\"WebSite\",\"@id\":\"https:\/\/hoyre.no\/vaksdal\/#website\",\"url\":\"https:\/\/hoyre.no\/vaksdal\/\",\"name\":\"Vaksdal H\u00f8gre\",\"description\":\"Bare enda et H\u00f8yres nettsteder-nettsted\",\"inLanguage\":\"nn-NO\"}]}<\/script>\n<!-- \/ Yoast SEO plugin. -->","yoast_head_json":{"title":"Politikk - Vaksdal H\u00f8gre","robots":{"index":"index","follow":"follow","max-snippet":"max-snippet:-1","max-image-preview":"max-image-preview:large","max-video-preview":"max-video-preview:-1"},"canonical":"https:\/\/hoyre.no\/vaksdal\/politikk\/","og_locale":"nn_NO","og_type":"article","og_title":"Politikk - Vaksdal H\u00f8gre","og_url":"https:\/\/hoyre.no\/vaksdal\/politikk\/","og_site_name":"Vaksdal H\u00f8gre","article_modified_time":"2023-08-16T11:34:49+00:00","og_image":[{"width":1000,"height":1000,"url":"https:\/\/hoyre.no\/content\/uploads\/sites\/315\/2022\/11\/Hoyres-logo.png","type":"image\/png"}],"twitter_card":"summary_large_image","twitter_misc":{"Est. reading time":"1 minutt"},"schema":{"@context":"https:\/\/schema.org","@graph":[{"@type":"WebPage","@id":"https:\/\/hoyre.no\/vaksdal\/politikk\/","url":"https:\/\/hoyre.no\/vaksdal\/politikk\/","name":"Politikk - Vaksdal H\u00f8gre","isPartOf":{"@id":"https:\/\/hoyre.no\/vaksdal\/#website"},"datePublished":"2023-05-02T10:48:59+00:00","dateModified":"2023-08-16T11:34:49+00:00","breadcrumb":{"@id":"https:\/\/hoyre.no\/vaksdal\/politikk\/#breadcrumb"},"inLanguage":"nn-NO","potentialAction":[{"@type":"ReadAction","target":["https:\/\/hoyre.no\/vaksdal\/politikk\/"]}]},{"@type":"BreadcrumbList","@id":"https:\/\/hoyre.no\/vaksdal\/politikk\/#breadcrumb","itemListElement":[{"@type":"ListItem","position":1,"name":"Til hoyre.no","item":"https:\/\/hoyre.no"},{"@type":"ListItem","position":2,"name":"Hjem","item":"https:\/\/hoyre.no\/vaksdal\/"},{"@type":"ListItem","position":3,"name":"Politikk"}]},{"@type":"WebSite","@id":"https:\/\/hoyre.no\/vaksdal\/#website","url":"https:\/\/hoyre.no\/vaksdal\/","name":"Vaksdal H\u00f8gre","description":"Bare enda et H\u00f8yres nettsteder-nettsted","inLanguage":"nn-NO"}]}},"distributor_meta":false,"distributor_terms":false,"distributor_media":false,"distributor_original_site_name":"Vaksdal H\u00f8gre","distributor_original_site_url":"https:\/\/hoyre.no\/vaksdal","push-errors":false,"_links":{"self":[{"href":"https:\/\/hoyre.no\/vaksdal\/wp-json\/wp\/v2\/pages\/28","targetHints":{"allow":["GET"]}}],"collection":[{"href":"https:\/\/hoyre.no\/vaksdal\/wp-json\/wp\/v2\/pages"}],"about":[{"href":"https:\/\/hoyre.no\/vaksdal\/wp-json\/wp\/v2\/types\/page"}],"author":[{"embeddable":true,"href":"https:\/\/hoyre.no\/vaksdal\/wp-json\/wp\/v2\/users\/29319"}],"replies":[{"embeddable":true,"href":"https:\/\/hoyre.no\/vaksdal\/wp-json\/wp\/v2\/comments?post=28"}],"version-history":[{"count":2,"href":"https:\/\/hoyre.no\/vaksdal\/wp-json\/wp\/v2\/pages\/28\/revisions"}],"predecessor-version":[{"id":78,"href":"https:\/\/hoyre.no\/vaksdal\/wp-json\/wp\/v2\/pages\/28\/revisions\/78"}],"wp:attachment":[{"href":"https:\/\/hoyre.no\/vaksdal\/wp-json\/wp\/v2\/media?parent=28"}],"curies":[{"name":"wp","href":"https:\/\/api.w.org\/{rel}","templated":true}]}}