{"id":29,"date":"2023-06-07T14:33:59","date_gmt":"2023-06-07T12:33:59","guid":{"rendered":"https:\/\/hoyre.no\/vegarshei\/?page_id=29"},"modified":"2023-06-07T14:34:00","modified_gmt":"2023-06-07T12:34:00","slug":"gunn-olsen-var-ordforerkandidat","status":"publish","type":"page","link":"https:\/\/hoyre.no\/vegarshei\/gunn-olsen-var-ordforerkandidat\/","title":{"rendered":"Gunn Olsen &#8211; v\u00e5r ordf\u00f8rerkandidat"},"content":{"rendered":"\n<div class=\"wp-block-hoyre-hero with-image-gradient text-color-light  has-media alignfull has-background\"><div class=\"hoyre-hero has-image\"><h1 class=\"title\">Bli kjent med Gunn<\/h1><p class=\"preamble\">Veg\u00e5rshei H\u00f8yres ordf\u00f8rerkandidat<\/p>\t\t\t<div class=\"post-meta wp-block teft-byline-wrapper\">\n\t\t\t\t<div class=\"top\">\n\t\t\t\t\t<div class=\"signature\">\n\t\t\t\t\t\t<div class=\"teft-byline\">\n\t\t\t\t\t\t\t\t\t\t\t\t\t\t<div>\n\t\t\t\t\t\t\t\t<h3>H\u00f8yres redaksjon<\/h3>\t\t\t\t\t\t\t\t\n\t\t\t\t\t\t\t\t\t\t\t\t\t\t\t\t\t<span class=\"date\">Sist oppdatert: 7. juni 2023<\/span>\n\t\t\t\t\t\t\t\t\t\t\t\t\t\t\t\t\t\t\t\t\t\t\t\t\t<span class=\"reading-time\" itemprop=\"timeRequired\" content=\"PT4M\"><em>Ca. 4 minutter lesetid<\/em><\/span>\n\t\t\t\t\t\t\t\t\t\t\t\t\t\t\t<\/div>\n\t\t\t\t\t\t<\/div>\n\t\t\t\t\t<\/div>\n\t\t\t\t\t\t<div class=\"sharing\">\n\t\t<a class=\"share-button share-link copy-link\" data-copy=\"https:\/\/hoyre.no\/vegarshei\/gunn-olsen-var-ordforerkandidat\/\" target=\"_blank\"><span class=\"screen-reader-text\">Del link<\/span><\/a>\n\t\t<a class=\"share-button share-twitter\" href=\"http:\/\/twitter.com\/share?text=Gunn Olsen &#8211; v\u00e5r ordf\u00f8rerkandidat&#038;url=https:\/\/hoyre.no\/vegarshei\/gunn-olsen-var-ordforerkandidat\/&#038;hashtags=Hoyre\" target=\"_blank\"><span class=\"screen-reader-text\">Del p\u00e5 twitter<\/span><\/a>\n\t\t<a class=\"share-button share-facebook\" href=\"https:\/\/www.facebook.com\/sharer\/sharer.php?u=https:\/\/hoyre.no\/vegarshei\/gunn-olsen-var-ordforerkandidat\/\" target=\"_blank\"><span class=\"screen-reader-text\">Del p\u00e5 facebook<\/span><\/a>\n\t<\/div>\n\t\t\t\t\t<\/div>\n\t\t\t<\/div>\n\n\t\t\t<figure class=\"hoyre-image-wrapper\"><div class=\"hoyre-image\"><img loading=\"lazy\" decoding=\"async\" width=\"1024\" height=\"768\" src=\"https:\/\/hoyre.no\/content\/uploads\/sites\/20\/2023\/06\/Erna.jpg\" class=\"attachment-scaled size-scaled\" alt=\"\" style=\"object-position: 35% 53%\" srcset=\"https:\/\/hoyre.no\/content\/uploads\/sites\/20\/2023\/06\/Erna.jpg 1024w, https:\/\/hoyre.no\/content\/uploads\/sites\/20\/2023\/06\/Erna-300x225.jpg 300w, https:\/\/hoyre.no\/content\/uploads\/sites\/20\/2023\/06\/Erna-768x576.jpg 768w\" sizes=\"auto, (max-width: 1024px) 100vw, 1024px\" \/><\/div><\/figure><\/div><\/div>\n\n\n\n\n<div class=\"wp-block-buttons is-content-justification-center is-layout-flex wp-container-core-buttons-is-layout-16018d1d wp-block-buttons-is-layout-flex\">\n<div class=\"wp-block-button\"><a class=\"wp-block-button__link\" href=\"https:\/\/hoyre.no\/nyhetsbrev\/\">abonner p\u00e5 h\u00f8yres nyhetsbrev<\/a><\/div>\n\n\n\n<div class=\"wp-block-button\"><a class=\"wp-block-button__link\" href=\"https:\/\/www.facebook.com\/gunn.olsen.92\">F\u00f8lg Gunn p\u00e5 Facebook<\/a><\/div>\n\n\n\n<div class=\"wp-block-button\"><a class=\"wp-block-button__link\" href=\"https:\/\/www.facebook.com\/vegarsheihoyre\">f\u00f8lg Veg\u00e5rshei h\u00f8yre p\u00e5 facebook<\/a><\/div>\n<\/div>\n\n\n\n<div class=\"wp-block-hoyre-banner undefined has-icon-title icon-heart is-style-blue\"><div class=\"banner-inner\"><div class=\"banner-content\"><div class=\"entry-content\">\n<h2 class=\"has-text-align-center wp-block-heading\" id=\"h-bli-bedre-kjent-med-navn\">Bli bedre kjent med Gunn!<\/h2>\n\n\n\n<p class=\"has-text-align-left\"><strong>Alder:<\/strong> 64 \u00e5r<\/p>\n\n\n\n<p class=\"has-text-align-left\"><strong>Bosted:<\/strong> Veg\u00e5rshei<\/p>\n\n\n\n<p class=\"has-text-align-left\"><strong>Sivilstatus:<\/strong> Gift &#8211; 2 barn hvorav 1 lever<\/p>\n\n\n\n<p class=\"has-text-align-left\"><strong>Jobb:<\/strong> Saksbehandler i Tvedestrand kommune<\/p>\n\n\n\n<p class=\"has-text-align-left\"><strong>Bakgrunn:<\/strong> Jobbet 32 \u00e5r i kommunen, utdannet innen saksbehandling og ledelse i kommunal sektor<\/p>\n\n\n\n<p class=\"has-text-align-left\"><strong>Politisk erfaring:<\/strong> Politisk aktiv i H\u00f8yre i flere perioder, vara til kommunestyret fra 2015-2019, varaordf\u00f8rer i perioden 2019-2023, n\u00e5 ordf\u00f8rerkandidat til neste periode<\/p>\n\n\n\n<p class=\"has-text-align-left\"><strong>Hvorfor er H\u00f8yre rett parti for deg?<\/strong> Tok mitt standpunkt under utdannelsen p\u00e5 Handelsskolen. God skolepolitikk der man prioriterer etter-\/videreutdanning av l\u00e6rere, frihet for enkeltmennesket, mot eiendomsskatt, skape flere arbeidsplasser, ogs\u00e5 for det private n\u00e6ringsliv. Jobbe mer for \u00e5 skape mer.<\/p>\n\n\n\n<p class=\"has-text-align-left\"><strong>Det er l\u00f8rdag, klokka n\u00e6rmer seg 19.00. Hva spiser du helst til middag?<\/strong> Wok eller kylling<\/p>\n\n\n\n<p class=\"has-text-align-left\"><strong>Konsert eller idrettsarrangement?<\/strong> Konsert!<\/p>\n\n\n\n<p class=\"has-text-align-left\"><strong>Hvis du skulle valgt en, hva er din favorittartist?<\/strong> Pink Floyd<\/p>\n\n\n\n<p class=\"has-text-align-left\"><strong>Funfact?<\/strong> Mye livserfaring, ikke redd for \u00e5 ta ordet i forsamlinger (kan av og til v\u00e6re en m\u00f8teplager), liker en diskusjon og st\u00e5r for mine meninger!<\/p>\n\n\n\n<p class=\"has-text-align-left\"><strong>Hva er din favorittplass i kommunen og utenfor kommunen?<\/strong>\u00a0Min favorittplass er hjemmet mitt, med 2 drivhus og stor hage, hund, katt og h\u00f8ner. Utenfor kommunen er det p\u00e5 Spornes p\u00e5 Trom\u00f8ya. En rekreasjonsplass med lyden av b\u00f8lger og vind som gj\u00f8r at stress og vonde tanker forsvinner<\/p>\n\n\n\n<div class=\"wp-block-buttons is-layout-flex wp-block-buttons-is-layout-flex\"><\/div>\n<\/div><\/div><\/div><\/div>\n\n\n\n<div class=\"wp-block-teft-accentuated-link undefined has-image\"><div class=\"kf-link__wrapper\"><div class=\"kf-link__tagline\"><\/div><a class=\"kf-link__link\" href=\"https:\/\/hoyre.no\/personprofiler\/gunn-mari-olsen\/\" rel=\"noreferrer noopener\" target=\"_blank\">Kom i kontakt med Gunn Olsen<span class=\"kf-link__link-source\">hoyre.no<\/span><\/a><\/div><figure class=\"hoyre-image-wrapper\"><div class=\"hoyre-image\"><img loading=\"lazy\" decoding=\"async\" width=\"1024\" height=\"768\" src=\"https:\/\/hoyre.no\/content\/uploads\/sites\/20\/2023\/06\/4-fra-Hoyre.jpg\" class=\"attachment-scaled size-scaled\" alt=\"\" style=\"object-position: 46% 60%\" srcset=\"https:\/\/hoyre.no\/content\/uploads\/sites\/20\/2023\/06\/4-fra-Hoyre.jpg 1024w, https:\/\/hoyre.no\/content\/uploads\/sites\/20\/2023\/06\/4-fra-Hoyre-300x225.jpg 300w, https:\/\/hoyre.no\/content\/uploads\/sites\/20\/2023\/06\/4-fra-Hoyre-768x576.jpg 768w\" sizes=\"auto, (max-width: 1024px) 100vw, 1024px\" \/><\/div><\/figure><\/div>\n\n\n\n<figure class=\"wp-block-teft-gallery columns-3 count-3 rows-2 is-cropped\"><ul class=\"teft-gallery-grid\"><li class=\"teft-gallery-item \"><figure><a href=\"https:\/\/hoyre.no\/content\/uploads\/sites\/20\/2023\/06\/Erna.jpg\" data-size=\"1024x768\"><img loading=\"lazy\" decoding=\"async\" width=\"1024\" height=\"768\" src=\"https:\/\/hoyre.no\/content\/uploads\/sites\/20\/2023\/06\/Erna.jpg\" class=\"attachment-large size-large\" alt=\"\" srcset=\"https:\/\/hoyre.no\/content\/uploads\/sites\/20\/2023\/06\/Erna.jpg 1024w, https:\/\/hoyre.no\/content\/uploads\/sites\/20\/2023\/06\/Erna-300x225.jpg 300w, https:\/\/hoyre.no\/content\/uploads\/sites\/20\/2023\/06\/Erna-768x576.jpg 768w\" sizes=\"auto, (max-width: 1024px) 100vw, 1024px\" \/ data-full-url=\"https:\/\/hoyre.no\/content\/uploads\/sites\/20\/2023\/06\/Erna.jpg\" data-id=\"45\" data-caption=\"45\"\/><\/a><\/figure><\/li><li class=\"teft-gallery-item \"><figure><a href=\"https:\/\/hoyre.no\/content\/uploads\/sites\/20\/2023\/06\/4-fra-Hoyre.jpg\" data-size=\"1024x768\"><img loading=\"lazy\" decoding=\"async\" width=\"1024\" height=\"768\" src=\"https:\/\/hoyre.no\/content\/uploads\/sites\/20\/2023\/06\/4-fra-Hoyre.jpg\" class=\"attachment-large size-large\" alt=\"\" srcset=\"https:\/\/hoyre.no\/content\/uploads\/sites\/20\/2023\/06\/4-fra-Hoyre.jpg 1024w, https:\/\/hoyre.no\/content\/uploads\/sites\/20\/2023\/06\/4-fra-Hoyre-300x225.jpg 300w, https:\/\/hoyre.no\/content\/uploads\/sites\/20\/2023\/06\/4-fra-Hoyre-768x576.jpg 768w\" sizes=\"auto, (max-width: 1024px) 100vw, 1024px\" \/ data-full-url=\"https:\/\/hoyre.no\/content\/uploads\/sites\/20\/2023\/06\/4-fra-Hoyre.jpg\" data-id=\"47\" data-caption=\"47\"\/><\/a><\/figure><\/li><li class=\"teft-gallery-item \"><figure><a href=\"https:\/\/hoyre.no\/content\/uploads\/sites\/20\/2023\/06\/Forste-mote.jpg\" data-size=\"2016x980\"><img loading=\"lazy\" decoding=\"async\" width=\"1024\" height=\"498\" src=\"https:\/\/hoyre.no\/content\/uploads\/sites\/20\/2023\/06\/Forste-mote-1024x498.jpg\" class=\"attachment-large size-large\" alt=\"\" srcset=\"https:\/\/hoyre.no\/content\/uploads\/sites\/20\/2023\/06\/Forste-mote-1024x498.jpg 1024w, https:\/\/hoyre.no\/content\/uploads\/sites\/20\/2023\/06\/Forste-mote-300x146.jpg 300w, https:\/\/hoyre.no\/content\/uploads\/sites\/20\/2023\/06\/Forste-mote-768x373.jpg 768w, https:\/\/hoyre.no\/content\/uploads\/sites\/20\/2023\/06\/Forste-mote-1536x747.jpg 1536w, https:\/\/hoyre.no\/content\/uploads\/sites\/20\/2023\/06\/Forste-mote.jpg 2016w\" sizes=\"auto, (max-width: 1024px) 100vw, 1024px\" \/ data-full-url=\"https:\/\/hoyre.no\/content\/uploads\/sites\/20\/2023\/06\/Forste-mote.jpg\" data-id=\"48\" data-caption=\"48\"\/><\/a><\/figure><\/li><\/ul><\/figure>\n\n\n\n<h2 class=\"has-text-align-center wp-block-heading\">Gunns hjertesak<\/h2>\n\n\n\n<h3 class=\"wp-block-heading\"><strong>Eiendomsskatt &#8211; et un\u00f8dvendig onde<\/strong><\/h3>\n\n\n\n<p>Da Veg\u00e5rshei kommune innf\u00f8rte eiendomsskatt for noen f\u00e5 \u00e5r siden, ble dette Veg\u00e5rshei H\u00f8yres viktigste sak.<\/p>\n\n\n\n<p>Med dagens levekostnader er det mange som sliter for \u00e5 f\u00e5 endene til \u00e5 m\u00f8tes, og kommunens inntekt p\u00e5 eiendomsskatt er s\u00e5pass liten at det burde ikke v\u00e6re vanskelig \u00e5 finne inndekning i budsjettet. Kutt i eiendomsskatten vil komme alle innbyggerne v\u00e5re til gode. Dette er spesielt viktig n\u00e5r man vet at det blir en kraftig \u00f8kning i andre kommunale avgifter p\u00e5 grunn av bygging og utbedring av vann og avl\u00f8p. Et kutt i eiendomsskatten vil derfor v\u00e6re kj\u00e6rkomment for de huseierne som er knyttet opp mot kommunalt vann og kloakk i dag.<\/p>\n\n\n\n<p>P\u00e5 Veg\u00e5rshei er det omtrent like mange hytter som hus, og en reduksjon av eiendomsskatten vil ogs\u00e5 kunne lokke til seg enda flere hyttebyggere. De legger igjen ganske mange penger hos det lokale n\u00e6ringsliv som snekkere, r\u00f8rleggere og andre h\u00e5ndverkere. For ikke \u00e5 snakke om dagligvarehandelen. I tillegg har ogs\u00e5 hytteeierne mulighet til \u00e5 s\u00f8ke om \u00e5 bosette seg fast i hyttene, noe flere familier har gjennomf\u00f8rt siste \u00e5ret. Dermed \u00f8ker befolkningsveksten litt etter litt. Det har faktisk aldri budd s\u00e5 mange mennesker p\u00e5 Veg\u00e5rshei som i dag.<\/p>\n\n\n\n<p>I f\u00f8rste omgang \u00f8nsker vi \u00e5 halvere denne skatten, for s\u00e5 \u00e5 fjerne den helt. Vi har heldigvis klart \u00e5 unng\u00e5 skatt p\u00e5 n\u00e6ring s\u00e5 langt. Men p\u00e5 grunn av lite n\u00e6ringsarealer i kommunen, blir det ikke etablert annen n\u00e6ring enn det som stort sett kan drives hjemmefra.<\/p>\n\n\n\n<p>Med den n\u00e6ringsutviklingen vi ser kommer i n\u00e6romr\u00e5det v\u00e5rt, vil en kommune med lav eller ingen eiendomsskatt v\u00e6re et attraktivt alternativ for alle de som skal bosette seg i omr\u00e5det. Og med flere innbyggere jo st\u00f8rre inntekt vil kommunen f\u00e5 gjennom statlige overf\u00f8ringer.<\/p>\n\n\n\n<p>Jeg \u00f8nsker at Veg\u00e5rshei skal v\u00e6re en god og billig kommune \u00e5 bo i.<\/p>\n\n\n\n<div class=\"wp-block-hoyre-banner alignwide undefined  is-style-blue\"><div class=\"banner-inner\"><figure class=\"hoyre-image-wrapper\"><div class=\"hoyre-image\"><img loading=\"lazy\" decoding=\"async\" width=\"1024\" height=\"768\" src=\"https:\/\/hoyre.no\/content\/uploads\/sites\/20\/2023\/06\/4-fra-Hoyre.jpg\" class=\"attachment-scaled size-scaled\" alt=\"\" style=\"object-position: 47% 56.99999999999999%\" srcset=\"https:\/\/hoyre.no\/content\/uploads\/sites\/20\/2023\/06\/4-fra-Hoyre.jpg 1024w, https:\/\/hoyre.no\/content\/uploads\/sites\/20\/2023\/06\/4-fra-Hoyre-300x225.jpg 300w, https:\/\/hoyre.no\/content\/uploads\/sites\/20\/2023\/06\/4-fra-Hoyre-768x576.jpg 768w\" sizes=\"auto, (max-width: 1024px) 100vw, 1024px\" \/><\/div><\/figure><div class=\"banner-content\"><div class=\"entry-content\">\n<h2 class=\"wp-block-heading\" id=\"h-ti-gode-grunner\">Kom i kontakt med Gunn<\/h2>\n\n\n\n<ul class=\"wp-block-list\"><li>E-post: <a href=\"mailto:gunnolsen19@gmail.com\">gunnolsen19@gmail.com<\/a><\/li><li>Telefon: <a href=\"tel:90657822\">906 57 822<\/a><\/li><\/ul>\n\n\n\n<div class=\"wp-block-buttons is-layout-flex wp-block-buttons-is-layout-flex\">\n<div class=\"wp-block-button\"><a class=\"wp-block-button__link\" href=\"https:\/\/www.facebook.com\/gunn.olsen.92\">F\u00d8LG Gunn P\u00c5 FACEBOOK<\/a><\/div>\n<\/div>\n<\/div><\/div><\/div><\/div>\n\n","protected":false},"excerpt":{"rendered":"","protected":false},"author":347,"featured_media":0,"parent":0,"menu_order":0,"comment_status":"closed","ping_status":"closed","template":"","meta":{"teft_cards_image_url":"","teft_cards_custom_pretitle":"","teft_cards_image_id":0,"teft_cards_image_focal_point_x":0,"teft_cards_image_focal_point_y":0,"teft_cards_title":"","teft_cards_excerpt":"","teft_show_chapters":false,"footnotes":""},"class_list":["post-29","page","type-page","status-publish","hentry"],"yoast_head":"<!-- This site is optimized with the Yoast SEO plugin v26.6 - https:\/\/yoast.com\/wordpress\/plugins\/seo\/ -->\n<title>Gunn Olsen - v\u00e5r ordf\u00f8rerkandidat - Veg\u00e5rshei H\u00f8yre<\/title>\n<meta name=\"robots\" content=\"index, follow, max-snippet:-1, max-image-preview:large, max-video-preview:-1\" \/>\n<link rel=\"canonical\" href=\"https:\/\/hoyre.no\/vegarshei\/gunn-olsen-var-ordforerkandidat\/\" \/>\n<meta property=\"og:locale\" content=\"nb_NO\" \/>\n<meta property=\"og:type\" content=\"article\" \/>\n<meta property=\"og:title\" content=\"Gunn Olsen - v\u00e5r ordf\u00f8rerkandidat - Veg\u00e5rshei H\u00f8yre\" \/>\n<meta property=\"og:url\" content=\"https:\/\/hoyre.no\/vegarshei\/gunn-olsen-var-ordforerkandidat\/\" \/>\n<meta property=\"og:site_name\" content=\"Veg\u00e5rshei H\u00f8yre\" \/>\n<meta property=\"article:modified_time\" content=\"2023-06-07T12:34:00+00:00\" \/>\n<meta property=\"og:image\" content=\"https:\/\/hoyre.no\/content\/uploads\/sites\/20\/2022\/11\/2020_RGB_hoyre_logo_profilbilde_011.png\" \/>\n\t<meta property=\"og:image:width\" content=\"1000\" \/>\n\t<meta property=\"og:image:height\" content=\"1000\" \/>\n\t<meta property=\"og:image:type\" content=\"image\/png\" \/>\n<meta name=\"twitter:card\" content=\"summary_large_image\" \/>\n<meta name=\"twitter:label1\" content=\"Ansl. lesetid\" \/>\n\t<meta name=\"twitter:data1\" content=\"4 minutter\" \/>\n<script type=\"application\/ld+json\" class=\"yoast-schema-graph\">{\"@context\":\"https:\/\/schema.org\",\"@graph\":[{\"@type\":\"WebPage\",\"@id\":\"https:\/\/hoyre.no\/vegarshei\/gunn-olsen-var-ordforerkandidat\/\",\"url\":\"https:\/\/hoyre.no\/vegarshei\/gunn-olsen-var-ordforerkandidat\/\",\"name\":\"Gunn Olsen - v\u00e5r ordf\u00f8rerkandidat - Veg\u00e5rshei H\u00f8yre\",\"isPartOf\":{\"@id\":\"https:\/\/hoyre.no\/vegarshei\/#website\"},\"datePublished\":\"2023-06-07T12:33:59+00:00\",\"dateModified\":\"2023-06-07T12:34:00+00:00\",\"breadcrumb\":{\"@id\":\"https:\/\/hoyre.no\/vegarshei\/gunn-olsen-var-ordforerkandidat\/#breadcrumb\"},\"inLanguage\":\"nb-NO\",\"potentialAction\":[{\"@type\":\"ReadAction\",\"target\":[\"https:\/\/hoyre.no\/vegarshei\/gunn-olsen-var-ordforerkandidat\/\"]}]},{\"@type\":\"BreadcrumbList\",\"@id\":\"https:\/\/hoyre.no\/vegarshei\/gunn-olsen-var-ordforerkandidat\/#breadcrumb\",\"itemListElement\":[{\"@type\":\"ListItem\",\"position\":1,\"name\":\"Til hoyre.no\",\"item\":\"https:\/\/hoyre.no\"},{\"@type\":\"ListItem\",\"position\":2,\"name\":\"Hjem\",\"item\":\"https:\/\/hoyre.no\/vegarshei\/\"},{\"@type\":\"ListItem\",\"position\":3,\"name\":\"Gunn Olsen &#8211; v\u00e5r ordf\u00f8rerkandidat\"}]},{\"@type\":\"WebSite\",\"@id\":\"https:\/\/hoyre.no\/vegarshei\/#website\",\"url\":\"https:\/\/hoyre.no\/vegarshei\/\",\"name\":\"Veg\u00e5rshei H\u00f8yre\",\"description\":\"Bare enda et H\u00f8yres nettsteder-nettsted\",\"inLanguage\":\"nb-NO\"}]}<\/script>\n<!-- \/ Yoast SEO plugin. -->","yoast_head_json":{"title":"Gunn Olsen - v\u00e5r ordf\u00f8rerkandidat - Veg\u00e5rshei H\u00f8yre","robots":{"index":"index","follow":"follow","max-snippet":"max-snippet:-1","max-image-preview":"max-image-preview:large","max-video-preview":"max-video-preview:-1"},"canonical":"https:\/\/hoyre.no\/vegarshei\/gunn-olsen-var-ordforerkandidat\/","og_locale":"nb_NO","og_type":"article","og_title":"Gunn Olsen - v\u00e5r ordf\u00f8rerkandidat - Veg\u00e5rshei H\u00f8yre","og_url":"https:\/\/hoyre.no\/vegarshei\/gunn-olsen-var-ordforerkandidat\/","og_site_name":"Veg\u00e5rshei H\u00f8yre","article_modified_time":"2023-06-07T12:34:00+00:00","og_image":[{"width":1000,"height":1000,"url":"https:\/\/hoyre.no\/content\/uploads\/sites\/20\/2022\/11\/2020_RGB_hoyre_logo_profilbilde_011.png","type":"image\/png"}],"twitter_card":"summary_large_image","twitter_misc":{"Ansl. lesetid":"4 minutter"},"schema":{"@context":"https:\/\/schema.org","@graph":[{"@type":"WebPage","@id":"https:\/\/hoyre.no\/vegarshei\/gunn-olsen-var-ordforerkandidat\/","url":"https:\/\/hoyre.no\/vegarshei\/gunn-olsen-var-ordforerkandidat\/","name":"Gunn Olsen - v\u00e5r ordf\u00f8rerkandidat - Veg\u00e5rshei H\u00f8yre","isPartOf":{"@id":"https:\/\/hoyre.no\/vegarshei\/#website"},"datePublished":"2023-06-07T12:33:59+00:00","dateModified":"2023-06-07T12:34:00+00:00","breadcrumb":{"@id":"https:\/\/hoyre.no\/vegarshei\/gunn-olsen-var-ordforerkandidat\/#breadcrumb"},"inLanguage":"nb-NO","potentialAction":[{"@type":"ReadAction","target":["https:\/\/hoyre.no\/vegarshei\/gunn-olsen-var-ordforerkandidat\/"]}]},{"@type":"BreadcrumbList","@id":"https:\/\/hoyre.no\/vegarshei\/gunn-olsen-var-ordforerkandidat\/#breadcrumb","itemListElement":[{"@type":"ListItem","position":1,"name":"Til hoyre.no","item":"https:\/\/hoyre.no"},{"@type":"ListItem","position":2,"name":"Hjem","item":"https:\/\/hoyre.no\/vegarshei\/"},{"@type":"ListItem","position":3,"name":"Gunn Olsen &#8211; v\u00e5r ordf\u00f8rerkandidat"}]},{"@type":"WebSite","@id":"https:\/\/hoyre.no\/vegarshei\/#website","url":"https:\/\/hoyre.no\/vegarshei\/","name":"Veg\u00e5rshei H\u00f8yre","description":"Bare enda et H\u00f8yres nettsteder-nettsted","inLanguage":"nb-NO"}]}},"distributor_meta":false,"distributor_terms":false,"distributor_media":false,"distributor_original_site_name":"Veg\u00e5rshei H\u00f8yre","distributor_original_site_url":"https:\/\/hoyre.no\/vegarshei","push-errors":false,"_links":{"self":[{"href":"https:\/\/hoyre.no\/vegarshei\/wp-json\/wp\/v2\/pages\/29","targetHints":{"allow":["GET"]}}],"collection":[{"href":"https:\/\/hoyre.no\/vegarshei\/wp-json\/wp\/v2\/pages"}],"about":[{"href":"https:\/\/hoyre.no\/vegarshei\/wp-json\/wp\/v2\/types\/page"}],"author":[{"embeddable":true,"href":"https:\/\/hoyre.no\/vegarshei\/wp-json\/wp\/v2\/users\/347"}],"replies":[{"embeddable":true,"href":"https:\/\/hoyre.no\/vegarshei\/wp-json\/wp\/v2\/comments?post=29"}],"version-history":[{"count":1,"href":"https:\/\/hoyre.no\/vegarshei\/wp-json\/wp\/v2\/pages\/29\/revisions"}],"predecessor-version":[{"id":52,"href":"https:\/\/hoyre.no\/vegarshei\/wp-json\/wp\/v2\/pages\/29\/revisions\/52"}],"wp:attachment":[{"href":"https:\/\/hoyre.no\/vegarshei\/wp-json\/wp\/v2\/media?parent=29"}],"curies":[{"name":"wp","href":"https:\/\/api.w.org\/{rel}","templated":true}]}}