{"id":665,"date":"2023-04-13T13:09:35","date_gmt":"2023-04-13T11:09:35","guid":{"rendered":"https:\/\/hoyre.no\/vestby\/?page_id=665"},"modified":"2023-04-13T13:27:07","modified_gmt":"2023-04-13T11:27:07","slug":"ashild-marie-fagerjord","status":"publish","type":"page","link":"https:\/\/hoyre.no\/vestby\/ashild-marie-fagerjord\/","title":{"rendered":"\u00c5shild Marie Fagerjord"},"content":{"rendered":"\n<p><\/p>\n\n\n\n<div class=\"wp-block-hoyre-hero with-image-gradient text-color-light  has-media alignfull has-background\"><div class=\"hoyre-hero has-image\"><h1 class=\"title\">\u00c5shild Marie Fagerjord<\/h1><p class=\"preamble\">Bli bedre kjent med v\u00e5r ordf\u00f8rerkandidat<\/p>\t\t\t<div class=\"post-meta wp-block teft-byline-wrapper\">\n\t\t\t\t<div class=\"top\">\n\t\t\t\t\t<div class=\"signature\">\n\t\t\t\t\t\t<div class=\"teft-byline\">\n\t\t\t\t\t\t\t\t\t\t\t\t\t\t<div>\n\t\t\t\t\t\t\t\t<h3>H\u00f8yres redaksjon<\/h3>\t\t\t\t\t\t\t\t\n\t\t\t\t\t\t\t\t\t\t\t\t\t\t\t\t\t<span class=\"date\">Sist oppdatert: 13. april 2023<\/span>\n\t\t\t\t\t\t\t\t\t\t\t\t\t\t\t\t\t\t\t\t\t\t\t\t\t<span class=\"reading-time\" itemprop=\"timeRequired\" content=\"PT2M\"><em>Ca. 2 minutter lesetid<\/em><\/span>\n\t\t\t\t\t\t\t\t\t\t\t\t\t\t\t<\/div>\n\t\t\t\t\t\t<\/div>\n\t\t\t\t\t<\/div>\n\t\t\t\t\t\t<div class=\"sharing\">\n\t\t<a class=\"share-button share-link copy-link\" data-copy=\"https:\/\/hoyre.no\/vestby\/ashild-marie-fagerjord\/\" target=\"_blank\"><span class=\"screen-reader-text\">Del link<\/span><\/a>\n\t\t<a class=\"share-button share-twitter\" href=\"http:\/\/twitter.com\/share?text=\u00c5shild Marie Fagerjord&#038;url=https:\/\/hoyre.no\/vestby\/ashild-marie-fagerjord\/&#038;hashtags=Hoyre\" target=\"_blank\"><span class=\"screen-reader-text\">Del p\u00e5 twitter<\/span><\/a>\n\t\t<a class=\"share-button share-facebook\" href=\"https:\/\/www.facebook.com\/sharer\/sharer.php?u=https:\/\/hoyre.no\/vestby\/ashild-marie-fagerjord\/\" target=\"_blank\"><span class=\"screen-reader-text\">Del p\u00e5 facebook<\/span><\/a>\n\t<\/div>\n\t\t\t\t\t<\/div>\n\t\t\t<\/div>\n\n\t\t\t<figure class=\"hoyre-image-wrapper\"><div class=\"hoyre-image\"><img loading=\"lazy\" decoding=\"async\" width=\"2500\" height=\"1667\" src=\"https:\/\/hoyre.no\/content\/uploads\/sites\/158\/2023\/04\/Foto-Hans-Kristian-Thorbjornsen-4804-scaled.jpg\" class=\"attachment-scaled size-scaled\" alt=\"Ordf\u00f8rerkandidat \u00c5shild Fagerjod\" style=\"object-position: 50% 50%\" srcset=\"https:\/\/hoyre.no\/content\/uploads\/sites\/158\/2023\/04\/Foto-Hans-Kristian-Thorbjornsen-4804-scaled.jpg 2500w, https:\/\/hoyre.no\/content\/uploads\/sites\/158\/2023\/04\/Foto-Hans-Kristian-Thorbjornsen-4804-300x200.jpg 300w, https:\/\/hoyre.no\/content\/uploads\/sites\/158\/2023\/04\/Foto-Hans-Kristian-Thorbjornsen-4804-1024x683.jpg 1024w, https:\/\/hoyre.no\/content\/uploads\/sites\/158\/2023\/04\/Foto-Hans-Kristian-Thorbjornsen-4804-768x512.jpg 768w, https:\/\/hoyre.no\/content\/uploads\/sites\/158\/2023\/04\/Foto-Hans-Kristian-Thorbjornsen-4804-1536x1024.jpg 1536w, https:\/\/hoyre.no\/content\/uploads\/sites\/158\/2023\/04\/Foto-Hans-Kristian-Thorbjornsen-4804-2048x1365.jpg 2048w\" sizes=\"auto, (max-width: 2500px) 100vw, 2500px\" \/><\/div><\/figure><\/div><\/div>\n\n\n\n\n\n<div class=\"wp-block-hoyre-banner undefined has-icon-title icon-heart\"><div class=\"banner-inner\"><div class=\"banner-content\"><div class=\"entry-content\">\n<h2 class=\"wp-block-heading\">\u00c5shild Marie Fagerjord<\/h2>\n\n\n\n<p class=\"has-text-align-left\"><strong>Alder<\/strong>: 36 \u00e5r<\/p>\n\n\n\n<p class=\"has-text-align-left\"><strong>Bosted<\/strong>: Store Brevik<\/p>\n\n\n\n<p class=\"has-text-align-left\"><strong>Jobb<\/strong>: L\u00e6rer ved Brevik Skole<\/p>\n\n\n\n<p class=\"has-text-align-left\"><strong>Sivilstatus<\/strong>: Gift med Roger, 4 barn<\/p>\n\n\n\n<p class=\"has-text-align-left\"><strong>Politisk erfaring<\/strong>: En periode i kommunestyret. F\u00f8rste vara i formannskapet, involvert i flere utvalg.<\/p>\n\n\n\n<div class=\"wp-block-buttons is-layout-flex wp-block-buttons-is-layout-flex\"><\/div>\n<\/div><\/div><\/div><\/div>\n\n\n\n<h2 class=\"wp-block-heading\">Hvorfor skal du gi H\u00f8yre og \u00c5shild din stemme i Vestby Kommune?<\/h2>\n\n\n\n<p>\u00c5shild er oppvokst i Son, og har et brennende engasjement for \u00e5 skape en bedre kommune for alle \u00e5 bo, l\u00e6re, arbeide og vokse opp i. Hun bestemte seg for \u00e5 bli politisk aktiv da hun ikke lenger kunne sitte p\u00e5 sidelinjen og &laquo;la det g\u00e5&raquo;. Hun ville gj\u00f8re en forskjell! <\/p>\n\n\n\n<p>Etter en periode i kommunestyret har \u00c5shild markert seg som en dyktig folkevalgt politiker som bryr seg. N\u00e5 er \u00c5shild Vestby H\u00f8yres ordf\u00f8rerkandidat, og det er ingen tvil om at dette er en ung dame som har et hjerte for Vestby, og vil v\u00e6re p\u00e5 lag med folk og n\u00e6ringslivet i kommunen v\u00e5r. <\/p>\n\n\n\n<blockquote class=\"wp-block-quote is-layout-flow wp-block-quote-is-layout-flow\"><p>Min hjertesak er en skole hvor alle f\u00e5r mulighet til \u00e5 oppleve mestring b\u00e5de faglig og sosialt.<\/p><cite>\u00c5shild Marie Fagerjord<\/cite><\/blockquote>\n\n\n\n<figure class=\"wp-block-image size-large\"><img loading=\"lazy\" decoding=\"async\" width=\"683\" height=\"1024\" src=\"https:\/\/hoyre.no\/content\/uploads\/sites\/158\/2023\/04\/TES_7134-1-683x1024.jpg\" alt=\"\" class=\"wp-image-650\" srcset=\"https:\/\/hoyre.no\/content\/uploads\/sites\/158\/2023\/04\/TES_7134-1-683x1024.jpg 683w, https:\/\/hoyre.no\/content\/uploads\/sites\/158\/2023\/04\/TES_7134-1-200x300.jpg 200w, https:\/\/hoyre.no\/content\/uploads\/sites\/158\/2023\/04\/TES_7134-1-768x1152.jpg 768w, https:\/\/hoyre.no\/content\/uploads\/sites\/158\/2023\/04\/TES_7134-1-1024x1536.jpg 1024w, https:\/\/hoyre.no\/content\/uploads\/sites\/158\/2023\/04\/TES_7134-1-1365x2048.jpg 1365w, https:\/\/hoyre.no\/content\/uploads\/sites\/158\/2023\/04\/TES_7134-1-scaled.jpg 1667w\" sizes=\"auto, (max-width: 683px) 100vw, 683px\" \/><figcaption>\u00c5shild Marie Fagerjord, Ordf\u00f8rerkandidat Vestby H\u00f8yre<\/figcaption><\/figure>\n\n\n\n<h2 class=\"wp-block-heading\">F\u00f8lg \u00c5shild p\u00e5 sosiale medier<\/h2>\n\n\n\n<ul class=\"wp-block-social-links is-layout-flex wp-block-social-links-is-layout-flex\"><li class=\"wp-social-link wp-social-link-facebook  wp-block-social-link\"><a href=\"https:\/\/www.facebook.com\/ashild.thomassen\" class=\"wp-block-social-link-anchor\"><svg width=\"24\" height=\"24\" viewBox=\"0 0 24 24\" version=\"1.1\" xmlns=\"http:\/\/www.w3.org\/2000\/svg\" aria-hidden=\"true\" focusable=\"false\"><path d=\"M12 2C6.5 2 2 6.5 2 12c0 5 3.7 9.1 8.4 9.9v-7H7.9V12h2.5V9.8c0-2.5 1.5-3.9 3.8-3.9 1.1 0 2.2.2 2.2.2v2.5h-1.3c-1.2 0-1.6.8-1.6 1.6V12h2.8l-.4 2.9h-2.3v7C18.3 21.1 22 17 22 12c0-5.5-4.5-10-10-10z\"><\/path><\/svg><span class=\"wp-block-social-link-label screen-reader-text\">Facebook<\/span><\/a><\/li>\n\n<li class=\"wp-social-link wp-social-link-instagram  wp-block-social-link\"><a href=\"https:\/\/www.instagram.com\/aashildfagerjord\" class=\"wp-block-social-link-anchor\"><svg width=\"24\" height=\"24\" viewBox=\"0 0 24 24\" version=\"1.1\" xmlns=\"http:\/\/www.w3.org\/2000\/svg\" aria-hidden=\"true\" focusable=\"false\"><path d=\"M12,4.622c2.403,0,2.688,0.009,3.637,0.052c0.877,0.04,1.354,0.187,1.671,0.31c0.42,0.163,0.72,0.358,1.035,0.673 c0.315,0.315,0.51,0.615,0.673,1.035c0.123,0.317,0.27,0.794,0.31,1.671c0.043,0.949,0.052,1.234,0.052,3.637 s-0.009,2.688-0.052,3.637c-0.04,0.877-0.187,1.354-0.31,1.671c-0.163,0.42-0.358,0.72-0.673,1.035 c-0.315,0.315-0.615,0.51-1.035,0.673c-0.317,0.123-0.794,0.27-1.671,0.31c-0.949,0.043-1.233,0.052-3.637,0.052 s-2.688-0.009-3.637-0.052c-0.877-0.04-1.354-0.187-1.671-0.31c-0.42-0.163-0.72-0.358-1.035-0.673 c-0.315-0.315-0.51-0.615-0.673-1.035c-0.123-0.317-0.27-0.794-0.31-1.671C4.631,14.688,4.622,14.403,4.622,12 s0.009-2.688,0.052-3.637c0.04-0.877,0.187-1.354,0.31-1.671c0.163-0.42,0.358-0.72,0.673-1.035 c0.315-0.315,0.615-0.51,1.035-0.673c0.317-0.123,0.794-0.27,1.671-0.31C9.312,4.631,9.597,4.622,12,4.622 M12,3 C9.556,3,9.249,3.01,8.289,3.054C7.331,3.098,6.677,3.25,6.105,3.472C5.513,3.702,5.011,4.01,4.511,4.511 c-0.5,0.5-0.808,1.002-1.038,1.594C3.25,6.677,3.098,7.331,3.054,8.289C3.01,9.249,3,9.556,3,12c0,2.444,0.01,2.751,0.054,3.711 c0.044,0.958,0.196,1.612,0.418,2.185c0.23,0.592,0.538,1.094,1.038,1.594c0.5,0.5,1.002,0.808,1.594,1.038 c0.572,0.222,1.227,0.375,2.185,0.418C9.249,20.99,9.556,21,12,21s2.751-0.01,3.711-0.054c0.958-0.044,1.612-0.196,2.185-0.418 c0.592-0.23,1.094-0.538,1.594-1.038c0.5-0.5,0.808-1.002,1.038-1.594c0.222-0.572,0.375-1.227,0.418-2.185 C20.99,14.751,21,14.444,21,12s-0.01-2.751-0.054-3.711c-0.044-0.958-0.196-1.612-0.418-2.185c-0.23-0.592-0.538-1.094-1.038-1.594 c-0.5-0.5-1.002-0.808-1.594-1.038c-0.572-0.222-1.227-0.375-2.185-0.418C14.751,3.01,14.444,3,12,3L12,3z M12,7.378 c-2.552,0-4.622,2.069-4.622,4.622S9.448,16.622,12,16.622s4.622-2.069,4.622-4.622S14.552,7.378,12,7.378z M12,15 c-1.657,0-3-1.343-3-3s1.343-3,3-3s3,1.343,3,3S13.657,15,12,15z M16.804,6.116c-0.596,0-1.08,0.484-1.08,1.08 s0.484,1.08,1.08,1.08c0.596,0,1.08-0.484,1.08-1.08S17.401,6.116,16.804,6.116z\"><\/path><\/svg><span class=\"wp-block-social-link-label screen-reader-text\">Instagram<\/span><\/a><\/li><\/ul>\n\n\n\n<div class=\"wp-block-hoyre-contacts alignwide\"><div class=\"hoyre-contacts__inner\"><\/div><\/div>\n","protected":false},"excerpt":{"rendered":"<p>Hvorfor skal du gi H\u00f8yre og \u00c5shild din stemme i Vestby Kommune? \u00c5shild er oppvokst i Son, og har et brennende engasjement for \u00e5 skape en bedre kommune for alle \u00e5 bo, l\u00e6re, arbeide og vokse opp i. Hun bestemte seg for \u00e5 bli politisk aktiv da hun ikke lenger kunne sitte p\u00e5 sidelinjen og [&hellip;]<\/p>\n","protected":false},"author":13270,"featured_media":0,"parent":0,"menu_order":0,"comment_status":"closed","ping_status":"closed","template":"","meta":{"teft_cards_image_url":"","teft_cards_custom_pretitle":"","teft_cards_image_id":648,"teft_cards_image_focal_point_x":0.63,"teft_cards_image_focal_point_y":0.34,"teft_cards_title":"\u00c5shild Marie Fagerjord","teft_cards_excerpt":"","teft_show_chapters":false,"footnotes":""},"class_list":["post-665","page","type-page","status-publish","hentry"],"yoast_head":"<!-- This site is optimized with the Yoast SEO plugin v26.6 - https:\/\/yoast.com\/wordpress\/plugins\/seo\/ -->\n<title>\u00c5shild Marie Fagerjord - Vestby H\u00f8yre<\/title>\n<meta name=\"description\" content=\"Vestby H\u00f8yre er rigget for valgkampen. Bli bedre kjent med v\u00e5r ordf\u00f8rerkandidat \u00c5shild Marie Fagerjord.\" \/>\n<meta name=\"robots\" content=\"index, follow, max-snippet:-1, max-image-preview:large, max-video-preview:-1\" \/>\n<link rel=\"canonical\" href=\"https:\/\/hoyre.no\/vestby\/ashild-marie-fagerjord\/\" \/>\n<meta property=\"og:locale\" content=\"nb_NO\" \/>\n<meta property=\"og:type\" content=\"article\" \/>\n<meta property=\"og:title\" content=\"\u00c5shild Marie Fagerjord - Vestby H\u00f8yre\" \/>\n<meta property=\"og:description\" content=\"Vestby H\u00f8yre er rigget for valgkampen. Bli bedre kjent med v\u00e5r ordf\u00f8rerkandidat \u00c5shild Marie Fagerjord.\" \/>\n<meta property=\"og:url\" content=\"https:\/\/hoyre.no\/vestby\/ashild-marie-fagerjord\/\" \/>\n<meta property=\"og:site_name\" content=\"Vestby H\u00f8yre\" \/>\n<meta property=\"article:modified_time\" content=\"2023-04-13T11:27:07+00:00\" \/>\n<meta property=\"og:image\" content=\"https:\/\/hoyre.no\/content\/uploads\/sites\/158\/2023\/04\/Foto-Hans-Kristian-Thorbjornsen-4804-1024x683.jpg\" \/>\n<meta name=\"twitter:card\" content=\"summary_large_image\" \/>\n<meta name=\"twitter:label1\" content=\"Ansl. lesetid\" \/>\n\t<meta name=\"twitter:data1\" content=\"2 minutter\" \/>\n<script type=\"application\/ld+json\" class=\"yoast-schema-graph\">{\"@context\":\"https:\/\/schema.org\",\"@graph\":[{\"@type\":\"WebPage\",\"@id\":\"https:\/\/hoyre.no\/vestby\/ashild-marie-fagerjord\/\",\"url\":\"https:\/\/hoyre.no\/vestby\/ashild-marie-fagerjord\/\",\"name\":\"\u00c5shild Marie Fagerjord - Vestby H\u00f8yre\",\"isPartOf\":{\"@id\":\"https:\/\/hoyre.no\/vestby\/#website\"},\"image\":{\"@id\":\"https:\/\/hoyre.no\/vestby\/ashild-marie-fagerjord\/#primaryimage\"},\"thumbnailUrl\":\"https:\/\/hoyre.no\/content\/uploads\/sites\/158\/2023\/04\/TES_7134-1-683x1024.jpg\",\"datePublished\":\"2023-04-13T11:09:35+00:00\",\"dateModified\":\"2023-04-13T11:27:07+00:00\",\"description\":\"Vestby H\u00f8yre er rigget for valgkampen. Bli bedre kjent med v\u00e5r ordf\u00f8rerkandidat \u00c5shild Marie Fagerjord.\",\"breadcrumb\":{\"@id\":\"https:\/\/hoyre.no\/vestby\/ashild-marie-fagerjord\/#breadcrumb\"},\"inLanguage\":\"nb-NO\",\"potentialAction\":[{\"@type\":\"ReadAction\",\"target\":[\"https:\/\/hoyre.no\/vestby\/ashild-marie-fagerjord\/\"]}]},{\"@type\":\"ImageObject\",\"inLanguage\":\"nb-NO\",\"@id\":\"https:\/\/hoyre.no\/vestby\/ashild-marie-fagerjord\/#primaryimage\",\"url\":\"https:\/\/hoyre.no\/content\/uploads\/sites\/158\/2023\/04\/TES_7134-1-683x1024.jpg\",\"contentUrl\":\"https:\/\/hoyre.no\/content\/uploads\/sites\/158\/2023\/04\/TES_7134-1-683x1024.jpg\"},{\"@type\":\"BreadcrumbList\",\"@id\":\"https:\/\/hoyre.no\/vestby\/ashild-marie-fagerjord\/#breadcrumb\",\"itemListElement\":[{\"@type\":\"ListItem\",\"position\":1,\"name\":\"Til hoyre.no\",\"item\":\"https:\/\/hoyre.no\"},{\"@type\":\"ListItem\",\"position\":2,\"name\":\"Hjem\",\"item\":\"https:\/\/hoyre.no\/vestby\/\"},{\"@type\":\"ListItem\",\"position\":3,\"name\":\"\u00c5shild Marie Fagerjord\"}]},{\"@type\":\"WebSite\",\"@id\":\"https:\/\/hoyre.no\/vestby\/#website\",\"url\":\"https:\/\/hoyre.no\/vestby\/\",\"name\":\"Vestby H\u00f8yre\",\"description\":\"Bare enda et H\u00f8yres nettsteder-nettsted\",\"inLanguage\":\"nb-NO\"}]}<\/script>\n<!-- \/ Yoast SEO plugin. -->","yoast_head_json":{"title":"\u00c5shild Marie Fagerjord - Vestby H\u00f8yre","description":"Vestby H\u00f8yre er rigget for valgkampen. Bli bedre kjent med v\u00e5r ordf\u00f8rerkandidat \u00c5shild Marie Fagerjord.","robots":{"index":"index","follow":"follow","max-snippet":"max-snippet:-1","max-image-preview":"max-image-preview:large","max-video-preview":"max-video-preview:-1"},"canonical":"https:\/\/hoyre.no\/vestby\/ashild-marie-fagerjord\/","og_locale":"nb_NO","og_type":"article","og_title":"\u00c5shild Marie Fagerjord - Vestby H\u00f8yre","og_description":"Vestby H\u00f8yre er rigget for valgkampen. Bli bedre kjent med v\u00e5r ordf\u00f8rerkandidat \u00c5shild Marie Fagerjord.","og_url":"https:\/\/hoyre.no\/vestby\/ashild-marie-fagerjord\/","og_site_name":"Vestby H\u00f8yre","article_modified_time":"2023-04-13T11:27:07+00:00","og_image":[{"url":"https:\/\/hoyre.no\/content\/uploads\/sites\/158\/2023\/04\/Foto-Hans-Kristian-Thorbjornsen-4804-1024x683.jpg","width":"","height":"","type":""}],"twitter_card":"summary_large_image","twitter_misc":{"Ansl. lesetid":"2 minutter"},"schema":{"@context":"https:\/\/schema.org","@graph":[{"@type":"WebPage","@id":"https:\/\/hoyre.no\/vestby\/ashild-marie-fagerjord\/","url":"https:\/\/hoyre.no\/vestby\/ashild-marie-fagerjord\/","name":"\u00c5shild Marie Fagerjord - Vestby H\u00f8yre","isPartOf":{"@id":"https:\/\/hoyre.no\/vestby\/#website"},"image":{"@id":"https:\/\/hoyre.no\/vestby\/ashild-marie-fagerjord\/#primaryimage"},"thumbnailUrl":"https:\/\/hoyre.no\/content\/uploads\/sites\/158\/2023\/04\/TES_7134-1-683x1024.jpg","datePublished":"2023-04-13T11:09:35+00:00","dateModified":"2023-04-13T11:27:07+00:00","description":"Vestby H\u00f8yre er rigget for valgkampen. Bli bedre kjent med v\u00e5r ordf\u00f8rerkandidat \u00c5shild Marie Fagerjord.","breadcrumb":{"@id":"https:\/\/hoyre.no\/vestby\/ashild-marie-fagerjord\/#breadcrumb"},"inLanguage":"nb-NO","potentialAction":[{"@type":"ReadAction","target":["https:\/\/hoyre.no\/vestby\/ashild-marie-fagerjord\/"]}]},{"@type":"ImageObject","inLanguage":"nb-NO","@id":"https:\/\/hoyre.no\/vestby\/ashild-marie-fagerjord\/#primaryimage","url":"https:\/\/hoyre.no\/content\/uploads\/sites\/158\/2023\/04\/TES_7134-1-683x1024.jpg","contentUrl":"https:\/\/hoyre.no\/content\/uploads\/sites\/158\/2023\/04\/TES_7134-1-683x1024.jpg"},{"@type":"BreadcrumbList","@id":"https:\/\/hoyre.no\/vestby\/ashild-marie-fagerjord\/#breadcrumb","itemListElement":[{"@type":"ListItem","position":1,"name":"Til hoyre.no","item":"https:\/\/hoyre.no"},{"@type":"ListItem","position":2,"name":"Hjem","item":"https:\/\/hoyre.no\/vestby\/"},{"@type":"ListItem","position":3,"name":"\u00c5shild Marie Fagerjord"}]},{"@type":"WebSite","@id":"https:\/\/hoyre.no\/vestby\/#website","url":"https:\/\/hoyre.no\/vestby\/","name":"Vestby H\u00f8yre","description":"Bare enda et H\u00f8yres nettsteder-nettsted","inLanguage":"nb-NO"}]}},"distributor_meta":false,"distributor_terms":false,"distributor_media":false,"distributor_original_site_name":"Vestby H\u00f8yre","distributor_original_site_url":"https:\/\/hoyre.no\/vestby","push-errors":false,"_links":{"self":[{"href":"https:\/\/hoyre.no\/vestby\/wp-json\/wp\/v2\/pages\/665","targetHints":{"allow":["GET"]}}],"collection":[{"href":"https:\/\/hoyre.no\/vestby\/wp-json\/wp\/v2\/pages"}],"about":[{"href":"https:\/\/hoyre.no\/vestby\/wp-json\/wp\/v2\/types\/page"}],"author":[{"embeddable":true,"href":"https:\/\/hoyre.no\/vestby\/wp-json\/wp\/v2\/users\/13270"}],"replies":[{"embeddable":true,"href":"https:\/\/hoyre.no\/vestby\/wp-json\/wp\/v2\/comments?post=665"}],"version-history":[{"count":11,"href":"https:\/\/hoyre.no\/vestby\/wp-json\/wp\/v2\/pages\/665\/revisions"}],"predecessor-version":[{"id":679,"href":"https:\/\/hoyre.no\/vestby\/wp-json\/wp\/v2\/pages\/665\/revisions\/679"}],"wp:attachment":[{"href":"https:\/\/hoyre.no\/vestby\/wp-json\/wp\/v2\/media?parent=665"}],"curies":[{"name":"wp","href":"https:\/\/api.w.org\/{rel}","templated":true}]}}