{"id":950,"date":"2026-03-10T18:50:42","date_gmt":"2026-03-10T17:50:42","guid":{"rendered":"https:\/\/hoyre.no\/vestby\/?page_id=950"},"modified":"2026-03-10T18:52:31","modified_gmt":"2026-03-10T17:52:31","slug":"nominasjon","status":"publish","type":"page","link":"https:\/\/hoyre.no\/vestby\/nominasjon\/","title":{"rendered":"Nominasjon"},"content":{"rendered":"\n<div class=\"wp-block-hoyre-hero with-image-gradient text-color-light  has-media alignfull has-background \"><div class=\"hoyre-hero has-image\"><h1 class=\"title\">Vil du pr\u00f8ve deg som politiker?<br><\/h1><p class=\"preamble\">Nominasjonskomiteen er i gang med arbeidet med \u00e5 sette sammen laget som skal bringe H\u00f8yre til valgseier i Vestby i 2027<\/p>\t\t\t<div class=\"post-meta wp-block teft-byline-wrapper\">\n\t\t\t\t<div class=\"top\">\n\t\t\t\t\t<div class=\"signature\">\n\t\t\t\t\t\t<div class=\"teft-byline\">\n\t\t\t\t\t\t\t\t\t\t\t\t\t\t<div>\n\t\t\t\t\t\t\t\t<h3>H\u00f8yres redaksjon<\/h3>\t\t\t\t\t\t\t\t\n\t\t\t\t\t\t\t\t\t\t\t\t\t\t\t\t\t<span class=\"date\">Sist oppdatert: 10. mars 2026<\/span>\n\t\t\t\t\t\t\t\t\t\t\t\t\t\t\t\t\t\t\t\t\t\t\t\t\t<span class=\"reading-time\" itemprop=\"timeRequired\" content=\"PT2M\"><em>Ca. 2 minutter lesetid<\/em><\/span>\n\t\t\t\t\t\t\t\t\t\t\t\t\t\t\t<\/div>\n\t\t\t\t\t\t<\/div>\n\t\t\t\t\t<\/div>\n\t\t\t\t\t\t<div class=\"sharing\">\n\t\t<a class=\"share-button share-link copy-link\" data-copy=\"https:\/\/hoyre.no\/vestby\/nominasjon\/\" target=\"_blank\"><span class=\"screen-reader-text\">Del link<\/span><\/a>\n\t\t<a class=\"share-button share-twitter\" href=\"http:\/\/twitter.com\/share?text=Nominasjon&#038;url=https:\/\/hoyre.no\/vestby\/nominasjon\/&#038;hashtags=Hoyre\" target=\"_blank\"><span class=\"screen-reader-text\">Del p\u00e5 twitter<\/span><\/a>\n\t\t<a class=\"share-button share-facebook\" href=\"https:\/\/www.facebook.com\/sharer\/sharer.php?u=https:\/\/hoyre.no\/vestby\/nominasjon\/\" target=\"_blank\"><span class=\"screen-reader-text\">Del p\u00e5 facebook<\/span><\/a>\n\t<\/div>\n\t\t\t\t\t<\/div>\n\t\t\t<\/div>\n\n\t\t\t<figure class=\"hoyre-image-wrapper\"><div class=\"hoyre-image\"><img loading=\"lazy\" decoding=\"async\" width=\"2500\" height=\"1875\" src=\"https:\/\/hoyre.no\/content\/uploads\/sites\/158\/2023\/08\/DJI_0266-scaled.jpg\" class=\"attachment-scaled size-scaled\" alt=\"\" style=\"object-position: 50% 50%\" srcset=\"https:\/\/hoyre.no\/content\/uploads\/sites\/158\/2023\/08\/DJI_0266-scaled.jpg 2500w, https:\/\/hoyre.no\/content\/uploads\/sites\/158\/2023\/08\/DJI_0266-300x225.jpg 300w, https:\/\/hoyre.no\/content\/uploads\/sites\/158\/2023\/08\/DJI_0266-1024x768.jpg 1024w, https:\/\/hoyre.no\/content\/uploads\/sites\/158\/2023\/08\/DJI_0266-768x576.jpg 768w, https:\/\/hoyre.no\/content\/uploads\/sites\/158\/2023\/08\/DJI_0266-1536x1152.jpg 1536w, https:\/\/hoyre.no\/content\/uploads\/sites\/158\/2023\/08\/DJI_0266-2048x1536.jpg 2048w\" sizes=\"auto, (max-width: 2500px) 100vw, 2500px\" \/><\/div><\/figure><\/div><\/div>\n\n\n\n\n<h2 class=\"wp-block-heading\">Kandidater s\u00f8kes!<\/h2>\n\n\n\n<p>Kunne du tenke deg \u00e5 stille til valg for Vestby H\u00f8yre i 2027, eller kjenner du noen som kunne egnet seg som politiker for H\u00f8yre? Da vil vi oppfordre deg til \u00e5 ta kontakt med v\u00e5r nominasjonskomit\u00e9!<\/p>\n\n\n\n\n<p><strong>Ta kontakt med nominasjonskomiteens leder, Halvor S\u00f8rbye:<\/strong><\/p>\n\n\n\n<div class=\"wp-block-hoyre-contacts alignwide\"><div class=\"hoyre-contacts__inner\">\n<div class=\"wp-block-hoyre-contact alignwide\"><div class=\"hoyre-contact__inner\"><figure class=\"hoyre-image-wrapper\"><div class=\"hoyre-image\"><img loading=\"lazy\" decoding=\"async\" width=\"1875\" height=\"2500\" src=\"https:\/\/hoyre.no\/content\/uploads\/sites\/158\/2026\/03\/IMG_5461-scaled.jpeg\" class=\"attachment-scaled size-scaled\" alt=\"\" style=\"object-position: 42% 50%\" srcset=\"https:\/\/hoyre.no\/content\/uploads\/sites\/158\/2026\/03\/IMG_5461-scaled.jpeg 1875w, https:\/\/hoyre.no\/content\/uploads\/sites\/158\/2026\/03\/IMG_5461-225x300.jpeg 225w, https:\/\/hoyre.no\/content\/uploads\/sites\/158\/2026\/03\/IMG_5461-768x1024.jpeg 768w, https:\/\/hoyre.no\/content\/uploads\/sites\/158\/2026\/03\/IMG_5461-1152x1536.jpeg 1152w, https:\/\/hoyre.no\/content\/uploads\/sites\/158\/2026\/03\/IMG_5461-1536x2048.jpeg 1536w\" sizes=\"auto, (max-width: 1875px) 100vw, 1875px\" \/><\/div><\/figure><h3 class=\"title\">Halvor S\u00f8rbye<\/h3><span class=\"position\">Leder av nominasjonskomiteen<\/span><br \/><a class=\"phone\" href=\"tel:905 20 564\">905 20 564<\/a><br \/><a class=\"email\" href=\"mailto:halbye@online.no\">halbye@online.no<\/a><\/div><\/div>\n<\/div><\/div>\n\n\n\n<p>Det spiller ingen rolle om du har kort, lang eller ingen erfaring fra H\u00f8yre. Alle tips mottas med stor takk! Du, eller personen du foresl\u00e5r, trenger ikke \u00e5 v\u00e6re medlem i H\u00f8yre for \u00e5 bli vurdert som kandidat, men m\u00e5 melde seg inn og betale kontingent f\u00f8r nominasjonsm\u00f8tet.<\/p>\n\n\n\n<p>Hvis du foresl\u00e5r noen andre enn deg selv, er det fint om du sender kontaktinformasjon til vedkommende.<\/p>\n\n\n\n<p><strong>Nominasjonskomiteen best\u00e5r av f\u00f8lgende personer:<\/strong><\/p>\n\n\n\n<ul class=\"wp-block-list\">\n<li>Halvor S\u00f8rbye, leder<\/li>\n\n\n\n<li>Roble Wais<\/li>\n\n\n\n<li>Anne Mette Bordewick<\/li>\n\n\n\n<li>Charlotte Ringsby<\/li>\n\n\n\n<li>Odd Einar Skaug-Vandraas<\/li>\n\n\n\n<li>Nora Thompson (Unge H\u00f8yre)<\/li>\n<\/ul>\n\n\n\n<p><\/p>\n\n\n\n<h2 class=\"wp-block-heading\">Datoplan for nominasjon<\/h2>\n\n\n\n<figure class=\"wp-block-table\"><table class=\"has-fixed-layout\"><tbody><tr><td class=\"has-text-align-left\" data-align=\"left\"><strong>DATO<\/strong><\/td><td><strong>HVA<\/strong><\/td><\/tr><tr><td class=\"has-text-align-left\" data-align=\"left\">25.02.2026<\/td><td>Nominasjonskomiteen oppnevnes<\/td><\/tr><tr><td class=\"has-text-align-left\" data-align=\"left\">30.04.2026<\/td><td>Frist for innspill p\u00e5 ordf\u00f8rerkandidat<\/td><\/tr><tr><td class=\"has-text-align-left\" data-align=\"left\">28.05.2026<\/td><td>Frist for offentliggj\u00f8ring av nominasjonskomiteens innstilling til ordf\u00f8rerkandidat<\/td><\/tr><tr><td class=\"has-text-align-left\" data-align=\"left\"><strong>11.06.2026<\/strong><\/td><td><strong>Nominasjonsm\u00f8te ordf\u00f8rerkandidat<\/strong><\/td><\/tr><tr><td class=\"has-text-align-left\" data-align=\"left\">31.08.2026<\/td><td>Frist for sittende representanter \u00e5 avklare om de stiller seg til disposisjon for renominasjon<\/td><\/tr><tr><td class=\"has-text-align-left\" data-align=\"left\">04.10.2026<\/td><td>Frist for innspill p\u00e5 listekandidater<\/td><\/tr><tr><td class=\"has-text-align-left\" data-align=\"left\">22.10.2026<\/td><td>Frist for offentliggj\u00f8ring av nominasjonskomiteens innstilling til \u00f8vrige listekandidater<\/td><\/tr><tr><td class=\"has-text-align-left\" data-align=\"left\"><strong>05.11.2026<\/strong><\/td><td><strong>Nominasjonsm\u00f8te \u00f8vrige listekandidater<\/strong><\/td><\/tr><\/tbody><\/table><\/figure>\n\n\n\n<p><\/p>\n","protected":false},"excerpt":{"rendered":"<p>Ta kontakt med nominasjonskomiteens leder, Halvor S\u00f8rbye: Det spiller ingen rolle om du har kort, lang eller ingen erfaring fra H\u00f8yre. Alle tips mottas med stor takk! Du, eller personen du foresl\u00e5r, trenger ikke \u00e5 v\u00e6re medlem i H\u00f8yre for \u00e5 bli vurdert som kandidat, men m\u00e5 melde seg inn og betale kontingent f\u00f8r nominasjonsm\u00f8tet. [&hellip;]<\/p>\n","protected":false},"author":26432,"featured_media":0,"parent":0,"menu_order":0,"comment_status":"closed","ping_status":"closed","template":"","meta":{"teft_cards_image_url":"","teft_cards_custom_pretitle":"","teft_cards_image_id":0,"teft_cards_image_focal_point_x":0,"teft_cards_image_focal_point_y":0,"teft_cards_title":"Nominasjon","teft_cards_excerpt":"","teft_show_chapters":false,"footnotes":""},"class_list":["post-950","page","type-page","status-publish","hentry"],"yoast_head":"<!-- This site is optimized with the Yoast SEO plugin v26.6 - https:\/\/yoast.com\/wordpress\/plugins\/seo\/ -->\n<title>Nominasjon - Vestby H\u00f8yre<\/title>\n<meta name=\"robots\" content=\"index, follow, max-snippet:-1, max-image-preview:large, max-video-preview:-1\" \/>\n<link rel=\"canonical\" href=\"https:\/\/hoyre.no\/vestby\/nominasjon\/\" \/>\n<meta property=\"og:locale\" content=\"nb_NO\" \/>\n<meta property=\"og:type\" content=\"article\" \/>\n<meta property=\"og:title\" content=\"Nominasjon - Vestby H\u00f8yre\" \/>\n<meta property=\"og:description\" content=\"Ta kontakt med nominasjonskomiteens leder, Halvor S\u00f8rbye: Det spiller ingen rolle om du har kort, lang eller ingen erfaring fra H\u00f8yre. Alle tips mottas med stor takk! Du, eller personen du foresl\u00e5r, trenger ikke \u00e5 v\u00e6re medlem i H\u00f8yre for \u00e5 bli vurdert som kandidat, men m\u00e5 melde seg inn og betale kontingent f\u00f8r nominasjonsm\u00f8tet. [&hellip;]\" \/>\n<meta property=\"og:url\" content=\"https:\/\/hoyre.no\/vestby\/nominasjon\/\" \/>\n<meta property=\"og:site_name\" content=\"Vestby H\u00f8yre\" \/>\n<meta property=\"article:modified_time\" content=\"2026-03-10T17:52:31+00:00\" \/>\n<meta property=\"og:image\" content=\"https:\/\/hoyre.no\/content\/uploads\/sites\/158\/2022\/11\/Hoyres-logo.png\" \/>\n\t<meta property=\"og:image:width\" content=\"1000\" \/>\n\t<meta property=\"og:image:height\" content=\"1000\" \/>\n\t<meta property=\"og:image:type\" content=\"image\/png\" \/>\n<meta name=\"twitter:card\" content=\"summary_large_image\" \/>\n<meta name=\"twitter:label1\" content=\"Ansl. lesetid\" \/>\n\t<meta name=\"twitter:data1\" content=\"2 minutter\" \/>\n<script type=\"application\/ld+json\" class=\"yoast-schema-graph\">{\"@context\":\"https:\/\/schema.org\",\"@graph\":[{\"@type\":\"WebPage\",\"@id\":\"https:\/\/hoyre.no\/vestby\/nominasjon\/\",\"url\":\"https:\/\/hoyre.no\/vestby\/nominasjon\/\",\"name\":\"Nominasjon - Vestby H\u00f8yre\",\"isPartOf\":{\"@id\":\"https:\/\/hoyre.no\/vestby\/#website\"},\"datePublished\":\"2026-03-10T17:50:42+00:00\",\"dateModified\":\"2026-03-10T17:52:31+00:00\",\"breadcrumb\":{\"@id\":\"https:\/\/hoyre.no\/vestby\/nominasjon\/#breadcrumb\"},\"inLanguage\":\"nb-NO\",\"potentialAction\":[{\"@type\":\"ReadAction\",\"target\":[\"https:\/\/hoyre.no\/vestby\/nominasjon\/\"]}]},{\"@type\":\"BreadcrumbList\",\"@id\":\"https:\/\/hoyre.no\/vestby\/nominasjon\/#breadcrumb\",\"itemListElement\":[{\"@type\":\"ListItem\",\"position\":1,\"name\":\"Til hoyre.no\",\"item\":\"https:\/\/hoyre.no\"},{\"@type\":\"ListItem\",\"position\":2,\"name\":\"Hjem\",\"item\":\"https:\/\/hoyre.no\/vestby\/\"},{\"@type\":\"ListItem\",\"position\":3,\"name\":\"Nominasjon\"}]},{\"@type\":\"WebSite\",\"@id\":\"https:\/\/hoyre.no\/vestby\/#website\",\"url\":\"https:\/\/hoyre.no\/vestby\/\",\"name\":\"Vestby H\u00f8yre\",\"description\":\"Bare enda et H\u00f8yres nettsteder-nettsted\",\"inLanguage\":\"nb-NO\"}]}<\/script>\n<!-- \/ Yoast SEO plugin. -->","yoast_head_json":{"title":"Nominasjon - Vestby H\u00f8yre","robots":{"index":"index","follow":"follow","max-snippet":"max-snippet:-1","max-image-preview":"max-image-preview:large","max-video-preview":"max-video-preview:-1"},"canonical":"https:\/\/hoyre.no\/vestby\/nominasjon\/","og_locale":"nb_NO","og_type":"article","og_title":"Nominasjon - Vestby H\u00f8yre","og_description":"Ta kontakt med nominasjonskomiteens leder, Halvor S\u00f8rbye: Det spiller ingen rolle om du har kort, lang eller ingen erfaring fra H\u00f8yre. Alle tips mottas med stor takk! Du, eller personen du foresl\u00e5r, trenger ikke \u00e5 v\u00e6re medlem i H\u00f8yre for \u00e5 bli vurdert som kandidat, men m\u00e5 melde seg inn og betale kontingent f\u00f8r nominasjonsm\u00f8tet. [&hellip;]","og_url":"https:\/\/hoyre.no\/vestby\/nominasjon\/","og_site_name":"Vestby H\u00f8yre","article_modified_time":"2026-03-10T17:52:31+00:00","og_image":[{"width":1000,"height":1000,"url":"https:\/\/hoyre.no\/content\/uploads\/sites\/158\/2022\/11\/Hoyres-logo.png","type":"image\/png"}],"twitter_card":"summary_large_image","twitter_misc":{"Ansl. lesetid":"2 minutter"},"schema":{"@context":"https:\/\/schema.org","@graph":[{"@type":"WebPage","@id":"https:\/\/hoyre.no\/vestby\/nominasjon\/","url":"https:\/\/hoyre.no\/vestby\/nominasjon\/","name":"Nominasjon - Vestby H\u00f8yre","isPartOf":{"@id":"https:\/\/hoyre.no\/vestby\/#website"},"datePublished":"2026-03-10T17:50:42+00:00","dateModified":"2026-03-10T17:52:31+00:00","breadcrumb":{"@id":"https:\/\/hoyre.no\/vestby\/nominasjon\/#breadcrumb"},"inLanguage":"nb-NO","potentialAction":[{"@type":"ReadAction","target":["https:\/\/hoyre.no\/vestby\/nominasjon\/"]}]},{"@type":"BreadcrumbList","@id":"https:\/\/hoyre.no\/vestby\/nominasjon\/#breadcrumb","itemListElement":[{"@type":"ListItem","position":1,"name":"Til hoyre.no","item":"https:\/\/hoyre.no"},{"@type":"ListItem","position":2,"name":"Hjem","item":"https:\/\/hoyre.no\/vestby\/"},{"@type":"ListItem","position":3,"name":"Nominasjon"}]},{"@type":"WebSite","@id":"https:\/\/hoyre.no\/vestby\/#website","url":"https:\/\/hoyre.no\/vestby\/","name":"Vestby H\u00f8yre","description":"Bare enda et H\u00f8yres nettsteder-nettsted","inLanguage":"nb-NO"}]}},"distributor_meta":false,"distributor_terms":false,"distributor_media":false,"distributor_original_site_name":"Vestby H\u00f8yre","distributor_original_site_url":"https:\/\/hoyre.no\/vestby","push-errors":false,"_links":{"self":[{"href":"https:\/\/hoyre.no\/vestby\/wp-json\/wp\/v2\/pages\/950","targetHints":{"allow":["GET"]}}],"collection":[{"href":"https:\/\/hoyre.no\/vestby\/wp-json\/wp\/v2\/pages"}],"about":[{"href":"https:\/\/hoyre.no\/vestby\/wp-json\/wp\/v2\/types\/page"}],"author":[{"embeddable":true,"href":"https:\/\/hoyre.no\/vestby\/wp-json\/wp\/v2\/users\/26432"}],"replies":[{"embeddable":true,"href":"https:\/\/hoyre.no\/vestby\/wp-json\/wp\/v2\/comments?post=950"}],"version-history":[{"count":4,"href":"https:\/\/hoyre.no\/vestby\/wp-json\/wp\/v2\/pages\/950\/revisions"}],"predecessor-version":[{"id":954,"href":"https:\/\/hoyre.no\/vestby\/wp-json\/wp\/v2\/pages\/950\/revisions\/954"}],"wp:attachment":[{"href":"https:\/\/hoyre.no\/vestby\/wp-json\/wp\/v2\/media?parent=950"}],"curies":[{"name":"wp","href":"https:\/\/api.w.org\/{rel}","templated":true}]}}