{"id":1605,"date":"2025-10-07T16:53:00","date_gmt":"2025-10-07T14:53:00","guid":{"rendered":"https:\/\/hoyre.no\/vestfold\/?page_id=1605"},"modified":"2026-03-19T06:47:02","modified_gmt":"2026-03-19T05:47:02","slug":"fylkestingsvalg","status":"publish","type":"page","link":"https:\/\/hoyre.no\/vestfold\/fylkestingsvalg\/","title":{"rendered":"Fylkestingsvalg"},"content":{"rendered":"\n<div class=\"wp-block-hoyre-hero with-image-gradient text-color-light  has-media alignfull has-background \"><div class=\"hoyre-hero has-image\"><h1 class=\"title\">FYLKESTINGSVALG<\/h1><p class=\"preamble\">Her finner du saker relatert til Fylkestingsvalg<\/p>\t\t\t<div class=\"post-meta wp-block teft-byline-wrapper\">\n\t\t\t\t<div class=\"top\">\n\t\t\t\t\t<div class=\"signature\">\n\t\t\t\t\t\t<div class=\"teft-byline\">\n\t\t\t\t\t\t\t\t\t\t\t\t\t\t<div>\n\t\t\t\t\t\t\t\t<h3>H\u00f8yres redaksjon<\/h3>\t\t\t\t\t\t\t\t\n\t\t\t\t\t\t\t\t\t\t\t\t\t\t\t\t\t<span class=\"date\">Sist oppdatert: 19. mars 2026<\/span>\n\t\t\t\t\t\t\t\t\t\t\t\t\t\t\t\t\t\t\t\t\t\t\t\t\t<span class=\"reading-time\" itemprop=\"timeRequired\" content=\"PT1M\"><em>Ca. 1 minutter lesetid<\/em><\/span>\n\t\t\t\t\t\t\t\t\t\t\t\t\t\t\t<\/div>\n\t\t\t\t\t\t<\/div>\n\t\t\t\t\t<\/div>\n\t\t\t\t\t\t<div class=\"sharing\">\n\t\t<a class=\"share-button share-link copy-link\" data-copy=\"https:\/\/hoyre.no\/vestfold\/fylkestingsvalg\/\" target=\"_blank\"><span class=\"screen-reader-text\">Del link<\/span><\/a>\n\t\t<a class=\"share-button share-twitter\" href=\"http:\/\/twitter.com\/share?text=Fylkestingsvalg&#038;url=https:\/\/hoyre.no\/vestfold\/fylkestingsvalg\/&#038;hashtags=Hoyre\" target=\"_blank\"><span class=\"screen-reader-text\">Del p\u00e5 twitter<\/span><\/a>\n\t\t<a class=\"share-button share-facebook\" href=\"https:\/\/www.facebook.com\/sharer\/sharer.php?u=https:\/\/hoyre.no\/vestfold\/fylkestingsvalg\/\" target=\"_blank\"><span class=\"screen-reader-text\">Del p\u00e5 facebook<\/span><\/a>\n\t<\/div>\n\t\t\t\t\t<\/div>\n\t\t\t<\/div>\n\n\t\t\t<figure class=\"hoyre-image-wrapper\"><div class=\"hoyre-image\"><img loading=\"lazy\" decoding=\"async\" width=\"1860\" height=\"1240\" src=\"https:\/\/hoyre.no\/content\/uploads\/sites\/428\/2025\/10\/IMG_2742.jpeg\" class=\"attachment-scaled size-scaled\" alt=\"Fylkeshuset Vestfold Foto: Mona Grann-Meyer\" style=\"object-position: 50% 50%\" srcset=\"https:\/\/hoyre.no\/content\/uploads\/sites\/428\/2025\/10\/IMG_2742.jpeg 1860w, https:\/\/hoyre.no\/content\/uploads\/sites\/428\/2025\/10\/IMG_2742-300x200.jpeg 300w, https:\/\/hoyre.no\/content\/uploads\/sites\/428\/2025\/10\/IMG_2742-1024x683.jpeg 1024w, https:\/\/hoyre.no\/content\/uploads\/sites\/428\/2025\/10\/IMG_2742-768x512.jpeg 768w, https:\/\/hoyre.no\/content\/uploads\/sites\/428\/2025\/10\/IMG_2742-1536x1024.jpeg 1536w\" sizes=\"auto, (max-width: 1860px) 100vw, 1860px\" \/><\/div><\/figure><\/div><\/div>\n\n\n\n\n<p><\/p>\n\n\n\n\t\t<div class=\"has-dark-blue-background-color is-layout-right alignwide alignwide wp-block-hoyre-media-text\">\n\t\t\t<div class=\"hoyre-media-text__media\">\n\t\t\t\t<img loading=\"lazy\" decoding=\"async\" width=\"1024\" height=\"683\" src=\"https:\/\/hoyre.no\/content\/uploads\/sites\/428\/2025\/11\/IMG_3016-1024x683.jpeg\" class=\"hoyre-media-text__media-image\" alt=\"\" style=\"--focal: 50% 26%;\" srcset=\"https:\/\/hoyre.no\/content\/uploads\/sites\/428\/2025\/11\/IMG_3016-1024x683.jpeg 1024w, https:\/\/hoyre.no\/content\/uploads\/sites\/428\/2025\/11\/IMG_3016-300x200.jpeg 300w, https:\/\/hoyre.no\/content\/uploads\/sites\/428\/2025\/11\/IMG_3016-768x512.jpeg 768w, https:\/\/hoyre.no\/content\/uploads\/sites\/428\/2025\/11\/IMG_3016-1536x1024.jpeg 1536w, https:\/\/hoyre.no\/content\/uploads\/sites\/428\/2025\/11\/IMG_3016-2048x1365.jpeg 2048w\" sizes=\"auto, (max-width: 1024px) 100vw, 1024px\" \/>\n\t\t\t<\/div>\n\t\t\t<div class=\"hoyre-media-text__content\">\n\t\t\t\t<div class=\"hoyre-media-text__content-inner\">\n\t\t\t\t\t\n\t\t\t<div class=\"hoyre-media-text__title-container\">\n\t\t\t\t\n\t\t\t\t<h2 class=\"hoyre-media-text__title\">Nominasjonskomiteen i Vestfold H\u00f8yre innstiller fylkesordf\u00f8rer Anne Str\u00f8m\u00f8y som f\u00f8rstekandidat til\u00a0Fylkestingsvalget 2027<br><\/h2>\n\t\t\t<\/div>\n\t\t\t\n\t\t\t\t\t<div class=\"hoyre-media-text__blocks\">\n<p><\/p><p><\/p><p>Her kan du lese mer\ud83d\udc47\ud83c\udffc<\/p>\n<\/div>\n\t\t\t\t\t\n\t\t\t<div class=\"hoyre-media-text__buttons\">\n\t\t\t\t<a class=\"button\" href=\"https:\/\/hoyre.no\/vestfold\/aktuelt\/nominasjonskomiteen-i-vestfold-hoyre-innstiller-fylkesordforer-anne-stromoy-som-forstekandidat-til-fylkestingsvalget-2027\/?fbclid=IwdGRjcAOulgFleHRuA2FlbQIxMQBzcnRjBmFwcF9pZAo2NjI4NTY4Mzc5AAEeNvemjHbQ4QXHwr8tkfnaM6wDvA9SQMAVdFzWSdqvyx_4drWG-t0hIEV7Ifk_aem_IBpxnHROf8rI5xTL4rDC6w\">Les mer<\/a>\n\t\t\t<\/div>\n\t\t\t\n\t\t\t\t<\/div>\n\t\t\t<\/div>\n\t\t<\/div>\n\t\t\n\n\n\t\t<div class=\"has-lightest-blue-background-color is-layout-left alignwide alignwide wp-block-hoyre-media-text\">\n\t\t\t<div class=\"hoyre-media-text__media\">\n\t\t\t\t<img loading=\"lazy\" decoding=\"async\" width=\"1024\" height=\"683\" src=\"https:\/\/hoyre.no\/content\/uploads\/sites\/428\/2025\/11\/IMG_3016-1024x683.jpeg\" class=\"hoyre-media-text__media-image\" alt=\"\" style=\"--focal: 50% 26%;\" srcset=\"https:\/\/hoyre.no\/content\/uploads\/sites\/428\/2025\/11\/IMG_3016-1024x683.jpeg 1024w, https:\/\/hoyre.no\/content\/uploads\/sites\/428\/2025\/11\/IMG_3016-300x200.jpeg 300w, https:\/\/hoyre.no\/content\/uploads\/sites\/428\/2025\/11\/IMG_3016-768x512.jpeg 768w, https:\/\/hoyre.no\/content\/uploads\/sites\/428\/2025\/11\/IMG_3016-1536x1024.jpeg 1536w, https:\/\/hoyre.no\/content\/uploads\/sites\/428\/2025\/11\/IMG_3016-2048x1365.jpeg 2048w\" sizes=\"auto, (max-width: 1024px) 100vw, 1024px\" \/>\n\t\t\t<\/div>\n\t\t\t<div class=\"hoyre-media-text__content\">\n\t\t\t\t<div class=\"hoyre-media-text__content-inner\">\n\t\t\t\t\t\n\t\t\t<div class=\"hoyre-media-text__title-container\">\n\t\t\t\t\n\t\t\t\t<h2 class=\"hoyre-media-text__title\">Anne Str\u00f8m\u00f8y \u00f8nsker renominasjon til fylkestingsvalget 2027 <br><\/h2>\n\t\t\t<\/div>\n\t\t\t\n\t\t\t\t\t<div class=\"hoyre-media-text__blocks\">\n<p><\/p><p><\/p><p>Her kan du lese mer\ud83d\udc47\ud83c\udffc<\/p>\n<\/div>\n\t\t\t\t\t\n\t\t\t<div class=\"hoyre-media-text__buttons\">\n\t\t\t\t<a class=\"button\" href=\"https:\/\/hoyre.no\/vestfold\/aktuelt\/onsker-renominasjon-til-fylkestingsvalget-2027\/\">Les mer<\/a>\n\t\t\t<\/div>\n\t\t\t\n\t\t\t\t<\/div>\n\t\t\t<\/div>\n\t\t<\/div>\n\t\t\n\n\n\t\t<div class=\"has-dark-blue-background-color is-layout-right alignwide alignwide wp-block-hoyre-media-text\">\n\t\t\t<div class=\"hoyre-media-text__media\">\n\t\t\t\t<img loading=\"lazy\" decoding=\"async\" width=\"1024\" height=\"1024\" src=\"https:\/\/hoyre.no\/content\/uploads\/sites\/428\/2026\/03\/D4C195ED-43DD-4D4A-98F9-047197A2C8D5-1024x1024.jpeg\" class=\"hoyre-media-text__media-image\" alt=\"\" style=\"--focal: 50% 50%;\" srcset=\"https:\/\/hoyre.no\/content\/uploads\/sites\/428\/2026\/03\/D4C195ED-43DD-4D4A-98F9-047197A2C8D5-1024x1024.jpeg 1024w, https:\/\/hoyre.no\/content\/uploads\/sites\/428\/2026\/03\/D4C195ED-43DD-4D4A-98F9-047197A2C8D5-300x300.jpeg 300w, https:\/\/hoyre.no\/content\/uploads\/sites\/428\/2026\/03\/D4C195ED-43DD-4D4A-98F9-047197A2C8D5-150x150.jpeg 150w, https:\/\/hoyre.no\/content\/uploads\/sites\/428\/2026\/03\/D4C195ED-43DD-4D4A-98F9-047197A2C8D5-768x768.jpeg 768w, https:\/\/hoyre.no\/content\/uploads\/sites\/428\/2026\/03\/D4C195ED-43DD-4D4A-98F9-047197A2C8D5-1536x1536.jpeg 1536w, https:\/\/hoyre.no\/content\/uploads\/sites\/428\/2026\/03\/D4C195ED-43DD-4D4A-98F9-047197A2C8D5-2048x2048.jpeg 2048w\" sizes=\"auto, (max-width: 1024px) 100vw, 1024px\" \/>\n\t\t\t<\/div>\n\t\t\t<div class=\"hoyre-media-text__content\">\n\t\t\t\t<div class=\"hoyre-media-text__content-inner\">\n\t\t\t\t\t\n\t\t\t<div class=\"hoyre-media-text__title-container\">\n\t\t\t\t\n\t\t\t\t<h2 class=\"hoyre-media-text__title\">Nominasjonskomit\u00e9en Fylkestingsvalget 2027<br><\/h2>\n\t\t\t<\/div>\n\t\t\t\n\t\t\t\t\t<div class=\"hoyre-media-text__blocks\">\n<p>Fylkesstyret i Vestfold H\u00f8yre har utnevnt en nominasjonskomite som ledes av Rune Hogsnes fra T\u00f8nsberg. <\/p><p><\/p><p>Her kan du lese om nominasjonsprosessen\ud83d\udc47\ud83c\udffc<\/p>\n<\/div>\n\t\t\t\t\t\n\t\t\t<div class=\"hoyre-media-text__buttons\">\n\t\t\t\t<a class=\"button\" href=\"https:\/\/hoyre.no\/vestfold\/aktuelt\/fylkestingsvalget-2027-nominasjonsprosess\/\">Les mer<\/a>\n\t\t\t<\/div>\n\t\t\t\n\t\t\t\t<\/div>\n\t\t\t<\/div>\n\t\t<\/div>\n\t\t\n\n\n\n<p>Komiteens mandat er \u00e5 innstille p\u00e5 kandidater som skal representere Vestfold H\u00f8yre p\u00e5 Fylkestinget i perioden 2027-2031. Prosessen vil involvere alle som er medlem av Vestfold H\u00f8yre.<\/p>\n\n\n\n<p><strong>Her er nominasjonskomit\u00e9en:<\/strong><\/p>\n\n\n\n<figure class=\"wp-block-table\"><table><tbody><tr><td>Navn<\/td><td>E-post<\/td><td>Mob<\/td><td><\/td><\/tr><tr><td>Rune Hogsnes<\/td><td><a href=\"mailto:ruhogsnes@gmail.com\">ruhogsnes@gmail.com<\/a><\/td><td>91633552<\/td><td>Leder<\/td><\/tr><tr><td>Lene Westgaard-Halle<\/td><td><a href=\"mailto:lene@fritzoeenergi.no\"><\/a><a href=\"mailto:lene_westgaard@hotmail.com\">lene_westgaard@hotmail.com<\/a> <\/td><td>97437044<\/td><td>Medlem<\/td><\/tr><tr><td>Svein Arne Fl\u00e5tten<\/td><td><a href=\"mailto:svein@sveisemekanikk.no\">svein@sveisemekanikk.no<\/a><\/td><td>90930052<\/td><td>Medlem<\/td><\/tr><tr><td>Natalie Hermanstad<\/td><td><a href=\"mailto:natalie@hermanstad.net\">natalie@hermanstad.net<\/a><\/td><td>40065170<\/td><td>Medlem<\/td><\/tr><tr><td>Hedda Wike<\/td><td><a href=\"mailto:he-wike@online.no\">he-wike@online.no<\/a><\/td><td>92891310<\/td><td>Medlem<\/td><\/tr><tr><td>Bj\u00f8rnar Godt Daae<\/td><td><a href=\"mailto:go-daa@online.no\">go-daa@online.no<\/a><\/td><td>91359292<\/td><td>Medlem<\/td><\/tr><tr><td>Viggo Holmen<\/td><td><a href=\"mailto:viggoholmen@live.no\">viggoholmen@live.no<\/a><\/td><td>91323328<\/td><td>SH<\/td><\/tr><tr><td>Felishia Ottem<\/td><td><a href=\"mailto:fefaottem@gmail.com\">fefaottem@gmail.com<\/a><\/td><td>93403822<\/td><td>UH<\/td><\/tr><\/tbody><\/table><\/figure>\n\n\n<div class=\"wp-block-hoyre-card-wrap wp-block-hoyre-card-wrap\"><div class=\"card-wrap-head\"><h2>Relatert innhold<\/h2><div><a href=\"https:\/\/hoyre.no\/vestfold\/aktuelt\/onsker-renominasjon-til-fylkestingsvalget-2027\/\">Se alle<\/a><\/div><\/div><div class=\"card-wrap-content\"><div class=\"card-wrap-content-inner\">\n<div class=\"wp-block-hoyre-card-wrap\"><div class=\"card-wrap-head\"><h2>Relatert innhold<\/h2><div><a href=\"https:\/\/hoyre.no\/vestfold\/aktuelt\/onsker-renominasjon-til-fylkestingsvalget-2027\/\">Se alle<\/a><\/div><\/div><div class=\"card-wrap-content\"><div class=\"card-wrap-content-inner\">\n\n<div class=\"wp-block-teft-cards alignwide teft-cards-grid default-size-4\">\n<div class=\"teft-cards-item has-4-columns is-card-hoyre\">\n\t<div class=\"teft-card hoyre-teft-card post-teft-card\">\n\t\t<a href=\"https:\/\/hoyre.no\/vestfold\/aktuelt\/nominasjonskomiteen-i-vestfold-hoyre-innstiller-fylkesordforer-anne-stromoy-som-forstekandidat-til-fylkestingsvalget-2027\/\" class=\"teft-card__primary-action\">\n\n\t\t\t\t\t<div class=\"teft-card__media teft-card__media--16-9\">\n\t\t\t\t\t\t<img loading=\"lazy\" decoding=\"async\" width=\"768\" height=\"512\" src=\"https:\/\/hoyre.no\/content\/uploads\/sites\/428\/2025\/12\/IMG_3291-768x512.jpeg\" class=\"attachment-medium_large size-medium_large\" alt=\"Anne Str\u00f8m\u00f8y Foto: Rolf Marthinsen\/Vestfold Fylkeskommune\" srcset=\"https:\/\/hoyre.no\/content\/uploads\/sites\/428\/2025\/12\/IMG_3291-768x512.jpeg 768w, https:\/\/hoyre.no\/content\/uploads\/sites\/428\/2025\/12\/IMG_3291-300x200.jpeg 300w, https:\/\/hoyre.no\/content\/uploads\/sites\/428\/2025\/12\/IMG_3291-1024x683.jpeg 1024w, https:\/\/hoyre.no\/content\/uploads\/sites\/428\/2025\/12\/IMG_3291-1536x1024.jpeg 1536w, https:\/\/hoyre.no\/content\/uploads\/sites\/428\/2025\/12\/IMG_3291-2048x1365.jpeg 2048w\" sizes=\"auto, (max-width: 768px) 100vw, 768px\" \/>\t\t<\/div>\n\t\t\n\t\t\t<div class=\"teft-card__content-wrapper\">\n\t\t\t\t<div class=\"teft-card__secondary\">\n\t\t\t\t\t\n\t\t\t\t\t\t\t\t<div class=\"teft-card__meta\">\n\t\t\t\t\t\t\t\t\t<span class=\"post-date\">16. des 2025<\/span>\n\n\t\t\t\t\t\t\t\t\t<span class=\"post-category\">Fylkestingsvalg<\/span>\t\t\t\t\t\t\t\t<\/div>\n\t\t\t\t\t\t\t\t\t\t\t<\/div>\n\n\t\t\t\t<div class=\"teft-card__primary\">\n\t\t\t\t\t<h2 class=\"teft-card__title\">Nominasjonskomiteen i Vestfold H\u00f8yre innstiller fylkesordf\u00f8rer Anne Str\u00f8m\u00f8y som f\u00f8rstekandidat til Fylkestingsvalget 2027&nbsp;<span class=\"teft-card__primary-title-append\"><\/span><\/h2>\t\t\t\t<\/div>\n\t\t\t<\/div>\n\t\t<\/a>\n\t<\/div>\n\n\t<\/div>\n<div class=\"teft-cards-item has-4-columns is-card-hoyre\">\n\t<div class=\"teft-card hoyre-teft-card post-teft-card\">\n\t\t<a href=\"https:\/\/hoyre.no\/vestfold\/aktuelt\/fylkestingsvalget-2027-nominasjonsprosess\/\" class=\"teft-card__primary-action\">\n\n\t\t\t\t\t<div class=\"teft-card__media teft-card__media--16-9\">\n\t\t\t\t\t\t<img loading=\"lazy\" decoding=\"async\" width=\"768\" height=\"576\" src=\"https:\/\/hoyre.no\/content\/uploads\/sites\/428\/2025\/10\/IMG_0599-768x576.jpeg\" class=\"attachment-medium_large size-medium_large\" alt=\"Fylkestingsvalg 2027\" srcset=\"https:\/\/hoyre.no\/content\/uploads\/sites\/428\/2025\/10\/IMG_0599-768x576.jpeg 768w, https:\/\/hoyre.no\/content\/uploads\/sites\/428\/2025\/10\/IMG_0599-300x225.jpeg 300w, https:\/\/hoyre.no\/content\/uploads\/sites\/428\/2025\/10\/IMG_0599-1024x768.jpeg 1024w, https:\/\/hoyre.no\/content\/uploads\/sites\/428\/2025\/10\/IMG_0599-1536x1152.jpeg 1536w, https:\/\/hoyre.no\/content\/uploads\/sites\/428\/2025\/10\/IMG_0599.jpeg 2016w\" sizes=\"auto, (max-width: 768px) 100vw, 768px\" \/>\t\t<\/div>\n\t\t\n\t\t\t<div class=\"teft-card__content-wrapper\">\n\t\t\t\t<div class=\"teft-card__secondary\">\n\t\t\t\t\t\n\t\t\t\t\t\t\t\t<div class=\"teft-card__meta\">\n\t\t\t\t\t\t\t\t\t<span class=\"post-date\">24. okt 2025<\/span>\n\n\t\t\t\t\t\t\t\t\t<span class=\"post-category\">Fylkestingsvalg<\/span>\t\t\t\t\t\t\t\t<\/div>\n\t\t\t\t\t\t\t\t\t\t\t<\/div>\n\n\t\t\t\t<div class=\"teft-card__primary\">\n\t\t\t\t\t<h2 class=\"teft-card__title\">Fylkestingsvalget 2027 Nominasjonsprosess&nbsp;<span class=\"teft-card__primary-title-append\"><\/span><\/h2>\t\t\t\t<\/div>\n\t\t\t<\/div>\n\t\t<\/a>\n\t<\/div>\n\n\t<\/div>\n<div class=\"teft-cards-item has-4-columns is-card-hoyre\">\n\t<div class=\"teft-card hoyre-teft-card post-teft-card\">\n\t\t<a href=\"https:\/\/hoyre.no\/vestfold\/aktuelt\/ny-regjering-er-var-viktigste-jobb-i-2025\/\" class=\"teft-card__primary-action\">\n\n\t\t\t\t\t<div class=\"teft-card__media teft-card__media--16-9\">\n\t\t\t\t\t\t<img loading=\"lazy\" decoding=\"async\" width=\"768\" height=\"576\" src=\"https:\/\/hoyre.no\/content\/uploads\/sites\/428\/2025\/01\/IMG_0599-768x576.jpeg\" class=\"attachment-medium_large size-medium_large\" alt=\"Fylkestingsvalg 2027 vil du bidra?\" srcset=\"https:\/\/hoyre.no\/content\/uploads\/sites\/428\/2025\/01\/IMG_0599-768x576.jpeg 768w, https:\/\/hoyre.no\/content\/uploads\/sites\/428\/2025\/01\/IMG_0599-300x225.jpeg 300w, https:\/\/hoyre.no\/content\/uploads\/sites\/428\/2025\/01\/IMG_0599-1024x768.jpeg 1024w, https:\/\/hoyre.no\/content\/uploads\/sites\/428\/2025\/01\/IMG_0599-1536x1152.jpeg 1536w, https:\/\/hoyre.no\/content\/uploads\/sites\/428\/2025\/01\/IMG_0599.jpeg 2016w\" sizes=\"auto, (max-width: 768px) 100vw, 768px\" \/>\t\t<\/div>\n\t\t\n\t\t\t<div class=\"teft-card__content-wrapper\">\n\t\t\t\t<div class=\"teft-card__secondary\">\n\t\t\t\t\t\n\t\t\t\t\t\t\t\t<div class=\"teft-card__meta\">\n\t\t\t\t\t\t\t\t\t<span class=\"post-date\">7. jan 2025<\/span>\n\n\t\t\t\t\t\t\t\t\t<span class=\"post-category\">Fylkestingsvalg<\/span>\t\t\t\t\t\t\t\t<\/div>\n\t\t\t\t\t\t\t\t\t\t\t<\/div>\n\n\t\t\t\t<div class=\"teft-card__primary\">\n\t\t\t\t\t<h2 class=\"teft-card__title\">V\u00e5r viktigste jobb n\u00e5 er valgseier i Vestfold i 2027&nbsp;<span class=\"teft-card__primary-title-append\"><\/span><\/h2>\t\t\t\t<\/div>\n\t\t\t<\/div>\n\t\t<\/a>\n\t<\/div>\n\n\t<\/div>\n<div class=\"teft-cards-item has-4-columns is-card-hoyre\">\n\t<div class=\"teft-card hoyre-teft-card post-teft-card\">\n\t\t<a href=\"https:\/\/hoyre.no\/vestfold\/aktuelt\/onsker-renominasjon-til-fylkestingsvalget-2027\/\" class=\"teft-card__primary-action\">\n\n\t\t\t\t\t<div class=\"teft-card__media teft-card__media--16-9\">\n\t\t\t\t\t\t<img loading=\"lazy\" decoding=\"async\" width=\"768\" height=\"512\" src=\"https:\/\/hoyre.no\/content\/uploads\/sites\/428\/2025\/11\/IMG_3016-768x512.jpeg\" class=\"attachment-medium_large size-medium_large\" alt=\"\" srcset=\"https:\/\/hoyre.no\/content\/uploads\/sites\/428\/2025\/11\/IMG_3016-768x512.jpeg 768w, https:\/\/hoyre.no\/content\/uploads\/sites\/428\/2025\/11\/IMG_3016-300x200.jpeg 300w, https:\/\/hoyre.no\/content\/uploads\/sites\/428\/2025\/11\/IMG_3016-1024x683.jpeg 1024w, https:\/\/hoyre.no\/content\/uploads\/sites\/428\/2025\/11\/IMG_3016-1536x1024.jpeg 1536w, https:\/\/hoyre.no\/content\/uploads\/sites\/428\/2025\/11\/IMG_3016-2048x1365.jpeg 2048w\" sizes=\"auto, (max-width: 768px) 100vw, 768px\" \/>\t\t<\/div>\n\t\t\n\t\t\t<div class=\"teft-card__content-wrapper\">\n\t\t\t\t<div class=\"teft-card__secondary\">\n\t\t\t\t\t\n\t\t\t\t\t\t\t\t<div class=\"teft-card__meta\">\n\t\t\t\t\t\t\t\t\t<span class=\"post-date\">13. nov 2025<\/span>\n\n\t\t\t\t\t\t\t\t\t<span class=\"post-category\">Fylkestingsvalg<\/span>\t\t\t\t\t\t\t\t<\/div>\n\t\t\t\t\t\t\t\t\t\t\t<\/div>\n\n\t\t\t\t<div class=\"teft-card__primary\">\n\t\t\t\t\t<h2 class=\"teft-card__title\">\u00d8nsker renominasjon til Fylkestingsvalget 2027&nbsp;<span class=\"teft-card__primary-title-append\"><\/span><\/h2>\t\t\t\t<\/div>\n\t\t\t<\/div>\n\t\t<\/a>\n\t<\/div>\n\n\t<\/div>\n<\/div>\n\n<\/div><\/div><\/div>\n<\/div><\/div><\/div>\n\n\n<p><\/p>\n","protected":false},"excerpt":{"rendered":"<p>Komiteens mandat er \u00e5 innstille p\u00e5 kandidater som skal representere Vestfold H\u00f8yre p\u00e5 Fylkestinget i perioden 2027-2031. Prosessen vil involvere alle som er medlem av Vestfold H\u00f8yre. Her er nominasjonskomit\u00e9en: Navn E-post Mob Rune Hogsnes ruhogsnes@gmail.com 91633552 Leder Lene Westgaard-Halle lene_westgaard@hotmail.com 97437044 Medlem Svein Arne Fl\u00e5tten svein@sveisemekanikk.no 90930052 Medlem Natalie Hermanstad natalie@hermanstad.net 40065170 Medlem Hedda [&hellip;]<\/p>\n","protected":false},"author":295,"featured_media":0,"parent":0,"menu_order":0,"comment_status":"closed","ping_status":"closed","template":"","meta":{"teft_cards_image_url":"","teft_cards_custom_pretitle":"","teft_cards_image_id":1707,"teft_cards_image_focal_point_x":0.5,"teft_cards_image_focal_point_y":0.26,"teft_cards_title":"","teft_cards_excerpt":"","teft_show_chapters":false,"footnotes":""},"class_list":["post-1605","page","type-page","status-publish","hentry"],"yoast_head":"<!-- This site is optimized with the Yoast SEO plugin v26.6 - https:\/\/yoast.com\/wordpress\/plugins\/seo\/ -->\n<title>Fylkestingsvalg - Vestfold H\u00f8yre<\/title>\n<meta name=\"robots\" content=\"index, follow, max-snippet:-1, max-image-preview:large, max-video-preview:-1\" \/>\n<link rel=\"canonical\" href=\"https:\/\/hoyre.no\/vestfold\/fylkestingsvalg\/\" \/>\n<meta property=\"og:locale\" content=\"nb_NO\" \/>\n<meta property=\"og:type\" content=\"article\" \/>\n<meta property=\"og:title\" content=\"Fylkestingsvalg - Vestfold H\u00f8yre\" \/>\n<meta property=\"og:description\" content=\"Komiteens mandat er \u00e5 innstille p\u00e5 kandidater som skal representere Vestfold H\u00f8yre p\u00e5 Fylkestinget i perioden 2027-2031. Prosessen vil involvere alle som er medlem av Vestfold H\u00f8yre. Her er nominasjonskomit\u00e9en: Navn E-post Mob Rune Hogsnes ruhogsnes@gmail.com 91633552 Leder Lene Westgaard-Halle lene_westgaard@hotmail.com 97437044 Medlem Svein Arne Fl\u00e5tten svein@sveisemekanikk.no 90930052 Medlem Natalie Hermanstad natalie@hermanstad.net 40065170 Medlem Hedda [&hellip;]\" \/>\n<meta property=\"og:url\" content=\"https:\/\/hoyre.no\/vestfold\/fylkestingsvalg\/\" \/>\n<meta property=\"og:site_name\" content=\"Vestfold H\u00f8yre\" \/>\n<meta property=\"article:publisher\" content=\"https:\/\/www.facebook.com\/vestfold.hoyre\" \/>\n<meta property=\"article:modified_time\" content=\"2026-03-19T05:47:02+00:00\" \/>\n<meta property=\"og:image\" content=\"https:\/\/hoyre.no\/content\/uploads\/sites\/428\/2025\/11\/IMG_3016-1024x683.jpeg\" \/>\n<meta name=\"twitter:card\" content=\"summary_large_image\" \/>\n<meta name=\"twitter:label1\" content=\"Ansl. lesetid\" \/>\n\t<meta name=\"twitter:data1\" content=\"1 minutt\" \/>\n<script type=\"application\/ld+json\" class=\"yoast-schema-graph\">{\"@context\":\"https:\/\/schema.org\",\"@graph\":[{\"@type\":\"WebPage\",\"@id\":\"https:\/\/hoyre.no\/vestfold\/fylkestingsvalg\/\",\"url\":\"https:\/\/hoyre.no\/vestfold\/fylkestingsvalg\/\",\"name\":\"Fylkestingsvalg - Vestfold H\u00f8yre\",\"isPartOf\":{\"@id\":\"https:\/\/hoyre.no\/vestfold\/#website\"},\"datePublished\":\"2025-10-07T14:53:00+00:00\",\"dateModified\":\"2026-03-19T05:47:02+00:00\",\"breadcrumb\":{\"@id\":\"https:\/\/hoyre.no\/vestfold\/fylkestingsvalg\/#breadcrumb\"},\"inLanguage\":\"nb-NO\",\"potentialAction\":[{\"@type\":\"ReadAction\",\"target\":[\"https:\/\/hoyre.no\/vestfold\/fylkestingsvalg\/\"]}]},{\"@type\":\"BreadcrumbList\",\"@id\":\"https:\/\/hoyre.no\/vestfold\/fylkestingsvalg\/#breadcrumb\",\"itemListElement\":[{\"@type\":\"ListItem\",\"position\":1,\"name\":\"Til hoyre.no\",\"item\":\"https:\/\/hoyre.no\"},{\"@type\":\"ListItem\",\"position\":2,\"name\":\"Hjem\",\"item\":\"https:\/\/hoyre.no\/vestfold\/\"},{\"@type\":\"ListItem\",\"position\":3,\"name\":\"Fylkestingsvalg\"}]},{\"@type\":\"WebSite\",\"@id\":\"https:\/\/hoyre.no\/vestfold\/#website\",\"url\":\"https:\/\/hoyre.no\/vestfold\/\",\"name\":\"Vestfold H\u00f8yre\",\"description\":\"Bare enda et H\u00f8yres nettsteder-nettsted\",\"publisher\":{\"@id\":\"https:\/\/hoyre.no\/vestfold\/#organization\"},\"inLanguage\":\"nb-NO\"},{\"@type\":\"Organization\",\"@id\":\"https:\/\/hoyre.no\/vestfold\/#organization\",\"name\":\"Vestfold H\u00f8yre\",\"url\":\"https:\/\/hoyre.no\/vestfold\/\",\"logo\":{\"@type\":\"ImageObject\",\"inLanguage\":\"nb-NO\",\"@id\":\"https:\/\/hoyre.no\/vestfold\/#\/schema\/logo\/image\/\",\"url\":\"https:\/\/hoyre.no\/content\/uploads\/sites\/428\/2023\/02\/hoyre_logo.png\",\"contentUrl\":\"https:\/\/hoyre.no\/content\/uploads\/sites\/428\/2023\/02\/hoyre_logo.png\",\"width\":1000,\"height\":1000,\"caption\":\"Vestfold H\u00f8yre\"},\"image\":{\"@id\":\"https:\/\/hoyre.no\/vestfold\/#\/schema\/logo\/image\/\"},\"sameAs\":[\"https:\/\/www.facebook.com\/vestfold.hoyre\"]}]}<\/script>\n<!-- \/ Yoast SEO plugin. -->","yoast_head_json":{"title":"Fylkestingsvalg - Vestfold H\u00f8yre","robots":{"index":"index","follow":"follow","max-snippet":"max-snippet:-1","max-image-preview":"max-image-preview:large","max-video-preview":"max-video-preview:-1"},"canonical":"https:\/\/hoyre.no\/vestfold\/fylkestingsvalg\/","og_locale":"nb_NO","og_type":"article","og_title":"Fylkestingsvalg - Vestfold H\u00f8yre","og_description":"Komiteens mandat er \u00e5 innstille p\u00e5 kandidater som skal representere Vestfold H\u00f8yre p\u00e5 Fylkestinget i perioden 2027-2031. Prosessen vil involvere alle som er medlem av Vestfold H\u00f8yre. Her er nominasjonskomit\u00e9en: Navn E-post Mob Rune Hogsnes ruhogsnes@gmail.com 91633552 Leder Lene Westgaard-Halle lene_westgaard@hotmail.com 97437044 Medlem Svein Arne Fl\u00e5tten svein@sveisemekanikk.no 90930052 Medlem Natalie Hermanstad natalie@hermanstad.net 40065170 Medlem Hedda [&hellip;]","og_url":"https:\/\/hoyre.no\/vestfold\/fylkestingsvalg\/","og_site_name":"Vestfold H\u00f8yre","article_publisher":"https:\/\/www.facebook.com\/vestfold.hoyre","article_modified_time":"2026-03-19T05:47:02+00:00","og_image":[{"url":"https:\/\/hoyre.no\/content\/uploads\/sites\/428\/2025\/11\/IMG_3016-1024x683.jpeg","width":"","height":"","type":""}],"twitter_card":"summary_large_image","twitter_misc":{"Ansl. lesetid":"1 minutt"},"schema":{"@context":"https:\/\/schema.org","@graph":[{"@type":"WebPage","@id":"https:\/\/hoyre.no\/vestfold\/fylkestingsvalg\/","url":"https:\/\/hoyre.no\/vestfold\/fylkestingsvalg\/","name":"Fylkestingsvalg - Vestfold H\u00f8yre","isPartOf":{"@id":"https:\/\/hoyre.no\/vestfold\/#website"},"datePublished":"2025-10-07T14:53:00+00:00","dateModified":"2026-03-19T05:47:02+00:00","breadcrumb":{"@id":"https:\/\/hoyre.no\/vestfold\/fylkestingsvalg\/#breadcrumb"},"inLanguage":"nb-NO","potentialAction":[{"@type":"ReadAction","target":["https:\/\/hoyre.no\/vestfold\/fylkestingsvalg\/"]}]},{"@type":"BreadcrumbList","@id":"https:\/\/hoyre.no\/vestfold\/fylkestingsvalg\/#breadcrumb","itemListElement":[{"@type":"ListItem","position":1,"name":"Til hoyre.no","item":"https:\/\/hoyre.no"},{"@type":"ListItem","position":2,"name":"Hjem","item":"https:\/\/hoyre.no\/vestfold\/"},{"@type":"ListItem","position":3,"name":"Fylkestingsvalg"}]},{"@type":"WebSite","@id":"https:\/\/hoyre.no\/vestfold\/#website","url":"https:\/\/hoyre.no\/vestfold\/","name":"Vestfold H\u00f8yre","description":"Bare enda et H\u00f8yres nettsteder-nettsted","publisher":{"@id":"https:\/\/hoyre.no\/vestfold\/#organization"},"inLanguage":"nb-NO"},{"@type":"Organization","@id":"https:\/\/hoyre.no\/vestfold\/#organization","name":"Vestfold H\u00f8yre","url":"https:\/\/hoyre.no\/vestfold\/","logo":{"@type":"ImageObject","inLanguage":"nb-NO","@id":"https:\/\/hoyre.no\/vestfold\/#\/schema\/logo\/image\/","url":"https:\/\/hoyre.no\/content\/uploads\/sites\/428\/2023\/02\/hoyre_logo.png","contentUrl":"https:\/\/hoyre.no\/content\/uploads\/sites\/428\/2023\/02\/hoyre_logo.png","width":1000,"height":1000,"caption":"Vestfold H\u00f8yre"},"image":{"@id":"https:\/\/hoyre.no\/vestfold\/#\/schema\/logo\/image\/"},"sameAs":["https:\/\/www.facebook.com\/vestfold.hoyre"]}]}},"distributor_meta":false,"distributor_terms":false,"distributor_media":false,"distributor_original_site_name":"Vestfold H\u00f8yre","distributor_original_site_url":"https:\/\/hoyre.no\/vestfold","push-errors":false,"_links":{"self":[{"href":"https:\/\/hoyre.no\/vestfold\/wp-json\/wp\/v2\/pages\/1605","targetHints":{"allow":["GET"]}}],"collection":[{"href":"https:\/\/hoyre.no\/vestfold\/wp-json\/wp\/v2\/pages"}],"about":[{"href":"https:\/\/hoyre.no\/vestfold\/wp-json\/wp\/v2\/types\/page"}],"author":[{"embeddable":true,"href":"https:\/\/hoyre.no\/vestfold\/wp-json\/wp\/v2\/users\/295"}],"replies":[{"embeddable":true,"href":"https:\/\/hoyre.no\/vestfold\/wp-json\/wp\/v2\/comments?post=1605"}],"version-history":[{"count":33,"href":"https:\/\/hoyre.no\/vestfold\/wp-json\/wp\/v2\/pages\/1605\/revisions"}],"predecessor-version":[{"id":2049,"href":"https:\/\/hoyre.no\/vestfold\/wp-json\/wp\/v2\/pages\/1605\/revisions\/2049"}],"wp:attachment":[{"href":"https:\/\/hoyre.no\/vestfold\/wp-json\/wp\/v2\/media?parent=1605"}],"curies":[{"name":"wp","href":"https:\/\/api.w.org\/{rel}","templated":true}]}}