{"id":485,"date":"2024-08-15T18:45:38","date_gmt":"2024-08-15T16:45:38","guid":{"rendered":"https:\/\/hoyre.no\/vestfold\/?page_id=485"},"modified":"2025-02-04T21:23:30","modified_gmt":"2025-02-04T20:23:30","slug":"bli-kjent-med-linn-fagerberg","status":"publish","type":"page","link":"https:\/\/hoyre.no\/vestfold\/stortingsvalg\/bli-kjent-med-linn-fagerberg\/","title":{"rendered":"Linn Fagerberg"},"content":{"rendered":"\n<div class=\"wp-block-hoyre-hero with-image-gradient text-color-light  alignfull has-background\"><div class=\"hoyre-hero \"><h1 class=\"title\">Linn Fagerberg<\/h1><p class=\"preamble\">13. kandidat for Vestfold H\u00f8yre ved stortingsvalget 2025<\/p><\/div><\/div>\n\n\n\n<div class=\"wp-block-hoyre-banner undefined has-icon-title icon-heart is-style-blue\"><div class=\"banner-inner\"><div class=\"banner-content\"><div class=\"entry-content\">\n<h2 class=\"wp-block-heading\">Bli kjent med Linn!<\/h2>\n\n\n\n<p class=\"has-text-align-left\">Linn Fagerberg<br>F\u00f8dt 1975<br>Bosted Horten<br>Medlem av H\u00f8yre siden 2010<\/p>\n\n\n\n<div class=\"wp-block-buttons is-layout-flex wp-block-buttons-is-layout-flex\"><\/div>\n<\/div><\/div><\/div><\/div>\n\n\n\n<figure class=\"wp-block-image size-large\"><img loading=\"lazy\" decoding=\"async\" width=\"1024\" height=\"851\" src=\"https:\/\/hoyre.no\/content\/uploads\/sites\/428\/2024\/08\/Linn-Fagerberg-Horten-1024x851.jpg\" alt=\"\" class=\"wp-image-488\" srcset=\"https:\/\/hoyre.no\/content\/uploads\/sites\/428\/2024\/08\/Linn-Fagerberg-Horten-1024x851.jpg 1024w, https:\/\/hoyre.no\/content\/uploads\/sites\/428\/2024\/08\/Linn-Fagerberg-Horten-300x249.jpg 300w, https:\/\/hoyre.no\/content\/uploads\/sites\/428\/2024\/08\/Linn-Fagerberg-Horten-768x638.jpg 768w, https:\/\/hoyre.no\/content\/uploads\/sites\/428\/2024\/08\/Linn-Fagerberg-Horten-1536x1277.jpg 1536w, https:\/\/hoyre.no\/content\/uploads\/sites\/428\/2024\/08\/Linn-Fagerberg-Horten-2048x1702.jpg 2048w\" sizes=\"auto, (max-width: 1024px) 100vw, 1024px\" \/><figcaption class=\"wp-element-caption\">Linn Fagerberg. Foto: Fartein Rudjord. <\/figcaption><\/figure>\n\n\n\n<div class=\"wp-block-hoyre-banner undefined  is-style-blue\"><div class=\"banner-inner\"><div class=\"banner-content\"><div class=\"entry-content\">\n<h2 class=\"wp-block-heading has-text-align-center\">OM LINN<\/h2>\n\n\n\n<p class=\"has-text-align-left\">Linn er daglig leder i Electronic Coast og har en allsidig utdannelse blant annet &nbsp;innen personalledelse (HRM), arbeidsrett, kommunikasjon, omstilling i arbeidsliv, kontor- og administrasjon og hotell- og restauranth\u00f8gskolen. Hun er fagsensor i service- og administrasjonsfaget og har v\u00e6rt arbeidslivskyndig meddommer i tingretten. Linn har styreerfaring fra arbeids- og inkluderingsbedriften Jobbintro, Horten N\u00e6ringsforening og Redningsselskapets ungdomsavdeling. Politisk aktiv siden 2011 med forskjellige verv.&nbsp;<br><\/p>\n\n\n\n<div class=\"wp-block-buttons is-layout-flex wp-block-buttons-is-layout-flex\"><\/div>\n<\/div><\/div><\/div><\/div>\n\n\n\n<div class=\"wp-block-teft-accordion\"><div class=\"teft-accordion__inner\">\n<div class=\"wp-block-teft-item\"><div class=\"teft-item__inner\"><h4 class=\"toggle\">Viktigste politiske erfaringer<\/h4><div class=\"teft-item__inner-content entry-content\">\n<ul class=\"wp-block-list\">\n<li>kommunestyret &#8211; medlem (n\u00e5v\u00e6rende)<\/li>\n\n\n\n<li>Hovedutvalg for klima, milj\u00f8 og kommunalteknikk (n\u00e5v\u00e6rende)<\/li>\n\n\n\n<li>Arbeidsutvalget (n\u00e5v\u00e6rende)<\/li>\n\n\n\n<li>Tidligere nestleder Horten H\u00f8yres foreningsstyre<\/li>\n\n\n\n<li>Tidligere leder av valgkomit\u00e9 Horten H\u00f8yre<\/li>\n\n\n\n<li>Tidligere gruppeleder\/opposisjonsleder<\/li>\n<\/ul>\n<\/div><\/div><\/div>\n\n\n\n<div class=\"wp-block-teft-item\"><div class=\"teft-item__inner\"><h4 class=\"toggle\">Viktigste politiske interesseomr\u00e5der<\/h4><div class=\"teft-item__inner-content entry-content\">\n<ul class=\"wp-block-list\">\n<li>Utenforskap<\/li>\n\n\n\n<li>Utdanning og skolepolitikk<\/li>\n\n\n\n<li>Klima, milj\u00f8 og b\u00e6rekraft<\/li>\n<\/ul>\n<\/div><\/div><\/div>\n<\/div><\/div>\n\n\n\n<div class=\"wp-block-hoyre-banner undefined  is-style-blue\"><div class=\"banner-inner\"><div class=\"banner-content\"><div class=\"entry-content\">\n<p>Linn har mye politisk erfaring og kompetanse fra forskjellige verv og mener hun har en dyp forst\u00e5else av hvordan det politiske systemet fungerer, og hvordan man oppn\u00e5r resultater gjennom samarbeid og ledelse.&nbsp;Hun er vant til \u00e5 lede og administrere komplekse organisasjoner og nettverk. Linn mener hun har evnen til \u00e5 holde hodet kaldt og ta beslutninger under press, har gode kommunikasjonsevner og \u00e5 formidle klare budskap og bygge allianser.<\/p>\n\n\n\n<p>For Linn er styrking av Vestfold som&nbsp;Norges ledende teknologiregion viktig, vi b\u00f8r vise frem at vi er verdensledende spesielt innen avansert elektronikk.&nbsp;Vi b\u00f8r fremme innovasjon og b\u00e6rekraft i teknologisektoren for \u00e5 tiltrekke investeringer og&nbsp;skape arbeidsplasser; \u00f8ke fokus p\u00e5 utdanning og kompetanseutvikling som st\u00f8tterteknologibransjen; og fremme internasjonalt samarbeid for \u00e5 sikre Norges deltakelse&nbsp;under EUs chip act og styrke Vestfolds rolle som en global teknologihub.&nbsp;<\/p>\n\n\n\n<p>Linn har v\u00e6rt med \u00e5 bidra til \u00e5 f\u00e5 gjennomslag for renovering av Norskogen skole, etablering av veteranplan i Horten kommune, l\u00f8ftet forbud mot ansiktstildekning i klasserom.<\/p>\n\n\n\n<div class=\"wp-block-buttons is-layout-flex wp-block-buttons-is-layout-flex\"><\/div>\n<\/div><\/div><\/div><\/div>\n\n\n\n<p><\/p>\n\n\n\n<p><\/p>\n\n\n\n<p><\/p>\n","protected":false},"excerpt":{"rendered":"","protected":false},"author":21339,"featured_media":0,"parent":304,"menu_order":3,"comment_status":"closed","ping_status":"closed","template":"","meta":{"teft_cards_image_url":"","teft_cards_custom_pretitle":"","teft_cards_image_id":488,"teft_cards_image_focal_point_x":0.5,"teft_cards_image_focal_point_y":0.5,"teft_cards_title":"Bli kjent med Linn Fagerberg","teft_cards_excerpt":"Kandidat til pr\u00f8venominasjonen for \nStortingsvalget 2025","teft_show_chapters":false,"footnotes":""},"class_list":["post-485","page","type-page","status-publish","hentry"],"yoast_head":"<!-- This site is optimized with the Yoast SEO plugin v26.6 - https:\/\/yoast.com\/wordpress\/plugins\/seo\/ -->\n<title>Linn Fagerberg - Vestfold H\u00f8yre<\/title>\n<meta name=\"robots\" content=\"index, follow, max-snippet:-1, max-image-preview:large, max-video-preview:-1\" \/>\n<link rel=\"canonical\" href=\"https:\/\/hoyre.no\/vestfold\/stortingsvalg\/bli-kjent-med-linn-fagerberg\/\" \/>\n<meta property=\"og:locale\" content=\"nb_NO\" \/>\n<meta property=\"og:type\" content=\"article\" \/>\n<meta property=\"og:title\" content=\"Linn Fagerberg - Vestfold H\u00f8yre\" \/>\n<meta property=\"og:url\" content=\"https:\/\/hoyre.no\/vestfold\/stortingsvalg\/bli-kjent-med-linn-fagerberg\/\" \/>\n<meta property=\"og:site_name\" content=\"Vestfold H\u00f8yre\" \/>\n<meta property=\"article:publisher\" content=\"https:\/\/www.facebook.com\/vestfold.hoyre\" \/>\n<meta property=\"article:modified_time\" content=\"2025-02-04T20:23:30+00:00\" \/>\n<meta property=\"og:image\" content=\"https:\/\/hoyre.no\/content\/uploads\/sites\/428\/2024\/08\/Linn-Fagerberg-Horten-1024x851.jpg\" \/>\n<meta name=\"twitter:card\" content=\"summary_large_image\" \/>\n<meta name=\"twitter:label1\" content=\"Ansl. lesetid\" \/>\n\t<meta name=\"twitter:data1\" content=\"2 minutter\" \/>\n<script type=\"application\/ld+json\" class=\"yoast-schema-graph\">{\"@context\":\"https:\/\/schema.org\",\"@graph\":[{\"@type\":\"WebPage\",\"@id\":\"https:\/\/hoyre.no\/vestfold\/stortingsvalg\/bli-kjent-med-linn-fagerberg\/\",\"url\":\"https:\/\/hoyre.no\/vestfold\/stortingsvalg\/bli-kjent-med-linn-fagerberg\/\",\"name\":\"Linn Fagerberg - Vestfold H\u00f8yre\",\"isPartOf\":{\"@id\":\"https:\/\/hoyre.no\/vestfold\/#website\"},\"image\":{\"@id\":\"https:\/\/hoyre.no\/vestfold\/stortingsvalg\/bli-kjent-med-linn-fagerberg\/#primaryimage\"},\"thumbnailUrl\":\"https:\/\/hoyre.no\/content\/uploads\/sites\/428\/2024\/08\/Linn-Fagerberg-Horten-1024x851.jpg\",\"datePublished\":\"2024-08-15T16:45:38+00:00\",\"dateModified\":\"2025-02-04T20:23:30+00:00\",\"breadcrumb\":{\"@id\":\"https:\/\/hoyre.no\/vestfold\/stortingsvalg\/bli-kjent-med-linn-fagerberg\/#breadcrumb\"},\"inLanguage\":\"nb-NO\",\"potentialAction\":[{\"@type\":\"ReadAction\",\"target\":[\"https:\/\/hoyre.no\/vestfold\/stortingsvalg\/bli-kjent-med-linn-fagerberg\/\"]}]},{\"@type\":\"ImageObject\",\"inLanguage\":\"nb-NO\",\"@id\":\"https:\/\/hoyre.no\/vestfold\/stortingsvalg\/bli-kjent-med-linn-fagerberg\/#primaryimage\",\"url\":\"https:\/\/hoyre.no\/content\/uploads\/sites\/428\/2024\/08\/Linn-Fagerberg-Horten-1024x851.jpg\",\"contentUrl\":\"https:\/\/hoyre.no\/content\/uploads\/sites\/428\/2024\/08\/Linn-Fagerberg-Horten-1024x851.jpg\"},{\"@type\":\"BreadcrumbList\",\"@id\":\"https:\/\/hoyre.no\/vestfold\/stortingsvalg\/bli-kjent-med-linn-fagerberg\/#breadcrumb\",\"itemListElement\":[{\"@type\":\"ListItem\",\"position\":1,\"name\":\"Til hoyre.no\",\"item\":\"https:\/\/hoyre.no\"},{\"@type\":\"ListItem\",\"position\":2,\"name\":\"Hjem\",\"item\":\"https:\/\/hoyre.no\/vestfold\/\"},{\"@type\":\"ListItem\",\"position\":3,\"name\":\"Stortingsvalg\",\"item\":\"https:\/\/hoyre.no\/vestfold\/stortingsvalg\/\"},{\"@type\":\"ListItem\",\"position\":4,\"name\":\"Linn Fagerberg\"}]},{\"@type\":\"WebSite\",\"@id\":\"https:\/\/hoyre.no\/vestfold\/#website\",\"url\":\"https:\/\/hoyre.no\/vestfold\/\",\"name\":\"Vestfold H\u00f8yre\",\"description\":\"Bare enda et H\u00f8yres nettsteder-nettsted\",\"publisher\":{\"@id\":\"https:\/\/hoyre.no\/vestfold\/#organization\"},\"inLanguage\":\"nb-NO\"},{\"@type\":\"Organization\",\"@id\":\"https:\/\/hoyre.no\/vestfold\/#organization\",\"name\":\"Vestfold H\u00f8yre\",\"url\":\"https:\/\/hoyre.no\/vestfold\/\",\"logo\":{\"@type\":\"ImageObject\",\"inLanguage\":\"nb-NO\",\"@id\":\"https:\/\/hoyre.no\/vestfold\/#\/schema\/logo\/image\/\",\"url\":\"https:\/\/hoyre.no\/content\/uploads\/sites\/428\/2023\/02\/hoyre_logo.png\",\"contentUrl\":\"https:\/\/hoyre.no\/content\/uploads\/sites\/428\/2023\/02\/hoyre_logo.png\",\"width\":1000,\"height\":1000,\"caption\":\"Vestfold H\u00f8yre\"},\"image\":{\"@id\":\"https:\/\/hoyre.no\/vestfold\/#\/schema\/logo\/image\/\"},\"sameAs\":[\"https:\/\/www.facebook.com\/vestfold.hoyre\"]}]}<\/script>\n<!-- \/ Yoast SEO plugin. -->","yoast_head_json":{"title":"Linn Fagerberg - Vestfold H\u00f8yre","robots":{"index":"index","follow":"follow","max-snippet":"max-snippet:-1","max-image-preview":"max-image-preview:large","max-video-preview":"max-video-preview:-1"},"canonical":"https:\/\/hoyre.no\/vestfold\/stortingsvalg\/bli-kjent-med-linn-fagerberg\/","og_locale":"nb_NO","og_type":"article","og_title":"Linn Fagerberg - Vestfold H\u00f8yre","og_url":"https:\/\/hoyre.no\/vestfold\/stortingsvalg\/bli-kjent-med-linn-fagerberg\/","og_site_name":"Vestfold H\u00f8yre","article_publisher":"https:\/\/www.facebook.com\/vestfold.hoyre","article_modified_time":"2025-02-04T20:23:30+00:00","og_image":[{"url":"https:\/\/hoyre.no\/content\/uploads\/sites\/428\/2024\/08\/Linn-Fagerberg-Horten-1024x851.jpg","width":"","height":"","type":""}],"twitter_card":"summary_large_image","twitter_misc":{"Ansl. lesetid":"2 minutter"},"schema":{"@context":"https:\/\/schema.org","@graph":[{"@type":"WebPage","@id":"https:\/\/hoyre.no\/vestfold\/stortingsvalg\/bli-kjent-med-linn-fagerberg\/","url":"https:\/\/hoyre.no\/vestfold\/stortingsvalg\/bli-kjent-med-linn-fagerberg\/","name":"Linn Fagerberg - Vestfold H\u00f8yre","isPartOf":{"@id":"https:\/\/hoyre.no\/vestfold\/#website"},"image":{"@id":"https:\/\/hoyre.no\/vestfold\/stortingsvalg\/bli-kjent-med-linn-fagerberg\/#primaryimage"},"thumbnailUrl":"https:\/\/hoyre.no\/content\/uploads\/sites\/428\/2024\/08\/Linn-Fagerberg-Horten-1024x851.jpg","datePublished":"2024-08-15T16:45:38+00:00","dateModified":"2025-02-04T20:23:30+00:00","breadcrumb":{"@id":"https:\/\/hoyre.no\/vestfold\/stortingsvalg\/bli-kjent-med-linn-fagerberg\/#breadcrumb"},"inLanguage":"nb-NO","potentialAction":[{"@type":"ReadAction","target":["https:\/\/hoyre.no\/vestfold\/stortingsvalg\/bli-kjent-med-linn-fagerberg\/"]}]},{"@type":"ImageObject","inLanguage":"nb-NO","@id":"https:\/\/hoyre.no\/vestfold\/stortingsvalg\/bli-kjent-med-linn-fagerberg\/#primaryimage","url":"https:\/\/hoyre.no\/content\/uploads\/sites\/428\/2024\/08\/Linn-Fagerberg-Horten-1024x851.jpg","contentUrl":"https:\/\/hoyre.no\/content\/uploads\/sites\/428\/2024\/08\/Linn-Fagerberg-Horten-1024x851.jpg"},{"@type":"BreadcrumbList","@id":"https:\/\/hoyre.no\/vestfold\/stortingsvalg\/bli-kjent-med-linn-fagerberg\/#breadcrumb","itemListElement":[{"@type":"ListItem","position":1,"name":"Til hoyre.no","item":"https:\/\/hoyre.no"},{"@type":"ListItem","position":2,"name":"Hjem","item":"https:\/\/hoyre.no\/vestfold\/"},{"@type":"ListItem","position":3,"name":"Stortingsvalg","item":"https:\/\/hoyre.no\/vestfold\/stortingsvalg\/"},{"@type":"ListItem","position":4,"name":"Linn Fagerberg"}]},{"@type":"WebSite","@id":"https:\/\/hoyre.no\/vestfold\/#website","url":"https:\/\/hoyre.no\/vestfold\/","name":"Vestfold H\u00f8yre","description":"Bare enda et H\u00f8yres nettsteder-nettsted","publisher":{"@id":"https:\/\/hoyre.no\/vestfold\/#organization"},"inLanguage":"nb-NO"},{"@type":"Organization","@id":"https:\/\/hoyre.no\/vestfold\/#organization","name":"Vestfold H\u00f8yre","url":"https:\/\/hoyre.no\/vestfold\/","logo":{"@type":"ImageObject","inLanguage":"nb-NO","@id":"https:\/\/hoyre.no\/vestfold\/#\/schema\/logo\/image\/","url":"https:\/\/hoyre.no\/content\/uploads\/sites\/428\/2023\/02\/hoyre_logo.png","contentUrl":"https:\/\/hoyre.no\/content\/uploads\/sites\/428\/2023\/02\/hoyre_logo.png","width":1000,"height":1000,"caption":"Vestfold H\u00f8yre"},"image":{"@id":"https:\/\/hoyre.no\/vestfold\/#\/schema\/logo\/image\/"},"sameAs":["https:\/\/www.facebook.com\/vestfold.hoyre"]}]}},"distributor_meta":false,"distributor_terms":false,"distributor_media":false,"distributor_original_site_name":"Vestfold H\u00f8yre","distributor_original_site_url":"https:\/\/hoyre.no\/vestfold","push-errors":false,"_links":{"self":[{"href":"https:\/\/hoyre.no\/vestfold\/wp-json\/wp\/v2\/pages\/485","targetHints":{"allow":["GET"]}}],"collection":[{"href":"https:\/\/hoyre.no\/vestfold\/wp-json\/wp\/v2\/pages"}],"about":[{"href":"https:\/\/hoyre.no\/vestfold\/wp-json\/wp\/v2\/types\/page"}],"author":[{"embeddable":true,"href":"https:\/\/hoyre.no\/vestfold\/wp-json\/wp\/v2\/users\/21339"}],"replies":[{"embeddable":true,"href":"https:\/\/hoyre.no\/vestfold\/wp-json\/wp\/v2\/comments?post=485"}],"version-history":[{"count":36,"href":"https:\/\/hoyre.no\/vestfold\/wp-json\/wp\/v2\/pages\/485\/revisions"}],"predecessor-version":[{"id":1187,"href":"https:\/\/hoyre.no\/vestfold\/wp-json\/wp\/v2\/pages\/485\/revisions\/1187"}],"up":[{"embeddable":true,"href":"https:\/\/hoyre.no\/vestfold\/wp-json\/wp\/v2\/pages\/304"}],"wp:attachment":[{"href":"https:\/\/hoyre.no\/vestfold\/wp-json\/wp\/v2\/media?parent=485"}],"curies":[{"name":"wp","href":"https:\/\/api.w.org\/{rel}","templated":true}]}}