{"id":544,"date":"2024-08-17T10:52:19","date_gmt":"2024-08-17T08:52:19","guid":{"rendered":"https:\/\/hoyre.no\/vestfold\/?page_id=544"},"modified":"2025-02-13T12:37:25","modified_gmt":"2025-02-13T11:37:25","slug":"bli-kjent-med-mathias-willassen-hanssen","status":"publish","type":"page","link":"https:\/\/hoyre.no\/vestfold\/stortingsvalg\/bli-kjent-med-mathias-willassen-hanssen\/","title":{"rendered":"Mathias Willassen Hanssen"},"content":{"rendered":"\n<div class=\"wp-block-hoyre-hero with-image-gradient text-color-light  alignfull has-background\"><div class=\"hoyre-hero \"><h1 class=\"title\">Mathias <br>Willassen Hanssen<\/h1><p class=\"preamble\">2. kandidat for Vestfold H\u00f8yre ved stortingsvalget 2025<\/p><\/div><\/div>\n\n\n\n<div class=\"wp-block-hoyre-banner undefined has-icon-title icon-heart is-style-blue\"><div class=\"banner-inner\"><div class=\"banner-content\"><div class=\"entry-content\">\n<h2 class=\"wp-block-heading\">Bli kjent med Mathias!<\/h2>\n\n\n\n<p class=\"has-text-align-left\">Mathias Willassen Hanssen<br>F\u00f8dt 1997<br>Bosted T\u00f8nsberg<br>Medlem av H\u00f8yre siden 2013<\/p>\n\n\n\n<div class=\"wp-block-buttons is-layout-flex wp-block-buttons-is-layout-flex\"><\/div>\n<\/div><\/div><\/div><\/div>\n\n\n\n\n<figure class=\"wp-block-image size-large\"><img loading=\"lazy\" decoding=\"async\" width=\"1024\" height=\"767\" src=\"https:\/\/hoyre.no\/content\/uploads\/sites\/428\/2024\/11\/IMG_9842-1024x767.png\" alt=\"\" class=\"wp-image-802\" srcset=\"https:\/\/hoyre.no\/content\/uploads\/sites\/428\/2024\/11\/IMG_9842-1024x767.png 1024w, https:\/\/hoyre.no\/content\/uploads\/sites\/428\/2024\/11\/IMG_9842-300x225.png 300w, https:\/\/hoyre.no\/content\/uploads\/sites\/428\/2024\/11\/IMG_9842-768x575.png 768w, https:\/\/hoyre.no\/content\/uploads\/sites\/428\/2024\/11\/IMG_9842-1536x1150.png 1536w, https:\/\/hoyre.no\/content\/uploads\/sites\/428\/2024\/11\/IMG_9842-2048x1533.png 2048w\" sizes=\"auto, (max-width: 1024px) 100vw, 1024px\" \/><\/figure>\n\n\n\n\n<ul class=\"wp-block-social-links is-layout-flex wp-block-social-links-is-layout-flex\"><li class=\"wp-social-link wp-social-link-facebook  wp-block-social-link\"><a href=\"https:\/\/www.facebook.com\/mathiaswhanssen\" class=\"wp-block-social-link-anchor\"><svg width=\"24\" height=\"24\" viewBox=\"0 0 24 24\" version=\"1.1\" xmlns=\"http:\/\/www.w3.org\/2000\/svg\" aria-hidden=\"true\" focusable=\"false\"><path d=\"M12 2C6.5 2 2 6.5 2 12c0 5 3.7 9.1 8.4 9.9v-7H7.9V12h2.5V9.8c0-2.5 1.5-3.9 3.8-3.9 1.1 0 2.2.2 2.2.2v2.5h-1.3c-1.2 0-1.6.8-1.6 1.6V12h2.8l-.4 2.9h-2.3v7C18.3 21.1 22 17 22 12c0-5.5-4.5-10-10-10z\"><\/path><\/svg><span class=\"wp-block-social-link-label screen-reader-text\">Facebook<\/span><\/a><\/li>\n\n<li class=\"wp-social-link wp-social-link-instagram  wp-block-social-link\"><a href=\"https:\/\/www.instagram.com\/mathiaswhanssen?igsh=MXd2ZDRvczFyZXY1bg==\" class=\"wp-block-social-link-anchor\"><svg width=\"24\" height=\"24\" viewBox=\"0 0 24 24\" version=\"1.1\" xmlns=\"http:\/\/www.w3.org\/2000\/svg\" aria-hidden=\"true\" focusable=\"false\"><path d=\"M12,4.622c2.403,0,2.688,0.009,3.637,0.052c0.877,0.04,1.354,0.187,1.671,0.31c0.42,0.163,0.72,0.358,1.035,0.673 c0.315,0.315,0.51,0.615,0.673,1.035c0.123,0.317,0.27,0.794,0.31,1.671c0.043,0.949,0.052,1.234,0.052,3.637 s-0.009,2.688-0.052,3.637c-0.04,0.877-0.187,1.354-0.31,1.671c-0.163,0.42-0.358,0.72-0.673,1.035 c-0.315,0.315-0.615,0.51-1.035,0.673c-0.317,0.123-0.794,0.27-1.671,0.31c-0.949,0.043-1.233,0.052-3.637,0.052 s-2.688-0.009-3.637-0.052c-0.877-0.04-1.354-0.187-1.671-0.31c-0.42-0.163-0.72-0.358-1.035-0.673 c-0.315-0.315-0.51-0.615-0.673-1.035c-0.123-0.317-0.27-0.794-0.31-1.671C4.631,14.688,4.622,14.403,4.622,12 s0.009-2.688,0.052-3.637c0.04-0.877,0.187-1.354,0.31-1.671c0.163-0.42,0.358-0.72,0.673-1.035 c0.315-0.315,0.615-0.51,1.035-0.673c0.317-0.123,0.794-0.27,1.671-0.31C9.312,4.631,9.597,4.622,12,4.622 M12,3 C9.556,3,9.249,3.01,8.289,3.054C7.331,3.098,6.677,3.25,6.105,3.472C5.513,3.702,5.011,4.01,4.511,4.511 c-0.5,0.5-0.808,1.002-1.038,1.594C3.25,6.677,3.098,7.331,3.054,8.289C3.01,9.249,3,9.556,3,12c0,2.444,0.01,2.751,0.054,3.711 c0.044,0.958,0.196,1.612,0.418,2.185c0.23,0.592,0.538,1.094,1.038,1.594c0.5,0.5,1.002,0.808,1.594,1.038 c0.572,0.222,1.227,0.375,2.185,0.418C9.249,20.99,9.556,21,12,21s2.751-0.01,3.711-0.054c0.958-0.044,1.612-0.196,2.185-0.418 c0.592-0.23,1.094-0.538,1.594-1.038c0.5-0.5,0.808-1.002,1.038-1.594c0.222-0.572,0.375-1.227,0.418-2.185 C20.99,14.751,21,14.444,21,12s-0.01-2.751-0.054-3.711c-0.044-0.958-0.196-1.612-0.418-2.185c-0.23-0.592-0.538-1.094-1.038-1.594 c-0.5-0.5-1.002-0.808-1.594-1.038c-0.572-0.222-1.227-0.375-2.185-0.418C14.751,3.01,14.444,3,12,3L12,3z M12,7.378 c-2.552,0-4.622,2.069-4.622,4.622S9.448,16.622,12,16.622s4.622-2.069,4.622-4.622S14.552,7.378,12,7.378z M12,15 c-1.657,0-3-1.343-3-3s1.343-3,3-3s3,1.343,3,3S13.657,15,12,15z M16.804,6.116c-0.596,0-1.08,0.484-1.08,1.08 s0.484,1.08,1.08,1.08c0.596,0,1.08-0.484,1.08-1.08S17.401,6.116,16.804,6.116z\"><\/path><\/svg><span class=\"wp-block-social-link-label screen-reader-text\">Instagram<\/span><\/a><\/li>\n\n<li class=\"wp-social-link wp-social-link-snapchat  wp-block-social-link\"><a href=\"https:\/\/snapchat.com\/t\/6BbXugwC\" class=\"wp-block-social-link-anchor\"><svg width=\"24\" height=\"24\" viewBox=\"0 0 24 24\" version=\"1.1\" xmlns=\"http:\/\/www.w3.org\/2000\/svg\" aria-hidden=\"true\" focusable=\"false\"><path d=\"M12.065,2a5.526,5.526,0,0,1,3.132.892A5.854,5.854,0,0,1,17.326,5.4a5.821,5.821,0,0,1,.351,2.33q0,.612-.117,2.487a.809.809,0,0,0,.365.091,1.93,1.93,0,0,0,.664-.176,1.93,1.93,0,0,1,.664-.176,1.3,1.3,0,0,1,.729.234.7.7,0,0,1,.351.6.839.839,0,0,1-.41.7,2.732,2.732,0,0,1-.9.41,3.192,3.192,0,0,0-.9.378.728.728,0,0,0-.41.618,1.575,1.575,0,0,0,.156.56,6.9,6.9,0,0,0,1.334,1.953,5.6,5.6,0,0,0,1.881,1.315,5.875,5.875,0,0,0,1.042.3.42.42,0,0,1,.365.456q0,.911-2.852,1.341a1.379,1.379,0,0,0-.143.507,1.8,1.8,0,0,1-.182.605.451.451,0,0,1-.429.241,5.878,5.878,0,0,1-.807-.085,5.917,5.917,0,0,0-.833-.085,4.217,4.217,0,0,0-.807.065,2.42,2.42,0,0,0-.82.293,6.682,6.682,0,0,0-.755.5q-.351.267-.755.527a3.886,3.886,0,0,1-.989.436A4.471,4.471,0,0,1,11.831,22a4.307,4.307,0,0,1-1.256-.176,3.784,3.784,0,0,1-.976-.436q-.4-.26-.749-.527a6.682,6.682,0,0,0-.755-.5,2.422,2.422,0,0,0-.807-.293,4.432,4.432,0,0,0-.82-.065,5.089,5.089,0,0,0-.853.1,5,5,0,0,1-.762.1.474.474,0,0,1-.456-.241,1.819,1.819,0,0,1-.182-.618,1.411,1.411,0,0,0-.143-.521q-2.852-.429-2.852-1.341a.42.42,0,0,1,.365-.456,5.793,5.793,0,0,0,1.042-.3,5.524,5.524,0,0,0,1.881-1.315,6.789,6.789,0,0,0,1.334-1.953A1.575,1.575,0,0,0,6,12.9a.728.728,0,0,0-.41-.618,3.323,3.323,0,0,0-.9-.384,2.912,2.912,0,0,1-.9-.41.814.814,0,0,1-.41-.684.71.71,0,0,1,.338-.593,1.208,1.208,0,0,1,.716-.241,1.976,1.976,0,0,1,.625.169,2.008,2.008,0,0,0,.69.169.919.919,0,0,0,.416-.091q-.117-1.849-.117-2.474A5.861,5.861,0,0,1,6.385,5.4,5.516,5.516,0,0,1,8.625,2.819,7.075,7.075,0,0,1,12.062,2Z\"><\/path><\/svg><span class=\"wp-block-social-link-label screen-reader-text\">Snapchat<\/span><\/a><\/li>\n\n<li class=\"wp-social-link wp-social-link-mail  wp-block-social-link\"><a href=\"mailto:&#109;&#097;&#116;hias.w&#105;l&#108;&#097;&#115;&#115;en.&#104;&#097;nss&#101;n&#064;&#115;t&#111;rt&#105;&#110;&#103;et.&#110;&#111;\" class=\"wp-block-social-link-anchor\"><svg width=\"24\" height=\"24\" viewBox=\"0 0 24 24\" version=\"1.1\" xmlns=\"http:\/\/www.w3.org\/2000\/svg\" aria-hidden=\"true\" focusable=\"false\"><path d=\"M19,5H5c-1.1,0-2,.9-2,2v10c0,1.1.9,2,2,2h14c1.1,0,2-.9,2-2V7c0-1.1-.9-2-2-2zm.5,12c0,.3-.2.5-.5.5H5c-.3,0-.5-.2-.5-.5V9.8l7.5,5.6,7.5-5.6V17zm0-9.1L12,13.6,4.5,7.9V7c0-.3.2-.5.5-.5h14c.3,0,.5.2.5.5v.9z\"><\/path><\/svg><span class=\"wp-block-social-link-label screen-reader-text\">Mail<\/span><\/a><\/li><\/ul>\n\n\n\n<div class=\"wp-block-hoyre-banner undefined  is-style-blue\"><div class=\"banner-inner\"><div class=\"banner-content\"><div class=\"entry-content\">\n<h2 class=\"wp-block-heading\">OM MATHIAS<\/h2>\n\n\n\n<div class=\"wp-block-buttons is-layout-flex wp-block-buttons-is-layout-flex\"><\/div>\n\n\n\n<p class=\"has-text-align-left\">Mathias har en p\u00e5begynt utdannelse som grunnskolel\u00e6rer, og har ved siden av full jobb tatt noen fag p\u00e5 PR- og samfunnsp\u00e5virkning ved H\u00f8yskolen i Kristiania og \u00e5rsstudium i statsvitenskap. I dag jobber han som kommunikasjonsr\u00e5dgiver for utdannings- og forskningsfraksjonen i H\u00f8yres stortingsgruppe, hvor han blant annet har v\u00e6rt r\u00e5dgiver for Jan Tore Sanner. Gjennom sin jobb p\u00e5 Stortinget vet han hva det inneb\u00e6rer \u00e5 v\u00e6re en stortingsrepresentant og hvilke oppgaver som m\u00e5 l\u00f8ses, og har opparbeidet seg et stort kontaktnett. Tidligere har han ogs\u00e5 jobbet i H\u00f8yres kampanjeavdeling, H\u00f8yres SoMe-team hvor han ledet den digitale valgkampen, og han har v\u00e6rt r\u00e5dgiver for leder i Unge H\u00f8yre. Han har ogs\u00e5 erfaring fra \u00e5 jobbe i barnehage, skole, og i ulike butikker. Mathias har mye politisk erfaring.<\/p>\n<\/div><\/div><\/div><\/div>\n\n\n\n<div class=\"wp-block-teft-accordion\"><div class=\"teft-accordion__inner\">\n<div class=\"wp-block-teft-item\"><div class=\"teft-item__inner\"><h4 class=\"toggle\">Viktigste politiske erfaring<\/h4><div class=\"teft-item__inner-content entry-content\">\n<ul class=\"wp-block-list\">\n<li>1. nestleder i Vestfold H\u00f8yre (n\u00e5v\u00e6rende)<\/li>\n\n\n\n<li>Kommunestyrerepresentant for T\u00f8nsberg H\u00f8yre (n\u00e5v\u00e6rende) hvor han er hovedutvalgsleder for oppvekst og oppl\u00e6ring og gruppenestleder for kommunestyregruppen til T\u00f8nsberg H\u00f8yre, og vara til formannskapet<\/li>\n\n\n\n<li>Tidligere 1. nestleder i T\u00f8nsberg H\u00f8yre, leder av medieutvalg og programkomit\u00e9 og leder for politisk utvalg i T\u00f8nsberg H\u00f8yre<\/li>\n\n\n\n<li>F\u00f8r dette; vara til kommunestyret, tredje vara til Stortinget, kommunestyrerepresentant for H\u00f8yre i N\u00f8tter\u00f8y\/ og F\u00e6rder kommuner, leder av Vestfold UH og medlem av Unge H\u00f8yres landsstyre og diverse andre verv i UH<\/li>\n<\/ul>\n<\/div><\/div><\/div>\n\n\n\n<div class=\"wp-block-teft-item\"><div class=\"teft-item__inner\"><h4 class=\"toggle\">Viktigste politiske interesseomr\u00e5der<\/h4><div class=\"teft-item__inner-content entry-content\">\n<ul class=\"wp-block-list\">\n<li>Utdanning og forskning (med vekt p\u00e5 skole og barnehage)<\/li>\n\n\n\n<li>Helse og omsorg<\/li>\n\n\n\n<li>Familie og kultur<\/li>\n<\/ul>\n<\/div><\/div><\/div>\n<\/div><\/div>\n\n\n\n<div class=\"wp-block-hoyre-banner undefined  is-style-blue\"><div class=\"banner-inner\"><div class=\"banner-content\"><div class=\"entry-content\">\n<p class=\"has-text-align-left\">Mathias mener han har et godt overblikk over H\u00f8yres politikk og anser seg selv som strategisk, har god medieteft og h\u00f8y arbeidskapasitet. Han er godt vant med media og debatter og er flink til \u00e5 komme \u201dp\u00e5\u201d, og synliggj\u00f8re H\u00f8yres politikk p\u00e5 de omr\u00e5dene han har ansvar for. Mathias \u00f8nsker \u00e5 bruke sin erfaring til \u00e5 v\u00e6re en tydelig talsperson for Vestfold, og kjempe for Vestfolds interesser p\u00e5 Stortinget.&nbsp;<br><\/p>\n\n\n\n<p class=\"has-text-align-left\">Som utvalgsleder for oppvekst og oppl\u00e6ring fokuserer han p\u00e5 \u00e5 innf\u00f8re H\u00f8yres politikk i skolene og har bidratt til mer fokus p\u00e5 blant annet elevenes l\u00e6ringsresultater, mer fokus p\u00e5 innholdet i skolen, og at l\u00e6reren m\u00e5 f\u00e5 v\u00e6re sjefen i klasserommet. Han har ogs\u00e5 f\u00e5tt nasjonal oppmerksomhet for grep de setter inn lokalt for \u00e5 l\u00f8se bemanningskrisen i skole- og barnehage, hvor han blant annet har blitt invitert til kunnskapsministerens nasjonale forum for barnehagekvalitet.&nbsp;<br><\/p>\n\n\n\n<p class=\"has-text-align-left\">Framover vil Mathias at H\u00f8yre skal vise Vestfolds innbyggere at det er de vi jobber for, at vi er opptatt av \u00e5 l\u00f8se hverdagsutfordringene at vi er p\u00e5 \u201dlag med Vestfold\u201d. Han viser blant annet til at vi m\u00e5 f\u00e5 bygget dobbeltspor gjennom hele Vestfold, gi innbyggerne bedre r\u00e5d, f\u00e5 ned helsek\u00f8ene, f\u00e5 opp n\u00e6ringsetableringen og ikke minst snu den negative trenden med at flere piler peker i feil retning i norsk skole.<br><\/p>\n\n\n\n<p><\/p>\n\n\n\n<div class=\"wp-block-buttons is-layout-flex wp-block-buttons-is-layout-flex\"><\/div>\n<\/div><\/div><\/div><\/div>\n","protected":false},"excerpt":{"rendered":"","protected":false},"author":21339,"featured_media":0,"parent":304,"menu_order":3,"comment_status":"closed","ping_status":"closed","template":"","meta":{"teft_cards_image_url":"","teft_cards_custom_pretitle":"","teft_cards_image_id":0,"teft_cards_image_focal_point_x":0,"teft_cards_image_focal_point_y":0,"teft_cards_title":"","teft_cards_excerpt":"","teft_show_chapters":false,"footnotes":""},"class_list":["post-544","page","type-page","status-publish","hentry"],"yoast_head":"<!-- This site is optimized with the Yoast SEO plugin v26.6 - https:\/\/yoast.com\/wordpress\/plugins\/seo\/ -->\n<title>Mathias Willassen Hanssen - Vestfold H\u00f8yre<\/title>\n<meta name=\"robots\" content=\"index, follow, max-snippet:-1, max-image-preview:large, max-video-preview:-1\" \/>\n<link rel=\"canonical\" href=\"https:\/\/hoyre.no\/vestfold\/stortingsvalg\/bli-kjent-med-mathias-willassen-hanssen\/\" \/>\n<meta property=\"og:locale\" content=\"nb_NO\" \/>\n<meta property=\"og:type\" content=\"article\" \/>\n<meta property=\"og:title\" content=\"Mathias Willassen Hanssen - Vestfold H\u00f8yre\" \/>\n<meta property=\"og:url\" content=\"https:\/\/hoyre.no\/vestfold\/stortingsvalg\/bli-kjent-med-mathias-willassen-hanssen\/\" \/>\n<meta property=\"og:site_name\" content=\"Vestfold H\u00f8yre\" \/>\n<meta property=\"article:publisher\" content=\"https:\/\/www.facebook.com\/vestfold.hoyre\" \/>\n<meta property=\"article:modified_time\" content=\"2025-02-13T11:37:25+00:00\" \/>\n<meta property=\"og:image\" content=\"https:\/\/hoyre.no\/content\/uploads\/sites\/428\/2024\/11\/IMG_9842-1024x767.png\" \/>\n\t<meta property=\"og:image:width\" content=\"1024\" \/>\n\t<meta property=\"og:image:height\" content=\"767\" \/>\n\t<meta property=\"og:image:type\" content=\"image\/png\" \/>\n<meta name=\"twitter:card\" content=\"summary_large_image\" \/>\n<meta name=\"twitter:label1\" content=\"Ansl. lesetid\" \/>\n\t<meta name=\"twitter:data1\" content=\"3 minutter\" \/>\n<script type=\"application\/ld+json\" class=\"yoast-schema-graph\">{\"@context\":\"https:\/\/schema.org\",\"@graph\":[{\"@type\":\"WebPage\",\"@id\":\"https:\/\/hoyre.no\/vestfold\/stortingsvalg\/bli-kjent-med-mathias-willassen-hanssen\/\",\"url\":\"https:\/\/hoyre.no\/vestfold\/stortingsvalg\/bli-kjent-med-mathias-willassen-hanssen\/\",\"name\":\"Mathias Willassen Hanssen - Vestfold H\u00f8yre\",\"isPartOf\":{\"@id\":\"https:\/\/hoyre.no\/vestfold\/#website\"},\"image\":{\"@id\":\"https:\/\/hoyre.no\/vestfold\/stortingsvalg\/bli-kjent-med-mathias-willassen-hanssen\/#primaryimage\"},\"thumbnailUrl\":\"https:\/\/hoyre.no\/content\/uploads\/sites\/428\/2024\/11\/IMG_9842-1024x767.png\",\"datePublished\":\"2024-08-17T08:52:19+00:00\",\"dateModified\":\"2025-02-13T11:37:25+00:00\",\"breadcrumb\":{\"@id\":\"https:\/\/hoyre.no\/vestfold\/stortingsvalg\/bli-kjent-med-mathias-willassen-hanssen\/#breadcrumb\"},\"inLanguage\":\"nb-NO\",\"potentialAction\":[{\"@type\":\"ReadAction\",\"target\":[\"https:\/\/hoyre.no\/vestfold\/stortingsvalg\/bli-kjent-med-mathias-willassen-hanssen\/\"]}]},{\"@type\":\"ImageObject\",\"inLanguage\":\"nb-NO\",\"@id\":\"https:\/\/hoyre.no\/vestfold\/stortingsvalg\/bli-kjent-med-mathias-willassen-hanssen\/#primaryimage\",\"url\":\"https:\/\/hoyre.no\/content\/uploads\/sites\/428\/2024\/11\/IMG_9842-1024x767.png\",\"contentUrl\":\"https:\/\/hoyre.no\/content\/uploads\/sites\/428\/2024\/11\/IMG_9842-1024x767.png\"},{\"@type\":\"BreadcrumbList\",\"@id\":\"https:\/\/hoyre.no\/vestfold\/stortingsvalg\/bli-kjent-med-mathias-willassen-hanssen\/#breadcrumb\",\"itemListElement\":[{\"@type\":\"ListItem\",\"position\":1,\"name\":\"Til hoyre.no\",\"item\":\"https:\/\/hoyre.no\"},{\"@type\":\"ListItem\",\"position\":2,\"name\":\"Hjem\",\"item\":\"https:\/\/hoyre.no\/vestfold\/\"},{\"@type\":\"ListItem\",\"position\":3,\"name\":\"Stortingsvalg\",\"item\":\"https:\/\/hoyre.no\/vestfold\/stortingsvalg\/\"},{\"@type\":\"ListItem\",\"position\":4,\"name\":\"Mathias Willassen Hanssen\"}]},{\"@type\":\"WebSite\",\"@id\":\"https:\/\/hoyre.no\/vestfold\/#website\",\"url\":\"https:\/\/hoyre.no\/vestfold\/\",\"name\":\"Vestfold H\u00f8yre\",\"description\":\"Bare enda et H\u00f8yres nettsteder-nettsted\",\"publisher\":{\"@id\":\"https:\/\/hoyre.no\/vestfold\/#organization\"},\"inLanguage\":\"nb-NO\"},{\"@type\":\"Organization\",\"@id\":\"https:\/\/hoyre.no\/vestfold\/#organization\",\"name\":\"Vestfold H\u00f8yre\",\"url\":\"https:\/\/hoyre.no\/vestfold\/\",\"logo\":{\"@type\":\"ImageObject\",\"inLanguage\":\"nb-NO\",\"@id\":\"https:\/\/hoyre.no\/vestfold\/#\/schema\/logo\/image\/\",\"url\":\"https:\/\/hoyre.no\/content\/uploads\/sites\/428\/2023\/02\/hoyre_logo.png\",\"contentUrl\":\"https:\/\/hoyre.no\/content\/uploads\/sites\/428\/2023\/02\/hoyre_logo.png\",\"width\":1000,\"height\":1000,\"caption\":\"Vestfold H\u00f8yre\"},\"image\":{\"@id\":\"https:\/\/hoyre.no\/vestfold\/#\/schema\/logo\/image\/\"},\"sameAs\":[\"https:\/\/www.facebook.com\/vestfold.hoyre\"]}]}<\/script>\n<!-- \/ Yoast SEO plugin. -->","yoast_head_json":{"title":"Mathias Willassen Hanssen - Vestfold H\u00f8yre","robots":{"index":"index","follow":"follow","max-snippet":"max-snippet:-1","max-image-preview":"max-image-preview:large","max-video-preview":"max-video-preview:-1"},"canonical":"https:\/\/hoyre.no\/vestfold\/stortingsvalg\/bli-kjent-med-mathias-willassen-hanssen\/","og_locale":"nb_NO","og_type":"article","og_title":"Mathias Willassen Hanssen - Vestfold H\u00f8yre","og_url":"https:\/\/hoyre.no\/vestfold\/stortingsvalg\/bli-kjent-med-mathias-willassen-hanssen\/","og_site_name":"Vestfold H\u00f8yre","article_publisher":"https:\/\/www.facebook.com\/vestfold.hoyre","article_modified_time":"2025-02-13T11:37:25+00:00","og_image":[{"width":1024,"height":767,"url":"https:\/\/hoyre.no\/content\/uploads\/sites\/428\/2024\/11\/IMG_9842-1024x767.png","type":"image\/png"}],"twitter_card":"summary_large_image","twitter_misc":{"Ansl. lesetid":"3 minutter"},"schema":{"@context":"https:\/\/schema.org","@graph":[{"@type":"WebPage","@id":"https:\/\/hoyre.no\/vestfold\/stortingsvalg\/bli-kjent-med-mathias-willassen-hanssen\/","url":"https:\/\/hoyre.no\/vestfold\/stortingsvalg\/bli-kjent-med-mathias-willassen-hanssen\/","name":"Mathias Willassen Hanssen - Vestfold H\u00f8yre","isPartOf":{"@id":"https:\/\/hoyre.no\/vestfold\/#website"},"image":{"@id":"https:\/\/hoyre.no\/vestfold\/stortingsvalg\/bli-kjent-med-mathias-willassen-hanssen\/#primaryimage"},"thumbnailUrl":"https:\/\/hoyre.no\/content\/uploads\/sites\/428\/2024\/11\/IMG_9842-1024x767.png","datePublished":"2024-08-17T08:52:19+00:00","dateModified":"2025-02-13T11:37:25+00:00","breadcrumb":{"@id":"https:\/\/hoyre.no\/vestfold\/stortingsvalg\/bli-kjent-med-mathias-willassen-hanssen\/#breadcrumb"},"inLanguage":"nb-NO","potentialAction":[{"@type":"ReadAction","target":["https:\/\/hoyre.no\/vestfold\/stortingsvalg\/bli-kjent-med-mathias-willassen-hanssen\/"]}]},{"@type":"ImageObject","inLanguage":"nb-NO","@id":"https:\/\/hoyre.no\/vestfold\/stortingsvalg\/bli-kjent-med-mathias-willassen-hanssen\/#primaryimage","url":"https:\/\/hoyre.no\/content\/uploads\/sites\/428\/2024\/11\/IMG_9842-1024x767.png","contentUrl":"https:\/\/hoyre.no\/content\/uploads\/sites\/428\/2024\/11\/IMG_9842-1024x767.png"},{"@type":"BreadcrumbList","@id":"https:\/\/hoyre.no\/vestfold\/stortingsvalg\/bli-kjent-med-mathias-willassen-hanssen\/#breadcrumb","itemListElement":[{"@type":"ListItem","position":1,"name":"Til hoyre.no","item":"https:\/\/hoyre.no"},{"@type":"ListItem","position":2,"name":"Hjem","item":"https:\/\/hoyre.no\/vestfold\/"},{"@type":"ListItem","position":3,"name":"Stortingsvalg","item":"https:\/\/hoyre.no\/vestfold\/stortingsvalg\/"},{"@type":"ListItem","position":4,"name":"Mathias Willassen Hanssen"}]},{"@type":"WebSite","@id":"https:\/\/hoyre.no\/vestfold\/#website","url":"https:\/\/hoyre.no\/vestfold\/","name":"Vestfold H\u00f8yre","description":"Bare enda et H\u00f8yres nettsteder-nettsted","publisher":{"@id":"https:\/\/hoyre.no\/vestfold\/#organization"},"inLanguage":"nb-NO"},{"@type":"Organization","@id":"https:\/\/hoyre.no\/vestfold\/#organization","name":"Vestfold H\u00f8yre","url":"https:\/\/hoyre.no\/vestfold\/","logo":{"@type":"ImageObject","inLanguage":"nb-NO","@id":"https:\/\/hoyre.no\/vestfold\/#\/schema\/logo\/image\/","url":"https:\/\/hoyre.no\/content\/uploads\/sites\/428\/2023\/02\/hoyre_logo.png","contentUrl":"https:\/\/hoyre.no\/content\/uploads\/sites\/428\/2023\/02\/hoyre_logo.png","width":1000,"height":1000,"caption":"Vestfold H\u00f8yre"},"image":{"@id":"https:\/\/hoyre.no\/vestfold\/#\/schema\/logo\/image\/"},"sameAs":["https:\/\/www.facebook.com\/vestfold.hoyre"]}]}},"distributor_meta":false,"distributor_terms":false,"distributor_media":false,"distributor_original_site_name":"Vestfold H\u00f8yre","distributor_original_site_url":"https:\/\/hoyre.no\/vestfold","push-errors":false,"_links":{"self":[{"href":"https:\/\/hoyre.no\/vestfold\/wp-json\/wp\/v2\/pages\/544","targetHints":{"allow":["GET"]}}],"collection":[{"href":"https:\/\/hoyre.no\/vestfold\/wp-json\/wp\/v2\/pages"}],"about":[{"href":"https:\/\/hoyre.no\/vestfold\/wp-json\/wp\/v2\/types\/page"}],"author":[{"embeddable":true,"href":"https:\/\/hoyre.no\/vestfold\/wp-json\/wp\/v2\/users\/21339"}],"replies":[{"embeddable":true,"href":"https:\/\/hoyre.no\/vestfold\/wp-json\/wp\/v2\/comments?post=544"}],"version-history":[{"count":14,"href":"https:\/\/hoyre.no\/vestfold\/wp-json\/wp\/v2\/pages\/544\/revisions"}],"predecessor-version":[{"id":1200,"href":"https:\/\/hoyre.no\/vestfold\/wp-json\/wp\/v2\/pages\/544\/revisions\/1200"}],"up":[{"embeddable":true,"href":"https:\/\/hoyre.no\/vestfold\/wp-json\/wp\/v2\/pages\/304"}],"wp:attachment":[{"href":"https:\/\/hoyre.no\/vestfold\/wp-json\/wp\/v2\/media?parent=544"}],"curies":[{"name":"wp","href":"https:\/\/api.w.org\/{rel}","templated":true}]}}