{"id":790,"date":"2023-04-15T09:08:34","date_gmt":"2023-04-15T07:08:34","guid":{"rendered":"https:\/\/hoyre.no\/vestland\/?page_id=790"},"modified":"2023-09-21T09:43:44","modified_gmt":"2023-09-21T07:43:44","slug":"8-grunner-til-a-stemme-vestland-hoyre","status":"publish","type":"page","link":"https:\/\/hoyre.no\/vestland\/8-grunner-til-a-stemme-vestland-hoyre\/","title":{"rendered":"V\u00e5re ambisjoner de neste fire \u00e5rene"},"content":{"rendered":"\n<div class=\"wp-block-hoyre-hero with-image-gradient text-color-light  has-media alignfull has-background\"><div class=\"hoyre-hero has-image\"><h1 class=\"title\">V\u00e5re ambisjoner de neste fire \u00e5rene<\/h1><figure class=\"hoyre-image-wrapper\"><div class=\"hoyre-image\"><img loading=\"lazy\" decoding=\"async\" width=\"2500\" height=\"1667\" src=\"https:\/\/hoyre.no\/content\/uploads\/sites\/15\/2023\/04\/GettyImages-1188455875-scaled.jpg\" class=\"attachment-scaled size-scaled\" alt=\"Luftfoto av oppdrettsanlegg i \u00d8ygarden\" style=\"object-position: 41% 4%\" srcset=\"https:\/\/hoyre.no\/content\/uploads\/sites\/15\/2023\/04\/GettyImages-1188455875-scaled.jpg 2500w, https:\/\/hoyre.no\/content\/uploads\/sites\/15\/2023\/04\/GettyImages-1188455875-300x200.jpg 300w, https:\/\/hoyre.no\/content\/uploads\/sites\/15\/2023\/04\/GettyImages-1188455875-1024x683.jpg 1024w, https:\/\/hoyre.no\/content\/uploads\/sites\/15\/2023\/04\/GettyImages-1188455875-768x512.jpg 768w, https:\/\/hoyre.no\/content\/uploads\/sites\/15\/2023\/04\/GettyImages-1188455875-1536x1024.jpg 1536w, https:\/\/hoyre.no\/content\/uploads\/sites\/15\/2023\/04\/GettyImages-1188455875-2048x1365.jpg 2048w\" sizes=\"auto, (max-width: 2500px) 100vw, 2500px\" \/><\/div><\/figure><\/div><\/div>\n\n\n\n\n<div class=\"wp-block-hoyre-banner alignwide undefined\"><div class=\"banner-inner\"><figure class=\"hoyre-image-wrapper\"><div class=\"hoyre-image\"><img loading=\"lazy\" decoding=\"async\" width=\"1080\" height=\"720\" src=\"https:\/\/hoyre.no\/content\/uploads\/sites\/15\/2020\/11\/img_0601-scaled-e1681462109213.jpg\" class=\"attachment-scaled size-scaled\" alt=\"\" style=\"object-position: 24% 70%\" srcset=\"https:\/\/hoyre.no\/content\/uploads\/sites\/15\/2020\/11\/img_0601-scaled-e1681462109213.jpg 1080w, https:\/\/hoyre.no\/content\/uploads\/sites\/15\/2020\/11\/img_0601-scaled-e1681462109213-300x200.jpg 300w, https:\/\/hoyre.no\/content\/uploads\/sites\/15\/2020\/11\/img_0601-scaled-e1681462109213-1024x683.jpg 1024w, https:\/\/hoyre.no\/content\/uploads\/sites\/15\/2020\/11\/img_0601-scaled-e1681462109213-768x512.jpg 768w\" sizes=\"auto, (max-width: 1080px) 100vw, 1080px\" \/><\/div><\/figure><div class=\"banner-content\"><div class=\"entry-content\">\n<h2 class=\"wp-block-heading\">Vestland p\u00e5 sitt beste<\/h2>\n\n\n\n<p>Vestland har store moglegheiter og ubrukt potensiale. Vi har teknologi og kompetanse i verdsklasse, vi har den vakraste naturen, Norges finaste byar og vi har menneska som st\u00e5r klare til \u00e5 l\u00f8yse utfordringane i verda. For \u00e5 lukkast m\u00e5 Vestland bli flinkare til \u00e5 seie ja, slik at enkeltmennenske og verksemder enkelt kan n\u00e5 sine m\u00e5l.<\/p>\n\n\n\n<div class=\"wp-block-buttons is-layout-flex wp-block-buttons-is-layout-flex\">\n<div class=\"wp-block-button\"><a class=\"wp-block-button__link wp-element-button\" href=\"https:\/\/hoyre.no\/vestland\/aktuelt\/vestland-hogres-fylkestingsprogram-2023-2027\/\">Les HEILE programmet v\u00e5rt her<\/a><\/div>\n<\/div>\n<\/div><\/div><\/div><\/div>\n\n\n\n<div class=\"wp-block-media-text alignwide is-stacked-on-mobile\" style=\"grid-template-columns:53% auto\"><figure class=\"wp-block-media-text__media\"><img loading=\"lazy\" decoding=\"async\" width=\"1024\" height=\"683\" src=\"https:\/\/hoyre.no\/content\/uploads\/sites\/15\/2023\/04\/GettyImages-1252667947-1024x683.jpg\" alt=\"\" class=\"wp-image-794 size-full\" srcset=\"https:\/\/hoyre.no\/content\/uploads\/sites\/15\/2023\/04\/GettyImages-1252667947-1024x683.jpg 1024w, https:\/\/hoyre.no\/content\/uploads\/sites\/15\/2023\/04\/GettyImages-1252667947-300x200.jpg 300w, https:\/\/hoyre.no\/content\/uploads\/sites\/15\/2023\/04\/GettyImages-1252667947-768x512.jpg 768w, https:\/\/hoyre.no\/content\/uploads\/sites\/15\/2023\/04\/GettyImages-1252667947-1536x1024.jpg 1536w, https:\/\/hoyre.no\/content\/uploads\/sites\/15\/2023\/04\/GettyImages-1252667947-2048x1365.jpg 2048w\" sizes=\"auto, (max-width: 1024px) 100vw, 1024px\" \/><\/figure><div class=\"wp-block-media-text__content\">\n<h2 class=\"wp-block-heading is-style-large\"><strong>1. Ein skule der <\/strong>alle kan lykkast<\/h2>\n\n\n\n<p class=\"is-style-default\">I Vestland skal alle elevar ha like moglegheiter til \u00e5 l\u00e6re og utvikle seg uavhengig av bustad eller sosial bakgrunn. V\u00e5rt m\u00e5l er difor at vestlandsskulen skal vere den beste skulen i Norge. Skulen sitt prim\u00e6roppdrag er \u00e5 bidra til l\u00e6ring, og dette m\u00e5 difor prioriterast h\u00f8gast. Vi vil for eksempel innf\u00f8re fritt skuleval, tilby 2-\u00e5rig vidareg\u00e5ande, ha meir leksehjelp og la elevane ta fag p\u00e5 h\u00f8gare niv\u00e5 om dei vil. Vi vil og styrke tilbodet &laquo;fagbrev p\u00e5 jobb&raquo;.<\/p>\n<\/div><\/div>\n\n\n\n<div class=\"wp-block-media-text alignwide has-media-on-the-right is-stacked-on-mobile\" style=\"grid-template-columns:auto 53%\"><div class=\"wp-block-media-text__content\">\n<h2 class=\"wp-block-heading is-style-large\">2. Samferdsle bind Vestland saman<\/h2>\n\n\n\n<p class=\"is-style-default\">God infrastruktur knyter regionen saman, gjer det mogleg \u00e5 skape gode bu- og arbeidsmarknader og sikrar trygg ferdsle n\u00e5r vi reiser fr\u00e5 A til B. Gode vegar er derfor viktig distriktspolitikk, fordi det gjer det mogleg \u00e5 bu utanfor byane. Vi ser likevel at Vestlandet stadig blir nedprioritert, der store og viktige veiprosjekt som K5 og Hordfast risikerer \u00e5 bli nedskalert eller avlyst. Vestland H\u00f8gre vil vera den st\u00f8rste p\u00e5drivaren for \u00e5 sikre finansiering til desse prosjekta, og \u00e5 sikre meir statlege midlar til rassikring og vegvedlikehald.<\/p>\n<\/div><figure class=\"wp-block-media-text__media\"><img loading=\"lazy\" decoding=\"async\" width=\"1024\" height=\"575\" src=\"https:\/\/hoyre.no\/content\/uploads\/sites\/15\/2023\/04\/GettyImages-839553338-1024x575.jpg\" alt=\"\" class=\"wp-image-792 size-full\" srcset=\"https:\/\/hoyre.no\/content\/uploads\/sites\/15\/2023\/04\/GettyImages-839553338-1024x575.jpg 1024w, https:\/\/hoyre.no\/content\/uploads\/sites\/15\/2023\/04\/GettyImages-839553338-300x169.jpg 300w, https:\/\/hoyre.no\/content\/uploads\/sites\/15\/2023\/04\/GettyImages-839553338-768x431.jpg 768w, https:\/\/hoyre.no\/content\/uploads\/sites\/15\/2023\/04\/GettyImages-839553338-1536x863.jpg 1536w, https:\/\/hoyre.no\/content\/uploads\/sites\/15\/2023\/04\/GettyImages-839553338-2048x1150.jpg 2048w\" sizes=\"auto, (max-width: 1024px) 100vw, 1024px\" \/><\/figure><\/div>\n\n\n\n<div class=\"wp-block-media-text alignwide is-stacked-on-mobile\" style=\"grid-template-columns:53% auto\"><figure class=\"wp-block-media-text__media\"><img loading=\"lazy\" decoding=\"async\" width=\"1024\" height=\"683\" src=\"https:\/\/hoyre.no\/content\/uploads\/sites\/15\/2023\/04\/GettyImages-484739594-1024x683.jpg\" alt=\"\" class=\"wp-image-798 size-full\" srcset=\"https:\/\/hoyre.no\/content\/uploads\/sites\/15\/2023\/04\/GettyImages-484739594-1024x683.jpg 1024w, https:\/\/hoyre.no\/content\/uploads\/sites\/15\/2023\/04\/GettyImages-484739594-300x200.jpg 300w, https:\/\/hoyre.no\/content\/uploads\/sites\/15\/2023\/04\/GettyImages-484739594-768x512.jpg 768w, https:\/\/hoyre.no\/content\/uploads\/sites\/15\/2023\/04\/GettyImages-484739594-1536x1024.jpg 1536w, https:\/\/hoyre.no\/content\/uploads\/sites\/15\/2023\/04\/GettyImages-484739594-2048x1365.jpg 2048w\" sizes=\"auto, (max-width: 1024px) 100vw, 1024px\" \/><\/figure><div class=\"wp-block-media-text__content\">\n<h2 class=\"wp-block-heading is-style-large\">3. H\u00f8gre vil kutte utsleppa, ikkje utviklinga<\/h2>\n\n\n\n<p class=\"is-style-default\">Verda m\u00e5 redusere klimagassutsleppa sine. Det betyr at alle m\u00e5 ta ansvar, ogs\u00e5 Vestland fylkeskommune. I tida framover m\u00e5 vi difor prioritere l\u00f8ysingar der vi reduserer utslepp og tar berekraftige val for milj\u00f8et. Samtidig er det viktig for H\u00f8gre \u00e5 kunne ha to tankar i hovudet samtidig. Vi skal kutte utslepp, ikkje stoppe utviklinga. Det m\u00e5 bli enklare \u00e5 velja gr\u00f8nt b\u00e5de for enkeltpersonar, men og for n\u00e6ringslivet.<\/p>\n<\/div><\/div>\n\n\n\n<div class=\"wp-block-media-text alignwide has-media-on-the-right is-stacked-on-mobile\" style=\"grid-template-columns:auto 53%\"><div class=\"wp-block-media-text__content\">\n<h2 class=\"wp-block-heading is-style-large\">4. Vi vil satse p\u00e5 bedriftene v\u00e5re<\/h2>\n\n\n\n<p class=\"is-style-default\">H\u00f8gre vil spele p\u00e5 lag med n\u00e6ringslivet ved \u00e5 legge til rette for vekst og utvikling. Vi m\u00e5 sikre at bedriftene f\u00e5r den arbeidskrafta dei treng ved \u00e5 sikre ein god vidareg\u00e5ande skule med h\u00f8g fullf\u00f8ringsgrad og \u00e5 styrke yrkesfag og fagskulen. Vi vil seie nei til skatteauker, reguleringar og annan politikk som gjer det vanskeligare for bedrifter \u00e5 etablere seg og drive i Vestland.<\/p>\n<\/div><figure class=\"wp-block-media-text__media\"><img loading=\"lazy\" decoding=\"async\" width=\"1024\" height=\"683\" src=\"https:\/\/hoyre.no\/content\/uploads\/sites\/15\/2023\/04\/GettyImages-166229590-1024x683.jpg\" alt=\"\" class=\"wp-image-801 size-full\" srcset=\"https:\/\/hoyre.no\/content\/uploads\/sites\/15\/2023\/04\/GettyImages-166229590-1024x683.jpg 1024w, https:\/\/hoyre.no\/content\/uploads\/sites\/15\/2023\/04\/GettyImages-166229590-300x200.jpg 300w, https:\/\/hoyre.no\/content\/uploads\/sites\/15\/2023\/04\/GettyImages-166229590-768x512.jpg 768w, https:\/\/hoyre.no\/content\/uploads\/sites\/15\/2023\/04\/GettyImages-166229590-1536x1024.jpg 1536w, https:\/\/hoyre.no\/content\/uploads\/sites\/15\/2023\/04\/GettyImages-166229590-2048x1365.jpg 2048w\" sizes=\"auto, (max-width: 1024px) 100vw, 1024px\" \/><\/figure><\/div>\n\n\n\n<div class=\"wp-block-media-text alignwide is-stacked-on-mobile\" style=\"grid-template-columns:53% auto\"><figure class=\"wp-block-media-text__media\"><img loading=\"lazy\" decoding=\"async\" width=\"1024\" height=\"692\" src=\"https:\/\/hoyre.no\/content\/uploads\/sites\/15\/2023\/04\/GettyImages-671689328-1024x692.jpg\" alt=\"\" class=\"wp-image-800 size-full\" srcset=\"https:\/\/hoyre.no\/content\/uploads\/sites\/15\/2023\/04\/GettyImages-671689328-1024x692.jpg 1024w, https:\/\/hoyre.no\/content\/uploads\/sites\/15\/2023\/04\/GettyImages-671689328-300x203.jpg 300w, https:\/\/hoyre.no\/content\/uploads\/sites\/15\/2023\/04\/GettyImages-671689328-768x519.jpg 768w, https:\/\/hoyre.no\/content\/uploads\/sites\/15\/2023\/04\/GettyImages-671689328-1536x1038.jpg 1536w, https:\/\/hoyre.no\/content\/uploads\/sites\/15\/2023\/04\/GettyImages-671689328-2048x1384.jpg 2048w\" sizes=\"auto, (max-width: 1024px) 100vw, 1024px\" \/><\/figure><div class=\"wp-block-media-text__content\">\n<h2 class=\"wp-block-heading is-style-large\">5. Vi skal bygge meir kraft<\/h2>\n\n\n\n<p>H\u00f8gre vil arbeide for at Vestland skal ha rikeleg og rimeleg fornybar energi. H\u00f8gre meiner at Vestland kan, og m\u00e5 ta ei st\u00f8rre rolle i \u00e5 framskaffa meir milj\u00f8vennleg kraft og ta denne i bruk til elektrifisering, omstilling og gr\u00f8nt skifte.<\/p>\n\n\n\n<p>H\u00f8gre vil og ha ei berekraftig olje- og gassn\u00e6ring, som sikrar verdiskaping og eit solid \u00f8konomisk og teknologisk grunnlag for omstilling.<\/p>\n<\/div><\/div>\n\n\n\n<div class=\"wp-block-media-text alignwide has-media-on-the-right is-stacked-on-mobile\" style=\"grid-template-columns:auto 53%\"><div class=\"wp-block-media-text__content\">\n<h2 class=\"wp-block-heading is-style-large\">6. Vi vil sikre gode kulturtilbod i heile fylket<\/h2>\n\n\n\n<p>For \u00e5 sikre utvikling i kulturtilboda i Vestland treng vi eit godt samarbeid mellom dei profesjonelle, frie og frivillige organisasjonar. <\/p>\n\n\n\n<p>Kulturinstitusjonar i Vestland og Bergen er i dag skeivfordelt n\u00e5r det kjem til tildeling av statlege midlar. Vestland H\u00f8gre vil arbeide for ein styrka statleg finansiering av kulturinstitusjonar i fylket og rette opp dagens skeivfordeling.<\/p>\n<\/div><figure class=\"wp-block-media-text__media\"><img loading=\"lazy\" decoding=\"async\" width=\"1024\" height=\"683\" src=\"https:\/\/hoyre.no\/content\/uploads\/sites\/15\/2023\/04\/GettyImages-1339038949-1024x683.jpg\" alt=\"\" class=\"wp-image-802 size-full\" srcset=\"https:\/\/hoyre.no\/content\/uploads\/sites\/15\/2023\/04\/GettyImages-1339038949-1024x683.jpg 1024w, https:\/\/hoyre.no\/content\/uploads\/sites\/15\/2023\/04\/GettyImages-1339038949-300x200.jpg 300w, https:\/\/hoyre.no\/content\/uploads\/sites\/15\/2023\/04\/GettyImages-1339038949-768x512.jpg 768w, https:\/\/hoyre.no\/content\/uploads\/sites\/15\/2023\/04\/GettyImages-1339038949-1536x1024.jpg 1536w, https:\/\/hoyre.no\/content\/uploads\/sites\/15\/2023\/04\/GettyImages-1339038949-2048x1365.jpg 2048w\" sizes=\"auto, (max-width: 1024px) 100vw, 1024px\" \/><\/figure><\/div>\n\n\n\n<div class=\"wp-block-media-text alignwide is-stacked-on-mobile\" style=\"grid-template-columns:53% auto\"><figure class=\"wp-block-media-text__media\"><img loading=\"lazy\" decoding=\"async\" width=\"1024\" height=\"640\" src=\"https:\/\/hoyre.no\/content\/uploads\/sites\/15\/2020\/11\/visitflam_vision_sve-1024x640.jpg\" alt=\"\" class=\"wp-image-65 size-full\" srcset=\"https:\/\/hoyre.no\/content\/uploads\/sites\/15\/2020\/11\/visitflam_vision_sve-1024x640.jpg 1024w, https:\/\/hoyre.no\/content\/uploads\/sites\/15\/2020\/11\/visitflam_vision_sve-300x187.jpg 300w, https:\/\/hoyre.no\/content\/uploads\/sites\/15\/2020\/11\/visitflam_vision_sve-768x480.jpg 768w, https:\/\/hoyre.no\/content\/uploads\/sites\/15\/2020\/11\/visitflam_vision_sve-1536x960.jpg 1536w, https:\/\/hoyre.no\/content\/uploads\/sites\/15\/2020\/11\/visitflam_vision_sve-2048x1279.jpg 2048w\" sizes=\"auto, (max-width: 1024px) 100vw, 1024px\" \/><\/figure><div class=\"wp-block-media-text__content\">\n<h2 class=\"wp-block-heading is-style-large\">7. H\u00f8gre har l\u00f8ysingar for betre kollektivtilbod<\/h2>\n\n\n\n<p class=\"is-style-default\">For \u00e5 lukkast med det gr\u00f8ne skiftet m\u00e5 vi f\u00e5 fleire over p\u00e5 kollektivl\u00f8ysingar. Vi \u00f8nskjer at det s\u00e5 langt det er mogleg skal stillast krav til nuttutslepp i framtidige kollektivanbod. &nbsp;I tillegg m\u00e5 vi sikre meir fleksible l\u00f8ysingar enn det vi har i dag. Vi m\u00e5 sj\u00e5 p\u00e5 heile prissystemet p\u00e5 nytt og gjere tiltak som gjer det meir attraktivt \u00e5 velge buss, b\u00e5t eller bane. Skal vi f\u00e5 til det treng vi \u00f2g fleire buss- og banesj\u00e5f\u00f8rar.<\/p>\n<\/div><\/div>\n\n\n\n<div class=\"wp-block-media-text alignwide has-media-on-the-right is-stacked-on-mobile\" style=\"grid-template-columns:auto 53%\"><div class=\"wp-block-media-text__content\">\n<h2 class=\"wp-block-heading is-style-large\">8. Vestland som vekstregionen i Norge<\/h2>\n\n\n\n<p>Vestland har eit sterkt n\u00e6ringsliv, med stort potensiale for vekst. H\u00f8gre vil at Vestland sitt n\u00e6ringsarbeid skal ha eit Ja-engasjement. Ja, til nye prosjekt og idear, jobbskaping, gr\u00fcnderverksemd, nyskaping og sterke lokalsamfunn i heile Vestland.<\/p>\n\n\n\n<p>H\u00f8gre vil jobbe for at Vestland vert det fremste vekst- og verdiskapingsfylket i landet. Vi vil gjennom auka samarbeid og innovasjon bygge Vestland til ein bu- og arbeidsregion som beheld og tiltrekk seg kompetanse.<\/p>\n<\/div><figure class=\"wp-block-media-text__media\"><img loading=\"lazy\" decoding=\"async\" width=\"1024\" height=\"683\" src=\"https:\/\/hoyre.no\/content\/uploads\/sites\/15\/2023\/04\/GettyImages-520678912-1024x683.jpeg\" alt=\"\" class=\"wp-image-804 size-full\" srcset=\"https:\/\/hoyre.no\/content\/uploads\/sites\/15\/2023\/04\/GettyImages-520678912-1024x683.jpeg 1024w, https:\/\/hoyre.no\/content\/uploads\/sites\/15\/2023\/04\/GettyImages-520678912-300x200.jpeg 300w, https:\/\/hoyre.no\/content\/uploads\/sites\/15\/2023\/04\/GettyImages-520678912-768x512.jpeg 768w, https:\/\/hoyre.no\/content\/uploads\/sites\/15\/2023\/04\/GettyImages-520678912-1536x1024.jpeg 1536w, https:\/\/hoyre.no\/content\/uploads\/sites\/15\/2023\/04\/GettyImages-520678912-2048x1365.jpeg 2048w\" sizes=\"auto, (max-width: 1024px) 100vw, 1024px\" \/><\/figure><\/div>\n\n\n\n<div class=\"wp-block-hoyre-banner undefined  is-style-light\"><div class=\"banner-inner\"><figure class=\"hoyre-image-wrapper\"><div class=\"hoyre-image\"><img loading=\"lazy\" decoding=\"async\" width=\"2500\" height=\"1667\" src=\"https:\/\/hoyre.no\/content\/uploads\/sites\/15\/2023\/01\/D6A3572-2-scaled.jpg\" class=\"attachment-scaled size-scaled\" alt=\"\" style=\"object-position: 50% 50%\" srcset=\"https:\/\/hoyre.no\/content\/uploads\/sites\/15\/2023\/01\/D6A3572-2-scaled.jpg 2500w, https:\/\/hoyre.no\/content\/uploads\/sites\/15\/2023\/01\/D6A3572-2-300x200.jpg 300w, https:\/\/hoyre.no\/content\/uploads\/sites\/15\/2023\/01\/D6A3572-2-1024x683.jpg 1024w, https:\/\/hoyre.no\/content\/uploads\/sites\/15\/2023\/01\/D6A3572-2-768x512.jpg 768w, https:\/\/hoyre.no\/content\/uploads\/sites\/15\/2023\/01\/D6A3572-2-1536x1024.jpg 1536w, https:\/\/hoyre.no\/content\/uploads\/sites\/15\/2023\/01\/D6A3572-2-2048x1365.jpg 2048w\" sizes=\"auto, (max-width: 2500px) 100vw, 2500px\" \/><\/div><\/figure><div class=\"banner-content\"><div class=\"entry-content\">\n<h2 class=\"wp-block-heading\">Bli kjent med Silja<\/h2>\n\n\n\n<p>Bli bedre kjent med v\u00e5r gruppeleder, <br>Silja Ekeland Bj\u00f8rkly her \ud83d\udc47<\/p>\n\n\n\n<div class=\"wp-block-buttons is-content-justification-center is-layout-flex wp-container-core-buttons-is-layout-16018d1d wp-block-buttons-is-layout-flex\">\n<div class=\"wp-block-button\"><a class=\"wp-block-button__link wp-element-button\" href=\"https:\/\/hoyre.no\/vestland\/silja-ekeland-bjorkly-var-fylkesordforerkandidat\/\">Bli kjent med Silja her<\/a><\/div>\n<\/div>\n<\/div><\/div><\/div><\/div>\n\n\n\n<p><\/p>\n\n","protected":false},"excerpt":{"rendered":"","protected":false},"author":464,"featured_media":0,"parent":0,"menu_order":0,"comment_status":"closed","ping_status":"closed","template":"","meta":{"teft_cards_image_url":"","teft_cards_custom_pretitle":"","teft_cards_image_id":1016,"teft_cards_image_focal_point_x":0.5,"teft_cards_image_focal_point_y":0.5,"teft_cards_title":"","teft_cards_excerpt":"","teft_show_chapters":false,"footnotes":""},"class_list":["post-790","page","type-page","status-publish","hentry"],"yoast_head":"<!-- This site is optimized with the Yoast SEO plugin v26.6 - https:\/\/yoast.com\/wordpress\/plugins\/seo\/ -->\n<title>V\u00e5re ambisjoner de neste fire \u00e5rene - Vestland H\u00f8gre<\/title>\n<meta name=\"robots\" content=\"index, follow, max-snippet:-1, max-image-preview:large, max-video-preview:-1\" \/>\n<link rel=\"canonical\" href=\"https:\/\/hoyre.no\/vestland\/8-grunner-til-a-stemme-vestland-hoyre\/\" \/>\n<meta property=\"og:locale\" content=\"nb_NO\" \/>\n<meta property=\"og:type\" content=\"article\" \/>\n<meta property=\"og:title\" content=\"V\u00e5re ambisjoner de neste fire \u00e5rene - Vestland H\u00f8gre\" \/>\n<meta property=\"og:url\" content=\"https:\/\/hoyre.no\/vestland\/8-grunner-til-a-stemme-vestland-hoyre\/\" \/>\n<meta property=\"og:site_name\" content=\"Vestland H\u00f8gre\" \/>\n<meta property=\"article:modified_time\" content=\"2023-09-21T07:43:44+00:00\" \/>\n<meta property=\"og:image\" content=\"https:\/\/hoyre.no\/content\/uploads\/sites\/15\/2023\/06\/Silja-i-Loen-1024x683.jpg\" \/>\n<meta name=\"twitter:card\" content=\"summary_large_image\" \/>\n<meta name=\"twitter:label1\" content=\"Ansl. lesetid\" \/>\n\t<meta name=\"twitter:data1\" content=\"6 minutter\" \/>\n<script type=\"application\/ld+json\" class=\"yoast-schema-graph\">{\"@context\":\"https:\/\/schema.org\",\"@graph\":[{\"@type\":\"WebPage\",\"@id\":\"https:\/\/hoyre.no\/vestland\/8-grunner-til-a-stemme-vestland-hoyre\/\",\"url\":\"https:\/\/hoyre.no\/vestland\/8-grunner-til-a-stemme-vestland-hoyre\/\",\"name\":\"V\u00e5re ambisjoner de neste fire \u00e5rene - Vestland H\u00f8gre\",\"isPartOf\":{\"@id\":\"https:\/\/hoyre.no\/vestland\/#website\"},\"image\":{\"@id\":\"https:\/\/hoyre.no\/vestland\/8-grunner-til-a-stemme-vestland-hoyre\/#primaryimage\"},\"thumbnailUrl\":\"https:\/\/hoyre.no\/content\/uploads\/sites\/15\/2023\/04\/GettyImages-1252667947-1024x683.jpg\",\"datePublished\":\"2023-04-15T07:08:34+00:00\",\"dateModified\":\"2023-09-21T07:43:44+00:00\",\"breadcrumb\":{\"@id\":\"https:\/\/hoyre.no\/vestland\/8-grunner-til-a-stemme-vestland-hoyre\/#breadcrumb\"},\"inLanguage\":\"nb-NO\",\"potentialAction\":[{\"@type\":\"ReadAction\",\"target\":[\"https:\/\/hoyre.no\/vestland\/8-grunner-til-a-stemme-vestland-hoyre\/\"]}]},{\"@type\":\"ImageObject\",\"inLanguage\":\"nb-NO\",\"@id\":\"https:\/\/hoyre.no\/vestland\/8-grunner-til-a-stemme-vestland-hoyre\/#primaryimage\",\"url\":\"https:\/\/hoyre.no\/content\/uploads\/sites\/15\/2023\/04\/GettyImages-1252667947-1024x683.jpg\",\"contentUrl\":\"https:\/\/hoyre.no\/content\/uploads\/sites\/15\/2023\/04\/GettyImages-1252667947-1024x683.jpg\"},{\"@type\":\"BreadcrumbList\",\"@id\":\"https:\/\/hoyre.no\/vestland\/8-grunner-til-a-stemme-vestland-hoyre\/#breadcrumb\",\"itemListElement\":[{\"@type\":\"ListItem\",\"position\":1,\"name\":\"Til hoyre.no\",\"item\":\"https:\/\/hoyre.no\"},{\"@type\":\"ListItem\",\"position\":2,\"name\":\"Hjem\",\"item\":\"https:\/\/hoyre.no\/vestland\/\"},{\"@type\":\"ListItem\",\"position\":3,\"name\":\"V\u00e5re ambisjoner de neste fire \u00e5rene\"}]},{\"@type\":\"WebSite\",\"@id\":\"https:\/\/hoyre.no\/vestland\/#website\",\"url\":\"https:\/\/hoyre.no\/vestland\/\",\"name\":\"Vestland H\u00f8gre\",\"description\":\"Bare enda et H\u00f8yres nettsteder-nettsted\",\"inLanguage\":\"nb-NO\"}]}<\/script>\n<!-- \/ Yoast SEO plugin. -->","yoast_head_json":{"title":"V\u00e5re ambisjoner de neste fire \u00e5rene - Vestland H\u00f8gre","robots":{"index":"index","follow":"follow","max-snippet":"max-snippet:-1","max-image-preview":"max-image-preview:large","max-video-preview":"max-video-preview:-1"},"canonical":"https:\/\/hoyre.no\/vestland\/8-grunner-til-a-stemme-vestland-hoyre\/","og_locale":"nb_NO","og_type":"article","og_title":"V\u00e5re ambisjoner de neste fire \u00e5rene - Vestland H\u00f8gre","og_url":"https:\/\/hoyre.no\/vestland\/8-grunner-til-a-stemme-vestland-hoyre\/","og_site_name":"Vestland H\u00f8gre","article_modified_time":"2023-09-21T07:43:44+00:00","og_image":[{"url":"https:\/\/hoyre.no\/content\/uploads\/sites\/15\/2023\/06\/Silja-i-Loen-1024x683.jpg","width":"","height":"","type":""}],"twitter_card":"summary_large_image","twitter_misc":{"Ansl. lesetid":"6 minutter"},"schema":{"@context":"https:\/\/schema.org","@graph":[{"@type":"WebPage","@id":"https:\/\/hoyre.no\/vestland\/8-grunner-til-a-stemme-vestland-hoyre\/","url":"https:\/\/hoyre.no\/vestland\/8-grunner-til-a-stemme-vestland-hoyre\/","name":"V\u00e5re ambisjoner de neste fire \u00e5rene - Vestland H\u00f8gre","isPartOf":{"@id":"https:\/\/hoyre.no\/vestland\/#website"},"image":{"@id":"https:\/\/hoyre.no\/vestland\/8-grunner-til-a-stemme-vestland-hoyre\/#primaryimage"},"thumbnailUrl":"https:\/\/hoyre.no\/content\/uploads\/sites\/15\/2023\/04\/GettyImages-1252667947-1024x683.jpg","datePublished":"2023-04-15T07:08:34+00:00","dateModified":"2023-09-21T07:43:44+00:00","breadcrumb":{"@id":"https:\/\/hoyre.no\/vestland\/8-grunner-til-a-stemme-vestland-hoyre\/#breadcrumb"},"inLanguage":"nb-NO","potentialAction":[{"@type":"ReadAction","target":["https:\/\/hoyre.no\/vestland\/8-grunner-til-a-stemme-vestland-hoyre\/"]}]},{"@type":"ImageObject","inLanguage":"nb-NO","@id":"https:\/\/hoyre.no\/vestland\/8-grunner-til-a-stemme-vestland-hoyre\/#primaryimage","url":"https:\/\/hoyre.no\/content\/uploads\/sites\/15\/2023\/04\/GettyImages-1252667947-1024x683.jpg","contentUrl":"https:\/\/hoyre.no\/content\/uploads\/sites\/15\/2023\/04\/GettyImages-1252667947-1024x683.jpg"},{"@type":"BreadcrumbList","@id":"https:\/\/hoyre.no\/vestland\/8-grunner-til-a-stemme-vestland-hoyre\/#breadcrumb","itemListElement":[{"@type":"ListItem","position":1,"name":"Til hoyre.no","item":"https:\/\/hoyre.no"},{"@type":"ListItem","position":2,"name":"Hjem","item":"https:\/\/hoyre.no\/vestland\/"},{"@type":"ListItem","position":3,"name":"V\u00e5re ambisjoner de neste fire \u00e5rene"}]},{"@type":"WebSite","@id":"https:\/\/hoyre.no\/vestland\/#website","url":"https:\/\/hoyre.no\/vestland\/","name":"Vestland H\u00f8gre","description":"Bare enda et H\u00f8yres nettsteder-nettsted","inLanguage":"nb-NO"}]}},"distributor_meta":false,"distributor_terms":false,"distributor_media":false,"distributor_original_site_name":"Vestland H\u00f8gre","distributor_original_site_url":"https:\/\/hoyre.no\/vestland","push-errors":false,"_links":{"self":[{"href":"https:\/\/hoyre.no\/vestland\/wp-json\/wp\/v2\/pages\/790","targetHints":{"allow":["GET"]}}],"collection":[{"href":"https:\/\/hoyre.no\/vestland\/wp-json\/wp\/v2\/pages"}],"about":[{"href":"https:\/\/hoyre.no\/vestland\/wp-json\/wp\/v2\/types\/page"}],"author":[{"embeddable":true,"href":"https:\/\/hoyre.no\/vestland\/wp-json\/wp\/v2\/users\/464"}],"replies":[{"embeddable":true,"href":"https:\/\/hoyre.no\/vestland\/wp-json\/wp\/v2\/comments?post=790"}],"version-history":[{"count":17,"href":"https:\/\/hoyre.no\/vestland\/wp-json\/wp\/v2\/pages\/790\/revisions"}],"predecessor-version":[{"id":1087,"href":"https:\/\/hoyre.no\/vestland\/wp-json\/wp\/v2\/pages\/790\/revisions\/1087"}],"wp:attachment":[{"href":"https:\/\/hoyre.no\/vestland\/wp-json\/wp\/v2\/media?parent=790"}],"curies":[{"name":"wp","href":"https:\/\/api.w.org\/{rel}","templated":true}]}}