{"id":29,"date":"2023-05-02T12:44:29","date_gmt":"2023-05-02T10:44:29","guid":{"rendered":"https:\/\/hoyre.no\/vestre-slidre\/?page_id=29"},"modified":"2023-05-02T12:44:29","modified_gmt":"2023-05-02T10:44:29","slug":"politikk","status":"publish","type":"page","link":"https:\/\/hoyre.no\/vestre-slidre\/politikk\/","title":{"rendered":"Politikk"},"content":{"rendered":"\n\t\t\t<div class=\"wp-block-hoyre-hero with-image-gradient text-color-light  alignfull has-background\"><div class=\"hoyre-hero \"><h1 class=\"title\">Politikk<\/h1><p class=\"preamble\">N\u00e5r frivillegheita, n\u00e6ringslivet og offentleg sektor spelar p\u00e5 lag, skapar det gode lokalsamfunn. H\u00f8gre trur p\u00e5 enkeltmenneske si evne og lyst til \u00e5 st\u00e5 p\u00e5 eigne bein.<br><br>V\u00e5r oppg\u00e5ve er \u00e5 s\u00f8rge for at menneske kan leve gode liv, uansett utgangspunkt. Vi skapar ikkje politikk for kommunen, men for alle som bur der. H\u00f8gre trur p\u00e5 eit samfunn som gir moglegheiter for alle.<\/p><\/div><\/div>\n\t\t\t\n\t\t\t\n\t\t\t\n\t\t\t<div class=\"wp-block-teft-file icon-link-block\"><a href=\"test.no\" download><span class=\"file-title\">Her kan du lese v\u00e5rt valprogram for 2023-2027<\/span><\/a><\/div>\n\t\t\t\n\t\t\t","protected":false},"excerpt":{"rendered":"","protected":false},"author":0,"featured_media":0,"parent":0,"menu_order":0,"comment_status":"closed","ping_status":"closed","template":"","meta":{"teft_cards_image_url":"","teft_cards_custom_pretitle":"","teft_cards_image_id":0,"teft_cards_image_focal_point_x":0,"teft_cards_image_focal_point_y":0,"teft_cards_title":"","teft_cards_excerpt":"","teft_show_chapters":false,"footnotes":""},"class_list":["post-29","page","type-page","status-publish","hentry"],"yoast_head":"<!-- This site is optimized with the Yoast SEO plugin v26.6 - https:\/\/yoast.com\/wordpress\/plugins\/seo\/ -->\n<title>Politikk - Vestre Slidre H\u00f8gre<\/title>\n<meta name=\"robots\" content=\"index, follow, max-snippet:-1, max-image-preview:large, max-video-preview:-1\" \/>\n<link rel=\"canonical\" href=\"https:\/\/hoyre.no\/vestre-slidre\/politikk\/\" \/>\n<meta property=\"og:locale\" content=\"nn_NO\" \/>\n<meta property=\"og:type\" content=\"article\" \/>\n<meta property=\"og:title\" content=\"Politikk - Vestre Slidre H\u00f8gre\" \/>\n<meta property=\"og:url\" content=\"https:\/\/hoyre.no\/vestre-slidre\/politikk\/\" \/>\n<meta property=\"og:site_name\" content=\"Vestre Slidre H\u00f8gre\" \/>\n<meta property=\"og:image\" content=\"https:\/\/hoyre.no\/content\/uploads\/sites\/50\/2022\/11\/Hoyres-logo.png\" \/>\n\t<meta property=\"og:image:width\" content=\"1000\" \/>\n\t<meta property=\"og:image:height\" content=\"1000\" \/>\n\t<meta property=\"og:image:type\" content=\"image\/png\" \/>\n<meta name=\"twitter:card\" content=\"summary_large_image\" \/>\n<script type=\"application\/ld+json\" class=\"yoast-schema-graph\">{\"@context\":\"https:\/\/schema.org\",\"@graph\":[{\"@type\":\"WebPage\",\"@id\":\"https:\/\/hoyre.no\/vestre-slidre\/politikk\/\",\"url\":\"https:\/\/hoyre.no\/vestre-slidre\/politikk\/\",\"name\":\"Politikk - Vestre Slidre H\u00f8gre\",\"isPartOf\":{\"@id\":\"https:\/\/hoyre.no\/vestre-slidre\/#website\"},\"datePublished\":\"2023-05-02T10:44:29+00:00\",\"breadcrumb\":{\"@id\":\"https:\/\/hoyre.no\/vestre-slidre\/politikk\/#breadcrumb\"},\"inLanguage\":\"nn-NO\",\"potentialAction\":[{\"@type\":\"ReadAction\",\"target\":[\"https:\/\/hoyre.no\/vestre-slidre\/politikk\/\"]}]},{\"@type\":\"BreadcrumbList\",\"@id\":\"https:\/\/hoyre.no\/vestre-slidre\/politikk\/#breadcrumb\",\"itemListElement\":[{\"@type\":\"ListItem\",\"position\":1,\"name\":\"Til hoyre.no\",\"item\":\"https:\/\/hoyre.no\"},{\"@type\":\"ListItem\",\"position\":2,\"name\":\"Hjem\",\"item\":\"https:\/\/hoyre.no\/vestre-slidre\/\"},{\"@type\":\"ListItem\",\"position\":3,\"name\":\"Politikk\"}]},{\"@type\":\"WebSite\",\"@id\":\"https:\/\/hoyre.no\/vestre-slidre\/#website\",\"url\":\"https:\/\/hoyre.no\/vestre-slidre\/\",\"name\":\"Vestre Slidre H\u00f8gre\",\"description\":\"Bare enda et H\u00f8yres nettsteder-nettsted\",\"inLanguage\":\"nn-NO\"}]}<\/script>\n<!-- \/ Yoast SEO plugin. -->","yoast_head_json":{"title":"Politikk - Vestre Slidre H\u00f8gre","robots":{"index":"index","follow":"follow","max-snippet":"max-snippet:-1","max-image-preview":"max-image-preview:large","max-video-preview":"max-video-preview:-1"},"canonical":"https:\/\/hoyre.no\/vestre-slidre\/politikk\/","og_locale":"nn_NO","og_type":"article","og_title":"Politikk - Vestre Slidre H\u00f8gre","og_url":"https:\/\/hoyre.no\/vestre-slidre\/politikk\/","og_site_name":"Vestre Slidre H\u00f8gre","og_image":[{"width":1000,"height":1000,"url":"https:\/\/hoyre.no\/content\/uploads\/sites\/50\/2022\/11\/Hoyres-logo.png","type":"image\/png"}],"twitter_card":"summary_large_image","schema":{"@context":"https:\/\/schema.org","@graph":[{"@type":"WebPage","@id":"https:\/\/hoyre.no\/vestre-slidre\/politikk\/","url":"https:\/\/hoyre.no\/vestre-slidre\/politikk\/","name":"Politikk - Vestre Slidre H\u00f8gre","isPartOf":{"@id":"https:\/\/hoyre.no\/vestre-slidre\/#website"},"datePublished":"2023-05-02T10:44:29+00:00","breadcrumb":{"@id":"https:\/\/hoyre.no\/vestre-slidre\/politikk\/#breadcrumb"},"inLanguage":"nn-NO","potentialAction":[{"@type":"ReadAction","target":["https:\/\/hoyre.no\/vestre-slidre\/politikk\/"]}]},{"@type":"BreadcrumbList","@id":"https:\/\/hoyre.no\/vestre-slidre\/politikk\/#breadcrumb","itemListElement":[{"@type":"ListItem","position":1,"name":"Til hoyre.no","item":"https:\/\/hoyre.no"},{"@type":"ListItem","position":2,"name":"Hjem","item":"https:\/\/hoyre.no\/vestre-slidre\/"},{"@type":"ListItem","position":3,"name":"Politikk"}]},{"@type":"WebSite","@id":"https:\/\/hoyre.no\/vestre-slidre\/#website","url":"https:\/\/hoyre.no\/vestre-slidre\/","name":"Vestre Slidre H\u00f8gre","description":"Bare enda et H\u00f8yres nettsteder-nettsted","inLanguage":"nn-NO"}]}},"distributor_meta":false,"distributor_terms":false,"distributor_media":false,"distributor_original_site_name":"Vestre Slidre H\u00f8gre","distributor_original_site_url":"https:\/\/hoyre.no\/vestre-slidre","push-errors":false,"_links":{"self":[{"href":"https:\/\/hoyre.no\/vestre-slidre\/wp-json\/wp\/v2\/pages\/29","targetHints":{"allow":["GET"]}}],"collection":[{"href":"https:\/\/hoyre.no\/vestre-slidre\/wp-json\/wp\/v2\/pages"}],"about":[{"href":"https:\/\/hoyre.no\/vestre-slidre\/wp-json\/wp\/v2\/types\/page"}],"replies":[{"embeddable":true,"href":"https:\/\/hoyre.no\/vestre-slidre\/wp-json\/wp\/v2\/comments?post=29"}],"version-history":[{"count":1,"href":"https:\/\/hoyre.no\/vestre-slidre\/wp-json\/wp\/v2\/pages\/29\/revisions"}],"predecessor-version":[{"id":31,"href":"https:\/\/hoyre.no\/vestre-slidre\/wp-json\/wp\/v2\/pages\/29\/revisions\/31"}],"wp:attachment":[{"href":"https:\/\/hoyre.no\/vestre-slidre\/wp-json\/wp\/v2\/media?parent=29"}],"curies":[{"name":"wp","href":"https:\/\/api.w.org\/{rel}","templated":true}]}}