{"id":126,"date":"2023-06-11T13:02:23","date_gmt":"2023-06-11T11:02:23","guid":{"rendered":"https:\/\/hoyre.no\/vestre-toten\/?page_id=126"},"modified":"2025-01-17T15:25:15","modified_gmt":"2025-01-17T14:25:15","slug":"vestre-toten-hoyre-vil","status":"publish","type":"page","link":"https:\/\/hoyre.no\/vestre-toten\/vestre-toten-hoyre-vil\/","title":{"rendered":"Vestre Toten H\u00f8yre vil:"},"content":{"rendered":"\n<div class=\"wp-block-hoyre-hero with-image-gradient text-color-light  alignfull has-background\"><div class=\"hoyre-hero \"><h1 class=\"title\">Vestre Toten H\u00f8yre vil:<\/h1><p class=\"preamble\"><strong>Vestre Toten kommune har v\u00e6rt styrt av AP i 100 \u00e5r i \u00e5r. N\u00e5 mener vi at det er tid for nye tanker og l\u00f8sninger p\u00e5 utfordringer kommunen st\u00e5r foran i framtida. <br><br>Vi m\u00e5 gi l\u00e6reren tid til \u00e5 v\u00e6re l\u00e6rer, vi skal v\u00e6re p\u00e5 lag med jobbskaperne. Eldre og syke skal m\u00f8te trygghet, trivsel og kvalitet i tjenestene og vi \u00f8nsker \u00e5 gi deg valgfrihet til beste for deg og dine. <br><br>Det er kvaliteten i tjenestene som betyr noe, ikke hvem som gir dem og med det skal vi gi mulighet for alle.<\/strong><\/p><\/div><\/div>\n\n\n\n<div class=\"wp-block-teft-factbox\"><div class=\"factbox-inner\"><div class=\"entry-content\"><h4 class=\"toggle\">I skolen<\/h4>\n<ul class=\"wp-block-list\">\n<li>Legge til rette for at flere l\u00e6rere f\u00e5r ta etter- og videreutdanning<\/li>\n\n\n\n<li>Styrke helsesykepleiertjenesten i skolen<\/li>\n\n\n\n<li>Gi mulighet for periodevis niv\u00e5tilpasset oppl\u00e6ring<\/li>\n\n\n\n<li>Beholde dagens skolestruktur<\/li>\n\n\n\n<li>Gi skolen og l\u00e6rerne mulighet til \u00e5 lage gode l\u00e6ringsmilj\u00f8er<\/li>\n\n\n\n<li>Definere foreldrerollen og styrke forholdet hjem\/skole<\/li>\n\n\n\n<li>Innf\u00f8re anonym retting p\u00e5 heldagspr\u00f8ver og tentamen<\/li>\n\n\n\n<li>Utrede mulighet for et 11. skole\u00e5r<\/li>\n<\/ul>\n<\/div><\/div><\/div>\n\n\n\n\n<div class=\"wp-block-teft-factbox\"><div class=\"factbox-inner\"><div class=\"entry-content\"><h4 class=\"toggle\">Skape mer og inkludere flere<\/h4>\n<ul class=\"wp-block-list\">\n<li>Jobbe p\u00e5 lag med arbeidsskaperne<\/li>\n\n\n\n<li>Gi mulighet for \u00e5 omdisponere bebygd areal i hele kommunen<\/li>\n\n\n\n<li>Tillate spredt boligutbygging og fradeling av boligtomt fra landbrukseiendommer.<\/li>\n\n\n\n<li>Minimalisere eiendomsskatten, og p\u00e5 sikt fjerne den<\/li>\n\n\n\n<li>At flere nye jobber i kommunen skal g\u00e5 til personer med hull i CV-en.<\/li>\n\n\n\n<li>Opprette flere l\u00e6rlingeplasser i kommunen<\/li>\n\n\n\n<li>Konkurranseutsette ikke-lovp\u00e5lagte kommunale tjenester<\/li>\n<\/ul>\n<\/div><\/div><\/div>\n\n\n\n\n<div class=\"wp-block-teft-factbox\"><div class=\"factbox-inner\"><div class=\"entry-content\"><h4 class=\"toggle\">Helse og omsorg<\/h4>\n<ul class=\"wp-block-list\">\n<li>Sette brukeren i sentrum<\/li>\n\n\n\n<li>Fokusere p\u00e5 kvalitet i tjenesten, ikke hvem som gir dem<\/li>\n\n\n\n<li>Etablere transportordninger for hjemmeboende eldre<\/li>\n\n\n\n<li>Gj\u00f8re kommunen konkurransedyktig i kampen om fastleger<\/li>\n\n\n\n<li>Satse i enda st\u00f8rre grad p\u00e5 tidlig innsats og forebygging<\/li>\n\n\n\n<li>Jobbe for at Sykehuset Innlandet avd. Reinsvoll best\u00e5r, uavhengig av om det blir nytt hoved sykehus<\/li>\n<\/ul>\n<\/div><\/div><\/div>\n\n\n\n<div class=\"wp-block-teft-factbox\"><div class=\"factbox-inner\"><div class=\"entry-content\"><h4 class=\"toggle\">I idrett og kultur<\/h4>\n<ul class=\"wp-block-list\">\n<li>Opprettholde og utvikle aktivitetskontaktenes arbeid<\/li>\n\n\n\n<li>Legge til rette b\u00e5de for bredde og toppsatsing innen idrett og kultur<\/li>\n\n\n\n<li>Innf\u00f8re en gratis aktivitet til alle barn i kommunen<\/li>\n\n\n\n<li>Ta vare p\u00e5 ildsjelene innen idrett og kultur, uten disse forsvinner de gode milj\u00f8ene<\/li>\n\n\n\n<li>Sikre videref\u00f8ring av Raufoss gatelag som et lavterskeltilbud<\/li>\n<\/ul>\n<\/div><\/div><\/div>\n\n\n\n<div class=\"wp-block-teft-factbox\"><div class=\"factbox-inner\"><div class=\"entry-content\"><h4 class=\"toggle\">N\u00e6ringliv og samferdsel<\/h4>\n<ul class=\"wp-block-list\">\n<li>Gj\u00f8re kommunen enda mer attraktiv i kampen om ressurser og arbeidsplasser<\/li>\n\n\n\n<li>Effektivisere saksbehandling og tilrettelegging for nye bo- og arbeidsplasser<\/li>\n\n\n\n<li>V\u00e6re p\u00e5 lag med arbeidsskaperne og v\u00e6re en JA-kommune<\/li>\n\n\n\n<li>Aldri gi seg i kampen om helhetlig utbygging av rv. 4<\/li>\n\n\n\n<li>Binde tettstedene i sammen med Raufoss ved \u00e5 presse p\u00e5 for utbygging av gang og sykkelveier p\u00e5 fv. 246 B\u00f8verbru-Reinsvoll og rv. 4 mellom Eina og Bruflat<\/li>\n\n\n\n<li>St\u00f8tte utbygging av t\u00f8mmerterminal for lastebil og tog p\u00e5 Eina<\/li>\n\n\n\n<li>Legge til rette for og v\u00e6re en god samarbeidspartner for utvikling av Raufoss sentrum og v\u00e5re tettsteder<\/li>\n\n\n\n<li>\u00d8nsker et sterkt jordvern, men jordvernet m\u00e5 samtidig balanseres mot selvr\u00e5derett og viktige samfunnsbehov<\/li>\n<\/ul>\n<\/div><\/div><\/div>\n\n\n\n<div class=\"wp-block-teft-factbox\"><div class=\"factbox-inner\"><div class=\"entry-content\"><h4 class=\"toggle\">Klima og milj\u00f8<\/h4>\n<ul class=\"wp-block-list\">\n<li>V\u00e6re innovative og ta i bruk nye gr\u00f8nnere l\u00f8sninger der det er mulig<\/li>\n\n\n\n<li>Stimulere innbyggere og bedrifter til \u00e5 ta i bruk gr\u00f8nnere l\u00f8sninger<\/li>\n\n\n\n<li>Arbeide for bedre kollektivtilbud<\/li>\n\n\n\n<li>Stimulere til bruk av tre for nybygg og rehabilitering av kommunens bygg.<\/li>\n\n\n\n<li>Satse p\u00e5 utskifting til led belysning p\u00e5 kommunale veier, gang- og sykkelstier<\/li>\n\n\n\n<li>Redusere materiell- og matavfall i kommunen<\/li>\n\n\n\n<li>Arbeide for mest mulig kortreiste varer og tjenester<\/li>\n\n\n\n<li>Energi effektivisere og ta vare p\u00e5 kommunale bygg<\/li>\n\n\n\n<li>Ha solcelleanlegg p\u00e5 alle nye og rehabiliterte kommunale bygg<\/li>\n<\/ul>\n<\/div><\/div><\/div>\n\n\n\n<div class=\"wp-block-teft-factbox\"><div class=\"factbox-inner\"><div class=\"entry-content\"><h4 class=\"toggle\">\u00d8konomi<\/h4>\n<ul class=\"wp-block-list\">\n<li>Arbeide aktivt med \u00e5 f\u00e5 ned Vestre Toten kommunes l\u00e5negjeld<\/li>\n\n\n\n<li>Se p\u00e5 alternative l\u00f8sninger for \u00e5 skape mer inntekter og redusere kostnader<\/li>\n\n\n\n<li>Bruke pengene p\u00e5 en slik m\u00e5te at vi f\u00e5r best mulig utnyttelse av hver krone<\/li>\n<\/ul>\n<\/div><\/div><\/div>\n","protected":false},"excerpt":{"rendered":"","protected":false},"author":1,"featured_media":0,"parent":0,"menu_order":0,"comment_status":"closed","ping_status":"closed","template":"","meta":{"teft_cards_image_url":"","teft_cards_custom_pretitle":"","teft_cards_image_id":0,"teft_cards_image_focal_point_x":0,"teft_cards_image_focal_point_y":0,"teft_cards_title":"","teft_cards_excerpt":"","teft_show_chapters":false,"footnotes":""},"class_list":["post-126","page","type-page","status-publish","hentry"],"yoast_head":"<!-- This site is optimized with the Yoast SEO plugin v26.6 - https:\/\/yoast.com\/wordpress\/plugins\/seo\/ -->\n<title>Vestre Toten H\u00f8yre vil: - Vestre Toten H\u00f8yre<\/title>\n<meta name=\"robots\" content=\"index, follow, max-snippet:-1, max-image-preview:large, max-video-preview:-1\" \/>\n<link rel=\"canonical\" href=\"https:\/\/hoyre.no\/vestre-toten\/vestre-toten-hoyre-vil\/\" \/>\n<meta property=\"og:locale\" content=\"nb_NO\" \/>\n<meta property=\"og:type\" content=\"article\" \/>\n<meta property=\"og:title\" content=\"Vestre Toten H\u00f8yre vil: - Vestre Toten H\u00f8yre\" \/>\n<meta property=\"og:url\" content=\"https:\/\/hoyre.no\/vestre-toten\/vestre-toten-hoyre-vil\/\" \/>\n<meta property=\"og:site_name\" content=\"Vestre Toten H\u00f8yre\" \/>\n<meta property=\"article:modified_time\" content=\"2025-01-17T14:25:15+00:00\" \/>\n<meta property=\"og:image\" content=\"https:\/\/hoyre.no\/content\/uploads\/sites\/48\/2022\/11\/Hoyres-logo.png\" \/>\n\t<meta property=\"og:image:width\" content=\"1000\" \/>\n\t<meta property=\"og:image:height\" content=\"1000\" \/>\n\t<meta property=\"og:image:type\" content=\"image\/png\" \/>\n<meta name=\"twitter:card\" content=\"summary_large_image\" \/>\n<meta name=\"twitter:label1\" content=\"Ansl. lesetid\" \/>\n\t<meta name=\"twitter:data1\" content=\"4 minutter\" \/>\n<script type=\"application\/ld+json\" class=\"yoast-schema-graph\">{\"@context\":\"https:\/\/schema.org\",\"@graph\":[{\"@type\":\"WebPage\",\"@id\":\"https:\/\/hoyre.no\/vestre-toten\/vestre-toten-hoyre-vil\/\",\"url\":\"https:\/\/hoyre.no\/vestre-toten\/vestre-toten-hoyre-vil\/\",\"name\":\"Vestre Toten H\u00f8yre vil: - Vestre Toten H\u00f8yre\",\"isPartOf\":{\"@id\":\"https:\/\/hoyre.no\/vestre-toten\/#website\"},\"datePublished\":\"2023-06-11T11:02:23+00:00\",\"dateModified\":\"2025-01-17T14:25:15+00:00\",\"breadcrumb\":{\"@id\":\"https:\/\/hoyre.no\/vestre-toten\/vestre-toten-hoyre-vil\/#breadcrumb\"},\"inLanguage\":\"nb-NO\",\"potentialAction\":[{\"@type\":\"ReadAction\",\"target\":[\"https:\/\/hoyre.no\/vestre-toten\/vestre-toten-hoyre-vil\/\"]}]},{\"@type\":\"BreadcrumbList\",\"@id\":\"https:\/\/hoyre.no\/vestre-toten\/vestre-toten-hoyre-vil\/#breadcrumb\",\"itemListElement\":[{\"@type\":\"ListItem\",\"position\":1,\"name\":\"Til hoyre.no\",\"item\":\"https:\/\/hoyre.no\"},{\"@type\":\"ListItem\",\"position\":2,\"name\":\"Hjem\",\"item\":\"https:\/\/hoyre.no\/vestre-toten\/\"},{\"@type\":\"ListItem\",\"position\":3,\"name\":\"Vestre Toten H\u00f8yre vil:\"}]},{\"@type\":\"WebSite\",\"@id\":\"https:\/\/hoyre.no\/vestre-toten\/#website\",\"url\":\"https:\/\/hoyre.no\/vestre-toten\/\",\"name\":\"Vestre Toten H\u00f8yre\",\"description\":\"Bare enda et H\u00f8yres nettsteder-nettsted\",\"inLanguage\":\"nb-NO\"}]}<\/script>\n<!-- \/ Yoast SEO plugin. -->","yoast_head_json":{"title":"Vestre Toten H\u00f8yre vil: - Vestre Toten H\u00f8yre","robots":{"index":"index","follow":"follow","max-snippet":"max-snippet:-1","max-image-preview":"max-image-preview:large","max-video-preview":"max-video-preview:-1"},"canonical":"https:\/\/hoyre.no\/vestre-toten\/vestre-toten-hoyre-vil\/","og_locale":"nb_NO","og_type":"article","og_title":"Vestre Toten H\u00f8yre vil: - Vestre Toten H\u00f8yre","og_url":"https:\/\/hoyre.no\/vestre-toten\/vestre-toten-hoyre-vil\/","og_site_name":"Vestre Toten H\u00f8yre","article_modified_time":"2025-01-17T14:25:15+00:00","og_image":[{"width":1000,"height":1000,"url":"https:\/\/hoyre.no\/content\/uploads\/sites\/48\/2022\/11\/Hoyres-logo.png","type":"image\/png"}],"twitter_card":"summary_large_image","twitter_misc":{"Ansl. lesetid":"4 minutter"},"schema":{"@context":"https:\/\/schema.org","@graph":[{"@type":"WebPage","@id":"https:\/\/hoyre.no\/vestre-toten\/vestre-toten-hoyre-vil\/","url":"https:\/\/hoyre.no\/vestre-toten\/vestre-toten-hoyre-vil\/","name":"Vestre Toten H\u00f8yre vil: - Vestre Toten H\u00f8yre","isPartOf":{"@id":"https:\/\/hoyre.no\/vestre-toten\/#website"},"datePublished":"2023-06-11T11:02:23+00:00","dateModified":"2025-01-17T14:25:15+00:00","breadcrumb":{"@id":"https:\/\/hoyre.no\/vestre-toten\/vestre-toten-hoyre-vil\/#breadcrumb"},"inLanguage":"nb-NO","potentialAction":[{"@type":"ReadAction","target":["https:\/\/hoyre.no\/vestre-toten\/vestre-toten-hoyre-vil\/"]}]},{"@type":"BreadcrumbList","@id":"https:\/\/hoyre.no\/vestre-toten\/vestre-toten-hoyre-vil\/#breadcrumb","itemListElement":[{"@type":"ListItem","position":1,"name":"Til hoyre.no","item":"https:\/\/hoyre.no"},{"@type":"ListItem","position":2,"name":"Hjem","item":"https:\/\/hoyre.no\/vestre-toten\/"},{"@type":"ListItem","position":3,"name":"Vestre Toten H\u00f8yre vil:"}]},{"@type":"WebSite","@id":"https:\/\/hoyre.no\/vestre-toten\/#website","url":"https:\/\/hoyre.no\/vestre-toten\/","name":"Vestre Toten H\u00f8yre","description":"Bare enda et H\u00f8yres nettsteder-nettsted","inLanguage":"nb-NO"}]}},"distributor_meta":false,"distributor_terms":false,"distributor_media":false,"distributor_original_site_name":"Vestre Toten H\u00f8yre","distributor_original_site_url":"https:\/\/hoyre.no\/vestre-toten","push-errors":false,"_links":{"self":[{"href":"https:\/\/hoyre.no\/vestre-toten\/wp-json\/wp\/v2\/pages\/126","targetHints":{"allow":["GET"]}}],"collection":[{"href":"https:\/\/hoyre.no\/vestre-toten\/wp-json\/wp\/v2\/pages"}],"about":[{"href":"https:\/\/hoyre.no\/vestre-toten\/wp-json\/wp\/v2\/types\/page"}],"author":[{"embeddable":true,"href":"https:\/\/hoyre.no\/vestre-toten\/wp-json\/wp\/v2\/users\/1"}],"replies":[{"embeddable":true,"href":"https:\/\/hoyre.no\/vestre-toten\/wp-json\/wp\/v2\/comments?post=126"}],"version-history":[{"count":4,"href":"https:\/\/hoyre.no\/vestre-toten\/wp-json\/wp\/v2\/pages\/126\/revisions"}],"predecessor-version":[{"id":171,"href":"https:\/\/hoyre.no\/vestre-toten\/wp-json\/wp\/v2\/pages\/126\/revisions\/171"}],"wp:attachment":[{"href":"https:\/\/hoyre.no\/vestre-toten\/wp-json\/wp\/v2\/media?parent=126"}],"curies":[{"name":"wp","href":"https:\/\/api.w.org\/{rel}","templated":true}]}}